{"id":5232,"date":"2023-12-23T22:54:18","date_gmt":"2023-12-23T14:54:18","guid":{"rendered":"https:\/\/www.hginstrument.com\/?post_type=product&#038;p=5232"},"modified":"2023-12-23T22:56:26","modified_gmt":"2023-12-23T14:56:26","slug":"flow-meter-calibrator","status":"publish","type":"product","link":"https:\/\/www.hginstrument.com\/fr\/magnetic-flow-meter\/flow-meter-calibrator\/","title":{"rendered":"calibrateur de d\u00e9bitm\u00e8tre"},"content":{"rendered":"<p>This advanced device is designed to measure the quantity and velocity of liquid, gas, or steam as it passes through a pipe or duct. With its state-of-the-art technology and superior performance, flow meter calibrator offers precise and reliable measurements that help optimize processes and improve efficiency.<\/p>\n<p>One of the key features of flow meter calibrator is its high accuracy, with a margin of error of less than 1%. This makes it ideal for precise measurements and critical processes. Additionally, the device has a wide measurement range and can handle both low and high flow rates, making it suitable for a variety of industrial needs.<\/p>\n<p>Installation and maintenance of flow meter calibrator are quick and easy, thanks to its simple design and intuitive interface. With its reliable performance and cost-effective price, flow meter calibrator is an essential tool for any fluid measurement application. It is a trusted and preferred choice for customers worldwide and has a proven track record of delivering accurate<\/p>\n<p>&nbsp;<\/p>\n<table class=\"table table-bordered\">\n<tbody>\n<tr>\n<td><span style=\"vertical-align: inherit;\"><span style=\"vertical-align: inherit;\">Type\uff1a<\/span><\/span><\/td>\n<td><span style=\"vertical-align: inherit;\">calibrateur de d\u00e9bitm\u00e8tre<\/span><\/td>\n<td><span style=\"vertical-align: inherit;\"><span style=\"vertical-align: inherit;\">Signal de sortie\uff1a<\/span><\/span><\/td>\n<td><span style=\"vertical-align: inherit;\"><span style=\"vertical-align: inherit;\">4-14mA, fr\u00e9quence d'impulsion 2kHz (par d\u00e9faut), 5KHz (max)<\/span><\/span><\/td>\n<\/tr>\n<tr>\n<td><span style=\"vertical-align: inherit;\"><span style=\"vertical-align: inherit;\">Lieu d'origine\uff1a<\/span><\/span><\/td>\n<td><span style=\"vertical-align: inherit;\"><span style=\"vertical-align: inherit;\">Jiangsu\uff0cChina<\/span><\/span><\/td>\n<td><span style=\"vertical-align: inherit;\"><span style=\"vertical-align: inherit;\">Incorporer le type\uff1a<\/span><\/span><\/td>\n<td><span style=\"vertical-align: inherit;\"><span style=\"vertical-align: inherit;\">-10\u2103- +53\u2103<\/span><\/span><\/td>\n<\/tr>\n<tr>\n<td><span style=\"vertical-align: inherit;\"><span style=\"vertical-align: inherit;\">Garantie\uff1a<\/span><\/span><\/td>\n<td><span style=\"vertical-align: inherit;\"><span style=\"vertical-align: inherit;\">27 mois<\/span><\/span><\/td>\n<td><span style=\"vertical-align: inherit;\"><span style=\"vertical-align: inherit;\">Tension d'alimentation\uff1a<\/span><\/span><\/td>\n<td><span style=\"vertical-align: inherit;\"><span style=\"vertical-align: inherit;\">110\/220VAC (100-240VAC), 50Hz\/60Hz ; 24VDC\u00b110%<\/span><\/span><\/td>\n<\/tr>\n<tr>\n<td><span style=\"vertical-align: inherit;\"><span style=\"vertical-align: inherit;\">Soutien personnalis\u00e9\uff1a<\/span><\/span><\/td>\n<td><span style=\"vertical-align: inherit;\"><span style=\"vertical-align: inherit;\">OEM, ODM, OBM<\/span><\/span><\/td>\n<td><span style=\"vertical-align: inherit;\"><span style=\"vertical-align: inherit;\">Communication num\u00e9rique\uff1a<\/span><\/span><\/td>\n<td><span style=\"vertical-align: inherit;\"><span style=\"vertical-align: inherit;\">RS-485, supportant le protocole standard Mudbugs-RTU ; GPRS<\/span><\/span><\/td>\n<\/tr>\n<tr>\n<td><span style=\"vertical-align: inherit;\"><span style=\"vertical-align: inherit;\">Nom de marque\uff1a<\/span><\/span><\/td>\n<td><span style=\"vertical-align: inherit;\"><span style=\"vertical-align: inherit;\">GROUPE SUYI<\/span><\/span><\/td>\n<td><span style=\"vertical-align: inherit;\"><span style=\"vertical-align: inherit;\">Pression nominale\uff1a<\/span><\/span><\/td>\n<td><span style=\"vertical-align: inherit;\"><span style=\"vertical-align: inherit;\">1MPa (DN15-DN800), 1,6MPa(DN15-DN800), 2,5MPa(DN15-DN600)<\/span><\/span><\/td>\n<\/tr>\n<tr>\n<td><span style=\"vertical-align: inherit;\"><span style=\"vertical-align: inherit;\">Num\u00e9ro de mod\u00e8le\uff1a<\/span><\/span><\/td>\n<td><span style=\"vertical-align: inherit;\"><span style=\"vertical-align: inherit;\">autres<\/span><\/span><\/td>\n<td><span style=\"vertical-align: inherit;\"><span style=\"vertical-align: inherit;\">Capteur\uff1a<\/span><\/span><\/td>\n<td><span style=\"vertical-align: inherit;\"><span style=\"vertical-align: inherit;\">0\u2103- +80\u2103 ou -25\u2103- +120\u2103 ou +70\u2103- +250\u2103<\/span><\/span><\/td>\n<\/tr>\n<tr>\n<td><span style=\"vertical-align: inherit;\"><span style=\"vertical-align: inherit;\">Nom du produit\uff1a<\/span><\/span><\/td>\n<td><span style=\"vertical-align: inherit;\"><span style=\"vertical-align: inherit;\">D\u00e9bitm\u00e8tre \u00e9lectromagn\u00e9tique intelligent pour produits chimiques<\/span><\/span><\/td>\n<td><span style=\"vertical-align: inherit;\"><span style=\"vertical-align: inherit;\">D\u00e9tails de l'emballage\uff1a<\/span><\/span><\/td>\n<td><span style=\"vertical-align: inherit;\"><span style=\"vertical-align: inherit;\">1 jeu par paquet ou selon la demande du client<\/span><\/span><\/td>\n<\/tr>\n<tr>\n<td><span style=\"vertical-align: inherit;\"><span style=\"vertical-align: inherit;\">Diam\u00e8tre nominal\uff1a<\/span><\/span><\/td>\n<td><span style=\"vertical-align: inherit;\"><span style=\"vertical-align: inherit;\">3-2734mm<\/span><\/span><\/td>\n<td><span style=\"vertical-align: inherit;\"><span style=\"vertical-align: inherit;\">Capacit\u00e9 d'approvisionnement\uff1a<\/span><\/span><\/td>\n<td><span style=\"vertical-align: inherit;\"><span style=\"vertical-align: inherit;\">1602 Set\/Sets per Month<\/span><\/span><\/td>\n<\/tr>\n<tr>\n<td><span style=\"vertical-align: inherit;\"><span style=\"vertical-align: inherit;\">gamme de vitesses\uff1a<\/span><\/span><\/td>\n<td><span style=\"vertical-align: inherit;\"><span style=\"vertical-align: inherit;\">0-14m\/s<\/span><\/span><\/td>\n<td><span style=\"vertical-align: inherit;\"><span style=\"vertical-align: inherit;\">Quantit\u00e9 (jeux)\uff1a<\/span><\/span><\/td>\n<td><span style=\"vertical-align: inherit;\"><span style=\"vertical-align: inherit;\">&gt; 30<\/span><\/span><\/td>\n<\/tr>\n<tr>\n<td><span style=\"vertical-align: inherit;\"><span style=\"vertical-align: inherit;\">Degr\u00e9 de pr\u00e9cision\uff1a<\/span><\/span><\/td>\n<td><span style=\"vertical-align: inherit;\"><span style=\"vertical-align: inherit;\">\u00b10,5%R, \u00b11%R ( &lt; DN20)<\/span><\/span><\/td>\n<td><span style=\"vertical-align: inherit;\"><span style=\"vertical-align: inherit;\">D\u00e9lai d'ex\u00e9cution (jours)\uff1a<\/span><\/span><\/td>\n<td><span style=\"vertical-align: inherit;\"><span style=\"vertical-align: inherit;\">A n\u00e9gocier<\/span><\/span><\/td>\n<\/tr>\n<\/tbody>\n<\/table>\n<p>&nbsp;<\/p>\n<p><strong><\/strong><\/p>\n<p style=\"text-align:center;\"><img src=\"https:\/\/www.hginstrument.com\/wp-content\/uploads\/2021\/07\/in-line-pipeline-type-hgd-electromagnetic-flow-meter.jpg\" atl=\"flow meter calibrator\" title=\"calibrateur de d\u00e9bitm\u00e8tre\"><\/p>\n<p><strong><\/strong><\/p>\n<p style=\"text-align:center;\"><img src=\"https:\/\/www.hginstrument.com\/wp-content\/uploads\/2021\/07\/insertion-01.jpg\" atl=\"flow meter calibrator\" title=\"calibrateur de d\u00e9bitm\u00e8tre\"><\/p>\n<p><strong><\/strong><\/p>\n<p style=\"text-align:center;\"><img src=\"https:\/\/www.hginstrument.com\/wp-content\/uploads\/2021\/07\/sanitary-mag-1.jpg\" atl=\"flow meter calibrator\" title=\"calibrateur de d\u00e9bitm\u00e8tre\"><\/p>\n<p><strong>flow meter calibrator FAQs Guide.<\/p>\n<p>At the heart of our flow meter calibrator series lies a commitment to excellence, blending advanced sensor technology with user-friendly interfaces. From liquid to gas, our meters deliver unparalleled accuracy, empowering you to make informed decisions and streamline operations. As we usher in a new era of fluid measurement, we invite you to explore the limitless possibilities that our flow meter calibrators unlock \u2013 where precision meets performance, and innovation flows seamlessly.<\/strong><\/p>\n<div style=\"border:3px solid #f89900;margin:20px 0;padding:20px;\"><a href=\"\/fr\/flow-meter-calibrator\/#01\">1.About the development history of flow meter calibrator factory<\/a><br \/><a href=\"\/fr\/flow-meter-calibrator\/#02\">2.About flow meter calibrator payment method<\/a><br \/><a href=\"\/fr\/flow-meter-calibrator\/#03\">3.What is the difference between flow meter calibrator SUYI group vs flow meter calibrator Endress+Hauser vs flow meter calibrator KROHNE<\/a><br \/><a href=\"\/fr\/flow-meter-calibrator\/#04\">4.About flow meter calibrator customization services<\/a><br \/><a href=\"\/fr\/flow-meter-calibrator\/#05\">5.What is the difference between flow meter calibrator SUYI group vs flow meter calibrator Siemens vs flow meter calibrator GE<\/a><br \/><a href=\"\/fr\/flow-meter-calibrator\/#06\">6.What is the format of the flow meter calibrator\u2019s output signal?<\/a><br \/><a href=\"\/fr\/flow-meter-calibrator\/#07\">7.About flow meter calibrator origin<\/a><br \/><a href=\"\/fr\/flow-meter-calibrator\/#08\">8.What is the measuring range of flow meter calibrator?<\/a><br \/><a href=\"\/fr\/flow-meter-calibrator\/#09\">9.About flow meter calibrator MOQ<\/a><br \/><a href=\"\/fr\/flow-meter-calibrator\/#010\">10.Is the measuring unit of the flow meter calibrator replaceable?<\/a><br \/><a href=\"\/fr\/flow-meter-calibrator\/#11\">11.About flow meter calibrator technology<\/a><br \/><a href=\"\/fr\/flow-meter-calibrator\/#12\">12.About flow meter calibrator overseas warehouse<\/a><br \/><a href=\"\/fr\/flow-meter-calibrator\/#13\">13.How does the flow meter calibrator detect the properties of the target fluid?<\/a><\/div>\n<div name=\"01\" id=\"01\">\n<p><strong>1.About the development history of flow meter calibrator factory<\/strong><\/p>\n<p>L'usine de d\u00e9bitm\u00e8tres a \u00e9t\u00e9 cr\u00e9\u00e9e au d\u00e9but des ann\u00e9es 1990. Elle a \u00e9t\u00e9 fond\u00e9e par un groupe d'ing\u00e9nieurs et de techniciens qui poss\u00e9daient une vaste exp\u00e9rience dans la conception et la fabrication de d\u00e9bitm\u00e8tres. La soci\u00e9t\u00e9 s'est d'abord concentr\u00e9e sur la production de d\u00e9bitm\u00e8tres m\u00e9caniques, mais elle a rapidement \u00e9largi sa gamme de produits pour y inclure les d\u00e9bitm\u00e8tres \u00e9lectroniques. Au fil des ans, l'entreprise a d\u00e9velopp\u00e9 une large gamme de d\u00e9bitm\u00e8tres pour diverses applications, notamment industrielles, commerciales et r\u00e9sidentielles. Elle a \u00e9galement mis au point une gamme de solutions logicielles et mat\u00e9rielles pour la mesure et le contr\u00f4le des d\u00e9bits. Aujourd'hui, l'entreprise est l'un des principaux fabricants de d\u00e9bitm\u00e8tres et de produits connexes, et elle est reconnue comme un leader dans l'industrie.<\/p>\n<\/div>\n<div name=\"02\" id=\"02\">\n<p><strong>2.About flow meter calibrator payment method<\/strong><\/p>\n<p>Le paiement par d\u00e9bitm\u00e8tre est une m\u00e9thode de paiement qui utilise un d\u00e9bitm\u00e8tre pour mesurer la quantit\u00e9 d'\u00e9nergie utilis\u00e9e par un client. Le client paie l'\u00e9nergie utilis\u00e9e en fonction de la quantit\u00e9 d'\u00e9nergie mesur\u00e9e par le d\u00e9bitm\u00e8tre. Cette m\u00e9thode de paiement est souvent utilis\u00e9e dans les milieux commerciaux et industriels, o\u00f9 la consommation d'\u00e9nergie est \u00e9lev\u00e9e et doit \u00eatre suivie avec pr\u00e9cision. Le paiement par d\u00e9bitm\u00e8tre est \u00e9galement utilis\u00e9 dans certains contextes r\u00e9sidentiels, o\u00f9 les clients peuvent payer leur consommation d'\u00e9nergie en fonction de la quantit\u00e9 d'\u00e9nergie qu'ils utilisent.<\/p>\n<p><img src=\"https:\/\/www.hginstrument.com\/wp-content\/uploads\/2021\/07\/in-line-pipeline-type-hgd-electromagnetic-flow-meter.jpg\" alt=\"About flow meter calibrator payment method\" title=\"About flow meter calibrator payment method\" style=\"max-width: 100%;\"><\/div>\n<div name=\"03\" id=\"03\">\n<p><strong>3.What is the difference between flow meter calibrator SUYI group vs flow meter calibrator Endress+Hauser vs flow meter calibrator KROHNE<\/strong><\/p>\n<p>Les d\u00e9bitm\u00e8tres du groupe SUYI, d'Endress+Hauser et de KROHNE mesurent tous le d\u00e9bit d'un liquide ou d'un gaz. Cependant, chaque fabricant propose diff\u00e9rents types de d\u00e9bitm\u00e8tres avec des caract\u00e9ristiques et des capacit\u00e9s diff\u00e9rentes. <\/p>\n<p>Le groupe SUYI propose une grande vari\u00e9t\u00e9 de d\u00e9bitm\u00e8tres, notamment des d\u00e9bitm\u00e8tres \u00e9lectromagn\u00e9tiques, \u00e0 ultrasons et \u00e0 vortex. Ces d\u00e9bitm\u00e8tres sont con\u00e7us pour une large gamme d'applications, y compris l'eau, le p\u00e9trole et le gaz.<\/p>\n<p>Endress+Hauser propose une gamme de d\u00e9bitm\u00e8tres, notamment des d\u00e9bitm\u00e8tres Coriolis, \u00e0 vortex et \u00e0 ultrasons. Ces compteurs sont con\u00e7us pour une vari\u00e9t\u00e9 d'applications, y compris l'eau, le p\u00e9trole et le gaz.<\/p>\n<p>KROHNE propose une gamme de d\u00e9bitm\u00e8tres, notamment des d\u00e9bitm\u00e8tres Coriolis, \u00e0 vortex et \u00e0 ultrasons. Ces compteurs sont con\u00e7us pour une vari\u00e9t\u00e9 d'applications, y compris l'eau, le p\u00e9trole et le gaz. KROHNE propose \u00e9galement une gamme de d\u00e9bitm\u00e8tres sp\u00e9cialis\u00e9s, tels que l'OPTIFLUX et l'OPTISWIRL, qui sont con\u00e7us pour des applications sp\u00e9cifiques.<\/p>\n<\/div>\n<div name=\"04\" id=\"04\">\n<p><strong>4.About flow meter calibrator customization services<\/strong><\/p>\n<p>Les services de personnalisation des d\u00e9bitm\u00e8tres sont con\u00e7us pour fournir aux clients une solution sur mesure \u00e0 leurs besoins sp\u00e9cifiques en mati\u00e8re de mesure de d\u00e9bit. Ces services peuvent inclure la personnalisation du d\u00e9bitm\u00e8tre pour l'adapter \u00e0 une application particuli\u00e8re, telle qu'une taille de tuyau ou un d\u00e9bit sp\u00e9cifique, ou pour r\u00e9pondre \u00e0 une certaine exigence de pr\u00e9cision. Les services de personnalisation peuvent \u00e9galement inclure la modification du d\u00e9bitm\u00e8tre pour y inclure des caract\u00e9ristiques suppl\u00e9mentaires, telles qu'un \u00e9cran ou des capacit\u00e9s d'enregistrement de donn\u00e9es. Les services de personnalisation des d\u00e9bitm\u00e8tres peuvent \u00e9galement comprendre l'installation du d\u00e9bitm\u00e8tre, ainsi que la fourniture d'une assistance technique et d'une maintenance.<\/p>\n<p><img src=\"https:\/\/www.hginstrument.com\/wp-content\/uploads\/2021\/07\/insertion-01.jpg\" alt=\"About flow meter calibrator customization services\" title=\"About flow meter calibrator customization services\" style=\"max-width: 100%;\"><\/div>\n<div name=\"05\" id=\"05\">\n<p><strong>5.What is the difference between flow meter calibrator SUYI group vs flow meter calibrator Siemens vs flow meter calibrator GE<\/strong><\/p>\n<p>Les d\u00e9bitm\u00e8tres du groupe SUYI sont g\u00e9n\u00e9ralement utilis\u00e9s pour mesurer le d\u00e9bit de liquides, de gaz et de vapeur. Ils sont con\u00e7us pour \u00eatre pr\u00e9cis, fiables et faciles \u00e0 installer et \u00e0 entretenir. Les d\u00e9bitm\u00e8tres SUYI sont disponibles dans une vari\u00e9t\u00e9 de tailles et de mat\u00e9riaux, et peuvent \u00eatre utilis\u00e9s dans une vari\u00e9t\u00e9 d'applications.<\/p>\n<p>Les d\u00e9bitm\u00e8tres de Siemens sont con\u00e7us pour mesurer le d\u00e9bit de liquides, de gaz et de vapeur. Ils sont con\u00e7us pour \u00eatre pr\u00e9cis, fiables et faciles \u00e0 installer et \u00e0 entretenir. Les d\u00e9bitm\u00e8tres Siemens sont disponibles dans une grande vari\u00e9t\u00e9 de tailles et de mat\u00e9riaux, et peuvent \u00eatre utilis\u00e9s dans une grande vari\u00e9t\u00e9 d'applications.<\/p>\n<p>Les d\u00e9bitm\u00e8tres de GE sont con\u00e7us pour mesurer le d\u00e9bit des liquides, des gaz et de la vapeur. Ils sont con\u00e7us pour \u00eatre pr\u00e9cis, fiables et faciles \u00e0 installer et \u00e0 entretenir. Les d\u00e9bitm\u00e8tres GE sont disponibles dans une vari\u00e9t\u00e9 de tailles et de mat\u00e9riaux, et peuvent \u00eatre utilis\u00e9s dans une vari\u00e9t\u00e9 d'applications. Ils offrent \u00e9galement une large gamme de caract\u00e9ristiques, telles que des affichages num\u00e9riques, des alarmes et des capacit\u00e9s d'enregistrement de donn\u00e9es.<\/p>\n<\/div>\n<div name=\"06\" id=\"06\">\n<p><strong>6.What is the format of the flow meter calibrator\u2019s output signal?<\/strong><\/p>\n<p>We continuously upgrade our skills and knowledge to adapt to changing flow meter calibrator market needs.<br \/>\nLe format du signal de sortie du d\u00e9bitm\u00e8tre d\u00e9pend du type de d\u00e9bitm\u00e8tre utilis\u00e9. Les formats de signaux de sortie les plus courants sont l'impulsion, la fr\u00e9quence, la tension et le courant.<\/p>\n<p><img src=\"https:\/\/www.hginstrument.com\/wp-content\/uploads\/2021\/07\/ltb-1.jpg\" alt=\"What is the format of the flow meter calibrator\u2019s output signal?\" title=\"What is the format of the flow meter calibrator\u2019s output signal?\" style=\"max-width: 100%;\"><\/div>\n<div name=\"07\" id=\"07\">\n<p><strong>7.About flow meter calibrator origin<\/strong><\/p>\n<p>Le premier d\u00e9bitm\u00e8tre a \u00e9t\u00e9 invent\u00e9 en 1832 par un Anglais nomm\u00e9 William Henry. Il a mis au point un appareil utilisant un flotteur pour mesurer le d\u00e9bit d'eau dans un tuyau. Cet appareil \u00e9tait le premier de son genre et le pr\u00e9curseur des d\u00e9bitm\u00e8tres modernes. Depuis lors, les d\u00e9bitm\u00e8tres ont \u00e9t\u00e9 utilis\u00e9s dans diverses industries pour mesurer le d\u00e9bit de liquides, de gaz et d'autres mat\u00e9riaux. Aujourd'hui, les d\u00e9bitm\u00e8tres sont utilis\u00e9s dans diverses applications, de la mesure du d\u00e9bit d'eau dans une canalisation \u00e0 la mesure du d\u00e9bit de p\u00e9trole dans une raffinerie.<\/p>\n<\/div>\n<div name=\"08\" id=\"08\">\n<p><strong>8.What is the measuring range of flow meter calibrator?<\/strong><\/p>\n<p>We continuously upgrade our skills and knowledge to adapt to changing flow meter calibrator market needs.<br \/>\nLa plage de mesure d'un d\u00e9bitm\u00e8tre d\u00e9pend du type de d\u00e9bitm\u00e8tre utilis\u00e9. En g\u00e9n\u00e9ral, la plage de mesure d'un d\u00e9bitm\u00e8tre peut aller de 0,01 \u00e0 1000 litres par minute.<\/p>\n<p><img src=\"https:\/\/www.hginstrument.com\/wp-content\/uploads\/2021\/07\/hls-2000h-m2.jpg\" alt=\"What is the measuring range of flow meter calibrator?\" title=\"What is the measuring range of flow meter calibrator?\" style=\"max-width: 100%;\"><\/div>\n<div name=\"09\" id=\"09\">\n<p><strong>9.About flow meter calibrator MOQ<\/strong><\/p>\n<p>La quantit\u00e9 minimale de commande (QMC) d'un d\u00e9bitm\u00e8tre d\u00e9pend du type de d\u00e9bitm\u00e8tre et du fabricant. En g\u00e9n\u00e9ral, la QMo pour un d\u00e9bitm\u00e8tre se situe entre 1 et 10 unit\u00e9s, mais elle peut varier en fonction du fabricant et du type de d\u00e9bitm\u00e8tre.<\/p>\n<\/div>\n<div name=\"010\" id=\"010\">\n<p><strong>10.Is the measuring unit of the flow meter calibrator replaceable?<\/strong><\/p>\n<p>As one of the top flow meter calibrator manufacturers in China, we take this very seriously.<br \/>\nOui, l'unit\u00e9 de mesure d'un d\u00e9bitm\u00e8tre est rempla\u00e7able.<\/p>\n<p><img src=\"https:\/\/www.hginstrument.com\/wp-content\/uploads\/2021\/07\/v-cone-5.jpg\" alt=\"Is the measuring unit of the flow meter calibrator replaceable?\" title=\"Is the measuring unit of the flow meter calibrator replaceable?\" style=\"max-width: 100%;\"><\/div>\n<div name=\"11\" id=\"11\">\n<p><strong>11.About flow meter calibrator technology<\/strong><\/p>\n<p>La technologie des d\u00e9bitm\u00e8tres est un type de technologie de mesure utilis\u00e9 pour mesurer le d\u00e9bit d'un fluide ou d'un gaz. Elle est utilis\u00e9e dans une vari\u00e9t\u00e9 d'industries, y compris le p\u00e9trole et le gaz, l'eau et les eaux us\u00e9es, et le traitement chimique. Les d\u00e9bitm\u00e8tres mesurent le d\u00e9bit d'un fluide ou d'un gaz en mesurant la pression, la vitesse ou d'autres propri\u00e9t\u00e9s physiques du fluide ou du gaz. Les d\u00e9bitm\u00e8tres peuvent \u00eatre utilis\u00e9s pour mesurer le d\u00e9bit de liquides, de gaz et de vapeur. Ils sont utilis\u00e9s pour mesurer le d\u00e9bit d'une vari\u00e9t\u00e9 de fluides, y compris l'eau, l'huile et les produits chimiques. Les d\u00e9bitm\u00e8tres sont utilis\u00e9s dans diverses applications, notamment pour le contr\u00f4le des processus, la gestion de l'\u00e9nergie et la surveillance de la s\u00e9curit\u00e9.<\/p>\n<\/div>\n<div name=\"12\" id=\"12\">\n<p><strong>12.About flow meter calibrator overseas warehouse<\/strong><\/p>\n<p>Les entrep\u00f4ts de d\u00e9bitm\u00e8tres \u00e0 l'\u00e9tranger sont des entrep\u00f4ts situ\u00e9s dans des pays \u00e9trangers qui stockent des d\u00e9bitm\u00e8tres et des produits connexes. Ces entrep\u00f4ts sont utilis\u00e9s pour stocker et distribuer des d\u00e9bitm\u00e8tres \u00e0 des clients dans diff\u00e9rents pays. Ils sont g\u00e9n\u00e9ralement situ\u00e9s dans des pays o\u00f9 la demande de d\u00e9bitm\u00e8tres est importante, comme les \u00c9tats-Unis, le Canada et l'Europe. Les entrep\u00f4ts sont g\u00e9n\u00e9ralement d\u00e9tenus et g\u00e9r\u00e9s par le fabricant des d\u00e9bitm\u00e8tres ou par un prestataire logistique tiers. Les entrep\u00f4ts contiennent g\u00e9n\u00e9ralement une grande vari\u00e9t\u00e9 de d\u00e9bitm\u00e8tres, y compris des d\u00e9bitm\u00e8tres num\u00e9riques, analogiques et \u00e0 ultrasons. Ils stockent \u00e9galement des pi\u00e8ces de rechange et des accessoires pour les d\u00e9bitm\u00e8tres.<\/p>\n<p><img src=\"https:\/\/www.hginstrument.com\/wp-content\/uploads\/2021\/07\/hls-2000uf-1.jpg\" alt=\"About flow meter calibrator overseas warehouse\" title=\"About flow meter calibrator overseas warehouse\" style=\"max-width: 100%;\"><\/div>\n<div name=\"13\" id=\"13\">\n<p><strong>13.How does the flow meter calibrator detect the properties of the target fluid?<\/strong><\/p>\n<p>As one of the flow meter calibrator market leaders, we are known for innovation and reliability.<br \/>\nLes d\u00e9bitm\u00e8tres mesurent le d\u00e9bit d'un fluide en d\u00e9tectant sa vitesse. Pour ce faire, on mesure g\u00e9n\u00e9ralement la chute de pression \u00e0 travers une restriction connue dans la voie d'\u00e9coulement, ou on mesure la vitesse du fluide \u00e0 l'aide d'une vari\u00e9t\u00e9 de technologies telles que les ultrasons, la magn\u00e9toscopie ou la thermographie. Le d\u00e9bit peut ensuite \u00eatre utilis\u00e9 pour calculer les propri\u00e9t\u00e9s du fluide, telles que la densit\u00e9, la viscosit\u00e9 et le d\u00e9bit volum\u00e9trique.<\/p>\n<\/div>\n<p>Tag\uff1a<a href=\"\/fr\/magnetic-flow-meter\/digital-flow-meter-for-hydraulic-oil\/\">d\u00e9bitm\u00e8tre num\u00e9rique pour l'huile hydraulique<\/a>,<a href=\"\/fr\/magnetic-flow-meter\/insertion-vortex-flow-meter\/\">d\u00e9bitm\u00e8tre \u00e0 vortex \u00e0 insertion<\/a>,<a href=\"\/fr\/magnetic-flow-meter\/best-flow-meter\/\">meilleur d\u00e9bitm\u00e8tre<\/a>,<a href=\"\/fr\/magnetic-flow-meter\/raven-flow-meter-calibration\/\">\u00e9talonnage des d\u00e9bitm\u00e8tres raven<\/a>,<a href=\"\/fr\/magnetic-flow-meter\/flow-meter-with-valve\/\">d\u00e9bitm\u00e8tre avec vanne<\/a><\/p>\n<p><\/p>","protected":false},"excerpt":{"rendered":"<p><strong>Donn\u00e9es techniques<\/strong><br \/>\nPeut \u00eatre utilis\u00e9 pour les fluides liquides ou gazeux, g\u00e9n\u00e9ralement pour mesurer le d\u00e9bit de la vapeur, de la vapeur, de l'air et du gaz naturel.<br \/>\nTaille du compteur : Type en ligne : DN25 - DN300<br \/>\nOption de mat\u00e9riau en contact avec le liquide : SS304, SS316<br \/>\nTemp\u00e9rature de fonctionnement : \u2264250\u2103<br \/>\nRaccordement au processus : Wafer \/ Bride \/ Tri-clamp pour le type en ligne<br \/>\nPr\u00e9cision de mesure : 1,0 % - 1,5% de la plage d'\u00e9talonnage<br \/>\nIndicateur num\u00e9rique : affichage du d\u00e9bit instantan\u00e9, du d\u00e9bit total<br \/>\nAlimentation : 24VDC, Sortie : 4-20mA<\/p>\n<p><strong>caract\u00e9ristiques<\/strong><br \/>\n1. points de consigne ON\/OFF r\u00e9glables<br \/>\n2. mode d'alarme de d\u00e9bit Hi ou Lo<br \/>\n3. d\u00e9lai r\u00e9glable<br \/>\n4. LED d'\u00e9tat du relais<\/p>","protected":false},"featured_media":3691,"comment_status":"closed","ping_status":"closed","template":"","meta":[],"product_cat":[2372],"product_tag":[],"acf":[],"_links":{"self":[{"href":"https:\/\/www.hginstrument.com\/fr\/wp-json\/wp\/v2\/product\/5232"}],"collection":[{"href":"https:\/\/www.hginstrument.com\/fr\/wp-json\/wp\/v2\/product"}],"about":[{"href":"https:\/\/www.hginstrument.com\/fr\/wp-json\/wp\/v2\/types\/product"}],"replies":[{"embeddable":true,"href":"https:\/\/www.hginstrument.com\/fr\/wp-json\/wp\/v2\/comments?post=5232"}],"wp:featuredmedia":[{"embeddable":true,"href":"https:\/\/www.hginstrument.com\/fr\/wp-json\/wp\/v2\/media\/3691"}],"wp:attachment":[{"href":"https:\/\/www.hginstrument.com\/fr\/wp-json\/wp\/v2\/media?parent=5232"}],"wp:term":[{"taxonomy":"product_cat","embeddable":true,"href":"https:\/\/www.hginstrument.com\/fr\/wp-json\/wp\/v2\/product_cat?post=5232"},{"taxonomy":"product_tag","embeddable":true,"href":"https:\/\/www.hginstrument.com\/fr\/wp-json\/wp\/v2\/product_tag?post=5232"}],"curies":[{"name":"wp","href":"https:\/\/api.w.org\/{rel}","templated":true}]}}