{"id":5248,"date":"2023-12-23T23:28:34","date_gmt":"2023-12-23T15:28:34","guid":{"rendered":"https:\/\/www.hginstrument.com\/?post_type=product&#038;p=5248"},"modified":"2024-01-03T14:17:56","modified_gmt":"2024-01-03T06:17:56","slug":"flow-meter-for-gas","status":"publish","type":"product","link":"https:\/\/www.hginstrument.com\/fr\/magnetic-flow-meter\/flow-meter-for-gas\/","title":{"rendered":"flow meter for gas"},"content":{"rendered":"<p>This cutting-edge product combines accuracy, durability, and efficiency to provide the ultimate solution for all your flow meter for gasing needs. Designed with advanced features and state-of-the-art materials, flow meter for gas guarantees precise and reliable flow measurements for a wide range of liquids. Its intuitive interface and compact design make it user-friendly and easy to install in any industrial or commercial setting.<\/p>\n<p>flow meter for gas is a precision instrument designed to measure the flow of liquid or gas in a pipe. It is an important tool in oil and gas, chemical, Municipal water and sewer management, water treatment and many other industries.<\/p>\n<p>With its advanced technology and high accuracy, flow meter for gas offers users the ability to monitor and control the flow of their processes with precision and efficiency. With its durable construction, it can withstand harsh operating conditions and provide long-term reliability.<\/p>\n<table class=\"table table-bordered\">\n<tbody>\n<tr>\n<td><span style=\"vertical-align: inherit;\"><span style=\"vertical-align: inherit;\">Type\uff1a<\/span><\/span><\/td>\n<td><span style=\"vertical-align: inherit;\">flow meter for gas<\/span><\/td>\n<td><span style=\"vertical-align: inherit;\"><span style=\"vertical-align: inherit;\">Signal de sortie\uff1a<\/span><\/span><\/td>\n<td><span style=\"vertical-align: inherit;\"><span style=\"vertical-align: inherit;\">4-20 mA, impulsion\/fr\u00e9quence 2 kHz (par d\u00e9faut), 5 kHz (max)<\/span><\/span><\/td>\n<\/tr>\n<tr>\n<td><span style=\"vertical-align: inherit;\"><span style=\"vertical-align: inherit;\">Lieu d'origine\uff1a<\/span><\/span><\/td>\n<td><span style=\"vertical-align: inherit;\"><span style=\"vertical-align: inherit;\">Jiangsu\uff0cChina<\/span><\/span><\/td>\n<td><span style=\"vertical-align: inherit;\"><span style=\"vertical-align: inherit;\">Incorporer le type\uff1a<\/span><\/span><\/td>\n<td><span style=\"vertical-align: inherit;\"><span style=\"vertical-align: inherit;\">-10\u2103- +56\u2103<\/span><\/span><\/td>\n<\/tr>\n<tr>\n<td><span style=\"vertical-align: inherit;\"><span style=\"vertical-align: inherit;\">Garantie\uff1a<\/span><\/span><\/td>\n<td><span style=\"vertical-align: inherit;\"><span style=\"vertical-align: inherit;\">23 mois<\/span><\/span><\/td>\n<td><span style=\"vertical-align: inherit;\"><span style=\"vertical-align: inherit;\">Tension d'alimentation\uff1a<\/span><\/span><\/td>\n<td><span style=\"vertical-align: inherit;\"><span style=\"vertical-align: inherit;\">110\/220VAC (100-240VAC), 50Hz\/60Hz ; 24VDC\u00b110%<\/span><\/span><\/td>\n<\/tr>\n<tr>\n<td><span style=\"vertical-align: inherit;\"><span style=\"vertical-align: inherit;\">Soutien personnalis\u00e9\uff1a<\/span><\/span><\/td>\n<td><span style=\"vertical-align: inherit;\"><span style=\"vertical-align: inherit;\">OEM, ODM, OBM<\/span><\/span><\/td>\n<td><span style=\"vertical-align: inherit;\"><span style=\"vertical-align: inherit;\">Communication num\u00e9rique\uff1a<\/span><\/span><\/td>\n<td><span style=\"vertical-align: inherit;\"><span style=\"vertical-align: inherit;\">RS-485, supportant le protocole standard Mudbugs-RTU ; GPRS<\/span><\/span><\/td>\n<\/tr>\n<tr>\n<td><span style=\"vertical-align: inherit;\"><span style=\"vertical-align: inherit;\">Nom de marque\uff1a<\/span><\/span><\/td>\n<td><span style=\"vertical-align: inherit;\"><span style=\"vertical-align: inherit;\">GROUPE SUYI<\/span><\/span><\/td>\n<td><span style=\"vertical-align: inherit;\"><span style=\"vertical-align: inherit;\">Pression nominale\uff1a<\/span><\/span><\/td>\n<td><span style=\"vertical-align: inherit;\"><span style=\"vertical-align: inherit;\">1MPa (DN15-DN800), 1,6MPa(DN15-DN800), 2,5MPa(DN15-DN600)<\/span><\/span><\/td>\n<\/tr>\n<tr>\n<td><span style=\"vertical-align: inherit;\"><span style=\"vertical-align: inherit;\">Num\u00e9ro de mod\u00e8le\uff1a<\/span><\/span><\/td>\n<td><span style=\"vertical-align: inherit;\"><span style=\"vertical-align: inherit;\">autres<\/span><\/span><\/td>\n<td><span style=\"vertical-align: inherit;\"><span style=\"vertical-align: inherit;\">Capteur\uff1a<\/span><\/span><\/td>\n<td><span style=\"vertical-align: inherit;\"><span style=\"vertical-align: inherit;\">0\u2103- +80\u2103 ou -25\u2103- +120\u2103 ou +70\u2103- +250\u2103<\/span><\/span><\/td>\n<\/tr>\n<tr>\n<td><span style=\"vertical-align: inherit;\"><span style=\"vertical-align: inherit;\">Nom du produit\uff1a<\/span><\/span><\/td>\n<td><span style=\"vertical-align: inherit;\"><span style=\"vertical-align: inherit;\">D\u00e9bitm\u00e8tre \u00e9lectromagn\u00e9tique intelligent pour produits chimiques<\/span><\/span><\/td>\n<td><span style=\"vertical-align: inherit;\"><span style=\"vertical-align: inherit;\">D\u00e9tails de l'emballage\uff1a<\/span><\/span><\/td>\n<td><span style=\"vertical-align: inherit;\"><span style=\"vertical-align: inherit;\">1 jeu par paquet ou selon la demande du client<\/span><\/span><\/td>\n<\/tr>\n<tr>\n<td><span style=\"vertical-align: inherit;\"><span style=\"vertical-align: inherit;\">Diam\u00e8tre nominal\uff1a<\/span><\/span><\/td>\n<td><span style=\"vertical-align: inherit;\"><span style=\"vertical-align: inherit;\">3-2910mm<\/span><\/span><\/td>\n<td><span style=\"vertical-align: inherit;\"><span style=\"vertical-align: inherit;\">Capacit\u00e9 d'approvisionnement\uff1a<\/span><\/span><\/td>\n<td><span style=\"vertical-align: inherit;\"><span style=\"vertical-align: inherit;\">2086 Set\/Sets per Month<\/span><\/span><\/td>\n<\/tr>\n<tr>\n<td><span style=\"vertical-align: inherit;\"><span style=\"vertical-align: inherit;\">gamme de vitesses\uff1a<\/span><\/span><\/td>\n<td><span style=\"vertical-align: inherit;\"><span style=\"vertical-align: inherit;\">0-14m\/s<\/span><\/span><\/td>\n<td><span style=\"vertical-align: inherit;\"><span style=\"vertical-align: inherit;\">Quantit\u00e9 (jeux)\uff1a<\/span><\/span><\/td>\n<td><span style=\"vertical-align: inherit;\"><span style=\"vertical-align: inherit;\">&gt; 1<\/span><\/span><\/td>\n<\/tr>\n<tr>\n<td><span style=\"vertical-align: inherit;\"><span style=\"vertical-align: inherit;\">Degr\u00e9 de pr\u00e9cision\uff1a<\/span><\/span><\/td>\n<td><span style=\"vertical-align: inherit;\"><span style=\"vertical-align: inherit;\">\u00b10,5%R, \u00b11%R ( &lt; DN20)<\/span><\/span><\/td>\n<td><span style=\"vertical-align: inherit;\"><span style=\"vertical-align: inherit;\">D\u00e9lai d'ex\u00e9cution (jours)\uff1a<\/span><\/span><\/td>\n<td><span style=\"vertical-align: inherit;\"><span style=\"vertical-align: inherit;\">A n\u00e9gocier<\/span><\/span><\/td>\n<\/tr>\n<\/tbody>\n<\/table>\n<p>&nbsp;<\/p>\n<p>&nbsp;<\/p>\n<p style=\"text-align: center;\"><img title=\"flow meter for gas\" src=\"https:\/\/www.hginstrument.com\/wp-content\/uploads\/2021\/07\/in-line-pipeline-type-hgd-electromagnetic-flow-meter.jpg\" \/><\/p>\n<p>&nbsp;<\/p>\n<p>&nbsp;<\/p>\n<p style=\"text-align: center;\"><img title=\"flow meter for gas\" src=\"https:\/\/www.hginstrument.com\/wp-content\/uploads\/2021\/07\/insertion-01.jpg\" \/><\/p>\n<p>&nbsp;<\/p>\n<p>&nbsp;<\/p>\n<p style=\"text-align: center;\"><img title=\"flow meter for gas\" src=\"https:\/\/www.hginstrument.com\/wp-content\/uploads\/2021\/07\/sanitary-mag-1.jpg\" \/><\/p>\n<p><strong>flow meter for gas FAQs Guide.<\/strong><\/p>\n<p>At the heart of our flow meter for gas series lies a commitment to excellence, blending advanced sensor technology with user-friendly interfaces. From liquid to gas, our meters deliver unparalleled accuracy, empowering you to make informed decisions and streamline operations. As we usher in a new era of fluid measurement, we invite you to explore the limitless possibilities that our flow meter for gass unlock \u2013 where precision meets performance, and innovation flows seamlessly.<\/p>\n<div style=\"border: 3px solid #f89900; margin: 20px 0; padding: 20px;\"><a href=\"\/fr\/flow-meter-for-gas\/#01\">1.About flow meter for gas quality system<\/a><br \/>\n<a href=\"\/fr\/flow-meter-for-gas\/#02\">2.About flow meter for gas production skills training<\/a><br \/>\n<a href=\"\/fr\/flow-meter-for-gas\/#03\">3.About flow meter for gas delivery date<\/a><br \/>\n<a href=\"\/fr\/flow-meter-for-gas\/#04\">4.Is the flow meter for gas anti-corrosion?<\/a><br \/>\n<a href=\"\/fr\/flow-meter-for-gas\/#05\">5.What is the measuring range of flow meter for gas?<\/a><br \/>\n<a href=\"\/fr\/flow-meter-for-gas\/#06\">6.How to calibrate a flow meter for gas?<\/a><br \/>\n<a href=\"\/fr\/flow-meter-for-gas\/#07\">7.Is the measuring unit of the flow meter for gas replaceable?<\/a><br \/>\n<a href=\"\/fr\/flow-meter-for-gas\/#08\">8.About flow meter for gas patent<\/a><br \/>\n<a href=\"\/fr\/flow-meter-for-gas\/#09\">9.About flow meter for gas payment method<\/a><br \/>\n<a href=\"\/fr\/flow-meter-for-gas\/#010\">10.Does the flow meter for gas have remote control capabilities?<\/a><br \/>\n<a href=\"\/fr\/flow-meter-for-gas\/#11\">11.Does the flow meter for gas have data storage capabilities?<\/a><br \/>\n<a href=\"\/fr\/flow-meter-for-gas\/#12\">12.What are the common faults and solutions of flow meter for gass?<\/a><br \/>\n<a href=\"\/fr\/flow-meter-for-gas\/#13\">13.About flow meter for gas inventory<\/a><br \/>\n<a href=\"\/fr\/flow-meter-for-gas\/#14\">14.Does the flow meter for gas have a function to prevent misuse?<\/a><br \/>\n<a href=\"\/fr\/flow-meter-for-gas\/#15\">15.About flow meter for gas origin<\/a><br \/>\n<a href=\"\/fr\/flow-meter-for-gas\/#16\">16.What are the characteristics of flow meter for gas?<\/a><\/div>\n<div id=\"01\">\n<p><strong>1.About flow meter for gas quality system<\/strong><\/p>\n<p>Un syst\u00e8me de qualit\u00e9 pour les d\u00e9bitm\u00e8tres est un ensemble de processus et de proc\u00e9dures utilis\u00e9s pour garantir que les d\u00e9bitm\u00e8tres sont fabriqu\u00e9s et test\u00e9s de mani\u00e8re \u00e0 r\u00e9pondre aux normes les plus strictes en mati\u00e8re de pr\u00e9cision et de fiabilit\u00e9. Le syst\u00e8me comprend des mesures de contr\u00f4le de la qualit\u00e9 telles que l'inspection des mat\u00e9riaux entrants, l'inspection en cours de fabrication et l'essai du produit final. Il comprend \u00e9galement la documentation et la tenue de registres afin de garantir que tous les processus sont respect\u00e9s et que tout probl\u00e8me est trait\u00e9 rapidement et efficacement. Le syst\u00e8me est con\u00e7u pour garantir que les d\u00e9bitm\u00e8tres produits sont de la plus haute qualit\u00e9 et r\u00e9pondent aux exigences du client.<\/p>\n<\/div>\n<div id=\"02\">\n<p><strong>2.About flow meter for gas production skills training<\/strong><\/p>\n<p>La formation aux techniques de production des d\u00e9bitm\u00e8tres est con\u00e7ue pour enseigner aux techniciens et aux ing\u00e9nieurs les comp\u00e9tences n\u00e9cessaires \u00e0 la production et \u00e0 l'entretien des d\u00e9bitm\u00e8tres. La formation couvre des sujets tels que les principes de la mesure du d\u00e9bit, les types de d\u00e9bitm\u00e8tres disponibles, l'installation et l'entretien des d\u00e9bitm\u00e8tres, et les techniques de d\u00e9pannage. La formation couvre \u00e9galement l'utilisation de logiciels informatiques pour analyser et interpr\u00e9ter les donn\u00e9es de d\u00e9bit. La formation se d\u00e9roule g\u00e9n\u00e9ralement dans une salle de classe et peut inclure des activit\u00e9s pratiques.<\/p>\n<p><img style=\"max-width: 100%;\" title=\"About flow meter for gas production skills training\" src=\"https:\/\/www.hginstrument.com\/wp-content\/uploads\/2021\/07\/in-line-pipeline-type-hgd-electromagnetic-flow-meter.jpg\" alt=\"About flow meter for gas production skills training\" \/><\/p>\n<\/div>\n<div id=\"03\">\n<p><strong>3.About flow meter for gas delivery date<\/strong><\/p>\n<p>La date de livraison d'un d\u00e9bitm\u00e8tre d\u00e9pend du type de d\u00e9bitm\u00e8tre, du fabricant et de la disponibilit\u00e9 du produit. En g\u00e9n\u00e9ral, la plupart des d\u00e9bitm\u00e8tres peuvent \u00eatre livr\u00e9s dans un d\u00e9lai de quelques jours \u00e0 quelques semaines. Toutefois, la livraison de certains d\u00e9bitm\u00e8tres sp\u00e9cialis\u00e9s peut prendre plus de temps. Il est pr\u00e9f\u00e9rable de contacter directement le fabricant pour obtenir une date de livraison pr\u00e9cise.<\/p>\n<\/div>\n<div id=\"04\">\n<p><strong>4.Is the flow meter for gas anti-corrosion?<\/strong><\/p>\n<p>We have established a good reputation and reliable partnerships within the flow meter for gas industry.<br \/>\nOui, la plupart des d\u00e9bitm\u00e8tres sont con\u00e7us pour r\u00e9sister \u00e0 la corrosion. Cependant, le type sp\u00e9cifique de d\u00e9bitm\u00e8tre et l'environnement dans lequel il est utilis\u00e9 d\u00e9terminent le degr\u00e9 de r\u00e9sistance \u00e0 la corrosion.<\/p>\n<p><img style=\"max-width: 100%;\" title=\"Is the flow meter for gas anti-corrosion?\" src=\"https:\/\/www.hginstrument.com\/wp-content\/uploads\/2021\/07\/hgtf-6.jpg\" alt=\"Is the flow meter for gas anti-corrosion?\" \/><\/p>\n<\/div>\n<div id=\"05\">\n<p><strong>5.What is the measuring range of flow meter for gas?<\/strong><\/p>\n<p>We continuously upgrade our skills and knowledge to adapt to changing flow meter for gas market needs.<br \/>\nLa plage de mesure d'un d\u00e9bitm\u00e8tre d\u00e9pend du type de d\u00e9bitm\u00e8tre utilis\u00e9. En g\u00e9n\u00e9ral, la plage de mesure d'un d\u00e9bitm\u00e8tre peut aller de 0,01 \u00e0 1000 litres par minute.<\/p>\n<\/div>\n<div id=\"06\">\n<p><strong>6.How to calibrate a flow meter for gas?<\/strong><\/p>\n<p>Being one of the top flow meter for gas manufacturers in China, We attach great importance to this detail.<br \/>\n1. V\u00e9rifier les instructions du fabricant du d\u00e9bitm\u00e8tre utilis\u00e9.<\/p>\n<p>2. S'assurer que le d\u00e9bitm\u00e8tre est install\u00e9 correctement et que toutes les connexions sont bien fix\u00e9es.<\/p>\n<p>3. Connecter le d\u00e9bitm\u00e8tre \u00e0 un dispositif d'\u00e9talonnage, tel qu'un appareil d'\u00e9talonnage du d\u00e9bit ou une boucle d'\u00e9talonnage du d\u00e9bit.<\/p>\n<p>4. R\u00e9gler le dispositif d'\u00e9talonnage sur le d\u00e9bit souhait\u00e9.<\/p>\n<p>5. Mettre le d\u00e9bitm\u00e8tre en marche et le laisser fonctionner pendant quelques minutes pour s'assurer qu'il est stable.<\/p>\n<p>6. V\u00e9rifier la lecture du d\u00e9bitm\u00e8tre par rapport \u00e0 celle du dispositif d'\u00e9talonnage.<\/p>\n<p>7. Ajuster les r\u00e9glages du d\u00e9bitm\u00e8tre si n\u00e9cessaire pour qu'il corresponde \u00e0 la lecture du dispositif d'\u00e9talonnage.<\/p>\n<p>8. R\u00e9p\u00e9ter les \u00e9tapes 4 \u00e0 7 jusqu'\u00e0 ce que la lecture du d\u00e9bitm\u00e8tre corresponde \u00e0 celle du dispositif d'\u00e9talonnage.<\/p>\n<p>9. Enregistrer les r\u00e9glages du d\u00e9bitm\u00e8tre et la lecture du dispositif d'\u00e9talonnage pour r\u00e9f\u00e9rence ult\u00e9rieure.<\/p>\n<p><img style=\"max-width: 100%;\" title=\"How to calibrate a flow meter for gas?\" src=\"https:\/\/www.hginstrument.com\/wp-content\/uploads\/2021\/07\/oval-gear-4.jpg\" alt=\"How to calibrate a flow meter for gas?\" \/><\/p>\n<\/div>\n<div id=\"07\">\n<p><strong>7.Is the measuring unit of the flow meter for gas replaceable?<\/strong><\/p>\n<p>As one of the top flow meter for gas manufacturers in China, we take this very seriously.<br \/>\nOui, l'unit\u00e9 de mesure d'un d\u00e9bitm\u00e8tre est rempla\u00e7able.<\/p>\n<\/div>\n<div id=\"08\">\n<p><strong>8.About flow meter for gas patent<\/strong><\/p>\n<p>Les brevets sur les d\u00e9bitm\u00e8tres sont des brevets qui couvrent la conception et le fonctionnement des d\u00e9bitm\u00e8tres. Les d\u00e9bitm\u00e8tres sont des dispositifs utilis\u00e9s pour mesurer le d\u00e9bit d'un liquide ou d'un gaz. Les d\u00e9bitm\u00e8tres sont utilis\u00e9s dans diverses industries, notamment le traitement de l'eau et des eaux us\u00e9es, le p\u00e9trole et le gaz, et le traitement chimique. Les d\u00e9bitm\u00e8tres sont utilis\u00e9s pour mesurer le d\u00e9bit d'un fluide, le volume total d'un fluide et la pression d'un fluide. Les d\u00e9bitm\u00e8tres peuvent \u00eatre m\u00e9caniques, \u00e9lectriques ou optiques. Les d\u00e9bitm\u00e8tres peuvent \u00eatre utilis\u00e9s pour mesurer le d\u00e9bit de liquides, de gaz et de vapeur.<\/p>\n<p><img style=\"max-width: 100%;\" title=\"About flow meter for gas patent\" src=\"https:\/\/www.hginstrument.com\/wp-content\/uploads\/2021\/07\/ltb-1.jpg\" alt=\"About flow meter for gas patent\" \/><\/p>\n<\/div>\n<div id=\"09\">\n<p><strong>9.About flow meter for gas payment method<\/strong><\/p>\n<p>Le paiement par d\u00e9bitm\u00e8tre est une m\u00e9thode de paiement qui utilise un d\u00e9bitm\u00e8tre pour mesurer la quantit\u00e9 d'\u00e9nergie utilis\u00e9e par un client. Le client paie l'\u00e9nergie utilis\u00e9e en fonction de la quantit\u00e9 d'\u00e9nergie mesur\u00e9e par le d\u00e9bitm\u00e8tre. Cette m\u00e9thode de paiement est souvent utilis\u00e9e dans les milieux commerciaux et industriels, o\u00f9 la consommation d'\u00e9nergie est \u00e9lev\u00e9e et doit \u00eatre suivie avec pr\u00e9cision. Le paiement par d\u00e9bitm\u00e8tre est \u00e9galement utilis\u00e9 dans certains contextes r\u00e9sidentiels, o\u00f9 les clients peuvent payer leur consommation d'\u00e9nergie en fonction de la quantit\u00e9 d'\u00e9nergie qu'ils utilisent.<\/p>\n<\/div>\n<div id=\"010\">\n<p><strong>10.Does the flow meter for gas have remote control capabilities?<\/strong><\/p>\n<p>Nous nous concentrons sur les besoins de nos clients et nous nous effor\u00e7ons de r\u00e9pondre \u00e0 leurs attentes, c'est pourquoi nous prenons cela tr\u00e8s au s\u00e9rieux.<br \/>\nCela d\u00e9pend du mod\u00e8le sp\u00e9cifique de d\u00e9bitm\u00e8tre. Certains mod\u00e8les peuvent \u00eatre dot\u00e9s d'une fonction de commande \u00e0 distance, d'autres non.<\/p>\n<p><img style=\"max-width: 100%;\" title=\"Does the flow meter for gas have remote control capabilities?\" src=\"https:\/\/www.hginstrument.com\/wp-content\/uploads\/2021\/07\/hls-2000p-z1.jpg\" alt=\"Does the flow meter for gas have remote control capabilities?\" \/><\/p>\n<\/div>\n<div id=\"11\">\n<p><strong>11.Does the flow meter for gas have data storage capabilities?<\/strong><\/p>\n<p>Nous nous concentrons sur l'innovation et l'am\u00e9lioration continue afin de conserver un avantage concurrentiel.<br \/>\nCela d\u00e9pend du type de d\u00e9bitm\u00e8tre. Certains d\u00e9bitm\u00e8tres ont des capacit\u00e9s de stockage de donn\u00e9es, d'autres non.<\/p>\n<\/div>\n<div id=\"12\">\n<p><strong>12.What are the common faults and solutions of flow meter for gass?<\/strong><\/p>\n<p>Nous maintenons un certain niveau d'investissement en R&amp;D chaque ann\u00e9e et am\u00e9liorons continuellement l'efficacit\u00e9 op\u00e9rationnelle afin de fournir de meilleurs services \u00e0 nos clients coop\u00e9ratifs.<br \/>\nLes d\u00e9fauts et les solutions les plus courants des d\u00e9bitm\u00e8tres sont les suivants :<\/p>\n<p>1. Faible pr\u00e9cision : Ce probl\u00e8me est g\u00e9n\u00e9ralement d\u00fb \u00e0 une mauvaise installation ou \u00e0 un mauvais \u00e9talonnage. Pour r\u00e9soudre ce probl\u00e8me, v\u00e9rifiez l'installation et l'\u00e9talonnage du d\u00e9bitm\u00e8tre et assurez-vous qu'ils sont corrects.<\/p>\n<p>2. Fuite : Elle est g\u00e9n\u00e9ralement due \u00e0 un joint us\u00e9 ou endommag\u00e9. Pour y rem\u00e9dier, remplacez le joint par un nouveau.<\/p>\n<p>3. Colmatage : Ce ph\u00e9nom\u00e8ne est g\u00e9n\u00e9ralement caus\u00e9 par des d\u00e9bris ou d'autres particules qui bloquent le d\u00e9bitm\u00e8tre. Pour r\u00e9soudre ce probl\u00e8me, nettoyez le d\u00e9bitm\u00e8tre et retirez les d\u00e9bris ou les particules.<\/p>\n<p>4. La corrosion : Elle est g\u00e9n\u00e9ralement caus\u00e9e par l'exposition \u00e0 des liquides ou des gaz corrosifs. Pour y rem\u00e9dier, remplacez toutes les pi\u00e8ces corrod\u00e9es et utilisez un mat\u00e9riau r\u00e9sistant \u00e0 la corrosion pour le d\u00e9bitm\u00e8tre.<\/p>\n<p><img style=\"max-width: 100%;\" title=\"What are the common faults and solutions of flow meter for gass?\" src=\"https:\/\/www.hginstrument.com\/wp-content\/uploads\/2021\/07\/v-cone-5.jpg\" alt=\"What are the common faults and solutions of flow meter for gass?\" \/><\/p>\n<\/div>\n<div id=\"13\">\n<p><strong>13.About flow meter for gas inventory<\/strong><\/p>\n<p>L'inventaire des d\u00e9bitm\u00e8tres est un syst\u00e8me utilis\u00e9 pour suivre et g\u00e9rer les d\u00e9bitm\u00e8tres utilis\u00e9s dans les applications industrielles et commerciales. Il permet de contr\u00f4ler les performances des d\u00e9bitm\u00e8tres et de s'assurer qu'ils sont correctement entretenus et \u00e9talonn\u00e9s. Le syst\u00e8me d'inventaire peut \u00e9galement \u00eatre utilis\u00e9 pour suivre le co\u00fbt des d\u00e9bitm\u00e8tres, ainsi que pour identifier tout probl\u00e8me potentiel ou toute question concernant les d\u00e9bitm\u00e8tres.<\/p>\n<\/div>\n<div id=\"14\">\n<p><strong>14.Does the flow meter for gas have a function to prevent misuse?<\/strong><\/p>\n<p>As one of the flow meter for gas market leaders, we are known for innovation and reliability.<br \/>\nLa plupart des d\u00e9bitm\u00e8tres ne sont pas dot\u00e9s d'une fonction de pr\u00e9vention des abus, mais certains mod\u00e8les peuvent pr\u00e9senter des caract\u00e9ristiques qui peuvent contribuer \u00e0 r\u00e9duire le risque d'abus. Par exemple, certains d\u00e9bitm\u00e8tres peuvent \u00eatre dot\u00e9s d'une fonction de verrouillage qui emp\u00eache les utilisateurs non autoris\u00e9s de modifier les r\u00e9glages ou d'acc\u00e9der aux donn\u00e9es. En outre, certains d\u00e9bitm\u00e8tres peuvent \u00eatre dot\u00e9s d'une fonction de protection par mot de passe qui oblige l'utilisateur \u00e0 saisir un mot de passe avant de pouvoir acc\u00e9der aux donn\u00e9es ou aux param\u00e8tres.<\/p>\n<p><img style=\"max-width: 100%;\" title=\"Does the flow meter for gas have a function to prevent misuse?\" src=\"https:\/\/www.hginstrument.com\/wp-content\/uploads\/2021\/07\/nozzle-1.jpg\" alt=\"Does the flow meter for gas have a function to prevent misuse?\" \/><\/p>\n<\/div>\n<div id=\"15\">\n<p><strong>15.About flow meter for gas origin<\/strong><\/p>\n<p>Le premier d\u00e9bitm\u00e8tre a \u00e9t\u00e9 invent\u00e9 en 1832 par un Anglais nomm\u00e9 William Henry. Il a mis au point un appareil utilisant un flotteur pour mesurer le d\u00e9bit d'eau dans un tuyau. Cet appareil \u00e9tait le premier de son genre et le pr\u00e9curseur des d\u00e9bitm\u00e8tres modernes. Depuis lors, les d\u00e9bitm\u00e8tres ont \u00e9t\u00e9 utilis\u00e9s dans diverses industries pour mesurer le d\u00e9bit de liquides, de gaz et d'autres mat\u00e9riaux. Aujourd'hui, les d\u00e9bitm\u00e8tres sont utilis\u00e9s dans diverses applications, de la mesure du d\u00e9bit d'eau dans une canalisation \u00e0 la mesure du d\u00e9bit de p\u00e9trole dans une raffinerie.<\/p>\n<\/div>\n<div id=\"16\">\n<p><strong>16.What are the characteristics of flow meter for gas?<\/strong><\/p>\n<p>Nous avons \u00e9tabli des partenariats stables et \u00e0 long terme avec nos fournisseurs, ce qui nous conf\u00e8re de grands avantages en termes de prix, de co\u00fbts et d'assurance qualit\u00e9.<br \/>\n1. Pr\u00e9cision : Les d\u00e9bitm\u00e8tres doivent pouvoir mesurer avec pr\u00e9cision le d\u00e9bit d'un fluide.<\/p>\n<p>2. Plage de mesure : Les d\u00e9bitm\u00e8tres doivent pouvoir mesurer une large gamme de d\u00e9bits.<\/p>\n<p>3. R\u00e9p\u00e9tabilit\u00e9 : Les d\u00e9bitm\u00e8tres doivent \u00eatre capables de mesurer de mani\u00e8re constante le m\u00eame d\u00e9bit dans le temps.<\/p>\n<p>4. Temps de r\u00e9ponse : Les d\u00e9bitm\u00e8tres doivent pouvoir r\u00e9agir rapidement aux variations de d\u00e9bit.<\/p>\n<p>5. Durabilit\u00e9 : Les d\u00e9bitm\u00e8tres doivent pouvoir r\u00e9sister aux conditions difficiles de l'environnement dans lequel ils sont utilis\u00e9s.<\/p>\n<p>6. Le co\u00fbt : Les d\u00e9bitm\u00e8tres doivent \u00eatre rentables pour l'application.<\/p>\n<p><img style=\"max-width: 100%;\" title=\"What are the characteristics of flow meter for gas?\" src=\"https:\/\/www.hginstrument.com\/wp-content\/uploads\/2021\/07\/sanitary-mag-1.jpg\" alt=\"What are the characteristics of flow meter for gas?\" \/><\/p>\n<\/div>\n<p>&nbsp;<\/p>\n<p>Tag\uff1a<a href=\"\/fr\/magnetic-flow-meter\/1-2-flow-meter\/\">1 2 flow meter<\/a>,<a href=\"\/fr\/magnetic-flow-meter\/hach-flow-meter\/\">d\u00e9bitm\u00e8tre hach<\/a>,<a href=\"\/fr\/magnetic-flow-meter\/hydrogen-flow-meter\/\">hydrogen flow meter<\/a>,<a href=\"\/fr\/magnetic-flow-meter\/emerson-vortex-flow-meter\/\">d\u00e9bitm\u00e8tre vortex emerson<\/a><\/p>\n<p>&nbsp;<\/p>","protected":false},"excerpt":{"rendered":"<p><strong>Donn\u00e9es techniques<\/strong><br \/>\nPeut \u00eatre utilis\u00e9 pour les fluides liquides ou gazeux, g\u00e9n\u00e9ralement pour mesurer le d\u00e9bit de la vapeur, de la vapeur, de l'air et du gaz naturel.<br \/>\nTaille du compteur : Type en ligne : DN25 - DN300<br \/>\nOption de mat\u00e9riau en contact avec le liquide : SS304, SS316<br \/>\nTemp\u00e9rature de fonctionnement : \u2264250\u2103<br \/>\nRaccordement au processus : Wafer \/ Bride \/ Tri-clamp pour le type en ligne<br \/>\nPr\u00e9cision de mesure : 1,0 % - 1,5% de la plage d'\u00e9talonnage<br \/>\nIndicateur num\u00e9rique : affichage du d\u00e9bit instantan\u00e9, du d\u00e9bit total<br \/>\nAlimentation : 24VDC, Sortie : 4-20mA<\/p>\n<p><strong>caract\u00e9ristiques<\/strong><br \/>\n1. points de consigne ON\/OFF r\u00e9glables<br \/>\n2. mode d'alarme de d\u00e9bit Hi ou Lo<br \/>\n3. d\u00e9lai r\u00e9glable<br \/>\n4. LED d'\u00e9tat du relais<\/p>","protected":false},"featured_media":3691,"comment_status":"closed","ping_status":"closed","template":"","meta":[],"product_cat":[2372],"product_tag":[],"acf":[],"_links":{"self":[{"href":"https:\/\/www.hginstrument.com\/fr\/wp-json\/wp\/v2\/product\/5248"}],"collection":[{"href":"https:\/\/www.hginstrument.com\/fr\/wp-json\/wp\/v2\/product"}],"about":[{"href":"https:\/\/www.hginstrument.com\/fr\/wp-json\/wp\/v2\/types\/product"}],"replies":[{"embeddable":true,"href":"https:\/\/www.hginstrument.com\/fr\/wp-json\/wp\/v2\/comments?post=5248"}],"wp:featuredmedia":[{"embeddable":true,"href":"https:\/\/www.hginstrument.com\/fr\/wp-json\/wp\/v2\/media\/3691"}],"wp:attachment":[{"href":"https:\/\/www.hginstrument.com\/fr\/wp-json\/wp\/v2\/media?parent=5248"}],"wp:term":[{"taxonomy":"product_cat","embeddable":true,"href":"https:\/\/www.hginstrument.com\/fr\/wp-json\/wp\/v2\/product_cat?post=5248"},{"taxonomy":"product_tag","embeddable":true,"href":"https:\/\/www.hginstrument.com\/fr\/wp-json\/wp\/v2\/product_tag?post=5248"}],"curies":[{"name":"wp","href":"https:\/\/api.w.org\/{rel}","templated":true}]}}