{"id":5254,"date":"2023-12-23T23:41:25","date_gmt":"2023-12-23T15:41:25","guid":{"rendered":"https:\/\/www.hginstrument.com\/?post_type=product&#038;p=5254"},"modified":"2024-01-03T14:19:35","modified_gmt":"2024-01-03T06:19:35","slug":"flow-meter-for-irrigation-system","status":"publish","type":"product","link":"https:\/\/www.hginstrument.com\/fr\/magnetic-flow-meter\/flow-meter-for-irrigation-system\/","title":{"rendered":"d\u00e9bitm\u00e8tre pour syst\u00e8me d'irrigation"},"content":{"rendered":"<p>Our flow meter for irrigation system is a cutting-edge product that is guaranteed to provide accurate and reliable flow measurement for a wide range of industrial applications. Equipped with advanced technology and precise sensors, it ensures precise and consistent measurement of liquid and gas flow rates.<\/p>\n<p>flow meter for irrigation system is an advanced flow measurement device designed to accurately measure and monitor the flow of various liquids and gases. With its cutting-edge technology and reliable performance, it has become the solution of choice in oil and gas, chemical processing, Biotechnology and life sciences, water treatment and many other industries.<\/p>\n<p>Our flow meter for irrigation system utilizes a state-of-the-art flow sensing technology that provides precise measurements with exceptional accuracy. It can accurately measure the flow rate of liquids and gases with flow rates ranging from 0.6 to 4724 m3\/h. This high level of accuracy makes it an ideal solution for critical applications that require precise flow measurement.<\/p>\n<table class=\"table table-bordered\">\n<tbody>\n<tr>\n<td><span style=\"vertical-align: inherit;\"><span style=\"vertical-align: inherit;\">Type\uff1a<\/span><\/span><\/td>\n<td><span style=\"vertical-align: inherit;\">d\u00e9bitm\u00e8tre pour syst\u00e8me d'irrigation<\/span><\/td>\n<td><span style=\"vertical-align: inherit;\"><span style=\"vertical-align: inherit;\">Signal de sortie\uff1a<\/span><\/span><\/td>\n<td><span style=\"vertical-align: inherit;\"><span style=\"vertical-align: inherit;\">4-20 mA, impulsion\/fr\u00e9quence 2 kHz (par d\u00e9faut), 5 kHz (max)<\/span><\/span><\/td>\n<\/tr>\n<tr>\n<td><span style=\"vertical-align: inherit;\"><span style=\"vertical-align: inherit;\">Lieu d'origine\uff1a<\/span><\/span><\/td>\n<td><span style=\"vertical-align: inherit;\"><span style=\"vertical-align: inherit;\">Jiangsu, Chine<\/span><\/span><\/td>\n<td><span style=\"vertical-align: inherit;\"><span style=\"vertical-align: inherit;\">Incorporer le type\uff1a<\/span><\/span><\/td>\n<td><span style=\"vertical-align: inherit;\"><span style=\"vertical-align: inherit;\">-10\u2103- +60\u2103<\/span><\/span><\/td>\n<\/tr>\n<tr>\n<td><span style=\"vertical-align: inherit;\"><span style=\"vertical-align: inherit;\">Garantie\uff1a<\/span><\/span><\/td>\n<td><span style=\"vertical-align: inherit;\"><span style=\"vertical-align: inherit;\">27 mois<\/span><\/span><\/td>\n<td><span style=\"vertical-align: inherit;\"><span style=\"vertical-align: inherit;\">Tension d'alimentation\uff1a<\/span><\/span><\/td>\n<td><span style=\"vertical-align: inherit;\"><span style=\"vertical-align: inherit;\">110\/220VAC (100-240VAC), 50Hz\/60Hz ; 24VDC\u00b110%<\/span><\/span><\/td>\n<\/tr>\n<tr>\n<td><span style=\"vertical-align: inherit;\"><span style=\"vertical-align: inherit;\">Soutien personnalis\u00e9\uff1a<\/span><\/span><\/td>\n<td><span style=\"vertical-align: inherit;\"><span style=\"vertical-align: inherit;\">OEM, ODM, OBM<\/span><\/span><\/td>\n<td><span style=\"vertical-align: inherit;\"><span style=\"vertical-align: inherit;\">Communication num\u00e9rique\uff1a<\/span><\/span><\/td>\n<td><span style=\"vertical-align: inherit;\"><span style=\"vertical-align: inherit;\">RS-485, supportant le protocole standard Mudbugs-RTU ; GPRS<\/span><\/span><\/td>\n<\/tr>\n<tr>\n<td><span style=\"vertical-align: inherit;\"><span style=\"vertical-align: inherit;\">Nom de marque\uff1a<\/span><\/span><\/td>\n<td><span style=\"vertical-align: inherit;\"><span style=\"vertical-align: inherit;\">GROUPE SUYI<\/span><\/span><\/td>\n<td><span style=\"vertical-align: inherit;\"><span style=\"vertical-align: inherit;\">Pression nominale\uff1a<\/span><\/span><\/td>\n<td><span style=\"vertical-align: inherit;\"><span style=\"vertical-align: inherit;\">1MPa (DN15-DN800), 1,6MPa(DN15-DN800), 2,5MPa(DN15-DN600)<\/span><\/span><\/td>\n<\/tr>\n<tr>\n<td><span style=\"vertical-align: inherit;\"><span style=\"vertical-align: inherit;\">Num\u00e9ro de mod\u00e8le\uff1a<\/span><\/span><\/td>\n<td><span style=\"vertical-align: inherit;\"><span style=\"vertical-align: inherit;\">autres<\/span><\/span><\/td>\n<td><span style=\"vertical-align: inherit;\"><span style=\"vertical-align: inherit;\">Capteur\uff1a<\/span><\/span><\/td>\n<td><span style=\"vertical-align: inherit;\"><span style=\"vertical-align: inherit;\">0\u2103- +80\u2103 ou -25\u2103- +120\u2103 ou +70\u2103- +250\u2103<\/span><\/span><\/td>\n<\/tr>\n<tr>\n<td><span style=\"vertical-align: inherit;\"><span style=\"vertical-align: inherit;\">Nom du produit\uff1a<\/span><\/span><\/td>\n<td><span style=\"vertical-align: inherit;\"><span style=\"vertical-align: inherit;\">D\u00e9bitm\u00e8tre \u00e9lectromagn\u00e9tique intelligent pour produits chimiques<\/span><\/span><\/td>\n<td><span style=\"vertical-align: inherit;\"><span style=\"vertical-align: inherit;\">D\u00e9tails de l'emballage\uff1a<\/span><\/span><\/td>\n<td><span style=\"vertical-align: inherit;\"><span style=\"vertical-align: inherit;\">1 jeu par paquet ou selon la demande du client<\/span><\/span><\/td>\n<\/tr>\n<tr>\n<td><span style=\"vertical-align: inherit;\"><span style=\"vertical-align: inherit;\">Diam\u00e8tre nominal\uff1a<\/span><\/span><\/td>\n<td><span style=\"vertical-align: inherit;\"><span style=\"vertical-align: inherit;\">3-2997mm<\/span><\/span><\/td>\n<td><span style=\"vertical-align: inherit;\"><span style=\"vertical-align: inherit;\">Capacit\u00e9 d'approvisionnement\uff1a<\/span><\/span><\/td>\n<td><span style=\"vertical-align: inherit;\"><span style=\"vertical-align: inherit;\">2364 Set\/Sets per Month<\/span><\/span><\/td>\n<\/tr>\n<tr>\n<td><span style=\"vertical-align: inherit;\"><span style=\"vertical-align: inherit;\">gamme de vitesses\uff1a<\/span><\/span><\/td>\n<td><span style=\"vertical-align: inherit;\"><span style=\"vertical-align: inherit;\">0-14m\/s<\/span><\/span><\/td>\n<td><span style=\"vertical-align: inherit;\"><span style=\"vertical-align: inherit;\">Quantit\u00e9 (jeux)\uff1a<\/span><\/span><\/td>\n<td><span style=\"vertical-align: inherit;\"><span style=\"vertical-align: inherit;\">&gt; 1<\/span><\/span><\/td>\n<\/tr>\n<tr>\n<td><span style=\"vertical-align: inherit;\"><span style=\"vertical-align: inherit;\">Degr\u00e9 de pr\u00e9cision\uff1a<\/span><\/span><\/td>\n<td><span style=\"vertical-align: inherit;\"><span style=\"vertical-align: inherit;\">\u00b10,5%R, \u00b11%R ( &lt; DN20)<\/span><\/span><\/td>\n<td><span style=\"vertical-align: inherit;\"><span style=\"vertical-align: inherit;\">D\u00e9lai d'ex\u00e9cution (jours)\uff1a<\/span><\/span><\/td>\n<td><span style=\"vertical-align: inherit;\"><span style=\"vertical-align: inherit;\">A n\u00e9gocier<\/span><\/span><\/td>\n<\/tr>\n<\/tbody>\n<\/table>\n<p>&nbsp;<\/p>\n<p>&nbsp;<\/p>\n<p style=\"text-align: center;\"><img title=\"d\u00e9bitm\u00e8tre pour syst\u00e8me d&#039;irrigation\" src=\"https:\/\/www.hginstrument.com\/wp-content\/uploads\/2021\/07\/in-line-pipeline-type-hgd-electromagnetic-flow-meter.jpg\" \/><\/p>\n<p>&nbsp;<\/p>\n<p>&nbsp;<\/p>\n<p style=\"text-align: center;\"><img title=\"d\u00e9bitm\u00e8tre pour syst\u00e8me d&#039;irrigation\" src=\"https:\/\/www.hginstrument.com\/wp-content\/uploads\/2021\/07\/insertion-01.jpg\" \/><\/p>\n<p>&nbsp;<\/p>\n<p>&nbsp;<\/p>\n<p style=\"text-align: center;\"><img title=\"d\u00e9bitm\u00e8tre pour syst\u00e8me d&#039;irrigation\" src=\"https:\/\/www.hginstrument.com\/wp-content\/uploads\/2021\/07\/sanitary-mag-1.jpg\" \/><\/p>\n<p><strong>flow meter for irrigation system FAQs Guide.<\/strong><\/p>\n<p>At the heart of our flow meter for irrigation system series lies a commitment to excellence, blending advanced sensor technology with user-friendly interfaces. From liquid to gas, our meters deliver unparalleled accuracy, empowering you to make informed decisions and streamline operations. As we usher in a new era of fluid measurement, we invite you to explore the limitless possibilities that our flow meter for irrigation systems unlock \u2013 where precision meets performance, and innovation flows seamlessly.<\/p>\n<div style=\"border: 3px solid #f89900; margin: 20px 0; padding: 20px;\"><a href=\"\/fr\/flow-meter-for-irrigation-system\/#01\">1.About flow meter for irrigation system warranty<\/a><br \/>\n<a href=\"\/fr\/flow-meter-for-irrigation-system\/#02\">2.About flow meter for irrigation system payment method<\/a><br \/>\n<a href=\"\/fr\/flow-meter-for-irrigation-system\/#03\">3.What are the common faults and solutions of flow meter for irrigation systems?<\/a><br \/>\n<a href=\"\/fr\/flow-meter-for-irrigation-system\/#04\">4.About flow meter for irrigation system raw material procurement system<\/a><br \/>\n<a href=\"\/fr\/flow-meter-for-irrigation-system\/#05\">5.About flow meter for irrigation system production management system<\/a><br \/>\n<a href=\"\/fr\/flow-meter-for-irrigation-system\/#06\">6.About flow meter for irrigation system production capacity<\/a><br \/>\n<a href=\"\/fr\/flow-meter-for-irrigation-system\/#07\">7.About the scale of flow meter for irrigation system factory<\/a><br \/>\n<a href=\"\/fr\/flow-meter-for-irrigation-system\/#08\">8.Does the explosion-proof performance of flow meter for irrigation system meet relevant standards?<\/a><br \/>\n<a href=\"\/fr\/flow-meter-for-irrigation-system\/#09\">9.About flow meter for irrigation system warranty<\/a><br \/>\n<a href=\"\/fr\/flow-meter-for-irrigation-system\/#010\">10.Are flow meter for irrigation system measurement results traceable?<\/a><br \/>\n<a href=\"\/fr\/flow-meter-for-irrigation-system\/#11\">11.About flow meter for irrigation system quality system<\/a><br \/>\n<a href=\"\/fr\/flow-meter-for-irrigation-system\/#12\">12.How to calibrate a flow meter for irrigation system?<\/a><br \/>\n<a href=\"\/fr\/flow-meter-for-irrigation-system\/#13\">13.Can the flow meter for irrigation system be equipped with sensors of different accuracy?<\/a><br \/>\n<a href=\"\/fr\/flow-meter-for-irrigation-system\/#14\">14.About flow meter for irrigation system production equipment<\/a><\/div>\n<div id=\"01\">\n<p><strong>1.About flow meter for irrigation system warranty<\/strong><\/p>\n<p>Les garanties des d\u00e9bitm\u00e8tres varient en fonction du fabricant et du type de d\u00e9bitm\u00e8tre. En g\u00e9n\u00e9ral, les garanties couvrent les d\u00e9fauts de mat\u00e9riaux et de fabrication, et peuvent \u00e9galement couvrir certains types de dommages caus\u00e9s par une utilisation normale. Certaines garanties peuvent \u00e9galement couvrir les dommages caus\u00e9s par une installation ou une utilisation incorrecte. Il est important de lire les informations relatives \u00e0 la garantie fournies par le fabricant pour comprendre la couverture sp\u00e9cifique et les limitations de la garantie.<\/p>\n<\/div>\n<div id=\"02\">\n<p><strong>2.About flow meter for irrigation system payment method<\/strong><\/p>\n<p>Le paiement par d\u00e9bitm\u00e8tre est une m\u00e9thode de paiement qui utilise un d\u00e9bitm\u00e8tre pour mesurer la quantit\u00e9 d'\u00e9nergie utilis\u00e9e par un client. Le client paie l'\u00e9nergie utilis\u00e9e en fonction de la quantit\u00e9 d'\u00e9nergie mesur\u00e9e par le d\u00e9bitm\u00e8tre. Cette m\u00e9thode de paiement est souvent utilis\u00e9e dans les milieux commerciaux et industriels, o\u00f9 la consommation d'\u00e9nergie est \u00e9lev\u00e9e et doit \u00eatre suivie avec pr\u00e9cision. Le paiement par d\u00e9bitm\u00e8tre est \u00e9galement utilis\u00e9 dans certains contextes r\u00e9sidentiels, o\u00f9 les clients peuvent payer leur consommation d'\u00e9nergie en fonction de la quantit\u00e9 d'\u00e9nergie qu'ils utilisent.<\/p>\n<\/div>\n<div id=\"03\">\n<p><strong>3.What are the common faults and solutions of flow meter for irrigation systems?<\/strong><\/p>\n<p>Nous maintenons un certain niveau d'investissement en R&amp;D chaque ann\u00e9e et am\u00e9liorons continuellement l'efficacit\u00e9 op\u00e9rationnelle afin de fournir de meilleurs services \u00e0 nos clients coop\u00e9ratifs.<br \/>\nLes d\u00e9fauts et les solutions les plus courants des d\u00e9bitm\u00e8tres sont les suivants :<\/p>\n<p>1. Faible pr\u00e9cision : Ce probl\u00e8me est g\u00e9n\u00e9ralement d\u00fb \u00e0 une mauvaise installation ou \u00e0 un mauvais \u00e9talonnage. Pour r\u00e9soudre ce probl\u00e8me, v\u00e9rifiez l'installation et l'\u00e9talonnage du d\u00e9bitm\u00e8tre et assurez-vous qu'ils sont corrects.<\/p>\n<p>2. Fuite : Elle est g\u00e9n\u00e9ralement due \u00e0 un joint us\u00e9 ou endommag\u00e9. Pour y rem\u00e9dier, remplacez le joint par un nouveau.<\/p>\n<p>3. Colmatage : Ce ph\u00e9nom\u00e8ne est g\u00e9n\u00e9ralement caus\u00e9 par des d\u00e9bris ou d'autres particules qui bloquent le d\u00e9bitm\u00e8tre. Pour r\u00e9soudre ce probl\u00e8me, nettoyez le d\u00e9bitm\u00e8tre et retirez les d\u00e9bris ou les particules.<\/p>\n<p>4. La corrosion : Elle est g\u00e9n\u00e9ralement caus\u00e9e par l'exposition \u00e0 des liquides ou des gaz corrosifs. Pour y rem\u00e9dier, remplacez toutes les pi\u00e8ces corrod\u00e9es et utilisez un mat\u00e9riau r\u00e9sistant \u00e0 la corrosion pour le d\u00e9bitm\u00e8tre.<\/p>\n<p><img style=\"max-width: 100%;\" title=\"What are the common faults and solutions of flow meter for irrigation systems?\" src=\"https:\/\/www.hginstrument.com\/wp-content\/uploads\/2021\/07\/hgvf-1.jpg\" alt=\"What are the common faults and solutions of flow meter for irrigation systems?\" \/><\/p>\n<\/div>\n<div id=\"04\">\n<p><strong>4.About flow meter for irrigation system raw material procurement system<\/strong><\/p>\n<p>Un syst\u00e8me d'approvisionnement en mati\u00e8res premi\u00e8res pour d\u00e9bitm\u00e8tres est une solution logicielle con\u00e7ue pour rationaliser le processus d'achat de mati\u00e8res premi\u00e8res pour la production de d\u00e9bitm\u00e8tres. Le syst\u00e8me permet aux utilisateurs de rechercher et d'acheter rapidement et facilement les composants n\u00e9cessaires \u00e0 leur production de d\u00e9bitm\u00e8tres. Il fournit \u00e9galement des informations d\u00e9taill\u00e9es sur les composants, y compris les prix, la disponibilit\u00e9 et les d\u00e9lais de livraison. Le syst\u00e8me permet \u00e9galement aux utilisateurs de suivre leurs commandes et de g\u00e9rer leurs stocks. Cela permet de s'assurer que les bons composants sont toujours disponibles lorsque l'on en a besoin.<\/p>\n<\/div>\n<div id=\"05\">\n<p><strong>5.About flow meter for irrigation system production management system<\/strong><\/p>\n<p>Un syst\u00e8me de gestion de la production de d\u00e9bitm\u00e8tres est une solution logicielle con\u00e7ue pour aider les fabricants \u00e0 g\u00e9rer la production de d\u00e9bitm\u00e8tres. Le syst\u00e8me peut \u00eatre utilis\u00e9 pour suivre le processus de production du d\u00e9but \u00e0 la fin, y compris la commande des mati\u00e8res premi\u00e8res, l'assemblage des composants, les essais et l'\u00e9talonnage du produit fini. Le syst\u00e8me peut \u00e9galement \u00eatre utilis\u00e9 pour contr\u00f4ler la qualit\u00e9 du processus de production, en s'assurant que les d\u00e9bitm\u00e8tres r\u00e9pondent aux normes requises. En outre, le syst\u00e8me peut \u00eatre utilis\u00e9 pour g\u00e9n\u00e9rer des rapports et analyser des donn\u00e9es afin d'aider les fabricants \u00e0 am\u00e9liorer leurs processus de production.<\/p>\n<\/div>\n<div id=\"06\">\n<p><strong>6.About flow meter for irrigation system production capacity<\/strong><\/p>\n<p>La capacit\u00e9 de production des d\u00e9bitm\u00e8tres d\u00e9pend du type de d\u00e9bitm\u00e8tre produit. En g\u00e9n\u00e9ral, la capacit\u00e9 de production est d\u00e9termin\u00e9e par la taille de l'installation de production, le nombre de machines et le personnel disponibles, et le type de d\u00e9bitm\u00e8tre produit. Par exemple, un site de production sp\u00e9cialis\u00e9 dans la fabrication de d\u00e9bitm\u00e8tres \u00e0 turbine peut avoir une capacit\u00e9 de production plus \u00e9lev\u00e9e qu'un site produisant des d\u00e9bitm\u00e8tres \u00e0 ultrasons. En outre, la capacit\u00e9 de production d'une installation peut \u00eatre affect\u00e9e par la complexit\u00e9 du d\u00e9bitm\u00e8tre produit, ainsi que par la disponibilit\u00e9 des mati\u00e8res premi\u00e8res et des composants.<\/p>\n<p><img style=\"max-width: 100%;\" title=\"About flow meter for irrigation system production capacity\" src=\"https:\/\/www.hginstrument.com\/wp-content\/uploads\/2021\/07\/insertion-01.jpg\" alt=\"About flow meter for irrigation system production capacity\" \/><\/p>\n<\/div>\n<div id=\"07\">\n<p><strong>7.About the scale of flow meter for irrigation system factory<\/strong><\/p>\n<p>Les usines de d\u00e9bitm\u00e8tres varient en taille et en port\u00e9e, selon le type de d\u00e9bitm\u00e8tres qu'elles produisent. Certaines usines peuvent se sp\u00e9cialiser dans la production d'un seul type de d\u00e9bitm\u00e8tre, tandis que d'autres peuvent en produire plusieurs. Certaines usines peuvent \u00eatre de grande taille et compter des centaines d'employ\u00e9s, tandis que d'autres peuvent \u00eatre de petite taille et ne compter que quelques employ\u00e9s. La taille de l'usine d\u00e9pend \u00e9galement du type de d\u00e9bitm\u00e8tres qu'elle produit, ainsi que de la demande pour ces d\u00e9bitm\u00e8tres.<\/p>\n<\/div>\n<div id=\"08\">\n<p><strong>8.Does the explosion-proof performance of flow meter for irrigation system meet relevant standards?<\/strong><\/p>\n<p>Oui, les performances antid\u00e9flagrantes du d\u00e9bitm\u00e8tre sont conformes aux normes en vigueur. Le d\u00e9bitm\u00e8tre doit \u00eatre certifi\u00e9 par un organisme de certification reconnu afin de s'assurer qu'il r\u00e9pond aux exigences des normes applicables.<\/p>\n<\/div>\n<div id=\"09\">\n<p><strong>9.About flow meter for irrigation system warranty<\/strong><\/p>\n<p>Les garanties des d\u00e9bitm\u00e8tres varient en fonction du fabricant et du type de d\u00e9bitm\u00e8tre. En g\u00e9n\u00e9ral, les garanties couvrent les d\u00e9fauts de mat\u00e9riaux et de fabrication, et peuvent \u00e9galement couvrir certains types de dommages caus\u00e9s par une utilisation normale. Certaines garanties peuvent \u00e9galement couvrir les dommages caus\u00e9s par une installation ou une utilisation incorrecte. Il est important de lire les informations relatives \u00e0 la garantie fournies par le fabricant pour comprendre la couverture sp\u00e9cifique et les limitations de la garantie.<\/p>\n<p><img style=\"max-width: 100%;\" title=\"About flow meter for irrigation system warranty\" src=\"https:\/\/www.hginstrument.com\/wp-content\/uploads\/2021\/07\/hgtf-6.jpg\" alt=\"About flow meter for irrigation system warranty\" \/><\/p>\n<\/div>\n<div id=\"010\">\n<p><strong>10.Are flow meter for irrigation system measurement results traceable?<\/strong><\/p>\n<p>Our company has many years of flow meter for irrigation system experience and expertise.<br \/>\nOui, les r\u00e9sultats des mesures des d\u00e9bitm\u00e8tres peuvent \u00eatre tra\u00e7ables. La tra\u00e7abilit\u00e9 est la capacit\u00e9 de retracer l'historique, l'application ou l'emplacement d'un \u00e9l\u00e9ment au moyen d'une identification document\u00e9e et enregistr\u00e9e. Les d\u00e9bitm\u00e8tres sont g\u00e9n\u00e9ralement \u00e9talonn\u00e9s \u00e0 l'aide d'un \u00e9talon tra\u00e7able, tel qu'un \u00e9talon tra\u00e7able NIST. Cela garantit que les r\u00e9sultats des mesures du d\u00e9bitm\u00e8tre sont tra\u00e7ables \u00e0 un \u00e9talon connu.<\/p>\n<\/div>\n<div id=\"11\">\n<p><strong>11.About flow meter for irrigation system quality system<\/strong><\/p>\n<p>Un syst\u00e8me de qualit\u00e9 pour les d\u00e9bitm\u00e8tres est un ensemble de processus et de proc\u00e9dures utilis\u00e9s pour garantir que les d\u00e9bitm\u00e8tres sont fabriqu\u00e9s et test\u00e9s de mani\u00e8re \u00e0 r\u00e9pondre aux normes les plus strictes en mati\u00e8re de pr\u00e9cision et de fiabilit\u00e9. Le syst\u00e8me comprend des mesures de contr\u00f4le de la qualit\u00e9 telles que l'inspection des mat\u00e9riaux entrants, l'inspection en cours de fabrication et l'essai du produit final. Il comprend \u00e9galement la documentation et la tenue de registres afin de garantir que tous les processus sont respect\u00e9s et que tout probl\u00e8me est trait\u00e9 rapidement et efficacement. Le syst\u00e8me est con\u00e7u pour garantir que les d\u00e9bitm\u00e8tres produits sont de la plus haute qualit\u00e9 et r\u00e9pondent aux exigences du client.<\/p>\n<\/div>\n<div id=\"12\">\n<p><strong>12.How to calibrate a flow meter for irrigation system?<\/strong><\/p>\n<p>Being one of the top flow meter for irrigation system manufacturers in China, We attach great importance to this detail.<br \/>\n1. V\u00e9rifier les instructions du fabricant du d\u00e9bitm\u00e8tre utilis\u00e9.<\/p>\n<p>2. S'assurer que le d\u00e9bitm\u00e8tre est install\u00e9 correctement et que toutes les connexions sont bien fix\u00e9es.<\/p>\n<p>3. Connecter le d\u00e9bitm\u00e8tre \u00e0 un dispositif d'\u00e9talonnage, tel qu'un appareil d'\u00e9talonnage du d\u00e9bit ou une boucle d'\u00e9talonnage du d\u00e9bit.<\/p>\n<p>4. R\u00e9gler le dispositif d'\u00e9talonnage sur le d\u00e9bit souhait\u00e9.<\/p>\n<p>5. Mettre le d\u00e9bitm\u00e8tre en marche et le laisser fonctionner pendant quelques minutes pour s'assurer qu'il est stable.<\/p>\n<p>6. V\u00e9rifier la lecture du d\u00e9bitm\u00e8tre par rapport \u00e0 celle du dispositif d'\u00e9talonnage.<\/p>\n<p>7. Ajuster les r\u00e9glages du d\u00e9bitm\u00e8tre si n\u00e9cessaire pour qu'il corresponde \u00e0 la lecture du dispositif d'\u00e9talonnage.<\/p>\n<p>8. R\u00e9p\u00e9ter les \u00e9tapes 4 \u00e0 7 jusqu'\u00e0 ce que la lecture du d\u00e9bitm\u00e8tre corresponde \u00e0 celle du dispositif d'\u00e9talonnage.<\/p>\n<p>9. Enregistrer les r\u00e9glages du d\u00e9bitm\u00e8tre et la lecture du dispositif d'\u00e9talonnage pour r\u00e9f\u00e9rence ult\u00e9rieure.<\/p>\n<p><img style=\"max-width: 100%;\" title=\"How to calibrate a flow meter for irrigation system?\" src=\"https:\/\/www.hginstrument.com\/wp-content\/uploads\/2021\/07\/dsrt-1.jpg\" alt=\"How to calibrate a flow meter for irrigation system?\" \/><\/p>\n<\/div>\n<div id=\"13\">\n<p><strong>13.Can the flow meter for irrigation system be equipped with sensors of different accuracy?<\/strong><\/p>\n<p>Oui, les d\u00e9bitm\u00e8tres peuvent \u00eatre \u00e9quip\u00e9s de capteurs de diff\u00e9rentes pr\u00e9cisions. Diff\u00e9rents types de d\u00e9bitm\u00e8tres sont disponibles avec diff\u00e9rents niveaux de pr\u00e9cision, en fonction de l'application. Par exemple, les d\u00e9bitm\u00e8tres \u00e0 turbine sont g\u00e9n\u00e9ralement plus pr\u00e9cis que les d\u00e9bitm\u00e8tres \u00e0 roue \u00e0 aubes.<\/p>\n<\/div>\n<div id=\"14\">\n<p><strong>14.About flow meter for irrigation system production equipment<\/strong><\/p>\n<p>L'\u00e9quipement de production de d\u00e9bitm\u00e8tres est utilis\u00e9 pour fabriquer des d\u00e9bitm\u00e8tres, qui sont des dispositifs utilis\u00e9s pour mesurer le d\u00e9bit d'un liquide ou d'un gaz. Cet \u00e9quipement comprend g\u00e9n\u00e9ralement une vari\u00e9t\u00e9 de machines et d'outils, tels que des tours, des fraiseuses, des perceuses \u00e0 colonne et des machines \u00e0 commande num\u00e9rique. Il comprend \u00e9galement des outils sp\u00e9cialis\u00e9s pour assembler et tester les d\u00e9bitm\u00e8tres. L'\u00e9quipement utilis\u00e9 pour produire des d\u00e9bitm\u00e8tres est hautement sp\u00e9cialis\u00e9 et doit \u00eatre en mesure de produire des r\u00e9sultats pr\u00e9cis et fiables.<\/p>\n<\/div>\n<p>&nbsp;<\/p>\n<p>Tag\uff1a<a href=\"\/fr\/magnetic-flow-meter\/home-water-flow-meter\/\">home water flow meter<\/a>,<a href=\"\/fr\/magnetic-flow-meter\/flow-meter-with-valve\/\">d\u00e9bitm\u00e8tre avec vanne<\/a>,<a href=\"\/fr\/magnetic-flow-meter\/gas-mass-flow-meter\/\">gas mass flow meter<\/a><\/p>\n<p>&nbsp;<\/p>","protected":false},"excerpt":{"rendered":"<p><strong>Donn\u00e9es techniques<\/strong><br \/>\nPeut \u00eatre utilis\u00e9 pour les fluides liquides ou gazeux, g\u00e9n\u00e9ralement pour mesurer le d\u00e9bit de la vapeur, de la vapeur, de l'air et du gaz naturel.<br \/>\nTaille du compteur : Type en ligne : DN25 - DN300<br \/>\nOption de mat\u00e9riau en contact avec le liquide : SS304, SS316<br \/>\nTemp\u00e9rature de fonctionnement : \u2264250\u2103<br \/>\nRaccordement au processus : Wafer \/ Bride \/ Tri-clamp pour le type en ligne<br \/>\nPr\u00e9cision de mesure : 1,0 % - 1,5% de la plage d'\u00e9talonnage<br \/>\nIndicateur num\u00e9rique : affichage du d\u00e9bit instantan\u00e9, du d\u00e9bit total<br \/>\nAlimentation : 24VDC, Sortie : 4-20mA<\/p>\n<p><strong>caract\u00e9ristiques<\/strong><br \/>\n1. points de consigne ON\/OFF r\u00e9glables<br \/>\n2. mode d'alarme de d\u00e9bit Hi ou Lo<br \/>\n3. d\u00e9lai r\u00e9glable<br \/>\n4. LED d'\u00e9tat du relais<\/p>","protected":false},"featured_media":3691,"comment_status":"closed","ping_status":"closed","template":"","meta":[],"product_cat":[2372],"product_tag":[],"acf":[],"_links":{"self":[{"href":"https:\/\/www.hginstrument.com\/fr\/wp-json\/wp\/v2\/product\/5254"}],"collection":[{"href":"https:\/\/www.hginstrument.com\/fr\/wp-json\/wp\/v2\/product"}],"about":[{"href":"https:\/\/www.hginstrument.com\/fr\/wp-json\/wp\/v2\/types\/product"}],"replies":[{"embeddable":true,"href":"https:\/\/www.hginstrument.com\/fr\/wp-json\/wp\/v2\/comments?post=5254"}],"wp:featuredmedia":[{"embeddable":true,"href":"https:\/\/www.hginstrument.com\/fr\/wp-json\/wp\/v2\/media\/3691"}],"wp:attachment":[{"href":"https:\/\/www.hginstrument.com\/fr\/wp-json\/wp\/v2\/media?parent=5254"}],"wp:term":[{"taxonomy":"product_cat","embeddable":true,"href":"https:\/\/www.hginstrument.com\/fr\/wp-json\/wp\/v2\/product_cat?post=5254"},{"taxonomy":"product_tag","embeddable":true,"href":"https:\/\/www.hginstrument.com\/fr\/wp-json\/wp\/v2\/product_tag?post=5254"}],"curies":[{"name":"wp","href":"https:\/\/api.w.org\/{rel}","templated":true}]}}