{"id":5260,"date":"2023-12-23T23:58:33","date_gmt":"2023-12-23T15:58:33","guid":{"rendered":"https:\/\/www.hginstrument.com\/?post_type=product&#038;p=5260"},"modified":"2024-01-03T14:09:23","modified_gmt":"2024-01-03T06:09:23","slug":"flow-meter-for-water-line","status":"publish","type":"product","link":"https:\/\/www.hginstrument.com\/fr\/magnetic-flow-meter\/flow-meter-for-water-line\/","title":{"rendered":"flow meter for water line"},"content":{"rendered":"<p>The flow meter for water line is a highly advanced and customizable flow measurement device designed for a wide range of industrial and commercial applications. This device utilizes cutting-edge technology, including precision sensors and advanced algorithms, to accurately measure and monitor flow rates of various liquids and gases.<\/p>\n<p>flow meter for water line is an advanced flow measurement device designed to accurately measure and monitor the flow of various liquids and gases. With its cutting-edge technology and reliable performance, it has become the solution of choice in oil and gas, chemical processing, Research and development, water treatment and many other industries.<\/p>\n<p>Our flow meter for water line utilizes a state-of-the-art flow sensing technology that provides precise measurements with exceptional accuracy. It can accurately measure the flow rate of liquids and gases with flow rates ranging from 0.1 to 5297 m3\/h. This high level of accuracy makes it an ideal solution for critical applications that require precise flow measurement.<\/p>\n<table class=\"table table-bordered\">\n<tbody>\n<tr>\n<td><span style=\"vertical-align: inherit;\"><span style=\"vertical-align: inherit;\">Type\uff1a<\/span><\/span><\/td>\n<td><span style=\"vertical-align: inherit;\">flow meter for water line<\/span><\/td>\n<td><span style=\"vertical-align: inherit;\"><span style=\"vertical-align: inherit;\">Signal de sortie\uff1a<\/span><\/span><\/td>\n<td><span style=\"vertical-align: inherit;\"><span style=\"vertical-align: inherit;\">4-20 mA, impulsion\/fr\u00e9quence 2 kHz (par d\u00e9faut), 5 kHz (max)<\/span><\/span><\/td>\n<\/tr>\n<tr>\n<td><span style=\"vertical-align: inherit;\"><span style=\"vertical-align: inherit;\">Lieu d'origine\uff1a<\/span><\/span><\/td>\n<td><span style=\"vertical-align: inherit;\"><span style=\"vertical-align: inherit;\">Jiangsu, Chine<\/span><\/span><\/td>\n<td><span style=\"vertical-align: inherit;\"><span style=\"vertical-align: inherit;\">Incorporer le type\uff1a<\/span><\/span><\/td>\n<td><span style=\"vertical-align: inherit;\"><span style=\"vertical-align: inherit;\">-10\u2103- +55\u2103<\/span><\/span><\/td>\n<\/tr>\n<tr>\n<td><span style=\"vertical-align: inherit;\"><span style=\"vertical-align: inherit;\">Garantie\uff1a<\/span><\/span><\/td>\n<td><span style=\"vertical-align: inherit;\"><span style=\"vertical-align: inherit;\">10 mois<\/span><\/span><\/td>\n<td><span style=\"vertical-align: inherit;\"><span style=\"vertical-align: inherit;\">Tension d'alimentation\uff1a<\/span><\/span><\/td>\n<td><span style=\"vertical-align: inherit;\"><span style=\"vertical-align: inherit;\">110\/220VAC (100-240VAC), 50Hz\/60Hz ; 24VDC\u00b110%<\/span><\/span><\/td>\n<\/tr>\n<tr>\n<td><span style=\"vertical-align: inherit;\"><span style=\"vertical-align: inherit;\">Soutien personnalis\u00e9\uff1a<\/span><\/span><\/td>\n<td><span style=\"vertical-align: inherit;\"><span style=\"vertical-align: inherit;\">OEM, ODM, OBM<\/span><\/span><\/td>\n<td><span style=\"vertical-align: inherit;\"><span style=\"vertical-align: inherit;\">Communication num\u00e9rique\uff1a<\/span><\/span><\/td>\n<td><span style=\"vertical-align: inherit;\"><span style=\"vertical-align: inherit;\">RS-485, supportant le protocole standard Mudbugs-RTU ; GPRS<\/span><\/span><\/td>\n<\/tr>\n<tr>\n<td><span style=\"vertical-align: inherit;\"><span style=\"vertical-align: inherit;\">Nom de marque\uff1a<\/span><\/span><\/td>\n<td><span style=\"vertical-align: inherit;\"><span style=\"vertical-align: inherit;\">GROUPE SUYI<\/span><\/span><\/td>\n<td><span style=\"vertical-align: inherit;\"><span style=\"vertical-align: inherit;\">Pression nominale\uff1a<\/span><\/span><\/td>\n<td><span style=\"vertical-align: inherit;\"><span style=\"vertical-align: inherit;\">1MPa (DN15-DN800), 1,6MPa(DN15-DN800), 2,5MPa(DN15-DN600)<\/span><\/span><\/td>\n<\/tr>\n<tr>\n<td><span style=\"vertical-align: inherit;\"><span style=\"vertical-align: inherit;\">Num\u00e9ro de mod\u00e8le\uff1a<\/span><\/span><\/td>\n<td><span style=\"vertical-align: inherit;\"><span style=\"vertical-align: inherit;\">autres<\/span><\/span><\/td>\n<td><span style=\"vertical-align: inherit;\"><span style=\"vertical-align: inherit;\">Capteur\uff1a<\/span><\/span><\/td>\n<td><span style=\"vertical-align: inherit;\"><span style=\"vertical-align: inherit;\">0\u2103- +80\u2103 ou -25\u2103- +120\u2103 ou +70\u2103- +250\u2103<\/span><\/span><\/td>\n<\/tr>\n<tr>\n<td><span style=\"vertical-align: inherit;\"><span style=\"vertical-align: inherit;\">Nom du produit\uff1a<\/span><\/span><\/td>\n<td><span style=\"vertical-align: inherit;\"><span style=\"vertical-align: inherit;\">D\u00e9bitm\u00e8tre \u00e9lectromagn\u00e9tique intelligent pour produits chimiques<\/span><\/span><\/td>\n<td><span style=\"vertical-align: inherit;\"><span style=\"vertical-align: inherit;\">D\u00e9tails de l'emballage\uff1a<\/span><\/span><\/td>\n<td><span style=\"vertical-align: inherit;\"><span style=\"vertical-align: inherit;\">1 jeu par paquet ou selon la demande du client<\/span><\/span><\/td>\n<\/tr>\n<tr>\n<td><span style=\"vertical-align: inherit;\"><span style=\"vertical-align: inherit;\">Diam\u00e8tre nominal\uff1a<\/span><\/span><\/td>\n<td><span style=\"vertical-align: inherit;\"><span style=\"vertical-align: inherit;\">3-2786mm<\/span><\/span><\/td>\n<td><span style=\"vertical-align: inherit;\"><span style=\"vertical-align: inherit;\">Capacit\u00e9 d'approvisionnement\uff1a<\/span><\/span><\/td>\n<td><span style=\"vertical-align: inherit;\"><span style=\"vertical-align: inherit;\">1787 Set\/Sets per Month<\/span><\/span><\/td>\n<\/tr>\n<tr>\n<td><span style=\"vertical-align: inherit;\"><span style=\"vertical-align: inherit;\">gamme de vitesses\uff1a<\/span><\/span><\/td>\n<td><span style=\"vertical-align: inherit;\"><span style=\"vertical-align: inherit;\">0-10m\/s<\/span><\/span><\/td>\n<td><span style=\"vertical-align: inherit;\"><span style=\"vertical-align: inherit;\">Quantit\u00e9 (jeux)\uff1a<\/span><\/span><\/td>\n<td><span style=\"vertical-align: inherit;\"><span style=\"vertical-align: inherit;\">&gt; 1<\/span><\/span><\/td>\n<\/tr>\n<tr>\n<td><span style=\"vertical-align: inherit;\"><span style=\"vertical-align: inherit;\">Degr\u00e9 de pr\u00e9cision\uff1a<\/span><\/span><\/td>\n<td><span style=\"vertical-align: inherit;\"><span style=\"vertical-align: inherit;\">\u00b10,5%R, \u00b11%R ( &lt; DN20)<\/span><\/span><\/td>\n<td><span style=\"vertical-align: inherit;\"><span style=\"vertical-align: inherit;\">D\u00e9lai d'ex\u00e9cution (jours)\uff1a<\/span><\/span><\/td>\n<td><span style=\"vertical-align: inherit;\"><span style=\"vertical-align: inherit;\">A n\u00e9gocier<\/span><\/span><\/td>\n<\/tr>\n<\/tbody>\n<\/table>\n<p>&nbsp;<\/p>\n<p>&nbsp;<\/p>\n<p style=\"text-align: center;\"><img title=\"flow meter for water line\" src=\"https:\/\/www.hginstrument.com\/wp-content\/uploads\/2021\/07\/in-line-pipeline-type-hgd-electromagnetic-flow-meter.jpg\" \/><\/p>\n<p>&nbsp;<\/p>\n<p>&nbsp;<\/p>\n<p style=\"text-align: center;\"><img title=\"flow meter for water line\" src=\"https:\/\/www.hginstrument.com\/wp-content\/uploads\/2021\/07\/insertion-01.jpg\" \/><\/p>\n<p>&nbsp;<\/p>\n<p>&nbsp;<\/p>\n<p style=\"text-align: center;\"><img title=\"flow meter for water line\" src=\"https:\/\/www.hginstrument.com\/wp-content\/uploads\/2021\/07\/sanitary-mag-1.jpg\" \/><\/p>\n<p><strong>flow meter for water line FAQs Guide.<\/strong><\/p>\n<p>At the heart of our flow meter for water line series lies a commitment to excellence, blending advanced sensor technology with user-friendly interfaces. From liquid to gas, our meters deliver unparalleled accuracy, empowering you to make informed decisions and streamline operations. As we usher in a new era of fluid measurement, we invite you to explore the limitless possibilities that our flow meter for water lines unlock \u2013 where precision meets performance, and innovation flows seamlessly.<\/p>\n<div style=\"border: 3px solid #f89900; margin: 20px 0; padding: 20px;\"><a href=\"\/fr\/flow-meter-for-water-line\/#01\">1.About flow meter for water line origin<\/a><br \/>\n<a href=\"\/fr\/flow-meter-for-water-line\/#02\">2.About flow meter for water line technology<\/a><br \/>\n<a href=\"\/fr\/flow-meter-for-water-line\/#03\">3.Can the flow meter for water line be equipped with sensors of different accuracy?<\/a><br \/>\n<a href=\"\/fr\/flow-meter-for-water-line\/#04\">4.What is the format of the flow meter for water line\u2019s output signal?<\/a><br \/>\n<a href=\"\/fr\/flow-meter-for-water-line\/#05\">5.Is the flow meter for water line waterproof?<\/a><br \/>\n<a href=\"\/fr\/flow-meter-for-water-line\/#06\">6.About flow meter for water line production management system<\/a><br \/>\n<a href=\"\/fr\/flow-meter-for-water-line\/#07\">7.About flow meter for water line production capacity<\/a><br \/>\n<a href=\"\/fr\/flow-meter-for-water-line\/#08\">8.What industries is flow meter for water line suitable for?<\/a><br \/>\n<a href=\"\/fr\/flow-meter-for-water-line\/#09\">9.About flow meter for water line customization services<\/a><br \/>\n<a href=\"\/fr\/flow-meter-for-water-line\/#010\">10.What are the options for the exterior materials of the flow meter for water line?<\/a><br \/>\n<a href=\"\/fr\/flow-meter-for-water-line\/#11\">11.About flow meter for water line raw material procurement system<\/a><br \/>\n<a href=\"\/fr\/flow-meter-for-water-line\/#12\">12.About flow meter for water line production skills training<\/a><br \/>\n<a href=\"\/fr\/flow-meter-for-water-line\/#13\">13.Can the measurement results of the flow meter for water line be output and recorded remotely?<\/a><br \/>\n<a href=\"\/fr\/flow-meter-for-water-line\/#14\">14.About flow meter for water line production skills training<\/a><br \/>\n<a href=\"\/fr\/flow-meter-for-water-line\/#15\">15.About flow meter for water line overseas warehouse<\/a><br \/>\n<a href=\"\/fr\/flow-meter-for-water-line\/#16\">16.About flow meter for water line delivery date<\/a><\/div>\n<div id=\"01\">\n<p><strong>1.About flow meter for water line origin<\/strong><\/p>\n<p>Le premier d\u00e9bitm\u00e8tre a \u00e9t\u00e9 invent\u00e9 en 1832 par un Anglais nomm\u00e9 William Henry. Il a mis au point un appareil utilisant un flotteur pour mesurer le d\u00e9bit d'eau dans un tuyau. Cet appareil \u00e9tait le premier de son genre et le pr\u00e9curseur des d\u00e9bitm\u00e8tres modernes. Depuis lors, les d\u00e9bitm\u00e8tres ont \u00e9t\u00e9 utilis\u00e9s dans diverses industries pour mesurer le d\u00e9bit de liquides, de gaz et d'autres mat\u00e9riaux. Aujourd'hui, les d\u00e9bitm\u00e8tres sont utilis\u00e9s dans diverses applications, de la mesure du d\u00e9bit d'eau dans une canalisation \u00e0 la mesure du d\u00e9bit de p\u00e9trole dans une raffinerie.<\/p>\n<\/div>\n<div id=\"02\">\n<p><strong>2.About flow meter for water line technology<\/strong><\/p>\n<p>La technologie des d\u00e9bitm\u00e8tres est un type de technologie de mesure utilis\u00e9 pour mesurer le d\u00e9bit d'un fluide ou d'un gaz. Elle est utilis\u00e9e dans une vari\u00e9t\u00e9 d'industries, y compris le p\u00e9trole et le gaz, l'eau et les eaux us\u00e9es, et le traitement chimique. Les d\u00e9bitm\u00e8tres mesurent le d\u00e9bit d'un fluide ou d'un gaz en mesurant la pression, la vitesse ou d'autres propri\u00e9t\u00e9s physiques du fluide ou du gaz. Les d\u00e9bitm\u00e8tres peuvent \u00eatre utilis\u00e9s pour mesurer le d\u00e9bit de liquides, de gaz et de vapeur. Ils sont utilis\u00e9s pour mesurer le d\u00e9bit d'une vari\u00e9t\u00e9 de fluides, y compris l'eau, l'huile et les produits chimiques. Les d\u00e9bitm\u00e8tres sont utilis\u00e9s dans diverses applications, notamment pour le contr\u00f4le des processus, la gestion de l'\u00e9nergie et la surveillance de la s\u00e9curit\u00e9.<\/p>\n<\/div>\n<div id=\"03\">\n<p><strong>3.Can the flow meter for water line be equipped with sensors of different accuracy?<\/strong><\/p>\n<p>Oui, les d\u00e9bitm\u00e8tres peuvent \u00eatre \u00e9quip\u00e9s de capteurs de diff\u00e9rentes pr\u00e9cisions. Diff\u00e9rents types de d\u00e9bitm\u00e8tres sont disponibles avec diff\u00e9rents niveaux de pr\u00e9cision, en fonction de l'application. Par exemple, les d\u00e9bitm\u00e8tres \u00e0 turbine sont g\u00e9n\u00e9ralement plus pr\u00e9cis que les d\u00e9bitm\u00e8tres \u00e0 roue \u00e0 aubes.<\/p>\n<\/div>\n<div id=\"04\">\n<p><strong>4.What is the format of the flow meter for water line\u2019s output signal?<\/strong><\/p>\n<p>We continuously upgrade our skills and knowledge to adapt to changing flow meter for water line market needs.<br \/>\nLe format du signal de sortie du d\u00e9bitm\u00e8tre d\u00e9pend du type de d\u00e9bitm\u00e8tre utilis\u00e9. Les formats de signaux de sortie les plus courants sont l'impulsion, la fr\u00e9quence, la tension et le courant.<\/p>\n<\/div>\n<div id=\"05\">\n<p><strong>5.Is the flow meter for water line waterproof?<\/strong><\/p>\n<p>Nous nous concentrons sur les besoins de nos clients et nous nous effor\u00e7ons de r\u00e9pondre \u00e0 leurs attentes, c'est pourquoi nous prenons cela tr\u00e8s au s\u00e9rieux.<br \/>\nNon, la plupart des d\u00e9bitm\u00e8tres ne sont pas \u00e9tanches. Toutefois, certains mod\u00e8les peuvent \u00eatre con\u00e7us pour r\u00e9sister \u00e0 l'eau ou \u00eatre \u00e9tanches. Il est important de v\u00e9rifier les sp\u00e9cifications du d\u00e9bitm\u00e8tre pour d\u00e9terminer s'il peut \u00eatre utilis\u00e9 dans des environnements humides ou mouill\u00e9s.<\/p>\n<p><img style=\"max-width: 100%;\" title=\"Is the flow meter for water line waterproof?\" src=\"https:\/\/www.hginstrument.com\/wp-content\/uploads\/2021\/07\/ltb-1.jpg\" alt=\"Is the flow meter for water line waterproof?\" \/><\/p>\n<\/div>\n<div id=\"06\">\n<p><strong>6.About flow meter for water line production management system<\/strong><\/p>\n<p>Un syst\u00e8me de gestion de la production de d\u00e9bitm\u00e8tres est une solution logicielle con\u00e7ue pour aider les fabricants \u00e0 g\u00e9rer la production de d\u00e9bitm\u00e8tres. Le syst\u00e8me peut \u00eatre utilis\u00e9 pour suivre le processus de production du d\u00e9but \u00e0 la fin, y compris la commande des mati\u00e8res premi\u00e8res, l'assemblage des composants, les essais et l'\u00e9talonnage du produit fini. Le syst\u00e8me peut \u00e9galement \u00eatre utilis\u00e9 pour contr\u00f4ler la qualit\u00e9 du processus de production, en s'assurant que les d\u00e9bitm\u00e8tres r\u00e9pondent aux normes requises. En outre, le syst\u00e8me peut \u00eatre utilis\u00e9 pour g\u00e9n\u00e9rer des rapports et analyser des donn\u00e9es afin d'aider les fabricants \u00e0 am\u00e9liorer leurs processus de production.<\/p>\n<\/div>\n<div id=\"07\">\n<p><strong>7.About flow meter for water line production capacity<\/strong><\/p>\n<p>La capacit\u00e9 de production des d\u00e9bitm\u00e8tres d\u00e9pend du type de d\u00e9bitm\u00e8tre produit. En g\u00e9n\u00e9ral, la capacit\u00e9 de production est d\u00e9termin\u00e9e par la taille de l'installation de production, le nombre de machines et le personnel disponibles, et le type de d\u00e9bitm\u00e8tre produit. Par exemple, un site de production sp\u00e9cialis\u00e9 dans la fabrication de d\u00e9bitm\u00e8tres \u00e0 turbine peut avoir une capacit\u00e9 de production plus \u00e9lev\u00e9e qu'un site produisant des d\u00e9bitm\u00e8tres \u00e0 ultrasons. En outre, la capacit\u00e9 de production d'une installation peut \u00eatre affect\u00e9e par la complexit\u00e9 du d\u00e9bitm\u00e8tre produit, ainsi que par la disponibilit\u00e9 des mati\u00e8res premi\u00e8res et des composants.<\/p>\n<\/div>\n<div id=\"08\">\n<p><strong>8.What industries is flow meter for water line suitable for?<\/strong><\/p>\n<p>Nous maintenons un certain niveau d'investissement en R&amp;D chaque ann\u00e9e et am\u00e9liorons continuellement l'efficacit\u00e9 op\u00e9rationnelle afin de fournir de meilleurs services \u00e0 nos clients coop\u00e9ratifs.<br \/>\nLes d\u00e9bitm\u00e8tres conviennent \u00e0 un large \u00e9ventail d'industries, notamment le p\u00e9trole et le gaz, l'eau et les eaux us\u00e9es, le traitement chimique, l'alimentation et les boissons, les produits pharmaceutiques, la production d'\u00e9nergie et les syst\u00e8mes de chauffage, de ventilation et de climatisation.<\/p>\n<\/div>\n<div id=\"09\">\n<p><strong>9.About flow meter for water line customization services<\/strong><\/p>\n<p>Les services de personnalisation des d\u00e9bitm\u00e8tres sont con\u00e7us pour fournir aux clients une solution sur mesure \u00e0 leurs besoins sp\u00e9cifiques en mati\u00e8re de mesure de d\u00e9bit. Ces services peuvent inclure la personnalisation du d\u00e9bitm\u00e8tre pour l'adapter \u00e0 une application particuli\u00e8re, telle qu'une taille de tuyau ou un d\u00e9bit sp\u00e9cifique, ou pour r\u00e9pondre \u00e0 une certaine exigence de pr\u00e9cision. Les services de personnalisation peuvent \u00e9galement inclure la modification du d\u00e9bitm\u00e8tre pour y inclure des caract\u00e9ristiques suppl\u00e9mentaires, telles qu'un \u00e9cran ou des capacit\u00e9s d'enregistrement de donn\u00e9es. Les services de personnalisation des d\u00e9bitm\u00e8tres peuvent \u00e9galement comprendre l'installation du d\u00e9bitm\u00e8tre, ainsi que la fourniture d'une assistance technique et d'une maintenance.<\/p>\n<\/div>\n<div id=\"010\">\n<p><strong>10.What are the options for the exterior materials of the flow meter for water line?<\/strong><\/p>\n<p>flow meter for water line is not a product only, but also can help you comes to money-making.<br \/>\n1. L'aluminium<br \/>\n2. Acier inoxydable<br \/>\n3. Laiton<br \/>\n4. Plastique<br \/>\n5. Polypropyl\u00e8ne<br \/>\n6. PVC<br \/>\n7. Polycarbonate<br \/>\n8. Fibre de verre<br \/>\n9. Titane<br \/>\n10. Cuivre<\/p>\n<p><img style=\"max-width: 100%;\" title=\"What are the options for the exterior materials of the flow meter for water line?\" src=\"https:\/\/www.hginstrument.com\/wp-content\/uploads\/2021\/07\/oval-gear-4.jpg\" alt=\"What are the options for the exterior materials of the flow meter for water line?\" \/><\/p>\n<\/div>\n<div id=\"11\">\n<p><strong>11.About flow meter for water line raw material procurement system<\/strong><\/p>\n<p>Un syst\u00e8me d'approvisionnement en mati\u00e8res premi\u00e8res pour d\u00e9bitm\u00e8tres est une solution logicielle con\u00e7ue pour rationaliser le processus d'achat de mati\u00e8res premi\u00e8res pour la production de d\u00e9bitm\u00e8tres. Le syst\u00e8me permet aux utilisateurs de rechercher et d'acheter rapidement et facilement les composants n\u00e9cessaires \u00e0 leur production de d\u00e9bitm\u00e8tres. Il fournit \u00e9galement des informations d\u00e9taill\u00e9es sur les composants, y compris les prix, la disponibilit\u00e9 et les d\u00e9lais de livraison. Le syst\u00e8me permet \u00e9galement aux utilisateurs de suivre leurs commandes et de g\u00e9rer leurs stocks. Cela permet de s'assurer que les bons composants sont toujours disponibles lorsque l'on en a besoin.<\/p>\n<\/div>\n<div id=\"12\">\n<p><strong>12.About flow meter for water line production skills training<\/strong><\/p>\n<p>La formation aux techniques de production des d\u00e9bitm\u00e8tres est con\u00e7ue pour enseigner aux techniciens et aux ing\u00e9nieurs les comp\u00e9tences n\u00e9cessaires \u00e0 la production et \u00e0 l'entretien des d\u00e9bitm\u00e8tres. La formation couvre des sujets tels que les principes de la mesure du d\u00e9bit, les types de d\u00e9bitm\u00e8tres disponibles, l'installation et l'entretien des d\u00e9bitm\u00e8tres, et les techniques de d\u00e9pannage. La formation couvre \u00e9galement l'utilisation de logiciels informatiques pour analyser et interpr\u00e9ter les donn\u00e9es de d\u00e9bit. La formation se d\u00e9roule g\u00e9n\u00e9ralement dans une salle de classe et peut inclure des activit\u00e9s pratiques.<\/p>\n<\/div>\n<div id=\"13\">\n<p><strong>13.Can the measurement results of the flow meter for water line be output and recorded remotely?<\/strong><\/p>\n<p>Oui, de nombreux d\u00e9bitm\u00e8tres sont \u00e9quip\u00e9s de capacit\u00e9s de sortie et d'enregistrement \u00e0 distance. Cela permet aux utilisateurs de surveiller et d'enregistrer les donn\u00e9es de d\u00e9bit \u00e0 partir d'un site distant.<\/p>\n<\/div>\n<div id=\"14\">\n<p><strong>14.About flow meter for water line production skills training<\/strong><\/p>\n<p>La formation aux techniques de production des d\u00e9bitm\u00e8tres est con\u00e7ue pour enseigner aux techniciens et aux ing\u00e9nieurs les comp\u00e9tences n\u00e9cessaires \u00e0 la production et \u00e0 l'entretien des d\u00e9bitm\u00e8tres. La formation couvre des sujets tels que les principes de la mesure du d\u00e9bit, les types de d\u00e9bitm\u00e8tres disponibles, l'installation et l'entretien des d\u00e9bitm\u00e8tres, et les techniques de d\u00e9pannage. La formation couvre \u00e9galement l'utilisation de logiciels informatiques pour analyser et interpr\u00e9ter les donn\u00e9es de d\u00e9bit. La formation se d\u00e9roule g\u00e9n\u00e9ralement dans une salle de classe et peut inclure des activit\u00e9s pratiques.<\/p>\n<\/div>\n<div id=\"15\">\n<p><strong>15.About flow meter for water line overseas warehouse<\/strong><\/p>\n<p>Les entrep\u00f4ts de d\u00e9bitm\u00e8tres \u00e0 l'\u00e9tranger sont des entrep\u00f4ts situ\u00e9s dans des pays \u00e9trangers qui stockent des d\u00e9bitm\u00e8tres et des produits connexes. Ces entrep\u00f4ts sont utilis\u00e9s pour stocker et distribuer des d\u00e9bitm\u00e8tres \u00e0 des clients dans diff\u00e9rents pays. Ils sont g\u00e9n\u00e9ralement situ\u00e9s dans des pays o\u00f9 la demande de d\u00e9bitm\u00e8tres est importante, comme les \u00c9tats-Unis, le Canada et l'Europe. Les entrep\u00f4ts sont g\u00e9n\u00e9ralement d\u00e9tenus et g\u00e9r\u00e9s par le fabricant des d\u00e9bitm\u00e8tres ou par un prestataire logistique tiers. Les entrep\u00f4ts contiennent g\u00e9n\u00e9ralement une grande vari\u00e9t\u00e9 de d\u00e9bitm\u00e8tres, y compris des d\u00e9bitm\u00e8tres num\u00e9riques, analogiques et \u00e0 ultrasons. Ils stockent \u00e9galement des pi\u00e8ces de rechange et des accessoires pour les d\u00e9bitm\u00e8tres.<\/p>\n<p><img style=\"max-width: 100%;\" title=\"About flow meter for water line overseas warehouse\" src=\"https:\/\/www.hginstrument.com\/wp-content\/uploads\/2021\/07\/hgrs-1.jpg\" alt=\"About flow meter for water line overseas warehouse\" \/><\/p>\n<\/div>\n<div id=\"16\">\n<p><strong>16.About flow meter for water line delivery date<\/strong><\/p>\n<p>La date de livraison d'un d\u00e9bitm\u00e8tre d\u00e9pend du type de d\u00e9bitm\u00e8tre, du fabricant et de la disponibilit\u00e9 du produit. En g\u00e9n\u00e9ral, la plupart des d\u00e9bitm\u00e8tres peuvent \u00eatre livr\u00e9s dans un d\u00e9lai de quelques jours \u00e0 quelques semaines. Toutefois, la livraison de certains d\u00e9bitm\u00e8tres sp\u00e9cialis\u00e9s peut prendre plus de temps. Il est pr\u00e9f\u00e9rable de contacter directement le fabricant pour obtenir une date de livraison pr\u00e9cise.<\/p>\n<\/div>\n<p>&nbsp;<\/p>\n<p>Tag\uff1a<a href=\"\/fr\/magnetic-flow-meter\/in-line-water-flow-meter\/\">compteur d'eau en ligne<\/a>,<a href=\"\/fr\/magnetic-flow-meter\/flow-meter-for-gas\/\">flow meter for gas<\/a>,<a href=\"\/fr\/magnetic-flow-meter\/inline-turbine-flow-meter\/\">d\u00e9bitm\u00e8tre \u00e0 turbine en ligne<\/a>,<a href=\"\/fr\/magnetic-flow-meter\/cfh-flow-meter\/\">cfh flow meter<\/a>,<a href=\"\/fr\/magnetic-flow-meter\/water-flow-meter-4-20ma-output\/\">d\u00e9bitm\u00e8tre d'eau sortie 4-20ma<\/a><\/p>\n<p>&nbsp;<\/p>","protected":false},"excerpt":{"rendered":"<p><strong>Donn\u00e9es techniques<\/strong><br \/>\nPeut \u00eatre utilis\u00e9 pour les fluides liquides ou gazeux, g\u00e9n\u00e9ralement pour mesurer le d\u00e9bit de la vapeur, de la vapeur, de l'air et du gaz naturel.<br \/>\nTaille du compteur : Type en ligne : DN25 - DN300<br \/>\nOption de mat\u00e9riau en contact avec le liquide : SS304, SS316<br \/>\nTemp\u00e9rature de fonctionnement : \u2264250\u2103<br \/>\nRaccordement au processus : Wafer \/ Bride \/ Tri-clamp pour le type en ligne<br \/>\nPr\u00e9cision de mesure : 1,0 % - 1,5% de la plage d'\u00e9talonnage<br \/>\nIndicateur num\u00e9rique : affichage du d\u00e9bit instantan\u00e9, du d\u00e9bit total<br \/>\nAlimentation : 24VDC, Sortie : 4-20mA<\/p>\n<p><strong>caract\u00e9ristiques<\/strong><br \/>\n1. points de consigne ON\/OFF r\u00e9glables<br \/>\n2. mode d'alarme de d\u00e9bit Hi ou Lo<br \/>\n3. d\u00e9lai r\u00e9glable<br \/>\n4. LED d'\u00e9tat du relais<\/p>","protected":false},"featured_media":3691,"comment_status":"closed","ping_status":"closed","template":"","meta":[],"product_cat":[2372],"product_tag":[],"acf":[],"_links":{"self":[{"href":"https:\/\/www.hginstrument.com\/fr\/wp-json\/wp\/v2\/product\/5260"}],"collection":[{"href":"https:\/\/www.hginstrument.com\/fr\/wp-json\/wp\/v2\/product"}],"about":[{"href":"https:\/\/www.hginstrument.com\/fr\/wp-json\/wp\/v2\/types\/product"}],"replies":[{"embeddable":true,"href":"https:\/\/www.hginstrument.com\/fr\/wp-json\/wp\/v2\/comments?post=5260"}],"wp:featuredmedia":[{"embeddable":true,"href":"https:\/\/www.hginstrument.com\/fr\/wp-json\/wp\/v2\/media\/3691"}],"wp:attachment":[{"href":"https:\/\/www.hginstrument.com\/fr\/wp-json\/wp\/v2\/media?parent=5260"}],"wp:term":[{"taxonomy":"product_cat","embeddable":true,"href":"https:\/\/www.hginstrument.com\/fr\/wp-json\/wp\/v2\/product_cat?post=5260"},{"taxonomy":"product_tag","embeddable":true,"href":"https:\/\/www.hginstrument.com\/fr\/wp-json\/wp\/v2\/product_tag?post=5260"}],"curies":[{"name":"wp","href":"https:\/\/api.w.org\/{rel}","templated":true}]}}