{"id":5340,"date":"2023-12-24T03:00:34","date_gmt":"2023-12-23T19:00:34","guid":{"rendered":"https:\/\/www.hginstrument.com\/?post_type=product&#038;p=5340"},"modified":"2024-01-10T09:36:33","modified_gmt":"2024-01-10T01:36:33","slug":"fuel-flow-meter-boat","status":"publish","type":"product","link":"https:\/\/www.hginstrument.com\/fr\/magnetic-flow-meter\/fuel-flow-meter-boat\/","title":{"rendered":"fuel flow meter boat"},"content":{"rendered":"<p>This advanced device is designed to measure the quantity and velocity of liquid, gas, or steam as it passes through a pipe or duct. With its state-of-the-art technology and superior performance, fuel flow meter boat offers precise and reliable measurements that help optimize processes and improve efficiency.<\/p>\n<p>fuel flow meter boats are essential devices for measuring the flow rate and volume of liquids, gases, and steam in various industrial processes. They are widely used in industries such as oil and gas, water and wastewater treatment, chemical, and pharmaceutical to monitor and control the flow of fluids.<\/p>\n<table class=\"table table-bordered\">\n<tbody>\n<tr>\n<td><span style=\"vertical-align: inherit;\"><span style=\"vertical-align: inherit;\">Type\uff1a<\/span><\/span><\/td>\n<td><span style=\"vertical-align: inherit;\">fuel flow meter boat<\/span><\/td>\n<td><span style=\"vertical-align: inherit;\"><span style=\"vertical-align: inherit;\">Signal de sortie\uff1a<\/span><\/span><\/td>\n<td><span style=\"vertical-align: inherit;\"><span style=\"vertical-align: inherit;\">4-20 mA, impulsion\/fr\u00e9quence 2 kHz (par d\u00e9faut), 5 kHz (max)<\/span><\/span><\/td>\n<\/tr>\n<tr>\n<td><span style=\"vertical-align: inherit;\"><span style=\"vertical-align: inherit;\">Lieu d'origine\uff1a<\/span><\/span><\/td>\n<td><span style=\"vertical-align: inherit;\"><span style=\"vertical-align: inherit;\">Jiangsu\uff0cChina<\/span><\/span><\/td>\n<td><span style=\"vertical-align: inherit;\"><span style=\"vertical-align: inherit;\">Incorporer le type\uff1a<\/span><\/span><\/td>\n<td><span style=\"vertical-align: inherit;\"><span style=\"vertical-align: inherit;\">-10\u2103- +55\u2103<\/span><\/span><\/td>\n<\/tr>\n<tr>\n<td><span style=\"vertical-align: inherit;\"><span style=\"vertical-align: inherit;\">Garantie\uff1a<\/span><\/span><\/td>\n<td><span style=\"vertical-align: inherit;\"><span style=\"vertical-align: inherit;\">17 mois<\/span><\/span><\/td>\n<td><span style=\"vertical-align: inherit;\"><span style=\"vertical-align: inherit;\">Tension d'alimentation\uff1a<\/span><\/span><\/td>\n<td><span style=\"vertical-align: inherit;\"><span style=\"vertical-align: inherit;\">110\/220VAC (100-240VAC), 50Hz\/60Hz ; 24VDC\u00b110%<\/span><\/span><\/td>\n<\/tr>\n<tr>\n<td><span style=\"vertical-align: inherit;\"><span style=\"vertical-align: inherit;\">Soutien personnalis\u00e9\uff1a<\/span><\/span><\/td>\n<td><span style=\"vertical-align: inherit;\"><span style=\"vertical-align: inherit;\">OEM, ODM, OBM<\/span><\/span><\/td>\n<td><span style=\"vertical-align: inherit;\"><span style=\"vertical-align: inherit;\">Communication num\u00e9rique\uff1a<\/span><\/span><\/td>\n<td><span style=\"vertical-align: inherit;\"><span style=\"vertical-align: inherit;\">RS-485, supportant le protocole standard Mudbugs-RTU ; GPRS<\/span><\/span><\/td>\n<\/tr>\n<tr>\n<td><span style=\"vertical-align: inherit;\"><span style=\"vertical-align: inherit;\">Nom de marque\uff1a<\/span><\/span><\/td>\n<td><span style=\"vertical-align: inherit;\"><span style=\"vertical-align: inherit;\">GROUPE SUYI<\/span><\/span><\/td>\n<td><span style=\"vertical-align: inherit;\"><span style=\"vertical-align: inherit;\">Pression nominale\uff1a<\/span><\/span><\/td>\n<td><span style=\"vertical-align: inherit;\"><span style=\"vertical-align: inherit;\">1MPa (DN15-DN800), 1,6MPa(DN15-DN800), 2,5MPa(DN15-DN600)<\/span><\/span><\/td>\n<\/tr>\n<tr>\n<td><span style=\"vertical-align: inherit;\"><span style=\"vertical-align: inherit;\">Num\u00e9ro de mod\u00e8le\uff1a<\/span><\/span><\/td>\n<td><span style=\"vertical-align: inherit;\"><span style=\"vertical-align: inherit;\">autres<\/span><\/span><\/td>\n<td><span style=\"vertical-align: inherit;\"><span style=\"vertical-align: inherit;\">Capteur\uff1a<\/span><\/span><\/td>\n<td><span style=\"vertical-align: inherit;\"><span style=\"vertical-align: inherit;\">0\u2103- +80\u2103 ou -25\u2103- +120\u2103 ou +70\u2103- +250\u2103<\/span><\/span><\/td>\n<\/tr>\n<tr>\n<td><span style=\"vertical-align: inherit;\"><span style=\"vertical-align: inherit;\">Nom du produit\uff1a<\/span><\/span><\/td>\n<td><span style=\"vertical-align: inherit;\"><span style=\"vertical-align: inherit;\">D\u00e9bitm\u00e8tre \u00e9lectromagn\u00e9tique intelligent pour produits chimiques<\/span><\/span><\/td>\n<td><span style=\"vertical-align: inherit;\"><span style=\"vertical-align: inherit;\">D\u00e9tails de l'emballage\uff1a<\/span><\/span><\/td>\n<td><span style=\"vertical-align: inherit;\"><span style=\"vertical-align: inherit;\">1 jeu par paquet ou selon la demande du client<\/span><\/span><\/td>\n<\/tr>\n<tr>\n<td><span style=\"vertical-align: inherit;\"><span style=\"vertical-align: inherit;\">Diam\u00e8tre nominal\uff1a<\/span><\/span><\/td>\n<td><span style=\"vertical-align: inherit;\"><span style=\"vertical-align: inherit;\">3-2849mm<\/span><\/span><\/td>\n<td><span style=\"vertical-align: inherit;\"><span style=\"vertical-align: inherit;\">Capacit\u00e9 d'approvisionnement\uff1a<\/span><\/span><\/td>\n<td><span style=\"vertical-align: inherit;\"><span style=\"vertical-align: inherit;\">1721 Set\/Sets per Month<\/span><\/span><\/td>\n<\/tr>\n<tr>\n<td><span style=\"vertical-align: inherit;\"><span style=\"vertical-align: inherit;\">gamme de vitesses\uff1a<\/span><\/span><\/td>\n<td><span style=\"vertical-align: inherit;\"><span style=\"vertical-align: inherit;\">0-8m\/s<\/span><\/span><\/td>\n<td><span style=\"vertical-align: inherit;\"><span style=\"vertical-align: inherit;\">Quantit\u00e9 (jeux)\uff1a<\/span><\/span><\/td>\n<td><span style=\"vertical-align: inherit;\"><span style=\"vertical-align: inherit;\">&gt; 30<\/span><\/span><\/td>\n<\/tr>\n<tr>\n<td><span style=\"vertical-align: inherit;\"><span style=\"vertical-align: inherit;\">Degr\u00e9 de pr\u00e9cision\uff1a<\/span><\/span><\/td>\n<td><span style=\"vertical-align: inherit;\"><span style=\"vertical-align: inherit;\">\u00b10,5%R, \u00b11%R ( &lt; DN20)<\/span><\/span><\/td>\n<td><span style=\"vertical-align: inherit;\"><span style=\"vertical-align: inherit;\">D\u00e9lai d'ex\u00e9cution (jours)\uff1a<\/span><\/span><\/td>\n<td><span style=\"vertical-align: inherit;\"><span style=\"vertical-align: inherit;\">A n\u00e9gocier<\/span><\/span><\/td>\n<\/tr>\n<\/tbody>\n<\/table>\n<p>&nbsp;<\/p>\n<p>&nbsp;<\/p>\n<p style=\"text-align: center;\"><img title=\"fuel flow meter boat\" src=\"https:\/\/www.hginstrument.com\/wp-content\/uploads\/2021\/07\/in-line-pipeline-type-hgd-electromagnetic-flow-meter.jpg\" \/><\/p>\n<p>&nbsp;<\/p>\n<p>&nbsp;<\/p>\n<p style=\"text-align: center;\"><img title=\"fuel flow meter boat\" src=\"https:\/\/www.hginstrument.com\/wp-content\/uploads\/2021\/07\/insertion-01.jpg\" \/><\/p>\n<p>&nbsp;<\/p>\n<p>&nbsp;<\/p>\n<p style=\"text-align: center;\"><img title=\"fuel flow meter boat\" src=\"https:\/\/www.hginstrument.com\/wp-content\/uploads\/2021\/07\/sanitary-mag-1.jpg\" \/><\/p>\n<p><strong>fuel flow meter boat FAQs Guide.<\/strong><\/p>\n<p>At the heart of our fuel flow meter boat series lies a commitment to excellence, blending advanced sensor technology with user-friendly interfaces. From liquid to gas, our meters deliver unparalleled accuracy, empowering you to make informed decisions and streamline operations. As we usher in a new era of fluid measurement, we invite you to explore the limitless possibilities that our fuel flow meter boats unlock \u2013 where precision meets performance, and innovation flows seamlessly.<\/p>\n<div style=\"border: 3px solid #f89900; margin: 20px 0; padding: 20px;\"><a href=\"\/fr\/fuel-flow-meter-boat\/#01\">1.What fluids are fuel flow meter boats mainly used for measuring?<\/a><br \/>\n<a href=\"\/fr\/fuel-flow-meter-boat\/#02\">2.About the development history of fuel flow meter boat factory<\/a><br \/>\n<a href=\"\/fr\/fuel-flow-meter-boat\/#03\">3.What is the response time of the fuel flow meter boat?<\/a><br \/>\n<a href=\"\/fr\/fuel-flow-meter-boat\/#04\">4.Does the fuel flow meter boat have a function to prevent misuse?<\/a><br \/>\n<a href=\"\/fr\/fuel-flow-meter-boat\/#05\">5.What is the applicable pressure range of fuel flow meter boat?<\/a><br \/>\n<a href=\"\/fr\/fuel-flow-meter-boat\/#06\">6.About fuel flow meter boat production equipment<\/a><br \/>\n<a href=\"\/fr\/fuel-flow-meter-boat\/#07\">7.What are the common types of fuel flow meter boats?<\/a><br \/>\n<a href=\"\/fr\/fuel-flow-meter-boat\/#08\">8.How does a fuel flow meter boat measure flow?<\/a><br \/>\n<a href=\"\/fr\/fuel-flow-meter-boat\/#09\">9.What industries is fuel flow meter boat suitable for?<\/a><br \/>\n<a href=\"\/fr\/fuel-flow-meter-boat\/#010\">10.What is the difference between fuel flow meter boat SUYI group vs fuel flow meter boat Yokogawa vs fuel flow meter boat ABB<\/a><br \/>\n<a href=\"\/fr\/fuel-flow-meter-boat\/#11\">11.Are fuel flow meter boat measurement results traceable?<\/a><br \/>\n<a href=\"\/fr\/fuel-flow-meter-boat\/#12\">12.Does fuel flow meter boat have real-time monitoring function?<\/a><br \/>\n<a href=\"\/fr\/fuel-flow-meter-boat\/#13\">13.What is the difference between fuel flow meter boat SUYI group vs fuel flow meter boat Schneider Electric vs fuel flow meter boat Badger Meter<\/a><br \/>\n<a href=\"\/fr\/fuel-flow-meter-boat\/#14\">14.About fuel flow meter boat origin<\/a><br \/>\n<a href=\"\/fr\/fuel-flow-meter-boat\/#15\">15.What are the options for the exterior materials of the fuel flow meter boat?<\/a><br \/>\n<a href=\"\/fr\/fuel-flow-meter-boat\/#16\">16.About fuel flow meter boat technology<\/a><br \/>\n<a href=\"\/fr\/fuel-flow-meter-boat\/#17\">17.What are the installation methods of fuel flow meter boat?<\/a><\/div>\n<div id=\"01\">\n<p><strong>1.What fluids are fuel flow meter boats mainly used for measuring?<\/strong><\/p>\n<p>Nous mettons l'accent sur le travail d'\u00e9quipe et la communication pour atteindre des objectifs communs, nous attachons une grande importance \u00e0 ce d\u00e9tail.<br \/>\nLes d\u00e9bitm\u00e8tres sont principalement utilis\u00e9s pour mesurer le d\u00e9bit de liquides, de gaz et de vapeur.<\/p>\n<\/div>\n<div id=\"02\">\n<p><strong>2.About the development history of fuel flow meter boat factory<\/strong><\/p>\n<p>L'usine de d\u00e9bitm\u00e8tres a \u00e9t\u00e9 cr\u00e9\u00e9e au d\u00e9but des ann\u00e9es 1990. Elle a \u00e9t\u00e9 fond\u00e9e par un groupe d'ing\u00e9nieurs et de techniciens qui poss\u00e9daient une vaste exp\u00e9rience dans la conception et la fabrication de d\u00e9bitm\u00e8tres. La soci\u00e9t\u00e9 s'est d'abord concentr\u00e9e sur la production de d\u00e9bitm\u00e8tres m\u00e9caniques, mais elle a rapidement \u00e9largi sa gamme de produits pour y inclure les d\u00e9bitm\u00e8tres \u00e9lectroniques. Au fil des ans, l'entreprise a d\u00e9velopp\u00e9 une large gamme de d\u00e9bitm\u00e8tres pour diverses applications, notamment industrielles, commerciales et r\u00e9sidentielles. Elle a \u00e9galement mis au point une gamme de solutions logicielles et mat\u00e9rielles pour la mesure et le contr\u00f4le des d\u00e9bits. Aujourd'hui, l'entreprise est l'un des principaux fabricants de d\u00e9bitm\u00e8tres et de produits connexes, et elle est reconnue comme un leader dans l'industrie.<\/p>\n<\/div>\n<div id=\"03\">\n<p><strong>3.What is the response time of the fuel flow meter boat?<\/strong><\/p>\n<p>Nous avons \u00e9tabli des partenariats stables et \u00e0 long terme avec nos fournisseurs, ce qui nous conf\u00e8re de grands avantages en termes de prix, de co\u00fbts et d'assurance qualit\u00e9.<br \/>\nLe temps de r\u00e9ponse d'un d\u00e9bitm\u00e8tre peut varier en fonction du type de d\u00e9bitm\u00e8tre utilis\u00e9. En g\u00e9n\u00e9ral, le temps de r\u00e9ponse d'un d\u00e9bitm\u00e8tre est compris entre 0,1 et 1 seconde.<\/p>\n<p><img style=\"max-width: 100%;\" title=\"What is the response time of the fuel flow meter boat?\" src=\"https:\/\/www.hginstrument.com\/wp-content\/uploads\/2021\/07\/v-cone-5.jpg\" alt=\"What is the response time of the fuel flow meter boat?\" \/><\/p>\n<\/div>\n<div id=\"04\">\n<p><strong>4.Does the fuel flow meter boat have a function to prevent misuse?<\/strong><\/p>\n<p>As one of the fuel flow meter boat market leaders, we are known for innovation and reliability.<br \/>\nLa plupart des d\u00e9bitm\u00e8tres ne sont pas dot\u00e9s d'une fonction de pr\u00e9vention des abus, mais certains mod\u00e8les peuvent pr\u00e9senter des caract\u00e9ristiques qui peuvent contribuer \u00e0 r\u00e9duire le risque d'abus. Par exemple, certains d\u00e9bitm\u00e8tres peuvent \u00eatre dot\u00e9s d'une fonction de verrouillage qui emp\u00eache les utilisateurs non autoris\u00e9s de modifier les r\u00e9glages ou d'acc\u00e9der aux donn\u00e9es. En outre, certains d\u00e9bitm\u00e8tres peuvent \u00eatre dot\u00e9s d'une fonction de protection par mot de passe qui oblige l'utilisateur \u00e0 saisir un mot de passe avant de pouvoir acc\u00e9der aux donn\u00e9es ou aux param\u00e8tres.<\/p>\n<\/div>\n<div id=\"05\">\n<p><strong>5.What is the applicable pressure range of fuel flow meter boat?<\/strong><\/p>\n<p>Nos produits et services couvrent un large \u00e9ventail de domaines et r\u00e9pondent aux besoins de diff\u00e9rents secteurs.<br \/>\nLa plage de pression applicable \u00e0 un d\u00e9bitm\u00e8tre d\u00e9pend du type de d\u00e9bitm\u00e8tre utilis\u00e9. En g\u00e9n\u00e9ral, les d\u00e9bitm\u00e8tres peuvent mesurer des pressions allant de 0,1 bar \u00e0 1000 bars.<\/p>\n<\/div>\n<div id=\"06\">\n<p><strong>6.About fuel flow meter boat production equipment<\/strong><\/p>\n<p>L'\u00e9quipement de production de d\u00e9bitm\u00e8tres est utilis\u00e9 pour fabriquer des d\u00e9bitm\u00e8tres, qui sont des dispositifs utilis\u00e9s pour mesurer le d\u00e9bit d'un liquide ou d'un gaz. Cet \u00e9quipement comprend g\u00e9n\u00e9ralement une vari\u00e9t\u00e9 de machines et d'outils, tels que des tours, des fraiseuses, des perceuses \u00e0 colonne et des machines \u00e0 commande num\u00e9rique. Il comprend \u00e9galement des outils sp\u00e9cialis\u00e9s pour assembler et tester les d\u00e9bitm\u00e8tres. L'\u00e9quipement utilis\u00e9 pour produire des d\u00e9bitm\u00e8tres est hautement sp\u00e9cialis\u00e9 et doit \u00eatre en mesure de produire des r\u00e9sultats pr\u00e9cis et fiables.<\/p>\n<p><img style=\"max-width: 100%;\" title=\"About fuel flow meter boat production equipment\" src=\"https:\/\/www.hginstrument.com\/wp-content\/uploads\/2021\/07\/hluc-1.jpg\" alt=\"About fuel flow meter boat production equipment\" \/><\/p>\n<\/div>\n<div id=\"07\">\n<p><strong>7.What are the common types of fuel flow meter boats?<\/strong><\/p>\n<p>Our mission is to provide customers with the best solutions for fuel flow meter boat.<br \/>\n1. D\u00e9bitm\u00e8tres \u00e0 pression diff\u00e9rentielle<br \/>\n2. D\u00e9bitm\u00e8tres \u00e0 d\u00e9placement positif<br \/>\n3. D\u00e9bitm\u00e8tres \u00e0 turbine<br \/>\n4. D\u00e9bitm\u00e8tres magn\u00e9tiques<br \/>\n5. D\u00e9bitm\u00e8tres \u00e0 ultrasons<br \/>\n6. D\u00e9bitm\u00e8tres \u00e0 effet Coriolis<br \/>\n7. D\u00e9bitm\u00e8tres \u00e0 vortex<br \/>\n8. D\u00e9bitm\u00e8tres cibles<br \/>\n9. D\u00e9bitm\u00e8tres \u00e0 surface variable<br \/>\n10. D\u00e9bitm\u00e8tres massiques<\/p>\n<\/div>\n<div id=\"08\">\n<p><strong>8.How does a fuel flow meter boat measure flow?<\/strong><\/p>\n<p>We operate our fuel flow meter boat business with integrity and honesty.<br \/>\nUn d\u00e9bitm\u00e8tre mesure le d\u00e9bit en mesurant la vitesse d'un fluide lorsqu'il passe dans un tuyau ou un autre conduit. Cela se fait g\u00e9n\u00e9ralement en mesurant la chute de pression dans une zone connue ou en mesurant le temps n\u00e9cessaire pour qu'un volume de fluide passe \u00e0 travers une zone connue. D'autres m\u00e9thodes consistent \u00e0 utiliser une turbine, une roue \u00e0 aubes ou un transducteur \u00e0 ultrasons pour mesurer la vitesse du fluide.<\/p>\n<\/div>\n<div id=\"09\">\n<p><strong>9.What industries is fuel flow meter boat suitable for?<\/strong><\/p>\n<p>Nous maintenons un certain niveau d'investissement en R&amp;D chaque ann\u00e9e et am\u00e9liorons continuellement l'efficacit\u00e9 op\u00e9rationnelle afin de fournir de meilleurs services \u00e0 nos clients coop\u00e9ratifs.<br \/>\nLes d\u00e9bitm\u00e8tres conviennent \u00e0 un large \u00e9ventail d'industries, notamment le p\u00e9trole et le gaz, l'eau et les eaux us\u00e9es, le traitement chimique, l'alimentation et les boissons, les produits pharmaceutiques, la production d'\u00e9nergie et les syst\u00e8mes de chauffage, de ventilation et de climatisation.<\/p>\n<p><img style=\"max-width: 100%;\" title=\"What industries is fuel flow meter boat suitable for?\" src=\"https:\/\/www.hginstrument.com\/wp-content\/uploads\/2021\/07\/hgcmf-c1-1.jpg\" alt=\"What industries is fuel flow meter boat suitable for?\" \/><\/p>\n<\/div>\n<div id=\"010\">\n<p><strong>10.What is the difference between fuel flow meter boat SUYI group vs fuel flow meter boat Yokogawa vs fuel flow meter boat ABB<\/strong><\/p>\n<p>Les d\u00e9bitm\u00e8tres du groupe SUYI, de Yokogawa et d'ABB mesurent tous le d\u00e9bit d'un fluide, mais ils diff\u00e8rent en termes de pr\u00e9cision, de fonctionnalit\u00e9s et de co\u00fbt. Les d\u00e9bitm\u00e8tres du groupe SUYI sont g\u00e9n\u00e9ralement plus abordables que ceux de Yokogawa et d'ABB, mais ils peuvent ne pas avoir autant de fonctions ou une pr\u00e9cision aussi \u00e9lev\u00e9e. Les d\u00e9bitm\u00e8tres Yokogawa sont r\u00e9put\u00e9s pour leur pr\u00e9cision et leur fiabilit\u00e9, mais ils ont tendance \u00e0 \u00eatre plus chers que les d\u00e9bitm\u00e8tres du groupe SUYI et d'ABB. Les d\u00e9bitm\u00e8tres ABB sont r\u00e9put\u00e9s pour leur robustesse et leur durabilit\u00e9, mais ils sont \u00e9galement plus chers que les deux autres marques.<\/p>\n<\/div>\n<div id=\"11\">\n<p><strong>11.Are fuel flow meter boat measurement results traceable?<\/strong><\/p>\n<p>Our company has many years of fuel flow meter boat experience and expertise.<br \/>\nOui, les r\u00e9sultats des mesures des d\u00e9bitm\u00e8tres peuvent \u00eatre tra\u00e7ables. La tra\u00e7abilit\u00e9 est la capacit\u00e9 de retracer l'historique, l'application ou l'emplacement d'un \u00e9l\u00e9ment au moyen d'une identification document\u00e9e et enregistr\u00e9e. Les d\u00e9bitm\u00e8tres sont g\u00e9n\u00e9ralement \u00e9talonn\u00e9s \u00e0 l'aide d'un \u00e9talon tra\u00e7able, tel qu'un \u00e9talon tra\u00e7able NIST. Cela garantit que les r\u00e9sultats des mesures du d\u00e9bitm\u00e8tre sont tra\u00e7ables \u00e0 un \u00e9talon connu.<\/p>\n<\/div>\n<div id=\"12\">\n<p><strong>12.Does fuel flow meter boat have real-time monitoring function?<\/strong><\/p>\n<p>Oui, certains d\u00e9bitm\u00e8tres ont des fonctions de surveillance en temps r\u00e9el. Ces compteurs sont g\u00e9n\u00e9ralement \u00e9quip\u00e9s de capteurs qui mesurent le d\u00e9bit et transmettent les donn\u00e9es \u00e0 un syst\u00e8me de surveillance. Cela permet de contr\u00f4ler en temps r\u00e9el le d\u00e9bit et d'autres param\u00e8tres.<\/p>\n<p><img style=\"max-width: 100%;\" title=\"Does fuel flow meter boat have real-time monitoring function?\" src=\"https:\/\/www.hginstrument.com\/wp-content\/uploads\/2021\/07\/hls-2000h-m2.jpg\" alt=\"Does fuel flow meter boat have real-time monitoring function?\" \/><\/p>\n<\/div>\n<div id=\"13\">\n<p><strong>13.What is the difference between fuel flow meter boat SUYI group vs fuel flow meter boat Schneider Electric vs fuel flow meter boat Badger Meter<\/strong><\/p>\n<p>Les d\u00e9bitm\u00e8tres du groupe SUYI sont g\u00e9n\u00e9ralement utilis\u00e9s pour des applications industrielles, telles que la mesure du d\u00e9bit de liquides, de gaz et de vapeur. Ils sont con\u00e7us pour \u00eatre fiables et pr\u00e9cis, et sont disponibles dans une vari\u00e9t\u00e9 de tailles et de mat\u00e9riaux.<\/p>\n<p>Les d\u00e9bitm\u00e8tres de Schneider Electric sont con\u00e7us pour des applications industrielles et commerciales et sont disponibles dans une vari\u00e9t\u00e9 de tailles et de mat\u00e9riaux. Ils sont con\u00e7us pour \u00eatre fiables et pr\u00e9cis et conviennent \u00e0 une large gamme d'applications.<\/p>\n<p>Les d\u00e9bitm\u00e8tres de Badger Meter sont con\u00e7us pour des applications industrielles et commerciales et sont disponibles dans une vari\u00e9t\u00e9 de tailles et de mat\u00e9riaux. Ils sont con\u00e7us pour \u00eatre fiables et pr\u00e9cis, et conviennent \u00e0 une large gamme d'applications. Ils offrent \u00e9galement de nombreuses fonctionnalit\u00e9s, telles que la surveillance \u00e0 distance et l'enregistrement des donn\u00e9es.<\/p>\n<\/div>\n<div id=\"14\">\n<p><strong>14.About fuel flow meter boat origin<\/strong><\/p>\n<p>Le premier d\u00e9bitm\u00e8tre a \u00e9t\u00e9 invent\u00e9 en 1832 par un Anglais nomm\u00e9 William Henry. Il a mis au point un appareil utilisant un flotteur pour mesurer le d\u00e9bit d'eau dans un tuyau. Cet appareil \u00e9tait le premier de son genre et le pr\u00e9curseur des d\u00e9bitm\u00e8tres modernes. Depuis lors, les d\u00e9bitm\u00e8tres ont \u00e9t\u00e9 utilis\u00e9s dans diverses industries pour mesurer le d\u00e9bit de liquides, de gaz et d'autres mat\u00e9riaux. Aujourd'hui, les d\u00e9bitm\u00e8tres sont utilis\u00e9s dans diverses applications, de la mesure du d\u00e9bit d'eau dans une canalisation \u00e0 la mesure du d\u00e9bit de p\u00e9trole dans une raffinerie.<\/p>\n<\/div>\n<div id=\"15\">\n<p><strong>15.What are the options for the exterior materials of the fuel flow meter boat?<\/strong><\/p>\n<p>fuel flow meter boat is not a product only, but also can help you comes to money-making.<br \/>\n1. L'aluminium<br \/>\n2. Acier inoxydable<br \/>\n3. Laiton<br \/>\n4. Plastique<br \/>\n5. Polypropyl\u00e8ne<br \/>\n6. PVC<br \/>\n7. Polycarbonate<br \/>\n8. Fibre de verre<br \/>\n9. Titane<br \/>\n10. Cuivre<\/p>\n<p><img style=\"max-width: 100%;\" title=\"What are the options for the exterior materials of the fuel flow meter boat?\" src=\"https:\/\/www.hginstrument.com\/wp-content\/uploads\/2021\/07\/verabar-1.jpg\" alt=\"What are the options for the exterior materials of the fuel flow meter boat?\" \/><\/p>\n<\/div>\n<div id=\"16\">\n<p><strong>16.About fuel flow meter boat technology<\/strong><\/p>\n<p>La technologie des d\u00e9bitm\u00e8tres est un type de technologie de mesure utilis\u00e9 pour mesurer le d\u00e9bit d'un fluide ou d'un gaz. Elle est utilis\u00e9e dans une vari\u00e9t\u00e9 d'industries, y compris le p\u00e9trole et le gaz, l'eau et les eaux us\u00e9es, et le traitement chimique. Les d\u00e9bitm\u00e8tres mesurent le d\u00e9bit d'un fluide ou d'un gaz en mesurant la pression, la vitesse ou d'autres propri\u00e9t\u00e9s physiques du fluide ou du gaz. Les d\u00e9bitm\u00e8tres peuvent \u00eatre utilis\u00e9s pour mesurer le d\u00e9bit de liquides, de gaz et de vapeur. Ils sont utilis\u00e9s pour mesurer le d\u00e9bit d'une vari\u00e9t\u00e9 de fluides, y compris l'eau, l'huile et les produits chimiques. Les d\u00e9bitm\u00e8tres sont utilis\u00e9s dans diverses applications, notamment pour le contr\u00f4le des processus, la gestion de l'\u00e9nergie et la surveillance de la s\u00e9curit\u00e9.<\/p>\n<\/div>\n<div id=\"17\">\n<p><strong>17.What are the installation methods of fuel flow meter boat?<\/strong><\/p>\n<p>Our mission is to provide customers with the best solutions for fuel flow meter boat.<br \/>\n1. Installation en ligne : Il s'agit du type d'installation le plus courant pour les d\u00e9bitm\u00e8tres. Il consiste \u00e0 placer le d\u00e9bitm\u00e8tre directement dans la conduite ou le conduit o\u00f9 le fluide s'\u00e9coule.<\/p>\n<p>2. Installation par insertion : Ce type d'installation consiste \u00e0 ins\u00e9rer le d\u00e9bitm\u00e8tre dans la conduite ou le conduit. Cette op\u00e9ration s'effectue g\u00e9n\u00e9ralement \u00e0 l'aide d'une bride ou d'un raccord.<\/p>\n<p>3. Installation en canal ouvert : Ce type d'installation est utilis\u00e9 lorsque l'\u00e9coulement se fait dans un canal ouvert, tel qu'une rivi\u00e8re ou un ruisseau. Le d\u00e9bitm\u00e8tre est plac\u00e9 dans le canal et mesure le d\u00e9bit.<\/p>\n<p>4. Installation submersible : Ce type d'installation est utilis\u00e9 lorsque le d\u00e9bit se trouve dans un environnement submerg\u00e9, tel qu'un puits ou un r\u00e9servoir. Le d\u00e9bitm\u00e8tre est plac\u00e9 dans l'eau et mesure le d\u00e9bit.<\/p>\n<\/div>\n<p>&nbsp;<\/p>\n<p>Tag\uff1a<a href=\"\/fr\/magnetic-flow-meter\/residential-inline-water-flow-meter\/\">compteur d'eau r\u00e9sidentiel en ligne<\/a>,<a href=\"\/fr\/magnetic-flow-meter\/rosemount-magnetic-flow-meter\/\">d\u00e9bitm\u00e8tre magn\u00e9tique rosemount<\/a>,<a href=\"\/fr\/magnetic-flow-meter\/water-specialties-flow-meter\/\">water specialties flow meter<\/a>,<a href=\"\/fr\/magnetic-flow-meter\/1-1\/2-flow-meter\/\">1 1\/2 flow meter<\/a>,<a href=\"\/fr\/magnetic-flow-meter\/totalizer-flow-meter\/\">d\u00e9bitm\u00e8tre totalisateur<\/a><\/p>\n<p>&nbsp;<\/p>","protected":false},"excerpt":{"rendered":"<p><strong>Donn\u00e9es techniques<\/strong><br \/>\nPeut \u00eatre utilis\u00e9 pour les fluides liquides ou gazeux, g\u00e9n\u00e9ralement pour mesurer le d\u00e9bit de la vapeur, de la vapeur, de l'air et du gaz naturel.<br \/>\nTaille du compteur : Type en ligne : DN25 - DN300<br \/>\nOption de mat\u00e9riau en contact avec le liquide : SS304, SS316<br \/>\nTemp\u00e9rature de fonctionnement : \u2264250\u2103<br \/>\nRaccordement au processus : Wafer \/ Bride \/ Tri-clamp pour le type en ligne<br \/>\nPr\u00e9cision de mesure : 1,0 % - 1,5% de la plage d'\u00e9talonnage<br \/>\nIndicateur num\u00e9rique : affichage du d\u00e9bit instantan\u00e9, du d\u00e9bit total<br \/>\nAlimentation : 24VDC, Sortie : 4-20mA<\/p>\n<p><strong>caract\u00e9ristiques<\/strong><br \/>\n1. points de consigne ON\/OFF r\u00e9glables<br \/>\n2. mode d'alarme de d\u00e9bit Hi ou Lo<br \/>\n3. d\u00e9lai r\u00e9glable<br \/>\n4. LED d'\u00e9tat du relais<\/p>","protected":false},"featured_media":3691,"comment_status":"closed","ping_status":"closed","template":"","meta":[],"product_cat":[2372],"product_tag":[],"acf":[],"_links":{"self":[{"href":"https:\/\/www.hginstrument.com\/fr\/wp-json\/wp\/v2\/product\/5340"}],"collection":[{"href":"https:\/\/www.hginstrument.com\/fr\/wp-json\/wp\/v2\/product"}],"about":[{"href":"https:\/\/www.hginstrument.com\/fr\/wp-json\/wp\/v2\/types\/product"}],"replies":[{"embeddable":true,"href":"https:\/\/www.hginstrument.com\/fr\/wp-json\/wp\/v2\/comments?post=5340"}],"wp:featuredmedia":[{"embeddable":true,"href":"https:\/\/www.hginstrument.com\/fr\/wp-json\/wp\/v2\/media\/3691"}],"wp:attachment":[{"href":"https:\/\/www.hginstrument.com\/fr\/wp-json\/wp\/v2\/media?parent=5340"}],"wp:term":[{"taxonomy":"product_cat","embeddable":true,"href":"https:\/\/www.hginstrument.com\/fr\/wp-json\/wp\/v2\/product_cat?post=5340"},{"taxonomy":"product_tag","embeddable":true,"href":"https:\/\/www.hginstrument.com\/fr\/wp-json\/wp\/v2\/product_tag?post=5340"}],"curies":[{"name":"wp","href":"https:\/\/api.w.org\/{rel}","templated":true}]}}