{"id":5352,"date":"2023-12-24T03:26:16","date_gmt":"2023-12-23T19:26:16","guid":{"rendered":"https:\/\/www.hginstrument.com\/?post_type=product&#038;p=5352"},"modified":"2024-01-09T16:57:59","modified_gmt":"2024-01-09T08:57:59","slug":"fuel-tank-flow-meter","status":"publish","type":"product","link":"https:\/\/www.hginstrument.com\/fr\/magnetic-flow-meter\/fuel-tank-flow-meter\/","title":{"rendered":"d\u00e9bitm\u00e8tre du r\u00e9servoir de carburant"},"content":{"rendered":"<p>Le d\u00e9bitm\u00e8tre pour r\u00e9servoir de carburant est un dispositif tr\u00e8s fiable et pr\u00e9cis utilis\u00e9 pour mesurer le d\u00e9bit de liquides et de gaz dans diverses applications industrielles et commerciales. Il est con\u00e7u \u00e0 partir d'une technologie avanc\u00e9e et de composants de haute qualit\u00e9, ce qui le rend durable et r\u00e9sistant aux facteurs externes tels que les changements de temp\u00e9rature et de pression.<\/p>\n<p>L'une des principales caract\u00e9ristiques du d\u00e9bitm\u00e8tre pour r\u00e9servoir de carburant est sa capacit\u00e9 \u00e0 mesurer avec pr\u00e9cision le d\u00e9bit de diff\u00e9rents fluides, y compris les liquides, les gaz et la vapeur. Cela est possible gr\u00e2ce \u00e0 sa m\u00e9thode unique de mesure du d\u00e9bit par pression diff\u00e9rentielle, qui garantit une perte de pression minimale et une grande pr\u00e9cision de mesure. En outre, l'instrument est capable de mesurer des d\u00e9bits sur une large plage, ce qui le rend adapt\u00e9 aux applications \u00e0 faible et \u00e0 fort d\u00e9bit.<\/p>\n<p>Un autre avantage de l'utilisation d'un d\u00e9bitm\u00e8tre pour r\u00e9servoir de carburant est qu'il n\u00e9cessite peu d'entretien. L'instrument est con\u00e7u pour r\u00e9sister aux environnements difficiles et peut fonctionner en continu sans n\u00e9cessiter de nettoyage ni d'\u00e9talonnage fr\u00e9quents. Cela permet non seulement de r\u00e9duire les temps d'arr\u00eat, mais aussi de r\u00e9aliser des \u00e9conomies dans les industries qui ont besoin d'un contr\u00f4le constant du d\u00e9bit.<\/p>\n<table class=\"table table-bordered\">\n<tbody>\n<tr>\n<td><span style=\"vertical-align: inherit;\"><span style=\"vertical-align: inherit;\">Type\uff1a<\/span><\/span><\/td>\n<td><span style=\"vertical-align: inherit;\">d\u00e9bitm\u00e8tre du r\u00e9servoir de carburant<\/span><\/td>\n<td><span style=\"vertical-align: inherit;\"><span style=\"vertical-align: inherit;\">Signal de sortie\uff1a<\/span><\/span><\/td>\n<td><span style=\"vertical-align: inherit;\"><span style=\"vertical-align: inherit;\">4-20 mA, impulsion\/fr\u00e9quence 2 kHz (par d\u00e9faut), 5 kHz (max)<\/span><\/span><\/td>\n<\/tr>\n<tr>\n<td><span style=\"vertical-align: inherit;\"><span style=\"vertical-align: inherit;\">Lieu d'origine\uff1a<\/span><\/span><\/td>\n<td><span style=\"vertical-align: inherit;\"><span style=\"vertical-align: inherit;\">Jiangsu\uff0cChina<\/span><\/span><\/td>\n<td><span style=\"vertical-align: inherit;\"><span style=\"vertical-align: inherit;\">Incorporer le type\uff1a<\/span><\/span><\/td>\n<td><span style=\"vertical-align: inherit;\"><span style=\"vertical-align: inherit;\">-10\u2103- +57\u2103<\/span><\/span><\/td>\n<\/tr>\n<tr>\n<td><span style=\"vertical-align: inherit;\"><span style=\"vertical-align: inherit;\">Garantie\uff1a<\/span><\/span><\/td>\n<td><span style=\"vertical-align: inherit;\"><span style=\"vertical-align: inherit;\">28 mois<\/span><\/span><\/td>\n<td><span style=\"vertical-align: inherit;\"><span style=\"vertical-align: inherit;\">Tension d'alimentation\uff1a<\/span><\/span><\/td>\n<td><span style=\"vertical-align: inherit;\"><span style=\"vertical-align: inherit;\">110\/220VAC (100-240VAC), 50Hz\/60Hz ; 24VDC\u00b110%<\/span><\/span><\/td>\n<\/tr>\n<tr>\n<td><span style=\"vertical-align: inherit;\"><span style=\"vertical-align: inherit;\">Soutien personnalis\u00e9\uff1a<\/span><\/span><\/td>\n<td><span style=\"vertical-align: inherit;\"><span style=\"vertical-align: inherit;\">OEM, ODM, OBM<\/span><\/span><\/td>\n<td><span style=\"vertical-align: inherit;\"><span style=\"vertical-align: inherit;\">Communication num\u00e9rique\uff1a<\/span><\/span><\/td>\n<td><span style=\"vertical-align: inherit;\"><span style=\"vertical-align: inherit;\">RS-485, supportant le protocole standard Mudbugs-RTU ; GPRS<\/span><\/span><\/td>\n<\/tr>\n<tr>\n<td><span style=\"vertical-align: inherit;\"><span style=\"vertical-align: inherit;\">Nom de marque\uff1a<\/span><\/span><\/td>\n<td><span style=\"vertical-align: inherit;\"><span style=\"vertical-align: inherit;\">GROUPE SUYI<\/span><\/span><\/td>\n<td><span style=\"vertical-align: inherit;\"><span style=\"vertical-align: inherit;\">Pression nominale\uff1a<\/span><\/span><\/td>\n<td><span style=\"vertical-align: inherit;\"><span style=\"vertical-align: inherit;\">1MPa (DN15-DN800), 1,6MPa(DN15-DN800), 2,5MPa(DN15-DN600)<\/span><\/span><\/td>\n<\/tr>\n<tr>\n<td><span style=\"vertical-align: inherit;\"><span style=\"vertical-align: inherit;\">Num\u00e9ro de mod\u00e8le\uff1a<\/span><\/span><\/td>\n<td><span style=\"vertical-align: inherit;\"><span style=\"vertical-align: inherit;\">autres<\/span><\/span><\/td>\n<td><span style=\"vertical-align: inherit;\"><span style=\"vertical-align: inherit;\">Capteur\uff1a<\/span><\/span><\/td>\n<td><span style=\"vertical-align: inherit;\"><span style=\"vertical-align: inherit;\">0\u2103- +80\u2103 ou -25\u2103- +120\u2103 ou +70\u2103- +250\u2103<\/span><\/span><\/td>\n<\/tr>\n<tr>\n<td><span style=\"vertical-align: inherit;\"><span style=\"vertical-align: inherit;\">Nom du produit\uff1a<\/span><\/span><\/td>\n<td><span style=\"vertical-align: inherit;\"><span style=\"vertical-align: inherit;\">D\u00e9bitm\u00e8tre \u00e9lectromagn\u00e9tique intelligent pour produits chimiques<\/span><\/span><\/td>\n<td><span style=\"vertical-align: inherit;\"><span style=\"vertical-align: inherit;\">D\u00e9tails de l'emballage\uff1a<\/span><\/span><\/td>\n<td><span style=\"vertical-align: inherit;\"><span style=\"vertical-align: inherit;\">1 jeu par paquet ou selon la demande du client<\/span><\/span><\/td>\n<\/tr>\n<tr>\n<td><span style=\"vertical-align: inherit;\"><span style=\"vertical-align: inherit;\">Diam\u00e8tre nominal\uff1a<\/span><\/span><\/td>\n<td><span style=\"vertical-align: inherit;\"><span style=\"vertical-align: inherit;\">3-3391mm<\/span><\/span><\/td>\n<td><span style=\"vertical-align: inherit;\"><span style=\"vertical-align: inherit;\">Capacit\u00e9 d'approvisionnement\uff1a<\/span><\/span><\/td>\n<td><span style=\"vertical-align: inherit;\"><span style=\"vertical-align: inherit;\">2434 Set\/Sets per Month<\/span><\/span><\/td>\n<\/tr>\n<tr>\n<td><span style=\"vertical-align: inherit;\"><span style=\"vertical-align: inherit;\">gamme de vitesses\uff1a<\/span><\/span><\/td>\n<td><span style=\"vertical-align: inherit;\"><span style=\"vertical-align: inherit;\">0-7m\/s<\/span><\/span><\/td>\n<td><span style=\"vertical-align: inherit;\"><span style=\"vertical-align: inherit;\">Quantit\u00e9 (jeux)\uff1a<\/span><\/span><\/td>\n<td><span style=\"vertical-align: inherit;\"><span style=\"vertical-align: inherit;\">&gt; 30<\/span><\/span><\/td>\n<\/tr>\n<tr>\n<td><span style=\"vertical-align: inherit;\"><span style=\"vertical-align: inherit;\">Degr\u00e9 de pr\u00e9cision\uff1a<\/span><\/span><\/td>\n<td><span style=\"vertical-align: inherit;\"><span style=\"vertical-align: inherit;\">\u00b10,5%R, \u00b11%R ( &lt; DN20)<\/span><\/span><\/td>\n<td><span style=\"vertical-align: inherit;\"><span style=\"vertical-align: inherit;\">D\u00e9lai d'ex\u00e9cution (jours)\uff1a<\/span><\/span><\/td>\n<td><span style=\"vertical-align: inherit;\"><span style=\"vertical-align: inherit;\">A n\u00e9gocier<\/span><\/span><\/td>\n<\/tr>\n<\/tbody>\n<\/table>\n<p>&nbsp;<\/p>\n<p>&nbsp;<\/p>\n<p style=\"text-align: center;\"><img title=\"d\u00e9bitm\u00e8tre du r\u00e9servoir de carburant\" src=\"https:\/\/www.hginstrument.com\/wp-content\/uploads\/2021\/07\/in-line-pipeline-type-hgd-electromagnetic-flow-meter.jpg\" \/><\/p>\n<p>&nbsp;<\/p>\n<p>&nbsp;<\/p>\n<p style=\"text-align: center;\"><img title=\"d\u00e9bitm\u00e8tre du r\u00e9servoir de carburant\" src=\"https:\/\/www.hginstrument.com\/wp-content\/uploads\/2021\/07\/insertion-01.jpg\" \/><\/p>\n<p>&nbsp;<\/p>\n<p>&nbsp;<\/p>\n<p style=\"text-align: center;\"><img title=\"d\u00e9bitm\u00e8tre du r\u00e9servoir de carburant\" src=\"https:\/\/www.hginstrument.com\/wp-content\/uploads\/2021\/07\/sanitary-mag-1.jpg\" \/><\/p>\n<p><strong>Guide des FAQ sur les d\u00e9bitm\u00e8tres de r\u00e9servoir de carburant.<\/strong><\/p>\n<p>Au c\u0153ur de notre s\u00e9rie de d\u00e9bitm\u00e8tres pour r\u00e9servoirs de carburant se trouve un engagement en faveur de l'excellence, associant une technologie de capteur avanc\u00e9e \u00e0 des interfaces conviviales. Du liquide au gaz, nos d\u00e9bitm\u00e8tres offrent une pr\u00e9cision in\u00e9gal\u00e9e, vous permettant de prendre des d\u00e9cisions \u00e9clair\u00e9es et de rationaliser vos op\u00e9rations. Alors que nous entrons dans une nouvelle \u00e8re de la mesure des fluides, nous vous invitons \u00e0 explorer les possibilit\u00e9s illimit\u00e9es qu'offrent nos d\u00e9bitm\u00e8tres pour r\u00e9servoirs de carburant - l\u00e0 o\u00f9 la pr\u00e9cision rencontre la performance, et o\u00f9 l'innovation circule de mani\u00e8re fluide.<\/p>\n<div style=\"border: 3px solid #f89900; margin: 20px 0; padding: 20px;\"><a href=\"\/fr\/fuel-tank-flow-meter\/#01\">1.A propos de l'\u00e9quipement de production de d\u00e9bitm\u00e8tres pour r\u00e9servoirs de carburant<\/a><br \/>\n<a href=\"\/fr\/fuel-tank-flow-meter\/#02\">2. le d\u00e9bitm\u00e8tre du r\u00e9servoir de carburant peut-il \u00eatre \u00e9quip\u00e9 de capteurs de pr\u00e9cision diff\u00e9rente ?<\/a><br \/>\n<a href=\"\/fr\/fuel-tank-flow-meter\/#03\">3.A propos de la garantie du d\u00e9bitm\u00e8tre du r\u00e9servoir de carburant<\/a><br \/>\n<a href=\"\/fr\/fuel-tank-flow-meter\/#04\">4. le d\u00e9bitm\u00e8tre du r\u00e9servoir de carburant dispose-t-il d'une fonction de surveillance en temps r\u00e9el ?<\/a><br \/>\n<a href=\"\/fr\/fuel-tank-flow-meter\/#05\">5. environ d\u00e9bitm\u00e8tre pour r\u00e9servoir de carburant MOQ<\/a><br \/>\n<a href=\"\/fr\/fuel-tank-flow-meter\/#06\">6. quelle est la plage de pression applicable au d\u00e9bitm\u00e8tre du r\u00e9servoir de carburant ?<\/a><br \/>\n<a href=\"\/fr\/fuel-tank-flow-meter\/#07\">7. le d\u00e9bitm\u00e8tre du r\u00e9servoir de carburant n\u00e9cessite-t-il une source d'alimentation externe ?<\/a><br \/>\n<a href=\"\/fr\/fuel-tank-flow-meter\/#08\">8.A propos de la garantie du d\u00e9bitm\u00e8tre du r\u00e9servoir de carburant<\/a><br \/>\n<a href=\"\/fr\/fuel-tank-flow-meter\/#09\">9.A propos des capacit\u00e9s de R&amp;D en mati\u00e8re de d\u00e9bitm\u00e8tres pour r\u00e9servoirs de carburant<\/a><br \/>\n<a href=\"\/fr\/fuel-tank-flow-meter\/#010\">10. quelle est la diff\u00e9rence entre le d\u00e9bitm\u00e8tre pour r\u00e9servoir de carburant SUYI group et le d\u00e9bitm\u00e8tre pour r\u00e9servoir de carburant Endress+Hauser et le d\u00e9bitm\u00e8tre pour r\u00e9servoir de carburant KROHNE ?<\/a><br \/>\n<a href=\"\/fr\/fuel-tank-flow-meter\/#11\">11.A propos du syst\u00e8me d'approvisionnement en mati\u00e8res premi\u00e8res pour les d\u00e9bitm\u00e8tres de r\u00e9servoir de carburant<\/a><br \/>\n<a href=\"\/fr\/fuel-tank-flow-meter\/#12\">12. Quelles sont les m\u00e9thodes d'installation du d\u00e9bitm\u00e8tre pour r\u00e9servoir de carburant ?<\/a><br \/>\n<a href=\"\/fr\/fuel-tank-flow-meter\/#13\">13. quelle est la diff\u00e9rence entre le d\u00e9bitm\u00e8tre pour r\u00e9servoir de carburant SUYI group et le d\u00e9bitm\u00e8tre pour r\u00e9servoir de carburant Yokogawa et le d\u00e9bitm\u00e8tre pour r\u00e9servoir de carburant ABB ?<\/a><\/div>\n<div id=\"01\">\n<p><strong>1.A propos de l'\u00e9quipement de production de d\u00e9bitm\u00e8tres pour r\u00e9servoirs de carburant<\/strong><\/p>\n<p>L'\u00e9quipement de production de d\u00e9bitm\u00e8tres est utilis\u00e9 pour fabriquer des d\u00e9bitm\u00e8tres, qui sont des dispositifs utilis\u00e9s pour mesurer le d\u00e9bit d'un liquide ou d'un gaz. Cet \u00e9quipement comprend g\u00e9n\u00e9ralement une vari\u00e9t\u00e9 de machines et d'outils, tels que des tours, des fraiseuses, des perceuses \u00e0 colonne et des machines \u00e0 commande num\u00e9rique. Il comprend \u00e9galement des outils sp\u00e9cialis\u00e9s pour assembler et tester les d\u00e9bitm\u00e8tres. L'\u00e9quipement utilis\u00e9 pour produire des d\u00e9bitm\u00e8tres est hautement sp\u00e9cialis\u00e9 et doit \u00eatre en mesure de produire des r\u00e9sultats pr\u00e9cis et fiables.<\/p>\n<\/div>\n<div id=\"02\">\n<p><strong>2. le d\u00e9bitm\u00e8tre du r\u00e9servoir de carburant peut-il \u00eatre \u00e9quip\u00e9 de capteurs de pr\u00e9cision diff\u00e9rente ?<\/strong><\/p>\n<p>Oui, les d\u00e9bitm\u00e8tres peuvent \u00eatre \u00e9quip\u00e9s de capteurs de diff\u00e9rentes pr\u00e9cisions. Diff\u00e9rents types de d\u00e9bitm\u00e8tres sont disponibles avec diff\u00e9rents niveaux de pr\u00e9cision, en fonction de l'application. Par exemple, les d\u00e9bitm\u00e8tres \u00e0 turbine sont g\u00e9n\u00e9ralement plus pr\u00e9cis que les d\u00e9bitm\u00e8tres \u00e0 roue \u00e0 aubes.<\/p>\n<\/div>\n<div id=\"03\">\n<p><strong>3.A propos de la garantie du d\u00e9bitm\u00e8tre du r\u00e9servoir de carburant<\/strong><\/p>\n<p>Les garanties des d\u00e9bitm\u00e8tres varient en fonction du fabricant et du type de d\u00e9bitm\u00e8tre. En g\u00e9n\u00e9ral, les garanties couvrent les d\u00e9fauts de mat\u00e9riaux et de fabrication, et peuvent \u00e9galement couvrir certains types de dommages caus\u00e9s par une utilisation normale. Certaines garanties peuvent \u00e9galement couvrir les dommages caus\u00e9s par une installation ou une utilisation incorrecte. Il est important de lire les informations relatives \u00e0 la garantie fournies par le fabricant pour comprendre la couverture sp\u00e9cifique et les limitations de la garantie.<\/p>\n<\/div>\n<div id=\"04\">\n<p><strong>4. le d\u00e9bitm\u00e8tre du r\u00e9servoir de carburant dispose-t-il d'une fonction de surveillance en temps r\u00e9el ?<\/strong><\/p>\n<p>Oui, certains d\u00e9bitm\u00e8tres ont des fonctions de surveillance en temps r\u00e9el. Ces compteurs sont g\u00e9n\u00e9ralement \u00e9quip\u00e9s de capteurs qui mesurent le d\u00e9bit et transmettent les donn\u00e9es \u00e0 un syst\u00e8me de surveillance. Cela permet de contr\u00f4ler en temps r\u00e9el le d\u00e9bit et d'autres param\u00e8tres.<\/p>\n<\/div>\n<div id=\"05\">\n<p><strong>5. environ d\u00e9bitm\u00e8tre pour r\u00e9servoir de carburant MOQ<\/strong><\/p>\n<p>La quantit\u00e9 minimale de commande (QMC) d'un d\u00e9bitm\u00e8tre d\u00e9pend du type de d\u00e9bitm\u00e8tre et du fabricant. En g\u00e9n\u00e9ral, la QMo pour un d\u00e9bitm\u00e8tre se situe entre 1 et 10 unit\u00e9s, mais elle peut varier en fonction du fabricant et du type de d\u00e9bitm\u00e8tre.<\/p>\n<p><img style=\"max-width: 100%;\" title=\"A propos du d\u00e9bitm\u00e8tre pour r\u00e9servoir de carburant MOQ\" src=\"https:\/\/www.hginstrument.com\/wp-content\/uploads\/2021\/07\/hgtf-6.jpg\" alt=\"A propos du d\u00e9bitm\u00e8tre pour r\u00e9servoir de carburant MOQ\" \/><\/p>\n<\/div>\n<div id=\"06\">\n<p><strong>6. quelle est la plage de pression applicable au d\u00e9bitm\u00e8tre du r\u00e9servoir de carburant ?<\/strong><\/p>\n<p>Nos produits et services couvrent un large \u00e9ventail de domaines et r\u00e9pondent aux besoins de diff\u00e9rents secteurs.<br \/>\nLa plage de pression applicable \u00e0 un d\u00e9bitm\u00e8tre d\u00e9pend du type de d\u00e9bitm\u00e8tre utilis\u00e9. En g\u00e9n\u00e9ral, les d\u00e9bitm\u00e8tres peuvent mesurer des pressions allant de 0,1 bar \u00e0 1000 bars.<\/p>\n<\/div>\n<div id=\"07\">\n<p><strong>7. le d\u00e9bitm\u00e8tre du r\u00e9servoir de carburant n\u00e9cessite-t-il une source d'alimentation externe ?<\/strong><\/p>\n<p>Nous adh\u00e9rons au principe de la qualit\u00e9 d'abord et disposons d'un syst\u00e8me complet de gestion de la qualit\u00e9 de la production et d'un processus d'inspection de la qualit\u00e9.<br \/>\nCela d\u00e9pend du type de d\u00e9bitm\u00e8tre. Certains d\u00e9bitm\u00e8tres sont aliment\u00e9s par une source d'\u00e9nergie externe, tandis que d'autres sont aliment\u00e9s par le d\u00e9bit du liquide ou du gaz mesur\u00e9.<\/p>\n<\/div>\n<div id=\"08\">\n<p><strong>8.A propos de la garantie du d\u00e9bitm\u00e8tre du r\u00e9servoir de carburant<\/strong><\/p>\n<p>Les garanties des d\u00e9bitm\u00e8tres varient en fonction du fabricant et du type de d\u00e9bitm\u00e8tre. En g\u00e9n\u00e9ral, les garanties couvrent les d\u00e9fauts de mat\u00e9riaux et de fabrication, et peuvent \u00e9galement couvrir certains types de dommages caus\u00e9s par une utilisation normale. Certaines garanties peuvent \u00e9galement couvrir les dommages caus\u00e9s par une installation ou une utilisation incorrecte. Il est important de lire les informations relatives \u00e0 la garantie fournies par le fabricant pour comprendre la couverture sp\u00e9cifique et les limitations de la garantie.<\/p>\n<\/div>\n<div id=\"09\">\n<p><strong>9.A propos des capacit\u00e9s de R&amp;D en mati\u00e8re de d\u00e9bitm\u00e8tres pour r\u00e9servoirs de carburant<\/strong><\/p>\n<p>Les capacit\u00e9s de R&amp;D en mati\u00e8re de d\u00e9bitm\u00e8tres d\u00e9signent l'aptitude d'une entreprise ou d'une organisation \u00e0 rechercher, d\u00e9velopper et fabriquer des d\u00e9bitm\u00e8tres. Il s'agit notamment de la capacit\u00e9 \u00e0 concevoir, tester et fabriquer des d\u00e9bitm\u00e8tres qui r\u00e9pondent aux exigences des clients et aux normes industrielles. Elles comprennent \u00e9galement la capacit\u00e9 \u00e0 d\u00e9velopper de nouvelles technologies et de nouveaux produits pour r\u00e9pondre \u00e0 l'\u00e9volution des besoins de l'industrie. Les entreprises dot\u00e9es de solides capacit\u00e9s de R&amp;D sont en mesure de devancer la concurrence et de fournir \u00e0 leurs clients les d\u00e9bitm\u00e8tres les plus avanc\u00e9s et les plus fiables.<\/p>\n<\/div>\n<div id=\"010\">\n<p><strong>10. quelle est la diff\u00e9rence entre le d\u00e9bitm\u00e8tre pour r\u00e9servoir de carburant SUYI group et le d\u00e9bitm\u00e8tre pour r\u00e9servoir de carburant Endress+Hauser et le d\u00e9bitm\u00e8tre pour r\u00e9servoir de carburant KROHNE ?<\/strong><\/p>\n<p>Les d\u00e9bitm\u00e8tres du groupe SUYI, d'Endress+Hauser et de KROHNE mesurent tous le d\u00e9bit d'un liquide ou d'un gaz. Cependant, chaque fabricant propose diff\u00e9rents types de d\u00e9bitm\u00e8tres avec des caract\u00e9ristiques et des capacit\u00e9s diff\u00e9rentes.<\/p>\n<p>Le groupe SUYI propose une grande vari\u00e9t\u00e9 de d\u00e9bitm\u00e8tres, notamment des d\u00e9bitm\u00e8tres \u00e9lectromagn\u00e9tiques, \u00e0 ultrasons et \u00e0 vortex. Ces d\u00e9bitm\u00e8tres sont con\u00e7us pour une large gamme d'applications, y compris l'eau, le p\u00e9trole et le gaz.<\/p>\n<p>Endress+Hauser propose une gamme de d\u00e9bitm\u00e8tres, notamment des d\u00e9bitm\u00e8tres Coriolis, \u00e0 vortex et \u00e0 ultrasons. Ces compteurs sont con\u00e7us pour une vari\u00e9t\u00e9 d'applications, y compris l'eau, le p\u00e9trole et le gaz.<\/p>\n<p>KROHNE propose une gamme de d\u00e9bitm\u00e8tres, notamment des d\u00e9bitm\u00e8tres Coriolis, \u00e0 vortex et \u00e0 ultrasons. Ces compteurs sont con\u00e7us pour une vari\u00e9t\u00e9 d'applications, y compris l'eau, le p\u00e9trole et le gaz. KROHNE propose \u00e9galement une gamme de d\u00e9bitm\u00e8tres sp\u00e9cialis\u00e9s, tels que l'OPTIFLUX et l'OPTISWIRL, qui sont con\u00e7us pour des applications sp\u00e9cifiques.<\/p>\n<p><img style=\"max-width: 100%;\" title=\"Quelle est la diff\u00e9rence entre le d\u00e9bitm\u00e8tre pour r\u00e9servoir de carburant SUYI group et le d\u00e9bitm\u00e8tre pour r\u00e9servoir de carburant Endress+Hauser et le d\u00e9bitm\u00e8tre pour r\u00e9servoir de carburant KROHNE ?\" src=\"https:\/\/www.hginstrument.com\/wp-content\/uploads\/2021\/07\/hgdu600-p-1.jpg\" alt=\"Quelle est la diff\u00e9rence entre le d\u00e9bitm\u00e8tre pour r\u00e9servoir de carburant SUYI group et le d\u00e9bitm\u00e8tre pour r\u00e9servoir de carburant Endress+Hauser et le d\u00e9bitm\u00e8tre pour r\u00e9servoir de carburant KROHNE ?\" \/><\/p>\n<\/div>\n<div id=\"11\">\n<p><strong>11.A propos du syst\u00e8me d'approvisionnement en mati\u00e8res premi\u00e8res pour les d\u00e9bitm\u00e8tres de r\u00e9servoir de carburant<\/strong><\/p>\n<p>Un syst\u00e8me d'approvisionnement en mati\u00e8res premi\u00e8res pour d\u00e9bitm\u00e8tres est une solution logicielle con\u00e7ue pour rationaliser le processus d'achat de mati\u00e8res premi\u00e8res pour la production de d\u00e9bitm\u00e8tres. Le syst\u00e8me permet aux utilisateurs de rechercher et d'acheter rapidement et facilement les composants n\u00e9cessaires \u00e0 leur production de d\u00e9bitm\u00e8tres. Il fournit \u00e9galement des informations d\u00e9taill\u00e9es sur les composants, y compris les prix, la disponibilit\u00e9 et les d\u00e9lais de livraison. Le syst\u00e8me permet \u00e9galement aux utilisateurs de suivre leurs commandes et de g\u00e9rer leurs stocks. Cela permet de s'assurer que les bons composants sont toujours disponibles lorsque l'on en a besoin.<\/p>\n<\/div>\n<div id=\"12\">\n<p><strong>12. Quelles sont les m\u00e9thodes d'installation du d\u00e9bitm\u00e8tre pour r\u00e9servoir de carburant ?<\/strong><\/p>\n<p>Notre mission est de fournir aux clients les meilleures solutions en mati\u00e8re de d\u00e9bitm\u00e8tre pour r\u00e9servoir de carburant.<br \/>\n1. Installation en ligne : Il s'agit du type d'installation le plus courant pour les d\u00e9bitm\u00e8tres. Il consiste \u00e0 placer le d\u00e9bitm\u00e8tre directement dans la conduite ou le conduit o\u00f9 le fluide s'\u00e9coule.<\/p>\n<p>2. Installation par insertion : Ce type d'installation consiste \u00e0 ins\u00e9rer le d\u00e9bitm\u00e8tre dans la conduite ou le conduit. Cette op\u00e9ration s'effectue g\u00e9n\u00e9ralement \u00e0 l'aide d'une bride ou d'un raccord.<\/p>\n<p>3. Installation en canal ouvert : Ce type d'installation est utilis\u00e9 lorsque l'\u00e9coulement se fait dans un canal ouvert, tel qu'une rivi\u00e8re ou un ruisseau. Le d\u00e9bitm\u00e8tre est plac\u00e9 dans le canal et mesure le d\u00e9bit.<\/p>\n<p>4. Installation submersible : Ce type d'installation est utilis\u00e9 lorsque le d\u00e9bit se trouve dans un environnement submerg\u00e9, tel qu'un puits ou un r\u00e9servoir. Le d\u00e9bitm\u00e8tre est plac\u00e9 dans l'eau et mesure le d\u00e9bit.<\/p>\n<\/div>\n<div id=\"13\">\n<p><strong>13. quelle est la diff\u00e9rence entre le d\u00e9bitm\u00e8tre pour r\u00e9servoir de carburant SUYI group et le d\u00e9bitm\u00e8tre pour r\u00e9servoir de carburant Yokogawa et le d\u00e9bitm\u00e8tre pour r\u00e9servoir de carburant ABB ?<\/strong><\/p>\n<p>Les d\u00e9bitm\u00e8tres du groupe SUYI, de Yokogawa et d'ABB mesurent tous le d\u00e9bit d'un fluide, mais ils diff\u00e8rent en termes de pr\u00e9cision, de fonctionnalit\u00e9s et de co\u00fbt. Les d\u00e9bitm\u00e8tres du groupe SUYI sont g\u00e9n\u00e9ralement plus abordables que ceux de Yokogawa et d'ABB, mais ils peuvent ne pas avoir autant de fonctions ou une pr\u00e9cision aussi \u00e9lev\u00e9e. Les d\u00e9bitm\u00e8tres Yokogawa sont r\u00e9put\u00e9s pour leur pr\u00e9cision et leur fiabilit\u00e9, mais ils ont tendance \u00e0 \u00eatre plus chers que les d\u00e9bitm\u00e8tres du groupe SUYI et d'ABB. Les d\u00e9bitm\u00e8tres ABB sont r\u00e9put\u00e9s pour leur robustesse et leur durabilit\u00e9, mais ils sont \u00e9galement plus chers que les deux autres marques.<\/p>\n<\/div>\n<p>&nbsp;<\/p>\n<p>Tag\uff1a<a href=\"\/fr\/magnetic-flow-meter\/flo-tech-hydraulic-flow-meter\/\">d\u00e9bitm\u00e8tre hydraulique flo-tech<\/a>,<a href=\"\/fr\/magnetic-flow-meter\/flume-flow-meter\/\">d\u00e9bitm\u00e8tre \u00e0 flotteur<\/a>,<a href=\"\/fr\/magnetic-flow-meter\/ender-hauser-flow-meter\/\">d\u00e9bitm\u00e8tre ender hauser<\/a>,<a href=\"\/fr\/magnetic-flow-meter\/sierra-mass-flow-meter\/\">d\u00e9bitm\u00e8tre massique sierra<\/a>,<a href=\"\/fr\/magnetic-flow-meter\/doppler-flow-meter\/\">d\u00e9bitm\u00e8tre doppler<\/a><\/p>\n<p>&nbsp;<\/p>","protected":false},"excerpt":{"rendered":"<p><strong>Donn\u00e9es techniques<\/strong><br \/>\nPeut \u00eatre utilis\u00e9 pour les fluides liquides ou gazeux, g\u00e9n\u00e9ralement pour mesurer le d\u00e9bit de la vapeur, de la vapeur, de l'air et du gaz naturel.<br \/>\nTaille du compteur : Type en ligne : DN25 - DN300<br \/>\nOption de mat\u00e9riau en contact avec le liquide : SS304, SS316<br \/>\nTemp\u00e9rature de fonctionnement : \u2264250\u2103<br \/>\nRaccordement au processus : Wafer \/ Bride \/ Tri-clamp pour le type en ligne<br \/>\nPr\u00e9cision de mesure : 1,0 % - 1,5% de la plage d'\u00e9talonnage<br \/>\nIndicateur num\u00e9rique : affichage du d\u00e9bit instantan\u00e9, du d\u00e9bit total<br \/>\nAlimentation : 24VDC, Sortie : 4-20mA<\/p>\n<p><strong>caract\u00e9ristiques<\/strong><br \/>\n1. points de consigne ON\/OFF r\u00e9glables<br \/>\n2. mode d'alarme de d\u00e9bit Hi ou Lo<br \/>\n3. d\u00e9lai r\u00e9glable<br \/>\n4. LED d'\u00e9tat du relais<\/p>","protected":false},"featured_media":3691,"comment_status":"closed","ping_status":"closed","template":"","meta":[],"product_cat":[2372],"product_tag":[],"acf":[],"_links":{"self":[{"href":"https:\/\/www.hginstrument.com\/fr\/wp-json\/wp\/v2\/product\/5352"}],"collection":[{"href":"https:\/\/www.hginstrument.com\/fr\/wp-json\/wp\/v2\/product"}],"about":[{"href":"https:\/\/www.hginstrument.com\/fr\/wp-json\/wp\/v2\/types\/product"}],"replies":[{"embeddable":true,"href":"https:\/\/www.hginstrument.com\/fr\/wp-json\/wp\/v2\/comments?post=5352"}],"wp:featuredmedia":[{"embeddable":true,"href":"https:\/\/www.hginstrument.com\/fr\/wp-json\/wp\/v2\/media\/3691"}],"wp:attachment":[{"href":"https:\/\/www.hginstrument.com\/fr\/wp-json\/wp\/v2\/media?parent=5352"}],"wp:term":[{"taxonomy":"product_cat","embeddable":true,"href":"https:\/\/www.hginstrument.com\/fr\/wp-json\/wp\/v2\/product_cat?post=5352"},{"taxonomy":"product_tag","embeddable":true,"href":"https:\/\/www.hginstrument.com\/fr\/wp-json\/wp\/v2\/product_tag?post=5352"}],"curies":[{"name":"wp","href":"https:\/\/api.w.org\/{rel}","templated":true}]}}