{"id":5356,"date":"2023-12-24T03:34:51","date_gmt":"2023-12-23T19:34:51","guid":{"rendered":"https:\/\/www.hginstrument.com\/?post_type=product&#038;p=5356"},"modified":"2024-01-09T16:56:52","modified_gmt":"2024-01-09T08:56:52","slug":"garden-hose-water-flow-meter","status":"publish","type":"product","link":"https:\/\/www.hginstrument.com\/fr\/magnetic-flow-meter\/garden-hose-water-flow-meter\/","title":{"rendered":"garden hose water flow meter"},"content":{"rendered":"<p>With its high flow range and precise reading capabilities, garden hose water flow meter is the ideal choice for industries such as oil and gas, water treatment, and chemical processing. Upgrade your liquid measurement process with garden hose water flow meter and experience unparalleled performance and value. Trust garden hose water flow meter to give you the most accurate and efficient flow measurements every time.<\/p>\n<p>garden hose water flow meter is equipped with a user-friendly interface that allows for easy operation and monitoring. It also offers a variety of installation options, including inline, insertion, and clamp-on, making it suitable for a wide range of pipelines and systems. Additionally, it is compatible with various communication protocols and can be integrated into existing systems seamlessly.<\/p>\n<p>Our garden hose water flow meter comes with advanced data logging capabilities, allowing you to store and analyze flow data in real-time. It also has the ability to generate detailed reports and charts for better data visualization and analysis. With these features, you can track and optimize your flow processes for improved efficiency and cost-effectiveness.<\/p>\n<table class=\"table table-bordered\">\n<tbody>\n<tr>\n<td><span style=\"vertical-align: inherit;\"><span style=\"vertical-align: inherit;\">Type\uff1a<\/span><\/span><\/td>\n<td><span style=\"vertical-align: inherit;\">garden hose water flow meter<\/span><\/td>\n<td><span style=\"vertical-align: inherit;\"><span style=\"vertical-align: inherit;\">Signal de sortie\uff1a<\/span><\/span><\/td>\n<td><span style=\"vertical-align: inherit;\"><span style=\"vertical-align: inherit;\">4-20 mA, impulsion\/fr\u00e9quence 2 kHz (par d\u00e9faut), 5 kHz (max)<\/span><\/span><\/td>\n<\/tr>\n<tr>\n<td><span style=\"vertical-align: inherit;\"><span style=\"vertical-align: inherit;\">Lieu d'origine\uff1a<\/span><\/span><\/td>\n<td><span style=\"vertical-align: inherit;\"><span style=\"vertical-align: inherit;\">Jiangsu\uff0cChina<\/span><\/span><\/td>\n<td><span style=\"vertical-align: inherit;\"><span style=\"vertical-align: inherit;\">Incorporer le type\uff1a<\/span><\/span><\/td>\n<td><span style=\"vertical-align: inherit;\"><span style=\"vertical-align: inherit;\">-10\u2103- +55\u2103<\/span><\/span><\/td>\n<\/tr>\n<tr>\n<td><span style=\"vertical-align: inherit;\"><span style=\"vertical-align: inherit;\">Garantie\uff1a<\/span><\/span><\/td>\n<td><span style=\"vertical-align: inherit;\"><span style=\"vertical-align: inherit;\">22 mois<\/span><\/span><\/td>\n<td><span style=\"vertical-align: inherit;\"><span style=\"vertical-align: inherit;\">Tension d'alimentation\uff1a<\/span><\/span><\/td>\n<td><span style=\"vertical-align: inherit;\"><span style=\"vertical-align: inherit;\">110\/220VAC (100-240VAC), 50Hz\/60Hz ; 24VDC\u00b110%<\/span><\/span><\/td>\n<\/tr>\n<tr>\n<td><span style=\"vertical-align: inherit;\"><span style=\"vertical-align: inherit;\">Soutien personnalis\u00e9\uff1a<\/span><\/span><\/td>\n<td><span style=\"vertical-align: inherit;\"><span style=\"vertical-align: inherit;\">OEM, ODM, OBM<\/span><\/span><\/td>\n<td><span style=\"vertical-align: inherit;\"><span style=\"vertical-align: inherit;\">Communication num\u00e9rique\uff1a<\/span><\/span><\/td>\n<td><span style=\"vertical-align: inherit;\"><span style=\"vertical-align: inherit;\">RS-485, supportant le protocole standard Mudbugs-RTU ; GPRS<\/span><\/span><\/td>\n<\/tr>\n<tr>\n<td><span style=\"vertical-align: inherit;\"><span style=\"vertical-align: inherit;\">Nom de marque\uff1a<\/span><\/span><\/td>\n<td><span style=\"vertical-align: inherit;\"><span style=\"vertical-align: inherit;\">GROUPE SUYI<\/span><\/span><\/td>\n<td><span style=\"vertical-align: inherit;\"><span style=\"vertical-align: inherit;\">Pression nominale\uff1a<\/span><\/span><\/td>\n<td><span style=\"vertical-align: inherit;\"><span style=\"vertical-align: inherit;\">1MPa (DN15-DN800), 1,6MPa(DN15-DN800), 2,5MPa(DN15-DN600)<\/span><\/span><\/td>\n<\/tr>\n<tr>\n<td><span style=\"vertical-align: inherit;\"><span style=\"vertical-align: inherit;\">Num\u00e9ro de mod\u00e8le\uff1a<\/span><\/span><\/td>\n<td><span style=\"vertical-align: inherit;\"><span style=\"vertical-align: inherit;\">autres<\/span><\/span><\/td>\n<td><span style=\"vertical-align: inherit;\"><span style=\"vertical-align: inherit;\">Capteur\uff1a<\/span><\/span><\/td>\n<td><span style=\"vertical-align: inherit;\"><span style=\"vertical-align: inherit;\">0\u2103- +80\u2103 ou -25\u2103- +120\u2103 ou +70\u2103- +250\u2103<\/span><\/span><\/td>\n<\/tr>\n<tr>\n<td><span style=\"vertical-align: inherit;\"><span style=\"vertical-align: inherit;\">Nom du produit\uff1a<\/span><\/span><\/td>\n<td><span style=\"vertical-align: inherit;\"><span style=\"vertical-align: inherit;\">D\u00e9bitm\u00e8tre \u00e9lectromagn\u00e9tique intelligent pour produits chimiques<\/span><\/span><\/td>\n<td><span style=\"vertical-align: inherit;\"><span style=\"vertical-align: inherit;\">D\u00e9tails de l'emballage\uff1a<\/span><\/span><\/td>\n<td><span style=\"vertical-align: inherit;\"><span style=\"vertical-align: inherit;\">1 jeu par paquet ou selon la demande du client<\/span><\/span><\/td>\n<\/tr>\n<tr>\n<td><span style=\"vertical-align: inherit;\"><span style=\"vertical-align: inherit;\">Diam\u00e8tre nominal\uff1a<\/span><\/span><\/td>\n<td><span style=\"vertical-align: inherit;\"><span style=\"vertical-align: inherit;\">3-2981mm<\/span><\/span><\/td>\n<td><span style=\"vertical-align: inherit;\"><span style=\"vertical-align: inherit;\">Capacit\u00e9 d'approvisionnement\uff1a<\/span><\/span><\/td>\n<td><span style=\"vertical-align: inherit;\"><span style=\"vertical-align: inherit;\">1565 Set\/Sets per Month<\/span><\/span><\/td>\n<\/tr>\n<tr>\n<td><span style=\"vertical-align: inherit;\"><span style=\"vertical-align: inherit;\">gamme de vitesses\uff1a<\/span><\/span><\/td>\n<td><span style=\"vertical-align: inherit;\"><span style=\"vertical-align: inherit;\">0-11m\/s<\/span><\/span><\/td>\n<td><span style=\"vertical-align: inherit;\"><span style=\"vertical-align: inherit;\">Quantit\u00e9 (jeux)\uff1a<\/span><\/span><\/td>\n<td><span style=\"vertical-align: inherit;\"><span style=\"vertical-align: inherit;\">&gt; 30<\/span><\/span><\/td>\n<\/tr>\n<tr>\n<td><span style=\"vertical-align: inherit;\"><span style=\"vertical-align: inherit;\">Degr\u00e9 de pr\u00e9cision\uff1a<\/span><\/span><\/td>\n<td><span style=\"vertical-align: inherit;\"><span style=\"vertical-align: inherit;\">\u00b10,5%R, \u00b11%R ( &lt; DN20)<\/span><\/span><\/td>\n<td><span style=\"vertical-align: inherit;\"><span style=\"vertical-align: inherit;\">D\u00e9lai d'ex\u00e9cution (jours)\uff1a<\/span><\/span><\/td>\n<td><span style=\"vertical-align: inherit;\"><span style=\"vertical-align: inherit;\">A n\u00e9gocier<\/span><\/span><\/td>\n<\/tr>\n<\/tbody>\n<\/table>\n<p>&nbsp;<\/p>\n<p>&nbsp;<\/p>\n<p style=\"text-align: center;\"><img title=\"garden hose water flow meter\" src=\"https:\/\/www.hginstrument.com\/wp-content\/uploads\/2021\/07\/in-line-pipeline-type-hgd-electromagnetic-flow-meter.jpg\" \/><\/p>\n<p>&nbsp;<\/p>\n<p>&nbsp;<\/p>\n<p style=\"text-align: center;\"><img title=\"garden hose water flow meter\" src=\"https:\/\/www.hginstrument.com\/wp-content\/uploads\/2021\/07\/insertion-01.jpg\" \/><\/p>\n<p>&nbsp;<\/p>\n<p>&nbsp;<\/p>\n<p style=\"text-align: center;\"><img title=\"garden hose water flow meter\" src=\"https:\/\/www.hginstrument.com\/wp-content\/uploads\/2021\/07\/sanitary-mag-1.jpg\" \/><\/p>\n<p><strong>garden hose water flow meter FAQs Guide.<\/strong><\/p>\n<p>At the heart of our garden hose water flow meter series lies a commitment to excellence, blending advanced sensor technology with user-friendly interfaces. From liquid to gas, our meters deliver unparalleled accuracy, empowering you to make informed decisions and streamline operations. As we usher in a new era of fluid measurement, we invite you to explore the limitless possibilities that our garden hose water flow meters unlock \u2013 where precision meets performance, and innovation flows seamlessly.<\/p>\n<div style=\"border: 3px solid #f89900; margin: 20px 0; padding: 20px;\"><a href=\"\/fr\/garden-hose-water-flow-meter\/#01\">1.About garden hose water flow meter patent<\/a><br \/>\n<a href=\"\/fr\/garden-hose-water-flow-meter\/#02\">2.About garden hose water flow meter R&amp;D capabilities<\/a><br \/>\n<a href=\"\/fr\/garden-hose-water-flow-meter\/#03\">3.Is the measuring unit of the garden hose water flow meter replaceable?<\/a><br \/>\n<a href=\"\/fr\/garden-hose-water-flow-meter\/#04\">4.About garden hose water flow meter customization services<\/a><br \/>\n<a href=\"\/fr\/garden-hose-water-flow-meter\/#05\">5.About garden hose water flow meter raw materials<\/a><br \/>\n<a href=\"\/fr\/garden-hose-water-flow-meter\/#06\">6.Does the garden hose water flow meter have an automatic cleaning function?<\/a><br \/>\n<a href=\"\/fr\/garden-hose-water-flow-meter\/#07\">7.About garden hose water flow meter inventory<\/a><br \/>\n<a href=\"\/fr\/garden-hose-water-flow-meter\/#08\">8.What is the applicable pressure range of garden hose water flow meter?<\/a><br \/>\n<a href=\"\/fr\/garden-hose-water-flow-meter\/#09\">9.About garden hose water flow meter warranty<\/a><br \/>\n<a href=\"\/fr\/garden-hose-water-flow-meter\/#010\">10.About garden hose water flow meter overseas warehouse<\/a><br \/>\n<a href=\"\/fr\/garden-hose-water-flow-meter\/#11\">11.Does the garden hose water flow meter have multi-language display capabilities?<\/a><br \/>\n<a href=\"\/fr\/garden-hose-water-flow-meter\/#12\">12.What is the weight and dimensions of the garden hose water flow meter?<\/a><br \/>\n<a href=\"\/fr\/garden-hose-water-flow-meter\/#13\">13.About the scale of garden hose water flow meter factory<\/a><\/div>\n<div id=\"01\">\n<p><strong>1.About garden hose water flow meter patent<\/strong><\/p>\n<p>Les brevets sur les d\u00e9bitm\u00e8tres sont des brevets qui couvrent la conception et le fonctionnement des d\u00e9bitm\u00e8tres. Les d\u00e9bitm\u00e8tres sont des dispositifs utilis\u00e9s pour mesurer le d\u00e9bit d'un liquide ou d'un gaz. Les d\u00e9bitm\u00e8tres sont utilis\u00e9s dans diverses industries, notamment le traitement de l'eau et des eaux us\u00e9es, le p\u00e9trole et le gaz, et le traitement chimique. Les d\u00e9bitm\u00e8tres sont utilis\u00e9s pour mesurer le d\u00e9bit d'un fluide, le volume total d'un fluide et la pression d'un fluide. Les d\u00e9bitm\u00e8tres peuvent \u00eatre m\u00e9caniques, \u00e9lectriques ou optiques. Les d\u00e9bitm\u00e8tres peuvent \u00eatre utilis\u00e9s pour mesurer le d\u00e9bit de liquides, de gaz et de vapeur.<\/p>\n<\/div>\n<div id=\"02\">\n<p><strong>2.About garden hose water flow meter R&amp;D capabilities<\/strong><\/p>\n<p>Les capacit\u00e9s de R&amp;D en mati\u00e8re de d\u00e9bitm\u00e8tres d\u00e9signent l'aptitude d'une entreprise ou d'une organisation \u00e0 rechercher, d\u00e9velopper et fabriquer des d\u00e9bitm\u00e8tres. Il s'agit notamment de la capacit\u00e9 \u00e0 concevoir, tester et fabriquer des d\u00e9bitm\u00e8tres qui r\u00e9pondent aux exigences des clients et aux normes industrielles. Elles comprennent \u00e9galement la capacit\u00e9 \u00e0 d\u00e9velopper de nouvelles technologies et de nouveaux produits pour r\u00e9pondre \u00e0 l'\u00e9volution des besoins de l'industrie. Les entreprises dot\u00e9es de solides capacit\u00e9s de R&amp;D sont en mesure de devancer la concurrence et de fournir \u00e0 leurs clients les d\u00e9bitm\u00e8tres les plus avanc\u00e9s et les plus fiables.<\/p>\n<\/div>\n<div id=\"03\">\n<p><strong>3.Is the measuring unit of the garden hose water flow meter replaceable?<\/strong><\/p>\n<p>As one of the top garden hose water flow meter manufacturers in China, we take this very seriously.<br \/>\nOui, l'unit\u00e9 de mesure d'un d\u00e9bitm\u00e8tre est rempla\u00e7able.<\/p>\n<p><img style=\"max-width: 100%;\" title=\"Is the measuring unit of the garden hose water flow meter replaceable?\" src=\"https:\/\/www.hginstrument.com\/wp-content\/uploads\/2021\/07\/ltb-1.jpg\" alt=\"Is the measuring unit of the garden hose water flow meter replaceable?\" \/><\/p>\n<\/div>\n<div id=\"04\">\n<p><strong>4.About garden hose water flow meter customization services<\/strong><\/p>\n<p>Les services de personnalisation des d\u00e9bitm\u00e8tres sont con\u00e7us pour fournir aux clients une solution sur mesure \u00e0 leurs besoins sp\u00e9cifiques en mati\u00e8re de mesure de d\u00e9bit. Ces services peuvent inclure la personnalisation du d\u00e9bitm\u00e8tre pour l'adapter \u00e0 une application particuli\u00e8re, telle qu'une taille de tuyau ou un d\u00e9bit sp\u00e9cifique, ou pour r\u00e9pondre \u00e0 une certaine exigence de pr\u00e9cision. Les services de personnalisation peuvent \u00e9galement inclure la modification du d\u00e9bitm\u00e8tre pour y inclure des caract\u00e9ristiques suppl\u00e9mentaires, telles qu'un \u00e9cran ou des capacit\u00e9s d'enregistrement de donn\u00e9es. Les services de personnalisation des d\u00e9bitm\u00e8tres peuvent \u00e9galement comprendre l'installation du d\u00e9bitm\u00e8tre, ainsi que la fourniture d'une assistance technique et d'une maintenance.<\/p>\n<\/div>\n<div id=\"05\">\n<p><strong>5.About garden hose water flow meter raw materials<\/strong><\/p>\n<p>Les mati\u00e8res premi\u00e8res des d\u00e9bitm\u00e8tres sont g\u00e9n\u00e9ralement constitu\u00e9es d'une vari\u00e9t\u00e9 de m\u00e9taux, de plastiques et de composites. Les mat\u00e9riaux couramment utilis\u00e9s dans les d\u00e9bitm\u00e8tres sont l'acier inoxydable, le laiton, l'aluminium, le chlorure de polyvinyle (PVC), le polypropyl\u00e8ne (PP) et le polyt\u00e9trafluoro\u00e9thyl\u00e8ne (PTFE). Le mat\u00e9riau utilis\u00e9 dans un d\u00e9bitm\u00e8tre d\u00e9pend de l'application et du type de fluide mesur\u00e9. Par exemple, l'acier inoxydable est souvent utilis\u00e9 pour mesurer les fluides corrosifs, tandis que le PVC est souvent utilis\u00e9 pour mesurer l'eau.<\/p>\n<\/div>\n<div id=\"06\">\n<p><strong>6.Does the garden hose water flow meter have an automatic cleaning function?<\/strong><\/p>\n<p>Being one of the top garden hose water flow meter manufacturers in China, We attach great importance to this detail.<br \/>\nNon, la plupart des d\u00e9bitm\u00e8tres n'ont pas de fonction de nettoyage automatique. Toutefois, certains mod\u00e8les peuvent \u00eatre dot\u00e9s d'une fonction d'auto-nettoyage qui peut \u00eatre activ\u00e9e manuellement.<\/p>\n<p><img style=\"max-width: 100%;\" title=\"Does the garden hose water flow meter have an automatic cleaning function?\" src=\"https:\/\/www.hginstrument.com\/wp-content\/uploads\/2021\/07\/verabar-1.jpg\" alt=\"Does the garden hose water flow meter have an automatic cleaning function?\" \/><\/p>\n<\/div>\n<div id=\"07\">\n<p><strong>7.About garden hose water flow meter inventory<\/strong><\/p>\n<p>L'inventaire des d\u00e9bitm\u00e8tres est un syst\u00e8me utilis\u00e9 pour suivre et g\u00e9rer les d\u00e9bitm\u00e8tres utilis\u00e9s dans les applications industrielles et commerciales. Il permet de contr\u00f4ler les performances des d\u00e9bitm\u00e8tres et de s'assurer qu'ils sont correctement entretenus et \u00e9talonn\u00e9s. Le syst\u00e8me d'inventaire peut \u00e9galement \u00eatre utilis\u00e9 pour suivre le co\u00fbt des d\u00e9bitm\u00e8tres, ainsi que pour identifier tout probl\u00e8me potentiel ou toute question concernant les d\u00e9bitm\u00e8tres.<\/p>\n<\/div>\n<div id=\"08\">\n<p><strong>8.What is the applicable pressure range of garden hose water flow meter?<\/strong><\/p>\n<p>Nos produits et services couvrent un large \u00e9ventail de domaines et r\u00e9pondent aux besoins de diff\u00e9rents secteurs.<br \/>\nLa plage de pression applicable \u00e0 un d\u00e9bitm\u00e8tre d\u00e9pend du type de d\u00e9bitm\u00e8tre utilis\u00e9. En g\u00e9n\u00e9ral, les d\u00e9bitm\u00e8tres peuvent mesurer des pressions allant de 0,1 bar \u00e0 1000 bars.<\/p>\n<\/div>\n<div id=\"09\">\n<p><strong>9.About garden hose water flow meter warranty<\/strong><\/p>\n<p>Les garanties des d\u00e9bitm\u00e8tres varient en fonction du fabricant et du type de d\u00e9bitm\u00e8tre. En g\u00e9n\u00e9ral, les garanties couvrent les d\u00e9fauts de mat\u00e9riaux et de fabrication, et peuvent \u00e9galement couvrir certains types de dommages caus\u00e9s par une utilisation normale. Certaines garanties peuvent \u00e9galement couvrir les dommages caus\u00e9s par une installation ou une utilisation incorrecte. Il est important de lire les informations relatives \u00e0 la garantie fournies par le fabricant pour comprendre la couverture sp\u00e9cifique et les limitations de la garantie.<\/p>\n<p><img style=\"max-width: 100%;\" title=\"About garden hose water flow meter warranty\" src=\"https:\/\/www.hginstrument.com\/wp-content\/uploads\/2021\/07\/wall-mount-1f.jpg\" alt=\"About garden hose water flow meter warranty\" \/><\/p>\n<\/div>\n<div id=\"010\">\n<p><strong>10.About garden hose water flow meter overseas warehouse<\/strong><\/p>\n<p>Les entrep\u00f4ts de d\u00e9bitm\u00e8tres \u00e0 l'\u00e9tranger sont des entrep\u00f4ts situ\u00e9s dans des pays \u00e9trangers qui stockent des d\u00e9bitm\u00e8tres et des produits connexes. Ces entrep\u00f4ts sont utilis\u00e9s pour stocker et distribuer des d\u00e9bitm\u00e8tres \u00e0 des clients dans diff\u00e9rents pays. Ils sont g\u00e9n\u00e9ralement situ\u00e9s dans des pays o\u00f9 la demande de d\u00e9bitm\u00e8tres est importante, comme les \u00c9tats-Unis, le Canada et l'Europe. Les entrep\u00f4ts sont g\u00e9n\u00e9ralement d\u00e9tenus et g\u00e9r\u00e9s par le fabricant des d\u00e9bitm\u00e8tres ou par un prestataire logistique tiers. Les entrep\u00f4ts contiennent g\u00e9n\u00e9ralement une grande vari\u00e9t\u00e9 de d\u00e9bitm\u00e8tres, y compris des d\u00e9bitm\u00e8tres num\u00e9riques, analogiques et \u00e0 ultrasons. Ils stockent \u00e9galement des pi\u00e8ces de rechange et des accessoires pour les d\u00e9bitm\u00e8tres.<\/p>\n<\/div>\n<div id=\"11\">\n<p><strong>11.Does the garden hose water flow meter have multi-language display capabilities?<\/strong><\/p>\n<p>As one of the top garden hose water flow meter manufacturers in China, we take this very seriously.<br \/>\nOui, certains d\u00e9bitm\u00e8tres sont dot\u00e9s d'un affichage multilingue. Toutefois, cette fonction n'est pas disponible sur tous les mod\u00e8les. Il est pr\u00e9f\u00e9rable de v\u00e9rifier aupr\u00e8s du fabricant si le mod\u00e8le qui vous int\u00e9resse est dot\u00e9 de cette fonction.<\/p>\n<\/div>\n<div id=\"12\">\n<p><strong>12.What is the weight and dimensions of the garden hose water flow meter?<\/strong><\/p>\n<p>Nos produits et services couvrent un large \u00e9ventail de domaines et r\u00e9pondent aux besoins de diff\u00e9rents secteurs.<br \/>\nLe poids et les dimensions du d\u00e9bitm\u00e8tre d\u00e9pendent du mod\u00e8le et du fabricant. En g\u00e9n\u00e9ral, la taille des d\u00e9bitm\u00e8tres va du petit appareil portatif aux grandes unit\u00e9s industrielles. Le poids d'un d\u00e9bitm\u00e8tre peut varier de quelques onces \u00e0 plusieurs centaines de livres.<\/p>\n<p><img style=\"max-width: 100%;\" title=\"What is the weight and dimensions of the garden hose water flow meter?\" src=\"https:\/\/www.hginstrument.com\/wp-content\/uploads\/2021\/07\/hg-50-7.jpg\" alt=\"What is the weight and dimensions of the garden hose water flow meter?\" \/><\/p>\n<\/div>\n<div id=\"13\">\n<p><strong>13.About the scale of garden hose water flow meter factory<\/strong><\/p>\n<p>Les usines de d\u00e9bitm\u00e8tres varient en taille et en port\u00e9e, selon le type de d\u00e9bitm\u00e8tres qu'elles produisent. Certaines usines peuvent se sp\u00e9cialiser dans la production d'un seul type de d\u00e9bitm\u00e8tre, tandis que d'autres peuvent en produire plusieurs. Certaines usines peuvent \u00eatre de grande taille et compter des centaines d'employ\u00e9s, tandis que d'autres peuvent \u00eatre de petite taille et ne compter que quelques employ\u00e9s. La taille de l'usine d\u00e9pend \u00e9galement du type de d\u00e9bitm\u00e8tres qu'elle produit, ainsi que de la demande pour ces d\u00e9bitm\u00e8tres.<\/p>\n<\/div>\n<p>&nbsp;<\/p>\n<p>Tag\uff1a<a href=\"\/fr\/magnetic-flow-meter\/portable-flow-meter\/\">d\u00e9bitm\u00e8tre portable<\/a>,<a href=\"\/fr\/magnetic-flow-meter\/npt-flow-meter\/\">npt flow meter<\/a>,<a href=\"\/fr\/magnetic-flow-meter\/vortex-steam-flow-meter\/\">d\u00e9bitm\u00e8tre de vapeur vortex<\/a>,<a href=\"\/fr\/magnetic-flow-meter\/argon-flow-meter\/\">d\u00e9bitm\u00e8tre d'argon<\/a>,<a href=\"\/fr\/magnetic-flow-meter\/flow-meter-for-water-hose\/\">flow meter for water hose<\/a><\/p>\n<p>&nbsp;<\/p>","protected":false},"excerpt":{"rendered":"<p><strong>Donn\u00e9es techniques<\/strong><br \/>\nPeut \u00eatre utilis\u00e9 pour les fluides liquides ou gazeux, g\u00e9n\u00e9ralement pour mesurer le d\u00e9bit de la vapeur, de la vapeur, de l'air et du gaz naturel.<br \/>\nTaille du compteur : Type en ligne : DN25 - DN300<br \/>\nOption de mat\u00e9riau en contact avec le liquide : SS304, SS316<br \/>\nTemp\u00e9rature de fonctionnement : \u2264250\u2103<br \/>\nRaccordement au processus : Wafer \/ Bride \/ Tri-clamp pour le type en ligne<br \/>\nPr\u00e9cision de mesure : 1,0 % - 1,5% de la plage d'\u00e9talonnage<br \/>\nIndicateur num\u00e9rique : affichage du d\u00e9bit instantan\u00e9, du d\u00e9bit total<br \/>\nAlimentation : 24VDC, Sortie : 4-20mA<\/p>\n<p><strong>caract\u00e9ristiques<\/strong><br \/>\n1. points de consigne ON\/OFF r\u00e9glables<br \/>\n2. mode d'alarme de d\u00e9bit Hi ou Lo<br \/>\n3. d\u00e9lai r\u00e9glable<br \/>\n4. LED d'\u00e9tat du relais<\/p>","protected":false},"featured_media":3691,"comment_status":"closed","ping_status":"closed","template":"","meta":[],"product_cat":[2372],"product_tag":[],"acf":[],"_links":{"self":[{"href":"https:\/\/www.hginstrument.com\/fr\/wp-json\/wp\/v2\/product\/5356"}],"collection":[{"href":"https:\/\/www.hginstrument.com\/fr\/wp-json\/wp\/v2\/product"}],"about":[{"href":"https:\/\/www.hginstrument.com\/fr\/wp-json\/wp\/v2\/types\/product"}],"replies":[{"embeddable":true,"href":"https:\/\/www.hginstrument.com\/fr\/wp-json\/wp\/v2\/comments?post=5356"}],"wp:featuredmedia":[{"embeddable":true,"href":"https:\/\/www.hginstrument.com\/fr\/wp-json\/wp\/v2\/media\/3691"}],"wp:attachment":[{"href":"https:\/\/www.hginstrument.com\/fr\/wp-json\/wp\/v2\/media?parent=5356"}],"wp:term":[{"taxonomy":"product_cat","embeddable":true,"href":"https:\/\/www.hginstrument.com\/fr\/wp-json\/wp\/v2\/product_cat?post=5356"},{"taxonomy":"product_tag","embeddable":true,"href":"https:\/\/www.hginstrument.com\/fr\/wp-json\/wp\/v2\/product_tag?post=5356"}],"curies":[{"name":"wp","href":"https:\/\/api.w.org\/{rel}","templated":true}]}}