{"id":5368,"date":"2023-12-24T04:00:34","date_gmt":"2023-12-23T20:00:34","guid":{"rendered":"https:\/\/www.hginstrument.com\/?post_type=product&#038;p=5368"},"modified":"2024-01-03T14:32:40","modified_gmt":"2024-01-03T06:32:40","slug":"gas-turbine-flow-meter","status":"publish","type":"product","link":"https:\/\/www.hginstrument.com\/fr\/magnetic-flow-meter\/gas-turbine-flow-meter\/","title":{"rendered":"d\u00e9bitm\u00e8tre pour turbine \u00e0 gaz"},"content":{"rendered":"<p>The gas turbine flow meter is a highly advanced and customizable flow measurement device designed for a wide range of industrial and commercial applications. This device utilizes cutting-edge technology, including precision sensors and advanced algorithms, to accurately measure and monitor flow rates of various liquids and gases.<\/p>\n<p>The gas turbine flow meter is equipped with a digital display, making it easy to read and interpret the flow rate in various units. Its user-friendly interface allows for quick and simple calibration and adjustments.<\/p>\n<p>In addition, gas turbine flow meter offers various models for different applications, including electromagnetic, ultrasonic, and thermal dispersion. Each model is designed with specific features to cater to the unique needs of its users.<\/p>\n<table class=\"table table-bordered\">\n<tbody>\n<tr>\n<td><span style=\"vertical-align: inherit;\"><span style=\"vertical-align: inherit;\">Type\uff1a<\/span><\/span><\/td>\n<td><span style=\"vertical-align: inherit;\">d\u00e9bitm\u00e8tre pour turbine \u00e0 gaz<\/span><\/td>\n<td><span style=\"vertical-align: inherit;\"><span style=\"vertical-align: inherit;\">Signal de sortie\uff1a<\/span><\/span><\/td>\n<td><span style=\"vertical-align: inherit;\"><span style=\"vertical-align: inherit;\">4-20 mA, impulsion\/fr\u00e9quence 2 kHz (par d\u00e9faut), 5 kHz (max)<\/span><\/span><\/td>\n<\/tr>\n<tr>\n<td><span style=\"vertical-align: inherit;\"><span style=\"vertical-align: inherit;\">Lieu d'origine\uff1a<\/span><\/span><\/td>\n<td><span style=\"vertical-align: inherit;\"><span style=\"vertical-align: inherit;\">Jiangsu, Chine<\/span><\/span><\/td>\n<td><span style=\"vertical-align: inherit;\"><span style=\"vertical-align: inherit;\">Incorporer le type\uff1a<\/span><\/span><\/td>\n<td><span style=\"vertical-align: inherit;\"><span style=\"vertical-align: inherit;\">-10\u2103- +59\u2103<\/span><\/span><\/td>\n<\/tr>\n<tr>\n<td><span style=\"vertical-align: inherit;\"><span style=\"vertical-align: inherit;\">Garantie\uff1a<\/span><\/span><\/td>\n<td><span style=\"vertical-align: inherit;\"><span style=\"vertical-align: inherit;\">19 mois<\/span><\/span><\/td>\n<td><span style=\"vertical-align: inherit;\"><span style=\"vertical-align: inherit;\">Tension d'alimentation\uff1a<\/span><\/span><\/td>\n<td><span style=\"vertical-align: inherit;\"><span style=\"vertical-align: inherit;\">110\/220VAC (100-240VAC), 50Hz\/60Hz ; 24VDC\u00b110%<\/span><\/span><\/td>\n<\/tr>\n<tr>\n<td><span style=\"vertical-align: inherit;\"><span style=\"vertical-align: inherit;\">Soutien personnalis\u00e9\uff1a<\/span><\/span><\/td>\n<td><span style=\"vertical-align: inherit;\"><span style=\"vertical-align: inherit;\">OEM, ODM, OBM<\/span><\/span><\/td>\n<td><span style=\"vertical-align: inherit;\"><span style=\"vertical-align: inherit;\">Communication num\u00e9rique\uff1a<\/span><\/span><\/td>\n<td><span style=\"vertical-align: inherit;\"><span style=\"vertical-align: inherit;\">RS-485, supportant le protocole standard Mudbugs-RTU ; GPRS<\/span><\/span><\/td>\n<\/tr>\n<tr>\n<td><span style=\"vertical-align: inherit;\"><span style=\"vertical-align: inherit;\">Nom de marque\uff1a<\/span><\/span><\/td>\n<td><span style=\"vertical-align: inherit;\"><span style=\"vertical-align: inherit;\">GROUPE SUYI<\/span><\/span><\/td>\n<td><span style=\"vertical-align: inherit;\"><span style=\"vertical-align: inherit;\">Pression nominale\uff1a<\/span><\/span><\/td>\n<td><span style=\"vertical-align: inherit;\"><span style=\"vertical-align: inherit;\">1MPa (DN15-DN800), 1,6MPa(DN15-DN800), 2,5MPa(DN15-DN600)<\/span><\/span><\/td>\n<\/tr>\n<tr>\n<td><span style=\"vertical-align: inherit;\"><span style=\"vertical-align: inherit;\">Num\u00e9ro de mod\u00e8le\uff1a<\/span><\/span><\/td>\n<td><span style=\"vertical-align: inherit;\"><span style=\"vertical-align: inherit;\">autres<\/span><\/span><\/td>\n<td><span style=\"vertical-align: inherit;\"><span style=\"vertical-align: inherit;\">Capteur\uff1a<\/span><\/span><\/td>\n<td><span style=\"vertical-align: inherit;\"><span style=\"vertical-align: inherit;\">0\u2103- +80\u2103 ou -25\u2103- +120\u2103 ou +70\u2103- +250\u2103<\/span><\/span><\/td>\n<\/tr>\n<tr>\n<td><span style=\"vertical-align: inherit;\"><span style=\"vertical-align: inherit;\">Nom du produit\uff1a<\/span><\/span><\/td>\n<td><span style=\"vertical-align: inherit;\"><span style=\"vertical-align: inherit;\">D\u00e9bitm\u00e8tre \u00e9lectromagn\u00e9tique intelligent pour produits chimiques<\/span><\/span><\/td>\n<td><span style=\"vertical-align: inherit;\"><span style=\"vertical-align: inherit;\">D\u00e9tails de l'emballage\uff1a<\/span><\/span><\/td>\n<td><span style=\"vertical-align: inherit;\"><span style=\"vertical-align: inherit;\">1 jeu par paquet ou selon la demande du client<\/span><\/span><\/td>\n<\/tr>\n<tr>\n<td><span style=\"vertical-align: inherit;\"><span style=\"vertical-align: inherit;\">Diam\u00e8tre nominal\uff1a<\/span><\/span><\/td>\n<td><span style=\"vertical-align: inherit;\"><span style=\"vertical-align: inherit;\">3-3070mm<\/span><\/span><\/td>\n<td><span style=\"vertical-align: inherit;\"><span style=\"vertical-align: inherit;\">Capacit\u00e9 d'approvisionnement\uff1a<\/span><\/span><\/td>\n<td><span style=\"vertical-align: inherit;\"><span style=\"vertical-align: inherit;\">2066 Set\/Sets per Month<\/span><\/span><\/td>\n<\/tr>\n<tr>\n<td><span style=\"vertical-align: inherit;\"><span style=\"vertical-align: inherit;\">gamme de vitesses\uff1a<\/span><\/span><\/td>\n<td><span style=\"vertical-align: inherit;\"><span style=\"vertical-align: inherit;\">0-12m\/s<\/span><\/span><\/td>\n<td><span style=\"vertical-align: inherit;\"><span style=\"vertical-align: inherit;\">Quantit\u00e9 (jeux)\uff1a<\/span><\/span><\/td>\n<td><span style=\"vertical-align: inherit;\"><span style=\"vertical-align: inherit;\">&gt; 1<\/span><\/span><\/td>\n<\/tr>\n<tr>\n<td><span style=\"vertical-align: inherit;\"><span style=\"vertical-align: inherit;\">Degr\u00e9 de pr\u00e9cision\uff1a<\/span><\/span><\/td>\n<td><span style=\"vertical-align: inherit;\"><span style=\"vertical-align: inherit;\">\u00b10,5%R, \u00b11%R ( &lt; DN20)<\/span><\/span><\/td>\n<td><span style=\"vertical-align: inherit;\"><span style=\"vertical-align: inherit;\">D\u00e9lai d'ex\u00e9cution (jours)\uff1a<\/span><\/span><\/td>\n<td><span style=\"vertical-align: inherit;\"><span style=\"vertical-align: inherit;\">A n\u00e9gocier<\/span><\/span><\/td>\n<\/tr>\n<\/tbody>\n<\/table>\n<p>&nbsp;<\/p>\n<p>&nbsp;<\/p>\n<p style=\"text-align: center;\"><img title=\"d\u00e9bitm\u00e8tre pour turbine \u00e0 gaz\" src=\"https:\/\/www.hginstrument.com\/wp-content\/uploads\/2021\/07\/in-line-pipeline-type-hgd-electromagnetic-flow-meter.jpg\" \/><\/p>\n<p>&nbsp;<\/p>\n<p>&nbsp;<\/p>\n<p style=\"text-align: center;\"><img title=\"d\u00e9bitm\u00e8tre pour turbine \u00e0 gaz\" src=\"https:\/\/www.hginstrument.com\/wp-content\/uploads\/2021\/07\/insertion-01.jpg\" \/><\/p>\n<p>&nbsp;<\/p>\n<p>&nbsp;<\/p>\n<p style=\"text-align: center;\"><img title=\"d\u00e9bitm\u00e8tre pour turbine \u00e0 gaz\" src=\"https:\/\/www.hginstrument.com\/wp-content\/uploads\/2021\/07\/sanitary-mag-1.jpg\" \/><\/p>\n<p><strong>gas turbine flow meter FAQs Guide.<\/strong><\/p>\n<p>At the heart of our gas turbine flow meter series lies a commitment to excellence, blending advanced sensor technology with user-friendly interfaces. From liquid to gas, our meters deliver unparalleled accuracy, empowering you to make informed decisions and streamline operations. As we usher in a new era of fluid measurement, we invite you to explore the limitless possibilities that our gas turbine flow meters unlock \u2013 where precision meets performance, and innovation flows seamlessly.<\/p>\n<div style=\"border: 3px solid #f89900; margin: 20px 0; padding: 20px;\"><a href=\"\/fr\/gas-turbine-flow-meter\/#01\">1.About the development history of gas turbine flow meter factory<\/a><br \/>\n<a href=\"\/fr\/gas-turbine-flow-meter\/#02\">2.About gas turbine flow meter overseas warehouse<\/a><br \/>\n<a href=\"\/fr\/gas-turbine-flow-meter\/#03\">3.About gas turbine flow meter raw materials<\/a><br \/>\n<a href=\"\/fr\/gas-turbine-flow-meter\/#04\">4.About gas turbine flow meter MOQ<\/a><br \/>\n<a href=\"\/fr\/gas-turbine-flow-meter\/#05\">5.What is the difference between gas turbine flow meter SUYI group vs gas turbine flow meter Endress+Hauser vs gas turbine flow meter KROHNE<\/a><br \/>\n<a href=\"\/fr\/gas-turbine-flow-meter\/#06\">6.How to calibrate a gas turbine flow meter?<\/a><br \/>\n<a href=\"\/fr\/gas-turbine-flow-meter\/#07\">7.About gas turbine flow meter raw materials<\/a><br \/>\n<a href=\"\/fr\/gas-turbine-flow-meter\/#08\">8.How accurate is the gas turbine flow meter?<\/a><br \/>\n<a href=\"\/fr\/gas-turbine-flow-meter\/#09\">9.About gas turbine flow meter raw material procurement system<\/a><br \/>\n<a href=\"\/fr\/gas-turbine-flow-meter\/#010\">10.Can the gas turbine flow meter be equipped with sensors of different accuracy?<\/a><br \/>\n<a href=\"\/fr\/gas-turbine-flow-meter\/#11\">11.About gas turbine flow meter production capacity<\/a><br \/>\n<a href=\"\/fr\/gas-turbine-flow-meter\/#12\">12.About gas turbine flow meter MOQ<\/a><br \/>\n<a href=\"\/fr\/gas-turbine-flow-meter\/#13\">13.What is the response time of the gas turbine flow meter?<\/a><\/div>\n<div id=\"01\">\n<p><strong>1.About the development history of gas turbine flow meter factory<\/strong><\/p>\n<p>L'usine de d\u00e9bitm\u00e8tres a \u00e9t\u00e9 cr\u00e9\u00e9e au d\u00e9but des ann\u00e9es 1990. Elle a \u00e9t\u00e9 fond\u00e9e par un groupe d'ing\u00e9nieurs et de techniciens qui poss\u00e9daient une vaste exp\u00e9rience dans la conception et la fabrication de d\u00e9bitm\u00e8tres. La soci\u00e9t\u00e9 s'est d'abord concentr\u00e9e sur la production de d\u00e9bitm\u00e8tres m\u00e9caniques, mais elle a rapidement \u00e9largi sa gamme de produits pour y inclure les d\u00e9bitm\u00e8tres \u00e9lectroniques. Au fil des ans, l'entreprise a d\u00e9velopp\u00e9 une large gamme de d\u00e9bitm\u00e8tres pour diverses applications, notamment industrielles, commerciales et r\u00e9sidentielles. Elle a \u00e9galement mis au point une gamme de solutions logicielles et mat\u00e9rielles pour la mesure et le contr\u00f4le des d\u00e9bits. Aujourd'hui, l'entreprise est l'un des principaux fabricants de d\u00e9bitm\u00e8tres et de produits connexes, et elle est reconnue comme un leader dans l'industrie.<\/p>\n<\/div>\n<div id=\"02\">\n<p><strong>2.About gas turbine flow meter overseas warehouse<\/strong><\/p>\n<p>Les entrep\u00f4ts de d\u00e9bitm\u00e8tres \u00e0 l'\u00e9tranger sont des entrep\u00f4ts situ\u00e9s dans des pays \u00e9trangers qui stockent des d\u00e9bitm\u00e8tres et des produits connexes. Ces entrep\u00f4ts sont utilis\u00e9s pour stocker et distribuer des d\u00e9bitm\u00e8tres \u00e0 des clients dans diff\u00e9rents pays. Ils sont g\u00e9n\u00e9ralement situ\u00e9s dans des pays o\u00f9 la demande de d\u00e9bitm\u00e8tres est importante, comme les \u00c9tats-Unis, le Canada et l'Europe. Les entrep\u00f4ts sont g\u00e9n\u00e9ralement d\u00e9tenus et g\u00e9r\u00e9s par le fabricant des d\u00e9bitm\u00e8tres ou par un prestataire logistique tiers. Les entrep\u00f4ts contiennent g\u00e9n\u00e9ralement une grande vari\u00e9t\u00e9 de d\u00e9bitm\u00e8tres, y compris des d\u00e9bitm\u00e8tres num\u00e9riques, analogiques et \u00e0 ultrasons. Ils stockent \u00e9galement des pi\u00e8ces de rechange et des accessoires pour les d\u00e9bitm\u00e8tres.<\/p>\n<\/div>\n<div id=\"03\">\n<p><strong>3.About gas turbine flow meter raw materials<\/strong><\/p>\n<p>Les mati\u00e8res premi\u00e8res des d\u00e9bitm\u00e8tres sont g\u00e9n\u00e9ralement constitu\u00e9es d'une vari\u00e9t\u00e9 de m\u00e9taux, de plastiques et de composites. Les mat\u00e9riaux couramment utilis\u00e9s dans les d\u00e9bitm\u00e8tres sont l'acier inoxydable, le laiton, l'aluminium, le chlorure de polyvinyle (PVC), le polypropyl\u00e8ne (PP) et le polyt\u00e9trafluoro\u00e9thyl\u00e8ne (PTFE). Le mat\u00e9riau utilis\u00e9 dans un d\u00e9bitm\u00e8tre d\u00e9pend de l'application et du type de fluide mesur\u00e9. Par exemple, l'acier inoxydable est souvent utilis\u00e9 pour mesurer les fluides corrosifs, tandis que le PVC est souvent utilis\u00e9 pour mesurer l'eau.<\/p>\n<\/div>\n<div id=\"04\">\n<p><strong>4.About gas turbine flow meter MOQ<\/strong><\/p>\n<p>La quantit\u00e9 minimale de commande (QMC) d'un d\u00e9bitm\u00e8tre d\u00e9pend du type de d\u00e9bitm\u00e8tre et du fabricant. En g\u00e9n\u00e9ral, la QMo pour un d\u00e9bitm\u00e8tre se situe entre 1 et 10 unit\u00e9s, mais elle peut varier en fonction du fabricant et du type de d\u00e9bitm\u00e8tre.<\/p>\n<\/div>\n<div id=\"05\">\n<p><strong>5.What is the difference between gas turbine flow meter SUYI group vs gas turbine flow meter Endress+Hauser vs gas turbine flow meter KROHNE<\/strong><\/p>\n<p>Les d\u00e9bitm\u00e8tres du groupe SUYI, d'Endress+Hauser et de KROHNE mesurent tous le d\u00e9bit d'un liquide ou d'un gaz. Cependant, chaque fabricant propose diff\u00e9rents types de d\u00e9bitm\u00e8tres avec des caract\u00e9ristiques et des capacit\u00e9s diff\u00e9rentes.<\/p>\n<p>Le groupe SUYI propose une grande vari\u00e9t\u00e9 de d\u00e9bitm\u00e8tres, notamment des d\u00e9bitm\u00e8tres \u00e9lectromagn\u00e9tiques, \u00e0 ultrasons et \u00e0 vortex. Ces d\u00e9bitm\u00e8tres sont con\u00e7us pour une large gamme d'applications, y compris l'eau, le p\u00e9trole et le gaz.<\/p>\n<p>Endress+Hauser propose une gamme de d\u00e9bitm\u00e8tres, notamment des d\u00e9bitm\u00e8tres Coriolis, \u00e0 vortex et \u00e0 ultrasons. Ces compteurs sont con\u00e7us pour une vari\u00e9t\u00e9 d'applications, y compris l'eau, le p\u00e9trole et le gaz.<\/p>\n<p>KROHNE propose une gamme de d\u00e9bitm\u00e8tres, notamment des d\u00e9bitm\u00e8tres Coriolis, \u00e0 vortex et \u00e0 ultrasons. Ces compteurs sont con\u00e7us pour une vari\u00e9t\u00e9 d'applications, y compris l'eau, le p\u00e9trole et le gaz. KROHNE propose \u00e9galement une gamme de d\u00e9bitm\u00e8tres sp\u00e9cialis\u00e9s, tels que l'OPTIFLUX et l'OPTISWIRL, qui sont con\u00e7us pour des applications sp\u00e9cifiques.<\/p>\n<p><img style=\"max-width: 100%;\" title=\"What is the difference between gas turbine flow meter SUYI group vs gas turbine flow meter Endress+Hauser vs gas turbine flow meter KROHNE\" src=\"https:\/\/www.hginstrument.com\/wp-content\/uploads\/2021\/07\/ltb-1.jpg\" alt=\"What is the difference between gas turbine flow meter SUYI group vs gas turbine flow meter Endress+Hauser vs gas turbine flow meter KROHNE\" \/><\/p>\n<\/div>\n<div id=\"06\">\n<p><strong>6.How to calibrate a gas turbine flow meter?<\/strong><\/p>\n<p>Being one of the top gas turbine flow meter manufacturers in China, We attach great importance to this detail.<br \/>\n1. V\u00e9rifier les instructions du fabricant du d\u00e9bitm\u00e8tre utilis\u00e9.<\/p>\n<p>2. S'assurer que le d\u00e9bitm\u00e8tre est install\u00e9 correctement et que toutes les connexions sont bien fix\u00e9es.<\/p>\n<p>3. Connecter le d\u00e9bitm\u00e8tre \u00e0 un dispositif d'\u00e9talonnage, tel qu'un appareil d'\u00e9talonnage du d\u00e9bit ou une boucle d'\u00e9talonnage du d\u00e9bit.<\/p>\n<p>4. R\u00e9gler le dispositif d'\u00e9talonnage sur le d\u00e9bit souhait\u00e9.<\/p>\n<p>5. Mettre le d\u00e9bitm\u00e8tre en marche et le laisser fonctionner pendant quelques minutes pour s'assurer qu'il est stable.<\/p>\n<p>6. V\u00e9rifier la lecture du d\u00e9bitm\u00e8tre par rapport \u00e0 celle du dispositif d'\u00e9talonnage.<\/p>\n<p>7. Ajuster les r\u00e9glages du d\u00e9bitm\u00e8tre si n\u00e9cessaire pour qu'il corresponde \u00e0 la lecture du dispositif d'\u00e9talonnage.<\/p>\n<p>8. R\u00e9p\u00e9ter les \u00e9tapes 4 \u00e0 7 jusqu'\u00e0 ce que la lecture du d\u00e9bitm\u00e8tre corresponde \u00e0 celle du dispositif d'\u00e9talonnage.<\/p>\n<p>9. Enregistrer les r\u00e9glages du d\u00e9bitm\u00e8tre et la lecture du dispositif d'\u00e9talonnage pour r\u00e9f\u00e9rence ult\u00e9rieure.<\/p>\n<\/div>\n<div id=\"07\">\n<p><strong>7.About gas turbine flow meter raw materials<\/strong><\/p>\n<p>Les mati\u00e8res premi\u00e8res des d\u00e9bitm\u00e8tres sont g\u00e9n\u00e9ralement constitu\u00e9es d'une vari\u00e9t\u00e9 de m\u00e9taux, de plastiques et de composites. Les mat\u00e9riaux couramment utilis\u00e9s dans les d\u00e9bitm\u00e8tres sont l'acier inoxydable, le laiton, l'aluminium, le chlorure de polyvinyle (PVC), le polypropyl\u00e8ne (PP) et le polyt\u00e9trafluoro\u00e9thyl\u00e8ne (PTFE). Le mat\u00e9riau utilis\u00e9 dans un d\u00e9bitm\u00e8tre d\u00e9pend de l'application et du type de fluide mesur\u00e9. Par exemple, l'acier inoxydable est souvent utilis\u00e9 pour mesurer les fluides corrosifs, tandis que le PVC est souvent utilis\u00e9 pour mesurer l'eau.<\/p>\n<\/div>\n<div id=\"08\">\n<p><strong>8.How accurate is the gas turbine flow meter?<\/strong><\/p>\n<p>We are a professional gas turbine flow meter company dedicated to providing high quality products and services.<br \/>\nLa pr\u00e9cision d'un d\u00e9bitm\u00e8tre d\u00e9pend du type de d\u00e9bitm\u00e8tre utilis\u00e9. En g\u00e9n\u00e9ral, la plupart des d\u00e9bitm\u00e8tres ont une pr\u00e9cision de 1-2% par rapport au d\u00e9bit r\u00e9el. Toutefois, certains d\u00e9bitm\u00e8tres peuvent \u00eatre plus pr\u00e9cis que cela, en fonction du type et de la qualit\u00e9 du d\u00e9bitm\u00e8tre.<\/p>\n<\/div>\n<div id=\"09\">\n<p><strong>9.About gas turbine flow meter raw material procurement system<\/strong><\/p>\n<p>Un syst\u00e8me d'approvisionnement en mati\u00e8res premi\u00e8res pour d\u00e9bitm\u00e8tres est une solution logicielle con\u00e7ue pour rationaliser le processus d'achat de mati\u00e8res premi\u00e8res pour la production de d\u00e9bitm\u00e8tres. Le syst\u00e8me permet aux utilisateurs de rechercher et d'acheter rapidement et facilement les composants n\u00e9cessaires \u00e0 leur production de d\u00e9bitm\u00e8tres. Il fournit \u00e9galement des informations d\u00e9taill\u00e9es sur les composants, y compris les prix, la disponibilit\u00e9 et les d\u00e9lais de livraison. Le syst\u00e8me permet \u00e9galement aux utilisateurs de suivre leurs commandes et de g\u00e9rer leurs stocks. Cela permet de s'assurer que les bons composants sont toujours disponibles lorsque l'on en a besoin.<\/p>\n<\/div>\n<div id=\"010\">\n<p><strong>10.Can the gas turbine flow meter be equipped with sensors of different accuracy?<\/strong><\/p>\n<p>Oui, les d\u00e9bitm\u00e8tres peuvent \u00eatre \u00e9quip\u00e9s de capteurs de diff\u00e9rentes pr\u00e9cisions. Diff\u00e9rents types de d\u00e9bitm\u00e8tres sont disponibles avec diff\u00e9rents niveaux de pr\u00e9cision, en fonction de l'application. Par exemple, les d\u00e9bitm\u00e8tres \u00e0 turbine sont g\u00e9n\u00e9ralement plus pr\u00e9cis que les d\u00e9bitm\u00e8tres \u00e0 roue \u00e0 aubes.<\/p>\n<p><img style=\"max-width: 100%;\" title=\"Can the gas turbine flow meter be equipped with sensors of different accuracy?\" src=\"https:\/\/www.hginstrument.com\/wp-content\/uploads\/2021\/07\/sanitary-mag-1.jpg\" alt=\"Can the gas turbine flow meter be equipped with sensors of different accuracy?\" \/><\/p>\n<\/div>\n<div id=\"11\">\n<p><strong>11.About gas turbine flow meter production capacity<\/strong><\/p>\n<p>La capacit\u00e9 de production des d\u00e9bitm\u00e8tres d\u00e9pend du type de d\u00e9bitm\u00e8tre produit. En g\u00e9n\u00e9ral, la capacit\u00e9 de production est d\u00e9termin\u00e9e par la taille de l'installation de production, le nombre de machines et le personnel disponibles, et le type de d\u00e9bitm\u00e8tre produit. Par exemple, un site de production sp\u00e9cialis\u00e9 dans la fabrication de d\u00e9bitm\u00e8tres \u00e0 turbine peut avoir une capacit\u00e9 de production plus \u00e9lev\u00e9e qu'un site produisant des d\u00e9bitm\u00e8tres \u00e0 ultrasons. En outre, la capacit\u00e9 de production d'une installation peut \u00eatre affect\u00e9e par la complexit\u00e9 du d\u00e9bitm\u00e8tre produit, ainsi que par la disponibilit\u00e9 des mati\u00e8res premi\u00e8res et des composants.<\/p>\n<\/div>\n<div id=\"12\">\n<p><strong>12.About gas turbine flow meter MOQ<\/strong><\/p>\n<p>La quantit\u00e9 minimale de commande (QMC) d'un d\u00e9bitm\u00e8tre d\u00e9pend du type de d\u00e9bitm\u00e8tre et du fabricant. En g\u00e9n\u00e9ral, la QMo pour un d\u00e9bitm\u00e8tre se situe entre 1 et 10 unit\u00e9s, mais elle peut varier en fonction du fabricant et du type de d\u00e9bitm\u00e8tre.<\/p>\n<\/div>\n<div id=\"13\">\n<p><strong>13.What is the response time of the gas turbine flow meter?<\/strong><\/p>\n<p>Nous avons \u00e9tabli des partenariats stables et \u00e0 long terme avec nos fournisseurs, ce qui nous conf\u00e8re de grands avantages en termes de prix, de co\u00fbts et d'assurance qualit\u00e9.<br \/>\nLe temps de r\u00e9ponse d'un d\u00e9bitm\u00e8tre peut varier en fonction du type de d\u00e9bitm\u00e8tre utilis\u00e9. En g\u00e9n\u00e9ral, le temps de r\u00e9ponse d'un d\u00e9bitm\u00e8tre est compris entre 0,1 et 1 seconde.<\/p>\n<\/div>\n<p>&nbsp;<\/p>\n<p>Tag\uff1a<a href=\"\/fr\/magnetic-flow-meter\/digital-peak-flow-meter\/\">d\u00e9bitm\u00e8tre num\u00e9rique de pointe<\/a>,<a href=\"\/fr\/magnetic-flow-meter\/1-1\/4-flow-meter\/\">D\u00e9bitm\u00e8tre 1 1\/4<\/a>,<a href=\"\/fr\/magnetic-flow-meter\/argon-flow-meter-for-tig-welding\/\">d\u00e9bitm\u00e8tre d'argon pour le soudage tig<\/a>,<a href=\"\/fr\/magnetic-flow-meter\/omron-peak-flow-meter\/\">omron peak flow meter<\/a><\/p>\n<p>&nbsp;<\/p>","protected":false},"excerpt":{"rendered":"<p><strong>Donn\u00e9es techniques<\/strong><br \/>\nPeut \u00eatre utilis\u00e9 pour les fluides liquides ou gazeux, g\u00e9n\u00e9ralement pour mesurer le d\u00e9bit de la vapeur, de la vapeur, de l'air et du gaz naturel.<br \/>\nTaille du compteur : Type en ligne : DN25 - DN300<br \/>\nOption de mat\u00e9riau en contact avec le liquide : SS304, SS316<br \/>\nTemp\u00e9rature de fonctionnement : \u2264250\u2103<br \/>\nRaccordement au processus : Wafer \/ Bride \/ Tri-clamp pour le type en ligne<br \/>\nPr\u00e9cision de mesure : 1,0 % - 1,5% de la plage d'\u00e9talonnage<br \/>\nIndicateur num\u00e9rique : affichage du d\u00e9bit instantan\u00e9, du d\u00e9bit total<br \/>\nAlimentation : 24VDC, Sortie : 4-20mA<\/p>\n<p><strong>caract\u00e9ristiques<\/strong><br \/>\n1. points de consigne ON\/OFF r\u00e9glables<br \/>\n2. mode d'alarme de d\u00e9bit Hi ou Lo<br \/>\n3. d\u00e9lai r\u00e9glable<br \/>\n4. LED d'\u00e9tat du relais<\/p>","protected":false},"featured_media":3691,"comment_status":"closed","ping_status":"closed","template":"","meta":[],"product_cat":[2372],"product_tag":[],"acf":[],"_links":{"self":[{"href":"https:\/\/www.hginstrument.com\/fr\/wp-json\/wp\/v2\/product\/5368"}],"collection":[{"href":"https:\/\/www.hginstrument.com\/fr\/wp-json\/wp\/v2\/product"}],"about":[{"href":"https:\/\/www.hginstrument.com\/fr\/wp-json\/wp\/v2\/types\/product"}],"replies":[{"embeddable":true,"href":"https:\/\/www.hginstrument.com\/fr\/wp-json\/wp\/v2\/comments?post=5368"}],"wp:featuredmedia":[{"embeddable":true,"href":"https:\/\/www.hginstrument.com\/fr\/wp-json\/wp\/v2\/media\/3691"}],"wp:attachment":[{"href":"https:\/\/www.hginstrument.com\/fr\/wp-json\/wp\/v2\/media?parent=5368"}],"wp:term":[{"taxonomy":"product_cat","embeddable":true,"href":"https:\/\/www.hginstrument.com\/fr\/wp-json\/wp\/v2\/product_cat?post=5368"},{"taxonomy":"product_tag","embeddable":true,"href":"https:\/\/www.hginstrument.com\/fr\/wp-json\/wp\/v2\/product_tag?post=5368"}],"curies":[{"name":"wp","href":"https:\/\/api.w.org\/{rel}","templated":true}]}}