{"id":5420,"date":"2023-12-24T05:52:00","date_gmt":"2023-12-23T21:52:00","guid":{"rendered":"https:\/\/www.hginstrument.com\/?post_type=product&#038;p=5420"},"modified":"2024-01-05T17:13:40","modified_gmt":"2024-01-05T09:13:40","slug":"hach-flow-meter","status":"publish","type":"product","link":"https:\/\/www.hginstrument.com\/fr\/magnetic-flow-meter\/hach-flow-meter\/","title":{"rendered":"d\u00e9bitm\u00e8tre hach"},"content":{"rendered":"<p>Whether it&#8217;s for industrial process control, environmental monitoring, or energy management, the hach flow meter is a top-performing product that guarantees precise and reliable flow measurement. With its advanced technology and versatile capabilities, this device is an essential tool for any industry seeking accurate and efficient flow monitoring solutions.<\/p>\n<p>At the heart of hach flow meters is the technology that measures and records the flow, providing accurate and reliable readings. There are different types of hach flow meters, including magnetic, ultrasonic, coriolis, and turbine, each designed for specific applications and fluid types.<\/p>\n<p>One of the most advanced and widely used hach flow meters is the electromagnetic hach flow meter. It works on the principle of Faraday&#8217;s Law of Electromagnetic Induction and is capable of measuring the flow rate of conductive fluids with incredible accuracy and repeatability. It is suitable for a variety of fluids, including water, chemicals, and slurries.<\/p>\n<table class=\"table table-bordered\">\n<tbody>\n<tr>\n<td><span style=\"vertical-align: inherit;\"><span style=\"vertical-align: inherit;\">Type\uff1a<\/span><\/span><\/td>\n<td><span style=\"vertical-align: inherit;\">d\u00e9bitm\u00e8tre hach<\/span><\/td>\n<td><span style=\"vertical-align: inherit;\"><span style=\"vertical-align: inherit;\">Signal de sortie\uff1a<\/span><\/span><\/td>\n<td><span style=\"vertical-align: inherit;\"><span style=\"vertical-align: inherit;\">4-20 mA, impulsion\/fr\u00e9quence 2 kHz (par d\u00e9faut), 5 kHz (max)<\/span><\/span><\/td>\n<\/tr>\n<tr>\n<td><span style=\"vertical-align: inherit;\"><span style=\"vertical-align: inherit;\">Lieu d'origine\uff1a<\/span><\/span><\/td>\n<td><span style=\"vertical-align: inherit;\"><span style=\"vertical-align: inherit;\">Jiangsu\uff0cChina<\/span><\/span><\/td>\n<td><span style=\"vertical-align: inherit;\"><span style=\"vertical-align: inherit;\">Incorporer le type\uff1a<\/span><\/span><\/td>\n<td><span style=\"vertical-align: inherit;\"><span style=\"vertical-align: inherit;\">-10\u2103- +52\u2103<\/span><\/span><\/td>\n<\/tr>\n<tr>\n<td><span style=\"vertical-align: inherit;\"><span style=\"vertical-align: inherit;\">Garantie\uff1a<\/span><\/span><\/td>\n<td><span style=\"vertical-align: inherit;\"><span style=\"vertical-align: inherit;\">26 mois<\/span><\/span><\/td>\n<td><span style=\"vertical-align: inherit;\"><span style=\"vertical-align: inherit;\">Tension d'alimentation\uff1a<\/span><\/span><\/td>\n<td><span style=\"vertical-align: inherit;\"><span style=\"vertical-align: inherit;\">110\/220VAC (100-240VAC), 50Hz\/60Hz ; 24VDC\u00b110%<\/span><\/span><\/td>\n<\/tr>\n<tr>\n<td><span style=\"vertical-align: inherit;\"><span style=\"vertical-align: inherit;\">Soutien personnalis\u00e9\uff1a<\/span><\/span><\/td>\n<td><span style=\"vertical-align: inherit;\"><span style=\"vertical-align: inherit;\">OEM, ODM, OBM<\/span><\/span><\/td>\n<td><span style=\"vertical-align: inherit;\"><span style=\"vertical-align: inherit;\">Communication num\u00e9rique\uff1a<\/span><\/span><\/td>\n<td><span style=\"vertical-align: inherit;\"><span style=\"vertical-align: inherit;\">RS-485, supportant le protocole standard Mudbugs-RTU ; GPRS<\/span><\/span><\/td>\n<\/tr>\n<tr>\n<td><span style=\"vertical-align: inherit;\"><span style=\"vertical-align: inherit;\">Nom de marque\uff1a<\/span><\/span><\/td>\n<td><span style=\"vertical-align: inherit;\"><span style=\"vertical-align: inherit;\">GROUPE SUYI<\/span><\/span><\/td>\n<td><span style=\"vertical-align: inherit;\"><span style=\"vertical-align: inherit;\">Pression nominale\uff1a<\/span><\/span><\/td>\n<td><span style=\"vertical-align: inherit;\"><span style=\"vertical-align: inherit;\">1MPa (DN15-DN800), 1,6MPa(DN15-DN800), 2,5MPa(DN15-DN600)<\/span><\/span><\/td>\n<\/tr>\n<tr>\n<td><span style=\"vertical-align: inherit;\"><span style=\"vertical-align: inherit;\">Num\u00e9ro de mod\u00e8le\uff1a<\/span><\/span><\/td>\n<td><span style=\"vertical-align: inherit;\"><span style=\"vertical-align: inherit;\">autres<\/span><\/span><\/td>\n<td><span style=\"vertical-align: inherit;\"><span style=\"vertical-align: inherit;\">Capteur\uff1a<\/span><\/span><\/td>\n<td><span style=\"vertical-align: inherit;\"><span style=\"vertical-align: inherit;\">0\u2103- +80\u2103 ou -25\u2103- +120\u2103 ou +70\u2103- +250\u2103<\/span><\/span><\/td>\n<\/tr>\n<tr>\n<td><span style=\"vertical-align: inherit;\"><span style=\"vertical-align: inherit;\">Nom du produit\uff1a<\/span><\/span><\/td>\n<td><span style=\"vertical-align: inherit;\"><span style=\"vertical-align: inherit;\">D\u00e9bitm\u00e8tre \u00e9lectromagn\u00e9tique intelligent pour produits chimiques<\/span><\/span><\/td>\n<td><span style=\"vertical-align: inherit;\"><span style=\"vertical-align: inherit;\">D\u00e9tails de l'emballage\uff1a<\/span><\/span><\/td>\n<td><span style=\"vertical-align: inherit;\"><span style=\"vertical-align: inherit;\">1 jeu par paquet ou selon la demande du client<\/span><\/span><\/td>\n<\/tr>\n<tr>\n<td><span style=\"vertical-align: inherit;\"><span style=\"vertical-align: inherit;\">Diam\u00e8tre nominal\uff1a<\/span><\/span><\/td>\n<td><span style=\"vertical-align: inherit;\"><span style=\"vertical-align: inherit;\">3-3298mm<\/span><\/span><\/td>\n<td><span style=\"vertical-align: inherit;\"><span style=\"vertical-align: inherit;\">Capacit\u00e9 d'approvisionnement\uff1a<\/span><\/span><\/td>\n<td><span style=\"vertical-align: inherit;\"><span style=\"vertical-align: inherit;\">1814 Set\/Sets per Month<\/span><\/span><\/td>\n<\/tr>\n<tr>\n<td><span style=\"vertical-align: inherit;\"><span style=\"vertical-align: inherit;\">gamme de vitesses\uff1a<\/span><\/span><\/td>\n<td><span style=\"vertical-align: inherit;\"><span style=\"vertical-align: inherit;\">0-8m\/s<\/span><\/span><\/td>\n<td><span style=\"vertical-align: inherit;\"><span style=\"vertical-align: inherit;\">Quantit\u00e9 (jeux)\uff1a<\/span><\/span><\/td>\n<td><span style=\"vertical-align: inherit;\"><span style=\"vertical-align: inherit;\">&gt; 30<\/span><\/span><\/td>\n<\/tr>\n<tr>\n<td><span style=\"vertical-align: inherit;\"><span style=\"vertical-align: inherit;\">Degr\u00e9 de pr\u00e9cision\uff1a<\/span><\/span><\/td>\n<td><span style=\"vertical-align: inherit;\"><span style=\"vertical-align: inherit;\">\u00b10,5%R, \u00b11%R ( &lt; DN20)<\/span><\/span><\/td>\n<td><span style=\"vertical-align: inherit;\"><span style=\"vertical-align: inherit;\">D\u00e9lai d'ex\u00e9cution (jours)\uff1a<\/span><\/span><\/td>\n<td><span style=\"vertical-align: inherit;\"><span style=\"vertical-align: inherit;\">A n\u00e9gocier<\/span><\/span><\/td>\n<\/tr>\n<\/tbody>\n<\/table>\n<p>&nbsp;<\/p>\n<p>&nbsp;<\/p>\n<p style=\"text-align: center;\"><img title=\"d\u00e9bitm\u00e8tre hach\" src=\"https:\/\/www.hginstrument.com\/wp-content\/uploads\/2021\/07\/in-line-pipeline-type-hgd-electromagnetic-flow-meter.jpg\" \/><\/p>\n<p>&nbsp;<\/p>\n<p>&nbsp;<\/p>\n<p style=\"text-align: center;\"><img title=\"d\u00e9bitm\u00e8tre hach\" src=\"https:\/\/www.hginstrument.com\/wp-content\/uploads\/2021\/07\/insertion-01.jpg\" \/><\/p>\n<p>&nbsp;<\/p>\n<p>&nbsp;<\/p>\n<p style=\"text-align: center;\"><img title=\"d\u00e9bitm\u00e8tre hach\" src=\"https:\/\/www.hginstrument.com\/wp-content\/uploads\/2021\/07\/sanitary-mag-1.jpg\" \/><\/p>\n<p><strong>hach flow meter FAQs Guide.<\/strong><\/p>\n<p>At the heart of our hach flow meter series lies a commitment to excellence, blending advanced sensor technology with user-friendly interfaces. From liquid to gas, our meters deliver unparalleled accuracy, empowering you to make informed decisions and streamline operations. As we usher in a new era of fluid measurement, we invite you to explore the limitless possibilities that our hach flow meters unlock \u2013 where precision meets performance, and innovation flows seamlessly.<\/p>\n<div style=\"border: 3px solid #f89900; margin: 20px 0; padding: 20px;\"><a href=\"\/fr\/hach-flow-meter\/#01\">1.About hach flow meter production equipment<\/a><br \/>\n<a href=\"\/fr\/hach-flow-meter\/#02\">2.What is the main principle of hach flow meter?<\/a><br \/>\n<a href=\"\/fr\/hach-flow-meter\/#03\">3.What is the difference between hach flow meter SUYI group vs hach flow meter Schneider Electric vs hach flow meter Badger Meter<\/a><br \/>\n<a href=\"\/fr\/hach-flow-meter\/#04\">4.What are the options for the exterior materials of the hach flow meter?<\/a><br \/>\n<a href=\"\/fr\/hach-flow-meter\/#05\">5.Does the hach flow meter have data storage capabilities?<\/a><br \/>\n<a href=\"\/fr\/hach-flow-meter\/#06\">6.What are the characteristics of hach flow meter?<\/a><br \/>\n<a href=\"\/fr\/hach-flow-meter\/#07\">7.About hach flow meter production management system<\/a><br \/>\n<a href=\"\/fr\/hach-flow-meter\/#08\">8.Does the hach flow meter have an automatic alarm function?<\/a><br \/>\n<a href=\"\/fr\/hach-flow-meter\/#09\">9.What is the measuring range of hach flow meter?<\/a><br \/>\n<a href=\"\/fr\/hach-flow-meter\/#010\">10.What fluids are hach flow meters mainly used for measuring?<\/a><br \/>\n<a href=\"\/fr\/hach-flow-meter\/#11\">11.About hach flow meter overseas warehouse<\/a><br \/>\n<a href=\"\/fr\/hach-flow-meter\/#12\">12.About hach flow meter MOQ<\/a><br \/>\n<a href=\"\/fr\/hach-flow-meter\/#13\">13.About hach flow meter origin<\/a><br \/>\n<a href=\"\/fr\/hach-flow-meter\/#14\">14.Is the hach flow meter waterproof?<\/a><br \/>\n<a href=\"\/fr\/hach-flow-meter\/#15\">15.About hach flow meter payment method<\/a><br \/>\n<a href=\"\/fr\/hach-flow-meter\/#16\">16.What are the maintenance methods for hach flow meter?<\/a><br \/>\n<a href=\"\/fr\/hach-flow-meter\/#17\">17.About hach flow meter delivery date<\/a><\/div>\n<div id=\"01\">\n<p><strong>1.About hach flow meter production equipment<\/strong><\/p>\n<p>L'\u00e9quipement de production de d\u00e9bitm\u00e8tres est utilis\u00e9 pour fabriquer des d\u00e9bitm\u00e8tres, qui sont des dispositifs utilis\u00e9s pour mesurer le d\u00e9bit d'un liquide ou d'un gaz. Cet \u00e9quipement comprend g\u00e9n\u00e9ralement une vari\u00e9t\u00e9 de machines et d'outils, tels que des tours, des fraiseuses, des perceuses \u00e0 colonne et des machines \u00e0 commande num\u00e9rique. Il comprend \u00e9galement des outils sp\u00e9cialis\u00e9s pour assembler et tester les d\u00e9bitm\u00e8tres. L'\u00e9quipement utilis\u00e9 pour produire des d\u00e9bitm\u00e8tres est hautement sp\u00e9cialis\u00e9 et doit \u00eatre en mesure de produire des r\u00e9sultats pr\u00e9cis et fiables.<\/p>\n<\/div>\n<div id=\"02\">\n<p><strong>2.What is the main principle of hach flow meter?<\/strong><\/p>\n<p>Our hach flow meter products undergo strict quality control to ensure customer satisfaction.<br \/>\nLe principe de base d'un d\u00e9bitm\u00e8tre est de mesurer le d\u00e9bit d'un fluide ou d'un gaz dans un tuyau ou un autre r\u00e9cipient. Cela se fait g\u00e9n\u00e9ralement en mesurant la chute de pression \u00e0 travers une restriction connue dans le tuyau, ou en mesurant la vitesse du fluide ou du gaz lorsqu'il passe dans le tuyau.<\/p>\n<\/div>\n<div id=\"03\">\n<p><strong>3.What is the difference between hach flow meter SUYI group vs hach flow meter Schneider Electric vs hach flow meter Badger Meter<\/strong><\/p>\n<p>Les d\u00e9bitm\u00e8tres du groupe SUYI sont g\u00e9n\u00e9ralement utilis\u00e9s pour des applications industrielles, telles que la mesure du d\u00e9bit de liquides, de gaz et de vapeur. Ils sont con\u00e7us pour \u00eatre fiables et pr\u00e9cis, et sont disponibles dans une vari\u00e9t\u00e9 de tailles et de mat\u00e9riaux.<\/p>\n<p>Les d\u00e9bitm\u00e8tres de Schneider Electric sont con\u00e7us pour des applications industrielles et commerciales et sont disponibles dans une vari\u00e9t\u00e9 de tailles et de mat\u00e9riaux. Ils sont con\u00e7us pour \u00eatre fiables et pr\u00e9cis et conviennent \u00e0 une large gamme d'applications.<\/p>\n<p>Les d\u00e9bitm\u00e8tres de Badger Meter sont con\u00e7us pour des applications industrielles et commerciales et sont disponibles dans une vari\u00e9t\u00e9 de tailles et de mat\u00e9riaux. Ils sont con\u00e7us pour \u00eatre fiables et pr\u00e9cis, et conviennent \u00e0 une large gamme d'applications. Ils offrent \u00e9galement de nombreuses fonctionnalit\u00e9s, telles que la surveillance \u00e0 distance et l'enregistrement des donn\u00e9es.<\/p>\n<\/div>\n<div id=\"04\">\n<p><strong>4.What are the options for the exterior materials of the hach flow meter?<\/strong><\/p>\n<p>hach flow meter is not a product only, but also can help you comes to money-making.<br \/>\n1. L'aluminium<br \/>\n2. Acier inoxydable<br \/>\n3. Laiton<br \/>\n4. Plastique<br \/>\n5. Polypropyl\u00e8ne<br \/>\n6. PVC<br \/>\n7. Polycarbonate<br \/>\n8. Fibre de verre<br \/>\n9. Titane<br \/>\n10. Cuivre<\/p>\n<\/div>\n<div id=\"05\">\n<p><strong>5.Does the hach flow meter have data storage capabilities?<\/strong><\/p>\n<p>Nous nous concentrons sur l'innovation et l'am\u00e9lioration continue afin de conserver un avantage concurrentiel.<br \/>\nCela d\u00e9pend du type de d\u00e9bitm\u00e8tre. Certains d\u00e9bitm\u00e8tres ont des capacit\u00e9s de stockage de donn\u00e9es, d'autres non.<\/p>\n<p><img style=\"max-width: 100%;\" title=\"Does the hach flow meter have data storage capabilities?\" src=\"https:\/\/www.hginstrument.com\/wp-content\/uploads\/2021\/07\/hluc-1.jpg\" alt=\"Does the hach flow meter have data storage capabilities?\" \/><\/p>\n<\/div>\n<div id=\"06\">\n<p><strong>6.What are the characteristics of hach flow meter?<\/strong><\/p>\n<p>Nous avons \u00e9tabli des partenariats stables et \u00e0 long terme avec nos fournisseurs, ce qui nous conf\u00e8re de grands avantages en termes de prix, de co\u00fbts et d'assurance qualit\u00e9.<br \/>\n1. Pr\u00e9cision : Les d\u00e9bitm\u00e8tres doivent pouvoir mesurer avec pr\u00e9cision le d\u00e9bit d'un fluide.<\/p>\n<p>2. Plage de mesure : Les d\u00e9bitm\u00e8tres doivent pouvoir mesurer une large gamme de d\u00e9bits.<\/p>\n<p>3. R\u00e9p\u00e9tabilit\u00e9 : Les d\u00e9bitm\u00e8tres doivent \u00eatre capables de mesurer de mani\u00e8re constante le m\u00eame d\u00e9bit dans le temps.<\/p>\n<p>4. Temps de r\u00e9ponse : Les d\u00e9bitm\u00e8tres doivent pouvoir r\u00e9agir rapidement aux variations de d\u00e9bit.<\/p>\n<p>5. Durabilit\u00e9 : Les d\u00e9bitm\u00e8tres doivent pouvoir r\u00e9sister aux conditions difficiles de l'environnement dans lequel ils sont utilis\u00e9s.<\/p>\n<p>6. Le co\u00fbt : Les d\u00e9bitm\u00e8tres doivent \u00eatre rentables pour l'application.<\/p>\n<\/div>\n<div id=\"07\">\n<p><strong>7.About hach flow meter production management system<\/strong><\/p>\n<p>Un syst\u00e8me de gestion de la production de d\u00e9bitm\u00e8tres est une solution logicielle con\u00e7ue pour aider les fabricants \u00e0 g\u00e9rer la production de d\u00e9bitm\u00e8tres. Le syst\u00e8me peut \u00eatre utilis\u00e9 pour suivre le processus de production du d\u00e9but \u00e0 la fin, y compris la commande des mati\u00e8res premi\u00e8res, l'assemblage des composants, les essais et l'\u00e9talonnage du produit fini. Le syst\u00e8me peut \u00e9galement \u00eatre utilis\u00e9 pour contr\u00f4ler la qualit\u00e9 du processus de production, en s'assurant que les d\u00e9bitm\u00e8tres r\u00e9pondent aux normes requises. En outre, le syst\u00e8me peut \u00eatre utilis\u00e9 pour g\u00e9n\u00e9rer des rapports et analyser des donn\u00e9es afin d'aider les fabricants \u00e0 am\u00e9liorer leurs processus de production.<\/p>\n<\/div>\n<div id=\"08\">\n<p><strong>8.Does the hach flow meter have an automatic alarm function?<\/strong><\/p>\n<p>Nous adh\u00e9rons au principe de la qualit\u00e9 d'abord et disposons d'un syst\u00e8me complet de gestion de la qualit\u00e9 de la production et d'un processus d'inspection de la qualit\u00e9.<br \/>\nDe nombreux d\u00e9bitm\u00e8tres sont dot\u00e9s d'une fonction d'alarme automatique, mais cela d\u00e9pend du mod\u00e8le. Il est pr\u00e9f\u00e9rable de v\u00e9rifier les sp\u00e9cifications du produit pour d\u00e9terminer si le d\u00e9bitm\u00e8tre que vous envisagez poss\u00e8de cette fonction.<\/p>\n<\/div>\n<div id=\"09\">\n<p><strong>9.What is the measuring range of hach flow meter?<\/strong><\/p>\n<p>We continuously upgrade our skills and knowledge to adapt to changing hach flow meter market needs.<br \/>\nLa plage de mesure d'un d\u00e9bitm\u00e8tre d\u00e9pend du type de d\u00e9bitm\u00e8tre utilis\u00e9. En g\u00e9n\u00e9ral, la plage de mesure d'un d\u00e9bitm\u00e8tre peut aller de 0,01 \u00e0 1000 litres par minute.<\/p>\n<\/div>\n<div id=\"010\">\n<p><strong>10.What fluids are hach flow meters mainly used for measuring?<\/strong><\/p>\n<p>Nous mettons l'accent sur le travail d'\u00e9quipe et la communication pour atteindre des objectifs communs, nous attachons une grande importance \u00e0 ce d\u00e9tail.<br \/>\nLes d\u00e9bitm\u00e8tres sont principalement utilis\u00e9s pour mesurer le d\u00e9bit de liquides, de gaz et de vapeur.<\/p>\n<p><img style=\"max-width: 100%;\" title=\"What fluids are hach flow meters mainly used for measuring?\" src=\"https:\/\/www.hginstrument.com\/wp-content\/uploads\/2021\/07\/in-line-pipeline-type-hgd-electromagnetic-flow-meter.jpg\" alt=\"What fluids are hach flow meters mainly used for measuring?\" \/><\/p>\n<\/div>\n<div id=\"11\">\n<p><strong>11.About hach flow meter overseas warehouse<\/strong><\/p>\n<p>Les entrep\u00f4ts de d\u00e9bitm\u00e8tres \u00e0 l'\u00e9tranger sont des entrep\u00f4ts situ\u00e9s dans des pays \u00e9trangers qui stockent des d\u00e9bitm\u00e8tres et des produits connexes. Ces entrep\u00f4ts sont utilis\u00e9s pour stocker et distribuer des d\u00e9bitm\u00e8tres \u00e0 des clients dans diff\u00e9rents pays. Ils sont g\u00e9n\u00e9ralement situ\u00e9s dans des pays o\u00f9 la demande de d\u00e9bitm\u00e8tres est importante, comme les \u00c9tats-Unis, le Canada et l'Europe. Les entrep\u00f4ts sont g\u00e9n\u00e9ralement d\u00e9tenus et g\u00e9r\u00e9s par le fabricant des d\u00e9bitm\u00e8tres ou par un prestataire logistique tiers. Les entrep\u00f4ts contiennent g\u00e9n\u00e9ralement une grande vari\u00e9t\u00e9 de d\u00e9bitm\u00e8tres, y compris des d\u00e9bitm\u00e8tres num\u00e9riques, analogiques et \u00e0 ultrasons. Ils stockent \u00e9galement des pi\u00e8ces de rechange et des accessoires pour les d\u00e9bitm\u00e8tres.<\/p>\n<\/div>\n<div id=\"12\">\n<p><strong>12.About hach flow meter MOQ<\/strong><\/p>\n<p>La quantit\u00e9 minimale de commande (QMC) d'un d\u00e9bitm\u00e8tre d\u00e9pend du type de d\u00e9bitm\u00e8tre et du fabricant. En g\u00e9n\u00e9ral, la QMo pour un d\u00e9bitm\u00e8tre se situe entre 1 et 10 unit\u00e9s, mais elle peut varier en fonction du fabricant et du type de d\u00e9bitm\u00e8tre.<\/p>\n<\/div>\n<div id=\"13\">\n<p><strong>13.About hach flow meter origin<\/strong><\/p>\n<p>Le premier d\u00e9bitm\u00e8tre a \u00e9t\u00e9 invent\u00e9 en 1832 par un Anglais nomm\u00e9 William Henry. Il a mis au point un appareil utilisant un flotteur pour mesurer le d\u00e9bit d'eau dans un tuyau. Cet appareil \u00e9tait le premier de son genre et le pr\u00e9curseur des d\u00e9bitm\u00e8tres modernes. Depuis lors, les d\u00e9bitm\u00e8tres ont \u00e9t\u00e9 utilis\u00e9s dans diverses industries pour mesurer le d\u00e9bit de liquides, de gaz et d'autres mat\u00e9riaux. Aujourd'hui, les d\u00e9bitm\u00e8tres sont utilis\u00e9s dans diverses applications, de la mesure du d\u00e9bit d'eau dans une canalisation \u00e0 la mesure du d\u00e9bit de p\u00e9trole dans une raffinerie.<\/p>\n<\/div>\n<div id=\"14\">\n<p><strong>14.Is the hach flow meter waterproof?<\/strong><\/p>\n<p>Nous nous concentrons sur les besoins de nos clients et nous nous effor\u00e7ons de r\u00e9pondre \u00e0 leurs attentes, c'est pourquoi nous prenons cela tr\u00e8s au s\u00e9rieux.<br \/>\nNon, la plupart des d\u00e9bitm\u00e8tres ne sont pas \u00e9tanches. Toutefois, certains mod\u00e8les peuvent \u00eatre con\u00e7us pour r\u00e9sister \u00e0 l'eau ou \u00eatre \u00e9tanches. Il est important de v\u00e9rifier les sp\u00e9cifications du d\u00e9bitm\u00e8tre pour d\u00e9terminer s'il peut \u00eatre utilis\u00e9 dans des environnements humides ou mouill\u00e9s.<\/p>\n<\/div>\n<div id=\"15\">\n<p><strong>15.About hach flow meter payment method<\/strong><\/p>\n<p>Le paiement par d\u00e9bitm\u00e8tre est une m\u00e9thode de paiement qui utilise un d\u00e9bitm\u00e8tre pour mesurer la quantit\u00e9 d'\u00e9nergie utilis\u00e9e par un client. Le client paie l'\u00e9nergie utilis\u00e9e en fonction de la quantit\u00e9 d'\u00e9nergie mesur\u00e9e par le d\u00e9bitm\u00e8tre. Cette m\u00e9thode de paiement est souvent utilis\u00e9e dans les milieux commerciaux et industriels, o\u00f9 la consommation d'\u00e9nergie est \u00e9lev\u00e9e et doit \u00eatre suivie avec pr\u00e9cision. Le paiement par d\u00e9bitm\u00e8tre est \u00e9galement utilis\u00e9 dans certains contextes r\u00e9sidentiels, o\u00f9 les clients peuvent payer leur consommation d'\u00e9nergie en fonction de la quantit\u00e9 d'\u00e9nergie qu'ils utilisent.<\/p>\n<p><img style=\"max-width: 100%;\" title=\"About hach flow meter payment method\" src=\"https:\/\/www.hginstrument.com\/wp-content\/uploads\/2021\/07\/v-cone-5.jpg\" alt=\"About hach flow meter payment method\" \/><\/p>\n<\/div>\n<div id=\"16\">\n<p><strong>16.What are the maintenance methods for hach flow meter?<\/strong><\/p>\n<p>Nous nous concentrons sur l'innovation et l'am\u00e9lioration continue afin de conserver un avantage concurrentiel.<br \/>\n1. V\u00e9rifier r\u00e9guli\u00e8rement que le d\u00e9bitm\u00e8tre ne pr\u00e9sente pas de signes d'usure ou de d\u00e9t\u00e9rioration.<\/p>\n<p>2. Nettoyer r\u00e9guli\u00e8rement le d\u00e9bitm\u00e8tre pour garantir la pr\u00e9cision des relev\u00e9s.<\/p>\n<p>3. V\u00e9rifier la pr\u00e9cision du d\u00e9bitm\u00e8tre en effectuant des tests d'\u00e9talonnage.<\/p>\n<p>4. Remplacer les pi\u00e8ces us\u00e9es ou endommag\u00e9es d\u00e8s que possible.<\/p>\n<p>5. S'assurer que le d\u00e9bitm\u00e8tre est correctement install\u00e9 et raccord\u00e9 au syst\u00e8me.<\/p>\n<p>6. V\u00e9rifier que le d\u00e9bitm\u00e8tre ne pr\u00e9sente pas de signes de corrosion ou d'obstruction.<\/p>\n<p>7. Veiller \u00e0 ce que le d\u00e9bitm\u00e8tre soit correctement scell\u00e9 pour \u00e9viter toute fuite.<\/p>\n<p>8. V\u00e9rifier r\u00e9guli\u00e8rement que le d\u00e9bitm\u00e8tre ne pr\u00e9sente aucun signe de vibration ou de bruit.<\/p>\n<p>9. S'assurer que le d\u00e9bitm\u00e8tre est correctement \u00e9talonn\u00e9 et r\u00e9gl\u00e9.<\/p>\n<p>10. V\u00e9rifier r\u00e9guli\u00e8rement que le d\u00e9bitm\u00e8tre ne pr\u00e9sente aucun signe de fuite ou de colmatage.<\/p>\n<\/div>\n<div id=\"17\">\n<p><strong>17.About hach flow meter delivery date<\/strong><\/p>\n<p>La date de livraison d'un d\u00e9bitm\u00e8tre d\u00e9pend du type de d\u00e9bitm\u00e8tre, du fabricant et de la disponibilit\u00e9 du produit. En g\u00e9n\u00e9ral, la plupart des d\u00e9bitm\u00e8tres peuvent \u00eatre livr\u00e9s dans un d\u00e9lai de quelques jours \u00e0 quelques semaines. Toutefois, la livraison de certains d\u00e9bitm\u00e8tres sp\u00e9cialis\u00e9s peut prendre plus de temps. Il est pr\u00e9f\u00e9rable de contacter directement le fabricant pour obtenir une date de livraison pr\u00e9cise.<\/p>\n<\/div>\n<p>&nbsp;<\/p>\n<p>Tag\uff1a<a href=\"\/fr\/magnetic-flow-meter\/flow-meter-fittings\/\">raccords pour d\u00e9bitm\u00e8tres<\/a>,<a href=\"\/fr\/magnetic-flow-meter\/flare-gas-flow-meter\/\">d\u00e9bitm\u00e8tre de gaz de torche<\/a>,<a href=\"\/fr\/magnetic-flow-meter\/handheld-gas-flow-meter\/\">d\u00e9bitm\u00e8tre de gaz portatif<\/a>,<a href=\"\/fr\/magnetic-flow-meter\/industrial-flow-meter\/\">d\u00e9bitm\u00e8tre industriel<\/a>,<a href=\"\/fr\/magnetic-flow-meter\/flow-meter-for-air\/\">d\u00e9bitm\u00e8tre pour l'air<\/a><\/p>\n<p>&nbsp;<\/p>","protected":false},"excerpt":{"rendered":"<p><strong>Donn\u00e9es techniques<\/strong><br \/>\nPeut \u00eatre utilis\u00e9 pour les fluides liquides ou gazeux, g\u00e9n\u00e9ralement pour mesurer le d\u00e9bit de la vapeur, de la vapeur, de l'air et du gaz naturel.<br \/>\nTaille du compteur : Type en ligne : DN25 - DN300<br \/>\nOption de mat\u00e9riau en contact avec le liquide : SS304, SS316<br \/>\nTemp\u00e9rature de fonctionnement : \u2264250\u2103<br \/>\nRaccordement au processus : Wafer \/ Bride \/ Tri-clamp pour le type en ligne<br \/>\nPr\u00e9cision de mesure : 1,0 % - 1,5% de la plage d'\u00e9talonnage<br \/>\nIndicateur num\u00e9rique : affichage du d\u00e9bit instantan\u00e9, du d\u00e9bit total<br \/>\nAlimentation : 24VDC, Sortie : 4-20mA<\/p>\n<p><strong>caract\u00e9ristiques<\/strong><br \/>\n1. points de consigne ON\/OFF r\u00e9glables<br \/>\n2. mode d'alarme de d\u00e9bit Hi ou Lo<br \/>\n3. d\u00e9lai r\u00e9glable<br \/>\n4. LED d'\u00e9tat du relais<\/p>","protected":false},"featured_media":3691,"comment_status":"closed","ping_status":"closed","template":"","meta":[],"product_cat":[2372],"product_tag":[],"acf":[],"_links":{"self":[{"href":"https:\/\/www.hginstrument.com\/fr\/wp-json\/wp\/v2\/product\/5420"}],"collection":[{"href":"https:\/\/www.hginstrument.com\/fr\/wp-json\/wp\/v2\/product"}],"about":[{"href":"https:\/\/www.hginstrument.com\/fr\/wp-json\/wp\/v2\/types\/product"}],"replies":[{"embeddable":true,"href":"https:\/\/www.hginstrument.com\/fr\/wp-json\/wp\/v2\/comments?post=5420"}],"wp:featuredmedia":[{"embeddable":true,"href":"https:\/\/www.hginstrument.com\/fr\/wp-json\/wp\/v2\/media\/3691"}],"wp:attachment":[{"href":"https:\/\/www.hginstrument.com\/fr\/wp-json\/wp\/v2\/media?parent=5420"}],"wp:term":[{"taxonomy":"product_cat","embeddable":true,"href":"https:\/\/www.hginstrument.com\/fr\/wp-json\/wp\/v2\/product_cat?post=5420"},{"taxonomy":"product_tag","embeddable":true,"href":"https:\/\/www.hginstrument.com\/fr\/wp-json\/wp\/v2\/product_tag?post=5420"}],"curies":[{"name":"wp","href":"https:\/\/api.w.org\/{rel}","templated":true}]}}