{"id":5422,"date":"2023-12-24T05:56:19","date_gmt":"2023-12-23T21:56:19","guid":{"rendered":"https:\/\/www.hginstrument.com\/?post_type=product&#038;p=5422"},"modified":"2024-01-04T16:36:56","modified_gmt":"2024-01-04T08:36:56","slug":"hand-held-flow-meter","status":"publish","type":"product","link":"https:\/\/www.hginstrument.com\/fr\/magnetic-flow-meter\/hand-held-flow-meter\/","title":{"rendered":"hand held flow meter"},"content":{"rendered":"<p>Our hand held flow meter is a cutting-edge product that is guaranteed to provide accurate and reliable flow measurement for a wide range of industrial applications. Equipped with advanced technology and precise sensors, it ensures precise and consistent measurement of liquid and gas flow rates.<\/p>\n<p>hand held flow meter is an advanced flow measurement device designed to accurately measure and monitor the flow of various liquids and gases. With its cutting-edge technology and reliable performance, it has become the solution of choice in oil and gas, chemical processing, Food and beverage processing, water treatment and many other industries.<\/p>\n<p>Our hand held flow meter utilizes a state-of-the-art flow sensing technology that provides precise measurements with exceptional accuracy. It can accurately measure the flow rate of liquids and gases with flow rates ranging from 0.1 to 4736 m3\/h. This high level of accuracy makes it an ideal solution for critical applications that require precise flow measurement.<\/p>\n<table class=\"table table-bordered\">\n<tbody>\n<tr>\n<td><span style=\"vertical-align: inherit;\"><span style=\"vertical-align: inherit;\">Type\uff1a<\/span><\/span><\/td>\n<td><span style=\"vertical-align: inherit;\">hand held flow meter<\/span><\/td>\n<td><span style=\"vertical-align: inherit;\"><span style=\"vertical-align: inherit;\">Signal de sortie\uff1a<\/span><\/span><\/td>\n<td><span style=\"vertical-align: inherit;\"><span style=\"vertical-align: inherit;\">4-20 mA, impulsion\/fr\u00e9quence 2 kHz (par d\u00e9faut), 5 kHz (max)<\/span><\/span><\/td>\n<\/tr>\n<tr>\n<td><span style=\"vertical-align: inherit;\"><span style=\"vertical-align: inherit;\">Lieu d'origine\uff1a<\/span><\/span><\/td>\n<td><span style=\"vertical-align: inherit;\"><span style=\"vertical-align: inherit;\">Jiangsu, Chine<\/span><\/span><\/td>\n<td><span style=\"vertical-align: inherit;\"><span style=\"vertical-align: inherit;\">Incorporer le type\uff1a<\/span><\/span><\/td>\n<td><span style=\"vertical-align: inherit;\"><span style=\"vertical-align: inherit;\">-10\u2103- +52\u2103<\/span><\/span><\/td>\n<\/tr>\n<tr>\n<td><span style=\"vertical-align: inherit;\"><span style=\"vertical-align: inherit;\">Garantie\uff1a<\/span><\/span><\/td>\n<td><span style=\"vertical-align: inherit;\"><span style=\"vertical-align: inherit;\">14 mois<\/span><\/span><\/td>\n<td><span style=\"vertical-align: inherit;\"><span style=\"vertical-align: inherit;\">Tension d'alimentation\uff1a<\/span><\/span><\/td>\n<td><span style=\"vertical-align: inherit;\"><span style=\"vertical-align: inherit;\">110\/220VAC (100-240VAC), 50Hz\/60Hz ; 24VDC\u00b110%<\/span><\/span><\/td>\n<\/tr>\n<tr>\n<td><span style=\"vertical-align: inherit;\"><span style=\"vertical-align: inherit;\">Soutien personnalis\u00e9\uff1a<\/span><\/span><\/td>\n<td><span style=\"vertical-align: inherit;\"><span style=\"vertical-align: inherit;\">OEM, ODM, OBM<\/span><\/span><\/td>\n<td><span style=\"vertical-align: inherit;\"><span style=\"vertical-align: inherit;\">Communication num\u00e9rique\uff1a<\/span><\/span><\/td>\n<td><span style=\"vertical-align: inherit;\"><span style=\"vertical-align: inherit;\">RS-485, supportant le protocole standard Modbus-RTU ; GPRS<\/span><\/span><\/td>\n<\/tr>\n<tr>\n<td><span style=\"vertical-align: inherit;\"><span style=\"vertical-align: inherit;\">Nom de marque\uff1a<\/span><\/span><\/td>\n<td><span style=\"vertical-align: inherit;\"><span style=\"vertical-align: inherit;\">GROUPE SUYI<\/span><\/span><\/td>\n<td><span style=\"vertical-align: inherit;\"><span style=\"vertical-align: inherit;\">Pression nominale\uff1a<\/span><\/span><\/td>\n<td><span style=\"vertical-align: inherit;\"><span style=\"vertical-align: inherit;\">1MPa (DN15-DN800), 1,6MPa(DN15-DN800), 2,5MPa(DN15-DN600)<\/span><\/span><\/td>\n<\/tr>\n<tr>\n<td><span style=\"vertical-align: inherit;\"><span style=\"vertical-align: inherit;\">Num\u00e9ro de mod\u00e8le\uff1a<\/span><\/span><\/td>\n<td><span style=\"vertical-align: inherit;\"><span style=\"vertical-align: inherit;\">autres<\/span><\/span><\/td>\n<td><span style=\"vertical-align: inherit;\"><span style=\"vertical-align: inherit;\">Capteur\uff1a<\/span><\/span><\/td>\n<td><span style=\"vertical-align: inherit;\"><span style=\"vertical-align: inherit;\">0\u2103- +80\u2103 ou -25\u2103- +120\u2103 ou +70\u2103- +250\u2103<\/span><\/span><\/td>\n<\/tr>\n<tr>\n<td><span style=\"vertical-align: inherit;\"><span style=\"vertical-align: inherit;\">Nom du produit\uff1a<\/span><\/span><\/td>\n<td><span style=\"vertical-align: inherit;\"><span style=\"vertical-align: inherit;\">D\u00e9bitm\u00e8tre \u00e9lectromagn\u00e9tique intelligent pour produits chimiques<\/span><\/span><\/td>\n<td><span style=\"vertical-align: inherit;\"><span style=\"vertical-align: inherit;\">D\u00e9tails de l'emballage\uff1a<\/span><\/span><\/td>\n<td><span style=\"vertical-align: inherit;\"><span style=\"vertical-align: inherit;\">1 jeu par paquet ou selon la demande du client<\/span><\/span><\/td>\n<\/tr>\n<tr>\n<td><span style=\"vertical-align: inherit;\"><span style=\"vertical-align: inherit;\">Diam\u00e8tre nominal\uff1a<\/span><\/span><\/td>\n<td><span style=\"vertical-align: inherit;\"><span style=\"vertical-align: inherit;\">3-3340mm<\/span><\/span><\/td>\n<td><span style=\"vertical-align: inherit;\"><span style=\"vertical-align: inherit;\">Capacit\u00e9 d'approvisionnement\uff1a<\/span><\/span><\/td>\n<td><span style=\"vertical-align: inherit;\"><span style=\"vertical-align: inherit;\">2021 Set\/Sets per Month<\/span><\/span><\/td>\n<\/tr>\n<tr>\n<td><span style=\"vertical-align: inherit;\"><span style=\"vertical-align: inherit;\">gamme de vitesses\uff1a<\/span><\/span><\/td>\n<td><span style=\"vertical-align: inherit;\"><span style=\"vertical-align: inherit;\">0-7m\/s<\/span><\/span><\/td>\n<td><span style=\"vertical-align: inherit;\"><span style=\"vertical-align: inherit;\">Quantit\u00e9 (jeux)\uff1a<\/span><\/span><\/td>\n<td><span style=\"vertical-align: inherit;\"><span style=\"vertical-align: inherit;\">&gt; 30<\/span><\/span><\/td>\n<\/tr>\n<tr>\n<td><span style=\"vertical-align: inherit;\"><span style=\"vertical-align: inherit;\">Degr\u00e9 de pr\u00e9cision\uff1a<\/span><\/span><\/td>\n<td><span style=\"vertical-align: inherit;\"><span style=\"vertical-align: inherit;\">\u00b10,5%R, \u00b11%R ( &lt; DN20)<\/span><\/span><\/td>\n<td><span style=\"vertical-align: inherit;\"><span style=\"vertical-align: inherit;\">D\u00e9lai d'ex\u00e9cution (jours)\uff1a<\/span><\/span><\/td>\n<td><span style=\"vertical-align: inherit;\"><span style=\"vertical-align: inherit;\">A n\u00e9gocier<\/span><\/span><\/td>\n<\/tr>\n<\/tbody>\n<\/table>\n<p>&nbsp;<\/p>\n<p>&nbsp;<\/p>\n<p style=\"text-align: center;\"><img title=\"hand held flow meter\" src=\"https:\/\/www.hginstrument.com\/wp-content\/uploads\/2021\/07\/in-line-pipeline-type-hgd-electromagnetic-flow-meter.jpg\" \/><\/p>\n<p>&nbsp;<\/p>\n<p>&nbsp;<\/p>\n<p style=\"text-align: center;\"><img title=\"hand held flow meter\" src=\"https:\/\/www.hginstrument.com\/wp-content\/uploads\/2021\/07\/insertion-01.jpg\" \/><\/p>\n<p>&nbsp;<\/p>\n<p>&nbsp;<\/p>\n<p style=\"text-align: center;\"><img title=\"hand held flow meter\" src=\"https:\/\/www.hginstrument.com\/wp-content\/uploads\/2021\/07\/sanitary-mag-1.jpg\" \/><\/p>\n<p><strong>hand held flow meter FAQs Guide.<\/strong><\/p>\n<p>At the heart of our hand held flow meter series lies a commitment to excellence, blending advanced sensor technology with user-friendly interfaces. From liquid to gas, our meters deliver unparalleled accuracy, empowering you to make informed decisions and streamline operations. As we usher in a new era of fluid measurement, we invite you to explore the limitless possibilities that our hand held flow meters unlock \u2013 where precision meets performance, and innovation flows seamlessly.<\/p>\n<div style=\"border: 3px solid #f89900; margin: 20px 0; padding: 20px;\"><a href=\"\/fr\/hand-held-flow-meter\/#01\">1.About hand held flow meter technology<\/a><br \/>\n<a href=\"\/fr\/hand-held-flow-meter\/#02\">2.About the scale of hand held flow meter factory<\/a><br \/>\n<a href=\"\/fr\/hand-held-flow-meter\/#03\">3.What is the main principle of hand held flow meter?<\/a><br \/>\n<a href=\"\/fr\/hand-held-flow-meter\/#04\">4.What is the difference between hand held flow meter SUYI group vs hand held flow meter Yokogawa vs hand held flow meter ABB<\/a><br \/>\n<a href=\"\/fr\/hand-held-flow-meter\/#05\">5.What are the requirements for the specific installation location of the hand held flow meter?<\/a><br \/>\n<a href=\"\/fr\/hand-held-flow-meter\/#06\">6.What is the measuring range of hand held flow meter?<\/a><br \/>\n<a href=\"\/fr\/hand-held-flow-meter\/#07\">7.About hand held flow meter inventory<\/a><br \/>\n<a href=\"\/fr\/hand-held-flow-meter\/#08\">8.How accurate is the hand held flow meter?<\/a><br \/>\n<a href=\"\/fr\/hand-held-flow-meter\/#09\">9.About hand held flow meter patent<\/a><br \/>\n<a href=\"\/fr\/hand-held-flow-meter\/#010\">10.What is the explosion-proof rating of hand held flow meter?<\/a><br \/>\n<a href=\"\/fr\/hand-held-flow-meter\/#11\">11.About hand held flow meter warranty<\/a><br \/>\n<a href=\"\/fr\/hand-held-flow-meter\/#12\">12.Is the measuring unit of the hand held flow meter replaceable?<\/a><br \/>\n<a href=\"\/fr\/hand-held-flow-meter\/#13\">13.What are the common types of hand held flow meters?<\/a><br \/>\n<a href=\"\/fr\/hand-held-flow-meter\/#14\">14.About hand held flow meter production management system<\/a><br \/>\n<a href=\"\/fr\/hand-held-flow-meter\/#15\">15.What are the characteristics of hand held flow meter?<\/a><\/div>\n<div id=\"01\">\n<p><strong>1.About hand held flow meter technology<\/strong><\/p>\n<p>La technologie des d\u00e9bitm\u00e8tres est un type de technologie de mesure utilis\u00e9 pour mesurer le d\u00e9bit d'un fluide ou d'un gaz. Elle est utilis\u00e9e dans une vari\u00e9t\u00e9 d'industries, y compris le p\u00e9trole et le gaz, l'eau et les eaux us\u00e9es, et le traitement chimique. Les d\u00e9bitm\u00e8tres mesurent le d\u00e9bit d'un fluide ou d'un gaz en mesurant la pression, la vitesse ou d'autres propri\u00e9t\u00e9s physiques du fluide ou du gaz. Les d\u00e9bitm\u00e8tres peuvent \u00eatre utilis\u00e9s pour mesurer le d\u00e9bit de liquides, de gaz et de vapeur. Ils sont utilis\u00e9s pour mesurer le d\u00e9bit d'une vari\u00e9t\u00e9 de fluides, y compris l'eau, l'huile et les produits chimiques. Les d\u00e9bitm\u00e8tres sont utilis\u00e9s dans diverses applications, notamment pour le contr\u00f4le des processus, la gestion de l'\u00e9nergie et la surveillance de la s\u00e9curit\u00e9.<\/p>\n<\/div>\n<div id=\"02\">\n<p><strong>2.About the scale of hand held flow meter factory<\/strong><\/p>\n<p>Les usines de d\u00e9bitm\u00e8tres varient en taille et en port\u00e9e, selon le type de d\u00e9bitm\u00e8tres qu'elles produisent. Certaines usines peuvent se sp\u00e9cialiser dans la production d'un seul type de d\u00e9bitm\u00e8tre, tandis que d'autres peuvent en produire plusieurs. Certaines usines peuvent \u00eatre de grande taille et compter des centaines d'employ\u00e9s, tandis que d'autres peuvent \u00eatre de petite taille et ne compter que quelques employ\u00e9s. La taille de l'usine d\u00e9pend \u00e9galement du type de d\u00e9bitm\u00e8tres qu'elle produit, ainsi que de la demande pour ces d\u00e9bitm\u00e8tres.<\/p>\n<\/div>\n<div id=\"03\">\n<p><strong>3.What is the main principle of hand held flow meter?<\/strong><\/p>\n<p>Our hand held flow meter products undergo strict quality control to ensure customer satisfaction.<br \/>\nLe principe de base d'un d\u00e9bitm\u00e8tre est de mesurer le d\u00e9bit d'un fluide ou d'un gaz dans un tuyau ou un autre r\u00e9cipient. Cela se fait g\u00e9n\u00e9ralement en mesurant la chute de pression \u00e0 travers une restriction connue dans le tuyau, ou en mesurant la vitesse du fluide ou du gaz lorsqu'il passe dans le tuyau.<\/p>\n<\/div>\n<div id=\"04\">\n<p><strong>4.What is the difference between hand held flow meter SUYI group vs hand held flow meter Yokogawa vs hand held flow meter ABB<\/strong><\/p>\n<p>Les d\u00e9bitm\u00e8tres du groupe SUYI, de Yokogawa et d'ABB mesurent tous le d\u00e9bit d'un fluide, mais ils diff\u00e8rent en termes de pr\u00e9cision, de fonctionnalit\u00e9s et de co\u00fbt. Les d\u00e9bitm\u00e8tres du groupe SUYI sont g\u00e9n\u00e9ralement plus abordables que ceux de Yokogawa et d'ABB, mais ils peuvent ne pas avoir autant de fonctions ou une pr\u00e9cision aussi \u00e9lev\u00e9e. Les d\u00e9bitm\u00e8tres Yokogawa sont r\u00e9put\u00e9s pour leur pr\u00e9cision et leur fiabilit\u00e9, mais ils ont tendance \u00e0 \u00eatre plus chers que les d\u00e9bitm\u00e8tres du groupe SUYI et d'ABB. Les d\u00e9bitm\u00e8tres ABB sont r\u00e9put\u00e9s pour leur robustesse et leur durabilit\u00e9, mais ils sont \u00e9galement plus chers que les deux autres marques.<\/p>\n<p><img style=\"max-width: 100%;\" title=\"What is the difference between hand held flow meter SUYI group vs hand held flow meter Yokogawa vs hand held flow meter ABB\" src=\"https:\/\/www.hginstrument.com\/wp-content\/uploads\/2021\/07\/wall-mount-1f.jpg\" alt=\"What is the difference between hand held flow meter SUYI group vs hand held flow meter Yokogawa vs hand held flow meter ABB\" \/><\/p>\n<\/div>\n<div id=\"05\">\n<p><strong>5.What are the requirements for the specific installation location of the hand held flow meter?<\/strong><\/p>\n<p>We operate our hand held flow meter business with integrity and honesty.<br \/>\n1. Le d\u00e9bitm\u00e8tre doit \u00eatre install\u00e9 dans un endroit exempt de vibrations, de chocs et d'autres forces ext\u00e9rieures.<\/p>\n<p>2. Le d\u00e9bitm\u00e8tre doit \u00eatre install\u00e9 dans un endroit exempt de gaz corrosifs, de liquides et d'autres contaminants.<\/p>\n<p>3. Le d\u00e9bitm\u00e8tre doit \u00eatre install\u00e9 dans un endroit accessible pour l'entretien et l'\u00e9talonnage.<\/p>\n<p>4. Le d\u00e9bitm\u00e8tre doit \u00eatre install\u00e9 dans un endroit \u00e0 l'abri des temp\u00e9ratures et de l'humidit\u00e9 extr\u00eames.<\/p>\n<p>5. Le d\u00e9bitm\u00e8tre doit \u00eatre install\u00e9 dans un endroit exempt d'interf\u00e9rences \u00e9lectriques.<\/p>\n<\/div>\n<div id=\"06\">\n<p><strong>6.What is the measuring range of hand held flow meter?<\/strong><\/p>\n<p>We continuously upgrade our skills and knowledge to adapt to changing hand held flow meter market needs.<br \/>\nLa plage de mesure d'un d\u00e9bitm\u00e8tre d\u00e9pend du type de d\u00e9bitm\u00e8tre utilis\u00e9. En g\u00e9n\u00e9ral, la plage de mesure d'un d\u00e9bitm\u00e8tre peut aller de 0,01 \u00e0 1000 litres par minute.<\/p>\n<\/div>\n<div id=\"07\">\n<p><strong>7.About hand held flow meter inventory<\/strong><\/p>\n<p>L'inventaire des d\u00e9bitm\u00e8tres est un syst\u00e8me utilis\u00e9 pour suivre et g\u00e9rer les d\u00e9bitm\u00e8tres utilis\u00e9s dans les applications industrielles et commerciales. Il permet de contr\u00f4ler les performances des d\u00e9bitm\u00e8tres et de s'assurer qu'ils sont correctement entretenus et \u00e9talonn\u00e9s. Le syst\u00e8me d'inventaire peut \u00e9galement \u00eatre utilis\u00e9 pour suivre le co\u00fbt des d\u00e9bitm\u00e8tres, ainsi que pour identifier tout probl\u00e8me potentiel ou toute question concernant les d\u00e9bitm\u00e8tres.<\/p>\n<\/div>\n<div id=\"08\">\n<p><strong>8.How accurate is the hand held flow meter?<\/strong><\/p>\n<p>We are a professional hand held flow meter company dedicated to providing high quality products and services.<br \/>\nLa pr\u00e9cision d'un d\u00e9bitm\u00e8tre d\u00e9pend du type de d\u00e9bitm\u00e8tre utilis\u00e9. En g\u00e9n\u00e9ral, la plupart des d\u00e9bitm\u00e8tres ont une pr\u00e9cision de 1-2% par rapport au d\u00e9bit r\u00e9el. Toutefois, certains d\u00e9bitm\u00e8tres peuvent \u00eatre plus pr\u00e9cis que cela, en fonction du type et de la qualit\u00e9 du d\u00e9bitm\u00e8tre.<\/p>\n<p><img style=\"max-width: 100%;\" title=\"How accurate is the hand held flow meter?\" src=\"https:\/\/www.hginstrument.com\/wp-content\/uploads\/2021\/07\/hg-50-7.jpg\" alt=\"How accurate is the hand held flow meter?\" \/><\/p>\n<\/div>\n<div id=\"09\">\n<p><strong>9.About hand held flow meter patent<\/strong><\/p>\n<p>Les brevets sur les d\u00e9bitm\u00e8tres sont des brevets qui couvrent la conception et le fonctionnement des d\u00e9bitm\u00e8tres. Les d\u00e9bitm\u00e8tres sont des dispositifs utilis\u00e9s pour mesurer le d\u00e9bit d'un liquide ou d'un gaz. Les d\u00e9bitm\u00e8tres sont utilis\u00e9s dans diverses industries, notamment le traitement de l'eau et des eaux us\u00e9es, le p\u00e9trole et le gaz, et le traitement chimique. Les d\u00e9bitm\u00e8tres sont utilis\u00e9s pour mesurer le d\u00e9bit d'un fluide, le volume total d'un fluide et la pression d'un fluide. Les d\u00e9bitm\u00e8tres peuvent \u00eatre m\u00e9caniques, \u00e9lectriques ou optiques. Les d\u00e9bitm\u00e8tres peuvent \u00eatre utilis\u00e9s pour mesurer le d\u00e9bit de liquides, de gaz et de vapeur.<\/p>\n<\/div>\n<div id=\"010\">\n<p><strong>10.What is the explosion-proof rating of hand held flow meter?<\/strong><\/p>\n<p>Our hand held flow meter products undergo strict quality control to ensure customer satisfaction.<br \/>\nLes caract\u00e9ristiques antid\u00e9flagrantes des d\u00e9bitm\u00e8tres varient en fonction du type de compteur et de l'application. En g\u00e9n\u00e9ral, les d\u00e9bitm\u00e8tres sont class\u00e9s dans la classe I, division 1, groupes C et D, ou dans la classe II, division 1, groupes E, F et G.<\/p>\n<\/div>\n<div id=\"11\">\n<p><strong>11.About hand held flow meter warranty<\/strong><\/p>\n<p>Les garanties des d\u00e9bitm\u00e8tres varient en fonction du fabricant et du type de d\u00e9bitm\u00e8tre. En g\u00e9n\u00e9ral, les garanties couvrent les d\u00e9fauts de mat\u00e9riaux et de fabrication, et peuvent \u00e9galement couvrir certains types de dommages caus\u00e9s par une utilisation normale. Certaines garanties peuvent \u00e9galement couvrir les dommages caus\u00e9s par une installation ou une utilisation incorrecte. Il est important de lire les informations relatives \u00e0 la garantie fournies par le fabricant pour comprendre la couverture sp\u00e9cifique et les limitations de la garantie.<\/p>\n<\/div>\n<div id=\"12\">\n<p><strong>12.Is the measuring unit of the hand held flow meter replaceable?<\/strong><\/p>\n<p>As one of the top hand held flow meter manufacturers in China, we take this very seriously.<br \/>\nOui, l'unit\u00e9 de mesure d'un d\u00e9bitm\u00e8tre est rempla\u00e7able.<\/p>\n<p><img style=\"max-width: 100%;\" title=\"Is the measuring unit of the hand held flow meter replaceable?\" src=\"https:\/\/www.hginstrument.com\/wp-content\/uploads\/2021\/07\/hls-2000p-z1.jpg\" alt=\"Is the measuring unit of the hand held flow meter replaceable?\" \/><\/p>\n<\/div>\n<div id=\"13\">\n<p><strong>13.What are the common types of hand held flow meters?<\/strong><\/p>\n<p>Our mission is to provide customers with the best solutions for hand held flow meter.<br \/>\n1. D\u00e9bitm\u00e8tres \u00e0 pression diff\u00e9rentielle<br \/>\n2. D\u00e9bitm\u00e8tres \u00e0 d\u00e9placement positif<br \/>\n3. D\u00e9bitm\u00e8tres \u00e0 turbine<br \/>\n4. D\u00e9bitm\u00e8tres magn\u00e9tiques<br \/>\n5. D\u00e9bitm\u00e8tres \u00e0 ultrasons<br \/>\n6. D\u00e9bitm\u00e8tres \u00e0 effet Coriolis<br \/>\n7. D\u00e9bitm\u00e8tres \u00e0 vortex<br \/>\n8. D\u00e9bitm\u00e8tres cibles<br \/>\n9. D\u00e9bitm\u00e8tres \u00e0 surface variable<br \/>\n10. D\u00e9bitm\u00e8tres massiques<\/p>\n<\/div>\n<div id=\"14\">\n<p><strong>14.About hand held flow meter production management system<\/strong><\/p>\n<p>Un syst\u00e8me de gestion de la production de d\u00e9bitm\u00e8tres est une solution logicielle con\u00e7ue pour aider les fabricants \u00e0 g\u00e9rer la production de d\u00e9bitm\u00e8tres. Le syst\u00e8me peut \u00eatre utilis\u00e9 pour suivre le processus de production du d\u00e9but \u00e0 la fin, y compris la commande des mati\u00e8res premi\u00e8res, l'assemblage des composants, les essais et l'\u00e9talonnage du produit fini. Le syst\u00e8me peut \u00e9galement \u00eatre utilis\u00e9 pour contr\u00f4ler la qualit\u00e9 du processus de production, en s'assurant que les d\u00e9bitm\u00e8tres r\u00e9pondent aux normes requises. En outre, le syst\u00e8me peut \u00eatre utilis\u00e9 pour g\u00e9n\u00e9rer des rapports et analyser des donn\u00e9es afin d'aider les fabricants \u00e0 am\u00e9liorer leurs processus de production.<\/p>\n<\/div>\n<div id=\"15\">\n<p><strong>15.What are the characteristics of hand held flow meter?<\/strong><\/p>\n<p>Nous avons \u00e9tabli des partenariats stables et \u00e0 long terme avec nos fournisseurs, ce qui nous conf\u00e8re de grands avantages en termes de prix, de co\u00fbts et d'assurance qualit\u00e9.<br \/>\n1. Pr\u00e9cision : Les d\u00e9bitm\u00e8tres doivent pouvoir mesurer avec pr\u00e9cision le d\u00e9bit d'un fluide.<\/p>\n<p>2. Plage de mesure : Les d\u00e9bitm\u00e8tres doivent pouvoir mesurer une large gamme de d\u00e9bits.<\/p>\n<p>3. R\u00e9p\u00e9tabilit\u00e9 : Les d\u00e9bitm\u00e8tres doivent \u00eatre capables de mesurer de mani\u00e8re constante le m\u00eame d\u00e9bit dans le temps.<\/p>\n<p>4. Temps de r\u00e9ponse : Les d\u00e9bitm\u00e8tres doivent pouvoir r\u00e9agir rapidement aux variations de d\u00e9bit.<\/p>\n<p>5. Durabilit\u00e9 : Les d\u00e9bitm\u00e8tres doivent pouvoir r\u00e9sister aux conditions difficiles de l'environnement dans lequel ils sont utilis\u00e9s.<\/p>\n<p>6. Le co\u00fbt : Les d\u00e9bitm\u00e8tres doivent \u00eatre rentables pour l'application.<\/p>\n<\/div>\n<p>&nbsp;<\/p>\n<p>Tag\uff1a<a href=\"\/fr\/magnetic-flow-meter\/digital-water-flow-meter-gpm\/\">compteur d'eau digital gpm<\/a>,<a href=\"\/fr\/magnetic-flow-meter\/explosion-proof-flow-meter\/\">explosion proof flow meter<\/a>,<a href=\"\/fr\/magnetic-flow-meter\/helium-gas-flow-meter\/\">d\u00e9bitm\u00e8tre pour gaz h\u00e9lium<\/a>,<a href=\"\/fr\/magnetic-flow-meter\/handheld-ultrasonic-flow-meter\/\">d\u00e9bitm\u00e8tre ultrasonique portatif<\/a><\/p>\n<p>&nbsp;<\/p>","protected":false},"excerpt":{"rendered":"<p><strong>Donn\u00e9es techniques<\/strong><br \/>\nPeut \u00eatre utilis\u00e9 pour les fluides liquides ou gazeux, g\u00e9n\u00e9ralement pour mesurer le d\u00e9bit de la vapeur, de la vapeur, de l'air et du gaz naturel.<br \/>\nTaille du compteur : Type en ligne : DN25 - DN300<br \/>\nOption de mat\u00e9riau en contact avec le liquide : SS304, SS316<br \/>\nTemp\u00e9rature de fonctionnement : \u2264250\u2103<br \/>\nRaccordement au processus : Wafer \/ Bride \/ Tri-clamp pour le type en ligne<br \/>\nPr\u00e9cision de mesure : 1,0 % - 1,5% de la plage d'\u00e9talonnage<br \/>\nIndicateur num\u00e9rique : affichage du d\u00e9bit instantan\u00e9, du d\u00e9bit total<br \/>\nAlimentation : 24VDC, Sortie : 4-20mA<\/p>\n<p><strong>caract\u00e9ristiques<\/strong><br \/>\n1. points de consigne ON\/OFF r\u00e9glables<br \/>\n2. mode d'alarme de d\u00e9bit Hi ou Lo<br \/>\n3. d\u00e9lai r\u00e9glable<br \/>\n4. LED d'\u00e9tat du relais<\/p>","protected":false},"featured_media":3691,"comment_status":"closed","ping_status":"closed","template":"","meta":[],"product_cat":[2372],"product_tag":[],"acf":[],"_links":{"self":[{"href":"https:\/\/www.hginstrument.com\/fr\/wp-json\/wp\/v2\/product\/5422"}],"collection":[{"href":"https:\/\/www.hginstrument.com\/fr\/wp-json\/wp\/v2\/product"}],"about":[{"href":"https:\/\/www.hginstrument.com\/fr\/wp-json\/wp\/v2\/types\/product"}],"replies":[{"embeddable":true,"href":"https:\/\/www.hginstrument.com\/fr\/wp-json\/wp\/v2\/comments?post=5422"}],"wp:featuredmedia":[{"embeddable":true,"href":"https:\/\/www.hginstrument.com\/fr\/wp-json\/wp\/v2\/media\/3691"}],"wp:attachment":[{"href":"https:\/\/www.hginstrument.com\/fr\/wp-json\/wp\/v2\/media?parent=5422"}],"wp:term":[{"taxonomy":"product_cat","embeddable":true,"href":"https:\/\/www.hginstrument.com\/fr\/wp-json\/wp\/v2\/product_cat?post=5422"},{"taxonomy":"product_tag","embeddable":true,"href":"https:\/\/www.hginstrument.com\/fr\/wp-json\/wp\/v2\/product_tag?post=5422"}],"curies":[{"name":"wp","href":"https:\/\/api.w.org\/{rel}","templated":true}]}}