{"id":5426,"date":"2023-12-24T06:04:52","date_gmt":"2023-12-23T22:04:52","guid":{"rendered":"https:\/\/www.hginstrument.com\/?post_type=product&#038;p=5426"},"modified":"2024-01-03T13:55:40","modified_gmt":"2024-01-03T05:55:40","slug":"handheld-flow-meter","status":"publish","type":"product","link":"https:\/\/www.hginstrument.com\/fr\/magnetic-flow-meter\/handheld-flow-meter\/","title":{"rendered":"d\u00e9bitm\u00e8tre portatif"},"content":{"rendered":"<p>The handheld flow meter is a highly advanced and customizable flow measurement device designed for a wide range of industrial and commercial applications. This device utilizes cutting-edge technology, including precision sensors and advanced algorithms, to accurately measure and monitor flow rates of various liquids and gases.<\/p>\n<p>At the heart of handheld flow meter is technology that measures and records flow, providing accurate and reliable readings. There are different types of handheld flow meter including magnetic, ultrasonic, Coriolis flow meter, Coriolis and turbine, each designed for specific applications and fluid types.<\/p>\n<p>One of the most advanced and widely used handheld flow meter is the electromagnetic handheld flow meter. It works on Faraday&#8217;s law of electromagnetic induction and is able to measure the flow of conducting fluids with incredible accuracy and repeatability. It is suitable for use with a variety of fluids, including water, chemicals, Oil and gas production and mud.<\/p>\n<table class=\"table table-bordered\">\n<tbody>\n<tr>\n<td><span style=\"vertical-align: inherit;\"><span style=\"vertical-align: inherit;\">Type\uff1a<\/span><\/span><\/td>\n<td><span style=\"vertical-align: inherit;\">d\u00e9bitm\u00e8tre portatif<\/span><\/td>\n<td><span style=\"vertical-align: inherit;\"><span style=\"vertical-align: inherit;\">Signal de sortie\uff1a<\/span><\/span><\/td>\n<td><span style=\"vertical-align: inherit;\"><span style=\"vertical-align: inherit;\">4-20 mA, impulsion\/fr\u00e9quence 2 kHz (par d\u00e9faut), 5 kHz (max)<\/span><\/span><\/td>\n<\/tr>\n<tr>\n<td><span style=\"vertical-align: inherit;\"><span style=\"vertical-align: inherit;\">Lieu d'origine\uff1a<\/span><\/span><\/td>\n<td><span style=\"vertical-align: inherit;\"><span style=\"vertical-align: inherit;\">Jiangsu, Chine<\/span><\/span><\/td>\n<td><span style=\"vertical-align: inherit;\"><span style=\"vertical-align: inherit;\">Incorporer le type\uff1a<\/span><\/span><\/td>\n<td><span style=\"vertical-align: inherit;\"><span style=\"vertical-align: inherit;\">-10\u2103- +57\u2103<\/span><\/span><\/td>\n<\/tr>\n<tr>\n<td><span style=\"vertical-align: inherit;\"><span style=\"vertical-align: inherit;\">Garantie\uff1a<\/span><\/span><\/td>\n<td><span style=\"vertical-align: inherit;\"><span style=\"vertical-align: inherit;\">16 mois<\/span><\/span><\/td>\n<td><span style=\"vertical-align: inherit;\"><span style=\"vertical-align: inherit;\">Tension d'alimentation\uff1a<\/span><\/span><\/td>\n<td><span style=\"vertical-align: inherit;\"><span style=\"vertical-align: inherit;\">110\/220VAC (100-240VAC), 50Hz\/60Hz ; 24VDC\u00b110%<\/span><\/span><\/td>\n<\/tr>\n<tr>\n<td><span style=\"vertical-align: inherit;\"><span style=\"vertical-align: inherit;\">Soutien personnalis\u00e9\uff1a<\/span><\/span><\/td>\n<td><span style=\"vertical-align: inherit;\"><span style=\"vertical-align: inherit;\">OEM, ODM, OBM<\/span><\/span><\/td>\n<td><span style=\"vertical-align: inherit;\"><span style=\"vertical-align: inherit;\">Communication num\u00e9rique\uff1a<\/span><\/span><\/td>\n<td><span style=\"vertical-align: inherit;\"><span style=\"vertical-align: inherit;\">RS-485, supportant le protocole standard Mudbugs-RTU ; GPRS<\/span><\/span><\/td>\n<\/tr>\n<tr>\n<td><span style=\"vertical-align: inherit;\"><span style=\"vertical-align: inherit;\">Nom de marque\uff1a<\/span><\/span><\/td>\n<td><span style=\"vertical-align: inherit;\"><span style=\"vertical-align: inherit;\">GROUPE SUYI<\/span><\/span><\/td>\n<td><span style=\"vertical-align: inherit;\"><span style=\"vertical-align: inherit;\">Pression nominale\uff1a<\/span><\/span><\/td>\n<td><span style=\"vertical-align: inherit;\"><span style=\"vertical-align: inherit;\">1MPa (DN15-DN800), 1,6MPa(DN15-DN800), 2,5MPa(DN15-DN600)<\/span><\/span><\/td>\n<\/tr>\n<tr>\n<td><span style=\"vertical-align: inherit;\"><span style=\"vertical-align: inherit;\">Num\u00e9ro de mod\u00e8le\uff1a<\/span><\/span><\/td>\n<td><span style=\"vertical-align: inherit;\"><span style=\"vertical-align: inherit;\">autres<\/span><\/span><\/td>\n<td><span style=\"vertical-align: inherit;\"><span style=\"vertical-align: inherit;\">Capteur\uff1a<\/span><\/span><\/td>\n<td><span style=\"vertical-align: inherit;\"><span style=\"vertical-align: inherit;\">0\u2103- +80\u2103 ou -25\u2103- +120\u2103 ou +70\u2103- +250\u2103<\/span><\/span><\/td>\n<\/tr>\n<tr>\n<td><span style=\"vertical-align: inherit;\"><span style=\"vertical-align: inherit;\">Nom du produit\uff1a<\/span><\/span><\/td>\n<td><span style=\"vertical-align: inherit;\"><span style=\"vertical-align: inherit;\">D\u00e9bitm\u00e8tre \u00e9lectromagn\u00e9tique intelligent pour produits chimiques<\/span><\/span><\/td>\n<td><span style=\"vertical-align: inherit;\"><span style=\"vertical-align: inherit;\">D\u00e9tails de l'emballage\uff1a<\/span><\/span><\/td>\n<td><span style=\"vertical-align: inherit;\"><span style=\"vertical-align: inherit;\">1 jeu par paquet ou selon la demande du client<\/span><\/span><\/td>\n<\/tr>\n<tr>\n<td><span style=\"vertical-align: inherit;\"><span style=\"vertical-align: inherit;\">Diam\u00e8tre nominal\uff1a<\/span><\/span><\/td>\n<td><span style=\"vertical-align: inherit;\"><span style=\"vertical-align: inherit;\">3-2683mm<\/span><\/span><\/td>\n<td><span style=\"vertical-align: inherit;\"><span style=\"vertical-align: inherit;\">Capacit\u00e9 d'approvisionnement\uff1a<\/span><\/span><\/td>\n<td><span style=\"vertical-align: inherit;\"><span style=\"vertical-align: inherit;\">2457 Set\/Sets per Month<\/span><\/span><\/td>\n<\/tr>\n<tr>\n<td><span style=\"vertical-align: inherit;\"><span style=\"vertical-align: inherit;\">gamme de vitesses\uff1a<\/span><\/span><\/td>\n<td><span style=\"vertical-align: inherit;\"><span style=\"vertical-align: inherit;\">0-12m\/s<\/span><\/span><\/td>\n<td><span style=\"vertical-align: inherit;\"><span style=\"vertical-align: inherit;\">Quantit\u00e9 (jeux)\uff1a<\/span><\/span><\/td>\n<td><span style=\"vertical-align: inherit;\"><span style=\"vertical-align: inherit;\">&gt; 1<\/span><\/span><\/td>\n<\/tr>\n<tr>\n<td><span style=\"vertical-align: inherit;\"><span style=\"vertical-align: inherit;\">Degr\u00e9 de pr\u00e9cision\uff1a<\/span><\/span><\/td>\n<td><span style=\"vertical-align: inherit;\"><span style=\"vertical-align: inherit;\">\u00b10,5%R, \u00b11%R ( &lt; DN20)<\/span><\/span><\/td>\n<td><span style=\"vertical-align: inherit;\"><span style=\"vertical-align: inherit;\">D\u00e9lai d'ex\u00e9cution (jours)\uff1a<\/span><\/span><\/td>\n<td><span style=\"vertical-align: inherit;\"><span style=\"vertical-align: inherit;\">A n\u00e9gocier<\/span><\/span><\/td>\n<\/tr>\n<\/tbody>\n<\/table>\n<p>&nbsp;<\/p>\n<p>&nbsp;<\/p>\n<p style=\"text-align: center;\"><img title=\"d\u00e9bitm\u00e8tre portatif\" src=\"https:\/\/www.hginstrument.com\/wp-content\/uploads\/2021\/07\/in-line-pipeline-type-hgd-electromagnetic-flow-meter.jpg\" \/><\/p>\n<p>&nbsp;<\/p>\n<p>&nbsp;<\/p>\n<p style=\"text-align: center;\"><img title=\"d\u00e9bitm\u00e8tre portatif\" src=\"https:\/\/www.hginstrument.com\/wp-content\/uploads\/2021\/07\/insertion-01.jpg\" \/><\/p>\n<p>&nbsp;<\/p>\n<p>&nbsp;<\/p>\n<p style=\"text-align: center;\"><img title=\"d\u00e9bitm\u00e8tre portatif\" src=\"https:\/\/www.hginstrument.com\/wp-content\/uploads\/2021\/07\/sanitary-mag-1.jpg\" \/><\/p>\n<p><strong>handheld flow meter FAQs Guide.<\/strong><\/p>\n<p>At the heart of our handheld flow meter series lies a commitment to excellence, blending advanced sensor technology with user-friendly interfaces. From liquid to gas, our meters deliver unparalleled accuracy, empowering you to make informed decisions and streamline operations. As we usher in a new era of fluid measurement, we invite you to explore the limitless possibilities that our handheld flow meters unlock \u2013 where precision meets performance, and innovation flows seamlessly.<\/p>\n<div style=\"border: 3px solid #f89900; margin: 20px 0; padding: 20px;\"><a href=\"\/fr\/handheld-flow-meter\/#01\">1.About handheld flow meter raw materials<\/a><br \/>\n<a href=\"\/fr\/handheld-flow-meter\/#02\">2.About handheld flow meter payment method<\/a><br \/>\n<a href=\"\/fr\/handheld-flow-meter\/#03\">3.Does the handheld flow meter have an automatic alarm function?<\/a><br \/>\n<a href=\"\/fr\/handheld-flow-meter\/#04\">4.What is a handheld flow meter?<\/a><br \/>\n<a href=\"\/fr\/handheld-flow-meter\/#05\">5.Can the handheld flow meter be equipped with sensors of different accuracy?<\/a><br \/>\n<a href=\"\/fr\/handheld-flow-meter\/#06\">6.Does handheld flow meter have real-time monitoring function?<\/a><br \/>\n<a href=\"\/fr\/handheld-flow-meter\/#07\">7.About handheld flow meter inventory<\/a><br \/>\n<a href=\"\/fr\/handheld-flow-meter\/#08\">8.How does the handheld flow meter detect the properties of the target fluid?<\/a><br \/>\n<a href=\"\/fr\/handheld-flow-meter\/#09\">9.What is the applicable pressure range of handheld flow meter?<\/a><br \/>\n<a href=\"\/fr\/handheld-flow-meter\/#010\">10.About handheld flow meter raw materials<\/a><br \/>\n<a href=\"\/fr\/handheld-flow-meter\/#11\">11.What is the difference between handheld flow meter SUYI group vs handheld flow meter Yokogawa vs handheld flow meter ABB<\/a><br \/>\n<a href=\"\/fr\/handheld-flow-meter\/#12\">12.How accurate is the handheld flow meter?<\/a><br \/>\n<a href=\"\/fr\/handheld-flow-meter\/#13\">13.About handheld flow meter customization services<\/a><br \/>\n<a href=\"\/fr\/handheld-flow-meter\/#14\">14.What is the difference between handheld flow meter SUYI group vs handheld flow meter Siemens vs handheld flow meter GE<\/a><br \/>\n<a href=\"\/fr\/handheld-flow-meter\/#15\">15.About handheld flow meter R&amp;D capabilities<\/a><\/div>\n<div id=\"01\">\n<p><strong>1.About handheld flow meter raw materials<\/strong><\/p>\n<p>Les mati\u00e8res premi\u00e8res des d\u00e9bitm\u00e8tres sont g\u00e9n\u00e9ralement constitu\u00e9es d'une vari\u00e9t\u00e9 de m\u00e9taux, de plastiques et de composites. Les mat\u00e9riaux couramment utilis\u00e9s dans les d\u00e9bitm\u00e8tres sont l'acier inoxydable, le laiton, l'aluminium, le chlorure de polyvinyle (PVC), le polypropyl\u00e8ne (PP) et le polyt\u00e9trafluoro\u00e9thyl\u00e8ne (PTFE). Le mat\u00e9riau utilis\u00e9 dans un d\u00e9bitm\u00e8tre d\u00e9pend de l'application et du type de fluide mesur\u00e9. Par exemple, l'acier inoxydable est souvent utilis\u00e9 pour mesurer les fluides corrosifs, tandis que le PVC est souvent utilis\u00e9 pour mesurer l'eau.<\/p>\n<\/div>\n<div id=\"02\">\n<p><strong>2.About handheld flow meter payment method<\/strong><\/p>\n<p>Le paiement par d\u00e9bitm\u00e8tre est une m\u00e9thode de paiement qui utilise un d\u00e9bitm\u00e8tre pour mesurer la quantit\u00e9 d'\u00e9nergie utilis\u00e9e par un client. Le client paie l'\u00e9nergie utilis\u00e9e en fonction de la quantit\u00e9 d'\u00e9nergie mesur\u00e9e par le d\u00e9bitm\u00e8tre. Cette m\u00e9thode de paiement est souvent utilis\u00e9e dans les milieux commerciaux et industriels, o\u00f9 la consommation d'\u00e9nergie est \u00e9lev\u00e9e et doit \u00eatre suivie avec pr\u00e9cision. Le paiement par d\u00e9bitm\u00e8tre est \u00e9galement utilis\u00e9 dans certains contextes r\u00e9sidentiels, o\u00f9 les clients peuvent payer leur consommation d'\u00e9nergie en fonction de la quantit\u00e9 d'\u00e9nergie qu'ils utilisent.<\/p>\n<\/div>\n<div id=\"03\">\n<p><strong>3.Does the handheld flow meter have an automatic alarm function?<\/strong><\/p>\n<p>Nous adh\u00e9rons au principe de la qualit\u00e9 d'abord et disposons d'un syst\u00e8me complet de gestion de la qualit\u00e9 de la production et d'un processus d'inspection de la qualit\u00e9.<br \/>\nDe nombreux d\u00e9bitm\u00e8tres sont dot\u00e9s d'une fonction d'alarme automatique, mais cela d\u00e9pend du mod\u00e8le. Il est pr\u00e9f\u00e9rable de v\u00e9rifier les sp\u00e9cifications du produit pour d\u00e9terminer si le d\u00e9bitm\u00e8tre que vous envisagez poss\u00e8de cette fonction.<\/p>\n<p><img style=\"max-width: 100%;\" title=\"Does the handheld flow meter have an automatic alarm function?\" src=\"https:\/\/www.hginstrument.com\/wp-content\/uploads\/2021\/07\/hluc-1.jpg\" alt=\"Does the handheld flow meter have an automatic alarm function?\" \/><\/p>\n<\/div>\n<div id=\"04\">\n<p><strong>4.What is a handheld flow meter?<\/strong><\/p>\n<p>Nous mettons l'accent sur le travail d'\u00e9quipe et la communication pour atteindre des objectifs communs, nous attachons une grande importance \u00e0 ce d\u00e9tail.<br \/>\nUn d\u00e9bitm\u00e8tre est un dispositif utilis\u00e9 pour mesurer le d\u00e9bit ou la quantit\u00e9 d'un gaz ou d'un liquide circulant dans une conduite. Les d\u00e9bitm\u00e8tres mesurent le d\u00e9bit volum\u00e9trique ou massique d'un liquide ou d'un gaz. Ils sont utilis\u00e9s dans une vari\u00e9t\u00e9 d'industries, y compris le traitement de l'eau et des eaux us\u00e9es, le p\u00e9trole et le gaz, le traitement chimique et la production d'aliments et de boissons.<\/p>\n<\/div>\n<div id=\"05\">\n<p><strong>5.Can the handheld flow meter be equipped with sensors of different accuracy?<\/strong><\/p>\n<p>Oui, les d\u00e9bitm\u00e8tres peuvent \u00eatre \u00e9quip\u00e9s de capteurs de diff\u00e9rentes pr\u00e9cisions. Diff\u00e9rents types de d\u00e9bitm\u00e8tres sont disponibles avec diff\u00e9rents niveaux de pr\u00e9cision, en fonction de l'application. Par exemple, les d\u00e9bitm\u00e8tres \u00e0 turbine sont g\u00e9n\u00e9ralement plus pr\u00e9cis que les d\u00e9bitm\u00e8tres \u00e0 roue \u00e0 aubes.<\/p>\n<\/div>\n<div id=\"06\">\n<p><strong>6.Does handheld flow meter have real-time monitoring function?<\/strong><\/p>\n<p>Oui, certains d\u00e9bitm\u00e8tres ont des fonctions de surveillance en temps r\u00e9el. Ces compteurs sont g\u00e9n\u00e9ralement \u00e9quip\u00e9s de capteurs qui mesurent le d\u00e9bit et transmettent les donn\u00e9es \u00e0 un syst\u00e8me de surveillance. Cela permet de contr\u00f4ler en temps r\u00e9el le d\u00e9bit et d'autres param\u00e8tres.<\/p>\n<p><img style=\"max-width: 100%;\" title=\"Does handheld flow meter have real-time monitoring function?\" src=\"https:\/\/www.hginstrument.com\/wp-content\/uploads\/2021\/07\/hgrs-1.jpg\" alt=\"Does handheld flow meter have real-time monitoring function?\" \/><\/p>\n<\/div>\n<div id=\"07\">\n<p><strong>7.About handheld flow meter inventory<\/strong><\/p>\n<p>L'inventaire des d\u00e9bitm\u00e8tres est un syst\u00e8me utilis\u00e9 pour suivre et g\u00e9rer les d\u00e9bitm\u00e8tres utilis\u00e9s dans les applications industrielles et commerciales. Il permet de contr\u00f4ler les performances des d\u00e9bitm\u00e8tres et de s'assurer qu'ils sont correctement entretenus et \u00e9talonn\u00e9s. Le syst\u00e8me d'inventaire peut \u00e9galement \u00eatre utilis\u00e9 pour suivre le co\u00fbt des d\u00e9bitm\u00e8tres, ainsi que pour identifier tout probl\u00e8me potentiel ou toute question concernant les d\u00e9bitm\u00e8tres.<\/p>\n<\/div>\n<div id=\"08\">\n<p><strong>8.How does the handheld flow meter detect the properties of the target fluid?<\/strong><\/p>\n<p>As one of the handheld flow meter market leaders, we are known for innovation and reliability.<br \/>\nLes d\u00e9bitm\u00e8tres mesurent le d\u00e9bit d'un fluide en d\u00e9tectant sa vitesse. Pour ce faire, on mesure g\u00e9n\u00e9ralement la chute de pression \u00e0 travers une restriction connue dans la voie d'\u00e9coulement, ou on mesure la vitesse du fluide \u00e0 l'aide d'une vari\u00e9t\u00e9 de technologies telles que les ultrasons, la magn\u00e9toscopie ou la thermographie. Le d\u00e9bit peut ensuite \u00eatre utilis\u00e9 pour calculer les propri\u00e9t\u00e9s du fluide, telles que la densit\u00e9, la viscosit\u00e9 et le d\u00e9bit volum\u00e9trique.<\/p>\n<\/div>\n<div id=\"09\">\n<p><strong>9.What is the applicable pressure range of handheld flow meter?<\/strong><\/p>\n<p>Nos produits et services couvrent un large \u00e9ventail de domaines et r\u00e9pondent aux besoins de diff\u00e9rents secteurs.<br \/>\nLa plage de pression applicable \u00e0 un d\u00e9bitm\u00e8tre d\u00e9pend du type de d\u00e9bitm\u00e8tre utilis\u00e9. En g\u00e9n\u00e9ral, les d\u00e9bitm\u00e8tres peuvent mesurer des pressions allant de 0,1 bar \u00e0 1000 bars.<\/p>\n<p><img style=\"max-width: 100%;\" title=\"What is the applicable pressure range of handheld flow meter?\" src=\"https:\/\/www.hginstrument.com\/wp-content\/uploads\/2021\/07\/hgtf-6.jpg\" alt=\"What is the applicable pressure range of handheld flow meter?\" \/><\/p>\n<\/div>\n<div id=\"010\">\n<p><strong>10.About handheld flow meter raw materials<\/strong><\/p>\n<p>Les mati\u00e8res premi\u00e8res des d\u00e9bitm\u00e8tres sont g\u00e9n\u00e9ralement constitu\u00e9es d'une vari\u00e9t\u00e9 de m\u00e9taux, de plastiques et de composites. Les mat\u00e9riaux couramment utilis\u00e9s dans les d\u00e9bitm\u00e8tres sont l'acier inoxydable, le laiton, l'aluminium, le chlorure de polyvinyle (PVC), le polypropyl\u00e8ne (PP) et le polyt\u00e9trafluoro\u00e9thyl\u00e8ne (PTFE). Le mat\u00e9riau utilis\u00e9 dans un d\u00e9bitm\u00e8tre d\u00e9pend de l'application et du type de fluide mesur\u00e9. Par exemple, l'acier inoxydable est souvent utilis\u00e9 pour mesurer les fluides corrosifs, tandis que le PVC est souvent utilis\u00e9 pour mesurer l'eau.<\/p>\n<\/div>\n<div id=\"11\">\n<p><strong>11.What is the difference between handheld flow meter SUYI group vs handheld flow meter Yokogawa vs handheld flow meter ABB<\/strong><\/p>\n<p>Les d\u00e9bitm\u00e8tres du groupe SUYI, de Yokogawa et d'ABB mesurent tous le d\u00e9bit d'un fluide, mais ils diff\u00e8rent en termes de pr\u00e9cision, de fonctionnalit\u00e9s et de co\u00fbt. Les d\u00e9bitm\u00e8tres du groupe SUYI sont g\u00e9n\u00e9ralement plus abordables que ceux de Yokogawa et d'ABB, mais ils peuvent ne pas avoir autant de fonctions ou une pr\u00e9cision aussi \u00e9lev\u00e9e. Les d\u00e9bitm\u00e8tres Yokogawa sont r\u00e9put\u00e9s pour leur pr\u00e9cision et leur fiabilit\u00e9, mais ils ont tendance \u00e0 \u00eatre plus chers que les d\u00e9bitm\u00e8tres du groupe SUYI et d'ABB. Les d\u00e9bitm\u00e8tres ABB sont r\u00e9put\u00e9s pour leur robustesse et leur durabilit\u00e9, mais ils sont \u00e9galement plus chers que les deux autres marques.<\/p>\n<\/div>\n<div id=\"12\">\n<p><strong>12.How accurate is the handheld flow meter?<\/strong><\/p>\n<p>We are a professional handheld flow meter company dedicated to providing high quality products and services.<br \/>\nLa pr\u00e9cision d'un d\u00e9bitm\u00e8tre d\u00e9pend du type de d\u00e9bitm\u00e8tre utilis\u00e9. En g\u00e9n\u00e9ral, la plupart des d\u00e9bitm\u00e8tres ont une pr\u00e9cision de 1-2% par rapport au d\u00e9bit r\u00e9el. Toutefois, certains d\u00e9bitm\u00e8tres peuvent \u00eatre plus pr\u00e9cis que cela, en fonction du type et de la qualit\u00e9 du d\u00e9bitm\u00e8tre.<\/p>\n<p><img style=\"max-width: 100%;\" title=\"How accurate is the handheld flow meter?\" src=\"https:\/\/www.hginstrument.com\/wp-content\/uploads\/2021\/07\/mdp310-fc3-3.jpg\" alt=\"How accurate is the handheld flow meter?\" \/><\/p>\n<\/div>\n<div id=\"13\">\n<p><strong>13.About handheld flow meter customization services<\/strong><\/p>\n<p>Les services de personnalisation des d\u00e9bitm\u00e8tres sont con\u00e7us pour fournir aux clients une solution sur mesure \u00e0 leurs besoins sp\u00e9cifiques en mati\u00e8re de mesure de d\u00e9bit. Ces services peuvent inclure la personnalisation du d\u00e9bitm\u00e8tre pour l'adapter \u00e0 une application particuli\u00e8re, telle qu'une taille de tuyau ou un d\u00e9bit sp\u00e9cifique, ou pour r\u00e9pondre \u00e0 une certaine exigence de pr\u00e9cision. Les services de personnalisation peuvent \u00e9galement inclure la modification du d\u00e9bitm\u00e8tre pour y inclure des caract\u00e9ristiques suppl\u00e9mentaires, telles qu'un \u00e9cran ou des capacit\u00e9s d'enregistrement de donn\u00e9es. Les services de personnalisation des d\u00e9bitm\u00e8tres peuvent \u00e9galement comprendre l'installation du d\u00e9bitm\u00e8tre, ainsi que la fourniture d'une assistance technique et d'une maintenance.<\/p>\n<\/div>\n<div id=\"14\">\n<p><strong>14.What is the difference between handheld flow meter SUYI group vs handheld flow meter Siemens vs handheld flow meter GE<\/strong><\/p>\n<p>Les d\u00e9bitm\u00e8tres du groupe SUYI sont g\u00e9n\u00e9ralement utilis\u00e9s pour mesurer le d\u00e9bit de liquides, de gaz et de vapeur. Ils sont con\u00e7us pour \u00eatre pr\u00e9cis, fiables et faciles \u00e0 installer et \u00e0 entretenir. Les d\u00e9bitm\u00e8tres SUYI sont disponibles dans une vari\u00e9t\u00e9 de tailles et de mat\u00e9riaux, et peuvent \u00eatre utilis\u00e9s dans une vari\u00e9t\u00e9 d'applications.<\/p>\n<p>Les d\u00e9bitm\u00e8tres de Siemens sont con\u00e7us pour mesurer le d\u00e9bit de liquides, de gaz et de vapeur. Ils sont con\u00e7us pour \u00eatre pr\u00e9cis, fiables et faciles \u00e0 installer et \u00e0 entretenir. Les d\u00e9bitm\u00e8tres Siemens sont disponibles dans une grande vari\u00e9t\u00e9 de tailles et de mat\u00e9riaux, et peuvent \u00eatre utilis\u00e9s dans une grande vari\u00e9t\u00e9 d'applications.<\/p>\n<p>Les d\u00e9bitm\u00e8tres de GE sont con\u00e7us pour mesurer le d\u00e9bit des liquides, des gaz et de la vapeur. Ils sont con\u00e7us pour \u00eatre pr\u00e9cis, fiables et faciles \u00e0 installer et \u00e0 entretenir. Les d\u00e9bitm\u00e8tres GE sont disponibles dans une vari\u00e9t\u00e9 de tailles et de mat\u00e9riaux, et peuvent \u00eatre utilis\u00e9s dans une vari\u00e9t\u00e9 d'applications. Ils offrent \u00e9galement une large gamme de caract\u00e9ristiques, telles que des affichages num\u00e9riques, des alarmes et des capacit\u00e9s d'enregistrement de donn\u00e9es.<\/p>\n<\/div>\n<div id=\"15\">\n<p><strong>15.About handheld flow meter R&amp;D capabilities<\/strong><\/p>\n<p>Les capacit\u00e9s de R&amp;D en mati\u00e8re de d\u00e9bitm\u00e8tres d\u00e9signent l'aptitude d'une entreprise ou d'une organisation \u00e0 rechercher, d\u00e9velopper et fabriquer des d\u00e9bitm\u00e8tres. Il s'agit notamment de la capacit\u00e9 \u00e0 concevoir, tester et fabriquer des d\u00e9bitm\u00e8tres qui r\u00e9pondent aux exigences des clients et aux normes industrielles. Elles comprennent \u00e9galement la capacit\u00e9 \u00e0 d\u00e9velopper de nouvelles technologies et de nouveaux produits pour r\u00e9pondre \u00e0 l'\u00e9volution des besoins de l'industrie. Les entreprises dot\u00e9es de solides capacit\u00e9s de R&amp;D sont en mesure de devancer la concurrence et de fournir \u00e0 leurs clients les d\u00e9bitm\u00e8tres les plus avanc\u00e9s et les plus fiables.<\/p>\n<p><img style=\"max-width: 100%;\" title=\"About handheld flow meter R&amp;D capabilities\" src=\"https:\/\/www.hginstrument.com\/wp-content\/uploads\/2021\/07\/insertion-01.jpg\" alt=\"About handheld flow meter R&amp;D capabilities\" \/><\/p>\n<\/div>\n<p>&nbsp;<\/p>\n<p>Tag\uff1a<a href=\"\/fr\/magnetic-flow-meter\/raven-nh3-flow-meter\/\">raven nh3 flow meter<\/a>,<a href=\"\/fr\/magnetic-flow-meter\/magnetic-flow-meter-emerson\/\">magnetic flow meter emerson<\/a>,<a href=\"\/fr\/magnetic-flow-meter\/clamp-on-flow-meter-for-water\/\">d\u00e9bitm\u00e8tre \u00e0 pince pour l'eau<\/a>,<a href=\"\/fr\/magnetic-flow-meter\/nitrogen-gas-flow-meter\/\">nitrogen gas flow meter<\/a>,<a href=\"\/fr\/magnetic-flow-meter\/4-inch-flow-meter\/\">D\u00e9bitm\u00e8tre 4 pouces<\/a><\/p>\n<p>&nbsp;<\/p>","protected":false},"excerpt":{"rendered":"<p><strong>Donn\u00e9es techniques<\/strong><br \/>\nPeut \u00eatre utilis\u00e9 pour les fluides liquides ou gazeux, g\u00e9n\u00e9ralement pour mesurer le d\u00e9bit de la vapeur, de la vapeur, de l'air et du gaz naturel.<br \/>\nTaille du compteur : Type en ligne : DN25 - DN300<br \/>\nOption de mat\u00e9riau en contact avec le liquide : SS304, SS316<br \/>\nTemp\u00e9rature de fonctionnement : \u2264250\u2103<br \/>\nRaccordement au processus : Wafer \/ Bride \/ Tri-clamp pour le type en ligne<br \/>\nPr\u00e9cision de mesure : 1,0 % - 1,5% de la plage d'\u00e9talonnage<br \/>\nIndicateur num\u00e9rique : affichage du d\u00e9bit instantan\u00e9, du d\u00e9bit total<br \/>\nAlimentation : 24VDC, Sortie : 4-20mA<\/p>\n<p><strong>caract\u00e9ristiques<\/strong><br \/>\n1. points de consigne ON\/OFF r\u00e9glables<br \/>\n2. mode d'alarme de d\u00e9bit Hi ou Lo<br \/>\n3. d\u00e9lai r\u00e9glable<br \/>\n4. LED d'\u00e9tat du relais<\/p>","protected":false},"featured_media":3691,"comment_status":"closed","ping_status":"closed","template":"","meta":[],"product_cat":[2372],"product_tag":[],"acf":[],"_links":{"self":[{"href":"https:\/\/www.hginstrument.com\/fr\/wp-json\/wp\/v2\/product\/5426"}],"collection":[{"href":"https:\/\/www.hginstrument.com\/fr\/wp-json\/wp\/v2\/product"}],"about":[{"href":"https:\/\/www.hginstrument.com\/fr\/wp-json\/wp\/v2\/types\/product"}],"replies":[{"embeddable":true,"href":"https:\/\/www.hginstrument.com\/fr\/wp-json\/wp\/v2\/comments?post=5426"}],"wp:featuredmedia":[{"embeddable":true,"href":"https:\/\/www.hginstrument.com\/fr\/wp-json\/wp\/v2\/media\/3691"}],"wp:attachment":[{"href":"https:\/\/www.hginstrument.com\/fr\/wp-json\/wp\/v2\/media?parent=5426"}],"wp:term":[{"taxonomy":"product_cat","embeddable":true,"href":"https:\/\/www.hginstrument.com\/fr\/wp-json\/wp\/v2\/product_cat?post=5426"},{"taxonomy":"product_tag","embeddable":true,"href":"https:\/\/www.hginstrument.com\/fr\/wp-json\/wp\/v2\/product_tag?post=5426"}],"curies":[{"name":"wp","href":"https:\/\/api.w.org\/{rel}","templated":true}]}}