{"id":5475,"date":"2023-12-24T07:54:09","date_gmt":"2023-12-23T23:54:09","guid":{"rendered":"https:\/\/www.hginstrument.com\/?post_type=product&#038;p=5475"},"modified":"2024-01-04T09:36:06","modified_gmt":"2024-01-04T01:36:06","slug":"hunter-hc-flow-meter","status":"publish","type":"product","link":"https:\/\/www.hginstrument.com\/fr\/magnetic-flow-meter\/hunter-hc-flow-meter\/","title":{"rendered":"d\u00e9bitm\u00e8tre hunter hc"},"content":{"rendered":"<p>Whether it&#8217;s for industrial process control, environmental monitoring, or energy management, the hunter hc flow meter is a top-performing product that guarantees precise and reliable flow measurement. With its advanced technology and versatile capabilities, this device is an essential tool for any industry seeking accurate and efficient flow monitoring solutions.<\/p>\n<p>One of the key features of hunter hc flow meter is its high accuracy, with a margin of error of less than 1%. This makes it ideal for precise measurements and critical processes. Additionally, the device has a wide measurement range and can handle both low and high flow rates, making it suitable for a variety of industrial needs.<\/p>\n<p>Installation and maintenance of hunter hc flow meter are quick and easy, thanks to its simple design and intuitive interface. With its reliable performance and cost-effective price, hunter hc flow meter is an essential tool for any fluid measurement application. It is a trusted and preferred choice for customers worldwide and has a proven track record of delivering accurate<\/p>\n<table class=\"table table-bordered\">\n<tbody>\n<tr>\n<td><span style=\"vertical-align: inherit;\"><span style=\"vertical-align: inherit;\">Type\uff1a<\/span><\/span><\/td>\n<td><span style=\"vertical-align: inherit;\">d\u00e9bitm\u00e8tre hunter hc<\/span><\/td>\n<td><span style=\"vertical-align: inherit;\"><span style=\"vertical-align: inherit;\">Signal de sortie\uff1a<\/span><\/span><\/td>\n<td><span style=\"vertical-align: inherit;\"><span style=\"vertical-align: inherit;\">4-20 mA, impulsion\/fr\u00e9quence 2 kHz (par d\u00e9faut), 5 kHz (max)<\/span><\/span><\/td>\n<\/tr>\n<tr>\n<td><span style=\"vertical-align: inherit;\"><span style=\"vertical-align: inherit;\">Lieu d'origine\uff1a<\/span><\/span><\/td>\n<td><span style=\"vertical-align: inherit;\"><span style=\"vertical-align: inherit;\">Jiangsu, Chine<\/span><\/span><\/td>\n<td><span style=\"vertical-align: inherit;\"><span style=\"vertical-align: inherit;\">Incorporer le type\uff1a<\/span><\/span><\/td>\n<td><span style=\"vertical-align: inherit;\"><span style=\"vertical-align: inherit;\">-10\u2103- +56\u2103<\/span><\/span><\/td>\n<\/tr>\n<tr>\n<td><span style=\"vertical-align: inherit;\"><span style=\"vertical-align: inherit;\">Garantie\uff1a<\/span><\/span><\/td>\n<td><span style=\"vertical-align: inherit;\"><span style=\"vertical-align: inherit;\">13 mois<\/span><\/span><\/td>\n<td><span style=\"vertical-align: inherit;\"><span style=\"vertical-align: inherit;\">Tension d'alimentation\uff1a<\/span><\/span><\/td>\n<td><span style=\"vertical-align: inherit;\"><span style=\"vertical-align: inherit;\">110\/220VAC (100-240VAC), 50Hz\/60Hz ; 24VDC\u00b110%<\/span><\/span><\/td>\n<\/tr>\n<tr>\n<td><span style=\"vertical-align: inherit;\"><span style=\"vertical-align: inherit;\">Soutien personnalis\u00e9\uff1a<\/span><\/span><\/td>\n<td><span style=\"vertical-align: inherit;\"><span style=\"vertical-align: inherit;\">OEM, ODM, OBM<\/span><\/span><\/td>\n<td><span style=\"vertical-align: inherit;\"><span style=\"vertical-align: inherit;\">Communication num\u00e9rique\uff1a<\/span><\/span><\/td>\n<td><span style=\"vertical-align: inherit;\"><span style=\"vertical-align: inherit;\">RS-485, supportant le protocole standard Mudbugs-RTU ; GPRS<\/span><\/span><\/td>\n<\/tr>\n<tr>\n<td><span style=\"vertical-align: inherit;\"><span style=\"vertical-align: inherit;\">Nom de marque\uff1a<\/span><\/span><\/td>\n<td><span style=\"vertical-align: inherit;\"><span style=\"vertical-align: inherit;\">GROUPE SUYI<\/span><\/span><\/td>\n<td><span style=\"vertical-align: inherit;\"><span style=\"vertical-align: inherit;\">Pression nominale\uff1a<\/span><\/span><\/td>\n<td><span style=\"vertical-align: inherit;\"><span style=\"vertical-align: inherit;\">1MPa (DN15-DN800), 1,6MPa(DN15-DN800), 2,5MPa(DN15-DN600)<\/span><\/span><\/td>\n<\/tr>\n<tr>\n<td><span style=\"vertical-align: inherit;\"><span style=\"vertical-align: inherit;\">Num\u00e9ro de mod\u00e8le\uff1a<\/span><\/span><\/td>\n<td><span style=\"vertical-align: inherit;\"><span style=\"vertical-align: inherit;\">autres<\/span><\/span><\/td>\n<td><span style=\"vertical-align: inherit;\"><span style=\"vertical-align: inherit;\">Capteur\uff1a<\/span><\/span><\/td>\n<td><span style=\"vertical-align: inherit;\"><span style=\"vertical-align: inherit;\">0\u2103- +80\u2103 ou -25\u2103- +120\u2103 ou +70\u2103- +250\u2103<\/span><\/span><\/td>\n<\/tr>\n<tr>\n<td><span style=\"vertical-align: inherit;\"><span style=\"vertical-align: inherit;\">Nom du produit\uff1a<\/span><\/span><\/td>\n<td><span style=\"vertical-align: inherit;\"><span style=\"vertical-align: inherit;\">D\u00e9bitm\u00e8tre \u00e9lectromagn\u00e9tique intelligent pour produits chimiques<\/span><\/span><\/td>\n<td><span style=\"vertical-align: inherit;\"><span style=\"vertical-align: inherit;\">D\u00e9tails de l'emballage\uff1a<\/span><\/span><\/td>\n<td><span style=\"vertical-align: inherit;\"><span style=\"vertical-align: inherit;\">1 jeu par paquet ou selon la demande du client<\/span><\/span><\/td>\n<\/tr>\n<tr>\n<td><span style=\"vertical-align: inherit;\"><span style=\"vertical-align: inherit;\">Diam\u00e8tre nominal\uff1a<\/span><\/span><\/td>\n<td><span style=\"vertical-align: inherit;\"><span style=\"vertical-align: inherit;\">3-2734mm<\/span><\/span><\/td>\n<td><span style=\"vertical-align: inherit;\"><span style=\"vertical-align: inherit;\">Capacit\u00e9 d'approvisionnement\uff1a<\/span><\/span><\/td>\n<td><span style=\"vertical-align: inherit;\"><span style=\"vertical-align: inherit;\">2066 Set\/Sets per Month<\/span><\/span><\/td>\n<\/tr>\n<tr>\n<td><span style=\"vertical-align: inherit;\"><span style=\"vertical-align: inherit;\">gamme de vitesses\uff1a<\/span><\/span><\/td>\n<td><span style=\"vertical-align: inherit;\"><span style=\"vertical-align: inherit;\">0-14m\/s<\/span><\/span><\/td>\n<td><span style=\"vertical-align: inherit;\"><span style=\"vertical-align: inherit;\">Quantit\u00e9 (jeux)\uff1a<\/span><\/span><\/td>\n<td><span style=\"vertical-align: inherit;\"><span style=\"vertical-align: inherit;\">&gt; 30<\/span><\/span><\/td>\n<\/tr>\n<tr>\n<td><span style=\"vertical-align: inherit;\"><span style=\"vertical-align: inherit;\">Degr\u00e9 de pr\u00e9cision\uff1a<\/span><\/span><\/td>\n<td><span style=\"vertical-align: inherit;\"><span style=\"vertical-align: inherit;\">\u00b10,5%R, \u00b11%R ( &lt; DN20)<\/span><\/span><\/td>\n<td><span style=\"vertical-align: inherit;\"><span style=\"vertical-align: inherit;\">D\u00e9lai d'ex\u00e9cution (jours)\uff1a<\/span><\/span><\/td>\n<td><span style=\"vertical-align: inherit;\"><span style=\"vertical-align: inherit;\">A n\u00e9gocier<\/span><\/span><\/td>\n<\/tr>\n<\/tbody>\n<\/table>\n<p>&nbsp;<\/p>\n<p>&nbsp;<\/p>\n<p style=\"text-align: center;\"><img title=\"d\u00e9bitm\u00e8tre hunter hc\" src=\"https:\/\/www.hginstrument.com\/wp-content\/uploads\/2021\/07\/in-line-pipeline-type-hgd-electromagnetic-flow-meter.jpg\" \/><\/p>\n<p>&nbsp;<\/p>\n<p>&nbsp;<\/p>\n<p style=\"text-align: center;\"><img title=\"d\u00e9bitm\u00e8tre hunter hc\" src=\"https:\/\/www.hginstrument.com\/wp-content\/uploads\/2021\/07\/insertion-01.jpg\" \/><\/p>\n<p>&nbsp;<\/p>\n<p>&nbsp;<\/p>\n<p style=\"text-align: center;\"><img title=\"d\u00e9bitm\u00e8tre hunter hc\" src=\"https:\/\/www.hginstrument.com\/wp-content\/uploads\/2021\/07\/sanitary-mag-1.jpg\" \/><\/p>\n<p><strong>hunter hc flow meter FAQs Guide.<\/strong><\/p>\n<p>At the heart of our hunter hc flow meter series lies a commitment to excellence, blending advanced sensor technology with user-friendly interfaces. From liquid to gas, our meters deliver unparalleled accuracy, empowering you to make informed decisions and streamline operations. As we usher in a new era of fluid measurement, we invite you to explore the limitless possibilities that our hunter hc flow meters unlock \u2013 where precision meets performance, and innovation flows seamlessly.<\/p>\n<div style=\"border: 3px solid #f89900; margin: 20px 0; padding: 20px;\"><a href=\"\/fr\/hunter-hc-flow-meter\/#01\">1.About hunter hc flow meter payment method<\/a><br \/>\n<a href=\"\/fr\/hunter-hc-flow-meter\/#02\">2.What are the common types of hunter hc flow meters?<\/a><br \/>\n<a href=\"\/fr\/hunter-hc-flow-meter\/#03\">3.What is the applicable pressure range of hunter hc flow meter?<\/a><br \/>\n<a href=\"\/fr\/hunter-hc-flow-meter\/#04\">4.What is the difference between hunter hc flow meter SUYI group vs hunter hc flow meter Yokogawa vs hunter hc flow meter ABB<\/a><br \/>\n<a href=\"\/fr\/hunter-hc-flow-meter\/#05\">5.How does the hunter hc flow meter connect with other devices and transmit data?<\/a><br \/>\n<a href=\"\/fr\/hunter-hc-flow-meter\/#06\">6.Can the hunter hc flow meter be equipped with sensors of different accuracy?<\/a><br \/>\n<a href=\"\/fr\/hunter-hc-flow-meter\/#07\">7.Does hunter hc flow meter have real-time monitoring function?<\/a><br \/>\n<a href=\"\/fr\/hunter-hc-flow-meter\/#08\">8.About hunter hc flow meter delivery date<\/a><br \/>\n<a href=\"\/fr\/hunter-hc-flow-meter\/#09\">9.Does the hunter hc flow meter require an external power source?<\/a><br \/>\n<a href=\"\/fr\/hunter-hc-flow-meter\/#010\">10.Does the hunter hc flow meter have multi-language display capabilities?<\/a><br \/>\n<a href=\"\/fr\/hunter-hc-flow-meter\/#11\">11.How does the hunter hc flow meter detect the properties of the target fluid?<\/a><br \/>\n<a href=\"\/fr\/hunter-hc-flow-meter\/#12\">12.About hunter hc flow meter production equipment<\/a><br \/>\n<a href=\"\/fr\/hunter-hc-flow-meter\/#13\">13.About hunter hc flow meter inventory<\/a><br \/>\n<a href=\"\/fr\/hunter-hc-flow-meter\/#14\">14.About hunter hc flow meter origin<\/a><br \/>\n<a href=\"\/fr\/hunter-hc-flow-meter\/#15\">15.About hunter hc flow meter warranty<\/a><\/div>\n<div id=\"01\">\n<p><strong>1.About hunter hc flow meter payment method<\/strong><\/p>\n<p>Le paiement par d\u00e9bitm\u00e8tre est une m\u00e9thode de paiement qui utilise un d\u00e9bitm\u00e8tre pour mesurer la quantit\u00e9 d'\u00e9nergie utilis\u00e9e par un client. Le client paie l'\u00e9nergie utilis\u00e9e en fonction de la quantit\u00e9 d'\u00e9nergie mesur\u00e9e par le d\u00e9bitm\u00e8tre. Cette m\u00e9thode de paiement est souvent utilis\u00e9e dans les milieux commerciaux et industriels, o\u00f9 la consommation d'\u00e9nergie est \u00e9lev\u00e9e et doit \u00eatre suivie avec pr\u00e9cision. Le paiement par d\u00e9bitm\u00e8tre est \u00e9galement utilis\u00e9 dans certains contextes r\u00e9sidentiels, o\u00f9 les clients peuvent payer leur consommation d'\u00e9nergie en fonction de la quantit\u00e9 d'\u00e9nergie qu'ils utilisent.<\/p>\n<\/div>\n<div id=\"02\">\n<p><strong>2.What are the common types of hunter hc flow meters?<\/strong><\/p>\n<p>Our mission is to provide customers with the best solutions for hunter hc flow meter.<br \/>\n1. D\u00e9bitm\u00e8tres \u00e0 pression diff\u00e9rentielle<br \/>\n2. D\u00e9bitm\u00e8tres \u00e0 d\u00e9placement positif<br \/>\n3. D\u00e9bitm\u00e8tres \u00e0 turbine<br \/>\n4. D\u00e9bitm\u00e8tres magn\u00e9tiques<br \/>\n5. D\u00e9bitm\u00e8tres \u00e0 ultrasons<br \/>\n6. D\u00e9bitm\u00e8tres \u00e0 effet Coriolis<br \/>\n7. D\u00e9bitm\u00e8tres \u00e0 vortex<br \/>\n8. D\u00e9bitm\u00e8tres cibles<br \/>\n9. D\u00e9bitm\u00e8tres \u00e0 surface variable<br \/>\n10. D\u00e9bitm\u00e8tres massiques<\/p>\n<p><img style=\"max-width: 100%;\" title=\"What are the common types of hunter hc flow meters?\" src=\"https:\/\/www.hginstrument.com\/wp-content\/uploads\/2021\/07\/ltb-1.jpg\" alt=\"What are the common types of hunter hc flow meters?\" \/><\/p>\n<\/div>\n<div id=\"03\">\n<p><strong>3.What is the applicable pressure range of hunter hc flow meter?<\/strong><\/p>\n<p>Nos produits et services couvrent un large \u00e9ventail de domaines et r\u00e9pondent aux besoins de diff\u00e9rents secteurs.<br \/>\nLa plage de pression applicable \u00e0 un d\u00e9bitm\u00e8tre d\u00e9pend du type de d\u00e9bitm\u00e8tre utilis\u00e9. En g\u00e9n\u00e9ral, les d\u00e9bitm\u00e8tres peuvent mesurer des pressions allant de 0,1 bar \u00e0 1000 bars.<\/p>\n<\/div>\n<div id=\"04\">\n<p><strong>4.What is the difference between hunter hc flow meter SUYI group vs hunter hc flow meter Yokogawa vs hunter hc flow meter ABB<\/strong><\/p>\n<p>Les d\u00e9bitm\u00e8tres du groupe SUYI, de Yokogawa et d'ABB mesurent tous le d\u00e9bit d'un fluide, mais ils diff\u00e8rent en termes de pr\u00e9cision, de fonctionnalit\u00e9s et de co\u00fbt. Les d\u00e9bitm\u00e8tres du groupe SUYI sont g\u00e9n\u00e9ralement plus abordables que ceux de Yokogawa et d'ABB, mais ils peuvent ne pas avoir autant de fonctions ou une pr\u00e9cision aussi \u00e9lev\u00e9e. Les d\u00e9bitm\u00e8tres Yokogawa sont r\u00e9put\u00e9s pour leur pr\u00e9cision et leur fiabilit\u00e9, mais ils ont tendance \u00e0 \u00eatre plus chers que les d\u00e9bitm\u00e8tres du groupe SUYI et d'ABB. Les d\u00e9bitm\u00e8tres ABB sont r\u00e9put\u00e9s pour leur robustesse et leur durabilit\u00e9, mais ils sont \u00e9galement plus chers que les deux autres marques.<\/p>\n<p><img style=\"max-width: 100%;\" title=\"What is the difference between hunter hc flow meter SUYI group vs hunter hc flow meter Yokogawa vs hunter hc flow meter ABB\" src=\"https:\/\/www.hginstrument.com\/wp-content\/uploads\/2021\/07\/sanitary-mag-1.jpg\" alt=\"What is the difference between hunter hc flow meter SUYI group vs hunter hc flow meter Yokogawa vs hunter hc flow meter ABB\" \/><\/p>\n<\/div>\n<div id=\"05\">\n<p><strong>5.How does the hunter hc flow meter connect with other devices and transmit data?<\/strong><\/p>\n<p>hunter hc flow meter is not a product only, but also can help you comes to money-making.<br \/>\nLes d\u00e9bitm\u00e8tres peuvent se connecter \u00e0 d'autres appareils et transmettre des donn\u00e9es par le biais de diverses m\u00e9thodes, notamment des connexions c\u00e2bl\u00e9es, des connexions sans fil et des protocoles de communication s\u00e9rie. Les connexions filaires peuvent inclure RS-232, RS-485 et USB. Les connexions sans fil peuvent inclure Bluetooth, Wi-Fi et les r\u00e9seaux cellulaires. Les protocoles de communication s\u00e9rie peuvent inclure Modbus, HART et Profibus.<\/p>\n<\/div>\n<div id=\"06\">\n<p><strong>6.Can the hunter hc flow meter be equipped with sensors of different accuracy?<\/strong><\/p>\n<p>Oui, les d\u00e9bitm\u00e8tres peuvent \u00eatre \u00e9quip\u00e9s de capteurs de diff\u00e9rentes pr\u00e9cisions. Diff\u00e9rents types de d\u00e9bitm\u00e8tres sont disponibles avec diff\u00e9rents niveaux de pr\u00e9cision, en fonction de l'application. Par exemple, les d\u00e9bitm\u00e8tres \u00e0 turbine sont g\u00e9n\u00e9ralement plus pr\u00e9cis que les d\u00e9bitm\u00e8tres \u00e0 roue \u00e0 aubes.<\/p>\n<p><img style=\"max-width: 100%;\" title=\"Can the hunter hc flow meter be equipped with sensors of different accuracy?\" src=\"https:\/\/www.hginstrument.com\/wp-content\/uploads\/2021\/07\/wedge-1.jpg\" alt=\"Can the hunter hc flow meter be equipped with sensors of different accuracy?\" \/><\/p>\n<\/div>\n<div id=\"07\">\n<p><strong>7.Does hunter hc flow meter have real-time monitoring function?<\/strong><\/p>\n<p>Oui, certains d\u00e9bitm\u00e8tres ont des fonctions de surveillance en temps r\u00e9el. Ces compteurs sont g\u00e9n\u00e9ralement \u00e9quip\u00e9s de capteurs qui mesurent le d\u00e9bit et transmettent les donn\u00e9es \u00e0 un syst\u00e8me de surveillance. Cela permet de contr\u00f4ler en temps r\u00e9el le d\u00e9bit et d'autres param\u00e8tres.<\/p>\n<\/div>\n<div id=\"08\">\n<p><strong>8.About hunter hc flow meter delivery date<\/strong><\/p>\n<p>La date de livraison d'un d\u00e9bitm\u00e8tre d\u00e9pend du type de d\u00e9bitm\u00e8tre, du fabricant et de la disponibilit\u00e9 du produit. En g\u00e9n\u00e9ral, la plupart des d\u00e9bitm\u00e8tres peuvent \u00eatre livr\u00e9s dans un d\u00e9lai de quelques jours \u00e0 quelques semaines. Toutefois, la livraison de certains d\u00e9bitm\u00e8tres sp\u00e9cialis\u00e9s peut prendre plus de temps. Il est pr\u00e9f\u00e9rable de contacter directement le fabricant pour obtenir une date de livraison pr\u00e9cise.<\/p>\n<p><img style=\"max-width: 100%;\" title=\"About hunter hc flow meter delivery date\" src=\"https:\/\/www.hginstrument.com\/wp-content\/uploads\/2021\/07\/hls-2000h-m2.jpg\" alt=\"About hunter hc flow meter delivery date\" \/><\/p>\n<\/div>\n<div id=\"09\">\n<p><strong>9.Does the hunter hc flow meter require an external power source?<\/strong><\/p>\n<p>Nous adh\u00e9rons au principe de la qualit\u00e9 d'abord et disposons d'un syst\u00e8me complet de gestion de la qualit\u00e9 de la production et d'un processus d'inspection de la qualit\u00e9.<br \/>\nCela d\u00e9pend du type de d\u00e9bitm\u00e8tre. Certains d\u00e9bitm\u00e8tres sont aliment\u00e9s par une source d'\u00e9nergie externe, tandis que d'autres sont aliment\u00e9s par le d\u00e9bit du liquide ou du gaz mesur\u00e9.<\/p>\n<\/div>\n<div id=\"010\">\n<p><strong>10.Does the hunter hc flow meter have multi-language display capabilities?<\/strong><\/p>\n<p>As one of the top hunter hc flow meter manufacturers in China, we take this very seriously.<br \/>\nOui, certains d\u00e9bitm\u00e8tres sont dot\u00e9s d'un affichage multilingue. Toutefois, cette fonction n'est pas disponible sur tous les mod\u00e8les. Il est pr\u00e9f\u00e9rable de v\u00e9rifier aupr\u00e8s du fabricant si le mod\u00e8le qui vous int\u00e9resse est dot\u00e9 de cette fonction.<\/p>\n<p><img style=\"max-width: 100%;\" title=\"Does the hunter hc flow meter have multi-language display capabilities?\" src=\"https:\/\/www.hginstrument.com\/wp-content\/uploads\/2021\/07\/hgdu600-p-1.jpg\" alt=\"Does the hunter hc flow meter have multi-language display capabilities?\" \/><\/p>\n<\/div>\n<div id=\"11\">\n<p><strong>11.How does the hunter hc flow meter detect the properties of the target fluid?<\/strong><\/p>\n<p>As one of the hunter hc flow meter market leaders, we are known for innovation and reliability.<br \/>\nLes d\u00e9bitm\u00e8tres mesurent le d\u00e9bit d'un fluide en d\u00e9tectant sa vitesse. Pour ce faire, on mesure g\u00e9n\u00e9ralement la chute de pression \u00e0 travers une restriction connue dans la voie d'\u00e9coulement, ou on mesure la vitesse du fluide \u00e0 l'aide d'une vari\u00e9t\u00e9 de technologies telles que les ultrasons, la magn\u00e9toscopie ou la thermographie. Le d\u00e9bit peut ensuite \u00eatre utilis\u00e9 pour calculer les propri\u00e9t\u00e9s du fluide, telles que la densit\u00e9, la viscosit\u00e9 et le d\u00e9bit volum\u00e9trique.<\/p>\n<\/div>\n<div id=\"12\">\n<p><strong>12.About hunter hc flow meter production equipment<\/strong><\/p>\n<p>L'\u00e9quipement de production de d\u00e9bitm\u00e8tres est utilis\u00e9 pour fabriquer des d\u00e9bitm\u00e8tres, qui sont des dispositifs utilis\u00e9s pour mesurer le d\u00e9bit d'un liquide ou d'un gaz. Cet \u00e9quipement comprend g\u00e9n\u00e9ralement une vari\u00e9t\u00e9 de machines et d'outils, tels que des tours, des fraiseuses, des perceuses \u00e0 colonne et des machines \u00e0 commande num\u00e9rique. Il comprend \u00e9galement des outils sp\u00e9cialis\u00e9s pour assembler et tester les d\u00e9bitm\u00e8tres. L'\u00e9quipement utilis\u00e9 pour produire des d\u00e9bitm\u00e8tres est hautement sp\u00e9cialis\u00e9 et doit \u00eatre en mesure de produire des r\u00e9sultats pr\u00e9cis et fiables.<\/p>\n<p><img style=\"max-width: 100%;\" title=\"About hunter hc flow meter production equipment\" src=\"https:\/\/www.hginstrument.com\/wp-content\/uploads\/2021\/07\/insertion-01.jpg\" alt=\"About hunter hc flow meter production equipment\" \/><\/p>\n<\/div>\n<div id=\"13\">\n<p><strong>13.About hunter hc flow meter inventory<\/strong><\/p>\n<p>L'inventaire des d\u00e9bitm\u00e8tres est un syst\u00e8me utilis\u00e9 pour suivre et g\u00e9rer les d\u00e9bitm\u00e8tres utilis\u00e9s dans les applications industrielles et commerciales. Il permet de contr\u00f4ler les performances des d\u00e9bitm\u00e8tres et de s'assurer qu'ils sont correctement entretenus et \u00e9talonn\u00e9s. Le syst\u00e8me d'inventaire peut \u00e9galement \u00eatre utilis\u00e9 pour suivre le co\u00fbt des d\u00e9bitm\u00e8tres, ainsi que pour identifier tout probl\u00e8me potentiel ou toute question concernant les d\u00e9bitm\u00e8tres.<\/p>\n<\/div>\n<div id=\"14\">\n<p><strong>14.About hunter hc flow meter origin<\/strong><\/p>\n<p>Le premier d\u00e9bitm\u00e8tre a \u00e9t\u00e9 invent\u00e9 en 1832 par un Anglais nomm\u00e9 William Henry. Il a mis au point un appareil utilisant un flotteur pour mesurer le d\u00e9bit d'eau dans un tuyau. Cet appareil \u00e9tait le premier de son genre et le pr\u00e9curseur des d\u00e9bitm\u00e8tres modernes. Depuis lors, les d\u00e9bitm\u00e8tres ont \u00e9t\u00e9 utilis\u00e9s dans diverses industries pour mesurer le d\u00e9bit de liquides, de gaz et d'autres mat\u00e9riaux. Aujourd'hui, les d\u00e9bitm\u00e8tres sont utilis\u00e9s dans diverses applications, de la mesure du d\u00e9bit d'eau dans une canalisation \u00e0 la mesure du d\u00e9bit de p\u00e9trole dans une raffinerie.<\/p>\n<p><img style=\"max-width: 100%;\" title=\"About hunter hc flow meter origin\" src=\"https:\/\/www.hginstrument.com\/wp-content\/uploads\/2021\/07\/dsrt-1.jpg\" alt=\"About hunter hc flow meter origin\" \/><\/p>\n<\/div>\n<div id=\"15\">\n<p><strong>15.About hunter hc flow meter warranty<\/strong><\/p>\n<p>Les garanties des d\u00e9bitm\u00e8tres varient en fonction du fabricant et du type de d\u00e9bitm\u00e8tre. En g\u00e9n\u00e9ral, les garanties couvrent les d\u00e9fauts de mat\u00e9riaux et de fabrication, et peuvent \u00e9galement couvrir certains types de dommages caus\u00e9s par une utilisation normale. Certaines garanties peuvent \u00e9galement couvrir les dommages caus\u00e9s par une installation ou une utilisation incorrecte. Il est important de lire les informations relatives \u00e0 la garantie fournies par le fabricant pour comprendre la couverture sp\u00e9cifique et les limitations de la garantie.<\/p>\n<\/div>\n<p>&nbsp;<\/p>\n<p>Tag\uff1a<a href=\"\/fr\/magnetic-flow-meter\/flow-meter-for-water-line\/\">flow meter for water line<\/a>,<a href=\"\/fr\/magnetic-flow-meter\/flow-meter-ultrasonic-portable\/\">flow meter ultrasonic portable<\/a>,<a href=\"\/fr\/magnetic-flow-meter\/steam-flow-meter\/\">steam flow meter<\/a>,<a href=\"\/fr\/magnetic-flow-meter\/onicon-ultrasonic-flow-meter\/\">onicon ultrasonic flow meter<\/a>,<a href=\"\/fr\/magnetic-flow-meter\/flow-meter-rental\/\">location de d\u00e9bitm\u00e8tres<\/a><\/p>\n<p>&nbsp;<\/p>","protected":false},"excerpt":{"rendered":"<p><strong>Donn\u00e9es techniques<\/strong><br \/>\nPeut \u00eatre utilis\u00e9 pour les fluides liquides ou gazeux, g\u00e9n\u00e9ralement pour mesurer le d\u00e9bit de la vapeur, de la vapeur, de l'air et du gaz naturel.<br \/>\nTaille du compteur : Type en ligne : DN25 - DN300<br \/>\nOption de mat\u00e9riau en contact avec le liquide : SS304, SS316<br \/>\nTemp\u00e9rature de fonctionnement : \u2264250\u2103<br \/>\nRaccordement au processus : Wafer \/ Bride \/ Tri-clamp pour le type en ligne<br \/>\nPr\u00e9cision de mesure : 1,0 % - 1,5% de la plage d'\u00e9talonnage<br \/>\nIndicateur num\u00e9rique : affichage du d\u00e9bit instantan\u00e9, du d\u00e9bit total<br \/>\nAlimentation : 24VDC, Sortie : 4-20mA<\/p>\n<p><strong>caract\u00e9ristiques<\/strong><br \/>\n1. points de consigne ON\/OFF r\u00e9glables<br \/>\n2. mode d'alarme de d\u00e9bit Hi ou Lo<br \/>\n3. d\u00e9lai r\u00e9glable<br \/>\n4. LED d'\u00e9tat du relais<\/p>","protected":false},"featured_media":3691,"comment_status":"closed","ping_status":"closed","template":"","meta":[],"product_cat":[2372],"product_tag":[],"acf":[],"_links":{"self":[{"href":"https:\/\/www.hginstrument.com\/fr\/wp-json\/wp\/v2\/product\/5475"}],"collection":[{"href":"https:\/\/www.hginstrument.com\/fr\/wp-json\/wp\/v2\/product"}],"about":[{"href":"https:\/\/www.hginstrument.com\/fr\/wp-json\/wp\/v2\/types\/product"}],"replies":[{"embeddable":true,"href":"https:\/\/www.hginstrument.com\/fr\/wp-json\/wp\/v2\/comments?post=5475"}],"wp:featuredmedia":[{"embeddable":true,"href":"https:\/\/www.hginstrument.com\/fr\/wp-json\/wp\/v2\/media\/3691"}],"wp:attachment":[{"href":"https:\/\/www.hginstrument.com\/fr\/wp-json\/wp\/v2\/media?parent=5475"}],"wp:term":[{"taxonomy":"product_cat","embeddable":true,"href":"https:\/\/www.hginstrument.com\/fr\/wp-json\/wp\/v2\/product_cat?post=5475"},{"taxonomy":"product_tag","embeddable":true,"href":"https:\/\/www.hginstrument.com\/fr\/wp-json\/wp\/v2\/product_tag?post=5475"}],"curies":[{"name":"wp","href":"https:\/\/api.w.org\/{rel}","templated":true}]}}