{"id":5643,"date":"2023-12-24T14:15:08","date_gmt":"2023-12-24T06:15:08","guid":{"rendered":"https:\/\/www.hginstrument.com\/?post_type=product&#038;p=5643"},"modified":"2024-01-02T11:12:11","modified_gmt":"2024-01-02T03:12:11","slug":"mass-flow-meter-for-gas","status":"publish","type":"product","link":"https:\/\/www.hginstrument.com\/fr\/magnetic-flow-meter\/mass-flow-meter-for-gas\/","title":{"rendered":"d\u00e9bitm\u00e8tre massique pour gaz"},"content":{"rendered":"<p>Cet appareil de pointe est con\u00e7u pour mesurer la quantit\u00e9 et la vitesse d'un liquide, d'un gaz ou d'une vapeur lorsqu'il passe dans un tuyau ou une conduite. Gr\u00e2ce \u00e0 sa technologie de pointe et \u00e0 ses performances sup\u00e9rieures, le d\u00e9bitm\u00e8tre massique pour gaz offre des mesures pr\u00e9cises et fiables qui permettent d'optimiser les processus et d'am\u00e9liorer l'efficacit\u00e9.<\/p>\n<p>L'une des principales caract\u00e9ristiques du d\u00e9bitm\u00e8tre massique pour gaz est sa capacit\u00e9 \u00e0 mesurer avec pr\u00e9cision le d\u00e9bit de diff\u00e9rents fluides, y compris les liquides, les gaz et la vapeur. Cela est possible gr\u00e2ce \u00e0 sa m\u00e9thode unique de mesure du d\u00e9bit par pression diff\u00e9rentielle, qui garantit une perte de pression minimale et une grande pr\u00e9cision de mesure. En outre, l'instrument est capable de mesurer des d\u00e9bits sur une large plage, ce qui le rend adapt\u00e9 aux applications \u00e0 faible et \u00e0 fort d\u00e9bit.<\/p>\n<p>Un autre avantage de l'utilisation d'un d\u00e9bitm\u00e8tre massique pour le gaz est qu'il n\u00e9cessite peu d'entretien. L'instrument est con\u00e7u pour r\u00e9sister aux environnements difficiles et peut fonctionner en continu sans n\u00e9cessiter de nettoyage ni d'\u00e9talonnage fr\u00e9quents. Cela permet non seulement de r\u00e9duire les temps d'arr\u00eat, mais aussi de r\u00e9aliser des \u00e9conomies dans les industries qui ont besoin d'une surveillance constante du d\u00e9bit.<\/p>\n<table class=\"table table-bordered\">\n<tbody>\n<tr>\n<td><span style=\"vertical-align: inherit;\"><span style=\"vertical-align: inherit;\">Type\uff1a<\/span><\/span><\/td>\n<td><span style=\"vertical-align: inherit;\">d\u00e9bitm\u00e8tre massique pour gaz<\/span><\/td>\n<td><span style=\"vertical-align: inherit;\"><span style=\"vertical-align: inherit;\">Signal de sortie\uff1a<\/span><\/span><\/td>\n<td><span style=\"vertical-align: inherit;\"><span style=\"vertical-align: inherit;\">4-18mA, fr\u00e9quence d'impulsion 2kHz (par d\u00e9faut), 5KHz (max)<\/span><\/span><\/td>\n<\/tr>\n<tr>\n<td><span style=\"vertical-align: inherit;\"><span style=\"vertical-align: inherit;\">Lieu d'origine\uff1a<\/span><\/span><\/td>\n<td><span style=\"vertical-align: inherit;\"><span style=\"vertical-align: inherit;\">Jiangsu\uff0cChina<\/span><\/span><\/td>\n<td><span style=\"vertical-align: inherit;\"><span style=\"vertical-align: inherit;\">Incorporer le type\uff1a<\/span><\/span><\/td>\n<td><span style=\"vertical-align: inherit;\"><span style=\"vertical-align: inherit;\">-10\u2103- +56\u2103<\/span><\/span><\/td>\n<\/tr>\n<tr>\n<td><span style=\"vertical-align: inherit;\"><span style=\"vertical-align: inherit;\">Garantie\uff1a<\/span><\/span><\/td>\n<td><span style=\"vertical-align: inherit;\"><span style=\"vertical-align: inherit;\">20 mois<\/span><\/span><\/td>\n<td><span style=\"vertical-align: inherit;\"><span style=\"vertical-align: inherit;\">Tension d'alimentation\uff1a<\/span><\/span><\/td>\n<td><span style=\"vertical-align: inherit;\"><span style=\"vertical-align: inherit;\">110\/220VAC (100-240VAC), 50Hz\/60Hz ; 24VDC\u00b110%<\/span><\/span><\/td>\n<\/tr>\n<tr>\n<td><span style=\"vertical-align: inherit;\"><span style=\"vertical-align: inherit;\">Soutien personnalis\u00e9\uff1a<\/span><\/span><\/td>\n<td><span style=\"vertical-align: inherit;\"><span style=\"vertical-align: inherit;\">OEM, ODM, OBM<\/span><\/span><\/td>\n<td><span style=\"vertical-align: inherit;\"><span style=\"vertical-align: inherit;\">Communication num\u00e9rique\uff1a<\/span><\/span><\/td>\n<td><span style=\"vertical-align: inherit;\"><span style=\"vertical-align: inherit;\">RS-485, supportant le protocole standard Mudbugs-RTU ; GPRS<\/span><\/span><\/td>\n<\/tr>\n<tr>\n<td><span style=\"vertical-align: inherit;\"><span style=\"vertical-align: inherit;\">Nom de marque\uff1a<\/span><\/span><\/td>\n<td><span style=\"vertical-align: inherit;\"><span style=\"vertical-align: inherit;\">GROUPE SUYI<\/span><\/span><\/td>\n<td><span style=\"vertical-align: inherit;\"><span style=\"vertical-align: inherit;\">Pression nominale\uff1a<\/span><\/span><\/td>\n<td><span style=\"vertical-align: inherit;\"><span style=\"vertical-align: inherit;\">1MPa (DN15-DN800), 1,6MPa(DN15-DN800), 2,5MPa(DN15-DN600)<\/span><\/span><\/td>\n<\/tr>\n<tr>\n<td><span style=\"vertical-align: inherit;\"><span style=\"vertical-align: inherit;\">Num\u00e9ro de mod\u00e8le\uff1a<\/span><\/span><\/td>\n<td><span style=\"vertical-align: inherit;\"><span style=\"vertical-align: inherit;\">autres<\/span><\/span><\/td>\n<td><span style=\"vertical-align: inherit;\"><span style=\"vertical-align: inherit;\">Capteur\uff1a<\/span><\/span><\/td>\n<td><span style=\"vertical-align: inherit;\"><span style=\"vertical-align: inherit;\">0\u2103- +80\u2103 ou -25\u2103- +120\u2103 ou +70\u2103- +250\u2103<\/span><\/span><\/td>\n<\/tr>\n<tr>\n<td><span style=\"vertical-align: inherit;\"><span style=\"vertical-align: inherit;\">Nom du produit\uff1a<\/span><\/span><\/td>\n<td><span style=\"vertical-align: inherit;\"><span style=\"vertical-align: inherit;\">D\u00e9bitm\u00e8tre \u00e9lectromagn\u00e9tique intelligent pour produits chimiques<\/span><\/span><\/td>\n<td><span style=\"vertical-align: inherit;\"><span style=\"vertical-align: inherit;\">D\u00e9tails de l'emballage\uff1a<\/span><\/span><\/td>\n<td><span style=\"vertical-align: inherit;\"><span style=\"vertical-align: inherit;\">1 jeu par paquet ou selon la demande du client<\/span><\/span><\/td>\n<\/tr>\n<tr>\n<td><span style=\"vertical-align: inherit;\"><span style=\"vertical-align: inherit;\">Diam\u00e8tre nominal\uff1a<\/span><\/span><\/td>\n<td><span style=\"vertical-align: inherit;\"><span style=\"vertical-align: inherit;\">3-2887mm<\/span><\/span><\/td>\n<td><span style=\"vertical-align: inherit;\"><span style=\"vertical-align: inherit;\">Capacit\u00e9 d'approvisionnement\uff1a<\/span><\/span><\/td>\n<td><span style=\"vertical-align: inherit;\"><span style=\"vertical-align: inherit;\">1557 Set\/Sets per Month<\/span><\/span><\/td>\n<\/tr>\n<tr>\n<td><span style=\"vertical-align: inherit;\"><span style=\"vertical-align: inherit;\">gamme de vitesses\uff1a<\/span><\/span><\/td>\n<td><span style=\"vertical-align: inherit;\"><span style=\"vertical-align: inherit;\">0-12m\/s<\/span><\/span><\/td>\n<td><span style=\"vertical-align: inherit;\"><span style=\"vertical-align: inherit;\">Quantit\u00e9 (jeux)\uff1a<\/span><\/span><\/td>\n<td><span style=\"vertical-align: inherit;\"><span style=\"vertical-align: inherit;\">&gt; 30<\/span><\/span><\/td>\n<\/tr>\n<tr>\n<td><span style=\"vertical-align: inherit;\"><span style=\"vertical-align: inherit;\">Degr\u00e9 de pr\u00e9cision\uff1a<\/span><\/span><\/td>\n<td><span style=\"vertical-align: inherit;\"><span style=\"vertical-align: inherit;\">\u00b10,5%R, \u00b11%R ( &lt; DN20)<\/span><\/span><\/td>\n<td><span style=\"vertical-align: inherit;\"><span style=\"vertical-align: inherit;\">D\u00e9lai d'ex\u00e9cution (jours)\uff1a<\/span><\/span><\/td>\n<td><span style=\"vertical-align: inherit;\"><span style=\"vertical-align: inherit;\">A n\u00e9gocier<\/span><\/span><\/td>\n<\/tr>\n<\/tbody>\n<\/table>\n<p>&nbsp;<\/p>\n<p>&nbsp;<\/p>\n<p style=\"text-align: center;\"><img title=\"d\u00e9bitm\u00e8tre massique pour gaz\" src=\"https:\/\/www.hginstrument.com\/wp-content\/uploads\/2021\/07\/in-line-pipeline-type-hgd-electromagnetic-flow-meter.jpg\" \/><\/p>\n<p>&nbsp;<\/p>\n<p>&nbsp;<\/p>\n<p style=\"text-align: center;\"><img title=\"d\u00e9bitm\u00e8tre massique pour gaz\" src=\"https:\/\/www.hginstrument.com\/wp-content\/uploads\/2021\/07\/insertion-01.jpg\" \/><\/p>\n<p>&nbsp;<\/p>\n<p>&nbsp;<\/p>\n<p style=\"text-align: center;\"><img title=\"d\u00e9bitm\u00e8tre massique pour gaz\" src=\"https:\/\/www.hginstrument.com\/wp-content\/uploads\/2021\/07\/sanitary-mag-1.jpg\" \/><\/p>\n<p><strong>d\u00e9bitm\u00e8tre massique pour gaz FAQs Guide.<\/strong><\/p>\n<p>Au c\u0153ur de notre s\u00e9rie de d\u00e9bitm\u00e8tres massiques pour gaz se trouve un engagement d'excellence, associant une technologie de capteur avanc\u00e9e \u00e0 des interfaces conviviales. Du liquide au gaz, nos d\u00e9bitm\u00e8tres offrent une pr\u00e9cision in\u00e9gal\u00e9e, vous permettant de prendre des d\u00e9cisions \u00e9clair\u00e9es et de rationaliser vos op\u00e9rations. Alors que nous entrons dans une nouvelle \u00e8re de la mesure des fluides, nous vous invitons \u00e0 explorer les possibilit\u00e9s illimit\u00e9es qu'offrent nos d\u00e9bitm\u00e8tres massiques pour gaz - l\u00e0 o\u00f9 la pr\u00e9cision rencontre la performance et o\u00f9 l'innovation coule de source.<\/p>\n<div style=\"border: 3px solid #f89900; margin: 20px 0; padding: 20px;\"><a href=\"\/fr\/mass-flow-meter-for-gas\/#01\">1.A propos du d\u00e9bitm\u00e8tre massique pour les mati\u00e8res premi\u00e8res gazi\u00e8res<\/a><br \/>\n<a href=\"\/fr\/mass-flow-meter-for-gas\/#02\">2. le d\u00e9bitm\u00e8tre massique pour gaz a-t-il des capacit\u00e9s de contr\u00f4le \u00e0 distance ?<\/a><br \/>\n<a href=\"\/fr\/mass-flow-meter-for-gas\/#03\">3. le d\u00e9bitm\u00e8tre massique pour gaz est-il anticorrosion ?<\/a><br \/>\n<a href=\"\/fr\/mass-flow-meter-for-gas\/#04\">4) Qu'est-ce qu'un d\u00e9bitm\u00e8tre massique pour le gaz ?<\/a><br \/>\n<a href=\"\/fr\/mass-flow-meter-for-gas\/#05\">5. le d\u00e9bitm\u00e8tre massique pour gaz peut-il \u00eatre \u00e9quip\u00e9 de capteurs de pr\u00e9cision diff\u00e9rente ?<\/a><br \/>\n<a href=\"\/fr\/mass-flow-meter-for-gas\/#06\">6. Quel est le niveau de protection contre les explosions du d\u00e9bitm\u00e8tre massique pour le gaz ?<\/a><br \/>\n<a href=\"\/fr\/mass-flow-meter-for-gas\/#07\">7. les r\u00e9sultats de mesure du d\u00e9bitm\u00e8tre massique pour le gaz peuvent-ils \u00eatre \u00e9dit\u00e9s et enregistr\u00e9s \u00e0 distance ?<\/a><br \/>\n<a href=\"\/fr\/mass-flow-meter-for-gas\/#08\">8.1 D\u00e9bitm\u00e8tre massique pour brevet de gaz<\/a><br \/>\n<a href=\"\/fr\/mass-flow-meter-for-gas\/#09\">9. quelle est la diff\u00e9rence entre le d\u00e9bitm\u00e8tre massique pour gaz SUYI group et le d\u00e9bitm\u00e8tre massique pour gaz Endress+Hauser et le d\u00e9bitm\u00e8tre massique pour gaz KROHNE ?<\/a><br \/>\n<a href=\"\/fr\/mass-flow-meter-for-gas\/#010\">10.About d\u00e9bitm\u00e8tre massique pour gaz MOQ<\/a><br \/>\n<a href=\"\/fr\/mass-flow-meter-for-gas\/#11\">11.A propos du d\u00e9bitm\u00e8tre massique pour la formation \u00e0 la production de gaz<\/a><br \/>\n<a href=\"\/fr\/mass-flow-meter-for-gas\/#12\">12.A propos du d\u00e9bitm\u00e8tre massique pour la formation \u00e0 la production de gaz<\/a><br \/>\n<a href=\"\/fr\/mass-flow-meter-for-gas\/#13\">13) Quels sont les types de d\u00e9bitm\u00e8tres massiques les plus courants pour les gaz ?<\/a><br \/>\n<a href=\"\/fr\/mass-flow-meter-for-gas\/#14\">14. le d\u00e9bitm\u00e8tre massique pour gaz dispose-t-il d'une fonction de surveillance en temps r\u00e9el ?<\/a><\/div>\n<div id=\"01\">\n<p><strong>1.A propos du d\u00e9bitm\u00e8tre massique pour les mati\u00e8res premi\u00e8res gazi\u00e8res<\/strong><\/p>\n<p>Les mati\u00e8res premi\u00e8res des d\u00e9bitm\u00e8tres sont g\u00e9n\u00e9ralement constitu\u00e9es d'une vari\u00e9t\u00e9 de m\u00e9taux, de plastiques et de composites. Les mat\u00e9riaux couramment utilis\u00e9s dans les d\u00e9bitm\u00e8tres sont l'acier inoxydable, le laiton, l'aluminium, le chlorure de polyvinyle (PVC), le polypropyl\u00e8ne (PP) et le polyt\u00e9trafluoro\u00e9thyl\u00e8ne (PTFE). Le mat\u00e9riau utilis\u00e9 dans un d\u00e9bitm\u00e8tre d\u00e9pend de l'application et du type de fluide mesur\u00e9. Par exemple, l'acier inoxydable est souvent utilis\u00e9 pour mesurer les fluides corrosifs, tandis que le PVC est souvent utilis\u00e9 pour mesurer l'eau.<\/p>\n<\/div>\n<div id=\"02\">\n<p><strong>2. le d\u00e9bitm\u00e8tre massique pour gaz a-t-il des capacit\u00e9s de contr\u00f4le \u00e0 distance ?<\/strong><\/p>\n<p>Nous nous concentrons sur les besoins de nos clients et nous nous effor\u00e7ons de r\u00e9pondre \u00e0 leurs attentes, c'est pourquoi nous prenons cela tr\u00e8s au s\u00e9rieux.<br \/>\nCela d\u00e9pend du mod\u00e8le sp\u00e9cifique de d\u00e9bitm\u00e8tre. Certains mod\u00e8les peuvent \u00eatre dot\u00e9s d'une fonction de commande \u00e0 distance, d'autres non.<\/p>\n<\/div>\n<div id=\"03\">\n<p><strong>3. le d\u00e9bitm\u00e8tre massique pour gaz est-il anticorrosion ?<\/strong><\/p>\n<p>Nous avons \u00e9tabli une bonne r\u00e9putation et des partenariats fiables dans l'industrie des d\u00e9bitm\u00e8tres massiques pour gaz.<br \/>\nOui, la plupart des d\u00e9bitm\u00e8tres sont con\u00e7us pour r\u00e9sister \u00e0 la corrosion. Cependant, le type sp\u00e9cifique de d\u00e9bitm\u00e8tre et l'environnement dans lequel il est utilis\u00e9 d\u00e9terminent le degr\u00e9 de r\u00e9sistance \u00e0 la corrosion.<\/p>\n<p><img style=\"max-width: 100%;\" title=\"Le d\u00e9bitm\u00e8tre massique pour gaz est-il anticorrosion ?\" src=\"https:\/\/www.hginstrument.com\/wp-content\/uploads\/2021\/07\/mdp310-fc3-3.jpg\" alt=\"Le d\u00e9bitm\u00e8tre massique pour gaz est-il anticorrosion ?\" \/><\/p>\n<\/div>\n<div id=\"04\">\n<p><strong>4) Qu'est-ce qu'un d\u00e9bitm\u00e8tre massique pour le gaz ?<\/strong><\/p>\n<p>Nous mettons l'accent sur le travail d'\u00e9quipe et la communication pour atteindre des objectifs communs, nous attachons une grande importance \u00e0 ce d\u00e9tail.<br \/>\nUn d\u00e9bitm\u00e8tre est un dispositif utilis\u00e9 pour mesurer le d\u00e9bit ou la quantit\u00e9 d'un gaz ou d'un liquide circulant dans une conduite. Les d\u00e9bitm\u00e8tres mesurent le d\u00e9bit volum\u00e9trique ou massique d'un liquide ou d'un gaz. Ils sont utilis\u00e9s dans une vari\u00e9t\u00e9 d'industries, y compris le traitement de l'eau et des eaux us\u00e9es, le p\u00e9trole et le gaz, le traitement chimique et la production d'aliments et de boissons.<\/p>\n<\/div>\n<div id=\"05\">\n<p><strong>5. le d\u00e9bitm\u00e8tre massique pour gaz peut-il \u00eatre \u00e9quip\u00e9 de capteurs de pr\u00e9cision diff\u00e9rente ?<\/strong><\/p>\n<p>Oui, les d\u00e9bitm\u00e8tres peuvent \u00eatre \u00e9quip\u00e9s de capteurs de diff\u00e9rentes pr\u00e9cisions. Diff\u00e9rents types de d\u00e9bitm\u00e8tres sont disponibles avec diff\u00e9rents niveaux de pr\u00e9cision, en fonction de l'application. Par exemple, les d\u00e9bitm\u00e8tres \u00e0 turbine sont g\u00e9n\u00e9ralement plus pr\u00e9cis que les d\u00e9bitm\u00e8tres \u00e0 roue \u00e0 aubes.<\/p>\n<\/div>\n<div id=\"06\">\n<p><strong>6. Quel est le niveau de protection contre les explosions du d\u00e9bitm\u00e8tre massique pour le gaz ?<\/strong><\/p>\n<p>Nos produits de d\u00e9bitm\u00e8tre massique pour gaz font l'objet d'un contr\u00f4le de qualit\u00e9 strict afin de garantir la satisfaction du client.<br \/>\nLes caract\u00e9ristiques antid\u00e9flagrantes des d\u00e9bitm\u00e8tres varient en fonction du type de compteur et de l'application. En g\u00e9n\u00e9ral, les d\u00e9bitm\u00e8tres sont class\u00e9s dans la classe I, division 1, groupes C et D, ou dans la classe II, division 1, groupes E, F et G.<\/p>\n<p><img style=\"max-width: 100%;\" title=\"Quelle est la cote antid\u00e9flagrante d&#039;un d\u00e9bitm\u00e8tre massique pour gaz ?\" src=\"https:\/\/www.hginstrument.com\/wp-content\/uploads\/2021\/07\/wall-mount-1f.jpg\" alt=\"Quelle est la cote antid\u00e9flagrante d&#039;un d\u00e9bitm\u00e8tre massique pour gaz ?\" \/><\/p>\n<\/div>\n<div id=\"07\">\n<p><strong>7. les r\u00e9sultats de mesure du d\u00e9bitm\u00e8tre massique pour le gaz peuvent-ils \u00eatre \u00e9dit\u00e9s et enregistr\u00e9s \u00e0 distance ?<\/strong><\/p>\n<p>Oui, de nombreux d\u00e9bitm\u00e8tres sont \u00e9quip\u00e9s de capacit\u00e9s de sortie et d'enregistrement \u00e0 distance. Cela permet aux utilisateurs de surveiller et d'enregistrer les donn\u00e9es de d\u00e9bit \u00e0 partir d'un site distant.<\/p>\n<\/div>\n<div id=\"08\">\n<p><strong>8.1 D\u00e9bitm\u00e8tre massique pour brevet de gaz<\/strong><\/p>\n<p>Les brevets sur les d\u00e9bitm\u00e8tres sont des brevets qui couvrent la conception et le fonctionnement des d\u00e9bitm\u00e8tres. Les d\u00e9bitm\u00e8tres sont des dispositifs utilis\u00e9s pour mesurer le d\u00e9bit d'un liquide ou d'un gaz. Les d\u00e9bitm\u00e8tres sont utilis\u00e9s dans diverses industries, notamment le traitement de l'eau et des eaux us\u00e9es, le p\u00e9trole et le gaz, et le traitement chimique. Les d\u00e9bitm\u00e8tres sont utilis\u00e9s pour mesurer le d\u00e9bit d'un fluide, le volume total d'un fluide et la pression d'un fluide. Les d\u00e9bitm\u00e8tres peuvent \u00eatre m\u00e9caniques, \u00e9lectriques ou optiques. Les d\u00e9bitm\u00e8tres peuvent \u00eatre utilis\u00e9s pour mesurer le d\u00e9bit de liquides, de gaz et de vapeur.<\/p>\n<\/div>\n<div id=\"09\">\n<p><strong>9. quelle est la diff\u00e9rence entre le d\u00e9bitm\u00e8tre massique pour gaz SUYI group et le d\u00e9bitm\u00e8tre massique pour gaz Endress+Hauser et le d\u00e9bitm\u00e8tre massique pour gaz KROHNE ?<\/strong><\/p>\n<p>Les d\u00e9bitm\u00e8tres du groupe SUYI, d'Endress+Hauser et de KROHNE mesurent tous le d\u00e9bit d'un liquide ou d'un gaz. Cependant, chaque fabricant propose diff\u00e9rents types de d\u00e9bitm\u00e8tres avec des caract\u00e9ristiques et des capacit\u00e9s diff\u00e9rentes.<\/p>\n<p>Le groupe SUYI propose une grande vari\u00e9t\u00e9 de d\u00e9bitm\u00e8tres, notamment des d\u00e9bitm\u00e8tres \u00e9lectromagn\u00e9tiques, \u00e0 ultrasons et \u00e0 vortex. Ces d\u00e9bitm\u00e8tres sont con\u00e7us pour une large gamme d'applications, y compris l'eau, le p\u00e9trole et le gaz.<\/p>\n<p>Endress+Hauser propose une gamme de d\u00e9bitm\u00e8tres, notamment des d\u00e9bitm\u00e8tres Coriolis, \u00e0 vortex et \u00e0 ultrasons. Ces compteurs sont con\u00e7us pour une vari\u00e9t\u00e9 d'applications, y compris l'eau, le p\u00e9trole et le gaz.<\/p>\n<p>KROHNE propose une gamme de d\u00e9bitm\u00e8tres, notamment des d\u00e9bitm\u00e8tres Coriolis, \u00e0 vortex et \u00e0 ultrasons. Ces compteurs sont con\u00e7us pour une vari\u00e9t\u00e9 d'applications, y compris l'eau, le p\u00e9trole et le gaz. KROHNE propose \u00e9galement une gamme de d\u00e9bitm\u00e8tres sp\u00e9cialis\u00e9s, tels que l'OPTIFLUX et l'OPTISWIRL, qui sont con\u00e7us pour des applications sp\u00e9cifiques.<\/p>\n<p><img style=\"max-width: 100%;\" title=\"Quelle est la diff\u00e9rence entre le d\u00e9bitm\u00e8tre massique pour gaz SUYI group et le d\u00e9bitm\u00e8tre massique pour gaz Endress+Hauser et le d\u00e9bitm\u00e8tre massique pour gaz KROHNE ?\" src=\"https:\/\/www.hginstrument.com\/wp-content\/uploads\/2021\/07\/hgcmf-c1-1.jpg\" alt=\"Quelle est la diff\u00e9rence entre le d\u00e9bitm\u00e8tre massique pour gaz SUYI group et le d\u00e9bitm\u00e8tre massique pour gaz Endress+Hauser et le d\u00e9bitm\u00e8tre massique pour gaz KROHNE ?\" \/><\/p>\n<\/div>\n<div id=\"010\">\n<p><strong>10.About d\u00e9bitm\u00e8tre massique pour gaz MOQ<\/strong><\/p>\n<p>La quantit\u00e9 minimale de commande (QMC) d'un d\u00e9bitm\u00e8tre d\u00e9pend du type de d\u00e9bitm\u00e8tre et du fabricant. En g\u00e9n\u00e9ral, la QMo pour un d\u00e9bitm\u00e8tre se situe entre 1 et 10 unit\u00e9s, mais elle peut varier en fonction du fabricant et du type de d\u00e9bitm\u00e8tre.<\/p>\n<\/div>\n<div id=\"11\">\n<p><strong>11.A propos du d\u00e9bitm\u00e8tre massique pour la formation \u00e0 la production de gaz<\/strong><\/p>\n<p>La formation aux techniques de production des d\u00e9bitm\u00e8tres est con\u00e7ue pour enseigner aux techniciens et aux ing\u00e9nieurs les comp\u00e9tences n\u00e9cessaires \u00e0 la production et \u00e0 l'entretien des d\u00e9bitm\u00e8tres. La formation couvre des sujets tels que les principes de la mesure du d\u00e9bit, les types de d\u00e9bitm\u00e8tres disponibles, l'installation et l'entretien des d\u00e9bitm\u00e8tres, et les techniques de d\u00e9pannage. La formation couvre \u00e9galement l'utilisation de logiciels informatiques pour analyser et interpr\u00e9ter les donn\u00e9es de d\u00e9bit. La formation se d\u00e9roule g\u00e9n\u00e9ralement dans une salle de classe et peut inclure des activit\u00e9s pratiques.<\/p>\n<\/div>\n<div id=\"12\">\n<p><strong>12.A propos du d\u00e9bitm\u00e8tre massique pour la formation \u00e0 la production de gaz<\/strong><\/p>\n<p>La formation aux techniques de production des d\u00e9bitm\u00e8tres est con\u00e7ue pour enseigner aux techniciens et aux ing\u00e9nieurs les comp\u00e9tences n\u00e9cessaires \u00e0 la production et \u00e0 l'entretien des d\u00e9bitm\u00e8tres. La formation couvre des sujets tels que les principes de la mesure du d\u00e9bit, les types de d\u00e9bitm\u00e8tres disponibles, l'installation et l'entretien des d\u00e9bitm\u00e8tres, et les techniques de d\u00e9pannage. La formation couvre \u00e9galement l'utilisation de logiciels informatiques pour analyser et interpr\u00e9ter les donn\u00e9es de d\u00e9bit. La formation se d\u00e9roule g\u00e9n\u00e9ralement dans une salle de classe et peut inclure des activit\u00e9s pratiques.<\/p>\n<p><img style=\"max-width: 100%;\" title=\"A propos du d\u00e9bitm\u00e8tre massique pour la production de gaz : formation\" src=\"https:\/\/www.hginstrument.com\/wp-content\/uploads\/2021\/07\/hluc-1.jpg\" alt=\"A propos du d\u00e9bitm\u00e8tre massique pour la production de gaz : formation\" \/><\/p>\n<\/div>\n<div id=\"13\">\n<p><strong>13) Quels sont les types de d\u00e9bitm\u00e8tres massiques les plus courants pour les gaz ?<\/strong><\/p>\n<p>Notre mission est de fournir aux clients les meilleures solutions en mati\u00e8re de d\u00e9bitm\u00e8tre massique pour gaz.<br \/>\n1. D\u00e9bitm\u00e8tres \u00e0 pression diff\u00e9rentielle<br \/>\n2. D\u00e9bitm\u00e8tres \u00e0 d\u00e9placement positif<br \/>\n3. D\u00e9bitm\u00e8tres \u00e0 turbine<br \/>\n4. D\u00e9bitm\u00e8tres magn\u00e9tiques<br \/>\n5. D\u00e9bitm\u00e8tres \u00e0 ultrasons<br \/>\n6. D\u00e9bitm\u00e8tres \u00e0 effet Coriolis<br \/>\n7. D\u00e9bitm\u00e8tres \u00e0 vortex<br \/>\n8. D\u00e9bitm\u00e8tres cibles<br \/>\n9. D\u00e9bitm\u00e8tres \u00e0 surface variable<br \/>\n10. D\u00e9bitm\u00e8tres massiques<\/p>\n<\/div>\n<div id=\"14\">\n<p><strong>14. le d\u00e9bitm\u00e8tre massique pour gaz dispose-t-il d'une fonction de surveillance en temps r\u00e9el ?<\/strong><\/p>\n<p>Oui, certains d\u00e9bitm\u00e8tres ont des fonctions de surveillance en temps r\u00e9el. Ces compteurs sont g\u00e9n\u00e9ralement \u00e9quip\u00e9s de capteurs qui mesurent le d\u00e9bit et transmettent les donn\u00e9es \u00e0 un syst\u00e8me de surveillance. Cela permet de contr\u00f4ler en temps r\u00e9el le d\u00e9bit et d'autres param\u00e8tres.<\/p>\n<\/div>\n<p>&nbsp;<\/p>\n<p>Tag\uff1a<a href=\"\/fr\/magnetic-flow-meter\/in-line-flow-meter\/\">d\u00e9bitm\u00e8tre en ligne<\/a>,<a href=\"\/fr\/magnetic-flow-meter\/wifi-flow-meter\/\">d\u00e9bitm\u00e8tre wifi<\/a>,<a href=\"\/fr\/magnetic-flow-meter\/oval-gear-flow-meter\/\">d\u00e9bitm\u00e8tre \u00e0 engrenage ovale<\/a>,<a href=\"\/fr\/magnetic-flow-meter\/low-flow-gas-flow-meter\/\">d\u00e9bitm\u00e8tre de gaz \u00e0 faible d\u00e9bit<\/a>,<a href=\"\/fr\/magnetic-flow-meter\/digital-flow-meter-oil\/\">d\u00e9bitm\u00e8tre digital huile<\/a><\/p>\n<p>&nbsp;<\/p>","protected":false},"excerpt":{"rendered":"<p><strong>Donn\u00e9es techniques<\/strong><br \/>\nPeut \u00eatre utilis\u00e9 pour les fluides liquides ou gazeux, g\u00e9n\u00e9ralement pour mesurer le d\u00e9bit de la vapeur, de la vapeur, de l'air et du gaz naturel.<br \/>\nTaille du compteur : Type en ligne : DN25 - DN300<br \/>\nOption de mat\u00e9riau en contact avec le liquide : SS304, SS316<br \/>\nTemp\u00e9rature de fonctionnement : \u2264250\u2103<br \/>\nRaccordement au processus : Wafer \/ Bride \/ Tri-clamp pour le type en ligne<br \/>\nPr\u00e9cision de mesure : 1,0 % - 1,5% de la plage d'\u00e9talonnage<br \/>\nIndicateur num\u00e9rique : affichage du d\u00e9bit instantan\u00e9, du d\u00e9bit total<br \/>\nAlimentation : 24VDC, Sortie : 4-20mA<\/p>\n<p><strong>caract\u00e9ristiques<\/strong><br \/>\n1. points de consigne ON\/OFF r\u00e9glables<br \/>\n2. mode d'alarme de d\u00e9bit Hi ou Lo<br \/>\n3. d\u00e9lai r\u00e9glable<br \/>\n4. LED d'\u00e9tat du relais<\/p>","protected":false},"featured_media":3691,"comment_status":"closed","ping_status":"closed","template":"","meta":[],"product_cat":[2372],"product_tag":[],"acf":[],"_links":{"self":[{"href":"https:\/\/www.hginstrument.com\/fr\/wp-json\/wp\/v2\/product\/5643"}],"collection":[{"href":"https:\/\/www.hginstrument.com\/fr\/wp-json\/wp\/v2\/product"}],"about":[{"href":"https:\/\/www.hginstrument.com\/fr\/wp-json\/wp\/v2\/types\/product"}],"replies":[{"embeddable":true,"href":"https:\/\/www.hginstrument.com\/fr\/wp-json\/wp\/v2\/comments?post=5643"}],"wp:featuredmedia":[{"embeddable":true,"href":"https:\/\/www.hginstrument.com\/fr\/wp-json\/wp\/v2\/media\/3691"}],"wp:attachment":[{"href":"https:\/\/www.hginstrument.com\/fr\/wp-json\/wp\/v2\/media?parent=5643"}],"wp:term":[{"taxonomy":"product_cat","embeddable":true,"href":"https:\/\/www.hginstrument.com\/fr\/wp-json\/wp\/v2\/product_cat?post=5643"},{"taxonomy":"product_tag","embeddable":true,"href":"https:\/\/www.hginstrument.com\/fr\/wp-json\/wp\/v2\/product_tag?post=5643"}],"curies":[{"name":"wp","href":"https:\/\/api.w.org\/{rel}","templated":true}]}}