{"id":5665,"date":"2023-12-24T15:05:41","date_gmt":"2023-12-24T07:05:41","guid":{"rendered":"https:\/\/www.hginstrument.com\/?post_type=product&#038;p=5665"},"modified":"2023-12-29T11:27:51","modified_gmt":"2023-12-29T03:27:51","slug":"methanol-flow-meter","status":"publish","type":"product","link":"https:\/\/www.hginstrument.com\/fr\/magnetic-flow-meter\/methanol-flow-meter\/","title":{"rendered":"d\u00e9bitm\u00e8tre de m\u00e9thanol"},"content":{"rendered":"<p>Whether it&#8217;s for industrial process control, environmental monitoring, or energy management, the methanol flow meter is a top-performing product that guarantees precise and reliable flow measurement. With its advanced technology and versatile capabilities, this device is an essential tool for any industry seeking accurate and efficient flow monitoring solutions.<\/p>\n<p>One of the key features of methanol flow meter is its ability to accurately measure the flow rate of various fluids, including liquids, gases, and steam. This is made possible by its unique differential pressure flow measurement method, which ensures minimal pressure loss and high measurement accuracy. Moreover, the instrument is capable of measuring flow rates over a wide range, making it suitable for both low and high flow applications.<\/p>\n<p>Another advantage of using methanol flow meter is its low maintenance requirements. The instrument is designed to be resistant to harsh environments and can operate continuously without the need for frequent cleaning and calibration. This not only reduces downtime but also helps in cost-saving for industries that require constant flow monitoring.<\/p>\n<table class=\"table table-bordered\">\n<tbody>\n<tr>\n<td><span style=\"vertical-align: inherit;\"><span style=\"vertical-align: inherit;\">Type\uff1a<\/span><\/span><\/td>\n<td><span style=\"vertical-align: inherit;\">d\u00e9bitm\u00e8tre de m\u00e9thanol<\/span><\/td>\n<td><span style=\"vertical-align: inherit;\"><span style=\"vertical-align: inherit;\">Signal de sortie\uff1a<\/span><\/span><\/td>\n<td><span style=\"vertical-align: inherit;\"><span style=\"vertical-align: inherit;\">4-30mA, fr\u00e9quence d'impulsion 2kHz (par d\u00e9faut), 5KHz (max)<\/span><\/span><\/td>\n<\/tr>\n<tr>\n<td><span style=\"vertical-align: inherit;\"><span style=\"vertical-align: inherit;\">Lieu d'origine\uff1a<\/span><\/span><\/td>\n<td><span style=\"vertical-align: inherit;\"><span style=\"vertical-align: inherit;\">Jiangsu\uff0cChina<\/span><\/span><\/td>\n<td><span style=\"vertical-align: inherit;\"><span style=\"vertical-align: inherit;\">Incorporer le type\uff1a<\/span><\/span><\/td>\n<td><span style=\"vertical-align: inherit;\"><span style=\"vertical-align: inherit;\">-10\u2103- +50\u2103<\/span><\/span><\/td>\n<\/tr>\n<tr>\n<td><span style=\"vertical-align: inherit;\"><span style=\"vertical-align: inherit;\">Garantie\uff1a<\/span><\/span><\/td>\n<td><span style=\"vertical-align: inherit;\"><span style=\"vertical-align: inherit;\">27 mois<\/span><\/span><\/td>\n<td><span style=\"vertical-align: inherit;\"><span style=\"vertical-align: inherit;\">Tension d'alimentation\uff1a<\/span><\/span><\/td>\n<td><span style=\"vertical-align: inherit;\"><span style=\"vertical-align: inherit;\">110\/220VAC (100-240VAC), 50Hz\/60Hz ; 24VDC\u00b110%<\/span><\/span><\/td>\n<\/tr>\n<tr>\n<td><span style=\"vertical-align: inherit;\"><span style=\"vertical-align: inherit;\">Soutien personnalis\u00e9\uff1a<\/span><\/span><\/td>\n<td><span style=\"vertical-align: inherit;\"><span style=\"vertical-align: inherit;\">OEM, ODM, OBM<\/span><\/span><\/td>\n<td><span style=\"vertical-align: inherit;\"><span style=\"vertical-align: inherit;\">Communication num\u00e9rique\uff1a<\/span><\/span><\/td>\n<td><span style=\"vertical-align: inherit;\"><span style=\"vertical-align: inherit;\">RS-485, supportant le protocole standard Mudbugs-RTU ; GPRS<\/span><\/span><\/td>\n<\/tr>\n<tr>\n<td><span style=\"vertical-align: inherit;\"><span style=\"vertical-align: inherit;\">Nom de marque\uff1a<\/span><\/span><\/td>\n<td><span style=\"vertical-align: inherit;\"><span style=\"vertical-align: inherit;\">GROUPE SUYI<\/span><\/span><\/td>\n<td><span style=\"vertical-align: inherit;\"><span style=\"vertical-align: inherit;\">Pression nominale\uff1a<\/span><\/span><\/td>\n<td><span style=\"vertical-align: inherit;\"><span style=\"vertical-align: inherit;\">1MPa (DN15-DN800), 1,6MPa(DN15-DN800), 2,5MPa(DN15-DN600)<\/span><\/span><\/td>\n<\/tr>\n<tr>\n<td><span style=\"vertical-align: inherit;\"><span style=\"vertical-align: inherit;\">Num\u00e9ro de mod\u00e8le\uff1a<\/span><\/span><\/td>\n<td><span style=\"vertical-align: inherit;\"><span style=\"vertical-align: inherit;\">autres<\/span><\/span><\/td>\n<td><span style=\"vertical-align: inherit;\"><span style=\"vertical-align: inherit;\">Capteur\uff1a<\/span><\/span><\/td>\n<td><span style=\"vertical-align: inherit;\"><span style=\"vertical-align: inherit;\">0\u2103- +80\u2103 ou -25\u2103- +120\u2103 ou +70\u2103- +250\u2103<\/span><\/span><\/td>\n<\/tr>\n<tr>\n<td><span style=\"vertical-align: inherit;\"><span style=\"vertical-align: inherit;\">Nom du produit\uff1a<\/span><\/span><\/td>\n<td><span style=\"vertical-align: inherit;\"><span style=\"vertical-align: inherit;\">D\u00e9bitm\u00e8tre \u00e9lectromagn\u00e9tique intelligent pour produits chimiques<\/span><\/span><\/td>\n<td><span style=\"vertical-align: inherit;\"><span style=\"vertical-align: inherit;\">D\u00e9tails de l'emballage\uff1a<\/span><\/span><\/td>\n<td><span style=\"vertical-align: inherit;\"><span style=\"vertical-align: inherit;\">1 jeu par paquet ou selon la demande du client<\/span><\/span><\/td>\n<\/tr>\n<tr>\n<td><span style=\"vertical-align: inherit;\"><span style=\"vertical-align: inherit;\">Diam\u00e8tre nominal\uff1a<\/span><\/span><\/td>\n<td><span style=\"vertical-align: inherit;\"><span style=\"vertical-align: inherit;\">3-2922mm<\/span><\/span><\/td>\n<td><span style=\"vertical-align: inherit;\"><span style=\"vertical-align: inherit;\">Capacit\u00e9 d'approvisionnement\uff1a<\/span><\/span><\/td>\n<td><span style=\"vertical-align: inherit;\"><span style=\"vertical-align: inherit;\">1562 Set\/Sets par mois<\/span><\/span><\/td>\n<\/tr>\n<tr>\n<td><span style=\"vertical-align: inherit;\"><span style=\"vertical-align: inherit;\">gamme de vitesses\uff1a<\/span><\/span><\/td>\n<td><span style=\"vertical-align: inherit;\"><span style=\"vertical-align: inherit;\">0-13m\/s<\/span><\/span><\/td>\n<td><span style=\"vertical-align: inherit;\"><span style=\"vertical-align: inherit;\">Quantit\u00e9 (jeux)\uff1a<\/span><\/span><\/td>\n<td><span style=\"vertical-align: inherit;\"><span style=\"vertical-align: inherit;\">&gt; 30<\/span><\/span><\/td>\n<\/tr>\n<tr>\n<td><span style=\"vertical-align: inherit;\"><span style=\"vertical-align: inherit;\">Degr\u00e9 de pr\u00e9cision\uff1a<\/span><\/span><\/td>\n<td><span style=\"vertical-align: inherit;\"><span style=\"vertical-align: inherit;\">\u00b10,5%R, \u00b11%R ( &lt; DN20)<\/span><\/span><\/td>\n<td><span style=\"vertical-align: inherit;\"><span style=\"vertical-align: inherit;\">D\u00e9lai d'ex\u00e9cution (jours)\uff1a<\/span><\/span><\/td>\n<td><span style=\"vertical-align: inherit;\"><span style=\"vertical-align: inherit;\">A n\u00e9gocier<\/span><\/span><\/td>\n<\/tr>\n<\/tbody>\n<\/table>\n<p>&nbsp;<\/p>\n<p>&nbsp;<\/p>\n<p style=\"text-align: center;\"><img title=\"d\u00e9bitm\u00e8tre de m\u00e9thanol\" src=\"https:\/\/www.hginstrument.com\/wp-content\/uploads\/2021\/07\/in-line-pipeline-type-hgd-electromagnetic-flow-meter.jpg\" \/><\/p>\n<p>&nbsp;<\/p>\n<p>&nbsp;<\/p>\n<p style=\"text-align: center;\"><img title=\"d\u00e9bitm\u00e8tre de m\u00e9thanol\" src=\"https:\/\/www.hginstrument.com\/wp-content\/uploads\/2021\/07\/insertion-01.jpg\" \/><\/p>\n<p>&nbsp;<\/p>\n<p>&nbsp;<\/p>\n<p style=\"text-align: center;\"><img title=\"d\u00e9bitm\u00e8tre de m\u00e9thanol\" src=\"https:\/\/www.hginstrument.com\/wp-content\/uploads\/2021\/07\/sanitary-mag-1.jpg\" \/><\/p>\n<p><strong>methanol flow meter FAQs Guide.<\/strong><\/p>\n<p>At the heart of our methanol flow meter series lies a commitment to excellence, blending advanced sensor technology with user-friendly interfaces. From liquid to gas, our meters deliver unparalleled accuracy, empowering you to make informed decisions and streamline operations. As we usher in a new era of fluid measurement, we invite you to explore the limitless possibilities that our methanol flow meters unlock \u2013 where precision meets performance, and innovation flows seamlessly.<\/p>\n<div style=\"border: 3px solid #f89900; margin: 20px 0; padding: 20px;\"><a href=\"\/fr\/methanol-flow-meter\/#01\">1.How does a methanol flow meter measure flow?<\/a><br \/>\n<a href=\"\/fr\/methanol-flow-meter\/#02\">2.What fluids are methanol flow meters mainly used for measuring?<\/a><br \/>\n<a href=\"\/fr\/methanol-flow-meter\/#03\">3.Does the methanol flow meter have multi-language display capabilities?<\/a><br \/>\n<a href=\"\/fr\/methanol-flow-meter\/#04\">4.How does the methanol flow meter connect with other devices and transmit data?<\/a><br \/>\n<a href=\"\/fr\/methanol-flow-meter\/#05\">5.What is the difference between methanol flow meter SUYI group vs methanol flow meter Schneider Electric vs methanol flow meter Badger Meter<\/a><br \/>\n<a href=\"\/fr\/methanol-flow-meter\/#06\">6.Does the methanol flow meter have data storage capabilities?<\/a><br \/>\n<a href=\"\/fr\/methanol-flow-meter\/#07\">7.About methanol flow meter inventory<\/a><br \/>\n<a href=\"\/fr\/methanol-flow-meter\/#08\">8.About the scale of methanol flow meter factory<\/a><br \/>\n<a href=\"\/fr\/methanol-flow-meter\/#09\">9.About methanol flow meter raw materials<\/a><br \/>\n<a href=\"\/fr\/methanol-flow-meter\/#010\">10.What is the main principle of methanol flow meter?<\/a><br \/>\n<a href=\"\/fr\/methanol-flow-meter\/#11\">11.About methanol flow meter delivery date<\/a><br \/>\n<a href=\"\/fr\/methanol-flow-meter\/#12\">12.How to calibrate a methanol flow meter?<\/a><br \/>\n<a href=\"\/fr\/methanol-flow-meter\/#13\">13.What are the options for the exterior materials of the methanol flow meter?<\/a><br \/>\n<a href=\"\/fr\/methanol-flow-meter\/#14\">14.Does the methanol flow meter require an external power source?<\/a><br \/>\n<a href=\"\/fr\/methanol-flow-meter\/#15\">15.About methanol flow meter raw materials<\/a><br \/>\n<a href=\"\/fr\/methanol-flow-meter\/#16\">16.What is the function of methanol flow meter?<\/a><\/div>\n<div id=\"01\">\n<p><strong>1.How does a methanol flow meter measure flow?<\/strong><\/p>\n<p>We operate our methanol flow meter business with integrity and honesty.<br \/>\nUn d\u00e9bitm\u00e8tre mesure le d\u00e9bit en mesurant la vitesse d'un fluide lorsqu'il passe dans un tuyau ou un autre conduit. Cela se fait g\u00e9n\u00e9ralement en mesurant la chute de pression dans une zone connue ou en mesurant le temps n\u00e9cessaire pour qu'un volume de fluide passe \u00e0 travers une zone connue. D'autres m\u00e9thodes consistent \u00e0 utiliser une turbine, une roue \u00e0 aubes ou un transducteur \u00e0 ultrasons pour mesurer la vitesse du fluide.<\/p>\n<\/div>\n<div id=\"02\">\n<p><strong>2.What fluids are methanol flow meters mainly used for measuring?<\/strong><\/p>\n<p>Nous mettons l'accent sur le travail d'\u00e9quipe et la communication pour atteindre des objectifs communs, nous attachons une grande importance \u00e0 ce d\u00e9tail.<br \/>\nLes d\u00e9bitm\u00e8tres sont principalement utilis\u00e9s pour mesurer le d\u00e9bit de liquides, de gaz et de vapeur.<\/p>\n<p><img style=\"max-width: 100%;\" title=\"What fluids are methanol flow meters mainly used for measuring?\" src=\"https:\/\/www.hginstrument.com\/wp-content\/uploads\/2021\/07\/hgvf-1.jpg\" alt=\"What fluids are methanol flow meters mainly used for measuring?\" \/><\/p>\n<\/div>\n<div id=\"03\">\n<p><strong>3.Does the methanol flow meter have multi-language display capabilities?<\/strong><\/p>\n<p>As one of the top methanol flow meter manufacturers in China, we take this very seriously.<br \/>\nOui, certains d\u00e9bitm\u00e8tres sont dot\u00e9s d'un affichage multilingue. Toutefois, cette fonction n'est pas disponible sur tous les mod\u00e8les. Il est pr\u00e9f\u00e9rable de v\u00e9rifier aupr\u00e8s du fabricant si le mod\u00e8le qui vous int\u00e9resse est dot\u00e9 de cette fonction.<\/p>\n<\/div>\n<div id=\"04\">\n<p><strong>4.How does the methanol flow meter connect with other devices and transmit data?<\/strong><\/p>\n<p>methanol flow meter is not a product only, but also can help you comes to money-making.<br \/>\nLes d\u00e9bitm\u00e8tres peuvent se connecter \u00e0 d'autres appareils et transmettre des donn\u00e9es par le biais de diverses m\u00e9thodes, notamment des connexions c\u00e2bl\u00e9es, des connexions sans fil et des protocoles de communication s\u00e9rie. Les connexions filaires peuvent inclure RS-232, RS-485 et USB. Les connexions sans fil peuvent inclure Bluetooth, Wi-Fi et les r\u00e9seaux cellulaires. Les protocoles de communication s\u00e9rie peuvent inclure Modbus, HART et Profibus.<\/p>\n<p><img style=\"max-width: 100%;\" title=\"How does the methanol flow meter connect with other devices and transmit data?\" src=\"https:\/\/www.hginstrument.com\/wp-content\/uploads\/2021\/07\/hgrs-1.jpg\" alt=\"How does the methanol flow meter connect with other devices and transmit data?\" \/><\/p>\n<\/div>\n<div id=\"05\">\n<p><strong>5.What is the difference between methanol flow meter SUYI group vs methanol flow meter Schneider Electric vs methanol flow meter Badger Meter<\/strong><\/p>\n<p>Les d\u00e9bitm\u00e8tres du groupe SUYI sont g\u00e9n\u00e9ralement utilis\u00e9s pour des applications industrielles, telles que la mesure du d\u00e9bit de liquides, de gaz et de vapeur. Ils sont con\u00e7us pour \u00eatre fiables et pr\u00e9cis, et sont disponibles dans une vari\u00e9t\u00e9 de tailles et de mat\u00e9riaux.<\/p>\n<p>Les d\u00e9bitm\u00e8tres de Schneider Electric sont con\u00e7us pour des applications industrielles et commerciales et sont disponibles dans une vari\u00e9t\u00e9 de tailles et de mat\u00e9riaux. Ils sont con\u00e7us pour \u00eatre fiables et pr\u00e9cis et conviennent \u00e0 une large gamme d'applications.<\/p>\n<p>Les d\u00e9bitm\u00e8tres de Badger Meter sont con\u00e7us pour des applications industrielles et commerciales et sont disponibles dans une vari\u00e9t\u00e9 de tailles et de mat\u00e9riaux. Ils sont con\u00e7us pour \u00eatre fiables et pr\u00e9cis, et conviennent \u00e0 une large gamme d'applications. Ils offrent \u00e9galement de nombreuses fonctionnalit\u00e9s, telles que la surveillance \u00e0 distance et l'enregistrement des donn\u00e9es.<\/p>\n<\/div>\n<div id=\"06\">\n<p><strong>6.Does the methanol flow meter have data storage capabilities?<\/strong><\/p>\n<p>Nous nous concentrons sur l'innovation et l'am\u00e9lioration continue afin de conserver un avantage concurrentiel.<br \/>\nCela d\u00e9pend du type de d\u00e9bitm\u00e8tre. Certains d\u00e9bitm\u00e8tres ont des capacit\u00e9s de stockage de donn\u00e9es, d'autres non.<\/p>\n<p><img style=\"max-width: 100%;\" title=\"Does the methanol flow meter have data storage capabilities?\" src=\"https:\/\/www.hginstrument.com\/wp-content\/uploads\/2021\/10\/w803e-f3.jpg\" alt=\"Does the methanol flow meter have data storage capabilities?\" \/><\/p>\n<\/div>\n<div id=\"07\">\n<p><strong>7.About methanol flow meter inventory<\/strong><\/p>\n<p>L'inventaire des d\u00e9bitm\u00e8tres est un syst\u00e8me utilis\u00e9 pour suivre et g\u00e9rer les d\u00e9bitm\u00e8tres utilis\u00e9s dans les applications industrielles et commerciales. Il permet de contr\u00f4ler les performances des d\u00e9bitm\u00e8tres et de s'assurer qu'ils sont correctement entretenus et \u00e9talonn\u00e9s. Le syst\u00e8me d'inventaire peut \u00e9galement \u00eatre utilis\u00e9 pour suivre le co\u00fbt des d\u00e9bitm\u00e8tres, ainsi que pour identifier tout probl\u00e8me potentiel ou toute question concernant les d\u00e9bitm\u00e8tres.<\/p>\n<\/div>\n<div id=\"08\">\n<p><strong>8.About the scale of methanol flow meter factory<\/strong><\/p>\n<p>Les usines de d\u00e9bitm\u00e8tres varient en taille et en port\u00e9e, selon le type de d\u00e9bitm\u00e8tres qu'elles produisent. Certaines usines peuvent se sp\u00e9cialiser dans la production d'un seul type de d\u00e9bitm\u00e8tre, tandis que d'autres peuvent en produire plusieurs. Certaines usines peuvent \u00eatre de grande taille et compter des centaines d'employ\u00e9s, tandis que d'autres peuvent \u00eatre de petite taille et ne compter que quelques employ\u00e9s. La taille de l'usine d\u00e9pend \u00e9galement du type de d\u00e9bitm\u00e8tres qu'elle produit, ainsi que de la demande pour ces d\u00e9bitm\u00e8tres.<\/p>\n<p><img style=\"max-width: 100%;\" title=\"About the scale of methanol flow meter factory\" src=\"https:\/\/www.hginstrument.com\/wp-content\/uploads\/2021\/07\/hluc-1.jpg\" alt=\"About the scale of methanol flow meter factory\" \/><\/p>\n<\/div>\n<div id=\"09\">\n<p><strong>9.About methanol flow meter raw materials<\/strong><\/p>\n<p>Les mati\u00e8res premi\u00e8res des d\u00e9bitm\u00e8tres sont g\u00e9n\u00e9ralement constitu\u00e9es d'une vari\u00e9t\u00e9 de m\u00e9taux, de plastiques et de composites. Les mat\u00e9riaux couramment utilis\u00e9s dans les d\u00e9bitm\u00e8tres sont l'acier inoxydable, le laiton, l'aluminium, le chlorure de polyvinyle (PVC), le polypropyl\u00e8ne (PP) et le polyt\u00e9trafluoro\u00e9thyl\u00e8ne (PTFE). Le mat\u00e9riau utilis\u00e9 dans un d\u00e9bitm\u00e8tre d\u00e9pend de l'application et du type de fluide mesur\u00e9. Par exemple, l'acier inoxydable est souvent utilis\u00e9 pour mesurer les fluides corrosifs, tandis que le PVC est souvent utilis\u00e9 pour mesurer l'eau.<\/p>\n<\/div>\n<div id=\"010\">\n<p><strong>10.What is the main principle of methanol flow meter?<\/strong><\/p>\n<p>Our methanol flow meter products undergo strict quality control to ensure customer satisfaction.<br \/>\nLe principe de base d'un d\u00e9bitm\u00e8tre est de mesurer le d\u00e9bit d'un fluide ou d'un gaz dans un tuyau ou un autre r\u00e9cipient. Cela se fait g\u00e9n\u00e9ralement en mesurant la chute de pression \u00e0 travers une restriction connue dans le tuyau, ou en mesurant la vitesse du fluide ou du gaz lorsqu'il passe dans le tuyau.<\/p>\n<p><img style=\"max-width: 100%;\" title=\"What is the main principle of methanol flow meter?\" src=\"https:\/\/www.hginstrument.com\/wp-content\/uploads\/2021\/07\/hguoc-1.jpg\" alt=\"What is the main principle of methanol flow meter?\" \/><\/p>\n<\/div>\n<div id=\"11\">\n<p><strong>11.About methanol flow meter delivery date<\/strong><\/p>\n<p>La date de livraison d'un d\u00e9bitm\u00e8tre d\u00e9pend du type de d\u00e9bitm\u00e8tre, du fabricant et de la disponibilit\u00e9 du produit. En g\u00e9n\u00e9ral, la plupart des d\u00e9bitm\u00e8tres peuvent \u00eatre livr\u00e9s dans un d\u00e9lai de quelques jours \u00e0 quelques semaines. Toutefois, la livraison de certains d\u00e9bitm\u00e8tres sp\u00e9cialis\u00e9s peut prendre plus de temps. Il est pr\u00e9f\u00e9rable de contacter directement le fabricant pour obtenir une date de livraison pr\u00e9cise.<\/p>\n<\/div>\n<div id=\"12\">\n<p><strong>12.How to calibrate a methanol flow meter?<\/strong><\/p>\n<p>Being one of the top methanol flow meter manufacturers in China, We attach great importance to this detail.<br \/>\n1. V\u00e9rifier les instructions du fabricant du d\u00e9bitm\u00e8tre utilis\u00e9.<\/p>\n<p>2. S'assurer que le d\u00e9bitm\u00e8tre est install\u00e9 correctement et que toutes les connexions sont bien fix\u00e9es.<\/p>\n<p>3. Connecter le d\u00e9bitm\u00e8tre \u00e0 un dispositif d'\u00e9talonnage, tel qu'un appareil d'\u00e9talonnage du d\u00e9bit ou une boucle d'\u00e9talonnage du d\u00e9bit.<\/p>\n<p>4. R\u00e9gler le dispositif d'\u00e9talonnage sur le d\u00e9bit souhait\u00e9.<\/p>\n<p>5. Mettre le d\u00e9bitm\u00e8tre en marche et le laisser fonctionner pendant quelques minutes pour s'assurer qu'il est stable.<\/p>\n<p>6. V\u00e9rifier la lecture du d\u00e9bitm\u00e8tre par rapport \u00e0 celle du dispositif d'\u00e9talonnage.<\/p>\n<p>7. Ajuster les r\u00e9glages du d\u00e9bitm\u00e8tre si n\u00e9cessaire pour qu'il corresponde \u00e0 la lecture du dispositif d'\u00e9talonnage.<\/p>\n<p>8. R\u00e9p\u00e9ter les \u00e9tapes 4 \u00e0 7 jusqu'\u00e0 ce que la lecture du d\u00e9bitm\u00e8tre corresponde \u00e0 celle du dispositif d'\u00e9talonnage.<\/p>\n<p>9. Enregistrer les r\u00e9glages du d\u00e9bitm\u00e8tre et la lecture du dispositif d'\u00e9talonnage pour r\u00e9f\u00e9rence ult\u00e9rieure.<\/p>\n<p><img style=\"max-width: 100%;\" title=\"How to calibrate a methanol flow meter?\" src=\"https:\/\/www.hginstrument.com\/wp-content\/uploads\/2021\/07\/nozzle-1.jpg\" alt=\"How to calibrate a methanol flow meter?\" \/><\/p>\n<\/div>\n<div id=\"13\">\n<p><strong>13.What are the options for the exterior materials of the methanol flow meter?<\/strong><\/p>\n<p>methanol flow meter is not a product only, but also can help you comes to money-making.<br \/>\n1. L'aluminium<br \/>\n2. Acier inoxydable<br \/>\n3. Laiton<br \/>\n4. Plastique<br \/>\n5. Polypropyl\u00e8ne<br \/>\n6. PVC<br \/>\n7. Polycarbonate<br \/>\n8. Fibre de verre<br \/>\n9. Titane<br \/>\n10. Cuivre<\/p>\n<\/div>\n<div id=\"14\">\n<p><strong>14.Does the methanol flow meter require an external power source?<\/strong><\/p>\n<p>Nous adh\u00e9rons au principe de la qualit\u00e9 d'abord et disposons d'un syst\u00e8me complet de gestion de la qualit\u00e9 de la production et d'un processus d'inspection de la qualit\u00e9.<br \/>\nCela d\u00e9pend du type de d\u00e9bitm\u00e8tre. Certains d\u00e9bitm\u00e8tres sont aliment\u00e9s par une source d'\u00e9nergie externe, tandis que d'autres sont aliment\u00e9s par le d\u00e9bit du liquide ou du gaz mesur\u00e9.<\/p>\n<p><img style=\"max-width: 100%;\" title=\"Does the methanol flow meter require an external power source?\" src=\"https:\/\/www.hginstrument.com\/wp-content\/uploads\/2021\/07\/hls-2000h-m2.jpg\" alt=\"Does the methanol flow meter require an external power source?\" \/><\/p>\n<\/div>\n<div id=\"15\">\n<p><strong>15.About methanol flow meter raw materials<\/strong><\/p>\n<p>Les mati\u00e8res premi\u00e8res des d\u00e9bitm\u00e8tres sont g\u00e9n\u00e9ralement constitu\u00e9es d'une vari\u00e9t\u00e9 de m\u00e9taux, de plastiques et de composites. Les mat\u00e9riaux couramment utilis\u00e9s dans les d\u00e9bitm\u00e8tres sont l'acier inoxydable, le laiton, l'aluminium, le chlorure de polyvinyle (PVC), le polypropyl\u00e8ne (PP) et le polyt\u00e9trafluoro\u00e9thyl\u00e8ne (PTFE). Le mat\u00e9riau utilis\u00e9 dans un d\u00e9bitm\u00e8tre d\u00e9pend de l'application et du type de fluide mesur\u00e9. Par exemple, l'acier inoxydable est souvent utilis\u00e9 pour mesurer les fluides corrosifs, tandis que le PVC est souvent utilis\u00e9 pour mesurer l'eau.<\/p>\n<\/div>\n<div id=\"16\">\n<p><strong>16.What is the function of methanol flow meter?<\/strong><\/p>\n<p>Our company has many years of methanol flow meter experience and expertise.<br \/>\nUn d\u00e9bitm\u00e8tre est un dispositif utilis\u00e9 pour mesurer le d\u00e9bit ou la quantit\u00e9 d'un gaz ou d'un liquide circulant dans un tuyau. Il sert \u00e0 mesurer le d\u00e9bit d'un liquide ou d'un gaz dans un conduit ferm\u00e9. Les d\u00e9bitm\u00e8tres sont utilis\u00e9s dans diverses industries, notamment le traitement de l'eau et des eaux us\u00e9es, le p\u00e9trole et le gaz, et le traitement chimique.<\/p>\n<p><img style=\"max-width: 100%;\" title=\"What is the function of methanol flow meter?\" src=\"https:\/\/www.hginstrument.com\/wp-content\/uploads\/2021\/07\/hls-2000uf-1.jpg\" alt=\"What is the function of methanol flow meter?\" \/><\/p>\n<\/div>\n<p>&nbsp;<\/p>\n<p>Tag\uff1a<a href=\"\/fr\/magnetic-flow-meter\/ultrasonic-gpm-flow-meter\/\">d\u00e9bitm\u00e8tre ultrasonique gpm<\/a>,<a href=\"\/fr\/magnetic-flow-meter\/flare-gas-flow-meter\/\">d\u00e9bitm\u00e8tre de gaz de torche<\/a>,<a href=\"\/fr\/magnetic-flow-meter\/argon-dual-flow-meter\/\">d\u00e9bitm\u00e8tre double argon<\/a>,<a href=\"\/fr\/magnetic-flow-meter\/walgreens-peak-flow-meter\/\">walgreens peak flow meter<\/a><\/p>\n<p>&nbsp;<\/p>","protected":false},"excerpt":{"rendered":"<p><strong>Donn\u00e9es techniques<\/strong><br \/>\nPeut \u00eatre utilis\u00e9 pour les fluides liquides ou gazeux, g\u00e9n\u00e9ralement pour mesurer le d\u00e9bit de la vapeur, de la vapeur, de l'air et du gaz naturel.<br \/>\nTaille du compteur : Type en ligne : DN25 - DN300<br \/>\nOption de mat\u00e9riau en contact avec le liquide : SS304, SS316<br \/>\nTemp\u00e9rature de fonctionnement : \u2264250\u2103<br \/>\nRaccordement au processus : Wafer \/ Bride \/ Tri-clamp pour le type en ligne<br \/>\nPr\u00e9cision de mesure : 1,0 % - 1,5% de la plage d'\u00e9talonnage<br \/>\nIndicateur num\u00e9rique : affichage du d\u00e9bit instantan\u00e9, du d\u00e9bit total<br \/>\nAlimentation : 24VDC, Sortie : 4-20mA<\/p>\n<p><strong>caract\u00e9ristiques<\/strong><br \/>\n1. points de consigne ON\/OFF r\u00e9glables<br \/>\n2. mode d'alarme de d\u00e9bit Hi ou Lo<br \/>\n3. d\u00e9lai r\u00e9glable<br \/>\n4. LED d'\u00e9tat du relais<\/p>","protected":false},"featured_media":3691,"comment_status":"closed","ping_status":"closed","template":"","meta":[],"product_cat":[2372],"product_tag":[],"acf":[],"_links":{"self":[{"href":"https:\/\/www.hginstrument.com\/fr\/wp-json\/wp\/v2\/product\/5665"}],"collection":[{"href":"https:\/\/www.hginstrument.com\/fr\/wp-json\/wp\/v2\/product"}],"about":[{"href":"https:\/\/www.hginstrument.com\/fr\/wp-json\/wp\/v2\/types\/product"}],"replies":[{"embeddable":true,"href":"https:\/\/www.hginstrument.com\/fr\/wp-json\/wp\/v2\/comments?post=5665"}],"wp:featuredmedia":[{"embeddable":true,"href":"https:\/\/www.hginstrument.com\/fr\/wp-json\/wp\/v2\/media\/3691"}],"wp:attachment":[{"href":"https:\/\/www.hginstrument.com\/fr\/wp-json\/wp\/v2\/media?parent=5665"}],"wp:term":[{"taxonomy":"product_cat","embeddable":true,"href":"https:\/\/www.hginstrument.com\/fr\/wp-json\/wp\/v2\/product_cat?post=5665"},{"taxonomy":"product_tag","embeddable":true,"href":"https:\/\/www.hginstrument.com\/fr\/wp-json\/wp\/v2\/product_tag?post=5665"}],"curies":[{"name":"wp","href":"https:\/\/api.w.org\/{rel}","templated":true}]}}