{"id":5677,"date":"2023-12-24T15:37:59","date_gmt":"2023-12-24T07:37:59","guid":{"rendered":"https:\/\/www.hginstrument.com\/?post_type=product&#038;p=5677"},"modified":"2023-12-29T10:47:20","modified_gmt":"2023-12-29T02:47:20","slug":"mini-flow-meter","status":"publish","type":"product","link":"https:\/\/www.hginstrument.com\/fr\/magnetic-flow-meter\/mini-flow-meter\/","title":{"rendered":"mini d\u00e9bitm\u00e8tre"},"content":{"rendered":"<p>Ce produit de pointe allie pr\u00e9cision, durabilit\u00e9 et efficacit\u00e9 pour fournir la solution ultime \u00e0 tous vos besoins en mati\u00e8re de mini-d\u00e9bitm\u00e8tre. Con\u00e7u avec des caract\u00e9ristiques avanc\u00e9es et des mat\u00e9riaux de pointe, le mini-d\u00e9bitm\u00e8tre garantit des mesures de d\u00e9bit pr\u00e9cises et fiables pour une large gamme de liquides. Son interface intuitive et sa conception compacte le rendent convivial et facile \u00e0 installer dans n'importe quel environnement industriel ou commercial.<\/p>\n<p>Le mini-d\u00e9bitm\u00e8tre est \u00e9quip\u00e9 d'un affichage num\u00e9rique qui facilite la lecture et l'interpr\u00e9tation du d\u00e9bit en diff\u00e9rentes unit\u00e9s. Son interface conviviale permet un \u00e9talonnage et des r\u00e9glages simples et rapides.<\/p>\n<p>En outre, le mini-d\u00e9bitm\u00e8tre offre divers mod\u00e8les pour diff\u00e9rentes applications, notamment \u00e9lectromagn\u00e9tique, \u00e0 ultrasons et \u00e0 dispersion thermique. Chaque mod\u00e8le est con\u00e7u avec des caract\u00e9ristiques sp\u00e9cifiques pour r\u00e9pondre aux besoins uniques des utilisateurs.<\/p>\n<table class=\"table table-bordered\">\n<tbody>\n<tr>\n<td><span style=\"vertical-align: inherit;\"><span style=\"vertical-align: inherit;\">Type\uff1a<\/span><\/span><\/td>\n<td><span style=\"vertical-align: inherit;\">mini d\u00e9bitm\u00e8tre<\/span><\/td>\n<td><span style=\"vertical-align: inherit;\"><span style=\"vertical-align: inherit;\">Signal de sortie\uff1a<\/span><\/span><\/td>\n<td><span style=\"vertical-align: inherit;\"><span style=\"vertical-align: inherit;\">4-24mA, fr\u00e9quence d'impulsion 2kHz (par d\u00e9faut), 5KHz (max)<\/span><\/span><\/td>\n<\/tr>\n<tr>\n<td><span style=\"vertical-align: inherit;\"><span style=\"vertical-align: inherit;\">Lieu d'origine\uff1a<\/span><\/span><\/td>\n<td><span style=\"vertical-align: inherit;\"><span style=\"vertical-align: inherit;\">Jiangsu, Chine<\/span><\/span><\/td>\n<td><span style=\"vertical-align: inherit;\"><span style=\"vertical-align: inherit;\">Incorporer le type\uff1a<\/span><\/span><\/td>\n<td><span style=\"vertical-align: inherit;\"><span style=\"vertical-align: inherit;\">-10\u2103- +52\u2103<\/span><\/span><\/td>\n<\/tr>\n<tr>\n<td><span style=\"vertical-align: inherit;\"><span style=\"vertical-align: inherit;\">Garantie\uff1a<\/span><\/span><\/td>\n<td><span style=\"vertical-align: inherit;\"><span style=\"vertical-align: inherit;\">17 mois<\/span><\/span><\/td>\n<td><span style=\"vertical-align: inherit;\"><span style=\"vertical-align: inherit;\">Tension d'alimentation\uff1a<\/span><\/span><\/td>\n<td><span style=\"vertical-align: inherit;\"><span style=\"vertical-align: inherit;\">110\/220VAC (100-240VAC), 50Hz\/60Hz ; 24VDC\u00b110%<\/span><\/span><\/td>\n<\/tr>\n<tr>\n<td><span style=\"vertical-align: inherit;\"><span style=\"vertical-align: inherit;\">Soutien personnalis\u00e9\uff1a<\/span><\/span><\/td>\n<td><span style=\"vertical-align: inherit;\"><span style=\"vertical-align: inherit;\">OEM, ODM, OBM<\/span><\/span><\/td>\n<td><span style=\"vertical-align: inherit;\"><span style=\"vertical-align: inherit;\">Communication num\u00e9rique\uff1a<\/span><\/span><\/td>\n<td><span style=\"vertical-align: inherit;\"><span style=\"vertical-align: inherit;\">RS-485, supportant le protocole standard Mudbugs-RTU ; GPRS<\/span><\/span><\/td>\n<\/tr>\n<tr>\n<td><span style=\"vertical-align: inherit;\"><span style=\"vertical-align: inherit;\">Nom de marque\uff1a<\/span><\/span><\/td>\n<td><span style=\"vertical-align: inherit;\"><span style=\"vertical-align: inherit;\">GROUPE SUYI<\/span><\/span><\/td>\n<td><span style=\"vertical-align: inherit;\"><span style=\"vertical-align: inherit;\">Pression nominale\uff1a<\/span><\/span><\/td>\n<td><span style=\"vertical-align: inherit;\"><span style=\"vertical-align: inherit;\">1MPa (DN15-DN800), 1,6MPa(DN15-DN800), 2,5MPa(DN15-DN600)<\/span><\/span><\/td>\n<\/tr>\n<tr>\n<td><span style=\"vertical-align: inherit;\"><span style=\"vertical-align: inherit;\">Num\u00e9ro de mod\u00e8le\uff1a<\/span><\/span><\/td>\n<td><span style=\"vertical-align: inherit;\"><span style=\"vertical-align: inherit;\">autres<\/span><\/span><\/td>\n<td><span style=\"vertical-align: inherit;\"><span style=\"vertical-align: inherit;\">Capteur\uff1a<\/span><\/span><\/td>\n<td><span style=\"vertical-align: inherit;\"><span style=\"vertical-align: inherit;\">0\u2103- +80\u2103 ou -25\u2103- +120\u2103 ou +70\u2103- +250\u2103<\/span><\/span><\/td>\n<\/tr>\n<tr>\n<td><span style=\"vertical-align: inherit;\"><span style=\"vertical-align: inherit;\">Nom du produit\uff1a<\/span><\/span><\/td>\n<td><span style=\"vertical-align: inherit;\"><span style=\"vertical-align: inherit;\">D\u00e9bitm\u00e8tre \u00e9lectromagn\u00e9tique intelligent pour produits chimiques<\/span><\/span><\/td>\n<td><span style=\"vertical-align: inherit;\"><span style=\"vertical-align: inherit;\">D\u00e9tails de l'emballage\uff1a<\/span><\/span><\/td>\n<td><span style=\"vertical-align: inherit;\"><span style=\"vertical-align: inherit;\">1 jeu par paquet ou selon la demande du client<\/span><\/span><\/td>\n<\/tr>\n<tr>\n<td><span style=\"vertical-align: inherit;\"><span style=\"vertical-align: inherit;\">Diam\u00e8tre nominal\uff1a<\/span><\/span><\/td>\n<td><span style=\"vertical-align: inherit;\"><span style=\"vertical-align: inherit;\">3-2657mm<\/span><\/span><\/td>\n<td><span style=\"vertical-align: inherit;\"><span style=\"vertical-align: inherit;\">Capacit\u00e9 d'approvisionnement\uff1a<\/span><\/span><\/td>\n<td><span style=\"vertical-align: inherit;\"><span style=\"vertical-align: inherit;\">2073 Set\/Sets per Month<\/span><\/span><\/td>\n<\/tr>\n<tr>\n<td><span style=\"vertical-align: inherit;\"><span style=\"vertical-align: inherit;\">gamme de vitesses\uff1a<\/span><\/span><\/td>\n<td><span style=\"vertical-align: inherit;\"><span style=\"vertical-align: inherit;\">0-12m\/s<\/span><\/span><\/td>\n<td><span style=\"vertical-align: inherit;\"><span style=\"vertical-align: inherit;\">Quantit\u00e9 (jeux)\uff1a<\/span><\/span><\/td>\n<td><span style=\"vertical-align: inherit;\"><span style=\"vertical-align: inherit;\">&gt; 30<\/span><\/span><\/td>\n<\/tr>\n<tr>\n<td><span style=\"vertical-align: inherit;\"><span style=\"vertical-align: inherit;\">Degr\u00e9 de pr\u00e9cision\uff1a<\/span><\/span><\/td>\n<td><span style=\"vertical-align: inherit;\"><span style=\"vertical-align: inherit;\">\u00b10,5%R, \u00b11%R ( &lt; DN20)<\/span><\/span><\/td>\n<td><span style=\"vertical-align: inherit;\"><span style=\"vertical-align: inherit;\">D\u00e9lai d'ex\u00e9cution (jours)\uff1a<\/span><\/span><\/td>\n<td><span style=\"vertical-align: inherit;\"><span style=\"vertical-align: inherit;\">A n\u00e9gocier<\/span><\/span><\/td>\n<\/tr>\n<\/tbody>\n<\/table>\n<p>&nbsp;<\/p>\n<p>&nbsp;<\/p>\n<p style=\"text-align: center;\"><img title=\"mini d\u00e9bitm\u00e8tre\" src=\"https:\/\/www.hginstrument.com\/wp-content\/uploads\/2021\/07\/in-line-pipeline-type-hgd-electromagnetic-flow-meter.jpg\" \/><\/p>\n<p>&nbsp;<\/p>\n<p>&nbsp;<\/p>\n<p style=\"text-align: center;\"><img title=\"mini d\u00e9bitm\u00e8tre\" src=\"https:\/\/www.hginstrument.com\/wp-content\/uploads\/2021\/07\/insertion-01.jpg\" \/><\/p>\n<p>&nbsp;<\/p>\n<p>&nbsp;<\/p>\n<p style=\"text-align: center;\"><img title=\"mini d\u00e9bitm\u00e8tre\" src=\"https:\/\/www.hginstrument.com\/wp-content\/uploads\/2021\/07\/sanitary-mag-1.jpg\" \/><\/p>\n<p><strong>Guide des questions les plus fr\u00e9quemment pos\u00e9es sur les d\u00e9bitm\u00e8tres miniatures.<\/strong><\/p>\n<p>Au c\u0153ur de notre s\u00e9rie de mini-d\u00e9bitm\u00e8tres se trouve un engagement en faveur de l'excellence, associant une technologie de capteur avanc\u00e9e \u00e0 des interfaces conviviales. Du liquide au gaz, nos d\u00e9bitm\u00e8tres offrent une pr\u00e9cision in\u00e9gal\u00e9e, vous permettant de prendre des d\u00e9cisions \u00e9clair\u00e9es et de rationaliser vos op\u00e9rations. Alors que nous entrons dans une nouvelle \u00e8re de la mesure des fluides, nous vous invitons \u00e0 explorer les possibilit\u00e9s illimit\u00e9es offertes par nos mini-d\u00e9bitm\u00e8tres - o\u00f9 la pr\u00e9cision rencontre la performance et o\u00f9 l'innovation circule de mani\u00e8re transparente.<\/p>\n<div style=\"border: 3px solid #f89900; margin: 20px 0; padding: 20px;\"><a href=\"\/fr\/mini-flow-meter\/#01\">1.A propos du syst\u00e8me de gestion de la production des mini-d\u00e9bitm\u00e8tres<\/a><br \/>\n<a href=\"\/fr\/mini-flow-meter\/#02\">2.A propos de la date de livraison du mini-d\u00e9bitm\u00e8tre<\/a><br \/>\n<a href=\"\/fr\/mini-flow-meter\/#03\">3. \u00e0 propos du d\u00e9bitm\u00e8tre mini MOQ<\/a><br \/>\n<a href=\"\/fr\/mini-flow-meter\/#04\">4.1 Syst\u00e8me d'approvisionnement en mati\u00e8res premi\u00e8res pour les mini-d\u00e9bitm\u00e8tres<\/a><br \/>\n<a href=\"\/fr\/mini-flow-meter\/#05\">5. le mini-d\u00e9bitm\u00e8tre peut-il \u00eatre command\u00e9 \u00e0 distance ?<\/a><br \/>\n<a href=\"\/fr\/mini-flow-meter\/#06\">6. \u00e0 propos de l'origine du mini-d\u00e9bitm\u00e8tre<\/a><br \/>\n<a href=\"\/fr\/mini-flow-meter\/#07\">7.1 M\u00e9thode de paiement des mini-d\u00e9bitm\u00e8tres<\/a><br \/>\n<a href=\"\/fr\/mini-flow-meter\/#08\">8.A propos de la date de livraison du mini-d\u00e9bitm\u00e8tre<\/a><br \/>\n<a href=\"\/fr\/mini-flow-meter\/#09\">9. quelle est la diff\u00e9rence entre le mini d\u00e9bitm\u00e8tre du groupe SUYI et le mini d\u00e9bitm\u00e8tre de Yokogawa et le mini d\u00e9bitm\u00e8tre d'ABB ?<\/a><br \/>\n<a href=\"\/fr\/mini-flow-meter\/#010\">10.A propos du brevet de mini-d\u00e9bitm\u00e8tre<\/a><br \/>\n<a href=\"\/fr\/mini-flow-meter\/#11\">11.A propos du syst\u00e8me d'approvisionnement en mati\u00e8res premi\u00e8res des mini-d\u00e9bitm\u00e8tres<\/a><br \/>\n<a href=\"\/fr\/mini-flow-meter\/#12\">12. quel est le format du signal de sortie du mini-d\u00e9bitm\u00e8tre ?<\/a><br \/>\n<a href=\"\/fr\/mini-flow-meter\/#13\">13. Quelles sont les exigences relatives au lieu d'installation sp\u00e9cifique du mini-d\u00e9bitm\u00e8tre ?<\/a><\/div>\n<div id=\"01\">\n<p><strong>1.A propos du syst\u00e8me de gestion de la production des mini-d\u00e9bitm\u00e8tres<\/strong><\/p>\n<p>Un syst\u00e8me de gestion de la production de d\u00e9bitm\u00e8tres est une solution logicielle con\u00e7ue pour aider les fabricants \u00e0 g\u00e9rer la production de d\u00e9bitm\u00e8tres. Le syst\u00e8me peut \u00eatre utilis\u00e9 pour suivre le processus de production du d\u00e9but \u00e0 la fin, y compris la commande des mati\u00e8res premi\u00e8res, l'assemblage des composants, les essais et l'\u00e9talonnage du produit fini. Le syst\u00e8me peut \u00e9galement \u00eatre utilis\u00e9 pour contr\u00f4ler la qualit\u00e9 du processus de production, en s'assurant que les d\u00e9bitm\u00e8tres r\u00e9pondent aux normes requises. En outre, le syst\u00e8me peut \u00eatre utilis\u00e9 pour g\u00e9n\u00e9rer des rapports et analyser des donn\u00e9es afin d'aider les fabricants \u00e0 am\u00e9liorer leurs processus de production.<\/p>\n<\/div>\n<div id=\"02\">\n<p><strong>2.A propos de la date de livraison du mini-d\u00e9bitm\u00e8tre<\/strong><\/p>\n<p>La date de livraison d'un d\u00e9bitm\u00e8tre d\u00e9pend du type de d\u00e9bitm\u00e8tre, du fabricant et de la disponibilit\u00e9 du produit. En g\u00e9n\u00e9ral, la plupart des d\u00e9bitm\u00e8tres peuvent \u00eatre livr\u00e9s dans un d\u00e9lai de quelques jours \u00e0 quelques semaines. Toutefois, la livraison de certains d\u00e9bitm\u00e8tres sp\u00e9cialis\u00e9s peut prendre plus de temps. Il est pr\u00e9f\u00e9rable de contacter directement le fabricant pour obtenir une date de livraison pr\u00e9cise.<\/p>\n<\/div>\n<div id=\"03\">\n<p><strong>3. \u00e0 propos du d\u00e9bitm\u00e8tre mini MOQ<\/strong><\/p>\n<p>La quantit\u00e9 minimale de commande (QMC) d'un d\u00e9bitm\u00e8tre d\u00e9pend du type de d\u00e9bitm\u00e8tre et du fabricant. En g\u00e9n\u00e9ral, la QMo pour un d\u00e9bitm\u00e8tre se situe entre 1 et 10 unit\u00e9s, mais elle peut varier en fonction du fabricant et du type de d\u00e9bitm\u00e8tre.<\/p>\n<\/div>\n<div id=\"04\">\n<p><strong>4.1 Syst\u00e8me d'approvisionnement en mati\u00e8res premi\u00e8res pour les mini-d\u00e9bitm\u00e8tres<\/strong><\/p>\n<p>Un syst\u00e8me d'approvisionnement en mati\u00e8res premi\u00e8res pour d\u00e9bitm\u00e8tres est une solution logicielle con\u00e7ue pour rationaliser le processus d'achat de mati\u00e8res premi\u00e8res pour la production de d\u00e9bitm\u00e8tres. Le syst\u00e8me permet aux utilisateurs de rechercher et d'acheter rapidement et facilement les composants n\u00e9cessaires \u00e0 leur production de d\u00e9bitm\u00e8tres. Il fournit \u00e9galement des informations d\u00e9taill\u00e9es sur les composants, y compris les prix, la disponibilit\u00e9 et les d\u00e9lais de livraison. Le syst\u00e8me permet \u00e9galement aux utilisateurs de suivre leurs commandes et de g\u00e9rer leurs stocks. Cela permet de s'assurer que les bons composants sont toujours disponibles lorsque l'on en a besoin.<\/p>\n<p><img style=\"max-width: 100%;\" title=\"A propos du syst\u00e8me d&#039;approvisionnement en mati\u00e8res premi\u00e8res par mini-d\u00e9bitm\u00e8tre\" src=\"https:\/\/www.hginstrument.com\/wp-content\/uploads\/2021\/07\/hls-2000uf-1.jpg\" alt=\"A propos du syst\u00e8me d&#039;approvisionnement en mati\u00e8res premi\u00e8res par mini-d\u00e9bitm\u00e8tre\" \/><\/p>\n<\/div>\n<div id=\"05\">\n<p><strong>5. le mini-d\u00e9bitm\u00e8tre peut-il \u00eatre command\u00e9 \u00e0 distance ?<\/strong><\/p>\n<p>Nous nous concentrons sur les besoins de nos clients et nous nous effor\u00e7ons de r\u00e9pondre \u00e0 leurs attentes, c'est pourquoi nous prenons cela tr\u00e8s au s\u00e9rieux.<br \/>\nCela d\u00e9pend du mod\u00e8le sp\u00e9cifique de d\u00e9bitm\u00e8tre. Certains mod\u00e8les peuvent \u00eatre dot\u00e9s d'une fonction de commande \u00e0 distance, d'autres non.<\/p>\n<\/div>\n<div id=\"06\">\n<p><strong>6. \u00e0 propos de l'origine du mini-d\u00e9bitm\u00e8tre<\/strong><\/p>\n<p>Le premier d\u00e9bitm\u00e8tre a \u00e9t\u00e9 invent\u00e9 en 1832 par un Anglais nomm\u00e9 William Henry. Il a mis au point un appareil utilisant un flotteur pour mesurer le d\u00e9bit d'eau dans un tuyau. Cet appareil \u00e9tait le premier de son genre et le pr\u00e9curseur des d\u00e9bitm\u00e8tres modernes. Depuis lors, les d\u00e9bitm\u00e8tres ont \u00e9t\u00e9 utilis\u00e9s dans diverses industries pour mesurer le d\u00e9bit de liquides, de gaz et d'autres mat\u00e9riaux. Aujourd'hui, les d\u00e9bitm\u00e8tres sont utilis\u00e9s dans diverses applications, de la mesure du d\u00e9bit d'eau dans une canalisation \u00e0 la mesure du d\u00e9bit de p\u00e9trole dans une raffinerie.<\/p>\n<\/div>\n<div id=\"07\">\n<p><strong>7.1 M\u00e9thode de paiement des mini-d\u00e9bitm\u00e8tres<\/strong><\/p>\n<p>Le paiement par d\u00e9bitm\u00e8tre est une m\u00e9thode de paiement qui utilise un d\u00e9bitm\u00e8tre pour mesurer la quantit\u00e9 d'\u00e9nergie utilis\u00e9e par un client. Le client paie l'\u00e9nergie utilis\u00e9e en fonction de la quantit\u00e9 d'\u00e9nergie mesur\u00e9e par le d\u00e9bitm\u00e8tre. Cette m\u00e9thode de paiement est souvent utilis\u00e9e dans les milieux commerciaux et industriels, o\u00f9 la consommation d'\u00e9nergie est \u00e9lev\u00e9e et doit \u00eatre suivie avec pr\u00e9cision. Le paiement par d\u00e9bitm\u00e8tre est \u00e9galement utilis\u00e9 dans certains contextes r\u00e9sidentiels, o\u00f9 les clients peuvent payer leur consommation d'\u00e9nergie en fonction de la quantit\u00e9 d'\u00e9nergie qu'ils utilisent.<\/p>\n<\/div>\n<div id=\"08\">\n<p><strong>8.A propos de la date de livraison du mini-d\u00e9bitm\u00e8tre<\/strong><\/p>\n<p>La date de livraison d'un d\u00e9bitm\u00e8tre d\u00e9pend du type de d\u00e9bitm\u00e8tre, du fabricant et de la disponibilit\u00e9 du produit. En g\u00e9n\u00e9ral, la plupart des d\u00e9bitm\u00e8tres peuvent \u00eatre livr\u00e9s dans un d\u00e9lai de quelques jours \u00e0 quelques semaines. Toutefois, la livraison de certains d\u00e9bitm\u00e8tres sp\u00e9cialis\u00e9s peut prendre plus de temps. Il est pr\u00e9f\u00e9rable de contacter directement le fabricant pour obtenir une date de livraison pr\u00e9cise.<\/p>\n<p><img style=\"max-width: 100%;\" title=\"Date de livraison du mini-d\u00e9bitm\u00e8tre\" src=\"https:\/\/www.hginstrument.com\/wp-content\/uploads\/2021\/07\/wall-mount-1f.jpg\" alt=\"Date de livraison du mini-d\u00e9bitm\u00e8tre\" \/><\/p>\n<\/div>\n<div id=\"09\">\n<p><strong>9. quelle est la diff\u00e9rence entre le mini d\u00e9bitm\u00e8tre du groupe SUYI et le mini d\u00e9bitm\u00e8tre de Yokogawa et le mini d\u00e9bitm\u00e8tre d'ABB ?<\/strong><\/p>\n<p>Les d\u00e9bitm\u00e8tres du groupe SUYI, de Yokogawa et d'ABB mesurent tous le d\u00e9bit d'un fluide, mais ils diff\u00e8rent en termes de pr\u00e9cision, de fonctionnalit\u00e9s et de co\u00fbt. Les d\u00e9bitm\u00e8tres du groupe SUYI sont g\u00e9n\u00e9ralement plus abordables que ceux de Yokogawa et d'ABB, mais ils peuvent ne pas avoir autant de fonctions ou une pr\u00e9cision aussi \u00e9lev\u00e9e. Les d\u00e9bitm\u00e8tres Yokogawa sont r\u00e9put\u00e9s pour leur pr\u00e9cision et leur fiabilit\u00e9, mais ils ont tendance \u00e0 \u00eatre plus chers que les d\u00e9bitm\u00e8tres du groupe SUYI et d'ABB. Les d\u00e9bitm\u00e8tres ABB sont r\u00e9put\u00e9s pour leur robustesse et leur durabilit\u00e9, mais ils sont \u00e9galement plus chers que les deux autres marques.<\/p>\n<\/div>\n<div id=\"010\">\n<p><strong>10.A propos du brevet de mini-d\u00e9bitm\u00e8tre<\/strong><\/p>\n<p>Les brevets sur les d\u00e9bitm\u00e8tres sont des brevets qui couvrent la conception et le fonctionnement des d\u00e9bitm\u00e8tres. Les d\u00e9bitm\u00e8tres sont des dispositifs utilis\u00e9s pour mesurer le d\u00e9bit d'un liquide ou d'un gaz. Les d\u00e9bitm\u00e8tres sont utilis\u00e9s dans diverses industries, notamment le traitement de l'eau et des eaux us\u00e9es, le p\u00e9trole et le gaz, et le traitement chimique. Les d\u00e9bitm\u00e8tres sont utilis\u00e9s pour mesurer le d\u00e9bit d'un fluide, le volume total d'un fluide et la pression d'un fluide. Les d\u00e9bitm\u00e8tres peuvent \u00eatre m\u00e9caniques, \u00e9lectriques ou optiques. Les d\u00e9bitm\u00e8tres peuvent \u00eatre utilis\u00e9s pour mesurer le d\u00e9bit de liquides, de gaz et de vapeur.<\/p>\n<\/div>\n<div id=\"11\">\n<p><strong>11.A propos du syst\u00e8me d'approvisionnement en mati\u00e8res premi\u00e8res des mini-d\u00e9bitm\u00e8tres<\/strong><\/p>\n<p>Un syst\u00e8me d'approvisionnement en mati\u00e8res premi\u00e8res pour d\u00e9bitm\u00e8tres est une solution logicielle con\u00e7ue pour rationaliser le processus d'achat de mati\u00e8res premi\u00e8res pour la production de d\u00e9bitm\u00e8tres. Le syst\u00e8me permet aux utilisateurs de rechercher et d'acheter rapidement et facilement les composants n\u00e9cessaires \u00e0 leur production de d\u00e9bitm\u00e8tres. Il fournit \u00e9galement des informations d\u00e9taill\u00e9es sur les composants, y compris les prix, la disponibilit\u00e9 et les d\u00e9lais de livraison. Le syst\u00e8me permet \u00e9galement aux utilisateurs de suivre leurs commandes et de g\u00e9rer leurs stocks. Cela permet de s'assurer que les bons composants sont toujours disponibles lorsque l'on en a besoin.<\/p>\n<\/div>\n<div id=\"12\">\n<p><strong>12. quel est le format du signal de sortie du mini-d\u00e9bitm\u00e8tre ?<\/strong><\/p>\n<p>Nous am\u00e9liorons en permanence nos comp\u00e9tences et nos connaissances pour nous adapter \u00e0 l'\u00e9volution des besoins du march\u00e9 des mini-d\u00e9bitm\u00e8tres.<br \/>\nLe format du signal de sortie du d\u00e9bitm\u00e8tre d\u00e9pend du type de d\u00e9bitm\u00e8tre utilis\u00e9. Les formats de signaux de sortie les plus courants sont l'impulsion, la fr\u00e9quence, la tension et le courant.<\/p>\n<p><img style=\"max-width: 100%;\" title=\"Quel est le format du signal de sortie du mini-d\u00e9bitm\u00e8tre ?\" src=\"https:\/\/www.hginstrument.com\/wp-content\/uploads\/2021\/07\/insertion-01.jpg\" alt=\"Quel est le format du signal de sortie du mini-d\u00e9bitm\u00e8tre ?\" \/><\/p>\n<\/div>\n<div id=\"13\">\n<p><strong>13. Quelles sont les exigences relatives au lieu d'installation sp\u00e9cifique du mini-d\u00e9bitm\u00e8tre ?<\/strong><\/p>\n<p>Nous exer\u00e7ons notre activit\u00e9 de mini-d\u00e9bitm\u00e8tre avec int\u00e9grit\u00e9 et honn\u00eatet\u00e9.<br \/>\n1. Le d\u00e9bitm\u00e8tre doit \u00eatre install\u00e9 dans un endroit exempt de vibrations, de chocs et d'autres forces ext\u00e9rieures.<\/p>\n<p>2. Le d\u00e9bitm\u00e8tre doit \u00eatre install\u00e9 dans un endroit exempt de gaz corrosifs, de liquides et d'autres contaminants.<\/p>\n<p>3. Le d\u00e9bitm\u00e8tre doit \u00eatre install\u00e9 dans un endroit accessible pour l'entretien et l'\u00e9talonnage.<\/p>\n<p>4. Le d\u00e9bitm\u00e8tre doit \u00eatre install\u00e9 dans un endroit \u00e0 l'abri des temp\u00e9ratures et de l'humidit\u00e9 extr\u00eames.<\/p>\n<p>5. Le d\u00e9bitm\u00e8tre doit \u00eatre install\u00e9 dans un endroit exempt d'interf\u00e9rences \u00e9lectriques.<\/p>\n<\/div>\n<p>&nbsp;<\/p>\n<p>Tag\uff1a<a href=\"\/fr\/magnetic-flow-meter\/co2-flow-meter-regulator\/\">r\u00e9gulateur de d\u00e9bitm\u00e8tre de co2<\/a>,<a href=\"\/fr\/magnetic-flow-meter\/in-line-hydraulic-flow-meter\/\">d\u00e9bitm\u00e8tre hydraulique en ligne<\/a>,<a href=\"\/fr\/magnetic-flow-meter\/garmin-fuel-flow-meter\/\">d\u00e9bitm\u00e8tre de carburant garmin<\/a><\/p>\n<p>&nbsp;<\/p>","protected":false},"excerpt":{"rendered":"<p><strong>Donn\u00e9es techniques<\/strong><br \/>\nPeut \u00eatre utilis\u00e9 pour les fluides liquides ou gazeux, g\u00e9n\u00e9ralement pour mesurer le d\u00e9bit de la vapeur, de la vapeur, de l'air et du gaz naturel.<br \/>\nTaille du compteur : Type en ligne : DN25 - DN300<br \/>\nOption de mat\u00e9riau en contact avec le liquide : SS304, SS316<br \/>\nTemp\u00e9rature de fonctionnement : \u2264250\u2103<br \/>\nRaccordement au processus : Wafer \/ Bride \/ Tri-clamp pour le type en ligne<br \/>\nPr\u00e9cision de mesure : 1,0 % - 1,5% de la plage d'\u00e9talonnage<br \/>\nIndicateur num\u00e9rique : affichage du d\u00e9bit instantan\u00e9, du d\u00e9bit total<br \/>\nAlimentation : 24VDC, Sortie : 4-20mA<\/p>\n<p><strong>caract\u00e9ristiques<\/strong><br \/>\n1. points de consigne ON\/OFF r\u00e9glables<br \/>\n2. mode d'alarme de d\u00e9bit Hi ou Lo<br \/>\n3. d\u00e9lai r\u00e9glable<br \/>\n4. LED d'\u00e9tat du relais<\/p>","protected":false},"featured_media":3691,"comment_status":"closed","ping_status":"closed","template":"","meta":[],"product_cat":[2372],"product_tag":[],"acf":[],"_links":{"self":[{"href":"https:\/\/www.hginstrument.com\/fr\/wp-json\/wp\/v2\/product\/5677"}],"collection":[{"href":"https:\/\/www.hginstrument.com\/fr\/wp-json\/wp\/v2\/product"}],"about":[{"href":"https:\/\/www.hginstrument.com\/fr\/wp-json\/wp\/v2\/types\/product"}],"replies":[{"embeddable":true,"href":"https:\/\/www.hginstrument.com\/fr\/wp-json\/wp\/v2\/comments?post=5677"}],"wp:featuredmedia":[{"embeddable":true,"href":"https:\/\/www.hginstrument.com\/fr\/wp-json\/wp\/v2\/media\/3691"}],"wp:attachment":[{"href":"https:\/\/www.hginstrument.com\/fr\/wp-json\/wp\/v2\/media?parent=5677"}],"wp:term":[{"taxonomy":"product_cat","embeddable":true,"href":"https:\/\/www.hginstrument.com\/fr\/wp-json\/wp\/v2\/product_cat?post=5677"},{"taxonomy":"product_tag","embeddable":true,"href":"https:\/\/www.hginstrument.com\/fr\/wp-json\/wp\/v2\/product_tag?post=5677"}],"curies":[{"name":"wp","href":"https:\/\/api.w.org\/{rel}","templated":true}]}}