{"id":5741,"date":"2023-12-24T18:05:19","date_gmt":"2023-12-24T10:05:19","guid":{"rendered":"https:\/\/www.hginstrument.com\/?post_type=product&#038;p=5741"},"modified":"2023-12-28T13:24:33","modified_gmt":"2023-12-28T05:24:33","slug":"oxygen-flow-meter-regulator","status":"publish","type":"product","link":"https:\/\/www.hginstrument.com\/fr\/magnetic-flow-meter\/oxygen-flow-meter-regulator\/","title":{"rendered":"r\u00e9gulateur de d\u00e9bitm\u00e8tre d'oxyg\u00e8ne"},"content":{"rendered":"<p>Que ce soit pour le contr\u00f4le des processus industriels, la surveillance de l'environnement ou la gestion de l'\u00e9nergie, le r\u00e9gulateur de d\u00e9bitm\u00e8tre d'oxyg\u00e8ne est un produit tr\u00e8s performant qui garantit une mesure pr\u00e9cise et fiable du d\u00e9bit. Gr\u00e2ce \u00e0 sa technologie avanc\u00e9e et \u00e0 ses capacit\u00e9s polyvalentes, cet appareil est un outil essentiel pour toute industrie recherchant des solutions de contr\u00f4le de d\u00e9bit pr\u00e9cises et efficaces.<\/p>\n<p>Le d\u00e9bitm\u00e8tre-r\u00e9gulateur d'oxyg\u00e8ne est un instrument de pr\u00e9cision con\u00e7u pour mesurer le d\u00e9bit d'un liquide ou d'un gaz dans une canalisation. Il s'agit d'un outil important dans les secteurs du p\u00e9trole et du gaz, de la chimie, de la production de p\u00e9trole et de gaz, du traitement de l'eau et de nombreuses autres industries.<\/p>\n<p>Gr\u00e2ce \u00e0 sa technologie avanc\u00e9e et \u00e0 sa grande pr\u00e9cision, le r\u00e9gulateur de d\u00e9bitm\u00e8tre d'oxyg\u00e8ne offre aux utilisateurs la possibilit\u00e9 de surveiller et de contr\u00f4ler le d\u00e9bit de leurs processus avec pr\u00e9cision et efficacit\u00e9. Gr\u00e2ce \u00e0 sa construction durable, il peut r\u00e9sister \u00e0 des conditions de fonctionnement difficiles et offrir une fiabilit\u00e9 \u00e0 long terme.<\/p>\n<table class=\"table table-bordered\">\n<tbody>\n<tr>\n<td><span style=\"vertical-align: inherit;\"><span style=\"vertical-align: inherit;\">Type\uff1a<\/span><\/span><\/td>\n<td><span style=\"vertical-align: inherit;\">r\u00e9gulateur de d\u00e9bitm\u00e8tre d'oxyg\u00e8ne<\/span><\/td>\n<td><span style=\"vertical-align: inherit;\"><span style=\"vertical-align: inherit;\">Signal de sortie\uff1a<\/span><\/span><\/td>\n<td><span style=\"vertical-align: inherit;\"><span style=\"vertical-align: inherit;\">4-15mA, fr\u00e9quence d'impulsion 2kHz (par d\u00e9faut), 5KHz (max)<\/span><\/span><\/td>\n<\/tr>\n<tr>\n<td><span style=\"vertical-align: inherit;\"><span style=\"vertical-align: inherit;\">Lieu d'origine\uff1a<\/span><\/span><\/td>\n<td><span style=\"vertical-align: inherit;\"><span style=\"vertical-align: inherit;\">Jiangsu\uff0cChina<\/span><\/span><\/td>\n<td><span style=\"vertical-align: inherit;\"><span style=\"vertical-align: inherit;\">Incorporer le type\uff1a<\/span><\/span><\/td>\n<td><span style=\"vertical-align: inherit;\"><span style=\"vertical-align: inherit;\">-10\u2103- +52\u2103<\/span><\/span><\/td>\n<\/tr>\n<tr>\n<td><span style=\"vertical-align: inherit;\"><span style=\"vertical-align: inherit;\">Garantie\uff1a<\/span><\/span><\/td>\n<td><span style=\"vertical-align: inherit;\"><span style=\"vertical-align: inherit;\">22 mois<\/span><\/span><\/td>\n<td><span style=\"vertical-align: inherit;\"><span style=\"vertical-align: inherit;\">Tension d'alimentation\uff1a<\/span><\/span><\/td>\n<td><span style=\"vertical-align: inherit;\"><span style=\"vertical-align: inherit;\">110\/220VAC (100-240VAC), 50Hz\/60Hz ; 24VDC\u00b110%<\/span><\/span><\/td>\n<\/tr>\n<tr>\n<td><span style=\"vertical-align: inherit;\"><span style=\"vertical-align: inherit;\">Soutien personnalis\u00e9\uff1a<\/span><\/span><\/td>\n<td><span style=\"vertical-align: inherit;\"><span style=\"vertical-align: inherit;\">OEM, ODM, OBM<\/span><\/span><\/td>\n<td><span style=\"vertical-align: inherit;\"><span style=\"vertical-align: inherit;\">Communication num\u00e9rique\uff1a<\/span><\/span><\/td>\n<td><span style=\"vertical-align: inherit;\"><span style=\"vertical-align: inherit;\">RS-485, supportant le protocole standard Mudbugs-RTU ; GPRS<\/span><\/span><\/td>\n<\/tr>\n<tr>\n<td><span style=\"vertical-align: inherit;\"><span style=\"vertical-align: inherit;\">Nom de marque\uff1a<\/span><\/span><\/td>\n<td><span style=\"vertical-align: inherit;\"><span style=\"vertical-align: inherit;\">GROUPE SUYI<\/span><\/span><\/td>\n<td><span style=\"vertical-align: inherit;\"><span style=\"vertical-align: inherit;\">Pression nominale\uff1a<\/span><\/span><\/td>\n<td><span style=\"vertical-align: inherit;\"><span style=\"vertical-align: inherit;\">1MPa (DN15-DN800), 1,6MPa(DN15-DN800), 2,5MPa(DN15-DN600)<\/span><\/span><\/td>\n<\/tr>\n<tr>\n<td><span style=\"vertical-align: inherit;\"><span style=\"vertical-align: inherit;\">Num\u00e9ro de mod\u00e8le\uff1a<\/span><\/span><\/td>\n<td><span style=\"vertical-align: inherit;\"><span style=\"vertical-align: inherit;\">autres<\/span><\/span><\/td>\n<td><span style=\"vertical-align: inherit;\"><span style=\"vertical-align: inherit;\">Capteur\uff1a<\/span><\/span><\/td>\n<td><span style=\"vertical-align: inherit;\"><span style=\"vertical-align: inherit;\">0\u2103- +80\u2103 ou -25\u2103- +120\u2103 ou +70\u2103- +250\u2103<\/span><\/span><\/td>\n<\/tr>\n<tr>\n<td><span style=\"vertical-align: inherit;\"><span style=\"vertical-align: inherit;\">Nom du produit\uff1a<\/span><\/span><\/td>\n<td><span style=\"vertical-align: inherit;\"><span style=\"vertical-align: inherit;\">D\u00e9bitm\u00e8tre \u00e9lectromagn\u00e9tique intelligent pour produits chimiques<\/span><\/span><\/td>\n<td><span style=\"vertical-align: inherit;\"><span style=\"vertical-align: inherit;\">D\u00e9tails de l'emballage\uff1a<\/span><\/span><\/td>\n<td><span style=\"vertical-align: inherit;\"><span style=\"vertical-align: inherit;\">1 jeu par paquet ou selon la demande du client<\/span><\/span><\/td>\n<\/tr>\n<tr>\n<td><span style=\"vertical-align: inherit;\"><span style=\"vertical-align: inherit;\">Diam\u00e8tre nominal\uff1a<\/span><\/span><\/td>\n<td><span style=\"vertical-align: inherit;\"><span style=\"vertical-align: inherit;\">3-3383mm<\/span><\/span><\/td>\n<td><span style=\"vertical-align: inherit;\"><span style=\"vertical-align: inherit;\">Capacit\u00e9 d'approvisionnement\uff1a<\/span><\/span><\/td>\n<td><span style=\"vertical-align: inherit;\"><span style=\"vertical-align: inherit;\">1761 Set\/Sets par mois<\/span><\/span><\/td>\n<\/tr>\n<tr>\n<td><span style=\"vertical-align: inherit;\"><span style=\"vertical-align: inherit;\">gamme de vitesses\uff1a<\/span><\/span><\/td>\n<td><span style=\"vertical-align: inherit;\"><span style=\"vertical-align: inherit;\">0-11m\/s<\/span><\/span><\/td>\n<td><span style=\"vertical-align: inherit;\"><span style=\"vertical-align: inherit;\">Quantit\u00e9 (jeux)\uff1a<\/span><\/span><\/td>\n<td><span style=\"vertical-align: inherit;\"><span style=\"vertical-align: inherit;\">&gt; 30<\/span><\/span><\/td>\n<\/tr>\n<tr>\n<td><span style=\"vertical-align: inherit;\"><span style=\"vertical-align: inherit;\">Degr\u00e9 de pr\u00e9cision\uff1a<\/span><\/span><\/td>\n<td><span style=\"vertical-align: inherit;\"><span style=\"vertical-align: inherit;\">\u00b10,5%R, \u00b11%R ( &lt; DN20)<\/span><\/span><\/td>\n<td><span style=\"vertical-align: inherit;\"><span style=\"vertical-align: inherit;\">D\u00e9lai d'ex\u00e9cution (jours)\uff1a<\/span><\/span><\/td>\n<td><span style=\"vertical-align: inherit;\"><span style=\"vertical-align: inherit;\">A n\u00e9gocier<\/span><\/span><\/td>\n<\/tr>\n<\/tbody>\n<\/table>\n<p>&nbsp;<\/p>\n<p>&nbsp;<\/p>\n<p style=\"text-align: center;\"><img title=\"r\u00e9gulateur de d\u00e9bitm\u00e8tre d&#039;oxyg\u00e8ne\" src=\"https:\/\/www.hginstrument.com\/wp-content\/uploads\/2021\/07\/in-line-pipeline-type-hgd-electromagnetic-flow-meter.jpg\" \/><\/p>\n<p>&nbsp;<\/p>\n<p>&nbsp;<\/p>\n<p style=\"text-align: center;\"><img title=\"r\u00e9gulateur de d\u00e9bitm\u00e8tre d&#039;oxyg\u00e8ne\" src=\"https:\/\/www.hginstrument.com\/wp-content\/uploads\/2021\/07\/insertion-01.jpg\" \/><\/p>\n<p>&nbsp;<\/p>\n<p>&nbsp;<\/p>\n<p style=\"text-align: center;\"><img title=\"r\u00e9gulateur de d\u00e9bitm\u00e8tre d&#039;oxyg\u00e8ne\" src=\"https:\/\/www.hginstrument.com\/wp-content\/uploads\/2021\/07\/sanitary-mag-1.jpg\" \/><\/p>\n<p><strong>Guide des FAQ sur les r\u00e9gulateurs de d\u00e9bit d'oxyg\u00e8ne.<\/strong><\/p>\n<p>Au c\u0153ur de notre s\u00e9rie de r\u00e9gulateurs de d\u00e9bitm\u00e8tre d'oxyg\u00e8ne se trouve un engagement d'excellence, associant une technologie de capteur avanc\u00e9e \u00e0 des interfaces conviviales. Du liquide au gaz, nos d\u00e9bitm\u00e8tres offrent une pr\u00e9cision in\u00e9gal\u00e9e, vous permettant de prendre des d\u00e9cisions \u00e9clair\u00e9es et de rationaliser vos op\u00e9rations. Alors que nous entrons dans une nouvelle \u00e8re de la mesure des fluides, nous vous invitons \u00e0 explorer les possibilit\u00e9s illimit\u00e9es qu'offrent nos r\u00e9gulateurs de d\u00e9bitm\u00e8tre d'oxyg\u00e8ne - l\u00e0 o\u00f9 la pr\u00e9cision rencontre la performance, et o\u00f9 l'innovation coule de source.<\/p>\n<div style=\"border: 3px solid #f89900; margin: 20px 0; padding: 20px;\"><a href=\"\/fr\/oxygen-flow-meter-regulator\/#01\">1. le r\u00e9gulateur du d\u00e9bitm\u00e8tre d'oxyg\u00e8ne est-il dot\u00e9 d'une fonction permettant d'\u00e9viter toute utilisation abusive ?<\/a><br \/>\n<a href=\"\/fr\/oxygen-flow-meter-regulator\/#02\">2. \u00e0 propos du r\u00e9gulateur de d\u00e9bitm\u00e8tre d'oxyg\u00e8ne MOQ<\/a><br \/>\n<a href=\"\/fr\/oxygen-flow-meter-regulator\/#03\">3. l'unit\u00e9 de mesure du r\u00e9gulateur du d\u00e9bitm\u00e8tre d'oxyg\u00e8ne est-elle rempla\u00e7able ?<\/a><br \/>\n<a href=\"\/fr\/oxygen-flow-meter-regulator\/#04\">4.1 Inventaire des r\u00e9gulateurs de d\u00e9bit d'oxyg\u00e8ne<\/a><br \/>\n<a href=\"\/fr\/oxygen-flow-meter-regulator\/#05\">5. le r\u00e9gulateur du d\u00e9bitm\u00e8tre d'oxyg\u00e8ne dispose-t-il d'une fonction d'alarme automatique ?<\/a><br \/>\n<a href=\"\/fr\/oxygen-flow-meter-regulator\/#06\">6. Comment un r\u00e9gulateur de d\u00e9bitm\u00e8tre d'oxyg\u00e8ne mesure-t-il le d\u00e9bit ?<\/a><br \/>\n<a href=\"\/fr\/oxygen-flow-meter-regulator\/#07\">7. quelles sont les caract\u00e9ristiques du r\u00e9gulateur de d\u00e9bitm\u00e8tre d'oxyg\u00e8ne ?<\/a><br \/>\n<a href=\"\/fr\/oxygen-flow-meter-regulator\/#08\">8. quelle est la diff\u00e9rence entre le r\u00e9gulateur de d\u00e9bitm\u00e8tre d'oxyg\u00e8ne SUYI group et le r\u00e9gulateur de d\u00e9bitm\u00e8tre d'oxyg\u00e8ne Emerson et le r\u00e9gulateur de d\u00e9bitm\u00e8tre d'oxyg\u00e8ne Honeywell ?<\/a><br \/>\n<a href=\"\/fr\/oxygen-flow-meter-regulator\/#09\">9. quels fluides les r\u00e9gulateurs de d\u00e9bitm\u00e8tre d'oxyg\u00e8ne sont-ils principalement utilis\u00e9s pour mesurer ?<\/a><br \/>\n<a href=\"\/fr\/oxygen-flow-meter-regulator\/#010\">10.A propos des capacit\u00e9s de R&amp;D du r\u00e9gulateur de d\u00e9bit d'oxyg\u00e8ne<\/a><br \/>\n<a href=\"\/fr\/oxygen-flow-meter-regulator\/#11\">11. quelles sont les m\u00e9thodes d'entretien du r\u00e9gulateur de d\u00e9bitm\u00e8tre d'oxyg\u00e8ne ?<\/a><br \/>\n<a href=\"\/fr\/oxygen-flow-meter-regulator\/#12\">12. quelle est la plage de mesure du d\u00e9bitm\u00e8tre-r\u00e9gulateur d'oxyg\u00e8ne ?<\/a><br \/>\n<a href=\"\/fr\/oxygen-flow-meter-regulator\/#13\">13. Quelles sont les m\u00e9thodes d'installation du r\u00e9gulateur de d\u00e9bitm\u00e8tre d'oxyg\u00e8ne ?<\/a><\/div>\n<div id=\"01\">\n<p><strong>1. le r\u00e9gulateur du d\u00e9bitm\u00e8tre d'oxyg\u00e8ne est-il dot\u00e9 d'une fonction permettant d'\u00e9viter toute utilisation abusive ?<\/strong><\/p>\n<p>En tant que leader du march\u00e9 des r\u00e9gulateurs de d\u00e9bitm\u00e8tre d'oxyg\u00e8ne, nous sommes connus pour notre innovation et notre fiabilit\u00e9.<br \/>\nLa plupart des d\u00e9bitm\u00e8tres ne sont pas dot\u00e9s d'une fonction de pr\u00e9vention des abus, mais certains mod\u00e8les peuvent pr\u00e9senter des caract\u00e9ristiques qui peuvent contribuer \u00e0 r\u00e9duire le risque d'abus. Par exemple, certains d\u00e9bitm\u00e8tres peuvent \u00eatre dot\u00e9s d'une fonction de verrouillage qui emp\u00eache les utilisateurs non autoris\u00e9s de modifier les r\u00e9glages ou d'acc\u00e9der aux donn\u00e9es. En outre, certains d\u00e9bitm\u00e8tres peuvent \u00eatre dot\u00e9s d'une fonction de protection par mot de passe qui oblige l'utilisateur \u00e0 saisir un mot de passe avant de pouvoir acc\u00e9der aux donn\u00e9es ou aux param\u00e8tres.<\/p>\n<\/div>\n<div id=\"02\">\n<p><strong>2. \u00e0 propos du r\u00e9gulateur de d\u00e9bitm\u00e8tre d'oxyg\u00e8ne MOQ<\/strong><\/p>\n<p>La quantit\u00e9 minimale de commande (QMC) d'un d\u00e9bitm\u00e8tre d\u00e9pend du type de d\u00e9bitm\u00e8tre et du fabricant. En g\u00e9n\u00e9ral, la QMo pour un d\u00e9bitm\u00e8tre se situe entre 1 et 10 unit\u00e9s, mais elle peut varier en fonction du fabricant et du type de d\u00e9bitm\u00e8tre.<\/p>\n<p><img style=\"max-width: 100%;\" title=\"A propos du r\u00e9gulateur de d\u00e9bitm\u00e8tre d&#039;oxyg\u00e8ne MOQ\" src=\"https:\/\/www.hginstrument.com\/wp-content\/uploads\/2021\/07\/hgtf-6.jpg\" alt=\"A propos du r\u00e9gulateur de d\u00e9bitm\u00e8tre d&#039;oxyg\u00e8ne MOQ\" \/><\/p>\n<\/div>\n<div id=\"03\">\n<p><strong>3. l'unit\u00e9 de mesure du r\u00e9gulateur du d\u00e9bitm\u00e8tre d'oxyg\u00e8ne est-elle rempla\u00e7able ?<\/strong><\/p>\n<p>En tant que l'un des principaux fabricants de r\u00e9gulateurs de d\u00e9bitm\u00e8tre d'oxyg\u00e8ne en Chine, nous prenons cela tr\u00e8s au s\u00e9rieux.<br \/>\nOui, l'unit\u00e9 de mesure d'un d\u00e9bitm\u00e8tre est rempla\u00e7able.<\/p>\n<\/div>\n<div id=\"04\">\n<p><strong>4.1 Inventaire des r\u00e9gulateurs de d\u00e9bit d'oxyg\u00e8ne<\/strong><\/p>\n<p>L'inventaire des d\u00e9bitm\u00e8tres est un syst\u00e8me utilis\u00e9 pour suivre et g\u00e9rer les d\u00e9bitm\u00e8tres utilis\u00e9s dans les applications industrielles et commerciales. Il permet de contr\u00f4ler les performances des d\u00e9bitm\u00e8tres et de s'assurer qu'ils sont correctement entretenus et \u00e9talonn\u00e9s. Le syst\u00e8me d'inventaire peut \u00e9galement \u00eatre utilis\u00e9 pour suivre le co\u00fbt des d\u00e9bitm\u00e8tres, ainsi que pour identifier tout probl\u00e8me potentiel ou toute question concernant les d\u00e9bitm\u00e8tres.<\/p>\n<p><img style=\"max-width: 100%;\" title=\"A propos de l&#039;inventaire du r\u00e9gulateur de d\u00e9bitm\u00e8tre d&#039;oxyg\u00e8ne\" src=\"https:\/\/www.hginstrument.com\/wp-content\/uploads\/2021\/07\/mdp310-fc3-3.jpg\" alt=\"A propos de l&#039;inventaire du r\u00e9gulateur de d\u00e9bitm\u00e8tre d&#039;oxyg\u00e8ne\" \/><\/p>\n<\/div>\n<div id=\"05\">\n<p><strong>5. le r\u00e9gulateur du d\u00e9bitm\u00e8tre d'oxyg\u00e8ne dispose-t-il d'une fonction d'alarme automatique ?<\/strong><\/p>\n<p>Nous adh\u00e9rons au principe de la qualit\u00e9 d'abord et disposons d'un syst\u00e8me complet de gestion de la qualit\u00e9 de la production et d'un processus d'inspection de la qualit\u00e9.<br \/>\nDe nombreux d\u00e9bitm\u00e8tres sont dot\u00e9s d'une fonction d'alarme automatique, mais cela d\u00e9pend du mod\u00e8le. Il est pr\u00e9f\u00e9rable de v\u00e9rifier les sp\u00e9cifications du produit pour d\u00e9terminer si le d\u00e9bitm\u00e8tre que vous envisagez poss\u00e8de cette fonction.<\/p>\n<\/div>\n<div id=\"06\">\n<p><strong>6. Comment un r\u00e9gulateur de d\u00e9bitm\u00e8tre d'oxyg\u00e8ne mesure-t-il le d\u00e9bit ?<\/strong><\/p>\n<p>Nous exer\u00e7ons notre activit\u00e9 de r\u00e9gulateur de d\u00e9bitm\u00e8tre d'oxyg\u00e8ne avec int\u00e9grit\u00e9 et honn\u00eatet\u00e9.<br \/>\nUn d\u00e9bitm\u00e8tre mesure le d\u00e9bit en mesurant la vitesse d'un fluide lorsqu'il passe dans un tuyau ou un autre conduit. Cela se fait g\u00e9n\u00e9ralement en mesurant la chute de pression dans une zone connue ou en mesurant le temps n\u00e9cessaire pour qu'un volume de fluide passe \u00e0 travers une zone connue. D'autres m\u00e9thodes consistent \u00e0 utiliser une turbine, une roue \u00e0 aubes ou un transducteur \u00e0 ultrasons pour mesurer la vitesse du fluide.<\/p>\n<p><img style=\"max-width: 100%;\" title=\"Comment un r\u00e9gulateur de d\u00e9bitm\u00e8tre d&#039;oxyg\u00e8ne mesure-t-il le d\u00e9bit ?\" src=\"https:\/\/www.hginstrument.com\/wp-content\/uploads\/2021\/07\/hgdu600-p-1.jpg\" alt=\"Comment un r\u00e9gulateur de d\u00e9bitm\u00e8tre d&#039;oxyg\u00e8ne mesure-t-il le d\u00e9bit ?\" \/><\/p>\n<\/div>\n<div id=\"07\">\n<p><strong>7. quelles sont les caract\u00e9ristiques du r\u00e9gulateur de d\u00e9bitm\u00e8tre d'oxyg\u00e8ne ?<\/strong><\/p>\n<p>Nous avons \u00e9tabli des partenariats stables et \u00e0 long terme avec nos fournisseurs, ce qui nous conf\u00e8re de grands avantages en termes de prix, de co\u00fbts et d'assurance qualit\u00e9.<br \/>\n1. Pr\u00e9cision : Les d\u00e9bitm\u00e8tres doivent pouvoir mesurer avec pr\u00e9cision le d\u00e9bit d'un fluide.<\/p>\n<p>2. Plage de mesure : Les d\u00e9bitm\u00e8tres doivent pouvoir mesurer une large gamme de d\u00e9bits.<\/p>\n<p>3. R\u00e9p\u00e9tabilit\u00e9 : Les d\u00e9bitm\u00e8tres doivent \u00eatre capables de mesurer de mani\u00e8re constante le m\u00eame d\u00e9bit dans le temps.<\/p>\n<p>4. Temps de r\u00e9ponse : Les d\u00e9bitm\u00e8tres doivent pouvoir r\u00e9agir rapidement aux variations de d\u00e9bit.<\/p>\n<p>5. Durabilit\u00e9 : Les d\u00e9bitm\u00e8tres doivent pouvoir r\u00e9sister aux conditions difficiles de l'environnement dans lequel ils sont utilis\u00e9s.<\/p>\n<p>6. Le co\u00fbt : Les d\u00e9bitm\u00e8tres doivent \u00eatre rentables pour l'application.<\/p>\n<\/div>\n<div id=\"08\">\n<p><strong>8. quelle est la diff\u00e9rence entre le r\u00e9gulateur de d\u00e9bitm\u00e8tre d'oxyg\u00e8ne SUYI group et le r\u00e9gulateur de d\u00e9bitm\u00e8tre d'oxyg\u00e8ne Emerson et le r\u00e9gulateur de d\u00e9bitm\u00e8tre d'oxyg\u00e8ne Honeywell ?<\/strong><\/p>\n<p>Les d\u00e9bitm\u00e8tres du groupe SUYI, d'Emerson et d'Honeywell mesurent tous le d\u00e9bit de liquides et de gaz, mais ils diff\u00e8rent en termes de pr\u00e9cision, de caract\u00e9ristiques et de co\u00fbt. Les d\u00e9bitm\u00e8tres du groupe SUYI sont g\u00e9n\u00e9ralement les plus abordables, mais ils peuvent ne pas avoir la m\u00eame pr\u00e9cision ou les m\u00eames caract\u00e9ristiques que les mod\u00e8les plus co\u00fbteux d'Emerson et d'Honeywell. Les d\u00e9bitm\u00e8tres Emerson sont r\u00e9put\u00e9s pour leur pr\u00e9cision et leur fiabilit\u00e9, mais ils peuvent \u00eatre plus chers que les autres marques. Les d\u00e9bitm\u00e8tres Honeywell sont r\u00e9put\u00e9s pour leurs fonctions avanc\u00e9es et leur pr\u00e9cision, mais ils peuvent \u00eatre les plus chers des trois.<\/p>\n<p><img style=\"max-width: 100%;\" title=\"Quelle est la diff\u00e9rence entre le r\u00e9gulateur de d\u00e9bitm\u00e8tre d&#039;oxyg\u00e8ne SUYI group et le r\u00e9gulateur de d\u00e9bitm\u00e8tre d&#039;oxyg\u00e8ne Emerson et le r\u00e9gulateur de d\u00e9bitm\u00e8tre d&#039;oxyg\u00e8ne Honeywell ?\" src=\"https:\/\/www.hginstrument.com\/wp-content\/uploads\/2021\/07\/dsrt-1.jpg\" alt=\"Quelle est la diff\u00e9rence entre le r\u00e9gulateur de d\u00e9bitm\u00e8tre d&#039;oxyg\u00e8ne SUYI group et le r\u00e9gulateur de d\u00e9bitm\u00e8tre d&#039;oxyg\u00e8ne Emerson et le r\u00e9gulateur de d\u00e9bitm\u00e8tre d&#039;oxyg\u00e8ne Honeywell ?\" \/><\/p>\n<\/div>\n<div id=\"09\">\n<p><strong>9. quels fluides les r\u00e9gulateurs de d\u00e9bitm\u00e8tre d'oxyg\u00e8ne sont-ils principalement utilis\u00e9s pour mesurer ?<\/strong><\/p>\n<p>Nous mettons l'accent sur le travail d'\u00e9quipe et la communication pour atteindre des objectifs communs, nous attachons une grande importance \u00e0 ce d\u00e9tail.<br \/>\nLes d\u00e9bitm\u00e8tres sont principalement utilis\u00e9s pour mesurer le d\u00e9bit de liquides, de gaz et de vapeur.<\/p>\n<\/div>\n<div id=\"010\">\n<p><strong>10.A propos des capacit\u00e9s de R&amp;D du r\u00e9gulateur de d\u00e9bit d'oxyg\u00e8ne<\/strong><\/p>\n<p>Les capacit\u00e9s de R&amp;D en mati\u00e8re de d\u00e9bitm\u00e8tres d\u00e9signent l'aptitude d'une entreprise ou d'une organisation \u00e0 rechercher, d\u00e9velopper et fabriquer des d\u00e9bitm\u00e8tres. Il s'agit notamment de la capacit\u00e9 \u00e0 concevoir, tester et fabriquer des d\u00e9bitm\u00e8tres qui r\u00e9pondent aux exigences des clients et aux normes industrielles. Elles comprennent \u00e9galement la capacit\u00e9 \u00e0 d\u00e9velopper de nouvelles technologies et de nouveaux produits pour r\u00e9pondre \u00e0 l'\u00e9volution des besoins de l'industrie. Les entreprises dot\u00e9es de solides capacit\u00e9s de R&amp;D sont en mesure de devancer la concurrence et de fournir \u00e0 leurs clients les d\u00e9bitm\u00e8tres les plus avanc\u00e9s et les plus fiables.<\/p>\n<p><img style=\"max-width: 100%;\" title=\"A propos des capacit\u00e9s de R&amp;D du r\u00e9gulateur de d\u00e9bit d&#039;oxyg\u00e8ne\" src=\"https:\/\/www.hginstrument.com\/wp-content\/uploads\/2021\/07\/hls-2000p-z1.jpg\" alt=\"A propos des capacit\u00e9s de R&amp;D du r\u00e9gulateur de d\u00e9bit d&#039;oxyg\u00e8ne\" \/><\/p>\n<\/div>\n<div id=\"11\">\n<p><strong>11. quelles sont les m\u00e9thodes d'entretien du r\u00e9gulateur de d\u00e9bitm\u00e8tre d'oxyg\u00e8ne ?<\/strong><\/p>\n<p>Nous nous concentrons sur l'innovation et l'am\u00e9lioration continue afin de conserver un avantage concurrentiel.<br \/>\n1. V\u00e9rifier r\u00e9guli\u00e8rement que le d\u00e9bitm\u00e8tre ne pr\u00e9sente pas de signes d'usure ou de d\u00e9t\u00e9rioration.<\/p>\n<p>2. Nettoyer r\u00e9guli\u00e8rement le d\u00e9bitm\u00e8tre pour garantir la pr\u00e9cision des relev\u00e9s.<\/p>\n<p>3. V\u00e9rifier la pr\u00e9cision du d\u00e9bitm\u00e8tre en effectuant des tests d'\u00e9talonnage.<\/p>\n<p>4. Remplacer les pi\u00e8ces us\u00e9es ou endommag\u00e9es d\u00e8s que possible.<\/p>\n<p>5. S'assurer que le d\u00e9bitm\u00e8tre est correctement install\u00e9 et raccord\u00e9 au syst\u00e8me.<\/p>\n<p>6. V\u00e9rifier que le d\u00e9bitm\u00e8tre ne pr\u00e9sente pas de signes de corrosion ou d'obstruction.<\/p>\n<p>7. Veiller \u00e0 ce que le d\u00e9bitm\u00e8tre soit correctement scell\u00e9 pour \u00e9viter toute fuite.<\/p>\n<p>8. V\u00e9rifier r\u00e9guli\u00e8rement que le d\u00e9bitm\u00e8tre ne pr\u00e9sente aucun signe de vibration ou de bruit.<\/p>\n<p>9. S'assurer que le d\u00e9bitm\u00e8tre est correctement \u00e9talonn\u00e9 et r\u00e9gl\u00e9.<\/p>\n<p>10. V\u00e9rifier r\u00e9guli\u00e8rement que le d\u00e9bitm\u00e8tre ne pr\u00e9sente aucun signe de fuite ou de colmatage.<\/p>\n<\/div>\n<div id=\"12\">\n<p><strong>12. quelle est la plage de mesure du d\u00e9bitm\u00e8tre-r\u00e9gulateur d'oxyg\u00e8ne ?<\/strong><\/p>\n<p>Nous am\u00e9liorons en permanence nos comp\u00e9tences et nos connaissances pour nous adapter \u00e0 l'\u00e9volution des besoins du march\u00e9 des r\u00e9gulateurs de d\u00e9bit d'oxyg\u00e8ne.<br \/>\nLa plage de mesure d'un d\u00e9bitm\u00e8tre d\u00e9pend du type de d\u00e9bitm\u00e8tre utilis\u00e9. En g\u00e9n\u00e9ral, la plage de mesure d'un d\u00e9bitm\u00e8tre peut aller de 0,01 \u00e0 1000 litres par minute.<\/p>\n<p><img style=\"max-width: 100%;\" title=\"Quelle est la plage de mesure du d\u00e9bitm\u00e8tre-r\u00e9gulateur d&#039;oxyg\u00e8ne ?\" src=\"https:\/\/www.hginstrument.com\/wp-content\/uploads\/2021\/10\/w803e-f3.jpg\" alt=\"Quelle est la plage de mesure du d\u00e9bitm\u00e8tre-r\u00e9gulateur d&#039;oxyg\u00e8ne ?\" \/><\/p>\n<\/div>\n<div id=\"13\">\n<p><strong>13. Quelles sont les m\u00e9thodes d'installation du r\u00e9gulateur de d\u00e9bitm\u00e8tre d'oxyg\u00e8ne ?<\/strong><\/p>\n<p>Notre mission est de fournir aux clients les meilleures solutions en mati\u00e8re de r\u00e9gulateur de d\u00e9bitm\u00e8tre d'oxyg\u00e8ne.<br \/>\n1. Installation en ligne : Il s'agit du type d'installation le plus courant pour les d\u00e9bitm\u00e8tres. Il consiste \u00e0 placer le d\u00e9bitm\u00e8tre directement dans la conduite ou le conduit o\u00f9 le fluide s'\u00e9coule.<\/p>\n<p>2. Installation par insertion : Ce type d'installation consiste \u00e0 ins\u00e9rer le d\u00e9bitm\u00e8tre dans la conduite ou le conduit. Cette op\u00e9ration s'effectue g\u00e9n\u00e9ralement \u00e0 l'aide d'une bride ou d'un raccord.<\/p>\n<p>3. Installation en canal ouvert : Ce type d'installation est utilis\u00e9 lorsque l'\u00e9coulement se fait dans un canal ouvert, tel qu'une rivi\u00e8re ou un ruisseau. Le d\u00e9bitm\u00e8tre est plac\u00e9 dans le canal et mesure le d\u00e9bit.<\/p>\n<p>4. Installation submersible : Ce type d'installation est utilis\u00e9 lorsque le d\u00e9bit se trouve dans un environnement submerg\u00e9, tel qu'un puits ou un r\u00e9servoir. Le d\u00e9bitm\u00e8tre est plac\u00e9 dans l'eau et mesure le d\u00e9bit.<\/p>\n<\/div>\n<p>&nbsp;<\/p>\n<p>Tag\uff1a<a href=\"\/fr\/magnetic-flow-meter\/3\/4-inch-water-flow-meter\/\">D\u00e9bitm\u00e8tre d'eau de 3\/4 de pouce<\/a>,<a href=\"\/fr\/magnetic-flow-meter\/emerson-mass-flow-meter\/\">d\u00e9bitm\u00e8tre massique emerson<\/a>,<a href=\"\/fr\/magnetic-flow-meter\/portable-flow-meter-for-wastewater\/\">d\u00e9bitm\u00e8tre portable pour les eaux us\u00e9es<\/a>,<a href=\"\/fr\/magnetic-flow-meter\/mass-gas-flow-meter\/\">d\u00e9bitm\u00e8tre massique de gaz<\/a>,<a href=\"\/fr\/magnetic-flow-meter\/low-flow-meter\/\">compteur \u00e0 faible d\u00e9bit<\/a><\/p>\n<p>&nbsp;<\/p>","protected":false},"excerpt":{"rendered":"<p><strong>Donn\u00e9es techniques<\/strong><br \/>\nPeut \u00eatre utilis\u00e9 pour les fluides liquides ou gazeux, g\u00e9n\u00e9ralement pour mesurer le d\u00e9bit de la vapeur, de la vapeur, de l'air et du gaz naturel.<br \/>\nTaille du compteur : Type en ligne : DN25 - DN300<br \/>\nOption de mat\u00e9riau en contact avec le liquide : SS304, SS316<br \/>\nTemp\u00e9rature de fonctionnement : \u2264250\u2103<br \/>\nRaccordement au processus : Wafer \/ Bride \/ Tri-clamp pour le type en ligne<br \/>\nPr\u00e9cision de mesure : 1,0 % - 1,5% de la plage d'\u00e9talonnage<br \/>\nIndicateur num\u00e9rique : affichage du d\u00e9bit instantan\u00e9, du d\u00e9bit total<br \/>\nAlimentation : 24VDC, Sortie : 4-20mA<\/p>\n<p><strong>caract\u00e9ristiques<\/strong><br \/>\n1. points de consigne ON\/OFF r\u00e9glables<br \/>\n2. mode d'alarme de d\u00e9bit Hi ou Lo<br \/>\n3. d\u00e9lai r\u00e9glable<br \/>\n4. LED d'\u00e9tat du relais<\/p>","protected":false},"featured_media":3691,"comment_status":"closed","ping_status":"closed","template":"","meta":[],"product_cat":[2372],"product_tag":[],"acf":[],"_links":{"self":[{"href":"https:\/\/www.hginstrument.com\/fr\/wp-json\/wp\/v2\/product\/5741"}],"collection":[{"href":"https:\/\/www.hginstrument.com\/fr\/wp-json\/wp\/v2\/product"}],"about":[{"href":"https:\/\/www.hginstrument.com\/fr\/wp-json\/wp\/v2\/types\/product"}],"replies":[{"embeddable":true,"href":"https:\/\/www.hginstrument.com\/fr\/wp-json\/wp\/v2\/comments?post=5741"}],"wp:featuredmedia":[{"embeddable":true,"href":"https:\/\/www.hginstrument.com\/fr\/wp-json\/wp\/v2\/media\/3691"}],"wp:attachment":[{"href":"https:\/\/www.hginstrument.com\/fr\/wp-json\/wp\/v2\/media?parent=5741"}],"wp:term":[{"taxonomy":"product_cat","embeddable":true,"href":"https:\/\/www.hginstrument.com\/fr\/wp-json\/wp\/v2\/product_cat?post=5741"},{"taxonomy":"product_tag","embeddable":true,"href":"https:\/\/www.hginstrument.com\/fr\/wp-json\/wp\/v2\/product_tag?post=5741"}],"curies":[{"name":"wp","href":"https:\/\/api.w.org\/{rel}","templated":true}]}}