{"id":5933,"date":"2023-12-25T01:43:32","date_gmt":"2023-12-24T17:43:32","guid":{"rendered":"https:\/\/www.hginstrument.com\/?post_type=product&#038;p=5933"},"modified":"2023-12-27T14:18:55","modified_gmt":"2023-12-27T06:18:55","slug":"strap-on-flow-meter-rental","status":"publish","type":"product","link":"https:\/\/www.hginstrument.com\/fr\/magnetic-flow-meter\/strap-on-flow-meter-rental\/","title":{"rendered":"sangle sur la location de d\u00e9bitm\u00e8tre"},"content":{"rendered":"<p>Designed for ease of use, our strap on flow meter rental is simple to install and operate, suitable for both professional and non-professional users. It is also extremely durable and able to withstand harsh environments, ensuring long-lasting performance. strap on flow meter rental also provides a user-friendly interface that makes it easy to monitor and log traffic data. Additionally, strap on flow meter rental offers high accuracy, durability, and user-friendliness, making it the perfect choice for your flow measurement needs.<\/p>\n<p>One of the key features of strap on flow meter rental is its ability to accurately measure the flow rate of various fluids, including liquids, gases, and steam. This is made possible by its unique differential pressure flow measurement method, which ensures minimal pressure loss and high measurement accuracy. Moreover, the instrument is capable of measuring flow rates over a wide range, making it suitable for both low and high flow applications.<\/p>\n<p>Another advantage of using strap on flow meter rental is its low maintenance requirements. The instrument is designed to be resistant to harsh environments and can operate continuously without the need for frequent cleaning and calibration. This not only reduces downtime but also helps in cost-saving for industries that require constant flow monitoring.<\/p>\n<p>&nbsp;<\/p>\n<table class=\"table table-bordered\">\n<tbody>\n<tr>\n<td><span style=\"vertical-align: inherit;\"><span style=\"vertical-align: inherit;\">Type\uff1a<\/span><\/span><\/td>\n<td><span style=\"vertical-align: inherit;\">sangle sur la location de d\u00e9bitm\u00e8tre<\/span><\/td>\n<td><span style=\"vertical-align: inherit;\"><span style=\"vertical-align: inherit;\">Signal de sortie\uff1a<\/span><\/span><\/td>\n<td><span style=\"vertical-align: inherit;\"><span style=\"vertical-align: inherit;\">4-24mA, fr\u00e9quence d'impulsion 2kHz (par d\u00e9faut), 5KHz (max)<\/span><\/span><\/td>\n<\/tr>\n<tr>\n<td><span style=\"vertical-align: inherit;\"><span style=\"vertical-align: inherit;\">Lieu d'origine\uff1a<\/span><\/span><\/td>\n<td><span style=\"vertical-align: inherit;\"><span style=\"vertical-align: inherit;\">Jiangsu\uff0cChina<\/span><\/span><\/td>\n<td><span style=\"vertical-align: inherit;\"><span style=\"vertical-align: inherit;\">Incorporer le type\uff1a<\/span><\/span><\/td>\n<td><span style=\"vertical-align: inherit;\"><span style=\"vertical-align: inherit;\">-10\u2103- +52\u2103<\/span><\/span><\/td>\n<\/tr>\n<tr>\n<td><span style=\"vertical-align: inherit;\"><span style=\"vertical-align: inherit;\">Garantie\uff1a<\/span><\/span><\/td>\n<td><span style=\"vertical-align: inherit;\"><span style=\"vertical-align: inherit;\">26 mois<\/span><\/span><\/td>\n<td><span style=\"vertical-align: inherit;\"><span style=\"vertical-align: inherit;\">Tension d'alimentation\uff1a<\/span><\/span><\/td>\n<td><span style=\"vertical-align: inherit;\"><span style=\"vertical-align: inherit;\">110\/220VAC (100-240VAC), 50Hz\/60Hz ; 24VDC\u00b110%<\/span><\/span><\/td>\n<\/tr>\n<tr>\n<td><span style=\"vertical-align: inherit;\"><span style=\"vertical-align: inherit;\">Soutien personnalis\u00e9\uff1a<\/span><\/span><\/td>\n<td><span style=\"vertical-align: inherit;\"><span style=\"vertical-align: inherit;\">OEM, ODM, OBM<\/span><\/span><\/td>\n<td><span style=\"vertical-align: inherit;\"><span style=\"vertical-align: inherit;\">Communication num\u00e9rique\uff1a<\/span><\/span><\/td>\n<td><span style=\"vertical-align: inherit;\"><span style=\"vertical-align: inherit;\">RS-485, supportant le protocole standard Mudbugs-RTU ; GPRS<\/span><\/span><\/td>\n<\/tr>\n<tr>\n<td><span style=\"vertical-align: inherit;\"><span style=\"vertical-align: inherit;\">Nom de marque\uff1a<\/span><\/span><\/td>\n<td><span style=\"vertical-align: inherit;\"><span style=\"vertical-align: inherit;\">GROUPE SUYI<\/span><\/span><\/td>\n<td><span style=\"vertical-align: inherit;\"><span style=\"vertical-align: inherit;\">Pression nominale\uff1a<\/span><\/span><\/td>\n<td><span style=\"vertical-align: inherit;\"><span style=\"vertical-align: inherit;\">1MPa (DN15-DN800), 1,6MPa(DN15-DN800), 2,5MPa(DN15-DN600)<\/span><\/span><\/td>\n<\/tr>\n<tr>\n<td><span style=\"vertical-align: inherit;\"><span style=\"vertical-align: inherit;\">Num\u00e9ro de mod\u00e8le\uff1a<\/span><\/span><\/td>\n<td><span style=\"vertical-align: inherit;\"><span style=\"vertical-align: inherit;\">autres<\/span><\/span><\/td>\n<td><span style=\"vertical-align: inherit;\"><span style=\"vertical-align: inherit;\">Capteur\uff1a<\/span><\/span><\/td>\n<td><span style=\"vertical-align: inherit;\"><span style=\"vertical-align: inherit;\">0\u2103- +80\u2103 ou -25\u2103- +120\u2103 ou +70\u2103- +250\u2103<\/span><\/span><\/td>\n<\/tr>\n<tr>\n<td><span style=\"vertical-align: inherit;\"><span style=\"vertical-align: inherit;\">Nom du produit\uff1a<\/span><\/span><\/td>\n<td><span style=\"vertical-align: inherit;\"><span style=\"vertical-align: inherit;\">D\u00e9bitm\u00e8tre \u00e9lectromagn\u00e9tique intelligent pour produits chimiques<\/span><\/span><\/td>\n<td><span style=\"vertical-align: inherit;\"><span style=\"vertical-align: inherit;\">D\u00e9tails de l'emballage\uff1a<\/span><\/span><\/td>\n<td><span style=\"vertical-align: inherit;\"><span style=\"vertical-align: inherit;\">1 jeu par paquet ou selon la demande du client<\/span><\/span><\/td>\n<\/tr>\n<tr>\n<td><span style=\"vertical-align: inherit;\"><span style=\"vertical-align: inherit;\">Diam\u00e8tre nominal\uff1a<\/span><\/span><\/td>\n<td><span style=\"vertical-align: inherit;\"><span style=\"vertical-align: inherit;\">3-3395mm<\/span><\/span><\/td>\n<td><span style=\"vertical-align: inherit;\"><span style=\"vertical-align: inherit;\">Capacit\u00e9 d'approvisionnement\uff1a<\/span><\/span><\/td>\n<td><span style=\"vertical-align: inherit;\"><span style=\"vertical-align: inherit;\">1908 Set\/Sets per Month<\/span><\/span><\/td>\n<\/tr>\n<tr>\n<td><span style=\"vertical-align: inherit;\"><span style=\"vertical-align: inherit;\">gamme de vitesses\uff1a<\/span><\/span><\/td>\n<td><span style=\"vertical-align: inherit;\"><span style=\"vertical-align: inherit;\">0-6m\/s<\/span><\/span><\/td>\n<td><span style=\"vertical-align: inherit;\"><span style=\"vertical-align: inherit;\">Quantit\u00e9 (jeux)\uff1a<\/span><\/span><\/td>\n<td><span style=\"vertical-align: inherit;\"><span style=\"vertical-align: inherit;\">&gt; 30<\/span><\/span><\/td>\n<\/tr>\n<tr>\n<td><span style=\"vertical-align: inherit;\"><span style=\"vertical-align: inherit;\">Degr\u00e9 de pr\u00e9cision\uff1a<\/span><\/span><\/td>\n<td><span style=\"vertical-align: inherit;\"><span style=\"vertical-align: inherit;\">\u00b10,5%R, \u00b11%R ( &lt; DN20)<\/span><\/span><\/td>\n<td><span style=\"vertical-align: inherit;\"><span style=\"vertical-align: inherit;\">D\u00e9lai d'ex\u00e9cution (jours)\uff1a<\/span><\/span><\/td>\n<td><span style=\"vertical-align: inherit;\"><span style=\"vertical-align: inherit;\">A n\u00e9gocier<\/span><\/span><\/td>\n<\/tr>\n<\/tbody>\n<\/table>\n<p>&nbsp;<\/p>\n<p><strong><\/strong><\/p>\n<p style=\"text-align:center;\"><img src=\"https:\/\/www.hginstrument.com\/wp-content\/uploads\/2021\/07\/in-line-pipeline-type-hgd-electromagnetic-flow-meter.jpg\" atl=\"strap on flow meter rental\" title=\"sangle sur la location de d\u00e9bitm\u00e8tre\"><\/p>\n<p><strong><\/strong><\/p>\n<p style=\"text-align:center;\"><img src=\"https:\/\/www.hginstrument.com\/wp-content\/uploads\/2021\/07\/insertion-01.jpg\" atl=\"strap on flow meter rental\" title=\"sangle sur la location de d\u00e9bitm\u00e8tre\"><\/p>\n<p><strong><\/strong><\/p>\n<p style=\"text-align:center;\"><img src=\"https:\/\/www.hginstrument.com\/wp-content\/uploads\/2021\/07\/sanitary-mag-1.jpg\" atl=\"strap on flow meter rental\" title=\"sangle sur la location de d\u00e9bitm\u00e8tre\"><\/p>\n<p><strong>strap on flow meter rental FAQs Guide.<\/p>\n<p>At the heart of our strap on flow meter rental series lies a commitment to excellence, blending advanced sensor technology with user-friendly interfaces. From liquid to gas, our meters deliver unparalleled accuracy, empowering you to make informed decisions and streamline operations. As we usher in a new era of fluid measurement, we invite you to explore the limitless possibilities that our strap on flow meter rentals unlock \u2013 where precision meets performance, and innovation flows seamlessly.<\/strong><\/p>\n<div style=\"border:3px solid #f89900;margin:20px 0;padding:20px;\"><a href=\"\/fr\/strap-on-flow-meter-rental\/#01\">1.About strap on flow meter rental inventory<\/a><br \/><a href=\"\/fr\/strap-on-flow-meter-rental\/#02\">2.What is the difference between strap on flow meter rental SUYI group vs strap on flow meter rental Schneider Electric vs strap on flow meter rental Badger Meter<\/a><br \/><a href=\"\/fr\/strap-on-flow-meter-rental\/#03\">3.About strap on flow meter rental production equipment<\/a><br \/><a href=\"\/fr\/strap-on-flow-meter-rental\/#04\">4.How does a strap on flow meter rental measure flow?<\/a><br \/><a href=\"\/fr\/strap-on-flow-meter-rental\/#05\">5.Can the strap on flow meter rental be equipped with sensors of different accuracy?<\/a><br \/><a href=\"\/fr\/strap-on-flow-meter-rental\/#06\">6.What is the difference between strap on flow meter rental SUYI group vs strap on flow meter rental Emerson vs strap on flow meter rental Honeywell<\/a><br \/><a href=\"\/fr\/strap-on-flow-meter-rental\/#07\">7.What is the measuring range of strap on flow meter rental?<\/a><br \/><a href=\"\/fr\/strap-on-flow-meter-rental\/#08\">8.About strap on flow meter rental delivery date<\/a><br \/><a href=\"\/fr\/strap-on-flow-meter-rental\/#09\">9.About strap on flow meter rental payment method<\/a><br \/><a href=\"\/fr\/strap-on-flow-meter-rental\/#010\">10.About strap on flow meter rental warranty<\/a><br \/><a href=\"\/fr\/strap-on-flow-meter-rental\/#11\">11.How does the strap on flow meter rental detect the properties of the target fluid?<\/a><br \/><a href=\"\/fr\/strap-on-flow-meter-rental\/#12\">12.Is the strap on flow meter rental anti-corrosion?<\/a><br \/><a href=\"\/fr\/strap-on-flow-meter-rental\/#13\">13.About strap on flow meter rental production skills training<\/a><br \/><a href=\"\/fr\/strap-on-flow-meter-rental\/#14\">14.What are the characteristics of strap on flow meter rental?<\/a><br \/><a href=\"\/fr\/strap-on-flow-meter-rental\/#15\">15.How accurate is the strap on flow meter rental?<\/a><br \/><a href=\"\/fr\/strap-on-flow-meter-rental\/#16\">16.About strap on flow meter rental raw materials<\/a><\/div>\n<div name=\"01\" id=\"01\">\n<p><strong>1.About strap on flow meter rental inventory<\/strong><\/p>\n<p>L'inventaire des d\u00e9bitm\u00e8tres est un syst\u00e8me utilis\u00e9 pour suivre et g\u00e9rer les d\u00e9bitm\u00e8tres utilis\u00e9s dans les applications industrielles et commerciales. Il permet de contr\u00f4ler les performances des d\u00e9bitm\u00e8tres et de s'assurer qu'ils sont correctement entretenus et \u00e9talonn\u00e9s. Le syst\u00e8me d'inventaire peut \u00e9galement \u00eatre utilis\u00e9 pour suivre le co\u00fbt des d\u00e9bitm\u00e8tres, ainsi que pour identifier tout probl\u00e8me potentiel ou toute question concernant les d\u00e9bitm\u00e8tres.<\/p>\n<\/div>\n<div name=\"02\" id=\"02\">\n<p><strong>2.What is the difference between strap on flow meter rental SUYI group vs strap on flow meter rental Schneider Electric vs strap on flow meter rental Badger Meter<\/strong><\/p>\n<p>Les d\u00e9bitm\u00e8tres du groupe SUYI sont g\u00e9n\u00e9ralement utilis\u00e9s pour des applications industrielles, telles que la mesure du d\u00e9bit de liquides, de gaz et de vapeur. Ils sont con\u00e7us pour \u00eatre fiables et pr\u00e9cis, et sont disponibles dans une vari\u00e9t\u00e9 de tailles et de mat\u00e9riaux.<\/p>\n<p>Les d\u00e9bitm\u00e8tres de Schneider Electric sont con\u00e7us pour des applications industrielles et commerciales et sont disponibles dans une vari\u00e9t\u00e9 de tailles et de mat\u00e9riaux. Ils sont con\u00e7us pour \u00eatre fiables et pr\u00e9cis et conviennent \u00e0 une large gamme d'applications.<\/p>\n<p>Les d\u00e9bitm\u00e8tres de Badger Meter sont con\u00e7us pour des applications industrielles et commerciales et sont disponibles dans une vari\u00e9t\u00e9 de tailles et de mat\u00e9riaux. Ils sont con\u00e7us pour \u00eatre fiables et pr\u00e9cis, et conviennent \u00e0 une large gamme d'applications. Ils offrent \u00e9galement de nombreuses fonctionnalit\u00e9s, telles que la surveillance \u00e0 distance et l'enregistrement des donn\u00e9es.<\/p>\n<\/div>\n<div name=\"03\" id=\"03\">\n<p><strong>3.About strap on flow meter rental production equipment<\/strong><\/p>\n<p>L'\u00e9quipement de production de d\u00e9bitm\u00e8tres est utilis\u00e9 pour fabriquer des d\u00e9bitm\u00e8tres, qui sont des dispositifs utilis\u00e9s pour mesurer le d\u00e9bit d'un liquide ou d'un gaz. Cet \u00e9quipement comprend g\u00e9n\u00e9ralement une vari\u00e9t\u00e9 de machines et d'outils, tels que des tours, des fraiseuses, des perceuses \u00e0 colonne et des machines \u00e0 commande num\u00e9rique. Il comprend \u00e9galement des outils sp\u00e9cialis\u00e9s pour assembler et tester les d\u00e9bitm\u00e8tres. L'\u00e9quipement utilis\u00e9 pour produire des d\u00e9bitm\u00e8tres est hautement sp\u00e9cialis\u00e9 et doit \u00eatre en mesure de produire des r\u00e9sultats pr\u00e9cis et fiables.<\/p>\n<\/div>\n<div name=\"04\" id=\"04\">\n<p><strong>4.How does a strap on flow meter rental measure flow?<\/strong><\/p>\n<p>We operate our strap on flow meter rental business with integrity and honesty.<br \/>\nUn d\u00e9bitm\u00e8tre mesure le d\u00e9bit en mesurant la vitesse d'un fluide lorsqu'il passe dans un tuyau ou un autre conduit. Cela se fait g\u00e9n\u00e9ralement en mesurant la chute de pression dans une zone connue ou en mesurant le temps n\u00e9cessaire pour qu'un volume de fluide passe \u00e0 travers une zone connue. D'autres m\u00e9thodes consistent \u00e0 utiliser une turbine, une roue \u00e0 aubes ou un transducteur \u00e0 ultrasons pour mesurer la vitesse du fluide.<\/p>\n<p><img src=\"https:\/\/www.hginstrument.com\/wp-content\/uploads\/2021\/07\/verabar-1.jpg\" alt=\"How does a strap on flow meter rental measure flow?\" title=\"How does a strap on flow meter rental measure flow?\" style=\"max-width: 100%;\"><\/div>\n<div name=\"05\" id=\"05\">\n<p><strong>5.Can the strap on flow meter rental be equipped with sensors of different accuracy?<\/strong><\/p>\n<p>Oui, les d\u00e9bitm\u00e8tres peuvent \u00eatre \u00e9quip\u00e9s de capteurs de diff\u00e9rentes pr\u00e9cisions. Diff\u00e9rents types de d\u00e9bitm\u00e8tres sont disponibles avec diff\u00e9rents niveaux de pr\u00e9cision, en fonction de l'application. Par exemple, les d\u00e9bitm\u00e8tres \u00e0 turbine sont g\u00e9n\u00e9ralement plus pr\u00e9cis que les d\u00e9bitm\u00e8tres \u00e0 roue \u00e0 aubes.<\/p>\n<\/div>\n<div name=\"06\" id=\"06\">\n<p><strong>6.What is the difference between strap on flow meter rental SUYI group vs strap on flow meter rental Emerson vs strap on flow meter rental Honeywell<\/strong><\/p>\n<p>Les d\u00e9bitm\u00e8tres du groupe SUYI, d'Emerson et d'Honeywell mesurent tous le d\u00e9bit de liquides et de gaz, mais ils diff\u00e8rent en termes de pr\u00e9cision, de caract\u00e9ristiques et de co\u00fbt. Les d\u00e9bitm\u00e8tres du groupe SUYI sont g\u00e9n\u00e9ralement les plus abordables, mais ils peuvent ne pas avoir la m\u00eame pr\u00e9cision ou les m\u00eames caract\u00e9ristiques que les mod\u00e8les plus co\u00fbteux d'Emerson et d'Honeywell. Les d\u00e9bitm\u00e8tres Emerson sont r\u00e9put\u00e9s pour leur pr\u00e9cision et leur fiabilit\u00e9, mais ils peuvent \u00eatre plus chers que les autres marques. Les d\u00e9bitm\u00e8tres Honeywell sont r\u00e9put\u00e9s pour leurs fonctions avanc\u00e9es et leur pr\u00e9cision, mais ils peuvent \u00eatre les plus chers des trois.<\/p>\n<\/div>\n<div name=\"07\" id=\"07\">\n<p><strong>7.What is the measuring range of strap on flow meter rental?<\/strong><\/p>\n<p>We continuously upgrade our skills and knowledge to adapt to changing strap on flow meter rental market needs.<br \/>\nLa plage de mesure d'un d\u00e9bitm\u00e8tre d\u00e9pend du type de d\u00e9bitm\u00e8tre utilis\u00e9. En g\u00e9n\u00e9ral, la plage de mesure d'un d\u00e9bitm\u00e8tre peut aller de 0,01 \u00e0 1000 litres par minute.<\/p>\n<\/div>\n<div name=\"08\" id=\"08\">\n<p><strong>8.About strap on flow meter rental delivery date<\/strong><\/p>\n<p>La date de livraison d'un d\u00e9bitm\u00e8tre d\u00e9pend du type de d\u00e9bitm\u00e8tre, du fabricant et de la disponibilit\u00e9 du produit. En g\u00e9n\u00e9ral, la plupart des d\u00e9bitm\u00e8tres peuvent \u00eatre livr\u00e9s dans un d\u00e9lai de quelques jours \u00e0 quelques semaines. Toutefois, la livraison de certains d\u00e9bitm\u00e8tres sp\u00e9cialis\u00e9s peut prendre plus de temps. Il est pr\u00e9f\u00e9rable de contacter directement le fabricant pour obtenir une date de livraison pr\u00e9cise.<\/p>\n<p><img src=\"https:\/\/www.hginstrument.com\/wp-content\/uploads\/2021\/07\/hg-50-7.jpg\" alt=\"About strap on flow meter rental delivery date\" title=\"About strap on flow meter rental delivery date\" style=\"max-width: 100%;\"><\/div>\n<div name=\"09\" id=\"09\">\n<p><strong>9.About strap on flow meter rental payment method<\/strong><\/p>\n<p>Le paiement par d\u00e9bitm\u00e8tre est une m\u00e9thode de paiement qui utilise un d\u00e9bitm\u00e8tre pour mesurer la quantit\u00e9 d'\u00e9nergie utilis\u00e9e par un client. Le client paie l'\u00e9nergie utilis\u00e9e en fonction de la quantit\u00e9 d'\u00e9nergie mesur\u00e9e par le d\u00e9bitm\u00e8tre. Cette m\u00e9thode de paiement est souvent utilis\u00e9e dans les milieux commerciaux et industriels, o\u00f9 la consommation d'\u00e9nergie est \u00e9lev\u00e9e et doit \u00eatre suivie avec pr\u00e9cision. Le paiement par d\u00e9bitm\u00e8tre est \u00e9galement utilis\u00e9 dans certains contextes r\u00e9sidentiels, o\u00f9 les clients peuvent payer leur consommation d'\u00e9nergie en fonction de la quantit\u00e9 d'\u00e9nergie qu'ils utilisent.<\/p>\n<\/div>\n<div name=\"010\" id=\"010\">\n<p><strong>10.About strap on flow meter rental warranty<\/strong><\/p>\n<p>Les garanties des d\u00e9bitm\u00e8tres varient en fonction du fabricant et du type de d\u00e9bitm\u00e8tre. En g\u00e9n\u00e9ral, les garanties couvrent les d\u00e9fauts de mat\u00e9riaux et de fabrication, et peuvent \u00e9galement couvrir certains types de dommages caus\u00e9s par une utilisation normale. Certaines garanties peuvent \u00e9galement couvrir les dommages caus\u00e9s par une installation ou une utilisation incorrecte. Il est important de lire les informations relatives \u00e0 la garantie fournies par le fabricant pour comprendre la couverture sp\u00e9cifique et les limitations de la garantie.<\/p>\n<\/div>\n<div name=\"11\" id=\"11\">\n<p><strong>11.How does the strap on flow meter rental detect the properties of the target fluid?<\/strong><\/p>\n<p>As one of the strap on flow meter rental market leaders, we are known for innovation and reliability.<br \/>\nLes d\u00e9bitm\u00e8tres mesurent le d\u00e9bit d'un fluide en d\u00e9tectant sa vitesse. Pour ce faire, on mesure g\u00e9n\u00e9ralement la chute de pression \u00e0 travers une restriction connue dans la voie d'\u00e9coulement, ou on mesure la vitesse du fluide \u00e0 l'aide d'une vari\u00e9t\u00e9 de technologies telles que les ultrasons, la magn\u00e9toscopie ou la thermographie. Le d\u00e9bit peut ensuite \u00eatre utilis\u00e9 pour calculer les propri\u00e9t\u00e9s du fluide, telles que la densit\u00e9, la viscosit\u00e9 et le d\u00e9bit volum\u00e9trique.<\/p>\n<\/div>\n<div name=\"12\" id=\"12\">\n<p><strong>12.Is the strap on flow meter rental anti-corrosion?<\/strong><\/p>\n<p>We have established a good reputation and reliable partnerships within the strap on flow meter rental industry.<br \/>\nOui, la plupart des d\u00e9bitm\u00e8tres sont con\u00e7us pour r\u00e9sister \u00e0 la corrosion. Cependant, le type sp\u00e9cifique de d\u00e9bitm\u00e8tre et l'environnement dans lequel il est utilis\u00e9 d\u00e9terminent le degr\u00e9 de r\u00e9sistance \u00e0 la corrosion.<\/p>\n<p><img src=\"https:\/\/www.hginstrument.com\/wp-content\/uploads\/2021\/07\/hls-2000uf-1.jpg\" alt=\"Is the strap on flow meter rental anti-corrosion?\" title=\"Is the strap on flow meter rental anti-corrosion?\" style=\"max-width: 100%;\"><\/div>\n<div name=\"13\" id=\"13\">\n<p><strong>13.About strap on flow meter rental production skills training<\/strong><\/p>\n<p>La formation aux techniques de production des d\u00e9bitm\u00e8tres est con\u00e7ue pour enseigner aux techniciens et aux ing\u00e9nieurs les comp\u00e9tences n\u00e9cessaires \u00e0 la production et \u00e0 l'entretien des d\u00e9bitm\u00e8tres. La formation couvre des sujets tels que les principes de la mesure du d\u00e9bit, les types de d\u00e9bitm\u00e8tres disponibles, l'installation et l'entretien des d\u00e9bitm\u00e8tres, et les techniques de d\u00e9pannage. La formation couvre \u00e9galement l'utilisation de logiciels informatiques pour analyser et interpr\u00e9ter les donn\u00e9es de d\u00e9bit. La formation se d\u00e9roule g\u00e9n\u00e9ralement dans une salle de classe et peut inclure des activit\u00e9s pratiques.<\/p>\n<\/div>\n<div name=\"14\" id=\"14\">\n<p><strong>14.What are the characteristics of strap on flow meter rental?<\/strong><\/p>\n<p>Nous avons \u00e9tabli des partenariats stables et \u00e0 long terme avec nos fournisseurs, ce qui nous conf\u00e8re de grands avantages en termes de prix, de co\u00fbts et d'assurance qualit\u00e9.<br \/>\n1. Pr\u00e9cision : Les d\u00e9bitm\u00e8tres doivent pouvoir mesurer avec pr\u00e9cision le d\u00e9bit d'un fluide.<\/p>\n<p>2. Plage de mesure : Les d\u00e9bitm\u00e8tres doivent pouvoir mesurer une large gamme de d\u00e9bits.<\/p>\n<p>3. R\u00e9p\u00e9tabilit\u00e9 : Les d\u00e9bitm\u00e8tres doivent \u00eatre capables de mesurer de mani\u00e8re constante le m\u00eame d\u00e9bit dans le temps.<\/p>\n<p>4. Temps de r\u00e9ponse : Les d\u00e9bitm\u00e8tres doivent pouvoir r\u00e9agir rapidement aux variations de d\u00e9bit.<\/p>\n<p>5. Durabilit\u00e9 : Les d\u00e9bitm\u00e8tres doivent pouvoir r\u00e9sister aux conditions difficiles de l'environnement dans lequel ils sont utilis\u00e9s.<\/p>\n<p>6. Le co\u00fbt : Les d\u00e9bitm\u00e8tres doivent \u00eatre rentables pour l'application.<\/p>\n<\/div>\n<div name=\"15\" id=\"15\">\n<p><strong>15.How accurate is the strap on flow meter rental?<\/strong><\/p>\n<p>We are a professional strap on flow meter rental company dedicated to providing high quality products and services.<br \/>\nLa pr\u00e9cision d'un d\u00e9bitm\u00e8tre d\u00e9pend du type de d\u00e9bitm\u00e8tre utilis\u00e9. En g\u00e9n\u00e9ral, la plupart des d\u00e9bitm\u00e8tres ont une pr\u00e9cision de 1-2% par rapport au d\u00e9bit r\u00e9el. Toutefois, certains d\u00e9bitm\u00e8tres peuvent \u00eatre plus pr\u00e9cis que cela, en fonction du type et de la qualit\u00e9 du d\u00e9bitm\u00e8tre.<\/p>\n<\/div>\n<div name=\"16\" id=\"16\">\n<p><strong>16.About strap on flow meter rental raw materials<\/strong><\/p>\n<p>Les mati\u00e8res premi\u00e8res des d\u00e9bitm\u00e8tres sont g\u00e9n\u00e9ralement constitu\u00e9es d'une vari\u00e9t\u00e9 de m\u00e9taux, de plastiques et de composites. Les mat\u00e9riaux couramment utilis\u00e9s dans les d\u00e9bitm\u00e8tres sont l'acier inoxydable, le laiton, l'aluminium, le chlorure de polyvinyle (PVC), le polypropyl\u00e8ne (PP) et le polyt\u00e9trafluoro\u00e9thyl\u00e8ne (PTFE). Le mat\u00e9riau utilis\u00e9 dans un d\u00e9bitm\u00e8tre d\u00e9pend de l'application et du type de fluide mesur\u00e9. Par exemple, l'acier inoxydable est souvent utilis\u00e9 pour mesurer les fluides corrosifs, tandis que le PVC est souvent utilis\u00e9 pour mesurer l'eau.<\/p>\n<p><img src=\"https:\/\/www.hginstrument.com\/wp-content\/uploads\/2021\/07\/hguoc-1.jpg\" alt=\"About strap on flow meter rental raw materials\" title=\"About strap on flow meter rental raw materials\" style=\"max-width: 100%;\"><\/div>\n<p>Tag\uff1a<a href=\"\/fr\/magnetic-flow-meter\/flow-meter-transducer\/\">d\u00e9bitm\u00e8tre transducteur<\/a>,<a href=\"\/fr\/magnetic-flow-meter\/smart-water-flow-meter\/\">compteur d'eau intelligent<\/a>,<a href=\"\/fr\/magnetic-flow-meter\/1-2-flow-meter\/\">1 2 flow meter<\/a><\/p>\n<p><\/p>","protected":false},"excerpt":{"rendered":"<p><strong>Donn\u00e9es techniques<\/strong><br \/>\nPeut \u00eatre utilis\u00e9 pour les fluides liquides ou gazeux, g\u00e9n\u00e9ralement pour mesurer le d\u00e9bit de la vapeur, de la vapeur, de l'air et du gaz naturel.<br \/>\nTaille du compteur : Type en ligne : DN25 - DN300<br \/>\nOption de mat\u00e9riau en contact avec le liquide : SS304, SS316<br \/>\nTemp\u00e9rature de fonctionnement : \u2264250\u2103<br \/>\nRaccordement au processus : Wafer \/ Bride \/ Tri-clamp pour le type en ligne<br \/>\nPr\u00e9cision de mesure : 1,0 % - 1,5% de la plage d'\u00e9talonnage<br \/>\nIndicateur num\u00e9rique : affichage du d\u00e9bit instantan\u00e9, du d\u00e9bit total<br \/>\nAlimentation : 24VDC, Sortie : 4-20mA<\/p>\n<p><strong>caract\u00e9ristiques<\/strong><br \/>\n1. points de consigne ON\/OFF r\u00e9glables<br \/>\n2. mode d'alarme de d\u00e9bit Hi ou Lo<br \/>\n3. d\u00e9lai r\u00e9glable<br \/>\n4. LED d'\u00e9tat du relais<\/p>","protected":false},"featured_media":3691,"comment_status":"closed","ping_status":"closed","template":"","meta":[],"product_cat":[2372],"product_tag":[],"acf":[],"_links":{"self":[{"href":"https:\/\/www.hginstrument.com\/fr\/wp-json\/wp\/v2\/product\/5933"}],"collection":[{"href":"https:\/\/www.hginstrument.com\/fr\/wp-json\/wp\/v2\/product"}],"about":[{"href":"https:\/\/www.hginstrument.com\/fr\/wp-json\/wp\/v2\/types\/product"}],"replies":[{"embeddable":true,"href":"https:\/\/www.hginstrument.com\/fr\/wp-json\/wp\/v2\/comments?post=5933"}],"wp:featuredmedia":[{"embeddable":true,"href":"https:\/\/www.hginstrument.com\/fr\/wp-json\/wp\/v2\/media\/3691"}],"wp:attachment":[{"href":"https:\/\/www.hginstrument.com\/fr\/wp-json\/wp\/v2\/media?parent=5933"}],"wp:term":[{"taxonomy":"product_cat","embeddable":true,"href":"https:\/\/www.hginstrument.com\/fr\/wp-json\/wp\/v2\/product_cat?post=5933"},{"taxonomy":"product_tag","embeddable":true,"href":"https:\/\/www.hginstrument.com\/fr\/wp-json\/wp\/v2\/product_tag?post=5933"}],"curies":[{"name":"wp","href":"https:\/\/api.w.org\/{rel}","templated":true}]}}