{"id":5943,"date":"2023-12-25T02:06:36","date_gmt":"2023-12-24T18:06:36","guid":{"rendered":"https:\/\/www.hginstrument.com\/?post_type=product&#038;p=5943"},"modified":"2023-12-27T13:45:31","modified_gmt":"2023-12-27T05:45:31","slug":"subsea-flow-meter","status":"publish","type":"product","link":"https:\/\/www.hginstrument.com\/fr\/magnetic-flow-meter\/subsea-flow-meter\/","title":{"rendered":"d\u00e9bitm\u00e8tre sous-marin"},"content":{"rendered":"<p>Notre d\u00e9bitm\u00e8tre sous-marin est un produit de pointe qui garantit une mesure pr\u00e9cise et fiable du d\u00e9bit pour une large gamme d'applications industrielles. Dot\u00e9 d'une technologie avanc\u00e9e et de capteurs pr\u00e9cis, il assure une mesure pr\u00e9cise et coh\u00e9rente des d\u00e9bits de liquides et de gaz. <\/p>\n<p>est \u00e9quip\u00e9 d'une interface conviviale qui facilite son utilisation et sa surveillance. Il offre \u00e9galement diverses options d'installation, notamment en ligne, par insertion et par serrage, ce qui le rend adapt\u00e9 \u00e0 un large \u00e9ventail de pipelines et de syst\u00e8mes. En outre, il est compatible avec divers protocoles de communication et peut \u00eatre int\u00e9gr\u00e9 dans des syst\u00e8mes existants de mani\u00e8re transparente.<\/p>\n<p>Notre d\u00e9bitm\u00e8tre sous-marin est dot\u00e9 de fonctions avanc\u00e9es d'enregistrement des donn\u00e9es, ce qui vous permet de stocker et d'analyser les donn\u00e9es de d\u00e9bit en temps r\u00e9el. Il permet \u00e9galement de g\u00e9n\u00e9rer des rapports et des graphiques d\u00e9taill\u00e9s pour une meilleure visualisation et analyse des donn\u00e9es. Gr\u00e2ce \u00e0 ces fonctionnalit\u00e9s, vous pouvez suivre et optimiser vos processus d'\u00e9coulement pour une efficacit\u00e9 et une rentabilit\u00e9 accrues.<\/p>\n<p>&nbsp;<\/p>\n<table class=\"table table-bordered\">\n<tbody>\n<tr>\n<td><span style=\"vertical-align: inherit;\"><span style=\"vertical-align: inherit;\">Type\uff1a<\/span><\/span><\/td>\n<td><span style=\"vertical-align: inherit;\">d\u00e9bitm\u00e8tre sous-marin<\/span><\/td>\n<td><span style=\"vertical-align: inherit;\"><span style=\"vertical-align: inherit;\">Signal de sortie\uff1a<\/span><\/span><\/td>\n<td><span style=\"vertical-align: inherit;\"><span style=\"vertical-align: inherit;\">4-28mA, fr\u00e9quence d'impulsion 2kHz (par d\u00e9faut), 5KHz (max)<\/span><\/span><\/td>\n<\/tr>\n<tr>\n<td><span style=\"vertical-align: inherit;\"><span style=\"vertical-align: inherit;\">Lieu d'origine\uff1a<\/span><\/span><\/td>\n<td><span style=\"vertical-align: inherit;\"><span style=\"vertical-align: inherit;\">Jiangsu\uff0cChina<\/span><\/span><\/td>\n<td><span style=\"vertical-align: inherit;\"><span style=\"vertical-align: inherit;\">Incorporer le type\uff1a<\/span><\/span><\/td>\n<td><span style=\"vertical-align: inherit;\"><span style=\"vertical-align: inherit;\">-10\u2103- +51\u2103<\/span><\/span><\/td>\n<\/tr>\n<tr>\n<td><span style=\"vertical-align: inherit;\"><span style=\"vertical-align: inherit;\">Garantie\uff1a<\/span><\/span><\/td>\n<td><span style=\"vertical-align: inherit;\"><span style=\"vertical-align: inherit;\">11 mois<\/span><\/span><\/td>\n<td><span style=\"vertical-align: inherit;\"><span style=\"vertical-align: inherit;\">Tension d'alimentation\uff1a<\/span><\/span><\/td>\n<td><span style=\"vertical-align: inherit;\"><span style=\"vertical-align: inherit;\">110\/220VAC (100-240VAC), 50Hz\/60Hz ; 24VDC\u00b110%<\/span><\/span><\/td>\n<\/tr>\n<tr>\n<td><span style=\"vertical-align: inherit;\"><span style=\"vertical-align: inherit;\">Soutien personnalis\u00e9\uff1a<\/span><\/span><\/td>\n<td><span style=\"vertical-align: inherit;\"><span style=\"vertical-align: inherit;\">OEM, ODM, OBM<\/span><\/span><\/td>\n<td><span style=\"vertical-align: inherit;\"><span style=\"vertical-align: inherit;\">Communication num\u00e9rique\uff1a<\/span><\/span><\/td>\n<td><span style=\"vertical-align: inherit;\"><span style=\"vertical-align: inherit;\">RS-485, supportant le protocole standard Mudbugs-RTU ; GPRS<\/span><\/span><\/td>\n<\/tr>\n<tr>\n<td><span style=\"vertical-align: inherit;\"><span style=\"vertical-align: inherit;\">Nom de marque\uff1a<\/span><\/span><\/td>\n<td><span style=\"vertical-align: inherit;\"><span style=\"vertical-align: inherit;\">GROUPE SUYI<\/span><\/span><\/td>\n<td><span style=\"vertical-align: inherit;\"><span style=\"vertical-align: inherit;\">Pression nominale\uff1a<\/span><\/span><\/td>\n<td><span style=\"vertical-align: inherit;\"><span style=\"vertical-align: inherit;\">1MPa (DN15-DN800), 1,6MPa(DN15-DN800), 2,5MPa(DN15-DN600)<\/span><\/span><\/td>\n<\/tr>\n<tr>\n<td><span style=\"vertical-align: inherit;\"><span style=\"vertical-align: inherit;\">Num\u00e9ro de mod\u00e8le\uff1a<\/span><\/span><\/td>\n<td><span style=\"vertical-align: inherit;\"><span style=\"vertical-align: inherit;\">autres<\/span><\/span><\/td>\n<td><span style=\"vertical-align: inherit;\"><span style=\"vertical-align: inherit;\">Capteur\uff1a<\/span><\/span><\/td>\n<td><span style=\"vertical-align: inherit;\"><span style=\"vertical-align: inherit;\">0\u2103- +80\u2103 ou -25\u2103- +120\u2103 ou +70\u2103- +250\u2103<\/span><\/span><\/td>\n<\/tr>\n<tr>\n<td><span style=\"vertical-align: inherit;\"><span style=\"vertical-align: inherit;\">Nom du produit\uff1a<\/span><\/span><\/td>\n<td><span style=\"vertical-align: inherit;\"><span style=\"vertical-align: inherit;\">D\u00e9bitm\u00e8tre \u00e9lectromagn\u00e9tique intelligent pour produits chimiques<\/span><\/span><\/td>\n<td><span style=\"vertical-align: inherit;\"><span style=\"vertical-align: inherit;\">D\u00e9tails de l'emballage\uff1a<\/span><\/span><\/td>\n<td><span style=\"vertical-align: inherit;\"><span style=\"vertical-align: inherit;\">1 jeu par paquet ou selon la demande du client<\/span><\/span><\/td>\n<\/tr>\n<tr>\n<td><span style=\"vertical-align: inherit;\"><span style=\"vertical-align: inherit;\">Diam\u00e8tre nominal\uff1a<\/span><\/span><\/td>\n<td><span style=\"vertical-align: inherit;\"><span style=\"vertical-align: inherit;\">3-3106mm<\/span><\/span><\/td>\n<td><span style=\"vertical-align: inherit;\"><span style=\"vertical-align: inherit;\">Capacit\u00e9 d'approvisionnement\uff1a<\/span><\/span><\/td>\n<td><span style=\"vertical-align: inherit;\"><span style=\"vertical-align: inherit;\">2378 Set\/Sets per Month<\/span><\/span><\/td>\n<\/tr>\n<tr>\n<td><span style=\"vertical-align: inherit;\"><span style=\"vertical-align: inherit;\">gamme de vitesses\uff1a<\/span><\/span><\/td>\n<td><span style=\"vertical-align: inherit;\"><span style=\"vertical-align: inherit;\">0-14m\/s<\/span><\/span><\/td>\n<td><span style=\"vertical-align: inherit;\"><span style=\"vertical-align: inherit;\">Quantit\u00e9 (jeux)\uff1a<\/span><\/span><\/td>\n<td><span style=\"vertical-align: inherit;\"><span style=\"vertical-align: inherit;\">&gt; 30<\/span><\/span><\/td>\n<\/tr>\n<tr>\n<td><span style=\"vertical-align: inherit;\"><span style=\"vertical-align: inherit;\">Degr\u00e9 de pr\u00e9cision\uff1a<\/span><\/span><\/td>\n<td><span style=\"vertical-align: inherit;\"><span style=\"vertical-align: inherit;\">\u00b10,5%R, \u00b11%R ( &lt; DN20)<\/span><\/span><\/td>\n<td><span style=\"vertical-align: inherit;\"><span style=\"vertical-align: inherit;\">D\u00e9lai d'ex\u00e9cution (jours)\uff1a<\/span><\/span><\/td>\n<td><span style=\"vertical-align: inherit;\"><span style=\"vertical-align: inherit;\">A n\u00e9gocier<\/span><\/span><\/td>\n<\/tr>\n<\/tbody>\n<\/table>\n<p>&nbsp;<\/p>\n<p><strong><\/strong><\/p>\n<p style=\"text-align:center;\"><img src=\"https:\/\/www.hginstrument.com\/wp-content\/uploads\/2021\/07\/in-line-pipeline-type-hgd-electromagnetic-flow-meter.jpg\" atl=\"subsea flow meter\" title=\"d\u00e9bitm\u00e8tre sous-marin\"><\/p>\n<p><strong><\/strong><\/p>\n<p style=\"text-align:center;\"><img src=\"https:\/\/www.hginstrument.com\/wp-content\/uploads\/2021\/07\/insertion-01.jpg\" atl=\"subsea flow meter\" title=\"d\u00e9bitm\u00e8tre sous-marin\"><\/p>\n<p><strong><\/strong><\/p>\n<p style=\"text-align:center;\"><img src=\"https:\/\/www.hginstrument.com\/wp-content\/uploads\/2021\/07\/sanitary-mag-1.jpg\" atl=\"subsea flow meter\" title=\"d\u00e9bitm\u00e8tre sous-marin\"><\/p>\n<p><strong>Guide des FAQ sur les d\u00e9bitm\u00e8tres sous-marins.<\/p>\n<p>Au c\u0153ur de notre s\u00e9rie de d\u00e9bitm\u00e8tres sous-marins se trouve un engagement d'excellence, associant une technologie de capteur avanc\u00e9e \u00e0 des interfaces conviviales. Du liquide au gaz, nos d\u00e9bitm\u00e8tres offrent une pr\u00e9cision in\u00e9gal\u00e9e, vous permettant de prendre des d\u00e9cisions \u00e9clair\u00e9es et de rationaliser vos op\u00e9rations. Alors que nous entrons dans une nouvelle \u00e8re de la mesure des fluides, nous vous invitons \u00e0 explorer les possibilit\u00e9s illimit\u00e9es offertes par nos d\u00e9bitm\u00e8tres sous-marins, o\u00f9 la pr\u00e9cision rencontre la performance et o\u00f9 l'innovation circule de mani\u00e8re fluide.<\/strong><\/p>\n<div style=\"border:3px solid #f89900;margin:20px 0;padding:20px;\"><a href=\"\/fr\/subsea-flow-meter\/#01\">1.A propos du syst\u00e8me de qualit\u00e9 des d\u00e9bitm\u00e8tres sous-marins<\/a><br \/><a href=\"\/fr\/subsea-flow-meter\/#02\">2.A propos du brevet sur les d\u00e9bitm\u00e8tres sous-marins<\/a><br \/><a href=\"\/fr\/subsea-flow-meter\/#03\">3. Quelle est la pr\u00e9cision du d\u00e9bitm\u00e8tre sous-marin ?<\/a><br \/><a href=\"\/fr\/subsea-flow-meter\/#04\">4.A propos de la formation \u00e0 la production de d\u00e9bitm\u00e8tres sous-marins<\/a><br \/><a href=\"\/fr\/subsea-flow-meter\/#05\">5. le d\u00e9bitm\u00e8tre sous-marin est-il dot\u00e9 d'une fonction permettant d'\u00e9viter toute utilisation abusive ?<\/a><br \/><a href=\"\/fr\/subsea-flow-meter\/#06\">6.A propos des mati\u00e8res premi\u00e8res des d\u00e9bitm\u00e8tres sous-marins<\/a><br \/><a href=\"\/fr\/subsea-flow-meter\/#07\">7.Comment le d\u00e9bitm\u00e8tre sous-marin d\u00e9tecte-t-il les propri\u00e9t\u00e9s du fluide cible ?<\/a><br \/><a href=\"\/fr\/subsea-flow-meter\/#08\">8.A propos de la technologie des d\u00e9bitm\u00e8tres sous-marins<\/a><br \/><a href=\"\/fr\/subsea-flow-meter\/#09\">9.A propos de l'origine des d\u00e9bitm\u00e8tres sous-marins<\/a><br \/><a href=\"\/fr\/subsea-flow-meter\/#010\">10.A propos de l'\u00e9quipement de production de d\u00e9bitm\u00e8tres sous-marins<\/a><br \/><a href=\"\/fr\/subsea-flow-meter\/#11\">11. quelle est la plage de temp\u00e9rature de fonctionnement du d\u00e9bitm\u00e8tre sous-marin ?<\/a><br \/><a href=\"\/fr\/subsea-flow-meter\/#12\">12. les r\u00e9sultats de mesure du d\u00e9bitm\u00e8tre sous-marin peuvent-ils \u00eatre \u00e9mis et enregistr\u00e9s \u00e0 distance ?<\/a><br \/><a href=\"\/fr\/subsea-flow-meter\/#13\">13.A propos de l'\u00e9quipement de production de d\u00e9bitm\u00e8tres sous-marins<\/a><\/div>\n<div name=\"01\" id=\"01\">\n<p><strong>1.A propos du syst\u00e8me de qualit\u00e9 des d\u00e9bitm\u00e8tres sous-marins<\/strong><\/p>\n<p>Un syst\u00e8me de qualit\u00e9 pour les d\u00e9bitm\u00e8tres est un ensemble de processus et de proc\u00e9dures utilis\u00e9s pour garantir que les d\u00e9bitm\u00e8tres sont fabriqu\u00e9s et test\u00e9s de mani\u00e8re \u00e0 r\u00e9pondre aux normes les plus strictes en mati\u00e8re de pr\u00e9cision et de fiabilit\u00e9. Le syst\u00e8me comprend des mesures de contr\u00f4le de la qualit\u00e9 telles que l'inspection des mat\u00e9riaux entrants, l'inspection en cours de fabrication et l'essai du produit final. Il comprend \u00e9galement la documentation et la tenue de registres afin de garantir que tous les processus sont respect\u00e9s et que tout probl\u00e8me est trait\u00e9 rapidement et efficacement. Le syst\u00e8me est con\u00e7u pour garantir que les d\u00e9bitm\u00e8tres produits sont de la plus haute qualit\u00e9 et r\u00e9pondent aux exigences du client.<\/p>\n<\/div>\n<div name=\"02\" id=\"02\">\n<p><strong>2.A propos du brevet sur les d\u00e9bitm\u00e8tres sous-marins<\/strong><\/p>\n<p>Les brevets sur les d\u00e9bitm\u00e8tres sont des brevets qui couvrent la conception et le fonctionnement des d\u00e9bitm\u00e8tres. Les d\u00e9bitm\u00e8tres sont des dispositifs utilis\u00e9s pour mesurer le d\u00e9bit d'un liquide ou d'un gaz. Les d\u00e9bitm\u00e8tres sont utilis\u00e9s dans diverses industries, notamment le traitement de l'eau et des eaux us\u00e9es, le p\u00e9trole et le gaz, et le traitement chimique. Les d\u00e9bitm\u00e8tres sont utilis\u00e9s pour mesurer le d\u00e9bit d'un fluide, le volume total d'un fluide et la pression d'un fluide. Les d\u00e9bitm\u00e8tres peuvent \u00eatre m\u00e9caniques, \u00e9lectriques ou optiques. Les d\u00e9bitm\u00e8tres peuvent \u00eatre utilis\u00e9s pour mesurer le d\u00e9bit de liquides, de gaz et de vapeur.<\/p>\n<\/div>\n<div name=\"03\" id=\"03\">\n<p><strong>3. Quelle est la pr\u00e9cision du d\u00e9bitm\u00e8tre sous-marin ?<\/strong><\/p>\n<p>Nous sommes une entreprise professionnelle de d\u00e9bitm\u00e8tres sous-marins qui se consacre \u00e0 la fourniture de produits et de services de haute qualit\u00e9.<br \/>\nLa pr\u00e9cision d'un d\u00e9bitm\u00e8tre d\u00e9pend du type de d\u00e9bitm\u00e8tre utilis\u00e9. En g\u00e9n\u00e9ral, la plupart des d\u00e9bitm\u00e8tres ont une pr\u00e9cision de 1-2% par rapport au d\u00e9bit r\u00e9el. Toutefois, certains d\u00e9bitm\u00e8tres peuvent \u00eatre plus pr\u00e9cis que cela, en fonction du type et de la qualit\u00e9 du d\u00e9bitm\u00e8tre.<\/p>\n<p><img src=\"https:\/\/www.hginstrument.com\/wp-content\/uploads\/2021\/07\/wedge-1.jpg\" alt=\"Quelle est la pr\u00e9cision du d\u00e9bitm\u00e8tre sous-marin ?\" title=\"Quelle est la pr\u00e9cision du d\u00e9bitm\u00e8tre sous-marin ?\" style=\"max-width: 100%;\"><\/div>\n<div name=\"04\" id=\"04\">\n<p><strong>4.A propos de la formation \u00e0 la production de d\u00e9bitm\u00e8tres sous-marins<\/strong><\/p>\n<p>La formation aux techniques de production des d\u00e9bitm\u00e8tres est con\u00e7ue pour enseigner aux techniciens et aux ing\u00e9nieurs les comp\u00e9tences n\u00e9cessaires \u00e0 la production et \u00e0 l'entretien des d\u00e9bitm\u00e8tres. La formation couvre des sujets tels que les principes de la mesure du d\u00e9bit, les types de d\u00e9bitm\u00e8tres disponibles, l'installation et l'entretien des d\u00e9bitm\u00e8tres, et les techniques de d\u00e9pannage. La formation couvre \u00e9galement l'utilisation de logiciels informatiques pour analyser et interpr\u00e9ter les donn\u00e9es de d\u00e9bit. La formation se d\u00e9roule g\u00e9n\u00e9ralement dans une salle de classe et peut inclure des activit\u00e9s pratiques.<\/p>\n<\/div>\n<div name=\"05\" id=\"05\">\n<p><strong>5. le d\u00e9bitm\u00e8tre sous-marin est-il dot\u00e9 d'une fonction permettant d'\u00e9viter toute utilisation abusive ?<\/strong><\/p>\n<p>En tant que leader du march\u00e9 des d\u00e9bitm\u00e8tres sous-marins, nous sommes connus pour notre innovation et notre fiabilit\u00e9.<br \/>\nLa plupart des d\u00e9bitm\u00e8tres ne sont pas dot\u00e9s d'une fonction de pr\u00e9vention des abus, mais certains mod\u00e8les peuvent pr\u00e9senter des caract\u00e9ristiques qui peuvent contribuer \u00e0 r\u00e9duire le risque d'abus. Par exemple, certains d\u00e9bitm\u00e8tres peuvent \u00eatre dot\u00e9s d'une fonction de verrouillage qui emp\u00eache les utilisateurs non autoris\u00e9s de modifier les r\u00e9glages ou d'acc\u00e9der aux donn\u00e9es. En outre, certains d\u00e9bitm\u00e8tres peuvent \u00eatre dot\u00e9s d'une fonction de protection par mot de passe qui oblige l'utilisateur \u00e0 saisir un mot de passe avant de pouvoir acc\u00e9der aux donn\u00e9es ou aux param\u00e8tres.<\/p>\n<\/div>\n<div name=\"06\" id=\"06\">\n<p><strong>6.A propos des mati\u00e8res premi\u00e8res des d\u00e9bitm\u00e8tres sous-marins<\/strong><\/p>\n<p>Les mati\u00e8res premi\u00e8res des d\u00e9bitm\u00e8tres sont g\u00e9n\u00e9ralement constitu\u00e9es d'une vari\u00e9t\u00e9 de m\u00e9taux, de plastiques et de composites. Les mat\u00e9riaux couramment utilis\u00e9s dans les d\u00e9bitm\u00e8tres sont l'acier inoxydable, le laiton, l'aluminium, le chlorure de polyvinyle (PVC), le polypropyl\u00e8ne (PP) et le polyt\u00e9trafluoro\u00e9thyl\u00e8ne (PTFE). Le mat\u00e9riau utilis\u00e9 dans un d\u00e9bitm\u00e8tre d\u00e9pend de l'application et du type de fluide mesur\u00e9. Par exemple, l'acier inoxydable est souvent utilis\u00e9 pour mesurer les fluides corrosifs, tandis que le PVC est souvent utilis\u00e9 pour mesurer l'eau.<\/p>\n<p><img src=\"https:\/\/www.hginstrument.com\/wp-content\/uploads\/2021\/07\/hg-50-7.jpg\" alt=\"\u00c0 propos des mati\u00e8res premi\u00e8res des d\u00e9bitm\u00e8tres sous-marins\" title=\"\u00c0 propos des mati\u00e8res premi\u00e8res des d\u00e9bitm\u00e8tres sous-marins\" style=\"max-width: 100%;\"><\/div>\n<div name=\"07\" id=\"07\">\n<p><strong>7.Comment le d\u00e9bitm\u00e8tre sous-marin d\u00e9tecte-t-il les propri\u00e9t\u00e9s du fluide cible ?<\/strong><\/p>\n<p>En tant que leader du march\u00e9 des d\u00e9bitm\u00e8tres sous-marins, nous sommes connus pour notre innovation et notre fiabilit\u00e9.<br \/>\nLes d\u00e9bitm\u00e8tres mesurent le d\u00e9bit d'un fluide en d\u00e9tectant sa vitesse. Pour ce faire, on mesure g\u00e9n\u00e9ralement la chute de pression \u00e0 travers une restriction connue dans la voie d'\u00e9coulement, ou on mesure la vitesse du fluide \u00e0 l'aide d'une vari\u00e9t\u00e9 de technologies telles que les ultrasons, la magn\u00e9toscopie ou la thermographie. Le d\u00e9bit peut ensuite \u00eatre utilis\u00e9 pour calculer les propri\u00e9t\u00e9s du fluide, telles que la densit\u00e9, la viscosit\u00e9 et le d\u00e9bit volum\u00e9trique.<\/p>\n<\/div>\n<div name=\"08\" id=\"08\">\n<p><strong>8.A propos de la technologie des d\u00e9bitm\u00e8tres sous-marins<\/strong><\/p>\n<p>La technologie des d\u00e9bitm\u00e8tres est un type de technologie de mesure utilis\u00e9 pour mesurer le d\u00e9bit d'un fluide ou d'un gaz. Elle est utilis\u00e9e dans une vari\u00e9t\u00e9 d'industries, y compris le p\u00e9trole et le gaz, l'eau et les eaux us\u00e9es, et le traitement chimique. Les d\u00e9bitm\u00e8tres mesurent le d\u00e9bit d'un fluide ou d'un gaz en mesurant la pression, la vitesse ou d'autres propri\u00e9t\u00e9s physiques du fluide ou du gaz. Les d\u00e9bitm\u00e8tres peuvent \u00eatre utilis\u00e9s pour mesurer le d\u00e9bit de liquides, de gaz et de vapeur. Ils sont utilis\u00e9s pour mesurer le d\u00e9bit d'une vari\u00e9t\u00e9 de fluides, y compris l'eau, l'huile et les produits chimiques. Les d\u00e9bitm\u00e8tres sont utilis\u00e9s dans diverses applications, notamment pour le contr\u00f4le des processus, la gestion de l'\u00e9nergie et la surveillance de la s\u00e9curit\u00e9.<\/p>\n<\/div>\n<div name=\"09\" id=\"09\">\n<p><strong>9.A propos de l'origine des d\u00e9bitm\u00e8tres sous-marins<\/strong><\/p>\n<p>Le premier d\u00e9bitm\u00e8tre a \u00e9t\u00e9 invent\u00e9 en 1832 par un Anglais nomm\u00e9 William Henry. Il a mis au point un appareil utilisant un flotteur pour mesurer le d\u00e9bit d'eau dans un tuyau. Cet appareil \u00e9tait le premier de son genre et le pr\u00e9curseur des d\u00e9bitm\u00e8tres modernes. Depuis lors, les d\u00e9bitm\u00e8tres ont \u00e9t\u00e9 utilis\u00e9s dans diverses industries pour mesurer le d\u00e9bit de liquides, de gaz et d'autres mat\u00e9riaux. Aujourd'hui, les d\u00e9bitm\u00e8tres sont utilis\u00e9s dans diverses applications, de la mesure du d\u00e9bit d'eau dans une canalisation \u00e0 la mesure du d\u00e9bit de p\u00e9trole dans une raffinerie.<\/p>\n<p><img src=\"https:\/\/www.hginstrument.com\/wp-content\/uploads\/2021\/07\/dsrt-1.jpg\" alt=\"A propos de l&#039;origine des d\u00e9bitm\u00e8tres sous-marins\" title=\"A propos de l&#039;origine des d\u00e9bitm\u00e8tres sous-marins\" style=\"max-width: 100%;\"><\/div>\n<div name=\"010\" id=\"010\">\n<p><strong>10.A propos de l'\u00e9quipement de production de d\u00e9bitm\u00e8tres sous-marins<\/strong><\/p>\n<p>L'\u00e9quipement de production de d\u00e9bitm\u00e8tres est utilis\u00e9 pour fabriquer des d\u00e9bitm\u00e8tres, qui sont des dispositifs utilis\u00e9s pour mesurer le d\u00e9bit d'un liquide ou d'un gaz. Cet \u00e9quipement comprend g\u00e9n\u00e9ralement une vari\u00e9t\u00e9 de machines et d'outils, tels que des tours, des fraiseuses, des perceuses \u00e0 colonne et des machines \u00e0 commande num\u00e9rique. Il comprend \u00e9galement des outils sp\u00e9cialis\u00e9s pour assembler et tester les d\u00e9bitm\u00e8tres. L'\u00e9quipement utilis\u00e9 pour produire des d\u00e9bitm\u00e8tres est hautement sp\u00e9cialis\u00e9 et doit \u00eatre en mesure de produire des r\u00e9sultats pr\u00e9cis et fiables.<\/p>\n<\/div>\n<div name=\"11\" id=\"11\">\n<p><strong>11. quelle est la plage de temp\u00e9rature de fonctionnement du d\u00e9bitm\u00e8tre sous-marin ?<\/strong><\/p>\n<p>Nous avons acquis une bonne r\u00e9putation et \u00e9tabli des partenariats fiables dans le secteur des d\u00e9bitm\u00e8tres sous-marins.<br \/>\nLa plage de temp\u00e9rature de fonctionnement du d\u00e9bitm\u00e8tre est comprise entre -40\u00b0F et 140\u00b0F (-40\u00b0C et 60\u00b0C).<\/p>\n<\/div>\n<div name=\"12\" id=\"12\">\n<p><strong>12. les r\u00e9sultats de mesure du d\u00e9bitm\u00e8tre sous-marin peuvent-ils \u00eatre \u00e9mis et enregistr\u00e9s \u00e0 distance ?<\/strong><\/p>\n<p>Oui, de nombreux d\u00e9bitm\u00e8tres sont \u00e9quip\u00e9s de capacit\u00e9s de sortie et d'enregistrement \u00e0 distance. Cela permet aux utilisateurs de surveiller et d'enregistrer les donn\u00e9es de d\u00e9bit \u00e0 partir d'un site distant.<\/p>\n<p><img src=\"https:\/\/www.hginstrument.com\/wp-content\/uploads\/2021\/07\/insertion-01.jpg\" alt=\"Les r\u00e9sultats de mesure du d\u00e9bitm\u00e8tre sous-marin peuvent-ils \u00eatre \u00e9mis et enregistr\u00e9s \u00e0 distance ?\" title=\"Les r\u00e9sultats de mesure du d\u00e9bitm\u00e8tre sous-marin peuvent-ils \u00eatre \u00e9mis et enregistr\u00e9s \u00e0 distance ?\" style=\"max-width: 100%;\"><\/div>\n<div name=\"13\" id=\"13\">\n<p><strong>13.A propos de l'\u00e9quipement de production de d\u00e9bitm\u00e8tres sous-marins<\/strong><\/p>\n<p>L'\u00e9quipement de production de d\u00e9bitm\u00e8tres est utilis\u00e9 pour fabriquer des d\u00e9bitm\u00e8tres, qui sont des dispositifs utilis\u00e9s pour mesurer le d\u00e9bit d'un liquide ou d'un gaz. Cet \u00e9quipement comprend g\u00e9n\u00e9ralement une vari\u00e9t\u00e9 de machines et d'outils, tels que des tours, des fraiseuses, des perceuses \u00e0 colonne et des machines \u00e0 commande num\u00e9rique. Il comprend \u00e9galement des outils sp\u00e9cialis\u00e9s pour assembler et tester les d\u00e9bitm\u00e8tres. L'\u00e9quipement utilis\u00e9 pour produire des d\u00e9bitm\u00e8tres est hautement sp\u00e9cialis\u00e9 et doit \u00eatre en mesure de produire des r\u00e9sultats pr\u00e9cis et fiables.<\/p>\n<\/div>\n<p>Tag\uff1a<a href=\"\/fr\/magnetic-flow-meter\/water-flow-meter-data-logger\/\">d\u00e9bitm\u00e8tre d'eau enregistreur de donn\u00e9es<\/a>,<a href=\"\/fr\/magnetic-flow-meter\/flow-meter-water\/\">d\u00e9bitm\u00e8tre eau<\/a>,<a href=\"\/fr\/magnetic-flow-meter\/open-channel-flow-meter\/\">d\u00e9bitm\u00e8tre \u00e0 canal ouvert<\/a>,<a href=\"\/fr\/magnetic-flow-meter\/stream-water-flow-meter\/\">d\u00e9bitm\u00e8tre de cours d'eau<\/a>,<a href=\"\/fr\/magnetic-flow-meter\/magnetic-inductive-flow-meter\/\">d\u00e9bitm\u00e8tre magn\u00e9tique inductif<\/a><\/p>\n<p><\/p>","protected":false},"excerpt":{"rendered":"<p><strong>Donn\u00e9es techniques<\/strong><br \/>\nPeut \u00eatre utilis\u00e9 pour les fluides liquides ou gazeux, g\u00e9n\u00e9ralement pour mesurer le d\u00e9bit de la vapeur, de la vapeur, de l'air et du gaz naturel.<br \/>\nTaille du compteur : Type en ligne : DN25 - DN300<br \/>\nOption de mat\u00e9riau en contact avec le liquide : SS304, SS316<br \/>\nTemp\u00e9rature de fonctionnement : \u2264250\u2103<br \/>\nRaccordement au processus : Wafer \/ Bride \/ Tri-clamp pour le type en ligne<br \/>\nPr\u00e9cision de mesure : 1,0 % - 1,5% de la plage d'\u00e9talonnage<br \/>\nIndicateur num\u00e9rique : affichage du d\u00e9bit instantan\u00e9, du d\u00e9bit total<br \/>\nAlimentation : 24VDC, Sortie : 4-20mA<\/p>\n<p><strong>caract\u00e9ristiques<\/strong><br \/>\n1. points de consigne ON\/OFF r\u00e9glables<br \/>\n2. mode d'alarme de d\u00e9bit Hi ou Lo<br \/>\n3. d\u00e9lai r\u00e9glable<br \/>\n4. LED d'\u00e9tat du relais<\/p>","protected":false},"featured_media":3691,"comment_status":"closed","ping_status":"closed","template":"","meta":[],"product_cat":[2372],"product_tag":[],"acf":[],"_links":{"self":[{"href":"https:\/\/www.hginstrument.com\/fr\/wp-json\/wp\/v2\/product\/5943"}],"collection":[{"href":"https:\/\/www.hginstrument.com\/fr\/wp-json\/wp\/v2\/product"}],"about":[{"href":"https:\/\/www.hginstrument.com\/fr\/wp-json\/wp\/v2\/types\/product"}],"replies":[{"embeddable":true,"href":"https:\/\/www.hginstrument.com\/fr\/wp-json\/wp\/v2\/comments?post=5943"}],"wp:featuredmedia":[{"embeddable":true,"href":"https:\/\/www.hginstrument.com\/fr\/wp-json\/wp\/v2\/media\/3691"}],"wp:attachment":[{"href":"https:\/\/www.hginstrument.com\/fr\/wp-json\/wp\/v2\/media?parent=5943"}],"wp:term":[{"taxonomy":"product_cat","embeddable":true,"href":"https:\/\/www.hginstrument.com\/fr\/wp-json\/wp\/v2\/product_cat?post=5943"},{"taxonomy":"product_tag","embeddable":true,"href":"https:\/\/www.hginstrument.com\/fr\/wp-json\/wp\/v2\/product_tag?post=5943"}],"curies":[{"name":"wp","href":"https:\/\/api.w.org\/{rel}","templated":true}]}}