{"id":5961,"date":"2023-12-25T02:52:19","date_gmt":"2023-12-24T18:52:19","guid":{"rendered":"https:\/\/www.hginstrument.com\/?post_type=product&#038;p=5961"},"modified":"2023-12-27T11:21:52","modified_gmt":"2023-12-27T03:21:52","slug":"tfx-5000-ultrasonic-clamp-on-flow-meter","status":"publish","type":"product","link":"https:\/\/www.hginstrument.com\/fr\/magnetic-flow-meter\/tfx-5000-ultrasonic-clamp-on-flow-meter\/","title":{"rendered":"d\u00e9bitm\u00e8tre ultrasonique \u00e0 pince tfx-5000"},"content":{"rendered":"<p>Cet appareil de pointe est con\u00e7u pour mesurer la quantit\u00e9 et la vitesse d'un liquide, d'un gaz ou d'une vapeur lors de son passage dans un tuyau ou une canalisation. Gr\u00e2ce \u00e0 sa technologie de pointe et \u00e0 ses performances sup\u00e9rieures, le d\u00e9bitm\u00e8tre \u00e0 ultrasons \u00e0 pince tfx-5000 offre des mesures pr\u00e9cises et fiables qui permettent d'optimiser les processus et d'am\u00e9liorer l'efficacit\u00e9.<\/p>\n<p>Au c\u0153ur du d\u00e9bitm\u00e8tre \u00e0 pince \u00e0 ultrasons tfx-5000 se trouve une technologie qui mesure et enregistre le d\u00e9bit, fournissant des relev\u00e9s pr\u00e9cis et fiables. Il existe diff\u00e9rents types de d\u00e9bitm\u00e8tres \u00e0 pince \u00e0 ultrasons tfx-5000, notamment les d\u00e9bitm\u00e8tres magn\u00e9tiques, \u00e0 ultrasons, optiques, \u00e0 Coriolis et \u00e0 turbine, chacun \u00e9tant con\u00e7u pour des applications et des types de fluides sp\u00e9cifiques.<\/p>\n<p>L'un des d\u00e9bitm\u00e8tres \u00e0 pince \u00e0 ultrasons tfx-5000 les plus avanc\u00e9s et les plus utilis\u00e9s est le d\u00e9bitm\u00e8tre \u00e0 pince \u00e0 ultrasons \u00e9lectromagn\u00e9tique tfx-5000. Il fonctionne selon la loi de l'induction \u00e9lectromagn\u00e9tique de Faraday et est capable de mesurer le d\u00e9bit des fluides conducteurs avec une pr\u00e9cision et une r\u00e9p\u00e9tabilit\u00e9 incroyables. Il convient \u00e0 une grande vari\u00e9t\u00e9 de fluides, notamment l'eau, les produits chimiques, la production d'\u00e9nergie et la boue.<\/p>\n<p>&nbsp;<\/p>\n<table class=\"table table-bordered\">\n<tbody>\n<tr>\n<td><span style=\"vertical-align: inherit;\"><span style=\"vertical-align: inherit;\">Type\uff1a<\/span><\/span><\/td>\n<td><span style=\"vertical-align: inherit;\">d\u00e9bitm\u00e8tre ultrasonique \u00e0 pince tfx-5000<\/span><\/td>\n<td><span style=\"vertical-align: inherit;\"><span style=\"vertical-align: inherit;\">Signal de sortie\uff1a<\/span><\/span><\/td>\n<td><span style=\"vertical-align: inherit;\"><span style=\"vertical-align: inherit;\">4-27mA, Impulsion\/Fr\u00e9quence 2kHz(D\u00e9faut), 5KHz(Max)<\/span><\/span><\/td>\n<\/tr>\n<tr>\n<td><span style=\"vertical-align: inherit;\"><span style=\"vertical-align: inherit;\">Lieu d'origine\uff1a<\/span><\/span><\/td>\n<td><span style=\"vertical-align: inherit;\"><span style=\"vertical-align: inherit;\">Jiangsu\uff0cChina<\/span><\/span><\/td>\n<td><span style=\"vertical-align: inherit;\"><span style=\"vertical-align: inherit;\">Incorporer le type\uff1a<\/span><\/span><\/td>\n<td><span style=\"vertical-align: inherit;\"><span style=\"vertical-align: inherit;\">-10\u2103- +50\u2103<\/span><\/span><\/td>\n<\/tr>\n<tr>\n<td><span style=\"vertical-align: inherit;\"><span style=\"vertical-align: inherit;\">Garantie\uff1a<\/span><\/span><\/td>\n<td><span style=\"vertical-align: inherit;\"><span style=\"vertical-align: inherit;\">12 mois<\/span><\/span><\/td>\n<td><span style=\"vertical-align: inherit;\"><span style=\"vertical-align: inherit;\">Tension d'alimentation\uff1a<\/span><\/span><\/td>\n<td><span style=\"vertical-align: inherit;\"><span style=\"vertical-align: inherit;\">110\/220VAC (100-240VAC), 50Hz\/60Hz ; 24VDC\u00b110%<\/span><\/span><\/td>\n<\/tr>\n<tr>\n<td><span style=\"vertical-align: inherit;\"><span style=\"vertical-align: inherit;\">Soutien personnalis\u00e9\uff1a<\/span><\/span><\/td>\n<td><span style=\"vertical-align: inherit;\"><span style=\"vertical-align: inherit;\">OEM, ODM, OBM<\/span><\/span><\/td>\n<td><span style=\"vertical-align: inherit;\"><span style=\"vertical-align: inherit;\">Communication num\u00e9rique\uff1a<\/span><\/span><\/td>\n<td><span style=\"vertical-align: inherit;\"><span style=\"vertical-align: inherit;\">RS-485, supportant le protocole standard Mudbugs-RTU ; GPRS<\/span><\/span><\/td>\n<\/tr>\n<tr>\n<td><span style=\"vertical-align: inherit;\"><span style=\"vertical-align: inherit;\">Nom de marque\uff1a<\/span><\/span><\/td>\n<td><span style=\"vertical-align: inherit;\"><span style=\"vertical-align: inherit;\">GROUPE SUYI<\/span><\/span><\/td>\n<td><span style=\"vertical-align: inherit;\"><span style=\"vertical-align: inherit;\">Pression nominale\uff1a<\/span><\/span><\/td>\n<td><span style=\"vertical-align: inherit;\"><span style=\"vertical-align: inherit;\">1MPa (DN15-DN800), 1,6MPa(DN15-DN800), 2,5MPa(DN15-DN600)<\/span><\/span><\/td>\n<\/tr>\n<tr>\n<td><span style=\"vertical-align: inherit;\"><span style=\"vertical-align: inherit;\">Num\u00e9ro de mod\u00e8le\uff1a<\/span><\/span><\/td>\n<td><span style=\"vertical-align: inherit;\"><span style=\"vertical-align: inherit;\">autres<\/span><\/span><\/td>\n<td><span style=\"vertical-align: inherit;\"><span style=\"vertical-align: inherit;\">Capteur\uff1a<\/span><\/span><\/td>\n<td><span style=\"vertical-align: inherit;\"><span style=\"vertical-align: inherit;\">0\u2103- +80\u2103 ou -25\u2103- +120\u2103 ou +70\u2103- +250\u2103<\/span><\/span><\/td>\n<\/tr>\n<tr>\n<td><span style=\"vertical-align: inherit;\"><span style=\"vertical-align: inherit;\">Nom du produit\uff1a<\/span><\/span><\/td>\n<td><span style=\"vertical-align: inherit;\"><span style=\"vertical-align: inherit;\">D\u00e9bitm\u00e8tre \u00e9lectromagn\u00e9tique intelligent pour produits chimiques<\/span><\/span><\/td>\n<td><span style=\"vertical-align: inherit;\"><span style=\"vertical-align: inherit;\">D\u00e9tails de l'emballage\uff1a<\/span><\/span><\/td>\n<td><span style=\"vertical-align: inherit;\"><span style=\"vertical-align: inherit;\">1 jeu par paquet ou selon la demande du client<\/span><\/span><\/td>\n<\/tr>\n<tr>\n<td><span style=\"vertical-align: inherit;\"><span style=\"vertical-align: inherit;\">Diam\u00e8tre nominal\uff1a<\/span><\/span><\/td>\n<td><span style=\"vertical-align: inherit;\"><span style=\"vertical-align: inherit;\">3-3408mm<\/span><\/span><\/td>\n<td><span style=\"vertical-align: inherit;\"><span style=\"vertical-align: inherit;\">Capacit\u00e9 d'approvisionnement\uff1a<\/span><\/span><\/td>\n<td><span style=\"vertical-align: inherit;\"><span style=\"vertical-align: inherit;\">1510 Set\/Sets par mois<\/span><\/span><\/td>\n<\/tr>\n<tr>\n<td><span style=\"vertical-align: inherit;\"><span style=\"vertical-align: inherit;\">gamme de vitesses\uff1a<\/span><\/span><\/td>\n<td><span style=\"vertical-align: inherit;\"><span style=\"vertical-align: inherit;\">0-14m\/s<\/span><\/span><\/td>\n<td><span style=\"vertical-align: inherit;\"><span style=\"vertical-align: inherit;\">Quantit\u00e9 (jeux)\uff1a<\/span><\/span><\/td>\n<td><span style=\"vertical-align: inherit;\"><span style=\"vertical-align: inherit;\">&gt; 30<\/span><\/span><\/td>\n<\/tr>\n<tr>\n<td><span style=\"vertical-align: inherit;\"><span style=\"vertical-align: inherit;\">Degr\u00e9 de pr\u00e9cision\uff1a<\/span><\/span><\/td>\n<td><span style=\"vertical-align: inherit;\"><span style=\"vertical-align: inherit;\">\u00b10,5%R, \u00b11%R ( &lt; DN20)<\/span><\/span><\/td>\n<td><span style=\"vertical-align: inherit;\"><span style=\"vertical-align: inherit;\">D\u00e9lai d'ex\u00e9cution (jours)\uff1a<\/span><\/span><\/td>\n<td><span style=\"vertical-align: inherit;\"><span style=\"vertical-align: inherit;\">A n\u00e9gocier<\/span><\/span><\/td>\n<\/tr>\n<\/tbody>\n<\/table>\n<p>&nbsp;<\/p>\n<p><strong><\/strong><\/p>\n<p style=\"text-align:center;\"><img src=\"https:\/\/www.hginstrument.com\/wp-content\/uploads\/2021\/07\/in-line-pipeline-type-hgd-electromagnetic-flow-meter.jpg\" atl=\"tfx-5000 ultrasonic clamp-on flow meter\" title=\"d\u00e9bitm\u00e8tre ultrasonique \u00e0 pince tfx-5000\"><\/p>\n<p><strong><\/strong><\/p>\n<p style=\"text-align:center;\"><img src=\"https:\/\/www.hginstrument.com\/wp-content\/uploads\/2021\/07\/insertion-01.jpg\" atl=\"tfx-5000 ultrasonic clamp-on flow meter\" title=\"d\u00e9bitm\u00e8tre ultrasonique \u00e0 pince tfx-5000\"><\/p>\n<p><strong><\/strong><\/p>\n<p style=\"text-align:center;\"><img src=\"https:\/\/www.hginstrument.com\/wp-content\/uploads\/2021\/07\/sanitary-mag-1.jpg\" atl=\"tfx-5000 ultrasonic clamp-on flow meter\" title=\"d\u00e9bitm\u00e8tre ultrasonique \u00e0 pince tfx-5000\"><\/p>\n<p><strong>tfx-5000 ultrasonic clamp-on flow meter FAQs Guide.<\/p>\n<p>Au c\u0153ur de notre s\u00e9rie de d\u00e9bitm\u00e8tres ultrasoniques \u00e0 pince tfx-5000 se trouve un engagement envers l'excellence, associant une technologie de capteur avanc\u00e9e \u00e0 des interfaces conviviales. Du liquide au gaz, nos d\u00e9bitm\u00e8tres offrent une pr\u00e9cision in\u00e9gal\u00e9e, ce qui vous permet de prendre des d\u00e9cisions \u00e9clair\u00e9es et de rationaliser vos op\u00e9rations. Alors que nous entrons dans une nouvelle \u00e8re de la mesure des fluides, nous vous invitons \u00e0 explorer les possibilit\u00e9s illimit\u00e9es qu'offrent nos d\u00e9bitm\u00e8tres \u00e0 ultrasons \u00e0 pince tfx-5000 - l\u00e0 o\u00f9 la pr\u00e9cision rencontre la performance et o\u00f9 l'innovation coule de source.<\/strong><\/p>\n<div style=\"border:3px solid #f89900;margin:20px 0;padding:20px;\"><a href=\"\/fr\/tfx-5000-ultrasonic-clamp-on-flow-meter\/#01\">1. le d\u00e9bitm\u00e8tre \u00e0 pince ultrasonique tfx-5000 peut-il \u00eatre contr\u00f4l\u00e9 \u00e0 distance ?<\/a><br \/><a href=\"\/fr\/tfx-5000-ultrasonic-clamp-on-flow-meter\/#02\">2. \u00e0 propos du d\u00e9bitm\u00e8tre \u00e0 pince ultrasonique tfx-5000 dans l'entrep\u00f4t d'outre-mer<\/a><br \/><a href=\"\/fr\/tfx-5000-ultrasonic-clamp-on-flow-meter\/#03\">3. Mati\u00e8res premi\u00e8res du d\u00e9bitm\u00e8tre \u00e0 pince ultrasonique tfx-5000<\/a><br \/><a href=\"\/fr\/tfx-5000-ultrasonic-clamp-on-flow-meter\/#04\">4. Syst\u00e8me de gestion de la production du d\u00e9bitm\u00e8tre \u00e0 pince ultrasonique tfx-5000<\/a><br \/><a href=\"\/fr\/tfx-5000-ultrasonic-clamp-on-flow-meter\/#05\">5.1 Inventaire des d\u00e9bitm\u00e8tres \u00e0 pince \u00e0 ultrasons tfx-5000<\/a><br \/><a href=\"\/fr\/tfx-5000-ultrasonic-clamp-on-flow-meter\/#06\">6. le syst\u00e8me d'approvisionnement en mati\u00e8res premi\u00e8res du d\u00e9bitm\u00e8tre \u00e0 pince ultrasonique tfx-5000<\/a><br \/><a href=\"\/fr\/tfx-5000-ultrasonic-clamp-on-flow-meter\/#07\">7.About tfx-5000 ultrasonic clamp-on flow meter production skills training<\/a><br \/><a href=\"\/fr\/tfx-5000-ultrasonic-clamp-on-flow-meter\/#08\">8. quelles sont les exigences relatives au lieu d'installation sp\u00e9cifique du d\u00e9bitm\u00e8tre \u00e0 ultrasons \u00e0 pince tfx-5000 ?<\/a><br \/><a href=\"\/fr\/tfx-5000-ultrasonic-clamp-on-flow-meter\/#09\">9. le d\u00e9bitm\u00e8tre ultrasonique \u00e0 pince tfx-5000 a-t-il des capacit\u00e9s de stockage de donn\u00e9es ?<\/a><br \/><a href=\"\/fr\/tfx-5000-ultrasonic-clamp-on-flow-meter\/#010\">10. quelles sont les options pour les mat\u00e9riaux ext\u00e9rieurs du d\u00e9bitm\u00e8tre \u00e0 pince \u00e0 ultrasons tfx-5000 ?<\/a><br \/><a href=\"\/fr\/tfx-5000-ultrasonic-clamp-on-flow-meter\/#11\">11. brevet du d\u00e9bitm\u00e8tre \u00e0 pince \u00e0 ultrasons tfx-5000<\/a><br \/><a href=\"\/fr\/tfx-5000-ultrasonic-clamp-on-flow-meter\/#12\">12. quelles sont les m\u00e9thodes d'entretien du d\u00e9bitm\u00e8tre \u00e0 pince \u00e0 ultrasons tfx-5000 ?<\/a><br \/><a href=\"\/fr\/tfx-5000-ultrasonic-clamp-on-flow-meter\/#13\">13. quelle est la plage de mesure du d\u00e9bitm\u00e8tre \u00e0 pince \u00e0 ultrasons tfx-5000 ?<\/a><\/div>\n<div name=\"01\" id=\"01\">\n<p><strong>1. le d\u00e9bitm\u00e8tre \u00e0 pince ultrasonique tfx-5000 peut-il \u00eatre contr\u00f4l\u00e9 \u00e0 distance ?<\/strong><\/p>\n<p>Nous sommes une entreprise professionnelle de d\u00e9bitm\u00e8tre \u00e0 pince ultrasonique tfx-5000 qui se consacre \u00e0 la fourniture de produits et de services de haute qualit\u00e9.<br \/>\nOui, les d\u00e9bitm\u00e8tres peuvent \u00eatre surveill\u00e9s \u00e0 distance. De nombreux d\u00e9bitm\u00e8tres modernes sont \u00e9quip\u00e9s de capacit\u00e9s de communication sans fil, ce qui permet de les surveiller \u00e0 distance \u00e0 l'aide d'un ordinateur ou d'un appareil mobile. En outre, certains d\u00e9bitm\u00e8tres sont \u00e9quip\u00e9s de capacit\u00e9s de communication cellulaire ou par satellite, ce qui permet de les surveiller depuis pratiquement n'importe quel endroit.<\/p>\n<\/div>\n<div name=\"02\" id=\"02\">\n<p><strong>2. \u00e0 propos du d\u00e9bitm\u00e8tre \u00e0 pince ultrasonique tfx-5000 dans l'entrep\u00f4t d'outre-mer<\/strong><\/p>\n<p>Les entrep\u00f4ts de d\u00e9bitm\u00e8tres \u00e0 l'\u00e9tranger sont des entrep\u00f4ts situ\u00e9s dans des pays \u00e9trangers qui stockent des d\u00e9bitm\u00e8tres et des produits connexes. Ces entrep\u00f4ts sont utilis\u00e9s pour stocker et distribuer des d\u00e9bitm\u00e8tres \u00e0 des clients dans diff\u00e9rents pays. Ils sont g\u00e9n\u00e9ralement situ\u00e9s dans des pays o\u00f9 la demande de d\u00e9bitm\u00e8tres est importante, comme les \u00c9tats-Unis, le Canada et l'Europe. Les entrep\u00f4ts sont g\u00e9n\u00e9ralement d\u00e9tenus et g\u00e9r\u00e9s par le fabricant des d\u00e9bitm\u00e8tres ou par un prestataire logistique tiers. Les entrep\u00f4ts contiennent g\u00e9n\u00e9ralement une grande vari\u00e9t\u00e9 de d\u00e9bitm\u00e8tres, y compris des d\u00e9bitm\u00e8tres num\u00e9riques, analogiques et \u00e0 ultrasons. Ils stockent \u00e9galement des pi\u00e8ces de rechange et des accessoires pour les d\u00e9bitm\u00e8tres.<\/p>\n<\/div>\n<div name=\"03\" id=\"03\">\n<p><strong>3. Mati\u00e8res premi\u00e8res du d\u00e9bitm\u00e8tre \u00e0 pince ultrasonique tfx-5000<\/strong><\/p>\n<p>Les mati\u00e8res premi\u00e8res des d\u00e9bitm\u00e8tres sont g\u00e9n\u00e9ralement constitu\u00e9es d'une vari\u00e9t\u00e9 de m\u00e9taux, de plastiques et de composites. Les mat\u00e9riaux couramment utilis\u00e9s dans les d\u00e9bitm\u00e8tres sont l'acier inoxydable, le laiton, l'aluminium, le chlorure de polyvinyle (PVC), le polypropyl\u00e8ne (PP) et le polyt\u00e9trafluoro\u00e9thyl\u00e8ne (PTFE). Le mat\u00e9riau utilis\u00e9 dans un d\u00e9bitm\u00e8tre d\u00e9pend de l'application et du type de fluide mesur\u00e9. Par exemple, l'acier inoxydable est souvent utilis\u00e9 pour mesurer les fluides corrosifs, tandis que le PVC est souvent utilis\u00e9 pour mesurer l'eau.<\/p>\n<\/div>\n<div name=\"04\" id=\"04\">\n<p><strong>4. Syst\u00e8me de gestion de la production du d\u00e9bitm\u00e8tre \u00e0 pince ultrasonique tfx-5000<\/strong><\/p>\n<p>Un syst\u00e8me de gestion de la production de d\u00e9bitm\u00e8tres est une solution logicielle con\u00e7ue pour aider les fabricants \u00e0 g\u00e9rer la production de d\u00e9bitm\u00e8tres. Le syst\u00e8me peut \u00eatre utilis\u00e9 pour suivre le processus de production du d\u00e9but \u00e0 la fin, y compris la commande des mati\u00e8res premi\u00e8res, l'assemblage des composants, les essais et l'\u00e9talonnage du produit fini. Le syst\u00e8me peut \u00e9galement \u00eatre utilis\u00e9 pour contr\u00f4ler la qualit\u00e9 du processus de production, en s'assurant que les d\u00e9bitm\u00e8tres r\u00e9pondent aux normes requises. En outre, le syst\u00e8me peut \u00eatre utilis\u00e9 pour g\u00e9n\u00e9rer des rapports et analyser des donn\u00e9es afin d'aider les fabricants \u00e0 am\u00e9liorer leurs processus de production.<\/p>\n<\/div>\n<div name=\"05\" id=\"05\">\n<p><strong>5.1 Inventaire des d\u00e9bitm\u00e8tres \u00e0 pince \u00e0 ultrasons tfx-5000<\/strong><\/p>\n<p>L'inventaire des d\u00e9bitm\u00e8tres est un syst\u00e8me utilis\u00e9 pour suivre et g\u00e9rer les d\u00e9bitm\u00e8tres utilis\u00e9s dans les applications industrielles et commerciales. Il permet de contr\u00f4ler les performances des d\u00e9bitm\u00e8tres et de s'assurer qu'ils sont correctement entretenus et \u00e9talonn\u00e9s. Le syst\u00e8me d'inventaire peut \u00e9galement \u00eatre utilis\u00e9 pour suivre le co\u00fbt des d\u00e9bitm\u00e8tres, ainsi que pour identifier tout probl\u00e8me potentiel ou toute question concernant les d\u00e9bitm\u00e8tres.<\/p>\n<p><img src=\"https:\/\/www.hginstrument.com\/wp-content\/uploads\/2021\/07\/hgdu600-p-1.jpg\" alt=\"A propos de l&#039;inventaire des d\u00e9bitm\u00e8tres \u00e0 pince \u00e0 ultrasons tfx-5000\" title=\"A propos de l&#039;inventaire des d\u00e9bitm\u00e8tres \u00e0 pince \u00e0 ultrasons tfx-5000\" style=\"max-width: 100%;\"><\/div>\n<div name=\"06\" id=\"06\">\n<p><strong>6. le syst\u00e8me d'approvisionnement en mati\u00e8res premi\u00e8res du d\u00e9bitm\u00e8tre \u00e0 pince ultrasonique tfx-5000<\/strong><\/p>\n<p>Un syst\u00e8me d'approvisionnement en mati\u00e8res premi\u00e8res pour d\u00e9bitm\u00e8tres est une solution logicielle con\u00e7ue pour rationaliser le processus d'achat de mati\u00e8res premi\u00e8res pour la production de d\u00e9bitm\u00e8tres. Le syst\u00e8me permet aux utilisateurs de rechercher et d'acheter rapidement et facilement les composants n\u00e9cessaires \u00e0 leur production de d\u00e9bitm\u00e8tres. Il fournit \u00e9galement des informations d\u00e9taill\u00e9es sur les composants, y compris les prix, la disponibilit\u00e9 et les d\u00e9lais de livraison. Le syst\u00e8me permet \u00e9galement aux utilisateurs de suivre leurs commandes et de g\u00e9rer leurs stocks. Cela permet de s'assurer que les bons composants sont toujours disponibles lorsque l'on en a besoin.<\/p>\n<\/div>\n<div name=\"07\" id=\"07\">\n<p><strong>7.About tfx-5000 ultrasonic clamp-on flow meter production skills training<\/strong><\/p>\n<p>La formation aux techniques de production des d\u00e9bitm\u00e8tres est con\u00e7ue pour enseigner aux techniciens et aux ing\u00e9nieurs les comp\u00e9tences n\u00e9cessaires \u00e0 la production et \u00e0 l'entretien des d\u00e9bitm\u00e8tres. La formation couvre des sujets tels que les principes de la mesure du d\u00e9bit, les types de d\u00e9bitm\u00e8tres disponibles, l'installation et l'entretien des d\u00e9bitm\u00e8tres, et les techniques de d\u00e9pannage. La formation couvre \u00e9galement l'utilisation de logiciels informatiques pour analyser et interpr\u00e9ter les donn\u00e9es de d\u00e9bit. La formation se d\u00e9roule g\u00e9n\u00e9ralement dans une salle de classe et peut inclure des activit\u00e9s pratiques.<\/p>\n<\/div>\n<div name=\"08\" id=\"08\">\n<p><strong>8. quelles sont les exigences relatives au lieu d'installation sp\u00e9cifique du d\u00e9bitm\u00e8tre \u00e0 ultrasons \u00e0 pince tfx-5000 ?<\/strong><\/p>\n<p>Nous exer\u00e7ons notre activit\u00e9 de d\u00e9bitm\u00e8tre \u00e0 pince ultrasonique tfx-5000 avec int\u00e9grit\u00e9 et honn\u00eatet\u00e9.<br \/>\n1. Le d\u00e9bitm\u00e8tre doit \u00eatre install\u00e9 dans un endroit exempt de vibrations, de chocs et d'autres forces ext\u00e9rieures.<\/p>\n<p>2. Le d\u00e9bitm\u00e8tre doit \u00eatre install\u00e9 dans un endroit exempt de gaz corrosifs, de liquides et d'autres contaminants.<\/p>\n<p>3. Le d\u00e9bitm\u00e8tre doit \u00eatre install\u00e9 dans un endroit accessible pour l'entretien et l'\u00e9talonnage.<\/p>\n<p>4. Le d\u00e9bitm\u00e8tre doit \u00eatre install\u00e9 dans un endroit \u00e0 l'abri des temp\u00e9ratures et de l'humidit\u00e9 extr\u00eames.<\/p>\n<p>5. Le d\u00e9bitm\u00e8tre doit \u00eatre install\u00e9 dans un endroit exempt d'interf\u00e9rences \u00e9lectriques.<\/p>\n<\/div>\n<div name=\"09\" id=\"09\">\n<p><strong>9. le d\u00e9bitm\u00e8tre ultrasonique \u00e0 pince tfx-5000 a-t-il des capacit\u00e9s de stockage de donn\u00e9es ?<\/strong><\/p>\n<p>Nous nous concentrons sur l'innovation et l'am\u00e9lioration continue afin de conserver un avantage concurrentiel.<br \/>\nCela d\u00e9pend du type de d\u00e9bitm\u00e8tre. Certains d\u00e9bitm\u00e8tres ont des capacit\u00e9s de stockage de donn\u00e9es, d'autres non.<\/p>\n<\/div>\n<div name=\"010\" id=\"010\">\n<p><strong>10. quelles sont les options pour les mat\u00e9riaux ext\u00e9rieurs du d\u00e9bitm\u00e8tre \u00e0 pince \u00e0 ultrasons tfx-5000 ?<\/strong><\/p>\n<p>Le d\u00e9bitm\u00e8tre \u00e0 pince ultrasonique tfx-5000 n'est pas seulement un produit, il peut aussi vous aider \u00e0 gagner de l'argent.<br \/>\n1. L'aluminium<br \/>\n2. Acier inoxydable<br \/>\n3. Laiton<br \/>\n4. Plastique<br \/>\n5. Polypropyl\u00e8ne<br \/>\n6. PVC<br \/>\n7. Polycarbonate<br \/>\n8. Fibre de verre<br \/>\n9. Titane<br \/>\n10. Cuivre<\/p>\n<p><img src=\"https:\/\/www.hginstrument.com\/wp-content\/uploads\/2021\/07\/insertion-01.jpg\" alt=\"Quelles sont les options pour les mat\u00e9riaux ext\u00e9rieurs du d\u00e9bitm\u00e8tre \u00e0 pince \u00e0 ultrasons tfx-5000 ?\" title=\"Quelles sont les options pour les mat\u00e9riaux ext\u00e9rieurs du d\u00e9bitm\u00e8tre \u00e0 pince \u00e0 ultrasons tfx-5000 ?\" style=\"max-width: 100%;\"><\/div>\n<div name=\"11\" id=\"11\">\n<p><strong>11. brevet du d\u00e9bitm\u00e8tre \u00e0 pince \u00e0 ultrasons tfx-5000<\/strong><\/p>\n<p>Les brevets sur les d\u00e9bitm\u00e8tres sont des brevets qui couvrent la conception et le fonctionnement des d\u00e9bitm\u00e8tres. Les d\u00e9bitm\u00e8tres sont des dispositifs utilis\u00e9s pour mesurer le d\u00e9bit d'un liquide ou d'un gaz. Les d\u00e9bitm\u00e8tres sont utilis\u00e9s dans diverses industries, notamment le traitement de l'eau et des eaux us\u00e9es, le p\u00e9trole et le gaz, et le traitement chimique. Les d\u00e9bitm\u00e8tres sont utilis\u00e9s pour mesurer le d\u00e9bit d'un fluide, le volume total d'un fluide et la pression d'un fluide. Les d\u00e9bitm\u00e8tres peuvent \u00eatre m\u00e9caniques, \u00e9lectriques ou optiques. Les d\u00e9bitm\u00e8tres peuvent \u00eatre utilis\u00e9s pour mesurer le d\u00e9bit de liquides, de gaz et de vapeur.<\/p>\n<\/div>\n<div name=\"12\" id=\"12\">\n<p><strong>12. quelles sont les m\u00e9thodes d'entretien du d\u00e9bitm\u00e8tre \u00e0 pince \u00e0 ultrasons tfx-5000 ?<\/strong><\/p>\n<p>Nous nous concentrons sur l'innovation et l'am\u00e9lioration continue afin de conserver un avantage concurrentiel.<br \/>\n1. V\u00e9rifier r\u00e9guli\u00e8rement que le d\u00e9bitm\u00e8tre ne pr\u00e9sente pas de signes d'usure ou de d\u00e9t\u00e9rioration.<\/p>\n<p>2. Nettoyer r\u00e9guli\u00e8rement le d\u00e9bitm\u00e8tre pour garantir la pr\u00e9cision des relev\u00e9s.<\/p>\n<p>3. V\u00e9rifier la pr\u00e9cision du d\u00e9bitm\u00e8tre en effectuant des tests d'\u00e9talonnage.<\/p>\n<p>4. Remplacer les pi\u00e8ces us\u00e9es ou endommag\u00e9es d\u00e8s que possible.<\/p>\n<p>5. S'assurer que le d\u00e9bitm\u00e8tre est correctement install\u00e9 et raccord\u00e9 au syst\u00e8me.<\/p>\n<p>6. V\u00e9rifier que le d\u00e9bitm\u00e8tre ne pr\u00e9sente pas de signes de corrosion ou d'obstruction.<\/p>\n<p>7. Veiller \u00e0 ce que le d\u00e9bitm\u00e8tre soit correctement scell\u00e9 pour \u00e9viter toute fuite.<\/p>\n<p>8. V\u00e9rifier r\u00e9guli\u00e8rement que le d\u00e9bitm\u00e8tre ne pr\u00e9sente aucun signe de vibration ou de bruit.<\/p>\n<p>9. S'assurer que le d\u00e9bitm\u00e8tre est correctement \u00e9talonn\u00e9 et r\u00e9gl\u00e9.<\/p>\n<p>10. V\u00e9rifier r\u00e9guli\u00e8rement que le d\u00e9bitm\u00e8tre ne pr\u00e9sente aucun signe de fuite ou de colmatage.<\/p>\n<\/div>\n<div name=\"13\" id=\"13\">\n<p><strong>13. quelle est la plage de mesure du d\u00e9bitm\u00e8tre \u00e0 pince \u00e0 ultrasons tfx-5000 ?<\/strong><\/p>\n<p>Nous am\u00e9liorons en permanence nos comp\u00e9tences et nos connaissances pour nous adapter \u00e0 l'\u00e9volution des besoins du march\u00e9 des d\u00e9bitm\u00e8tres \u00e0 pince \u00e0 ultrasons tfx-5000.<br \/>\nLa plage de mesure d'un d\u00e9bitm\u00e8tre d\u00e9pend du type de d\u00e9bitm\u00e8tre utilis\u00e9. En g\u00e9n\u00e9ral, la plage de mesure d'un d\u00e9bitm\u00e8tre peut aller de 0,01 \u00e0 1000 litres par minute.<\/p>\n<\/div>\n<p>Tag\uff1a<a href=\"\/fr\/magnetic-flow-meter\/digital-peak-flow-meter\/\">d\u00e9bitm\u00e8tre num\u00e9rique de pointe<\/a>,<a href=\"\/fr\/magnetic-flow-meter\/digital-air-flow-meter\/\">d\u00e9bitm\u00e8tre d'air num\u00e9rique<\/a>,<a href=\"\/fr\/magnetic-flow-meter\/pool-water-flow-meter\/\">compteur d'eau de piscine<\/a>,<a href=\"\/fr\/magnetic-flow-meter\/argon-dual-flow-meter\/\">d\u00e9bitm\u00e8tre double argon<\/a>,<a href=\"\/fr\/magnetic-flow-meter\/air-flow-meter-sensor\/\">capteur de d\u00e9bitm\u00e8tre d'air<\/a><\/p>\n<p><\/p>","protected":false},"excerpt":{"rendered":"<p><strong>Donn\u00e9es techniques<\/strong><br \/>\nPeut \u00eatre utilis\u00e9 pour les fluides liquides ou gazeux, g\u00e9n\u00e9ralement pour mesurer le d\u00e9bit de la vapeur, de la vapeur, de l'air et du gaz naturel.<br \/>\nTaille du compteur : Type en ligne : DN25 - DN300<br \/>\nOption de mat\u00e9riau en contact avec le liquide : SS304, SS316<br \/>\nTemp\u00e9rature de fonctionnement : \u2264250\u2103<br \/>\nRaccordement au processus : Wafer \/ Bride \/ Tri-clamp pour le type en ligne<br \/>\nPr\u00e9cision de mesure : 1,0 % - 1,5% de la plage d'\u00e9talonnage<br \/>\nIndicateur num\u00e9rique : affichage du d\u00e9bit instantan\u00e9, du d\u00e9bit total<br \/>\nAlimentation : 24VDC, Sortie : 4-20mA<\/p>\n<p><strong>caract\u00e9ristiques<\/strong><br \/>\n1. points de consigne ON\/OFF r\u00e9glables<br \/>\n2. mode d'alarme de d\u00e9bit Hi ou Lo<br \/>\n3. d\u00e9lai r\u00e9glable<br \/>\n4. LED d'\u00e9tat du relais<\/p>","protected":false},"featured_media":3691,"comment_status":"closed","ping_status":"closed","template":"","meta":[],"product_cat":[2372],"product_tag":[],"acf":[],"_links":{"self":[{"href":"https:\/\/www.hginstrument.com\/fr\/wp-json\/wp\/v2\/product\/5961"}],"collection":[{"href":"https:\/\/www.hginstrument.com\/fr\/wp-json\/wp\/v2\/product"}],"about":[{"href":"https:\/\/www.hginstrument.com\/fr\/wp-json\/wp\/v2\/types\/product"}],"replies":[{"embeddable":true,"href":"https:\/\/www.hginstrument.com\/fr\/wp-json\/wp\/v2\/comments?post=5961"}],"wp:featuredmedia":[{"embeddable":true,"href":"https:\/\/www.hginstrument.com\/fr\/wp-json\/wp\/v2\/media\/3691"}],"wp:attachment":[{"href":"https:\/\/www.hginstrument.com\/fr\/wp-json\/wp\/v2\/media?parent=5961"}],"wp:term":[{"taxonomy":"product_cat","embeddable":true,"href":"https:\/\/www.hginstrument.com\/fr\/wp-json\/wp\/v2\/product_cat?post=5961"},{"taxonomy":"product_tag","embeddable":true,"href":"https:\/\/www.hginstrument.com\/fr\/wp-json\/wp\/v2\/product_tag?post=5961"}],"curies":[{"name":"wp","href":"https:\/\/api.w.org\/{rel}","templated":true}]}}