{"id":597,"date":"2021-01-27T10:56:09","date_gmt":"2021-01-27T02:56:09","guid":{"rendered":"http:\/\/201230ip92c2.adwebcloud.com\/?post_type=product&#038;p=597"},"modified":"2021-10-09T15:10:22","modified_gmt":"2021-10-09T07:10:22","slug":"hluc-insertion-type-vortex-flow-meter","status":"publish","type":"product","link":"https:\/\/www.hginstrument.com\/fr\/flow-instrument\/hluc-insertion-type-vortex-flow-meter\/","title":{"rendered":"D\u00e9bitm\u00e8tre \u00e0 vortex \u00e0 insertion HLUC"},"content":{"rendered":"<h5><strong>Donn\u00e9es techniques<\/strong><\/h5>\n<ul>\n<li>Peut servir les fluides liquides ou gazeux, g\u00e9n\u00e9ralement utilis\u00e9 pour mesurer le d\u00e9bit de la vapeur, de la vapeur, de l'air et du gaz naturel.<\/li>\n<li>Convient \u00e0 la taille de la canalisation :  DN150 - DN2000<\/li>\n<li>Option de mat\u00e9riau en contact avec le liquide : SS304, SS316<\/li>\n<li>Temp\u00e9rature de fonctionnement\u2264250\u2103<\/li>\n<li>Type de montage : Insertion<\/li>\n<li>Capacit\u00e9 de port\u00e9e : 10 : 1<\/li>\n<li>Pr\u00e9cision de mesure : 1,0 % - 1,5% de la plage d'\u00e9talonnage<\/li>\n<li>Indicateur num\u00e9rique : affichage du d\u00e9bit instantan\u00e9, du d\u00e9bit total<\/li>\n<li>Alimentation : 24VDC, Sortie : 4-20mA<\/li>\n<li>Option de communication : RS485, HART<\/li>\n<li>Compensation de la temp\u00e9rature et de la pression (en option)<\/li>\n<li>Raccordement \u00e9lectrique : M20*1.5, Protection Ex : Exd IICT6<\/li>\n<\/ul>\n<p>&nbsp;<\/p>\n<h5><strong style=\"font-size: 16px;\">Principe<\/strong><\/h5>\n<p>Le d\u00e9bitm\u00e8tre \u00e0 vortex est une sorte de d\u00e9bitm\u00e8tre \u00e0 vitesse qui repose sur le principe du vortex de Karman. La fr\u00e9quence du vortex \"f\" est proportionnelle \u00e0 la vitesse d'\u00e9coulement \"v\", de sorte que la mesure de la fr\u00e9quence du vortex de Karman permet de calculer le d\u00e9bit instantan\u00e9.<\/p>\n<p>&nbsp;<\/p>\n<h5><strong>Tableau de r\u00e9f\u00e9rence de la gamme de d\u00e9bit<\/strong><\/h5>\n<table>\n<tbody>\n<tr style=\"background-color: #d8d8d8;\">\n<td style=\"text-align: center; vertical-align: middle;\" rowspan=\"2\" width=\"67\"><strong>DN<\/strong><\/td>\n<td style=\"text-align: center; vertical-align: middle;\" colspan=\"3\" width=\"456\"><strong>Plage de d\u00e9bit au centre de la canalisation (m3\/h) pour le type Insertion<\/strong><\/td>\n<td style=\"text-align: center; vertical-align: middle;\" rowspan=\"2\" width=\"132\"><strong>Pr\u00e9cision<\/strong><\/td>\n<\/tr>\n<tr>\n<td style=\"background-color: #d8d8d8; text-align: center;\" width=\"156\"><strong>Liquide<\/strong><\/td>\n<td style=\"background-color: #d8d8d8; text-align: center;\" width=\"144\"><strong>Gaz<\/strong><\/td>\n<td style=\"background-color: #d8d8d8; text-align: center;\" width=\"156\"><strong>Vapeur<\/strong><\/td>\n<\/tr>\n<tr>\n<td width=\"67\">300<\/td>\n<td width=\"156\">127 &#8211; 1650<\/td>\n<td width=\"144\">1810 &#8211; 13500<\/td>\n<td width=\"156\">1260 &#8211; 13500<\/td>\n<td style=\"text-align: center; vertical-align: middle;\" rowspan=\"9\" width=\"132\"><strong>1.5%<\/strong><br \/>\n<strong>2.5%<\/strong><\/td>\n<\/tr>\n<tr>\n<td width=\"67\">400<\/td>\n<td width=\"156\">226 &#8211; 2950<\/td>\n<td width=\"144\">3250 &#8211; 23800<\/td>\n<td width=\"156\">2250 &#8211; 23800<\/td>\n<\/tr>\n<tr>\n<td width=\"67\">500<\/td>\n<td width=\"156\">353 &#8211; 4600<\/td>\n<td width=\"144\">5560 &#8211; 37800<\/td>\n<td width=\"156\">3560 &#8211; 37800<\/td>\n<\/tr>\n<tr>\n<td width=\"67\">600<\/td>\n<td width=\"156\">510 &#8211; 6620<\/td>\n<td width=\"144\">7320 &#8211; 54600<\/td>\n<td width=\"156\">5100 &#8211; 54600<\/td>\n<\/tr>\n<tr>\n<td width=\"67\">800<\/td>\n<td width=\"156\">910 &#8211; 11800<\/td>\n<td width=\"144\">13200 &#8211; 96700<\/td>\n<td width=\"156\">9100 &#8211; 96700<\/td>\n<\/tr>\n<tr>\n<td width=\"67\">1000<\/td>\n<td width=\"156\">1450 &#8211; 18500<\/td>\n<td width=\"144\">20100 &#8211; 151600<\/td>\n<td width=\"156\">14500 &#8211; 151600<\/td>\n<\/tr>\n<tr>\n<td width=\"67\">1200<\/td>\n<td width=\"156\">2050 &#8211; 25650<\/td>\n<td width=\"144\">27500 &#8211; 209000<\/td>\n<td width=\"156\">20500 &#8211; 209000<\/td>\n<\/tr>\n<tr>\n<td width=\"67\">1500<\/td>\n<td width=\"156\">3200 &#8211; 40300<\/td>\n<td width=\"144\">45500 &#8211; 335000<\/td>\n<td width=\"156\">32000 &#8211; 335000<\/td>\n<\/tr>\n<tr>\n<td width=\"67\">2000<\/td>\n<td width=\"156\">5600 &#8211; 71400<\/td>\n<td width=\"144\">80200 &#8211; 608600<\/td>\n<td width=\"156\">56000 &#8211; 608600<\/td>\n<\/tr>\n<\/tbody>\n<\/table>\n<h5>Installation sur le terrain<\/h5>\n<p><img class=\"alignnone wp-image-612 size-full\" src=\"http:\/\/www.hginstrument.com\/wp-content\/uploads\/2021\/01\/hluc-install-1.jpg\" alt=\"hluc install 1\" width=\"1063\" height=\"373\" srcset=\"https:\/\/www.hginstrument.com\/wp-content\/uploads\/2021\/01\/hluc-install-1.jpg 1063w, https:\/\/www.hginstrument.com\/wp-content\/uploads\/2021\/01\/hluc-install-1-300x105.jpg 300w, https:\/\/www.hginstrument.com\/wp-content\/uploads\/2021\/01\/hluc-install-1-768x269.jpg 768w, https:\/\/www.hginstrument.com\/wp-content\/uploads\/2021\/01\/hluc-install-1-1024x359.jpg 1024w, https:\/\/www.hginstrument.com\/wp-content\/uploads\/2021\/01\/hluc-install-1-600x211.jpg 600w\" sizes=\"(max-width: 1063px) 100vw, 1063px\" \/><\/p>\n<p>&nbsp;<\/p>\n<p>&nbsp;<\/p>","protected":false},"excerpt":{"rendered":"<p>Application :  Pipeline de taille \u2265 DN150, pour la mesure du d\u00e9bit volum\u00e9trique de gaz ou de liquide et la mesure du d\u00e9bit massique de vapeur.<\/p>\n<p>Avantages : livraison rapide, prix \u00e9quitable, \u00e9chantillons accept\u00e9s, OEM accept\u00e9<\/p>","protected":false},"featured_media":1405,"comment_status":"closed","ping_status":"closed","template":"","meta":[],"product_cat":[75,337],"product_tag":[],"acf":[],"_links":{"self":[{"href":"https:\/\/www.hginstrument.com\/fr\/wp-json\/wp\/v2\/product\/597"}],"collection":[{"href":"https:\/\/www.hginstrument.com\/fr\/wp-json\/wp\/v2\/product"}],"about":[{"href":"https:\/\/www.hginstrument.com\/fr\/wp-json\/wp\/v2\/types\/product"}],"replies":[{"embeddable":true,"href":"https:\/\/www.hginstrument.com\/fr\/wp-json\/wp\/v2\/comments?post=597"}],"wp:featuredmedia":[{"embeddable":true,"href":"https:\/\/www.hginstrument.com\/fr\/wp-json\/wp\/v2\/media\/1405"}],"wp:attachment":[{"href":"https:\/\/www.hginstrument.com\/fr\/wp-json\/wp\/v2\/media?parent=597"}],"wp:term":[{"taxonomy":"product_cat","embeddable":true,"href":"https:\/\/www.hginstrument.com\/fr\/wp-json\/wp\/v2\/product_cat?post=597"},{"taxonomy":"product_tag","embeddable":true,"href":"https:\/\/www.hginstrument.com\/fr\/wp-json\/wp\/v2\/product_tag?post=597"}],"curies":[{"name":"wp","href":"https:\/\/api.w.org\/{rel}","templated":true}]}}