{"id":5987,"date":"2023-12-25T03:52:14","date_gmt":"2023-12-24T19:52:14","guid":{"rendered":"https:\/\/www.hginstrument.com\/?post_type=product&#038;p=5987"},"modified":"2023-12-27T11:06:18","modified_gmt":"2023-12-27T03:06:18","slug":"tri-clamp-flow-meter","status":"publish","type":"product","link":"https:\/\/www.hginstrument.com\/fr\/magnetic-flow-meter\/tri-clamp-flow-meter\/","title":{"rendered":"d\u00e9bitm\u00e8tre tri clamp"},"content":{"rendered":"<p>Le d\u00e9bitm\u00e8tre tri clamp est un appareil de mesure de d\u00e9bit tr\u00e8s avanc\u00e9 et personnalisable, con\u00e7u pour une large gamme d'applications industrielles et commerciales. Cet appareil utilise une technologie de pointe, notamment des capteurs de pr\u00e9cision et des algorithmes avanc\u00e9s, pour mesurer et contr\u00f4ler avec pr\u00e9cision les d\u00e9bits de divers liquides et gaz.<\/p>\n<p>Les d\u00e9bitm\u00e8tres \u00e0 pince sont des dispositifs essentiels pour mesurer le d\u00e9bit et le volume des liquides, des gaz et de la vapeur dans divers processus industriels. Ils sont largement utilis\u00e9s dans les industries telles que le p\u00e9trole et le gaz, le traitement de l'eau et des eaux us\u00e9es, la chimie et la pharmacie pour surveiller et contr\u00f4ler le d\u00e9bit des fluides.<\/p>\n<p>&nbsp;<\/p>\n<table class=\"table table-bordered\">\n<tbody>\n<tr>\n<td><span style=\"vertical-align: inherit;\"><span style=\"vertical-align: inherit;\">Type\uff1a<\/span><\/span><\/td>\n<td><span style=\"vertical-align: inherit;\">d\u00e9bitm\u00e8tre tri clamp<\/span><\/td>\n<td><span style=\"vertical-align: inherit;\"><span style=\"vertical-align: inherit;\">Signal de sortie\uff1a<\/span><\/span><\/td>\n<td><span style=\"vertical-align: inherit;\"><span style=\"vertical-align: inherit;\">4-30mA, fr\u00e9quence d'impulsion 2kHz (par d\u00e9faut), 5KHz (max)<\/span><\/span><\/td>\n<\/tr>\n<tr>\n<td><span style=\"vertical-align: inherit;\"><span style=\"vertical-align: inherit;\">Lieu d'origine\uff1a<\/span><\/span><\/td>\n<td><span style=\"vertical-align: inherit;\"><span style=\"vertical-align: inherit;\">Jiangsu\uff0cChina<\/span><\/span><\/td>\n<td><span style=\"vertical-align: inherit;\"><span style=\"vertical-align: inherit;\">Incorporer le type\uff1a<\/span><\/span><\/td>\n<td><span style=\"vertical-align: inherit;\"><span style=\"vertical-align: inherit;\">-10\u2103- +52\u2103<\/span><\/span><\/td>\n<\/tr>\n<tr>\n<td><span style=\"vertical-align: inherit;\"><span style=\"vertical-align: inherit;\">Garantie\uff1a<\/span><\/span><\/td>\n<td><span style=\"vertical-align: inherit;\"><span style=\"vertical-align: inherit;\">16 mois<\/span><\/span><\/td>\n<td><span style=\"vertical-align: inherit;\"><span style=\"vertical-align: inherit;\">Tension d'alimentation\uff1a<\/span><\/span><\/td>\n<td><span style=\"vertical-align: inherit;\"><span style=\"vertical-align: inherit;\">110\/220VAC (100-240VAC), 50Hz\/60Hz ; 24VDC\u00b110%<\/span><\/span><\/td>\n<\/tr>\n<tr>\n<td><span style=\"vertical-align: inherit;\"><span style=\"vertical-align: inherit;\">Soutien personnalis\u00e9\uff1a<\/span><\/span><\/td>\n<td><span style=\"vertical-align: inherit;\"><span style=\"vertical-align: inherit;\">OEM, ODM, OBM<\/span><\/span><\/td>\n<td><span style=\"vertical-align: inherit;\"><span style=\"vertical-align: inherit;\">Communication num\u00e9rique\uff1a<\/span><\/span><\/td>\n<td><span style=\"vertical-align: inherit;\"><span style=\"vertical-align: inherit;\">RS-485, supportant le protocole standard Mudbugs-RTU ; GPRS<\/span><\/span><\/td>\n<\/tr>\n<tr>\n<td><span style=\"vertical-align: inherit;\"><span style=\"vertical-align: inherit;\">Nom de marque\uff1a<\/span><\/span><\/td>\n<td><span style=\"vertical-align: inherit;\"><span style=\"vertical-align: inherit;\">GROUPE SUYI<\/span><\/span><\/td>\n<td><span style=\"vertical-align: inherit;\"><span style=\"vertical-align: inherit;\">Pression nominale\uff1a<\/span><\/span><\/td>\n<td><span style=\"vertical-align: inherit;\"><span style=\"vertical-align: inherit;\">1MPa (DN15-DN800), 1,6MPa(DN15-DN800), 2,5MPa(DN15-DN600)<\/span><\/span><\/td>\n<\/tr>\n<tr>\n<td><span style=\"vertical-align: inherit;\"><span style=\"vertical-align: inherit;\">Num\u00e9ro de mod\u00e8le\uff1a<\/span><\/span><\/td>\n<td><span style=\"vertical-align: inherit;\"><span style=\"vertical-align: inherit;\">autres<\/span><\/span><\/td>\n<td><span style=\"vertical-align: inherit;\"><span style=\"vertical-align: inherit;\">Capteur\uff1a<\/span><\/span><\/td>\n<td><span style=\"vertical-align: inherit;\"><span style=\"vertical-align: inherit;\">0\u2103- +80\u2103 ou -25\u2103- +120\u2103 ou +70\u2103- +250\u2103<\/span><\/span><\/td>\n<\/tr>\n<tr>\n<td><span style=\"vertical-align: inherit;\"><span style=\"vertical-align: inherit;\">Nom du produit\uff1a<\/span><\/span><\/td>\n<td><span style=\"vertical-align: inherit;\"><span style=\"vertical-align: inherit;\">D\u00e9bitm\u00e8tre \u00e9lectromagn\u00e9tique intelligent pour produits chimiques<\/span><\/span><\/td>\n<td><span style=\"vertical-align: inherit;\"><span style=\"vertical-align: inherit;\">D\u00e9tails de l'emballage\uff1a<\/span><\/span><\/td>\n<td><span style=\"vertical-align: inherit;\"><span style=\"vertical-align: inherit;\">1 jeu par paquet ou selon la demande du client<\/span><\/span><\/td>\n<\/tr>\n<tr>\n<td><span style=\"vertical-align: inherit;\"><span style=\"vertical-align: inherit;\">Diam\u00e8tre nominal\uff1a<\/span><\/span><\/td>\n<td><span style=\"vertical-align: inherit;\"><span style=\"vertical-align: inherit;\">3-3216mm<\/span><\/span><\/td>\n<td><span style=\"vertical-align: inherit;\"><span style=\"vertical-align: inherit;\">Capacit\u00e9 d'approvisionnement\uff1a<\/span><\/span><\/td>\n<td><span style=\"vertical-align: inherit;\"><span style=\"vertical-align: inherit;\">2217 Set\/Sets par mois<\/span><\/span><\/td>\n<\/tr>\n<tr>\n<td><span style=\"vertical-align: inherit;\"><span style=\"vertical-align: inherit;\">gamme de vitesses\uff1a<\/span><\/span><\/td>\n<td><span style=\"vertical-align: inherit;\"><span style=\"vertical-align: inherit;\">0-13m\/s<\/span><\/span><\/td>\n<td><span style=\"vertical-align: inherit;\"><span style=\"vertical-align: inherit;\">Quantit\u00e9 (jeux)\uff1a<\/span><\/span><\/td>\n<td><span style=\"vertical-align: inherit;\"><span style=\"vertical-align: inherit;\">&gt; 30<\/span><\/span><\/td>\n<\/tr>\n<tr>\n<td><span style=\"vertical-align: inherit;\"><span style=\"vertical-align: inherit;\">Degr\u00e9 de pr\u00e9cision\uff1a<\/span><\/span><\/td>\n<td><span style=\"vertical-align: inherit;\"><span style=\"vertical-align: inherit;\">\u00b10,5%R, \u00b11%R ( &lt; DN20)<\/span><\/span><\/td>\n<td><span style=\"vertical-align: inherit;\"><span style=\"vertical-align: inherit;\">D\u00e9lai d'ex\u00e9cution (jours)\uff1a<\/span><\/span><\/td>\n<td><span style=\"vertical-align: inherit;\"><span style=\"vertical-align: inherit;\">A n\u00e9gocier<\/span><\/span><\/td>\n<\/tr>\n<\/tbody>\n<\/table>\n<p>&nbsp;<\/p>\n<p><strong><\/strong><\/p>\n<p style=\"text-align:center;\"><img src=\"https:\/\/www.hginstrument.com\/wp-content\/uploads\/2021\/07\/in-line-pipeline-type-hgd-electromagnetic-flow-meter.jpg\" atl=\"tri clamp flow meter\" title=\"d\u00e9bitm\u00e8tre tri clamp\"><\/p>\n<p><strong><\/strong><\/p>\n<p style=\"text-align:center;\"><img src=\"https:\/\/www.hginstrument.com\/wp-content\/uploads\/2021\/07\/insertion-01.jpg\" atl=\"tri clamp flow meter\" title=\"d\u00e9bitm\u00e8tre tri clamp\"><\/p>\n<p><strong><\/strong><\/p>\n<p style=\"text-align:center;\"><img src=\"https:\/\/www.hginstrument.com\/wp-content\/uploads\/2021\/07\/sanitary-mag-1.jpg\" atl=\"tri clamp flow meter\" title=\"d\u00e9bitm\u00e8tre tri clamp\"><\/p>\n<p><strong>Guide des FAQ sur les d\u00e9bitm\u00e8tres \u00e0 pince triphas\u00e9e.<\/p>\n<p>Au c\u0153ur de notre s\u00e9rie de d\u00e9bitm\u00e8tres \u00e0 trois pinces se trouve un engagement \u00e0 l'excellence, associant une technologie de capteur avanc\u00e9e \u00e0 des interfaces conviviales. Du liquide au gaz, nos d\u00e9bitm\u00e8tres offrent une pr\u00e9cision in\u00e9gal\u00e9e, vous permettant de prendre des d\u00e9cisions \u00e9clair\u00e9es et de rationaliser vos op\u00e9rations. Alors que nous entrons dans une nouvelle \u00e8re de la mesure des fluides, nous vous invitons \u00e0 explorer les possibilit\u00e9s illimit\u00e9es qu'offrent nos d\u00e9bitm\u00e8tres \u00e0 trois pinces - l\u00e0 o\u00f9 la pr\u00e9cision rencontre la performance et o\u00f9 l'innovation coule de source.<\/strong><\/p>\n<div style=\"border:3px solid #f89900;margin:20px 0;padding:20px;\"><a href=\"\/fr\/tri-clamp-flow-meter\/#01\">1) Quelle est la plage de mesure du d\u00e9bitm\u00e8tre \u00e0 pince ?<\/a><br \/><a href=\"\/fr\/tri-clamp-flow-meter\/#02\">2.A propos des capacit\u00e9s de R&amp;D en mati\u00e8re de d\u00e9bitm\u00e8tres \u00e0 pince triphas\u00e9e<\/a><br \/><a href=\"\/fr\/tri-clamp-flow-meter\/#03\">3. d\u00e9bitm\u00e8tre tri clamp MOQ<\/a><br \/><a href=\"\/fr\/tri-clamp-flow-meter\/#04\">4. le d\u00e9bitm\u00e8tre \u00e0 pince tri peut il \u00eatre contr\u00f4l\u00e9 \u00e0 distance ?<\/a><br \/><a href=\"\/fr\/tri-clamp-flow-meter\/#05\">5.1 \u00c9quipement de production de d\u00e9bitm\u00e8tres \u00e0 pince triphas\u00e9e<\/a><br \/><a href=\"\/fr\/tri-clamp-flow-meter\/#06\">6) Quelle est la plage de pression applicable au d\u00e9bitm\u00e8tre \u00e0 pince triphas\u00e9 ?<\/a><br \/><a href=\"\/fr\/tri-clamp-flow-meter\/#07\">7) Quels sont les fluides que les d\u00e9bitm\u00e8tres \u00e0 pince triphas\u00e9e sont principalement utilis\u00e9s pour mesurer ?<\/a><br \/><a href=\"\/fr\/tri-clamp-flow-meter\/#08\">8. \u00e0 propos de la taille de l'usine de d\u00e9bitm\u00e8tres tri clamp<\/a><br \/><a href=\"\/fr\/tri-clamp-flow-meter\/#09\">9. le d\u00e9bitm\u00e8tre \u00e0 trois pinces dispose-t-il de capacit\u00e9s de stockage des donn\u00e9es ?<\/a><br \/><a href=\"\/fr\/tri-clamp-flow-meter\/#010\">10. quelle est la diff\u00e9rence entre le d\u00e9bitm\u00e8tre \u00e0 trois pinces SUYI group et le d\u00e9bitm\u00e8tre \u00e0 trois pinces Schneider Electric et le d\u00e9bitm\u00e8tre \u00e0 trois pinces Badger Meter ?<\/a><br \/><a href=\"\/fr\/tri-clamp-flow-meter\/#11\">11. le d\u00e9bitm\u00e8tre tri clamp n\u00e9cessite-t-il une source d'\u00e9nergie externe ?<\/a><br \/><a href=\"\/fr\/tri-clamp-flow-meter\/#12\">12.A propos du syst\u00e8me de gestion de la production des d\u00e9bitm\u00e8tres \u00e0 pince triphas\u00e9e<\/a><br \/><a href=\"\/fr\/tri-clamp-flow-meter\/#13\">13.1 Capacit\u00e9 de production des d\u00e9bitm\u00e8tres \u00e0 pince triphas\u00e9e<\/a><br \/><a href=\"\/fr\/tri-clamp-flow-meter\/#14\">14. comment calibrer un d\u00e9bitm\u00e8tre \u00e0 trois pinces ?<\/a><br \/><a href=\"\/fr\/tri-clamp-flow-meter\/#15\">15. le d\u00e9bitm\u00e8tre tri clamp est-il \u00e9tanche ?<\/a><\/div>\n<div name=\"01\" id=\"01\">\n<p><strong>1) Quelle est la plage de mesure du d\u00e9bitm\u00e8tre \u00e0 pince ?<\/strong><\/p>\n<p>Nous am\u00e9liorons en permanence nos comp\u00e9tences et nos connaissances pour nous adapter \u00e0 l'\u00e9volution des besoins du march\u00e9 des d\u00e9bitm\u00e8tres \u00e0 pince.<br \/>\nLa plage de mesure d'un d\u00e9bitm\u00e8tre d\u00e9pend du type de d\u00e9bitm\u00e8tre utilis\u00e9. En g\u00e9n\u00e9ral, la plage de mesure d'un d\u00e9bitm\u00e8tre peut aller de 0,01 \u00e0 1000 litres par minute.<\/p>\n<\/div>\n<div name=\"02\" id=\"02\">\n<p><strong>2.A propos des capacit\u00e9s de R&amp;D en mati\u00e8re de d\u00e9bitm\u00e8tres \u00e0 pince triphas\u00e9e<\/strong><\/p>\n<p>Les capacit\u00e9s de R&amp;D en mati\u00e8re de d\u00e9bitm\u00e8tres d\u00e9signent l'aptitude d'une entreprise ou d'une organisation \u00e0 rechercher, d\u00e9velopper et fabriquer des d\u00e9bitm\u00e8tres. Il s'agit notamment de la capacit\u00e9 \u00e0 concevoir, tester et fabriquer des d\u00e9bitm\u00e8tres qui r\u00e9pondent aux exigences des clients et aux normes industrielles. Elles comprennent \u00e9galement la capacit\u00e9 \u00e0 d\u00e9velopper de nouvelles technologies et de nouveaux produits pour r\u00e9pondre \u00e0 l'\u00e9volution des besoins de l'industrie. Les entreprises dot\u00e9es de solides capacit\u00e9s de R&amp;D sont en mesure de devancer la concurrence et de fournir \u00e0 leurs clients les d\u00e9bitm\u00e8tres les plus avanc\u00e9s et les plus fiables.<\/p>\n<\/div>\n<div name=\"03\" id=\"03\">\n<p><strong>3. d\u00e9bitm\u00e8tre tri clamp MOQ<\/strong><\/p>\n<p>La quantit\u00e9 minimale de commande (QMC) d'un d\u00e9bitm\u00e8tre d\u00e9pend du type de d\u00e9bitm\u00e8tre et du fabricant. En g\u00e9n\u00e9ral, la QMo pour un d\u00e9bitm\u00e8tre se situe entre 1 et 10 unit\u00e9s, mais elle peut varier en fonction du fabricant et du type de d\u00e9bitm\u00e8tre.<\/p>\n<p><img src=\"https:\/\/www.hginstrument.com\/wp-content\/uploads\/2021\/07\/nozzle-1.jpg\" alt=\"A propos du d\u00e9bitm\u00e8tre tri clamp MOQ\" title=\"A propos du d\u00e9bitm\u00e8tre tri clamp MOQ\" style=\"max-width: 100%;\"><\/div>\n<div name=\"04\" id=\"04\">\n<p><strong>4. le d\u00e9bitm\u00e8tre \u00e0 pince tri peut il \u00eatre contr\u00f4l\u00e9 \u00e0 distance ?<\/strong><\/p>\n<p>Nous sommes une entreprise professionnelle de d\u00e9bitm\u00e8tres \u00e0 pince triphas\u00e9e qui se consacre \u00e0 la fourniture de produits et de services de haute qualit\u00e9.<br \/>\nOui, les d\u00e9bitm\u00e8tres peuvent \u00eatre surveill\u00e9s \u00e0 distance. De nombreux d\u00e9bitm\u00e8tres modernes sont \u00e9quip\u00e9s de capacit\u00e9s de communication sans fil, ce qui permet de les surveiller \u00e0 distance \u00e0 l'aide d'un ordinateur ou d'un appareil mobile. En outre, certains d\u00e9bitm\u00e8tres sont \u00e9quip\u00e9s de capacit\u00e9s de communication cellulaire ou par satellite, ce qui permet de les surveiller depuis pratiquement n'importe quel endroit.<\/p>\n<\/div>\n<div name=\"05\" id=\"05\">\n<p><strong>5.1 \u00c9quipement de production de d\u00e9bitm\u00e8tres \u00e0 pince triphas\u00e9e<\/strong><\/p>\n<p>L'\u00e9quipement de production de d\u00e9bitm\u00e8tres est utilis\u00e9 pour fabriquer des d\u00e9bitm\u00e8tres, qui sont des dispositifs utilis\u00e9s pour mesurer le d\u00e9bit d'un liquide ou d'un gaz. Cet \u00e9quipement comprend g\u00e9n\u00e9ralement une vari\u00e9t\u00e9 de machines et d'outils, tels que des tours, des fraiseuses, des perceuses \u00e0 colonne et des machines \u00e0 commande num\u00e9rique. Il comprend \u00e9galement des outils sp\u00e9cialis\u00e9s pour assembler et tester les d\u00e9bitm\u00e8tres. L'\u00e9quipement utilis\u00e9 pour produire des d\u00e9bitm\u00e8tres est hautement sp\u00e9cialis\u00e9 et doit \u00eatre en mesure de produire des r\u00e9sultats pr\u00e9cis et fiables.<\/p>\n<\/div>\n<div name=\"06\" id=\"06\">\n<p><strong>6) Quelle est la plage de pression applicable au d\u00e9bitm\u00e8tre \u00e0 pince triphas\u00e9 ?<\/strong><\/p>\n<p>Nos produits et services couvrent un large \u00e9ventail de domaines et r\u00e9pondent aux besoins de diff\u00e9rents secteurs.<br \/>\nLa plage de pression applicable \u00e0 un d\u00e9bitm\u00e8tre d\u00e9pend du type de d\u00e9bitm\u00e8tre utilis\u00e9. En g\u00e9n\u00e9ral, les d\u00e9bitm\u00e8tres peuvent mesurer des pressions allant de 0,1 bar \u00e0 1000 bars.<\/p>\n<p><img src=\"https:\/\/www.hginstrument.com\/wp-content\/uploads\/2021\/07\/mdp310-fc3-3.jpg\" alt=\"Quelle est la plage de pression applicable au d\u00e9bitm\u00e8tre \u00e0 pince ?\" title=\"Quelle est la plage de pression applicable au d\u00e9bitm\u00e8tre \u00e0 pince ?\" style=\"max-width: 100%;\"><\/div>\n<div name=\"07\" id=\"07\">\n<p><strong>7) Quels sont les fluides que les d\u00e9bitm\u00e8tres \u00e0 pince triphas\u00e9e sont principalement utilis\u00e9s pour mesurer ?<\/strong><\/p>\n<p>Nous mettons l'accent sur le travail d'\u00e9quipe et la communication pour atteindre des objectifs communs, nous attachons une grande importance \u00e0 ce d\u00e9tail.<br \/>\nLes d\u00e9bitm\u00e8tres sont principalement utilis\u00e9s pour mesurer le d\u00e9bit de liquides, de gaz et de vapeur.<\/p>\n<\/div>\n<div name=\"08\" id=\"08\">\n<p><strong>8. \u00e0 propos de la taille de l'usine de d\u00e9bitm\u00e8tres tri clamp<\/strong><\/p>\n<p>Les usines de d\u00e9bitm\u00e8tres varient en taille et en port\u00e9e, selon le type de d\u00e9bitm\u00e8tres qu'elles produisent. Certaines usines peuvent se sp\u00e9cialiser dans la production d'un seul type de d\u00e9bitm\u00e8tre, tandis que d'autres peuvent en produire plusieurs. Certaines usines peuvent \u00eatre de grande taille et compter des centaines d'employ\u00e9s, tandis que d'autres peuvent \u00eatre de petite taille et ne compter que quelques employ\u00e9s. La taille de l'usine d\u00e9pend \u00e9galement du type de d\u00e9bitm\u00e8tres qu'elle produit, ainsi que de la demande pour ces d\u00e9bitm\u00e8tres.<\/p>\n<\/div>\n<div name=\"09\" id=\"09\">\n<p><strong>9. le d\u00e9bitm\u00e8tre \u00e0 trois pinces dispose-t-il de capacit\u00e9s de stockage des donn\u00e9es ?<\/strong><\/p>\n<p>Nous nous concentrons sur l'innovation et l'am\u00e9lioration continue afin de conserver un avantage concurrentiel.<br \/>\nCela d\u00e9pend du type de d\u00e9bitm\u00e8tre. Certains d\u00e9bitm\u00e8tres ont des capacit\u00e9s de stockage de donn\u00e9es, d'autres non.<\/p>\n<p><img src=\"https:\/\/www.hginstrument.com\/wp-content\/uploads\/2021\/07\/hls-2000h-m2.jpg\" alt=\"Le d\u00e9bitm\u00e8tre \u00e0 trois pinces dispose-t-il de capacit\u00e9s de stockage des donn\u00e9es ?\" title=\"Le d\u00e9bitm\u00e8tre \u00e0 trois pinces dispose-t-il de capacit\u00e9s de stockage des donn\u00e9es ?\" style=\"max-width: 100%;\"><\/div>\n<div name=\"010\" id=\"010\">\n<p><strong>10. quelle est la diff\u00e9rence entre le d\u00e9bitm\u00e8tre \u00e0 trois pinces SUYI group et le d\u00e9bitm\u00e8tre \u00e0 trois pinces Schneider Electric et le d\u00e9bitm\u00e8tre \u00e0 trois pinces Badger Meter ?<\/strong><\/p>\n<p>Les d\u00e9bitm\u00e8tres du groupe SUYI sont g\u00e9n\u00e9ralement utilis\u00e9s pour des applications industrielles, telles que la mesure du d\u00e9bit de liquides, de gaz et de vapeur. Ils sont con\u00e7us pour \u00eatre fiables et pr\u00e9cis, et sont disponibles dans une vari\u00e9t\u00e9 de tailles et de mat\u00e9riaux.<\/p>\n<p>Les d\u00e9bitm\u00e8tres de Schneider Electric sont con\u00e7us pour des applications industrielles et commerciales et sont disponibles dans une vari\u00e9t\u00e9 de tailles et de mat\u00e9riaux. Ils sont con\u00e7us pour \u00eatre fiables et pr\u00e9cis et conviennent \u00e0 une large gamme d'applications.<\/p>\n<p>Les d\u00e9bitm\u00e8tres de Badger Meter sont con\u00e7us pour des applications industrielles et commerciales et sont disponibles dans une vari\u00e9t\u00e9 de tailles et de mat\u00e9riaux. Ils sont con\u00e7us pour \u00eatre fiables et pr\u00e9cis, et conviennent \u00e0 une large gamme d'applications. Ils offrent \u00e9galement de nombreuses fonctionnalit\u00e9s, telles que la surveillance \u00e0 distance et l'enregistrement des donn\u00e9es.<\/p>\n<\/div>\n<div name=\"11\" id=\"11\">\n<p><strong>11. le d\u00e9bitm\u00e8tre tri clamp n\u00e9cessite-t-il une source d'\u00e9nergie externe ?<\/strong><\/p>\n<p>Nous adh\u00e9rons au principe de la qualit\u00e9 d'abord et disposons d'un syst\u00e8me complet de gestion de la qualit\u00e9 de la production et d'un processus d'inspection de la qualit\u00e9.<br \/>\nCela d\u00e9pend du type de d\u00e9bitm\u00e8tre. Certains d\u00e9bitm\u00e8tres sont aliment\u00e9s par une source d'\u00e9nergie externe, tandis que d'autres sont aliment\u00e9s par le d\u00e9bit du liquide ou du gaz mesur\u00e9.<\/p>\n<\/div>\n<div name=\"12\" id=\"12\">\n<p><strong>12.A propos du syst\u00e8me de gestion de la production des d\u00e9bitm\u00e8tres \u00e0 pince triphas\u00e9e<\/strong><\/p>\n<p>Un syst\u00e8me de gestion de la production de d\u00e9bitm\u00e8tres est une solution logicielle con\u00e7ue pour aider les fabricants \u00e0 g\u00e9rer la production de d\u00e9bitm\u00e8tres. Le syst\u00e8me peut \u00eatre utilis\u00e9 pour suivre le processus de production du d\u00e9but \u00e0 la fin, y compris la commande des mati\u00e8res premi\u00e8res, l'assemblage des composants, les essais et l'\u00e9talonnage du produit fini. Le syst\u00e8me peut \u00e9galement \u00eatre utilis\u00e9 pour contr\u00f4ler la qualit\u00e9 du processus de production, en s'assurant que les d\u00e9bitm\u00e8tres r\u00e9pondent aux normes requises. En outre, le syst\u00e8me peut \u00eatre utilis\u00e9 pour g\u00e9n\u00e9rer des rapports et analyser des donn\u00e9es afin d'aider les fabricants \u00e0 am\u00e9liorer leurs processus de production.<\/p>\n<p><img src=\"https:\/\/www.hginstrument.com\/wp-content\/uploads\/2021\/10\/w803e-f3.jpg\" alt=\"A propos du syst\u00e8me de gestion de la production des d\u00e9bitm\u00e8tres \u00e0 pince tri\" title=\"A propos du syst\u00e8me de gestion de la production des d\u00e9bitm\u00e8tres \u00e0 pince tri\" style=\"max-width: 100%;\"><\/div>\n<div name=\"13\" id=\"13\">\n<p><strong>13.1 Capacit\u00e9 de production des d\u00e9bitm\u00e8tres \u00e0 pince triphas\u00e9e<\/strong><\/p>\n<p>La capacit\u00e9 de production des d\u00e9bitm\u00e8tres d\u00e9pend du type de d\u00e9bitm\u00e8tre produit. En g\u00e9n\u00e9ral, la capacit\u00e9 de production est d\u00e9termin\u00e9e par la taille de l'installation de production, le nombre de machines et le personnel disponibles, et le type de d\u00e9bitm\u00e8tre produit. Par exemple, un site de production sp\u00e9cialis\u00e9 dans la fabrication de d\u00e9bitm\u00e8tres \u00e0 turbine peut avoir une capacit\u00e9 de production plus \u00e9lev\u00e9e qu'un site produisant des d\u00e9bitm\u00e8tres \u00e0 ultrasons. En outre, la capacit\u00e9 de production d'une installation peut \u00eatre affect\u00e9e par la complexit\u00e9 du d\u00e9bitm\u00e8tre produit, ainsi que par la disponibilit\u00e9 des mati\u00e8res premi\u00e8res et des composants.<\/p>\n<\/div>\n<div name=\"14\" id=\"14\">\n<p><strong>14. comment calibrer un d\u00e9bitm\u00e8tre \u00e0 trois pinces ?<\/strong><\/p>\n<p>\u00c9tant l'un des principaux fabricants de d\u00e9bitm\u00e8tres \u00e0 pince en Chine, nous attachons une grande importance \u00e0 ce d\u00e9tail.<br \/>\n1. V\u00e9rifier les instructions du fabricant du d\u00e9bitm\u00e8tre utilis\u00e9.<\/p>\n<p>2. S'assurer que le d\u00e9bitm\u00e8tre est install\u00e9 correctement et que toutes les connexions sont bien fix\u00e9es.<\/p>\n<p>3. Connecter le d\u00e9bitm\u00e8tre \u00e0 un dispositif d'\u00e9talonnage, tel qu'un appareil d'\u00e9talonnage du d\u00e9bit ou une boucle d'\u00e9talonnage du d\u00e9bit.<\/p>\n<p>4. R\u00e9gler le dispositif d'\u00e9talonnage sur le d\u00e9bit souhait\u00e9.<\/p>\n<p>5. Mettre le d\u00e9bitm\u00e8tre en marche et le laisser fonctionner pendant quelques minutes pour s'assurer qu'il est stable.<\/p>\n<p>6. V\u00e9rifier la lecture du d\u00e9bitm\u00e8tre par rapport \u00e0 celle du dispositif d'\u00e9talonnage.<\/p>\n<p>7. Ajuster les r\u00e9glages du d\u00e9bitm\u00e8tre si n\u00e9cessaire pour qu'il corresponde \u00e0 la lecture du dispositif d'\u00e9talonnage.<\/p>\n<p>8. R\u00e9p\u00e9ter les \u00e9tapes 4 \u00e0 7 jusqu'\u00e0 ce que la lecture du d\u00e9bitm\u00e8tre corresponde \u00e0 celle du dispositif d'\u00e9talonnage.<\/p>\n<p>9. Enregistrer les r\u00e9glages du d\u00e9bitm\u00e8tre et la lecture du dispositif d'\u00e9talonnage pour r\u00e9f\u00e9rence ult\u00e9rieure.<\/p>\n<\/div>\n<div name=\"15\" id=\"15\">\n<p><strong>15. le d\u00e9bitm\u00e8tre tri clamp est-il \u00e9tanche ?<\/strong><\/p>\n<p>Nous nous concentrons sur les besoins de nos clients et nous nous effor\u00e7ons de r\u00e9pondre \u00e0 leurs attentes, c'est pourquoi nous prenons cela tr\u00e8s au s\u00e9rieux.<br \/>\nNon, la plupart des d\u00e9bitm\u00e8tres ne sont pas \u00e9tanches. Toutefois, certains mod\u00e8les peuvent \u00eatre con\u00e7us pour r\u00e9sister \u00e0 l'eau ou \u00eatre \u00e9tanches. Il est important de v\u00e9rifier les sp\u00e9cifications du d\u00e9bitm\u00e8tre pour d\u00e9terminer s'il peut \u00eatre utilis\u00e9 dans des environnements humides ou mouill\u00e9s.<\/p>\n<p><img src=\"https:\/\/www.hginstrument.com\/wp-content\/uploads\/2021\/07\/hls-2000uf-1.jpg\" alt=\"Le d\u00e9bitm\u00e8tre tri clamp est-il \u00e9tanche ?\" title=\"Le d\u00e9bitm\u00e8tre tri clamp est-il \u00e9tanche ?\" style=\"max-width: 100%;\"><\/div>\n<p>Tag\uff1a<a href=\"\/fr\/magnetic-flow-meter\/turbo-flow-meter\/\">d\u00e9bitm\u00e8tre turbo<\/a>,<a href=\"\/fr\/magnetic-flow-meter\/electronic-water-flow-meter\/\">compteur d'eau \u00e9lectronique<\/a>,<a href=\"\/fr\/magnetic-flow-meter\/sensirion-flow-meter\/\">d\u00e9bitm\u00e8tre sensirion<\/a><\/p>\n<p><\/p>","protected":false},"excerpt":{"rendered":"<p><strong>Donn\u00e9es techniques<\/strong><br \/>\nPeut \u00eatre utilis\u00e9 pour les fluides liquides ou gazeux, g\u00e9n\u00e9ralement pour mesurer le d\u00e9bit de la vapeur, de la vapeur, de l'air et du gaz naturel.<br \/>\nTaille du compteur : Type en ligne : DN25 - DN300<br \/>\nOption de mat\u00e9riau en contact avec le liquide : SS304, SS316<br \/>\nTemp\u00e9rature de fonctionnement : \u2264250\u2103<br \/>\nRaccordement au processus : Wafer \/ Bride \/ Tri-clamp pour le type en ligne<br \/>\nPr\u00e9cision de mesure : 1,0 % - 1,5% de la plage d'\u00e9talonnage<br \/>\nIndicateur num\u00e9rique : affichage du d\u00e9bit instantan\u00e9, du d\u00e9bit total<br \/>\nAlimentation : 24VDC, Sortie : 4-20mA<\/p>\n<p><strong>caract\u00e9ristiques<\/strong><br \/>\n1. points de consigne ON\/OFF r\u00e9glables<br \/>\n2. mode d'alarme de d\u00e9bit Hi ou Lo<br \/>\n3. d\u00e9lai r\u00e9glable<br \/>\n4. LED d'\u00e9tat du relais<\/p>","protected":false},"featured_media":3691,"comment_status":"closed","ping_status":"closed","template":"","meta":[],"product_cat":[2372],"product_tag":[],"acf":[],"_links":{"self":[{"href":"https:\/\/www.hginstrument.com\/fr\/wp-json\/wp\/v2\/product\/5987"}],"collection":[{"href":"https:\/\/www.hginstrument.com\/fr\/wp-json\/wp\/v2\/product"}],"about":[{"href":"https:\/\/www.hginstrument.com\/fr\/wp-json\/wp\/v2\/types\/product"}],"replies":[{"embeddable":true,"href":"https:\/\/www.hginstrument.com\/fr\/wp-json\/wp\/v2\/comments?post=5987"}],"wp:featuredmedia":[{"embeddable":true,"href":"https:\/\/www.hginstrument.com\/fr\/wp-json\/wp\/v2\/media\/3691"}],"wp:attachment":[{"href":"https:\/\/www.hginstrument.com\/fr\/wp-json\/wp\/v2\/media?parent=5987"}],"wp:term":[{"taxonomy":"product_cat","embeddable":true,"href":"https:\/\/www.hginstrument.com\/fr\/wp-json\/wp\/v2\/product_cat?post=5987"},{"taxonomy":"product_tag","embeddable":true,"href":"https:\/\/www.hginstrument.com\/fr\/wp-json\/wp\/v2\/product_tag?post=5987"}],"curies":[{"name":"wp","href":"https:\/\/api.w.org\/{rel}","templated":true}]}}