{"id":6030,"date":"2023-12-25T05:33:46","date_gmt":"2023-12-24T21:33:46","guid":{"rendered":"https:\/\/www.hginstrument.com\/?post_type=product&#038;p=6030"},"modified":"2023-12-27T10:27:36","modified_gmt":"2023-12-27T02:27:36","slug":"ultrasonic-liquid-flow-meter","status":"publish","type":"product","link":"https:\/\/www.hginstrument.com\/fr\/magnetic-flow-meter\/ultrasonic-liquid-flow-meter\/","title":{"rendered":"d\u00e9bitm\u00e8tre de liquide \u00e0 ultrasons"},"content":{"rendered":"<p>This advanced device is designed to measure the quantity and velocity of liquid, gas, or steam as it passes through a pipe or duct. With its state-of-the-art technology and superior performance, ultrasonic liquid flow meter offers precise and reliable measurements that help optimize processes and improve efficiency.<\/p>\n<p>One of the key features of ultrasonic liquid flow meter is its ability to accurately measure the flow rate of various fluids, including liquids, gases, and steam. This is made possible by its unique differential pressure flow measurement method, which ensures minimal pressure loss and high measurement accuracy. Moreover, the instrument is capable of measuring flow rates over a wide range, making it suitable for both low and high flow applications.<\/p>\n<p>Another advantage of using ultrasonic liquid flow meter is its low maintenance requirements. The instrument is designed to be resistant to harsh environments and can operate continuously without the need for frequent cleaning and calibration. This not only reduces downtime but also helps in cost-saving for industries that require constant flow monitoring.<\/p>\n<p>&nbsp;<\/p>\n<table class=\"table table-bordered\">\n<tbody>\n<tr>\n<td><span style=\"vertical-align: inherit;\"><span style=\"vertical-align: inherit;\">Type\uff1a<\/span><\/span><\/td>\n<td><span style=\"vertical-align: inherit;\">d\u00e9bitm\u00e8tre de liquide \u00e0 ultrasons<\/span><\/td>\n<td><span style=\"vertical-align: inherit;\"><span style=\"vertical-align: inherit;\">Signal de sortie\uff1a<\/span><\/span><\/td>\n<td><span style=\"vertical-align: inherit;\"><span style=\"vertical-align: inherit;\">4-16mA, fr\u00e9quence d'impulsion 2kHz (par d\u00e9faut), 5KHz (max)<\/span><\/span><\/td>\n<\/tr>\n<tr>\n<td><span style=\"vertical-align: inherit;\"><span style=\"vertical-align: inherit;\">Lieu d'origine\uff1a<\/span><\/span><\/td>\n<td><span style=\"vertical-align: inherit;\"><span style=\"vertical-align: inherit;\">Jiangsu\uff0cChina<\/span><\/span><\/td>\n<td><span style=\"vertical-align: inherit;\"><span style=\"vertical-align: inherit;\">Incorporer le type\uff1a<\/span><\/span><\/td>\n<td><span style=\"vertical-align: inherit;\"><span style=\"vertical-align: inherit;\">-10\u2103- +58\u2103<\/span><\/span><\/td>\n<\/tr>\n<tr>\n<td><span style=\"vertical-align: inherit;\"><span style=\"vertical-align: inherit;\">Garantie\uff1a<\/span><\/span><\/td>\n<td><span style=\"vertical-align: inherit;\"><span style=\"vertical-align: inherit;\">20 mois<\/span><\/span><\/td>\n<td><span style=\"vertical-align: inherit;\"><span style=\"vertical-align: inherit;\">Tension d'alimentation\uff1a<\/span><\/span><\/td>\n<td><span style=\"vertical-align: inherit;\"><span style=\"vertical-align: inherit;\">110\/220VAC (100-240VAC), 50Hz\/60Hz ; 24VDC\u00b110%<\/span><\/span><\/td>\n<\/tr>\n<tr>\n<td><span style=\"vertical-align: inherit;\"><span style=\"vertical-align: inherit;\">Soutien personnalis\u00e9\uff1a<\/span><\/span><\/td>\n<td><span style=\"vertical-align: inherit;\"><span style=\"vertical-align: inherit;\">OEM, ODM, OBM<\/span><\/span><\/td>\n<td><span style=\"vertical-align: inherit;\"><span style=\"vertical-align: inherit;\">Communication num\u00e9rique\uff1a<\/span><\/span><\/td>\n<td><span style=\"vertical-align: inherit;\"><span style=\"vertical-align: inherit;\">RS-485, supportant le protocole standard Mudbugs-RTU ; GPRS<\/span><\/span><\/td>\n<\/tr>\n<tr>\n<td><span style=\"vertical-align: inherit;\"><span style=\"vertical-align: inherit;\">Nom de marque\uff1a<\/span><\/span><\/td>\n<td><span style=\"vertical-align: inherit;\"><span style=\"vertical-align: inherit;\">GROUPE SUYI<\/span><\/span><\/td>\n<td><span style=\"vertical-align: inherit;\"><span style=\"vertical-align: inherit;\">Pression nominale\uff1a<\/span><\/span><\/td>\n<td><span style=\"vertical-align: inherit;\"><span style=\"vertical-align: inherit;\">1MPa (DN15-DN800), 1,6MPa(DN15-DN800), 2,5MPa(DN15-DN600)<\/span><\/span><\/td>\n<\/tr>\n<tr>\n<td><span style=\"vertical-align: inherit;\"><span style=\"vertical-align: inherit;\">Num\u00e9ro de mod\u00e8le\uff1a<\/span><\/span><\/td>\n<td><span style=\"vertical-align: inherit;\"><span style=\"vertical-align: inherit;\">autres<\/span><\/span><\/td>\n<td><span style=\"vertical-align: inherit;\"><span style=\"vertical-align: inherit;\">Capteur\uff1a<\/span><\/span><\/td>\n<td><span style=\"vertical-align: inherit;\"><span style=\"vertical-align: inherit;\">0\u2103- +80\u2103 ou -25\u2103- +120\u2103 ou +70\u2103- +250\u2103<\/span><\/span><\/td>\n<\/tr>\n<tr>\n<td><span style=\"vertical-align: inherit;\"><span style=\"vertical-align: inherit;\">Nom du produit\uff1a<\/span><\/span><\/td>\n<td><span style=\"vertical-align: inherit;\"><span style=\"vertical-align: inherit;\">D\u00e9bitm\u00e8tre \u00e9lectromagn\u00e9tique intelligent pour produits chimiques<\/span><\/span><\/td>\n<td><span style=\"vertical-align: inherit;\"><span style=\"vertical-align: inherit;\">D\u00e9tails de l'emballage\uff1a<\/span><\/span><\/td>\n<td><span style=\"vertical-align: inherit;\"><span style=\"vertical-align: inherit;\">1 jeu par paquet ou selon la demande du client<\/span><\/span><\/td>\n<\/tr>\n<tr>\n<td><span style=\"vertical-align: inherit;\"><span style=\"vertical-align: inherit;\">Diam\u00e8tre nominal\uff1a<\/span><\/span><\/td>\n<td><span style=\"vertical-align: inherit;\"><span style=\"vertical-align: inherit;\">3-2780mm<\/span><\/span><\/td>\n<td><span style=\"vertical-align: inherit;\"><span style=\"vertical-align: inherit;\">Capacit\u00e9 d'approvisionnement\uff1a<\/span><\/span><\/td>\n<td><span style=\"vertical-align: inherit;\"><span style=\"vertical-align: inherit;\">1970 Set\/Sets per Month<\/span><\/span><\/td>\n<\/tr>\n<tr>\n<td><span style=\"vertical-align: inherit;\"><span style=\"vertical-align: inherit;\">gamme de vitesses\uff1a<\/span><\/span><\/td>\n<td><span style=\"vertical-align: inherit;\"><span style=\"vertical-align: inherit;\">0-10m\/s<\/span><\/span><\/td>\n<td><span style=\"vertical-align: inherit;\"><span style=\"vertical-align: inherit;\">Quantit\u00e9 (jeux)\uff1a<\/span><\/span><\/td>\n<td><span style=\"vertical-align: inherit;\"><span style=\"vertical-align: inherit;\">&gt; 30<\/span><\/span><\/td>\n<\/tr>\n<tr>\n<td><span style=\"vertical-align: inherit;\"><span style=\"vertical-align: inherit;\">Degr\u00e9 de pr\u00e9cision\uff1a<\/span><\/span><\/td>\n<td><span style=\"vertical-align: inherit;\"><span style=\"vertical-align: inherit;\">\u00b10,5%R, \u00b11%R ( &lt; DN20)<\/span><\/span><\/td>\n<td><span style=\"vertical-align: inherit;\"><span style=\"vertical-align: inherit;\">D\u00e9lai d'ex\u00e9cution (jours)\uff1a<\/span><\/span><\/td>\n<td><span style=\"vertical-align: inherit;\"><span style=\"vertical-align: inherit;\">A n\u00e9gocier<\/span><\/span><\/td>\n<\/tr>\n<\/tbody>\n<\/table>\n<p>&nbsp;<\/p>\n<p><strong><\/strong><\/p>\n<p style=\"text-align:center;\"><img src=\"https:\/\/www.hginstrument.com\/wp-content\/uploads\/2021\/07\/in-line-pipeline-type-hgd-electromagnetic-flow-meter.jpg\" atl=\"ultrasonic liquid flow meter\" title=\"d\u00e9bitm\u00e8tre de liquide \u00e0 ultrasons\"><\/p>\n<p><strong><\/strong><\/p>\n<p style=\"text-align:center;\"><img src=\"https:\/\/www.hginstrument.com\/wp-content\/uploads\/2021\/07\/insertion-01.jpg\" atl=\"ultrasonic liquid flow meter\" title=\"d\u00e9bitm\u00e8tre de liquide \u00e0 ultrasons\"><\/p>\n<p><strong><\/strong><\/p>\n<p style=\"text-align:center;\"><img src=\"https:\/\/www.hginstrument.com\/wp-content\/uploads\/2021\/07\/sanitary-mag-1.jpg\" atl=\"ultrasonic liquid flow meter\" title=\"d\u00e9bitm\u00e8tre de liquide \u00e0 ultrasons\"><\/p>\n<p><strong>ultrasonic liquid flow meter FAQs Guide.<\/p>\n<p>At the heart of our ultrasonic liquid flow meter series lies a commitment to excellence, blending advanced sensor technology with user-friendly interfaces. From liquid to gas, our meters deliver unparalleled accuracy, empowering you to make informed decisions and streamline operations. As we usher in a new era of fluid measurement, we invite you to explore the limitless possibilities that our ultrasonic liquid flow meters unlock \u2013 where precision meets performance, and innovation flows seamlessly.<\/strong><\/p>\n<div style=\"border:3px solid #f89900;margin:20px 0;padding:20px;\"><a href=\"\/fr\/ultrasonic-liquid-flow-meter\/#01\">1.What are the requirements for the specific installation location of the ultrasonic liquid flow meter?<\/a><br \/><a href=\"\/fr\/ultrasonic-liquid-flow-meter\/#02\">2.What are the options for the exterior materials of the ultrasonic liquid flow meter?<\/a><br \/><a href=\"\/fr\/ultrasonic-liquid-flow-meter\/#03\">3.About ultrasonic liquid flow meter R&#038;D capabilities<\/a><br \/><a href=\"\/fr\/ultrasonic-liquid-flow-meter\/#04\">4.What are the installation methods of ultrasonic liquid flow meter?<\/a><br \/><a href=\"\/fr\/ultrasonic-liquid-flow-meter\/#05\">5.How does the ultrasonic liquid flow meter connect with other devices and transmit data?<\/a><br \/><a href=\"\/fr\/ultrasonic-liquid-flow-meter\/#06\">6.What is the response time of the ultrasonic liquid flow meter?<\/a><br \/><a href=\"\/fr\/ultrasonic-liquid-flow-meter\/#07\">7.What are the characteristics of ultrasonic liquid flow meter?<\/a><br \/><a href=\"\/fr\/ultrasonic-liquid-flow-meter\/#08\">8.Does the ultrasonic liquid flow meter require an external power source?<\/a><br \/><a href=\"\/fr\/ultrasonic-liquid-flow-meter\/#09\">9.About ultrasonic liquid flow meter patent<\/a><br \/><a href=\"\/fr\/ultrasonic-liquid-flow-meter\/#010\">10.How accurate is the ultrasonic liquid flow meter?<\/a><br \/><a href=\"\/fr\/ultrasonic-liquid-flow-meter\/#11\">11.About ultrasonic liquid flow meter origin<\/a><br \/><a href=\"\/fr\/ultrasonic-liquid-flow-meter\/#12\">12.What are the maintenance methods for ultrasonic liquid flow meter?<\/a><br \/><a href=\"\/fr\/ultrasonic-liquid-flow-meter\/#13\">13.What is the format of the ultrasonic liquid flow meter\u2019s output signal?<\/a><\/div>\n<div name=\"01\" id=\"01\">\n<p><strong>1.What are the requirements for the specific installation location of the ultrasonic liquid flow meter?<\/strong><\/p>\n<p>We operate our ultrasonic liquid flow meter business with integrity and honesty.<br \/>\n1. Le d\u00e9bitm\u00e8tre doit \u00eatre install\u00e9 dans un endroit exempt de vibrations, de chocs et d'autres forces ext\u00e9rieures.<\/p>\n<p>2. Le d\u00e9bitm\u00e8tre doit \u00eatre install\u00e9 dans un endroit exempt de gaz corrosifs, de liquides et d'autres contaminants.<\/p>\n<p>3. Le d\u00e9bitm\u00e8tre doit \u00eatre install\u00e9 dans un endroit accessible pour l'entretien et l'\u00e9talonnage.<\/p>\n<p>4. Le d\u00e9bitm\u00e8tre doit \u00eatre install\u00e9 dans un endroit \u00e0 l'abri des temp\u00e9ratures et de l'humidit\u00e9 extr\u00eames.<\/p>\n<p>5. Le d\u00e9bitm\u00e8tre doit \u00eatre install\u00e9 dans un endroit exempt d'interf\u00e9rences \u00e9lectriques.<\/p>\n<\/div>\n<div name=\"02\" id=\"02\">\n<p><strong>2.What are the options for the exterior materials of the ultrasonic liquid flow meter?<\/strong><\/p>\n<p>ultrasonic liquid flow meter is not a product only,  but also can help you comes to money-making.<br \/>\n1. L'aluminium<br \/>\n2. Acier inoxydable<br \/>\n3. Laiton<br \/>\n4. Plastique<br \/>\n5. Polypropyl\u00e8ne<br \/>\n6. PVC<br \/>\n7. Polycarbonate<br \/>\n8. Fibre de verre<br \/>\n9. Titane<br \/>\n10. Cuivre<\/p>\n<\/div>\n<div name=\"03\" id=\"03\">\n<p><strong>3.About ultrasonic liquid flow meter R&#038;D capabilities<\/strong><\/p>\n<p>Les capacit\u00e9s de R&amp;D en mati\u00e8re de d\u00e9bitm\u00e8tres d\u00e9signent l'aptitude d'une entreprise ou d'une organisation \u00e0 rechercher, d\u00e9velopper et fabriquer des d\u00e9bitm\u00e8tres. Il s'agit notamment de la capacit\u00e9 \u00e0 concevoir, tester et fabriquer des d\u00e9bitm\u00e8tres qui r\u00e9pondent aux exigences des clients et aux normes industrielles. Elles comprennent \u00e9galement la capacit\u00e9 \u00e0 d\u00e9velopper de nouvelles technologies et de nouveaux produits pour r\u00e9pondre \u00e0 l'\u00e9volution des besoins de l'industrie. Les entreprises dot\u00e9es de solides capacit\u00e9s de R&amp;D sont en mesure de devancer la concurrence et de fournir \u00e0 leurs clients les d\u00e9bitm\u00e8tres les plus avanc\u00e9s et les plus fiables.<\/p>\n<p><img src=\"https:\/\/www.hginstrument.com\/wp-content\/uploads\/2021\/07\/mdp310-fc3-3.jpg\" alt=\"About ultrasonic liquid flow meter R&#038;D capabilities\" title=\"About ultrasonic liquid flow meter R&#038;D capabilities\" style=\"max-width: 100%;\"><\/div>\n<div name=\"04\" id=\"04\">\n<p><strong>4.What are the installation methods of ultrasonic liquid flow meter?<\/strong><\/p>\n<p>Our mission is to provide customers with the best solutions for ultrasonic liquid flow meter.<br \/>\n1. Installation en ligne : Il s'agit du type d'installation le plus courant pour les d\u00e9bitm\u00e8tres. Il consiste \u00e0 placer le d\u00e9bitm\u00e8tre directement dans la conduite ou le conduit o\u00f9 le fluide s'\u00e9coule.<\/p>\n<p>2. Installation par insertion : Ce type d'installation consiste \u00e0 ins\u00e9rer le d\u00e9bitm\u00e8tre dans la conduite ou le conduit. Cette op\u00e9ration s'effectue g\u00e9n\u00e9ralement \u00e0 l'aide d'une bride ou d'un raccord.<\/p>\n<p>3. Installation en canal ouvert : Ce type d'installation est utilis\u00e9 lorsque l'\u00e9coulement se fait dans un canal ouvert, tel qu'une rivi\u00e8re ou un ruisseau. Le d\u00e9bitm\u00e8tre est plac\u00e9 dans le canal et mesure le d\u00e9bit.<\/p>\n<p>4. Installation submersible : Ce type d'installation est utilis\u00e9 lorsque le d\u00e9bit se trouve dans un environnement submerg\u00e9, tel qu'un puits ou un r\u00e9servoir. Le d\u00e9bitm\u00e8tre est plac\u00e9 dans l'eau et mesure le d\u00e9bit.<\/p>\n<\/div>\n<div name=\"05\" id=\"05\">\n<p><strong>5.How does the ultrasonic liquid flow meter connect with other devices and transmit data?<\/strong><\/p>\n<p>ultrasonic liquid flow meter is not a product only,  but also can help you comes to money-making.<br \/>\nLes d\u00e9bitm\u00e8tres peuvent se connecter \u00e0 d'autres appareils et transmettre des donn\u00e9es par le biais de diverses m\u00e9thodes, notamment des connexions c\u00e2bl\u00e9es, des connexions sans fil et des protocoles de communication s\u00e9rie. Les connexions filaires peuvent inclure RS-232, RS-485 et USB. Les connexions sans fil peuvent inclure Bluetooth, Wi-Fi et les r\u00e9seaux cellulaires. Les protocoles de communication s\u00e9rie peuvent inclure Modbus, HART et Profibus.<\/p>\n<\/div>\n<div name=\"06\" id=\"06\">\n<p><strong>6.What is the response time of the ultrasonic liquid flow meter?<\/strong><\/p>\n<p>Nous avons \u00e9tabli des partenariats stables et \u00e0 long terme avec nos fournisseurs, ce qui nous conf\u00e8re de grands avantages en termes de prix, de co\u00fbts et d'assurance qualit\u00e9.<br \/>\nLe temps de r\u00e9ponse d'un d\u00e9bitm\u00e8tre peut varier en fonction du type de d\u00e9bitm\u00e8tre utilis\u00e9. En g\u00e9n\u00e9ral, le temps de r\u00e9ponse d'un d\u00e9bitm\u00e8tre est compris entre 0,1 et 1 seconde.<\/p>\n<p><img src=\"https:\/\/www.hginstrument.com\/wp-content\/uploads\/2021\/10\/w803e-f3.jpg\" alt=\"What is the response time of the ultrasonic liquid flow meter?\" title=\"What is the response time of the ultrasonic liquid flow meter?\" style=\"max-width: 100%;\"><\/div>\n<div name=\"07\" id=\"07\">\n<p><strong>7.What are the characteristics of ultrasonic liquid flow meter?<\/strong><\/p>\n<p>Nous avons \u00e9tabli des partenariats stables et \u00e0 long terme avec nos fournisseurs, ce qui nous conf\u00e8re de grands avantages en termes de prix, de co\u00fbts et d'assurance qualit\u00e9.<br \/>\n1. Pr\u00e9cision : Les d\u00e9bitm\u00e8tres doivent pouvoir mesurer avec pr\u00e9cision le d\u00e9bit d'un fluide.<\/p>\n<p>2. Plage de mesure : Les d\u00e9bitm\u00e8tres doivent pouvoir mesurer une large gamme de d\u00e9bits.<\/p>\n<p>3. R\u00e9p\u00e9tabilit\u00e9 : Les d\u00e9bitm\u00e8tres doivent \u00eatre capables de mesurer de mani\u00e8re constante le m\u00eame d\u00e9bit dans le temps.<\/p>\n<p>4. Temps de r\u00e9ponse : Les d\u00e9bitm\u00e8tres doivent pouvoir r\u00e9agir rapidement aux variations de d\u00e9bit.<\/p>\n<p>5. Durabilit\u00e9 : Les d\u00e9bitm\u00e8tres doivent pouvoir r\u00e9sister aux conditions difficiles de l'environnement dans lequel ils sont utilis\u00e9s.<\/p>\n<p>6. Le co\u00fbt : Les d\u00e9bitm\u00e8tres doivent \u00eatre rentables pour l'application.<\/p>\n<\/div>\n<div name=\"08\" id=\"08\">\n<p><strong>8.Does the ultrasonic liquid flow meter require an external power source?<\/strong><\/p>\n<p>Nous adh\u00e9rons au principe de la qualit\u00e9 d'abord et disposons d'un syst\u00e8me complet de gestion de la qualit\u00e9 de la production et d'un processus d'inspection de la qualit\u00e9.<br \/>\nCela d\u00e9pend du type de d\u00e9bitm\u00e8tre. Certains d\u00e9bitm\u00e8tres sont aliment\u00e9s par une source d'\u00e9nergie externe, tandis que d'autres sont aliment\u00e9s par le d\u00e9bit du liquide ou du gaz mesur\u00e9.<\/p>\n<\/div>\n<div name=\"09\" id=\"09\">\n<p><strong>9.About ultrasonic liquid flow meter patent<\/strong><\/p>\n<p>Les brevets sur les d\u00e9bitm\u00e8tres sont des brevets qui couvrent la conception et le fonctionnement des d\u00e9bitm\u00e8tres. Les d\u00e9bitm\u00e8tres sont des dispositifs utilis\u00e9s pour mesurer le d\u00e9bit d'un liquide ou d'un gaz. Les d\u00e9bitm\u00e8tres sont utilis\u00e9s dans diverses industries, notamment le traitement de l'eau et des eaux us\u00e9es, le p\u00e9trole et le gaz, et le traitement chimique. Les d\u00e9bitm\u00e8tres sont utilis\u00e9s pour mesurer le d\u00e9bit d'un fluide, le volume total d'un fluide et la pression d'un fluide. Les d\u00e9bitm\u00e8tres peuvent \u00eatre m\u00e9caniques, \u00e9lectriques ou optiques. Les d\u00e9bitm\u00e8tres peuvent \u00eatre utilis\u00e9s pour mesurer le d\u00e9bit de liquides, de gaz et de vapeur.<\/p>\n<p><img src=\"https:\/\/www.hginstrument.com\/wp-content\/uploads\/2021\/07\/hgvf-1.jpg\" alt=\"About ultrasonic liquid flow meter patent\" title=\"About ultrasonic liquid flow meter patent\" style=\"max-width: 100%;\"><\/div>\n<div name=\"010\" id=\"010\">\n<p><strong>10.How accurate is the ultrasonic liquid flow meter?<\/strong><\/p>\n<p>We are a professional ultrasonic liquid flow meter company dedicated to providing high quality products and services.<br \/>\nLa pr\u00e9cision d'un d\u00e9bitm\u00e8tre d\u00e9pend du type de d\u00e9bitm\u00e8tre utilis\u00e9. En g\u00e9n\u00e9ral, la plupart des d\u00e9bitm\u00e8tres ont une pr\u00e9cision de 1-2% par rapport au d\u00e9bit r\u00e9el. Toutefois, certains d\u00e9bitm\u00e8tres peuvent \u00eatre plus pr\u00e9cis que cela, en fonction du type et de la qualit\u00e9 du d\u00e9bitm\u00e8tre.<\/p>\n<\/div>\n<div name=\"11\" id=\"11\">\n<p><strong>11.About ultrasonic liquid flow meter origin<\/strong><\/p>\n<p>Le premier d\u00e9bitm\u00e8tre a \u00e9t\u00e9 invent\u00e9 en 1832 par un Anglais nomm\u00e9 William Henry. Il a mis au point un appareil utilisant un flotteur pour mesurer le d\u00e9bit d'eau dans un tuyau. Cet appareil \u00e9tait le premier de son genre et le pr\u00e9curseur des d\u00e9bitm\u00e8tres modernes. Depuis lors, les d\u00e9bitm\u00e8tres ont \u00e9t\u00e9 utilis\u00e9s dans diverses industries pour mesurer le d\u00e9bit de liquides, de gaz et d'autres mat\u00e9riaux. Aujourd'hui, les d\u00e9bitm\u00e8tres sont utilis\u00e9s dans diverses applications, de la mesure du d\u00e9bit d'eau dans une canalisation \u00e0 la mesure du d\u00e9bit de p\u00e9trole dans une raffinerie.<\/p>\n<\/div>\n<div name=\"12\" id=\"12\">\n<p><strong>12.What are the maintenance methods for ultrasonic liquid flow meter?<\/strong><\/p>\n<p>Nous nous concentrons sur l'innovation et l'am\u00e9lioration continue afin de conserver un avantage concurrentiel.<br \/>\n1. V\u00e9rifier r\u00e9guli\u00e8rement que le d\u00e9bitm\u00e8tre ne pr\u00e9sente pas de signes d'usure ou de d\u00e9t\u00e9rioration.<\/p>\n<p>2. Nettoyer r\u00e9guli\u00e8rement le d\u00e9bitm\u00e8tre pour garantir la pr\u00e9cision des relev\u00e9s.<\/p>\n<p>3. V\u00e9rifier la pr\u00e9cision du d\u00e9bitm\u00e8tre en effectuant des tests d'\u00e9talonnage.<\/p>\n<p>4. Remplacer les pi\u00e8ces us\u00e9es ou endommag\u00e9es d\u00e8s que possible.<\/p>\n<p>5. S'assurer que le d\u00e9bitm\u00e8tre est correctement install\u00e9 et raccord\u00e9 au syst\u00e8me.<\/p>\n<p>6. V\u00e9rifier que le d\u00e9bitm\u00e8tre ne pr\u00e9sente pas de signes de corrosion ou d'obstruction.<\/p>\n<p>7. Veiller \u00e0 ce que le d\u00e9bitm\u00e8tre soit correctement scell\u00e9 pour \u00e9viter toute fuite.<\/p>\n<p>8. V\u00e9rifier r\u00e9guli\u00e8rement que le d\u00e9bitm\u00e8tre ne pr\u00e9sente aucun signe de vibration ou de bruit.<\/p>\n<p>9. S'assurer que le d\u00e9bitm\u00e8tre est correctement \u00e9talonn\u00e9 et r\u00e9gl\u00e9.<\/p>\n<p>10. V\u00e9rifier r\u00e9guli\u00e8rement que le d\u00e9bitm\u00e8tre ne pr\u00e9sente aucun signe de fuite ou de colmatage.<\/p>\n<p><img src=\"https:\/\/www.hginstrument.com\/wp-content\/uploads\/2021\/07\/wedge-1.jpg\" alt=\"What are the maintenance methods for ultrasonic liquid flow meter?\" title=\"What are the maintenance methods for ultrasonic liquid flow meter?\" style=\"max-width: 100%;\"><\/div>\n<div name=\"13\" id=\"13\">\n<p><strong>13.What is the format of the ultrasonic liquid flow meter\u2019s output signal?<\/strong><\/p>\n<p>We continuously upgrade our skills and knowledge to adapt to changing ultrasonic liquid flow meter market needs.<br \/>\nLe format du signal de sortie du d\u00e9bitm\u00e8tre d\u00e9pend du type de d\u00e9bitm\u00e8tre utilis\u00e9. Les formats de signaux de sortie les plus courants sont l'impulsion, la fr\u00e9quence, la tension et le courant.<\/p>\n<\/div>\n<p>Tag\uff1a<a href=\"\/fr\/magnetic-flow-meter\/welding-flow-meter\/\">d\u00e9bitm\u00e8tre pour le soudage<\/a>,<a href=\"\/fr\/magnetic-flow-meter\/digital-flow-meter-air\/\">d\u00e9bitm\u00e8tre num\u00e9rique air<\/a>,<a href=\"\/fr\/magnetic-flow-meter\/mas-flow-meter\/\">mas flow meter<\/a>,<a href=\"\/fr\/magnetic-flow-meter\/nitrous-flow-meter\/\">d\u00e9bitm\u00e8tre de gaz hilarant<\/a><\/p>\n<p><\/p>","protected":false},"excerpt":{"rendered":"<p><strong>Donn\u00e9es techniques<\/strong><br \/>\nPeut \u00eatre utilis\u00e9 pour les fluides liquides ou gazeux, g\u00e9n\u00e9ralement pour mesurer le d\u00e9bit de la vapeur, de la vapeur, de l'air et du gaz naturel.<br \/>\nTaille du compteur : Type en ligne : DN25 - DN300<br \/>\nOption de mat\u00e9riau en contact avec le liquide : SS304, SS316<br \/>\nTemp\u00e9rature de fonctionnement : \u2264250\u2103<br \/>\nRaccordement au processus : Wafer \/ Bride \/ Tri-clamp pour le type en ligne<br \/>\nPr\u00e9cision de mesure : 1,0 % - 1,5% de la plage d'\u00e9talonnage<br \/>\nIndicateur num\u00e9rique : affichage du d\u00e9bit instantan\u00e9, du d\u00e9bit total<br \/>\nAlimentation : 24VDC, Sortie : 4-20mA<\/p>\n<p><strong>caract\u00e9ristiques<\/strong><br \/>\n1. points de consigne ON\/OFF r\u00e9glables<br \/>\n2. mode d'alarme de d\u00e9bit Hi ou Lo<br \/>\n3. d\u00e9lai r\u00e9glable<br \/>\n4. LED d'\u00e9tat du relais<\/p>","protected":false},"featured_media":3691,"comment_status":"closed","ping_status":"closed","template":"","meta":[],"product_cat":[2372],"product_tag":[],"acf":[],"_links":{"self":[{"href":"https:\/\/www.hginstrument.com\/fr\/wp-json\/wp\/v2\/product\/6030"}],"collection":[{"href":"https:\/\/www.hginstrument.com\/fr\/wp-json\/wp\/v2\/product"}],"about":[{"href":"https:\/\/www.hginstrument.com\/fr\/wp-json\/wp\/v2\/types\/product"}],"replies":[{"embeddable":true,"href":"https:\/\/www.hginstrument.com\/fr\/wp-json\/wp\/v2\/comments?post=6030"}],"wp:featuredmedia":[{"embeddable":true,"href":"https:\/\/www.hginstrument.com\/fr\/wp-json\/wp\/v2\/media\/3691"}],"wp:attachment":[{"href":"https:\/\/www.hginstrument.com\/fr\/wp-json\/wp\/v2\/media?parent=6030"}],"wp:term":[{"taxonomy":"product_cat","embeddable":true,"href":"https:\/\/www.hginstrument.com\/fr\/wp-json\/wp\/v2\/product_cat?post=6030"},{"taxonomy":"product_tag","embeddable":true,"href":"https:\/\/www.hginstrument.com\/fr\/wp-json\/wp\/v2\/product_tag?post=6030"}],"curies":[{"name":"wp","href":"https:\/\/api.w.org\/{rel}","templated":true}]}}