{"id":6042,"date":"2023-12-25T06:03:27","date_gmt":"2023-12-24T22:03:27","guid":{"rendered":"https:\/\/www.hginstrument.com\/?post_type=product&#038;p=6042"},"modified":"2023-12-27T10:17:57","modified_gmt":"2023-12-27T02:17:57","slug":"ultrasonic-water-flow-meter-clamp-on","status":"publish","type":"product","link":"https:\/\/www.hginstrument.com\/fr\/magnetic-flow-meter\/ultrasonic-water-flow-meter-clamp-on\/","title":{"rendered":"d\u00e9bitm\u00e8tre d'eau ultrasonique \u00e0 pince"},"content":{"rendered":"<p>Les performances exceptionnelles, la fiabilit\u00e9 et la stabilit\u00e9 \u00e0 long terme du d\u00e9bitm\u00e8tre \u00e0 ultrasons \u00e0 pince en font un outil important pour maintenir une gestion optimale des flux dans les processus industriels complexes. En outre, il peut \u00eatre facilement int\u00e9gr\u00e9 \u00e0 d'autres appareils et syst\u00e8mes, ce qui permet de communiquer et d'enregistrer des donn\u00e9es en toute transparence. Le d\u00e9bitm\u00e8tre \u00e0 ultrasons \u00e0 pince est une v\u00e9ritable r\u00e9f\u00e9rence en mati\u00e8re de technologie de mesure du d\u00e9bit, car il fournit des solutions fiables et efficaces aux entreprises du monde entier.<\/p>\n<p>L'une des principales caract\u00e9ristiques du d\u00e9bitm\u00e8tre d'eau \u00e0 ultrasons est sa capacit\u00e9 \u00e0 mesurer avec pr\u00e9cision le d\u00e9bit de diff\u00e9rents fluides, y compris les liquides, les gaz et la vapeur. Cela est possible gr\u00e2ce \u00e0 sa m\u00e9thode unique de mesure du d\u00e9bit par pression diff\u00e9rentielle, qui garantit une perte de pression minimale et une grande pr\u00e9cision de mesure. De plus, l'instrument est capable de mesurer des d\u00e9bits sur une large plage, ce qui le rend adapt\u00e9 aux applications \u00e0 faible et \u00e0 fort d\u00e9bit.<\/p>\n<p>Un autre avantage de l'utilisation d'un d\u00e9bitm\u00e8tre d'eau \u00e0 ultrasons est qu'il n\u00e9cessite peu d'entretien. L'instrument est con\u00e7u pour r\u00e9sister aux environnements difficiles et peut fonctionner en continu sans n\u00e9cessiter de nettoyage ni d'\u00e9talonnage fr\u00e9quents. Cela permet non seulement de r\u00e9duire les temps d'arr\u00eat, mais aussi de r\u00e9aliser des \u00e9conomies dans les industries qui ont besoin d'un contr\u00f4le constant du d\u00e9bit.<\/p>\n<p>&nbsp;<\/p>\n<table class=\"table table-bordered\">\n<tbody>\n<tr>\n<td><span style=\"vertical-align: inherit;\"><span style=\"vertical-align: inherit;\">Type\uff1a<\/span><\/span><\/td>\n<td><span style=\"vertical-align: inherit;\">d\u00e9bitm\u00e8tre d'eau ultrasonique \u00e0 pince<\/span><\/td>\n<td><span style=\"vertical-align: inherit;\"><span style=\"vertical-align: inherit;\">Signal de sortie\uff1a<\/span><\/span><\/td>\n<td><span style=\"vertical-align: inherit;\"><span style=\"vertical-align: inherit;\">4-17mA, fr\u00e9quence d'impulsion 2kHz (par d\u00e9faut), 5KHz (max)<\/span><\/span><\/td>\n<\/tr>\n<tr>\n<td><span style=\"vertical-align: inherit;\"><span style=\"vertical-align: inherit;\">Lieu d'origine\uff1a<\/span><\/span><\/td>\n<td><span style=\"vertical-align: inherit;\"><span style=\"vertical-align: inherit;\">Jiangsu\uff0cChina<\/span><\/span><\/td>\n<td><span style=\"vertical-align: inherit;\"><span style=\"vertical-align: inherit;\">Incorporer le type\uff1a<\/span><\/span><\/td>\n<td><span style=\"vertical-align: inherit;\"><span style=\"vertical-align: inherit;\">-10\u2103- +56\u2103<\/span><\/span><\/td>\n<\/tr>\n<tr>\n<td><span style=\"vertical-align: inherit;\"><span style=\"vertical-align: inherit;\">Garantie\uff1a<\/span><\/span><\/td>\n<td><span style=\"vertical-align: inherit;\"><span style=\"vertical-align: inherit;\">18 mois<\/span><\/span><\/td>\n<td><span style=\"vertical-align: inherit;\"><span style=\"vertical-align: inherit;\">Tension d'alimentation\uff1a<\/span><\/span><\/td>\n<td><span style=\"vertical-align: inherit;\"><span style=\"vertical-align: inherit;\">110\/220VAC (100-240VAC), 50Hz\/60Hz ; 24VDC\u00b110%<\/span><\/span><\/td>\n<\/tr>\n<tr>\n<td><span style=\"vertical-align: inherit;\"><span style=\"vertical-align: inherit;\">Soutien personnalis\u00e9\uff1a<\/span><\/span><\/td>\n<td><span style=\"vertical-align: inherit;\"><span style=\"vertical-align: inherit;\">OEM, ODM, OBM<\/span><\/span><\/td>\n<td><span style=\"vertical-align: inherit;\"><span style=\"vertical-align: inherit;\">Communication num\u00e9rique\uff1a<\/span><\/span><\/td>\n<td><span style=\"vertical-align: inherit;\"><span style=\"vertical-align: inherit;\">RS-485, supportant le protocole standard Mudbugs-RTU ; GPRS<\/span><\/span><\/td>\n<\/tr>\n<tr>\n<td><span style=\"vertical-align: inherit;\"><span style=\"vertical-align: inherit;\">Nom de marque\uff1a<\/span><\/span><\/td>\n<td><span style=\"vertical-align: inherit;\"><span style=\"vertical-align: inherit;\">GROUPE SUYI<\/span><\/span><\/td>\n<td><span style=\"vertical-align: inherit;\"><span style=\"vertical-align: inherit;\">Pression nominale\uff1a<\/span><\/span><\/td>\n<td><span style=\"vertical-align: inherit;\"><span style=\"vertical-align: inherit;\">1MPa (DN15-DN800), 1,6MPa(DN15-DN800), 2,5MPa(DN15-DN600)<\/span><\/span><\/td>\n<\/tr>\n<tr>\n<td><span style=\"vertical-align: inherit;\"><span style=\"vertical-align: inherit;\">Num\u00e9ro de mod\u00e8le\uff1a<\/span><\/span><\/td>\n<td><span style=\"vertical-align: inherit;\"><span style=\"vertical-align: inherit;\">autres<\/span><\/span><\/td>\n<td><span style=\"vertical-align: inherit;\"><span style=\"vertical-align: inherit;\">Capteur\uff1a<\/span><\/span><\/td>\n<td><span style=\"vertical-align: inherit;\"><span style=\"vertical-align: inherit;\">0\u2103- +80\u2103 ou -25\u2103- +120\u2103 ou +70\u2103- +250\u2103<\/span><\/span><\/td>\n<\/tr>\n<tr>\n<td><span style=\"vertical-align: inherit;\"><span style=\"vertical-align: inherit;\">Nom du produit\uff1a<\/span><\/span><\/td>\n<td><span style=\"vertical-align: inherit;\"><span style=\"vertical-align: inherit;\">D\u00e9bitm\u00e8tre \u00e9lectromagn\u00e9tique intelligent pour produits chimiques<\/span><\/span><\/td>\n<td><span style=\"vertical-align: inherit;\"><span style=\"vertical-align: inherit;\">D\u00e9tails de l'emballage\uff1a<\/span><\/span><\/td>\n<td><span style=\"vertical-align: inherit;\"><span style=\"vertical-align: inherit;\">1 jeu par paquet ou selon la demande du client<\/span><\/span><\/td>\n<\/tr>\n<tr>\n<td><span style=\"vertical-align: inherit;\"><span style=\"vertical-align: inherit;\">Diam\u00e8tre nominal\uff1a<\/span><\/span><\/td>\n<td><span style=\"vertical-align: inherit;\"><span style=\"vertical-align: inherit;\">3-3180mm<\/span><\/span><\/td>\n<td><span style=\"vertical-align: inherit;\"><span style=\"vertical-align: inherit;\">Capacit\u00e9 d'approvisionnement\uff1a<\/span><\/span><\/td>\n<td><span style=\"vertical-align: inherit;\"><span style=\"vertical-align: inherit;\">1728 Set\/Sets par mois<\/span><\/span><\/td>\n<\/tr>\n<tr>\n<td><span style=\"vertical-align: inherit;\"><span style=\"vertical-align: inherit;\">gamme de vitesses\uff1a<\/span><\/span><\/td>\n<td><span style=\"vertical-align: inherit;\"><span style=\"vertical-align: inherit;\">0-6m\/s<\/span><\/span><\/td>\n<td><span style=\"vertical-align: inherit;\"><span style=\"vertical-align: inherit;\">Quantit\u00e9 (jeux)\uff1a<\/span><\/span><\/td>\n<td><span style=\"vertical-align: inherit;\"><span style=\"vertical-align: inherit;\">&gt; 30<\/span><\/span><\/td>\n<\/tr>\n<tr>\n<td><span style=\"vertical-align: inherit;\"><span style=\"vertical-align: inherit;\">Degr\u00e9 de pr\u00e9cision\uff1a<\/span><\/span><\/td>\n<td><span style=\"vertical-align: inherit;\"><span style=\"vertical-align: inherit;\">\u00b10,5%R, \u00b11%R ( &lt; DN20)<\/span><\/span><\/td>\n<td><span style=\"vertical-align: inherit;\"><span style=\"vertical-align: inherit;\">D\u00e9lai d'ex\u00e9cution (jours)\uff1a<\/span><\/span><\/td>\n<td><span style=\"vertical-align: inherit;\"><span style=\"vertical-align: inherit;\">A n\u00e9gocier<\/span><\/span><\/td>\n<\/tr>\n<\/tbody>\n<\/table>\n<p>&nbsp;<\/p>\n<p><strong><\/strong><\/p>\n<p style=\"text-align:center;\"><img src=\"https:\/\/www.hginstrument.com\/wp-content\/uploads\/2021\/07\/in-line-pipeline-type-hgd-electromagnetic-flow-meter.jpg\" atl=\"ultrasonic water flow meter clamp on\" title=\"d\u00e9bitm\u00e8tre d&#039;eau ultrasonique \u00e0 pince\"><\/p>\n<p><strong><\/strong><\/p>\n<p style=\"text-align:center;\"><img src=\"https:\/\/www.hginstrument.com\/wp-content\/uploads\/2021\/07\/insertion-01.jpg\" atl=\"ultrasonic water flow meter clamp on\" title=\"d\u00e9bitm\u00e8tre d&#039;eau ultrasonique \u00e0 pince\"><\/p>\n<p><strong><\/strong><\/p>\n<p style=\"text-align:center;\"><img src=\"https:\/\/www.hginstrument.com\/wp-content\/uploads\/2021\/07\/sanitary-mag-1.jpg\" atl=\"ultrasonic water flow meter clamp on\" title=\"d\u00e9bitm\u00e8tre d&#039;eau ultrasonique \u00e0 pince\"><\/p>\n<p><strong>D\u00e9bitm\u00e8tre d'eau ultrasonique \u00e0 pince Guide des FAQs.<\/p>\n<p>Au c\u0153ur de notre s\u00e9rie de d\u00e9bitm\u00e8tres d'eau \u00e0 ultrasons \u00e0 pince se trouve un engagement d'excellence, associant une technologie de capteur avanc\u00e9e \u00e0 des interfaces conviviales. Du liquide au gaz, nos compteurs offrent une pr\u00e9cision in\u00e9gal\u00e9e, vous permettant de prendre des d\u00e9cisions \u00e9clair\u00e9es et de rationaliser vos op\u00e9rations. Alors que nous entrons dans une nouvelle \u00e8re de la mesure des fluides, nous vous invitons \u00e0 explorer les possibilit\u00e9s illimit\u00e9es offertes par nos d\u00e9bitm\u00e8tres \u00e0 ultrasons \u00e0 pince - l\u00e0 o\u00f9 la pr\u00e9cision rencontre la performance et o\u00f9 l'innovation coule de source.<\/strong><\/p>\n<div style=\"border:3px solid #f89900;margin:20px 0;padding:20px;\"><a href=\"\/fr\/ultrasonic-water-flow-meter-clamp-on\/#01\">1. le d\u00e9bitm\u00e8tre ultrasonique \u00e0 pince a-t-il une fonction d'alarme automatique ?<\/a><br \/><a href=\"\/fr\/ultrasonic-water-flow-meter-clamp-on\/#02\">2. la technologie de serrage des d\u00e9bitm\u00e8tres \u00e0 ultrasons<\/a><br \/><a href=\"\/fr\/ultrasonic-water-flow-meter-clamp-on\/#03\">3. garantie sur les d\u00e9bitm\u00e8tres \u00e0 ultrasons pour l'eau<\/a><br \/><a href=\"\/fr\/ultrasonic-water-flow-meter-clamp-on\/#04\">4. la pince de d\u00e9bitm\u00e8tre d'eau \u00e0 ultrasons sur les mati\u00e8res premi\u00e8res<\/a><br \/><a href=\"\/fr\/ultrasonic-water-flow-meter-clamp-on\/#05\">5. le d\u00e9bitm\u00e8tre ultrasonique \u00e0 pince poss\u00e8de-t-il une fonction de nettoyage automatique ?<\/a><br \/><a href=\"\/fr\/ultrasonic-water-flow-meter-clamp-on\/#06\">6. quelle est la plage de temp\u00e9rature de fonctionnement du d\u00e9bitm\u00e8tre d'eau \u00e0 ultrasons \u00e0 pince ?<\/a><br \/><a href=\"\/fr\/ultrasonic-water-flow-meter-clamp-on\/#07\">7. quel est le format du signal de sortie du d\u00e9bitm\u00e8tre d'eau \u00e0 ultrasons \u00e0 pince ?<\/a><br \/><a href=\"\/fr\/ultrasonic-water-flow-meter-clamp-on\/#08\">8. le d\u00e9bitm\u00e8tre ultrasonique \u00e0 pince dispose-t-il d'un affichage multilingue ?<\/a><br \/><a href=\"\/fr\/ultrasonic-water-flow-meter-clamp-on\/#09\">9. \u00e0 propos de la pince brevet\u00e9e pour d\u00e9bitm\u00e8tre d'eau \u00e0 ultrasons<\/a><br \/><a href=\"\/fr\/ultrasonic-water-flow-meter-clamp-on\/#010\">10. quel est le temps de r\u00e9ponse du d\u00e9bitm\u00e8tre ultrasonique \u00e0 pince ?<\/a><br \/><a href=\"\/fr\/ultrasonic-water-flow-meter-clamp-on\/#11\">11. le d\u00e9bitm\u00e8tre ultrasonique \u00e0 pince a-t-il une fonction de surveillance en temps r\u00e9el ?<\/a><br \/><a href=\"\/fr\/ultrasonic-water-flow-meter-clamp-on\/#12\">12. quelle est la plage de pression applicable au d\u00e9bitm\u00e8tre d'eau \u00e0 ultrasons \u00e0 pince ?<\/a><br \/><a href=\"\/fr\/ultrasonic-water-flow-meter-clamp-on\/#13\">13. Quelle est la classification antid\u00e9flagrante du d\u00e9bitm\u00e8tre d'eau \u00e0 ultrasons \u00e0 pince ?<\/a><br \/><a href=\"\/fr\/ultrasonic-water-flow-meter-clamp-on\/#14\">14. quels sont les d\u00e9fauts courants et les solutions pour les pinces des d\u00e9bitm\u00e8tres d'eau \u00e0 ultrasons ?<\/a><\/div>\n<div name=\"01\" id=\"01\">\n<p><strong>1. le d\u00e9bitm\u00e8tre ultrasonique \u00e0 pince a-t-il une fonction d'alarme automatique ?<\/strong><\/p>\n<p>Nous adh\u00e9rons au principe de la qualit\u00e9 d'abord et disposons d'un syst\u00e8me complet de gestion de la qualit\u00e9 de la production et d'un processus d'inspection de la qualit\u00e9.<br \/>\nDe nombreux d\u00e9bitm\u00e8tres sont dot\u00e9s d'une fonction d'alarme automatique, mais cela d\u00e9pend du mod\u00e8le. Il est pr\u00e9f\u00e9rable de v\u00e9rifier les sp\u00e9cifications du produit pour d\u00e9terminer si le d\u00e9bitm\u00e8tre que vous envisagez poss\u00e8de cette fonction.<\/p>\n<\/div>\n<div name=\"02\" id=\"02\">\n<p><strong>2. la technologie de serrage des d\u00e9bitm\u00e8tres \u00e0 ultrasons<\/strong><\/p>\n<p>La technologie des d\u00e9bitm\u00e8tres est un type de technologie de mesure utilis\u00e9 pour mesurer le d\u00e9bit d'un fluide ou d'un gaz. Elle est utilis\u00e9e dans une vari\u00e9t\u00e9 d'industries, y compris le p\u00e9trole et le gaz, l'eau et les eaux us\u00e9es, et le traitement chimique. Les d\u00e9bitm\u00e8tres mesurent le d\u00e9bit d'un fluide ou d'un gaz en mesurant la pression, la vitesse ou d'autres propri\u00e9t\u00e9s physiques du fluide ou du gaz. Les d\u00e9bitm\u00e8tres peuvent \u00eatre utilis\u00e9s pour mesurer le d\u00e9bit de liquides, de gaz et de vapeur. Ils sont utilis\u00e9s pour mesurer le d\u00e9bit d'une vari\u00e9t\u00e9 de fluides, y compris l'eau, l'huile et les produits chimiques. Les d\u00e9bitm\u00e8tres sont utilis\u00e9s dans diverses applications, notamment pour le contr\u00f4le des processus, la gestion de l'\u00e9nergie et la surveillance de la s\u00e9curit\u00e9.<\/p>\n<\/div>\n<div name=\"03\" id=\"03\">\n<p><strong>3. garantie sur les d\u00e9bitm\u00e8tres \u00e0 ultrasons pour l'eau<\/strong><\/p>\n<p>Les garanties des d\u00e9bitm\u00e8tres varient en fonction du fabricant et du type de d\u00e9bitm\u00e8tre. En g\u00e9n\u00e9ral, les garanties couvrent les d\u00e9fauts de mat\u00e9riaux et de fabrication, et peuvent \u00e9galement couvrir certains types de dommages caus\u00e9s par une utilisation normale. Certaines garanties peuvent \u00e9galement couvrir les dommages caus\u00e9s par une installation ou une utilisation incorrecte. Il est important de lire les informations relatives \u00e0 la garantie fournies par le fabricant pour comprendre la couverture sp\u00e9cifique et les limitations de la garantie.<\/p>\n<\/div>\n<div name=\"04\" id=\"04\">\n<p><strong>4. la pince de d\u00e9bitm\u00e8tre d'eau \u00e0 ultrasons sur les mati\u00e8res premi\u00e8res<\/strong><\/p>\n<p>Les mati\u00e8res premi\u00e8res des d\u00e9bitm\u00e8tres sont g\u00e9n\u00e9ralement constitu\u00e9es d'une vari\u00e9t\u00e9 de m\u00e9taux, de plastiques et de composites. Les mat\u00e9riaux couramment utilis\u00e9s dans les d\u00e9bitm\u00e8tres sont l'acier inoxydable, le laiton, l'aluminium, le chlorure de polyvinyle (PVC), le polypropyl\u00e8ne (PP) et le polyt\u00e9trafluoro\u00e9thyl\u00e8ne (PTFE). Le mat\u00e9riau utilis\u00e9 dans un d\u00e9bitm\u00e8tre d\u00e9pend de l'application et du type de fluide mesur\u00e9. Par exemple, l'acier inoxydable est souvent utilis\u00e9 pour mesurer les fluides corrosifs, tandis que le PVC est souvent utilis\u00e9 pour mesurer l'eau.<\/p>\n<\/div>\n<div name=\"05\" id=\"05\">\n<p><strong>5. le d\u00e9bitm\u00e8tre ultrasonique \u00e0 pince poss\u00e8de-t-il une fonction de nettoyage automatique ?<\/strong><\/p>\n<p>En tant que l'un des principaux fabricants de pinces de d\u00e9bitm\u00e8tre ultrasonique en Chine, nous attachons une grande importance \u00e0 ce d\u00e9tail.<br \/>\nNon, la plupart des d\u00e9bitm\u00e8tres n'ont pas de fonction de nettoyage automatique. Toutefois, certains mod\u00e8les peuvent \u00eatre dot\u00e9s d'une fonction d'auto-nettoyage qui peut \u00eatre activ\u00e9e manuellement.<\/p>\n<p><img src=\"https:\/\/www.hginstrument.com\/wp-content\/uploads\/2021\/07\/dsrt-1.jpg\" alt=\"Le d\u00e9bitm\u00e8tre \u00e0 ultrasons \u00e0 pince dispose-t-il d&#039;une fonction de nettoyage automatique ?\" title=\"Le d\u00e9bitm\u00e8tre \u00e0 ultrasons \u00e0 pince dispose-t-il d&#039;une fonction de nettoyage automatique ?\" style=\"max-width: 100%;\"><\/div>\n<div name=\"06\" id=\"06\">\n<p><strong>6. quelle est la plage de temp\u00e9rature de fonctionnement du d\u00e9bitm\u00e8tre d'eau \u00e0 ultrasons \u00e0 pince ?<\/strong><\/p>\n<p>Nous avons \u00e9tabli une bonne r\u00e9putation et des partenariats fiables dans l'industrie des colliers de serrage pour d\u00e9bitm\u00e8tres d'eau \u00e0 ultrasons.<br \/>\nLa plage de temp\u00e9rature de fonctionnement du d\u00e9bitm\u00e8tre est comprise entre -40\u00b0F et 140\u00b0F (-40\u00b0C et 60\u00b0C).<\/p>\n<\/div>\n<div name=\"07\" id=\"07\">\n<p><strong>7. quel est le format du signal de sortie du d\u00e9bitm\u00e8tre d'eau \u00e0 ultrasons \u00e0 pince ?<\/strong><\/p>\n<p>Nous am\u00e9liorons en permanence nos comp\u00e9tences et nos connaissances pour nous adapter \u00e0 l'\u00e9volution des besoins du march\u00e9 en mati\u00e8re de d\u00e9bitm\u00e8tre d'eau \u00e0 ultrasons.<br \/>\nLe format du signal de sortie du d\u00e9bitm\u00e8tre d\u00e9pend du type de d\u00e9bitm\u00e8tre utilis\u00e9. Les formats de signaux de sortie les plus courants sont l'impulsion, la fr\u00e9quence, la tension et le courant.<\/p>\n<\/div>\n<div name=\"08\" id=\"08\">\n<p><strong>8. le d\u00e9bitm\u00e8tre ultrasonique \u00e0 pince dispose-t-il d'un affichage multilingue ?<\/strong><\/p>\n<p>En tant que l'un des principaux fabricants de d\u00e9bitm\u00e8tres d'eau \u00e0 ultrasons avec pince en Chine, nous prenons cela tr\u00e8s au s\u00e9rieux.<br \/>\nOui, certains d\u00e9bitm\u00e8tres sont dot\u00e9s d'un affichage multilingue. Toutefois, cette fonction n'est pas disponible sur tous les mod\u00e8les. Il est pr\u00e9f\u00e9rable de v\u00e9rifier aupr\u00e8s du fabricant si le mod\u00e8le qui vous int\u00e9resse est dot\u00e9 de cette fonction.<\/p>\n<\/div>\n<div name=\"09\" id=\"09\">\n<p><strong>9. \u00e0 propos de la pince brevet\u00e9e pour d\u00e9bitm\u00e8tre d'eau \u00e0 ultrasons<\/strong><\/p>\n<p>Les brevets sur les d\u00e9bitm\u00e8tres sont des brevets qui couvrent la conception et le fonctionnement des d\u00e9bitm\u00e8tres. Les d\u00e9bitm\u00e8tres sont des dispositifs utilis\u00e9s pour mesurer le d\u00e9bit d'un liquide ou d'un gaz. Les d\u00e9bitm\u00e8tres sont utilis\u00e9s dans diverses industries, notamment le traitement de l'eau et des eaux us\u00e9es, le p\u00e9trole et le gaz, et le traitement chimique. Les d\u00e9bitm\u00e8tres sont utilis\u00e9s pour mesurer le d\u00e9bit d'un fluide, le volume total d'un fluide et la pression d'un fluide. Les d\u00e9bitm\u00e8tres peuvent \u00eatre m\u00e9caniques, \u00e9lectriques ou optiques. Les d\u00e9bitm\u00e8tres peuvent \u00eatre utilis\u00e9s pour mesurer le d\u00e9bit de liquides, de gaz et de vapeur.<\/p>\n<\/div>\n<div name=\"010\" id=\"010\">\n<p><strong>10. quel est le temps de r\u00e9ponse du d\u00e9bitm\u00e8tre ultrasonique \u00e0 pince ?<\/strong><\/p>\n<p>Nous avons \u00e9tabli des partenariats stables et \u00e0 long terme avec nos fournisseurs, ce qui nous conf\u00e8re de grands avantages en termes de prix, de co\u00fbts et d'assurance qualit\u00e9.<br \/>\nLe temps de r\u00e9ponse d'un d\u00e9bitm\u00e8tre peut varier en fonction du type de d\u00e9bitm\u00e8tre utilis\u00e9. En g\u00e9n\u00e9ral, le temps de r\u00e9ponse d'un d\u00e9bitm\u00e8tre est compris entre 0,1 et 1 seconde.<\/p>\n<p><img src=\"https:\/\/www.hginstrument.com\/wp-content\/uploads\/2021\/07\/hgcmf-c1-1.jpg\" alt=\"Quel est le temps de r\u00e9ponse du d\u00e9bitm\u00e8tre d&#039;eau \u00e0 ultrasons \u00e0 pince ?\" title=\"Quel est le temps de r\u00e9ponse du d\u00e9bitm\u00e8tre d&#039;eau \u00e0 ultrasons \u00e0 pince ?\" style=\"max-width: 100%;\"><\/div>\n<div name=\"11\" id=\"11\">\n<p><strong>11. le d\u00e9bitm\u00e8tre ultrasonique \u00e0 pince a-t-il une fonction de surveillance en temps r\u00e9el ?<\/strong><\/p>\n<p>Oui, certains d\u00e9bitm\u00e8tres ont des fonctions de surveillance en temps r\u00e9el. Ces compteurs sont g\u00e9n\u00e9ralement \u00e9quip\u00e9s de capteurs qui mesurent le d\u00e9bit et transmettent les donn\u00e9es \u00e0 un syst\u00e8me de surveillance. Cela permet de contr\u00f4ler en temps r\u00e9el le d\u00e9bit et d'autres param\u00e8tres.<\/p>\n<\/div>\n<div name=\"12\" id=\"12\">\n<p><strong>12. quelle est la plage de pression applicable au d\u00e9bitm\u00e8tre d'eau \u00e0 ultrasons \u00e0 pince ?<\/strong><\/p>\n<p>Nos produits et services couvrent un large \u00e9ventail de domaines et r\u00e9pondent aux besoins de diff\u00e9rents secteurs.<br \/>\nLa plage de pression applicable \u00e0 un d\u00e9bitm\u00e8tre d\u00e9pend du type de d\u00e9bitm\u00e8tre utilis\u00e9. En g\u00e9n\u00e9ral, les d\u00e9bitm\u00e8tres peuvent mesurer des pressions allant de 0,1 bar \u00e0 1000 bars.<\/p>\n<\/div>\n<div name=\"13\" id=\"13\">\n<p><strong>13. Quelle est la classification antid\u00e9flagrante du d\u00e9bitm\u00e8tre d'eau \u00e0 ultrasons \u00e0 pince ?<\/strong><\/p>\n<p>Nos produits de d\u00e9bitm\u00e8tre d'eau \u00e0 ultrasons sont soumis \u00e0 un contr\u00f4le de qualit\u00e9 strict afin de garantir la satisfaction du client.<br \/>\nLes caract\u00e9ristiques antid\u00e9flagrantes des d\u00e9bitm\u00e8tres varient en fonction du type de compteur et de l'application. En g\u00e9n\u00e9ral, les d\u00e9bitm\u00e8tres sont class\u00e9s dans la classe I, division 1, groupes C et D, ou dans la classe II, division 1, groupes E, F et G.<\/p>\n<\/div>\n<div name=\"14\" id=\"14\">\n<p><strong>14. quels sont les d\u00e9fauts courants et les solutions pour les pinces des d\u00e9bitm\u00e8tres d'eau \u00e0 ultrasons ?<\/strong><\/p>\n<p>Nous maintenons un certain niveau d'investissement en R&amp;D chaque ann\u00e9e et am\u00e9liorons continuellement l'efficacit\u00e9 op\u00e9rationnelle afin de fournir de meilleurs services \u00e0 nos clients coop\u00e9ratifs.<br \/>\nLes d\u00e9fauts et les solutions les plus courants des d\u00e9bitm\u00e8tres sont les suivants :<\/p>\n<p>1. Faible pr\u00e9cision : Ce probl\u00e8me est g\u00e9n\u00e9ralement d\u00fb \u00e0 une mauvaise installation ou \u00e0 un mauvais \u00e9talonnage. Pour r\u00e9soudre ce probl\u00e8me, v\u00e9rifiez l'installation et l'\u00e9talonnage du d\u00e9bitm\u00e8tre et assurez-vous qu'ils sont corrects.<\/p>\n<p>2. Fuite : Elle est g\u00e9n\u00e9ralement due \u00e0 un joint us\u00e9 ou endommag\u00e9. Pour y rem\u00e9dier, remplacez le joint par un nouveau.<\/p>\n<p>3. Colmatage : Ce ph\u00e9nom\u00e8ne est g\u00e9n\u00e9ralement caus\u00e9 par des d\u00e9bris ou d'autres particules qui bloquent le d\u00e9bitm\u00e8tre. Pour r\u00e9soudre ce probl\u00e8me, nettoyez le d\u00e9bitm\u00e8tre et retirez les d\u00e9bris ou les particules.<\/p>\n<p>4. La corrosion : Elle est g\u00e9n\u00e9ralement caus\u00e9e par l'exposition \u00e0 des liquides ou des gaz corrosifs. Pour y rem\u00e9dier, remplacez toutes les pi\u00e8ces corrod\u00e9es et utilisez un mat\u00e9riau r\u00e9sistant \u00e0 la corrosion pour le d\u00e9bitm\u00e8tre.<\/p>\n<\/div>\n<p>Tag\uff1a<a href=\"\/fr\/magnetic-flow-meter\/ultrasonic-vs-electromagnetic-flow-meter\/\">D\u00e9bitm\u00e8tre ultrasonique ou \u00e9lectromagn\u00e9tique<\/a>,<a href=\"\/fr\/magnetic-flow-meter\/pool-water-flow-meter\/\">compteur d'eau de piscine<\/a>,<a href=\"\/fr\/magnetic-flow-meter\/ultrasonic-clamp-on-flow-meter-price\/\">Prix des d\u00e9bitm\u00e8tres \u00e0 pince \u00e0 ultrasons<\/a>,<a href=\"\/fr\/magnetic-flow-meter\/flocat-flow-meter\/\">d\u00e9bitm\u00e8tre flocat<\/a><\/p>\n<p><\/p>","protected":false},"excerpt":{"rendered":"<p><strong>Donn\u00e9es techniques<\/strong><br \/>\nPeut \u00eatre utilis\u00e9 pour les fluides liquides ou gazeux, g\u00e9n\u00e9ralement pour mesurer le d\u00e9bit de la vapeur, de la vapeur, de l'air et du gaz naturel.<br \/>\nTaille du compteur : Type en ligne : DN25 - DN300<br \/>\nOption de mat\u00e9riau en contact avec le liquide : SS304, SS316<br \/>\nTemp\u00e9rature de fonctionnement : \u2264250\u2103<br \/>\nRaccordement au processus : Wafer \/ Bride \/ Tri-clamp pour le type en ligne<br \/>\nPr\u00e9cision de mesure : 1,0 % - 1,5% de la plage d'\u00e9talonnage<br \/>\nIndicateur num\u00e9rique : affichage du d\u00e9bit instantan\u00e9, du d\u00e9bit total<br \/>\nAlimentation : 24VDC, Sortie : 4-20mA<\/p>\n<p><strong>caract\u00e9ristiques<\/strong><br \/>\n1. points de consigne ON\/OFF r\u00e9glables<br \/>\n2. mode d'alarme de d\u00e9bit Hi ou Lo<br \/>\n3. d\u00e9lai r\u00e9glable<br \/>\n4. LED d'\u00e9tat du relais<\/p>","protected":false},"featured_media":3691,"comment_status":"closed","ping_status":"closed","template":"","meta":[],"product_cat":[2372],"product_tag":[],"acf":[],"_links":{"self":[{"href":"https:\/\/www.hginstrument.com\/fr\/wp-json\/wp\/v2\/product\/6042"}],"collection":[{"href":"https:\/\/www.hginstrument.com\/fr\/wp-json\/wp\/v2\/product"}],"about":[{"href":"https:\/\/www.hginstrument.com\/fr\/wp-json\/wp\/v2\/types\/product"}],"replies":[{"embeddable":true,"href":"https:\/\/www.hginstrument.com\/fr\/wp-json\/wp\/v2\/comments?post=6042"}],"wp:featuredmedia":[{"embeddable":true,"href":"https:\/\/www.hginstrument.com\/fr\/wp-json\/wp\/v2\/media\/3691"}],"wp:attachment":[{"href":"https:\/\/www.hginstrument.com\/fr\/wp-json\/wp\/v2\/media?parent=6042"}],"wp:term":[{"taxonomy":"product_cat","embeddable":true,"href":"https:\/\/www.hginstrument.com\/fr\/wp-json\/wp\/v2\/product_cat?post=6042"},{"taxonomy":"product_tag","embeddable":true,"href":"https:\/\/www.hginstrument.com\/fr\/wp-json\/wp\/v2\/product_tag?post=6042"}],"curies":[{"name":"wp","href":"https:\/\/api.w.org\/{rel}","templated":true}]}}