{"id":6112,"date":"2023-12-25T08:44:07","date_gmt":"2023-12-25T00:44:07","guid":{"rendered":"https:\/\/www.hginstrument.com\/?post_type=product&#038;p=6112"},"modified":"2023-12-27T09:18:33","modified_gmt":"2023-12-27T01:18:33","slug":"water-flow-meter-for-garden-hose","status":"publish","type":"product","link":"https:\/\/www.hginstrument.com\/fr\/magnetic-flow-meter\/water-flow-meter-for-garden-hose\/","title":{"rendered":"d\u00e9bitm\u00e8tre d'eau pour tuyau d'arrosage"},"content":{"rendered":"<p>Le d\u00e9bitm\u00e8tre d'eau pour tuyau d'arrosage est une technologie pr\u00e9cise et fiable utilis\u00e9e pour mesurer le d\u00e9bit d'un fluide. Il mesure avec pr\u00e9cision le volume, la masse ou la vitesse du fluide passant par un point sp\u00e9cifique dans un laps de temps donn\u00e9. Le d\u00e9bitm\u00e8tre d'eau pour tuyau d'arrosage est con\u00e7u avec des caract\u00e9ristiques avanc\u00e9es telles qu'un \u00e9cran haute r\u00e9solution, le traitement des signaux num\u00e9riques et l'enregistrement des donn\u00e9es en temps r\u00e9el. <\/p>\n<p>L'une des principales caract\u00e9ristiques du d\u00e9bitm\u00e8tre d'eau pour tuyau d'arrosage est sa capacit\u00e9 \u00e0 mesurer avec pr\u00e9cision le d\u00e9bit de diff\u00e9rents fluides, y compris les liquides, les gaz et la vapeur. Cela est possible gr\u00e2ce \u00e0 sa m\u00e9thode unique de mesure du d\u00e9bit par pression diff\u00e9rentielle, qui garantit une perte de pression minimale et une grande pr\u00e9cision de mesure. En outre, l'instrument est capable de mesurer des d\u00e9bits sur une large plage, ce qui le rend adapt\u00e9 aux applications \u00e0 faible et \u00e0 fort d\u00e9bit.<\/p>\n<p>Un autre avantage de l'utilisation d'un d\u00e9bitm\u00e8tre d'eau pour tuyau d'arrosage est qu'il n\u00e9cessite peu d'entretien. L'instrument est con\u00e7u pour r\u00e9sister aux environnements difficiles et peut fonctionner en continu sans n\u00e9cessiter de nettoyage ni d'\u00e9talonnage fr\u00e9quents. Cela permet non seulement de r\u00e9duire les temps d'arr\u00eat, mais aussi de r\u00e9aliser des \u00e9conomies pour les industries qui ont besoin d'un contr\u00f4le constant du d\u00e9bit.<\/p>\n<p>&nbsp;<\/p>\n<table class=\"table table-bordered\">\n<tbody>\n<tr>\n<td><span style=\"vertical-align: inherit;\"><span style=\"vertical-align: inherit;\">Type\uff1a<\/span><\/span><\/td>\n<td><span style=\"vertical-align: inherit;\">d\u00e9bitm\u00e8tre d'eau pour tuyau d'arrosage<\/span><\/td>\n<td><span style=\"vertical-align: inherit;\"><span style=\"vertical-align: inherit;\">Signal de sortie\uff1a<\/span><\/span><\/td>\n<td><span style=\"vertical-align: inherit;\"><span style=\"vertical-align: inherit;\">4-29mA, Impulsion\/Fr\u00e9quence 2kHz(D\u00e9faut), 5KHz(Max)<\/span><\/span><\/td>\n<\/tr>\n<tr>\n<td><span style=\"vertical-align: inherit;\"><span style=\"vertical-align: inherit;\">Lieu d'origine\uff1a<\/span><\/span><\/td>\n<td><span style=\"vertical-align: inherit;\"><span style=\"vertical-align: inherit;\">Jiangsu\uff0cChina<\/span><\/span><\/td>\n<td><span style=\"vertical-align: inherit;\"><span style=\"vertical-align: inherit;\">Incorporer le type\uff1a<\/span><\/span><\/td>\n<td><span style=\"vertical-align: inherit;\"><span style=\"vertical-align: inherit;\">-10\u2103- +54\u2103<\/span><\/span><\/td>\n<\/tr>\n<tr>\n<td><span style=\"vertical-align: inherit;\"><span style=\"vertical-align: inherit;\">Garantie\uff1a<\/span><\/span><\/td>\n<td><span style=\"vertical-align: inherit;\"><span style=\"vertical-align: inherit;\">11 mois<\/span><\/span><\/td>\n<td><span style=\"vertical-align: inherit;\"><span style=\"vertical-align: inherit;\">Tension d'alimentation\uff1a<\/span><\/span><\/td>\n<td><span style=\"vertical-align: inherit;\"><span style=\"vertical-align: inherit;\">110\/220VAC (100-240VAC), 50Hz\/60Hz ; 24VDC\u00b110%<\/span><\/span><\/td>\n<\/tr>\n<tr>\n<td><span style=\"vertical-align: inherit;\"><span style=\"vertical-align: inherit;\">Soutien personnalis\u00e9\uff1a<\/span><\/span><\/td>\n<td><span style=\"vertical-align: inherit;\"><span style=\"vertical-align: inherit;\">OEM, ODM, OBM<\/span><\/span><\/td>\n<td><span style=\"vertical-align: inherit;\"><span style=\"vertical-align: inherit;\">Communication num\u00e9rique\uff1a<\/span><\/span><\/td>\n<td><span style=\"vertical-align: inherit;\"><span style=\"vertical-align: inherit;\">RS-485, supportant le protocole standard Mudbugs-RTU ; GPRS<\/span><\/span><\/td>\n<\/tr>\n<tr>\n<td><span style=\"vertical-align: inherit;\"><span style=\"vertical-align: inherit;\">Nom de marque\uff1a<\/span><\/span><\/td>\n<td><span style=\"vertical-align: inherit;\"><span style=\"vertical-align: inherit;\">GROUPE SUYI<\/span><\/span><\/td>\n<td><span style=\"vertical-align: inherit;\"><span style=\"vertical-align: inherit;\">Pression nominale\uff1a<\/span><\/span><\/td>\n<td><span style=\"vertical-align: inherit;\"><span style=\"vertical-align: inherit;\">1MPa (DN15-DN800), 1,6MPa(DN15-DN800), 2,5MPa(DN15-DN600)<\/span><\/span><\/td>\n<\/tr>\n<tr>\n<td><span style=\"vertical-align: inherit;\"><span style=\"vertical-align: inherit;\">Num\u00e9ro de mod\u00e8le\uff1a<\/span><\/span><\/td>\n<td><span style=\"vertical-align: inherit;\"><span style=\"vertical-align: inherit;\">autres<\/span><\/span><\/td>\n<td><span style=\"vertical-align: inherit;\"><span style=\"vertical-align: inherit;\">Capteur\uff1a<\/span><\/span><\/td>\n<td><span style=\"vertical-align: inherit;\"><span style=\"vertical-align: inherit;\">0\u2103- +80\u2103 ou -25\u2103- +120\u2103 ou +70\u2103- +250\u2103<\/span><\/span><\/td>\n<\/tr>\n<tr>\n<td><span style=\"vertical-align: inherit;\"><span style=\"vertical-align: inherit;\">Nom du produit\uff1a<\/span><\/span><\/td>\n<td><span style=\"vertical-align: inherit;\"><span style=\"vertical-align: inherit;\">D\u00e9bitm\u00e8tre \u00e9lectromagn\u00e9tique intelligent pour produits chimiques<\/span><\/span><\/td>\n<td><span style=\"vertical-align: inherit;\"><span style=\"vertical-align: inherit;\">D\u00e9tails de l'emballage\uff1a<\/span><\/span><\/td>\n<td><span style=\"vertical-align: inherit;\"><span style=\"vertical-align: inherit;\">1 jeu par paquet ou selon la demande du client<\/span><\/span><\/td>\n<\/tr>\n<tr>\n<td><span style=\"vertical-align: inherit;\"><span style=\"vertical-align: inherit;\">Diam\u00e8tre nominal\uff1a<\/span><\/span><\/td>\n<td><span style=\"vertical-align: inherit;\"><span style=\"vertical-align: inherit;\">3-2896mm<\/span><\/span><\/td>\n<td><span style=\"vertical-align: inherit;\"><span style=\"vertical-align: inherit;\">Capacit\u00e9 d'approvisionnement\uff1a<\/span><\/span><\/td>\n<td><span style=\"vertical-align: inherit;\"><span style=\"vertical-align: inherit;\">1616 Set\/Sets per Month<\/span><\/span><\/td>\n<\/tr>\n<tr>\n<td><span style=\"vertical-align: inherit;\"><span style=\"vertical-align: inherit;\">gamme de vitesses\uff1a<\/span><\/span><\/td>\n<td><span style=\"vertical-align: inherit;\"><span style=\"vertical-align: inherit;\">0-13m\/s<\/span><\/span><\/td>\n<td><span style=\"vertical-align: inherit;\"><span style=\"vertical-align: inherit;\">Quantit\u00e9 (jeux)\uff1a<\/span><\/span><\/td>\n<td><span style=\"vertical-align: inherit;\"><span style=\"vertical-align: inherit;\">&gt; 30<\/span><\/span><\/td>\n<\/tr>\n<tr>\n<td><span style=\"vertical-align: inherit;\"><span style=\"vertical-align: inherit;\">Degr\u00e9 de pr\u00e9cision\uff1a<\/span><\/span><\/td>\n<td><span style=\"vertical-align: inherit;\"><span style=\"vertical-align: inherit;\">\u00b10,5%R, \u00b11%R ( &lt; DN20)<\/span><\/span><\/td>\n<td><span style=\"vertical-align: inherit;\"><span style=\"vertical-align: inherit;\">D\u00e9lai d'ex\u00e9cution (jours)\uff1a<\/span><\/span><\/td>\n<td><span style=\"vertical-align: inherit;\"><span style=\"vertical-align: inherit;\">A n\u00e9gocier<\/span><\/span><\/td>\n<\/tr>\n<\/tbody>\n<\/table>\n<p>&nbsp;<\/p>\n<p><strong><\/strong><\/p>\n<p style=\"text-align:center;\"><img src=\"https:\/\/www.hginstrument.com\/wp-content\/uploads\/2021\/07\/in-line-pipeline-type-hgd-electromagnetic-flow-meter.jpg\" atl=\"water flow meter for garden hose\" title=\"d\u00e9bitm\u00e8tre d&#039;eau pour tuyau d&#039;arrosage\"><\/p>\n<p><strong><\/strong><\/p>\n<p style=\"text-align:center;\"><img src=\"https:\/\/www.hginstrument.com\/wp-content\/uploads\/2021\/07\/insertion-01.jpg\" atl=\"water flow meter for garden hose\" title=\"d\u00e9bitm\u00e8tre d&#039;eau pour tuyau d&#039;arrosage\"><\/p>\n<p><strong><\/strong><\/p>\n<p style=\"text-align:center;\"><img src=\"https:\/\/www.hginstrument.com\/wp-content\/uploads\/2021\/07\/sanitary-mag-1.jpg\" atl=\"water flow meter for garden hose\" title=\"d\u00e9bitm\u00e8tre d&#039;eau pour tuyau d&#039;arrosage\"><\/p>\n<p><strong>d\u00e9bitm\u00e8tre d'eau pour tuyau d'arrosage FAQs Guide.<\/p>\n<p>Au c\u0153ur de notre s\u00e9rie de d\u00e9bitm\u00e8tres pour tuyaux d'arrosage se trouve un engagement en faveur de l'excellence, associant une technologie de capteur avanc\u00e9e \u00e0 des interfaces conviviales. Du liquide au gaz, nos compteurs offrent une pr\u00e9cision in\u00e9gal\u00e9e, ce qui vous permet de prendre des d\u00e9cisions \u00e9clair\u00e9es et de rationaliser vos op\u00e9rations. Alors que nous entrons dans une nouvelle \u00e8re de la mesure des fluides, nous vous invitons \u00e0 explorer les possibilit\u00e9s illimit\u00e9es qu'offrent nos d\u00e9bitm\u00e8tres pour tuyaux d'arrosage - l\u00e0 o\u00f9 la pr\u00e9cision rencontre la performance et o\u00f9 l'innovation coule de source.<\/strong><\/p>\n<div style=\"border:3px solid #f89900;margin:20px 0;padding:20px;\"><a href=\"\/fr\/water-flow-meter-for-garden-hose\/#01\">1) Le d\u00e9bitm\u00e8tre pour tuyau d'arrosage a-t-il une fonction de surveillance en temps r\u00e9el ?<\/a><br \/><a href=\"\/fr\/water-flow-meter-for-garden-hose\/#02\">2) Quelle est la fonction du d\u00e9bitm\u00e8tre d'eau pour tuyau d'arrosage ?<\/a><br \/><a href=\"\/fr\/water-flow-meter-for-garden-hose\/#03\">3.A propos du d\u00e9bitm\u00e8tre d'eau pour tuyau d'arrosage m\u00e9thode de paiement<\/a><br \/><a href=\"\/fr\/water-flow-meter-for-garden-hose\/#04\">4.A propos du brevet de d\u00e9bitm\u00e8tre d'eau pour tuyau d'arrosage<\/a><br \/><a href=\"\/fr\/water-flow-meter-for-garden-hose\/#05\">5. Quelle est la pr\u00e9cision du d\u00e9bitm\u00e8tre pour tuyau d'arrosage ?<\/a><br \/><a href=\"\/fr\/water-flow-meter-for-garden-hose\/#06\">6. les r\u00e9sultats des mesures effectu\u00e9es \u00e0 l'aide d'un d\u00e9bitm\u00e8tre d'eau pour tuyau d'arrosage sont-ils tra\u00e7ables ?<\/a><br \/><a href=\"\/fr\/water-flow-meter-for-garden-hose\/#07\">7.A propos du d\u00e9bitm\u00e8tre pour tuyau d'arrosage d'origine<\/a><br \/><a href=\"\/fr\/water-flow-meter-for-garden-hose\/#08\">8. quelle est la diff\u00e9rence entre le d\u00e9bitm\u00e8tre pour tuyau d'arrosage du groupe SUYI et le d\u00e9bitm\u00e8tre pour tuyau d'arrosage du groupe Emerson et le d\u00e9bitm\u00e8tre pour tuyau d'arrosage du groupe Honeywell ?<\/a><br \/><a href=\"\/fr\/water-flow-meter-for-garden-hose\/#09\">9. historique du d\u00e9veloppement de l'usine de d\u00e9bitm\u00e8tres pour tuyaux d'arrosage<\/a><br \/><a href=\"\/fr\/water-flow-meter-for-garden-hose\/#010\">10.A propos du d\u00e9bitm\u00e8tre d'eau pour l'inventaire des tuyaux d'arrosage<\/a><br \/><a href=\"\/fr\/water-flow-meter-for-garden-hose\/#11\">11) Quelle est la plage de temp\u00e9rature de fonctionnement du d\u00e9bitm\u00e8tre d'eau pour tuyau d'arrosage ?<\/a><br \/><a href=\"\/fr\/water-flow-meter-for-garden-hose\/#12\">12.About d\u00e9bitm\u00e8tre d'eau pour les \u00e9quipements de production de tuyaux d'arrosage<\/a><br \/><a href=\"\/fr\/water-flow-meter-for-garden-hose\/#13\">13. Quelles sont les caract\u00e9ristiques du d\u00e9bitm\u00e8tre d'eau pour tuyau d'arrosage ?<\/a><\/div>\n<div name=\"01\" id=\"01\">\n<p><strong>1) Le d\u00e9bitm\u00e8tre pour tuyau d'arrosage a-t-il une fonction de surveillance en temps r\u00e9el ?<\/strong><\/p>\n<p>Oui, certains d\u00e9bitm\u00e8tres ont des fonctions de surveillance en temps r\u00e9el. Ces compteurs sont g\u00e9n\u00e9ralement \u00e9quip\u00e9s de capteurs qui mesurent le d\u00e9bit et transmettent les donn\u00e9es \u00e0 un syst\u00e8me de surveillance. Cela permet de contr\u00f4ler en temps r\u00e9el le d\u00e9bit et d'autres param\u00e8tres.<\/p>\n<\/div>\n<div name=\"02\" id=\"02\">\n<p><strong>2) Quelle est la fonction du d\u00e9bitm\u00e8tre d'eau pour tuyau d'arrosage ?<\/strong><\/p>\n<p>Notre soci\u00e9t\u00e9 poss\u00e8de de nombreuses ann\u00e9es d'exp\u00e9rience et d'expertise en mati\u00e8re de d\u00e9bitm\u00e8tre d'eau pour tuyau d'arrosage.<br \/>\nUn d\u00e9bitm\u00e8tre est un dispositif utilis\u00e9 pour mesurer le d\u00e9bit ou la quantit\u00e9 d'un gaz ou d'un liquide circulant dans un tuyau. Il sert \u00e0 mesurer le d\u00e9bit d'un liquide ou d'un gaz dans un conduit ferm\u00e9. Les d\u00e9bitm\u00e8tres sont utilis\u00e9s dans diverses industries, notamment le traitement de l'eau et des eaux us\u00e9es, le p\u00e9trole et le gaz, et le traitement chimique.<\/p>\n<\/div>\n<div name=\"03\" id=\"03\">\n<p><strong>3.A propos du d\u00e9bitm\u00e8tre d'eau pour tuyau d'arrosage m\u00e9thode de paiement<\/strong><\/p>\n<p>Le paiement par d\u00e9bitm\u00e8tre est une m\u00e9thode de paiement qui utilise un d\u00e9bitm\u00e8tre pour mesurer la quantit\u00e9 d'\u00e9nergie utilis\u00e9e par un client. Le client paie l'\u00e9nergie utilis\u00e9e en fonction de la quantit\u00e9 d'\u00e9nergie mesur\u00e9e par le d\u00e9bitm\u00e8tre. Cette m\u00e9thode de paiement est souvent utilis\u00e9e dans les milieux commerciaux et industriels, o\u00f9 la consommation d'\u00e9nergie est \u00e9lev\u00e9e et doit \u00eatre suivie avec pr\u00e9cision. Le paiement par d\u00e9bitm\u00e8tre est \u00e9galement utilis\u00e9 dans certains contextes r\u00e9sidentiels, o\u00f9 les clients peuvent payer leur consommation d'\u00e9nergie en fonction de la quantit\u00e9 d'\u00e9nergie qu'ils utilisent.<\/p>\n<\/div>\n<div name=\"04\" id=\"04\">\n<p><strong>4.A propos du brevet de d\u00e9bitm\u00e8tre d'eau pour tuyau d'arrosage<\/strong><\/p>\n<p>Les brevets sur les d\u00e9bitm\u00e8tres sont des brevets qui couvrent la conception et le fonctionnement des d\u00e9bitm\u00e8tres. Les d\u00e9bitm\u00e8tres sont des dispositifs utilis\u00e9s pour mesurer le d\u00e9bit d'un liquide ou d'un gaz. Les d\u00e9bitm\u00e8tres sont utilis\u00e9s dans diverses industries, notamment le traitement de l'eau et des eaux us\u00e9es, le p\u00e9trole et le gaz, et le traitement chimique. Les d\u00e9bitm\u00e8tres sont utilis\u00e9s pour mesurer le d\u00e9bit d'un fluide, le volume total d'un fluide et la pression d'un fluide. Les d\u00e9bitm\u00e8tres peuvent \u00eatre m\u00e9caniques, \u00e9lectriques ou optiques. Les d\u00e9bitm\u00e8tres peuvent \u00eatre utilis\u00e9s pour mesurer le d\u00e9bit de liquides, de gaz et de vapeur.<\/p>\n<p><img src=\"https:\/\/www.hginstrument.com\/wp-content\/uploads\/2021\/07\/v-cone-5.jpg\" alt=\"A propos du brevet de d\u00e9bitm\u00e8tre d&#039;eau pour tuyau d&#039;arrosage\" title=\"A propos du brevet de d\u00e9bitm\u00e8tre d&#039;eau pour tuyau d&#039;arrosage\" style=\"max-width: 100%;\"><\/div>\n<div name=\"05\" id=\"05\">\n<p><strong>5. Quelle est la pr\u00e9cision du d\u00e9bitm\u00e8tre pour tuyau d'arrosage ?<\/strong><\/p>\n<p>Nous sommes une entreprise professionnelle de d\u00e9bitm\u00e8tre d'eau pour tuyau d'arrosage qui se consacre \u00e0 la fourniture de produits et de services de haute qualit\u00e9.<br \/>\nLa pr\u00e9cision d'un d\u00e9bitm\u00e8tre d\u00e9pend du type de d\u00e9bitm\u00e8tre utilis\u00e9. En g\u00e9n\u00e9ral, la plupart des d\u00e9bitm\u00e8tres ont une pr\u00e9cision de 1-2% par rapport au d\u00e9bit r\u00e9el. Toutefois, certains d\u00e9bitm\u00e8tres peuvent \u00eatre plus pr\u00e9cis que cela, en fonction du type et de la qualit\u00e9 du d\u00e9bitm\u00e8tre.<\/p>\n<\/div>\n<div name=\"06\" id=\"06\">\n<p><strong>6. les r\u00e9sultats des mesures effectu\u00e9es \u00e0 l'aide d'un d\u00e9bitm\u00e8tre d'eau pour tuyau d'arrosage sont-ils tra\u00e7ables ?<\/strong><\/p>\n<p>Notre soci\u00e9t\u00e9 poss\u00e8de de nombreuses ann\u00e9es d'exp\u00e9rience et d'expertise en mati\u00e8re de d\u00e9bitm\u00e8tre d'eau pour tuyau d'arrosage.<br \/>\nOui, les r\u00e9sultats des mesures des d\u00e9bitm\u00e8tres peuvent \u00eatre tra\u00e7ables. La tra\u00e7abilit\u00e9 est la capacit\u00e9 de retracer l'historique, l'application ou l'emplacement d'un \u00e9l\u00e9ment au moyen d'une identification document\u00e9e et enregistr\u00e9e. Les d\u00e9bitm\u00e8tres sont g\u00e9n\u00e9ralement \u00e9talonn\u00e9s \u00e0 l'aide d'un \u00e9talon tra\u00e7able, tel qu'un \u00e9talon tra\u00e7able NIST. Cela garantit que les r\u00e9sultats des mesures du d\u00e9bitm\u00e8tre sont tra\u00e7ables \u00e0 un \u00e9talon connu.<\/p>\n<\/div>\n<div name=\"07\" id=\"07\">\n<p><strong>7.A propos du d\u00e9bitm\u00e8tre pour tuyau d'arrosage d'origine<\/strong><\/p>\n<p>Le premier d\u00e9bitm\u00e8tre a \u00e9t\u00e9 invent\u00e9 en 1832 par un Anglais nomm\u00e9 William Henry. Il a mis au point un appareil utilisant un flotteur pour mesurer le d\u00e9bit d'eau dans un tuyau. Cet appareil \u00e9tait le premier de son genre et le pr\u00e9curseur des d\u00e9bitm\u00e8tres modernes. Depuis lors, les d\u00e9bitm\u00e8tres ont \u00e9t\u00e9 utilis\u00e9s dans diverses industries pour mesurer le d\u00e9bit de liquides, de gaz et d'autres mat\u00e9riaux. Aujourd'hui, les d\u00e9bitm\u00e8tres sont utilis\u00e9s dans diverses applications, de la mesure du d\u00e9bit d'eau dans une canalisation \u00e0 la mesure du d\u00e9bit de p\u00e9trole dans une raffinerie.<\/p>\n<\/div>\n<div name=\"08\" id=\"08\">\n<p><strong>8. quelle est la diff\u00e9rence entre le d\u00e9bitm\u00e8tre pour tuyau d'arrosage du groupe SUYI et le d\u00e9bitm\u00e8tre pour tuyau d'arrosage du groupe Emerson et le d\u00e9bitm\u00e8tre pour tuyau d'arrosage du groupe Honeywell ?<\/strong><\/p>\n<p>Les d\u00e9bitm\u00e8tres du groupe SUYI, d'Emerson et d'Honeywell mesurent tous le d\u00e9bit de liquides et de gaz, mais ils diff\u00e8rent en termes de pr\u00e9cision, de caract\u00e9ristiques et de co\u00fbt. Les d\u00e9bitm\u00e8tres du groupe SUYI sont g\u00e9n\u00e9ralement les plus abordables, mais ils peuvent ne pas avoir la m\u00eame pr\u00e9cision ou les m\u00eames caract\u00e9ristiques que les mod\u00e8les plus co\u00fbteux d'Emerson et d'Honeywell. Les d\u00e9bitm\u00e8tres Emerson sont r\u00e9put\u00e9s pour leur pr\u00e9cision et leur fiabilit\u00e9, mais ils peuvent \u00eatre plus chers que les autres marques. Les d\u00e9bitm\u00e8tres Honeywell sont r\u00e9put\u00e9s pour leurs fonctions avanc\u00e9es et leur pr\u00e9cision, mais ils peuvent \u00eatre les plus chers des trois.<\/p>\n<p><img src=\"https:\/\/www.hginstrument.com\/wp-content\/uploads\/2021\/07\/wall-mount-1f.jpg\" alt=\"Quelle est la diff\u00e9rence entre le d\u00e9bitm\u00e8tre pour tuyau d&#039;arrosage SUYI group et le d\u00e9bitm\u00e8tre pour tuyau d&#039;arrosage Emerson et le d\u00e9bitm\u00e8tre pour tuyau d&#039;arrosage Honeywell ?\" title=\"Quelle est la diff\u00e9rence entre le d\u00e9bitm\u00e8tre pour tuyau d&#039;arrosage SUYI group et le d\u00e9bitm\u00e8tre pour tuyau d&#039;arrosage Emerson et le d\u00e9bitm\u00e8tre pour tuyau d&#039;arrosage Honeywell ?\" style=\"max-width: 100%;\"><\/div>\n<div name=\"09\" id=\"09\">\n<p><strong>9. historique du d\u00e9veloppement de l'usine de d\u00e9bitm\u00e8tres pour tuyaux d'arrosage<\/strong><\/p>\n<p>L'usine de d\u00e9bitm\u00e8tres a \u00e9t\u00e9 cr\u00e9\u00e9e au d\u00e9but des ann\u00e9es 1990. Elle a \u00e9t\u00e9 fond\u00e9e par un groupe d'ing\u00e9nieurs et de techniciens qui poss\u00e9daient une vaste exp\u00e9rience dans la conception et la fabrication de d\u00e9bitm\u00e8tres. La soci\u00e9t\u00e9 s'est d'abord concentr\u00e9e sur la production de d\u00e9bitm\u00e8tres m\u00e9caniques, mais elle a rapidement \u00e9largi sa gamme de produits pour y inclure les d\u00e9bitm\u00e8tres \u00e9lectroniques. Au fil des ans, l'entreprise a d\u00e9velopp\u00e9 une large gamme de d\u00e9bitm\u00e8tres pour diverses applications, notamment industrielles, commerciales et r\u00e9sidentielles. Elle a \u00e9galement mis au point une gamme de solutions logicielles et mat\u00e9rielles pour la mesure et le contr\u00f4le des d\u00e9bits. Aujourd'hui, l'entreprise est l'un des principaux fabricants de d\u00e9bitm\u00e8tres et de produits connexes, et elle est reconnue comme un leader dans l'industrie.<\/p>\n<\/div>\n<div name=\"010\" id=\"010\">\n<p><strong>10.A propos du d\u00e9bitm\u00e8tre d'eau pour l'inventaire des tuyaux d'arrosage<\/strong><\/p>\n<p>L'inventaire des d\u00e9bitm\u00e8tres est un syst\u00e8me utilis\u00e9 pour suivre et g\u00e9rer les d\u00e9bitm\u00e8tres utilis\u00e9s dans les applications industrielles et commerciales. Il permet de contr\u00f4ler les performances des d\u00e9bitm\u00e8tres et de s'assurer qu'ils sont correctement entretenus et \u00e9talonn\u00e9s. Le syst\u00e8me d'inventaire peut \u00e9galement \u00eatre utilis\u00e9 pour suivre le co\u00fbt des d\u00e9bitm\u00e8tres, ainsi que pour identifier tout probl\u00e8me potentiel ou toute question concernant les d\u00e9bitm\u00e8tres.<\/p>\n<\/div>\n<div name=\"11\" id=\"11\">\n<p><strong>11) Quelle est la plage de temp\u00e9rature de fonctionnement du d\u00e9bitm\u00e8tre d'eau pour tuyau d'arrosage ?<\/strong><\/p>\n<p>Nous avons \u00e9tabli une bonne r\u00e9putation et des partenariats fiables dans l'industrie des d\u00e9bitm\u00e8tres pour tuyaux d'arrosage.<br \/>\nLa plage de temp\u00e9rature de fonctionnement du d\u00e9bitm\u00e8tre est comprise entre -40\u00b0F et 140\u00b0F (-40\u00b0C et 60\u00b0C).<\/p>\n<\/div>\n<div name=\"12\" id=\"12\">\n<p><strong>12.About d\u00e9bitm\u00e8tre d'eau pour les \u00e9quipements de production de tuyaux d'arrosage<\/strong><\/p>\n<p>L'\u00e9quipement de production de d\u00e9bitm\u00e8tres est utilis\u00e9 pour fabriquer des d\u00e9bitm\u00e8tres, qui sont des dispositifs utilis\u00e9s pour mesurer le d\u00e9bit d'un liquide ou d'un gaz. Cet \u00e9quipement comprend g\u00e9n\u00e9ralement une vari\u00e9t\u00e9 de machines et d'outils, tels que des tours, des fraiseuses, des perceuses \u00e0 colonne et des machines \u00e0 commande num\u00e9rique. Il comprend \u00e9galement des outils sp\u00e9cialis\u00e9s pour assembler et tester les d\u00e9bitm\u00e8tres. L'\u00e9quipement utilis\u00e9 pour produire des d\u00e9bitm\u00e8tres est hautement sp\u00e9cialis\u00e9 et doit \u00eatre en mesure de produire des r\u00e9sultats pr\u00e9cis et fiables.<\/p>\n<p><img src=\"https:\/\/www.hginstrument.com\/wp-content\/uploads\/2021\/07\/hgvf-1.jpg\" alt=\"A propos du d\u00e9bitm\u00e8tre d&#039;eau pour l&#039;\u00e9quipement de production de tuyaux d&#039;arrosage\" title=\"A propos du d\u00e9bitm\u00e8tre d&#039;eau pour l&#039;\u00e9quipement de production de tuyaux d&#039;arrosage\" style=\"max-width: 100%;\"><\/div>\n<div name=\"13\" id=\"13\">\n<p><strong>13. Quelles sont les caract\u00e9ristiques du d\u00e9bitm\u00e8tre d'eau pour tuyau d'arrosage ?<\/strong><\/p>\n<p>Nous avons \u00e9tabli des partenariats stables et \u00e0 long terme avec nos fournisseurs, ce qui nous conf\u00e8re de grands avantages en termes de prix, de co\u00fbts et d'assurance qualit\u00e9.<br \/>\n1. Pr\u00e9cision : Les d\u00e9bitm\u00e8tres doivent pouvoir mesurer avec pr\u00e9cision le d\u00e9bit d'un fluide.<\/p>\n<p>2. Plage de mesure : Les d\u00e9bitm\u00e8tres doivent pouvoir mesurer une large gamme de d\u00e9bits.<\/p>\n<p>3. R\u00e9p\u00e9tabilit\u00e9 : Les d\u00e9bitm\u00e8tres doivent \u00eatre capables de mesurer de mani\u00e8re constante le m\u00eame d\u00e9bit dans le temps.<\/p>\n<p>4. Temps de r\u00e9ponse : Les d\u00e9bitm\u00e8tres doivent pouvoir r\u00e9agir rapidement aux variations de d\u00e9bit.<\/p>\n<p>5. Durabilit\u00e9 : Les d\u00e9bitm\u00e8tres doivent pouvoir r\u00e9sister aux conditions difficiles de l'environnement dans lequel ils sont utilis\u00e9s.<\/p>\n<p>6. Le co\u00fbt : Les d\u00e9bitm\u00e8tres doivent \u00eatre rentables pour l'application.<\/p>\n<\/div>\n<p>Tag\uff1a<a href=\"\/fr\/magnetic-flow-meter\/water-flow-meter-pulse-output\/\">d\u00e9bitm\u00e8tre d'eau sortie d'impulsion<\/a>,<a href=\"\/fr\/magnetic-flow-meter\/flow-meter-calibrator\/\">calibrateur de d\u00e9bitm\u00e8tre<\/a>,<a href=\"\/fr\/magnetic-flow-meter\/ender-hauser-flow-meter\/\">d\u00e9bitm\u00e8tre ender hauser<\/a><\/p>\n<p><\/p>","protected":false},"excerpt":{"rendered":"<p><strong>Donn\u00e9es techniques<\/strong><br \/>\nPeut \u00eatre utilis\u00e9 pour les fluides liquides ou gazeux, g\u00e9n\u00e9ralement pour mesurer le d\u00e9bit de la vapeur, de la vapeur, de l'air et du gaz naturel.<br \/>\nTaille du compteur : Type en ligne : DN25 - DN300<br \/>\nOption de mat\u00e9riau en contact avec le liquide : SS304, SS316<br \/>\nTemp\u00e9rature de fonctionnement : \u2264250\u2103<br \/>\nRaccordement au processus : Wafer \/ Bride \/ Tri-clamp pour le type en ligne<br \/>\nPr\u00e9cision de mesure : 1,0 % - 1,5% de la plage d'\u00e9talonnage<br \/>\nIndicateur num\u00e9rique : affichage du d\u00e9bit instantan\u00e9, du d\u00e9bit total<br \/>\nAlimentation : 24VDC, Sortie : 4-20mA<\/p>\n<p><strong>caract\u00e9ristiques<\/strong><br \/>\n1. points de consigne ON\/OFF r\u00e9glables<br \/>\n2. mode d'alarme de d\u00e9bit Hi ou Lo<br \/>\n3. d\u00e9lai r\u00e9glable<br \/>\n4. LED d'\u00e9tat du relais<\/p>","protected":false},"featured_media":3691,"comment_status":"closed","ping_status":"closed","template":"","meta":[],"product_cat":[2372],"product_tag":[],"acf":[],"_links":{"self":[{"href":"https:\/\/www.hginstrument.com\/fr\/wp-json\/wp\/v2\/product\/6112"}],"collection":[{"href":"https:\/\/www.hginstrument.com\/fr\/wp-json\/wp\/v2\/product"}],"about":[{"href":"https:\/\/www.hginstrument.com\/fr\/wp-json\/wp\/v2\/types\/product"}],"replies":[{"embeddable":true,"href":"https:\/\/www.hginstrument.com\/fr\/wp-json\/wp\/v2\/comments?post=6112"}],"wp:featuredmedia":[{"embeddable":true,"href":"https:\/\/www.hginstrument.com\/fr\/wp-json\/wp\/v2\/media\/3691"}],"wp:attachment":[{"href":"https:\/\/www.hginstrument.com\/fr\/wp-json\/wp\/v2\/media?parent=6112"}],"wp:term":[{"taxonomy":"product_cat","embeddable":true,"href":"https:\/\/www.hginstrument.com\/fr\/wp-json\/wp\/v2\/product_cat?post=6112"},{"taxonomy":"product_tag","embeddable":true,"href":"https:\/\/www.hginstrument.com\/fr\/wp-json\/wp\/v2\/product_tag?post=6112"}],"curies":[{"name":"wp","href":"https:\/\/api.w.org\/{rel}","templated":true}]}}