{"id":6139,"date":"2023-12-25T09:48:32","date_gmt":"2023-12-25T01:48:32","guid":{"rendered":"https:\/\/www.hginstrument.com\/?post_type=product&#038;p=6139"},"modified":"2023-12-27T09:05:34","modified_gmt":"2023-12-27T01:05:34","slug":"water-mass-flow-meter","status":"publish","type":"product","link":"https:\/\/www.hginstrument.com\/fr\/magnetic-flow-meter\/water-mass-flow-meter\/","title":{"rendered":"d\u00e9bitm\u00e8tre massique d'eau"},"content":{"rendered":"<p>The water mass flow meter is a highly reliable and accurate device used for measuring the flow of liquids and gases in various industrial and commercial applications. It is designed with advanced technology and high-quality components, making it durable and resistant to external factors such as temperature and pressure changes.<\/p>\n<p>One of the key features of water mass flow meter is its high accuracy, with a margin of error of less than 1%. This makes it ideal for precise measurements and critical processes. Additionally, the device has a wide measurement range and can handle both low and high flow rates, making it suitable for a variety of industrial needs.<\/p>\n<p>Installation and maintenance of water mass flow meter are quick and easy, thanks to its simple design and intuitive interface. With its reliable performance and cost-effective price, water mass flow meter is an essential tool for any fluid measurement application. It is a trusted and preferred choice for customers worldwide and has a proven track record of delivering accurate<\/p>\n<p>&nbsp;<\/p>\n<table class=\"table table-bordered\">\n<tbody>\n<tr>\n<td><span style=\"vertical-align: inherit;\"><span style=\"vertical-align: inherit;\">Type\uff1a<\/span><\/span><\/td>\n<td><span style=\"vertical-align: inherit;\">d\u00e9bitm\u00e8tre massique d'eau<\/span><\/td>\n<td><span style=\"vertical-align: inherit;\"><span style=\"vertical-align: inherit;\">Signal de sortie\uff1a<\/span><\/span><\/td>\n<td><span style=\"vertical-align: inherit;\"><span style=\"vertical-align: inherit;\">4-29mA, Impulsion\/Fr\u00e9quence 2kHz(D\u00e9faut), 5KHz(Max)<\/span><\/span><\/td>\n<\/tr>\n<tr>\n<td><span style=\"vertical-align: inherit;\"><span style=\"vertical-align: inherit;\">Lieu d'origine\uff1a<\/span><\/span><\/td>\n<td><span style=\"vertical-align: inherit;\"><span style=\"vertical-align: inherit;\">Jiangsu\uff0cChina<\/span><\/span><\/td>\n<td><span style=\"vertical-align: inherit;\"><span style=\"vertical-align: inherit;\">Incorporer le type\uff1a<\/span><\/span><\/td>\n<td><span style=\"vertical-align: inherit;\"><span style=\"vertical-align: inherit;\">-10\u2103- +56\u2103<\/span><\/span><\/td>\n<\/tr>\n<tr>\n<td><span style=\"vertical-align: inherit;\"><span style=\"vertical-align: inherit;\">Garantie\uff1a<\/span><\/span><\/td>\n<td><span style=\"vertical-align: inherit;\"><span style=\"vertical-align: inherit;\">17 mois<\/span><\/span><\/td>\n<td><span style=\"vertical-align: inherit;\"><span style=\"vertical-align: inherit;\">Tension d'alimentation\uff1a<\/span><\/span><\/td>\n<td><span style=\"vertical-align: inherit;\"><span style=\"vertical-align: inherit;\">110\/220VAC (100-240VAC), 50Hz\/60Hz ; 24VDC\u00b110%<\/span><\/span><\/td>\n<\/tr>\n<tr>\n<td><span style=\"vertical-align: inherit;\"><span style=\"vertical-align: inherit;\">Soutien personnalis\u00e9\uff1a<\/span><\/span><\/td>\n<td><span style=\"vertical-align: inherit;\"><span style=\"vertical-align: inherit;\">OEM, ODM, OBM<\/span><\/span><\/td>\n<td><span style=\"vertical-align: inherit;\"><span style=\"vertical-align: inherit;\">Communication num\u00e9rique\uff1a<\/span><\/span><\/td>\n<td><span style=\"vertical-align: inherit;\"><span style=\"vertical-align: inherit;\">RS-485, supportant le protocole standard Mudbugs-RTU ; GPRS<\/span><\/span><\/td>\n<\/tr>\n<tr>\n<td><span style=\"vertical-align: inherit;\"><span style=\"vertical-align: inherit;\">Nom de marque\uff1a<\/span><\/span><\/td>\n<td><span style=\"vertical-align: inherit;\"><span style=\"vertical-align: inherit;\">GROUPE SUYI<\/span><\/span><\/td>\n<td><span style=\"vertical-align: inherit;\"><span style=\"vertical-align: inherit;\">Pression nominale\uff1a<\/span><\/span><\/td>\n<td><span style=\"vertical-align: inherit;\"><span style=\"vertical-align: inherit;\">1MPa (DN15-DN800), 1,6MPa(DN15-DN800), 2,5MPa(DN15-DN600)<\/span><\/span><\/td>\n<\/tr>\n<tr>\n<td><span style=\"vertical-align: inherit;\"><span style=\"vertical-align: inherit;\">Num\u00e9ro de mod\u00e8le\uff1a<\/span><\/span><\/td>\n<td><span style=\"vertical-align: inherit;\"><span style=\"vertical-align: inherit;\">autres<\/span><\/span><\/td>\n<td><span style=\"vertical-align: inherit;\"><span style=\"vertical-align: inherit;\">Capteur\uff1a<\/span><\/span><\/td>\n<td><span style=\"vertical-align: inherit;\"><span style=\"vertical-align: inherit;\">0\u2103- +80\u2103 ou -25\u2103- +120\u2103 ou +70\u2103- +250\u2103<\/span><\/span><\/td>\n<\/tr>\n<tr>\n<td><span style=\"vertical-align: inherit;\"><span style=\"vertical-align: inherit;\">Nom du produit\uff1a<\/span><\/span><\/td>\n<td><span style=\"vertical-align: inherit;\"><span style=\"vertical-align: inherit;\">D\u00e9bitm\u00e8tre \u00e9lectromagn\u00e9tique intelligent pour produits chimiques<\/span><\/span><\/td>\n<td><span style=\"vertical-align: inherit;\"><span style=\"vertical-align: inherit;\">D\u00e9tails de l'emballage\uff1a<\/span><\/span><\/td>\n<td><span style=\"vertical-align: inherit;\"><span style=\"vertical-align: inherit;\">1 jeu par paquet ou selon la demande du client<\/span><\/span><\/td>\n<\/tr>\n<tr>\n<td><span style=\"vertical-align: inherit;\"><span style=\"vertical-align: inherit;\">Diam\u00e8tre nominal\uff1a<\/span><\/span><\/td>\n<td><span style=\"vertical-align: inherit;\"><span style=\"vertical-align: inherit;\">3-2791mm<\/span><\/span><\/td>\n<td><span style=\"vertical-align: inherit;\"><span style=\"vertical-align: inherit;\">Capacit\u00e9 d'approvisionnement\uff1a<\/span><\/span><\/td>\n<td><span style=\"vertical-align: inherit;\"><span style=\"vertical-align: inherit;\">2124 Set\/Sets per Month<\/span><\/span><\/td>\n<\/tr>\n<tr>\n<td><span style=\"vertical-align: inherit;\"><span style=\"vertical-align: inherit;\">gamme de vitesses\uff1a<\/span><\/span><\/td>\n<td><span style=\"vertical-align: inherit;\"><span style=\"vertical-align: inherit;\">0-12m\/s<\/span><\/span><\/td>\n<td><span style=\"vertical-align: inherit;\"><span style=\"vertical-align: inherit;\">Quantit\u00e9 (jeux)\uff1a<\/span><\/span><\/td>\n<td><span style=\"vertical-align: inherit;\"><span style=\"vertical-align: inherit;\">&gt; 30<\/span><\/span><\/td>\n<\/tr>\n<tr>\n<td><span style=\"vertical-align: inherit;\"><span style=\"vertical-align: inherit;\">Degr\u00e9 de pr\u00e9cision\uff1a<\/span><\/span><\/td>\n<td><span style=\"vertical-align: inherit;\"><span style=\"vertical-align: inherit;\">\u00b10,5%R, \u00b11%R ( &lt; DN20)<\/span><\/span><\/td>\n<td><span style=\"vertical-align: inherit;\"><span style=\"vertical-align: inherit;\">D\u00e9lai d'ex\u00e9cution (jours)\uff1a<\/span><\/span><\/td>\n<td><span style=\"vertical-align: inherit;\"><span style=\"vertical-align: inherit;\">A n\u00e9gocier<\/span><\/span><\/td>\n<\/tr>\n<\/tbody>\n<\/table>\n<p>&nbsp;<\/p>\n<p><strong><\/strong><\/p>\n<p style=\"text-align:center;\"><img src=\"https:\/\/www.hginstrument.com\/wp-content\/uploads\/2021\/07\/in-line-pipeline-type-hgd-electromagnetic-flow-meter.jpg\" atl=\"water mass flow meter\" title=\"d\u00e9bitm\u00e8tre massique d&#039;eau\"><\/p>\n<p><strong><\/strong><\/p>\n<p style=\"text-align:center;\"><img src=\"https:\/\/www.hginstrument.com\/wp-content\/uploads\/2021\/07\/insertion-01.jpg\" atl=\"water mass flow meter\" title=\"d\u00e9bitm\u00e8tre massique d&#039;eau\"><\/p>\n<p><strong><\/strong><\/p>\n<p style=\"text-align:center;\"><img src=\"https:\/\/www.hginstrument.com\/wp-content\/uploads\/2021\/07\/sanitary-mag-1.jpg\" atl=\"water mass flow meter\" title=\"d\u00e9bitm\u00e8tre massique d&#039;eau\"><\/p>\n<p><strong>water mass flow meter FAQs Guide.<\/p>\n<p>At the heart of our water mass flow meter series lies a commitment to excellence, blending advanced sensor technology with user-friendly interfaces. From liquid to gas, our meters deliver unparalleled accuracy, empowering you to make informed decisions and streamline operations. As we usher in a new era of fluid measurement, we invite you to explore the limitless possibilities that our water mass flow meters unlock \u2013 where precision meets performance, and innovation flows seamlessly.<\/strong><\/p>\n<div style=\"border:3px solid #f89900;margin:20px 0;padding:20px;\"><a href=\"\/fr\/water-mass-flow-meter\/#01\">1.Does water mass flow meter have real-time monitoring function?<\/a><br \/><a href=\"\/fr\/water-mass-flow-meter\/#02\">2.About water mass flow meter production management system<\/a><br \/><a href=\"\/fr\/water-mass-flow-meter\/#03\">3.How does a water mass flow meter measure flow?<\/a><br \/><a href=\"\/fr\/water-mass-flow-meter\/#04\">4.Can the water mass flow meter be equipped with sensors of different accuracy?<\/a><br \/><a href=\"\/fr\/water-mass-flow-meter\/#05\">5.What is a water mass flow meter?<\/a><br \/><a href=\"\/fr\/water-mass-flow-meter\/#06\">6.What are the requirements for the specific installation location of the water mass flow meter?<\/a><br \/><a href=\"\/fr\/water-mass-flow-meter\/#07\">7.About water mass flow meter raw materials<\/a><br \/><a href=\"\/fr\/water-mass-flow-meter\/#08\">8.Can the measurement results of the water mass flow meter be output and recorded remotely?<\/a><br \/><a href=\"\/fr\/water-mass-flow-meter\/#09\">9.What is the applicable pressure range of water mass flow meter?<\/a><br \/><a href=\"\/fr\/water-mass-flow-meter\/#010\">10.Is the water mass flow meter anti-corrosion?<\/a><br \/><a href=\"\/fr\/water-mass-flow-meter\/#11\">11.About water mass flow meter origin<\/a><br \/><a href=\"\/fr\/water-mass-flow-meter\/#12\">12.Does the water mass flow meter have remote control capabilities?<\/a><br \/><a href=\"\/fr\/water-mass-flow-meter\/#13\">13.Does the water mass flow meter have multi-language display capabilities?<\/a><br \/><a href=\"\/fr\/water-mass-flow-meter\/#14\">14.What are the characteristics of water mass flow meter?<\/a><br \/><a href=\"\/fr\/water-mass-flow-meter\/#15\">15.What industries is water mass flow meter suitable for?<\/a><\/div>\n<div name=\"01\" id=\"01\">\n<p><strong>1.Does water mass flow meter have real-time monitoring function?<\/strong><\/p>\n<p>Oui, certains d\u00e9bitm\u00e8tres ont des fonctions de surveillance en temps r\u00e9el. Ces compteurs sont g\u00e9n\u00e9ralement \u00e9quip\u00e9s de capteurs qui mesurent le d\u00e9bit et transmettent les donn\u00e9es \u00e0 un syst\u00e8me de surveillance. Cela permet de contr\u00f4ler en temps r\u00e9el le d\u00e9bit et d'autres param\u00e8tres.<\/p>\n<\/div>\n<div name=\"02\" id=\"02\">\n<p><strong>2.About water mass flow meter production management system<\/strong><\/p>\n<p>Un syst\u00e8me de gestion de la production de d\u00e9bitm\u00e8tres est une solution logicielle con\u00e7ue pour aider les fabricants \u00e0 g\u00e9rer la production de d\u00e9bitm\u00e8tres. Le syst\u00e8me peut \u00eatre utilis\u00e9 pour suivre le processus de production du d\u00e9but \u00e0 la fin, y compris la commande des mati\u00e8res premi\u00e8res, l'assemblage des composants, les essais et l'\u00e9talonnage du produit fini. Le syst\u00e8me peut \u00e9galement \u00eatre utilis\u00e9 pour contr\u00f4ler la qualit\u00e9 du processus de production, en s'assurant que les d\u00e9bitm\u00e8tres r\u00e9pondent aux normes requises. En outre, le syst\u00e8me peut \u00eatre utilis\u00e9 pour g\u00e9n\u00e9rer des rapports et analyser des donn\u00e9es afin d'aider les fabricants \u00e0 am\u00e9liorer leurs processus de production.<\/p>\n<\/div>\n<div name=\"03\" id=\"03\">\n<p><strong>3.How does a water mass flow meter measure flow?<\/strong><\/p>\n<p>We operate our water mass flow meter business with integrity and honesty.<br \/>\nUn d\u00e9bitm\u00e8tre mesure le d\u00e9bit en mesurant la vitesse d'un fluide lorsqu'il passe dans un tuyau ou un autre conduit. Cela se fait g\u00e9n\u00e9ralement en mesurant la chute de pression dans une zone connue ou en mesurant le temps n\u00e9cessaire pour qu'un volume de fluide passe \u00e0 travers une zone connue. D'autres m\u00e9thodes consistent \u00e0 utiliser une turbine, une roue \u00e0 aubes ou un transducteur \u00e0 ultrasons pour mesurer la vitesse du fluide.<\/p>\n<p><img src=\"https:\/\/www.hginstrument.com\/wp-content\/uploads\/2021\/07\/mdp310-fc3-3.jpg\" alt=\"How does a water mass flow meter measure flow?\" title=\"How does a water mass flow meter measure flow?\" style=\"max-width: 100%;\"><\/div>\n<div name=\"04\" id=\"04\">\n<p><strong>4.Can the water mass flow meter be equipped with sensors of different accuracy?<\/strong><\/p>\n<p>Oui, les d\u00e9bitm\u00e8tres peuvent \u00eatre \u00e9quip\u00e9s de capteurs de diff\u00e9rentes pr\u00e9cisions. Diff\u00e9rents types de d\u00e9bitm\u00e8tres sont disponibles avec diff\u00e9rents niveaux de pr\u00e9cision, en fonction de l'application. Par exemple, les d\u00e9bitm\u00e8tres \u00e0 turbine sont g\u00e9n\u00e9ralement plus pr\u00e9cis que les d\u00e9bitm\u00e8tres \u00e0 roue \u00e0 aubes.<\/p>\n<\/div>\n<div name=\"05\" id=\"05\">\n<p><strong>5.What is a water mass flow meter?<\/strong><\/p>\n<p>Nous mettons l'accent sur le travail d'\u00e9quipe et la communication pour atteindre des objectifs communs, nous attachons une grande importance \u00e0 ce d\u00e9tail.<br \/>\nUn d\u00e9bitm\u00e8tre est un dispositif utilis\u00e9 pour mesurer le d\u00e9bit ou la quantit\u00e9 d'un gaz ou d'un liquide circulant dans une conduite. Les d\u00e9bitm\u00e8tres mesurent le d\u00e9bit volum\u00e9trique ou massique d'un liquide ou d'un gaz. Ils sont utilis\u00e9s dans une vari\u00e9t\u00e9 d'industries, y compris le traitement de l'eau et des eaux us\u00e9es, le p\u00e9trole et le gaz, le traitement chimique et la production d'aliments et de boissons.<\/p>\n<\/div>\n<div name=\"06\" id=\"06\">\n<p><strong>6.What are the requirements for the specific installation location of the water mass flow meter?<\/strong><\/p>\n<p>We operate our water mass flow meter business with integrity and honesty.<br \/>\n1. Le d\u00e9bitm\u00e8tre doit \u00eatre install\u00e9 dans un endroit exempt de vibrations, de chocs et d'autres forces ext\u00e9rieures.<\/p>\n<p>2. Le d\u00e9bitm\u00e8tre doit \u00eatre install\u00e9 dans un endroit exempt de gaz corrosifs, de liquides et d'autres contaminants.<\/p>\n<p>3. Le d\u00e9bitm\u00e8tre doit \u00eatre install\u00e9 dans un endroit accessible pour l'entretien et l'\u00e9talonnage.<\/p>\n<p>4. Le d\u00e9bitm\u00e8tre doit \u00eatre install\u00e9 dans un endroit \u00e0 l'abri des temp\u00e9ratures et de l'humidit\u00e9 extr\u00eames.<\/p>\n<p>5. Le d\u00e9bitm\u00e8tre doit \u00eatre install\u00e9 dans un endroit exempt d'interf\u00e9rences \u00e9lectriques.<\/p>\n<p><img src=\"https:\/\/www.hginstrument.com\/wp-content\/uploads\/2021\/07\/hg-50-7.jpg\" alt=\"What are the requirements for the specific installation location of the water mass flow meter?\" title=\"What are the requirements for the specific installation location of the water mass flow meter?\" style=\"max-width: 100%;\"><\/div>\n<div name=\"07\" id=\"07\">\n<p><strong>7.About water mass flow meter raw materials<\/strong><\/p>\n<p>Les mati\u00e8res premi\u00e8res des d\u00e9bitm\u00e8tres sont g\u00e9n\u00e9ralement constitu\u00e9es d'une vari\u00e9t\u00e9 de m\u00e9taux, de plastiques et de composites. Les mat\u00e9riaux couramment utilis\u00e9s dans les d\u00e9bitm\u00e8tres sont l'acier inoxydable, le laiton, l'aluminium, le chlorure de polyvinyle (PVC), le polypropyl\u00e8ne (PP) et le polyt\u00e9trafluoro\u00e9thyl\u00e8ne (PTFE). Le mat\u00e9riau utilis\u00e9 dans un d\u00e9bitm\u00e8tre d\u00e9pend de l'application et du type de fluide mesur\u00e9. Par exemple, l'acier inoxydable est souvent utilis\u00e9 pour mesurer les fluides corrosifs, tandis que le PVC est souvent utilis\u00e9 pour mesurer l'eau.<\/p>\n<\/div>\n<div name=\"08\" id=\"08\">\n<p><strong>8.Can the measurement results of the water mass flow meter be output and recorded remotely?<\/strong><\/p>\n<p>Oui, de nombreux d\u00e9bitm\u00e8tres sont \u00e9quip\u00e9s de capacit\u00e9s de sortie et d'enregistrement \u00e0 distance. Cela permet aux utilisateurs de surveiller et d'enregistrer les donn\u00e9es de d\u00e9bit \u00e0 partir d'un site distant.<\/p>\n<\/div>\n<div name=\"09\" id=\"09\">\n<p><strong>9.What is the applicable pressure range of water mass flow meter?<\/strong><\/p>\n<p>Nos produits et services couvrent un large \u00e9ventail de domaines et r\u00e9pondent aux besoins de diff\u00e9rents secteurs.<br \/>\nLa plage de pression applicable \u00e0 un d\u00e9bitm\u00e8tre d\u00e9pend du type de d\u00e9bitm\u00e8tre utilis\u00e9. En g\u00e9n\u00e9ral, les d\u00e9bitm\u00e8tres peuvent mesurer des pressions allant de 0,1 bar \u00e0 1000 bars.<\/p>\n<p><img src=\"https:\/\/www.hginstrument.com\/wp-content\/uploads\/2021\/07\/oval-gear-4.jpg\" alt=\"What is the applicable pressure range of water mass flow meter?\" title=\"What is the applicable pressure range of water mass flow meter?\" style=\"max-width: 100%;\"><\/div>\n<div name=\"010\" id=\"010\">\n<p><strong>10.Is the water mass flow meter anti-corrosion?<\/strong><\/p>\n<p>We have established a good reputation and reliable partnerships within the water mass flow meter industry.<br \/>\nOui, la plupart des d\u00e9bitm\u00e8tres sont con\u00e7us pour r\u00e9sister \u00e0 la corrosion. Cependant, le type sp\u00e9cifique de d\u00e9bitm\u00e8tre et l'environnement dans lequel il est utilis\u00e9 d\u00e9terminent le degr\u00e9 de r\u00e9sistance \u00e0 la corrosion.<\/p>\n<\/div>\n<div name=\"11\" id=\"11\">\n<p><strong>11.About water mass flow meter origin<\/strong><\/p>\n<p>Le premier d\u00e9bitm\u00e8tre a \u00e9t\u00e9 invent\u00e9 en 1832 par un Anglais nomm\u00e9 William Henry. Il a mis au point un appareil utilisant un flotteur pour mesurer le d\u00e9bit d'eau dans un tuyau. Cet appareil \u00e9tait le premier de son genre et le pr\u00e9curseur des d\u00e9bitm\u00e8tres modernes. Depuis lors, les d\u00e9bitm\u00e8tres ont \u00e9t\u00e9 utilis\u00e9s dans diverses industries pour mesurer le d\u00e9bit de liquides, de gaz et d'autres mat\u00e9riaux. Aujourd'hui, les d\u00e9bitm\u00e8tres sont utilis\u00e9s dans diverses applications, de la mesure du d\u00e9bit d'eau dans une canalisation \u00e0 la mesure du d\u00e9bit de p\u00e9trole dans une raffinerie.<\/p>\n<\/div>\n<div name=\"12\" id=\"12\">\n<p><strong>12.Does the water mass flow meter have remote control capabilities?<\/strong><\/p>\n<p>Nous nous concentrons sur les besoins de nos clients et nous nous effor\u00e7ons de r\u00e9pondre \u00e0 leurs attentes, c'est pourquoi nous prenons cela tr\u00e8s au s\u00e9rieux.<br \/>\nCela d\u00e9pend du mod\u00e8le sp\u00e9cifique de d\u00e9bitm\u00e8tre. Certains mod\u00e8les peuvent \u00eatre dot\u00e9s d'une fonction de commande \u00e0 distance, d'autres non.<\/p>\n<p><img src=\"https:\/\/www.hginstrument.com\/wp-content\/uploads\/2021\/07\/hgvf-1.jpg\" alt=\"Does the water mass flow meter have remote control capabilities?\" title=\"Does the water mass flow meter have remote control capabilities?\" style=\"max-width: 100%;\"><\/div>\n<div name=\"13\" id=\"13\">\n<p><strong>13.Does the water mass flow meter have multi-language display capabilities?<\/strong><\/p>\n<p>As one of the top water mass flow meter manufacturers in China, we take this very seriously.<br \/>\nOui, certains d\u00e9bitm\u00e8tres sont dot\u00e9s d'un affichage multilingue. Toutefois, cette fonction n'est pas disponible sur tous les mod\u00e8les. Il est pr\u00e9f\u00e9rable de v\u00e9rifier aupr\u00e8s du fabricant si le mod\u00e8le qui vous int\u00e9resse est dot\u00e9 de cette fonction.<\/p>\n<\/div>\n<div name=\"14\" id=\"14\">\n<p><strong>14.What are the characteristics of water mass flow meter?<\/strong><\/p>\n<p>Nous avons \u00e9tabli des partenariats stables et \u00e0 long terme avec nos fournisseurs, ce qui nous conf\u00e8re de grands avantages en termes de prix, de co\u00fbts et d'assurance qualit\u00e9.<br \/>\n1. Pr\u00e9cision : Les d\u00e9bitm\u00e8tres doivent pouvoir mesurer avec pr\u00e9cision le d\u00e9bit d'un fluide.<\/p>\n<p>2. Plage de mesure : Les d\u00e9bitm\u00e8tres doivent pouvoir mesurer une large gamme de d\u00e9bits.<\/p>\n<p>3. R\u00e9p\u00e9tabilit\u00e9 : Les d\u00e9bitm\u00e8tres doivent \u00eatre capables de mesurer de mani\u00e8re constante le m\u00eame d\u00e9bit dans le temps.<\/p>\n<p>4. Temps de r\u00e9ponse : Les d\u00e9bitm\u00e8tres doivent pouvoir r\u00e9agir rapidement aux variations de d\u00e9bit.<\/p>\n<p>5. Durabilit\u00e9 : Les d\u00e9bitm\u00e8tres doivent pouvoir r\u00e9sister aux conditions difficiles de l'environnement dans lequel ils sont utilis\u00e9s.<\/p>\n<p>6. Le co\u00fbt : Les d\u00e9bitm\u00e8tres doivent \u00eatre rentables pour l'application.<\/p>\n<\/div>\n<div name=\"15\" id=\"15\">\n<p><strong>15.What industries is water mass flow meter suitable for?<\/strong><\/p>\n<p>Nous maintenons un certain niveau d'investissement en R&amp;D chaque ann\u00e9e et am\u00e9liorons continuellement l'efficacit\u00e9 op\u00e9rationnelle afin de fournir de meilleurs services \u00e0 nos clients coop\u00e9ratifs.<br \/>\nLes d\u00e9bitm\u00e8tres conviennent \u00e0 un large \u00e9ventail d'industries, notamment le p\u00e9trole et le gaz, l'eau et les eaux us\u00e9es, le traitement chimique, l'alimentation et les boissons, les produits pharmaceutiques, la production d'\u00e9nergie et les syst\u00e8mes de chauffage, de ventilation et de climatisation.<\/p>\n<p><img src=\"https:\/\/www.hginstrument.com\/wp-content\/uploads\/2021\/07\/hgtf-6.jpg\" alt=\"What industries is water mass flow meter suitable for?\" title=\"What industries is water mass flow meter suitable for?\" style=\"max-width: 100%;\"><\/div>\n<p>Tag\uff1a<a href=\"\/fr\/magnetic-flow-meter\/portable-flow-meter-for-wastewater\/\">d\u00e9bitm\u00e8tre portable pour les eaux us\u00e9es<\/a>,<a href=\"\/fr\/magnetic-flow-meter\/automation-direct-flow-meter\/\">automation direct flow meter<\/a>,<a href=\"\/fr\/magnetic-flow-meter\/water-flow-meter-6-inch-pipe\/\">d\u00e9bitm\u00e8tre d'eau tuyau de 6 pouces<\/a>,<a href=\"\/fr\/magnetic-flow-meter\/hose-water-flow-meter\/\">d\u00e9bitm\u00e8tre pour tuyau d'arrosage<\/a><\/p>\n<p><\/p>","protected":false},"excerpt":{"rendered":"<p><strong>Donn\u00e9es techniques<\/strong><br \/>\nPeut \u00eatre utilis\u00e9 pour les fluides liquides ou gazeux, g\u00e9n\u00e9ralement pour mesurer le d\u00e9bit de la vapeur, de la vapeur, de l'air et du gaz naturel.<br \/>\nTaille du compteur : Type en ligne : DN25 - DN300<br \/>\nOption de mat\u00e9riau en contact avec le liquide : SS304, SS316<br \/>\nTemp\u00e9rature de fonctionnement : \u2264250\u2103<br \/>\nRaccordement au processus : Wafer \/ Bride \/ Tri-clamp pour le type en ligne<br \/>\nPr\u00e9cision de mesure : 1,0 % - 1,5% de la plage d'\u00e9talonnage<br \/>\nIndicateur num\u00e9rique : affichage du d\u00e9bit instantan\u00e9, du d\u00e9bit total<br \/>\nAlimentation : 24VDC, Sortie : 4-20mA<\/p>\n<p><strong>caract\u00e9ristiques<\/strong><br \/>\n1. points de consigne ON\/OFF r\u00e9glables<br \/>\n2. mode d'alarme de d\u00e9bit Hi ou Lo<br \/>\n3. d\u00e9lai r\u00e9glable<br \/>\n4. LED d'\u00e9tat du relais<\/p>","protected":false},"featured_media":3691,"comment_status":"closed","ping_status":"closed","template":"","meta":[],"product_cat":[2372],"product_tag":[],"acf":[],"_links":{"self":[{"href":"https:\/\/www.hginstrument.com\/fr\/wp-json\/wp\/v2\/product\/6139"}],"collection":[{"href":"https:\/\/www.hginstrument.com\/fr\/wp-json\/wp\/v2\/product"}],"about":[{"href":"https:\/\/www.hginstrument.com\/fr\/wp-json\/wp\/v2\/types\/product"}],"replies":[{"embeddable":true,"href":"https:\/\/www.hginstrument.com\/fr\/wp-json\/wp\/v2\/comments?post=6139"}],"wp:featuredmedia":[{"embeddable":true,"href":"https:\/\/www.hginstrument.com\/fr\/wp-json\/wp\/v2\/media\/3691"}],"wp:attachment":[{"href":"https:\/\/www.hginstrument.com\/fr\/wp-json\/wp\/v2\/media?parent=6139"}],"wp:term":[{"taxonomy":"product_cat","embeddable":true,"href":"https:\/\/www.hginstrument.com\/fr\/wp-json\/wp\/v2\/product_cat?post=6139"},{"taxonomy":"product_tag","embeddable":true,"href":"https:\/\/www.hginstrument.com\/fr\/wp-json\/wp\/v2\/product_tag?post=6139"}],"curies":[{"name":"wp","href":"https:\/\/api.w.org\/{rel}","templated":true}]}}