{"id":615,"date":"2021-01-29T15:45:50","date_gmt":"2021-01-29T07:45:50","guid":{"rendered":"http:\/\/201230ip92c2.adwebcloud.com\/?post_type=product&#038;p=615"},"modified":"2021-10-11T13:52:02","modified_gmt":"2021-10-11T05:52:02","slug":"hg-50-metal-tube-rotameter-new-modle-sy-lz","status":"publish","type":"product","link":"https:\/\/www.hginstrument.com\/fr\/flow-instrument\/hg-50-metal-tube-rotameter-new-modle-sy-lz\/","title":{"rendered":"Rotam\u00e8tre \u00e0 tube m\u00e9tallique HG-50 ( Nouveau mod\u00e8le : SY-LZ )"},"content":{"rendered":"<h5><strong>Fonctionnalit\u00e9<\/strong><\/h5>\n<ul>\n<li>Serve Liquid or Gas fluid, suitable to measure small flow rate<\/li>\n<li>Meter size: DN15 to DN150,\u00a0 DN15 \u2013 DN50 connection option: Thread, Flange, Tri-clamp, DN50 above connection option: Flange, Tri-clamp<\/li>\n<li>Mounting direction option:\u00a0 Vertically mounting, Horizontally mounting (on request)<\/li>\n<li>Process connection option: Flange,\u00a0 Tri-clamp, Thread<\/li>\n<li>Capacit\u00e9 de port\u00e9e : 10 : 1<\/li>\n<li>Pr\u00e9cision de mesure : 1,0 % - 1,5% de la plage d'\u00e9talonnage<\/li>\n<li>Indicator option:\u00a0 Mechanical indicator: -only indicate instant flow;\u00a0 Digital indicator: -display instant flow and total flow<\/li>\n<li>Power supply option: 24VDC \/ 220VAC \/ 3.6V battery<\/li>\n<li>Output: 4-20mA (for powered by 24VDC &amp; 220VAC)<\/li>\n<li>Communication option: RS485 ( Modbus protocol),\u00a0 HART<\/li>\n<li>Raccordement \u00e9lectrique : M20*1.5, Protection Ex : Exd IIBT4<\/li>\n<li>Wetted material option: SS304, SS316, SS316L, PTFE lining<\/li>\n<li>Peut \u00eatre configur\u00e9 avec une alarme de limite sup\u00e9rieure et une alarme de limite inf\u00e9rieure de d\u00e9bit (la fonction d'alarme est disponible pour les alimentations 24VDC et 220VAC).<\/li>\n<\/ul>\n<h5><\/h5>\n<h5>Donn\u00e9es techniques<\/h5>\n<p>\u25cf Plage de mesure : eau (20\u2103) 6\uff5e15000 l\/h ; air (0.1013MPa 20\u2103) 0.05\uff5e4000 m3\/h<br \/>\n\u25cf Rapport de r\u00e9duction : 10:1 (20:1 pour un type sp\u00e9cial)<br \/>\n\u25cf Pr\u00e9cision : 1,5 (1,0 pour un type sp\u00e9cial)<br \/>\n\u25cf Pression de fonctionnement :  DN15\uff5eDN50 PN4.0MPa DN80\uff5eDN200 PN1.6MPa (autres pressions \u00e0 personnaliser)<br \/>\n\u25cf Temp\u00e9rature moyenne : Temp\u00e9rature normale -20\u2103\uff5e120\u2103, temp\u00e9rature \u00e9lev\u00e9e 120 ~ 250\u2103.<br \/>\n\u25cf Temp\u00e9rature ambiante : -40\u2103 ~ +120\u2103(type de t\u00e9l\u00e9commande \u00e9lectrique -10 ~ 65\u2103).<br \/>\n\u25cf Viscosity DN15\uff1a \u22645mPa.s(H15.1\uff5eH15.3); \u226430mPa.s(H15.4\uff5eH15.9);\u00a0 DN25\uff1a \u2264250mPa.s;\u00a0 DN50\uff5eDN150\uff1a\u2264300mPa.s<br \/>\n\u25cf Affichage LCD, plage d'indication du d\u00e9bit instantan\u00e9 : 0 ~ 50000<br \/>\n\u25cf Plage d'indication du d\u00e9bit cumul\u00e9 : 0 ~ 99999999<br \/>\n\u25cf Signal de sortie standard : deux fils 4~20 mA<br \/>\n\u25cf Signal d'impulsion : intervalle minimum de 50 ms<br \/>\n\u25cf Signal d'alarme : collecteur ouvert, MAX100mA@30VDC imp\u00e9dance interne 100\u03a9<br \/>\n\u25cf Alimentation : type standard 24V DC (10,8VDC ~ 36VDC) ; AC : 220V AC (85 ~ 265V AC) ; Type de batterie : Batterie nickel-hydrog\u00e8ne de 3,6@4AH.<br \/>\n\u25cf Raccordement Standard\uff1a DIN2501 ou ANSI Flange, Special Autres standards sur demande<br \/>\n\u25cf Raccordement \u00e9lectrique :  M20\u00d71,5 ; 1\/2 \"NPT (en option)<br \/>\n\u25cf Protection du bo\u00eetier : IP65 ; Antid\u00e9flagrant :  S\u00e9curit\u00e9 intrins\u00e8que- ExiaIICT3\uff5e6 ; Isolation contre les explosions- ExdIIBT4<\/p>\n<p>&nbsp;<\/p>\n<p><strong>Installation sur le terrain<\/strong><\/p>\n<p><img class=\"alignnone wp-image-629 size-full\" src=\"http:\/\/www.hginstrument.com\/wp-content\/uploads\/2021\/01\/hg-50-install1.jpg\" alt=\"hg 50 install1\" width=\"590\" height=\"382\" srcset=\"https:\/\/www.hginstrument.com\/wp-content\/uploads\/2021\/01\/hg-50-install1.jpg 590w, https:\/\/www.hginstrument.com\/wp-content\/uploads\/2021\/01\/hg-50-install1-300x194.jpg 300w\" sizes=\"(max-width: 590px) 100vw, 590px\" \/><\/p>\n<p>&nbsp;<\/p>\n<p>&nbsp;<\/p>","protected":false},"excerpt":{"rendered":"<p>Product name: Metal Tube Rotameter, also called Variable Area Flow Meter<\/p>\n<p>Application: Measure volume flow of liquid or gas,\u00a0 suitable for small flow rate process condition.<\/p>\n<p>&nbsp;<\/p>","protected":false},"featured_media":1397,"comment_status":"closed","ping_status":"closed","template":"","meta":[],"product_cat":[75,338],"product_tag":[],"acf":[],"_links":{"self":[{"href":"https:\/\/www.hginstrument.com\/fr\/wp-json\/wp\/v2\/product\/615"}],"collection":[{"href":"https:\/\/www.hginstrument.com\/fr\/wp-json\/wp\/v2\/product"}],"about":[{"href":"https:\/\/www.hginstrument.com\/fr\/wp-json\/wp\/v2\/types\/product"}],"replies":[{"embeddable":true,"href":"https:\/\/www.hginstrument.com\/fr\/wp-json\/wp\/v2\/comments?post=615"}],"wp:featuredmedia":[{"embeddable":true,"href":"https:\/\/www.hginstrument.com\/fr\/wp-json\/wp\/v2\/media\/1397"}],"wp:attachment":[{"href":"https:\/\/www.hginstrument.com\/fr\/wp-json\/wp\/v2\/media?parent=615"}],"wp:term":[{"taxonomy":"product_cat","embeddable":true,"href":"https:\/\/www.hginstrument.com\/fr\/wp-json\/wp\/v2\/product_cat?post=615"},{"taxonomy":"product_tag","embeddable":true,"href":"https:\/\/www.hginstrument.com\/fr\/wp-json\/wp\/v2\/product_tag?post=615"}],"curies":[{"name":"wp","href":"https:\/\/api.w.org\/{rel}","templated":true}]}}