{"id":720,"date":"2021-04-08T09:39:36","date_gmt":"2021-04-08T01:39:36","guid":{"rendered":"http:\/\/201230ip92c2.adwebcloud.com\/?post_type=product&#038;p=720"},"modified":"2021-10-11T13:56:26","modified_gmt":"2021-10-11T05:56:26","slug":"hglc-oval-gear-flow-meter","status":"publish","type":"product","link":"https:\/\/www.hginstrument.com\/fr\/flow-instrument\/hglc-oval-gear-flow-meter\/","title":{"rendered":"D\u00e9bitm\u00e8tre \u00e0 engrenage ovale HGLC"},"content":{"rendered":"<h5><strong>Principe<\/strong><\/h5>\n<p>Oval gear meter is generally comprised of a flow transducer and a counter mechanism. The main part of the<br \/>\ntransducer is a measuring chamber which consists of a pair of oval wheels and a sealing coupling. The counter<br \/>\nmechanism contains speed reduction gears, adjusting device, counter, and pulse transmitter etc.<\/p>\n<p><img class=\"alignnone wp-image-728 size-full\" src=\"http:\/\/www.hginstrument.com\/wp-content\/uploads\/2021\/04\/structure.jpg\" alt=\"structure\" width=\"534\" height=\"181\" srcset=\"https:\/\/www.hginstrument.com\/wp-content\/uploads\/2021\/04\/structure.jpg 534w, https:\/\/www.hginstrument.com\/wp-content\/uploads\/2021\/04\/structure-300x102.jpg 300w\" sizes=\"(max-width: 534px) 100vw, 534px\" \/><\/p>\n<p>In the measuring chamber, a pair of oval wheels and cover plate make a crescent shape cavity which is used as<br \/>\na measuring unit. The oval wheels are rotated by the pressure difference in the inlet and outlet of the meter and drive<br \/>\nthe inlet liquid through the cavity to the outlet, each revolution of the oval wheels displaces fluid four time the volume<br \/>\nof the cavity, the total revolutions of the oval wheels and the revolution rate will be transferred to the mechanical<br \/>\ncounter, and the total liquid volume and instantaneous flow will be known by the pointer display and the roller<br \/>\nintegration. The attached signal generator converts the rotary axial angular shift to the pulse signal and then transmits<br \/>\nit to the electrical indicator for remote integrated flow and instantaneous flow indication and control.<\/p>\n<p>&nbsp;<\/p>\n<h5><strong>Technical Specification<\/strong><\/h5>\n<p>\u25cf Materials of main parts and the nominal operating pressure<\/p>\n<table style=\"height: 405px;\" width=\"1315\">\n<tbody>\n<tr style=\"background-color: #d8d8d8;\">\n<td width=\"89\"><strong>Mod\u00e8le<\/strong><\/td>\n<td width=\"129\"><strong>Mat\u00e9riau du tube du compteur<\/strong><\/td>\n<td width=\"132\"><strong>Cover plate<\/strong><\/td>\n<td width=\"97\"><strong>Oval gear<\/strong><\/td>\n<td width=\"130\"><strong>Rotary shaft<\/strong><\/td>\n<td width=\"138\"><strong>Shaft sleeve<\/strong><\/td>\n<td width=\"221\"><strong>Nominal pressure<\/strong><\/td>\n<\/tr>\n<tr>\n<td>HGLC-A<\/td>\n<td>Cast<\/td>\n<td colspan=\"2\">Cast iron<\/td>\n<td style=\"vertical-align: middle;\" rowspan=\"5\">Stainless steel<\/td>\n<td style=\"vertical-align: middle;\" rowspan=\"2\" width=\"138\">Bronze ( with oil )<br \/>\nor rolling bearing<\/td>\n<td>1.6 Mpa<\/td>\n<\/tr>\n<tr>\n<td style=\"vertical-align: middle;\">HGLC-E<\/td>\n<td style=\"vertical-align: middle;\">Cast steel<\/td>\n<td style=\"vertical-align: middle;\" colspan=\"2\">Cast iron, Stainless steel<\/td>\n<td width=\"221\">6.3 Mpa ( for size\u2264DN50)<br \/>\n4.0 Mpa\u00a0 ( for size\u2264DN80 ~ 100)<br \/>\n2.5 Mpa\u00a0 ( for size\u2264DN150 ~ 200<\/td>\n<\/tr>\n<tr>\n<td>HGLC-Q<\/td>\n<td style=\"vertical-align: middle;\">Cast iron<\/td>\n<td style=\"vertical-align: middle;\">Cast iron<\/td>\n<td>Alloy aluminum<\/td>\n<td style=\"vertical-align: middle;\">Graphite<\/td>\n<td>1.6 Mpa<\/td>\n<\/tr>\n<tr>\n<td>HGLC-B, C<\/td>\n<td style=\"vertical-align: middle;\">Stainless steel<\/td>\n<td style=\"vertical-align: middle;\">Stainless steel<\/td>\n<td style=\"vertical-align: middle;\">Stainless steel<\/td>\n<\/tr>\n<tr>\n<td style=\"vertical-align: middle;\">HGLC-L<\/td>\n<td style=\"vertical-align: middle;\">Cast aluminum<\/td>\n<td style=\"vertical-align: middle;\">Cast iron<\/td>\n<td style=\"vertical-align: middle;\">Alloy aluminum<\/td>\n<td style=\"vertical-align: middle;\" width=\"138\">Bronze ( with oil )<br \/>\nGraphite<\/td>\n<td>1.6 Mpa<\/td>\n<\/tr>\n<tr>\n<td colspan=\"7\" width=\"936\"><strong>Remarque :<\/strong>\u00a0 For HGLC-B, it is SS304;\u00a0 For HGLC-C, it is SS316<\/td>\n<\/tr>\n<\/tbody>\n<\/table>\n<p>\u25cf Accuracy: 0.5%, 0.2% (normal operating temperature -10\u2103\uff5e+60\u2103)<\/p>\n<p>\u25cf Fluid temp. (environment temperature -41\u2103\uff5e+50\u2103)<\/p>\n<p>HGLC-A, B, C: -20\u2103\uff5e+60\u2103; 60\u2103\uff5e200\u2103(with high temp. radiator installed)\u00a0 HGLC-Q, L: -20\u2103\uff5e+60\u2103;<\/p>\n<p>\u25cf Explosion-proof: Exia \u2161 CT5, Ex d \u2161 BT4<\/p>\n<p>\u25cf Flow range (Unit: m3\/h):<\/p>\n<table width=\"1001\">\n<tbody>\n<tr style=\"background-color: #d8d8d8;\">\n<td style=\"text-align: center; vertical-align: middle;\" rowspan=\"2\" width=\"103\">Type<\/td>\n<td style=\"text-align: center; vertical-align: middle;\" rowspan=\"2\" width=\"84\">Taille<\/td>\n<td style=\"text-align: center; vertical-align: middle;\" colspan=\"9\" width=\"814\">Viscosity<\/td>\n<\/tr>\n<tr style=\"background-color: #d8d8d8;\">\n<td style=\"text-align: center;\">&lt; 0.3<\/td>\n<td style=\"text-align: center;\">0.3 ~ 0.8 Cp<\/td>\n<td style=\"text-align: center;\" colspan=\"2\">0.8 ~ 2 Cp<\/td>\n<td style=\"text-align: center;\" colspan=\"2\">2 ~ 200 Cp<\/td>\n<td style=\"text-align: center;\" colspan=\"2\">200 ~ 1000 Cp<\/td>\n<td style=\"text-align: center;\">1000 ~ 2000 Cp<\/td>\n<\/tr>\n<tr>\n<td style=\"vertical-align: middle; text-align: center;\">HGLC-10<\/td>\n<td style=\"text-align: center;\">DN10<\/td>\n<td style=\"text-align: center;\"><\/td>\n<td style=\"text-align: center;\">0.2 ~ 0.5<\/td>\n<td style=\"text-align: center;\"><\/td>\n<td style=\"text-align: center;\">0.08 ~ 0.5<\/td>\n<td style=\"text-align: center;\">0.08 ~ 0.5<\/td>\n<td style=\"text-align: center;\">0.05 ~ 0.5<\/td>\n<td style=\"text-align: center;\">0.06 ~ 0.3<\/td>\n<td style=\"text-align: center;\">0.03 ~ 0.3<\/td>\n<td style=\"text-align: center;\">0.03 ~ 0.2<\/td>\n<\/tr>\n<tr>\n<td style=\"text-align: center;\">HGLC-15<\/td>\n<td style=\"text-align: center;\">DN15<\/td>\n<td style=\"text-align: center;\"><\/td>\n<td style=\"text-align: center;\">0.75 ~ 1.5<\/td>\n<td style=\"text-align: center;\"><\/td>\n<td style=\"text-align: center;\">0.3 ~ 1.5<\/td>\n<td style=\"text-align: center;\">0.3 ~ 1.5<\/td>\n<td style=\"text-align: center;\">0.15 ~ 1.5<\/td>\n<td style=\"text-align: center;\">0.2 ~ 1.0<\/td>\n<td style=\"text-align: center;\">0.1 ~ 1.05<\/td>\n<td style=\"text-align: center;\">0.07 ~ 0.75<\/td>\n<\/tr>\n<tr>\n<td style=\"text-align: center;\">HGLC-20<\/td>\n<td style=\"text-align: center;\">DN20<\/td>\n<td style=\"text-align: center;\"><\/td>\n<td style=\"text-align: center;\">1.5 ~ 3<\/td>\n<td style=\"text-align: center;\">1 ~ 3<\/td>\n<td style=\"text-align: center;\">0.4 ~ 3<\/td>\n<td style=\"text-align: center;\">0.5 ~ 3<\/td>\n<td style=\"text-align: center;\">0.3 ~ 3<\/td>\n<td style=\"text-align: center;\">0.4 ~ 2.1<\/td>\n<td style=\"text-align: center;\">0.2 ~ 2.1<\/td>\n<td style=\"text-align: center;\">0.15 ~ 1.5<\/td>\n<\/tr>\n<tr>\n<td style=\"text-align: center;\">HGLC-25<\/td>\n<td style=\"text-align: center;\">DN25<\/td>\n<td style=\"text-align: center;\">4 ~ 6<\/td>\n<td style=\"text-align: center;\">3 ~ 6<\/td>\n<td style=\"text-align: center;\">2 ~ 6<\/td>\n<td style=\"text-align: center;\">08 ~ 6<\/td>\n<td style=\"text-align: center;\">1 ~ 6<\/td>\n<td style=\"text-align: center;\">0.6 ~ 6<\/td>\n<td style=\"text-align: center;\">0.8 ~ 4.2<\/td>\n<td style=\"text-align: center;\">0.4 ~ 4.2<\/td>\n<td style=\"text-align: center;\">0.3 ~ 3<\/td>\n<\/tr>\n<tr>\n<td style=\"text-align: center;\">HGLC-40<\/td>\n<td style=\"text-align: center;\">DN40<\/td>\n<td style=\"text-align: center;\">9 ~ 15<\/td>\n<td style=\"text-align: center;\">7.5 ~ 15<\/td>\n<td style=\"text-align: center;\">5 ~ 15<\/td>\n<td style=\"text-align: center;\">2 ~ 15<\/td>\n<td style=\"text-align: center;\">2.5 ~ 15<\/td>\n<td style=\"text-align: center;\">1.5 ~ 15<\/td>\n<td style=\"text-align: center;\">2.1 ~ 10.5<\/td>\n<td style=\"text-align: center;\">1.0 ~ 10.5<\/td>\n<td style=\"text-align: center;\">0.7 ~ 7.5<\/td>\n<\/tr>\n<tr>\n<td style=\"vertical-align: middle; text-align: center;\">HGLC-50<\/td>\n<td style=\"text-align: center;\">DN50<\/td>\n<td style=\"text-align: center;\">10 ~ 24<\/td>\n<td style=\"text-align: center;\">8 ~ 24<\/td>\n<td style=\"text-align: center;\">8 ~ 24<\/td>\n<td style=\"text-align: center;\">3 ~ 24<\/td>\n<td style=\"text-align: center;\">4.8 ~ 24<\/td>\n<td style=\"text-align: center;\">2.4 ~ 24<\/td>\n<td style=\"text-align: center;\">2.4 ~ 16.8<\/td>\n<td style=\"text-align: center;\">1.6 ~ 16.8<\/td>\n<td style=\"text-align: center;\">1.2 ~ 12<\/td>\n<\/tr>\n<tr>\n<td style=\"text-align: center; vertical-align: middle;\">HGLC-B<br \/>\n40, 50<\/td>\n<td style=\"text-align: center; vertical-align: middle;\">DN40,50<\/td>\n<td style=\"text-align: center; vertical-align: middle;\">8 ~ 20<\/td>\n<td style=\"text-align: center; vertical-align: middle;\">6 ~ 20<\/td>\n<td style=\"text-align: center; vertical-align: middle;\">6 ~ 20<\/td>\n<td style=\"text-align: center; vertical-align: middle;\">4 ~ 20<\/td>\n<td style=\"text-align: center; vertical-align: middle;\">4 ~ 20<\/td>\n<td style=\"text-align: center; vertical-align: middle;\">2 ~ 20<\/td>\n<td style=\"text-align: center; vertical-align: middle;\">2.8 ~ 14<\/td>\n<td style=\"text-align: center; vertical-align: middle;\">1.4 ~ 14<\/td>\n<td style=\"text-align: center; vertical-align: middle;\">1.0 ~ 10<\/td>\n<\/tr>\n<tr>\n<td style=\"text-align: center;\">HGLC-B65<\/td>\n<td style=\"text-align: center;\">DN65<\/td>\n<td style=\"text-align: center;\">27 ~ 40<\/td>\n<td style=\"text-align: center;\">20 ~ 40<\/td>\n<td style=\"text-align: center;\">15 ~ 40<\/td>\n<td style=\"text-align: center;\">5 ~ 40<\/td>\n<td style=\"text-align: center;\">8 ~ 20<\/td>\n<td style=\"text-align: center;\">4 ~ 40<\/td>\n<td style=\"text-align: center;\">5.6 ~ 28<\/td>\n<td style=\"text-align: center;\">2.8 ~ 28<\/td>\n<td style=\"text-align: center;\">2 ~ 20<\/td>\n<\/tr>\n<tr>\n<td style=\"text-align: center;\">HGLC-80<\/td>\n<td style=\"text-align: center;\">DN80<\/td>\n<td style=\"text-align: center;\">40 ~ 60<\/td>\n<td style=\"text-align: center;\">30 ~ 60<\/td>\n<td style=\"text-align: center;\">20 ~ 60<\/td>\n<td style=\"text-align: center;\">8 ~ 60<\/td>\n<td style=\"text-align: center;\">12 ~ 60<\/td>\n<td style=\"text-align: center;\">6 ~ 60<\/td>\n<td style=\"text-align: center;\">8.4 ~ 42<\/td>\n<td style=\"text-align: center;\">4.2 ~ 42<\/td>\n<td style=\"text-align: center;\">3 ~ 30<\/td>\n<\/tr>\n<tr>\n<td style=\"vertical-align: middle;\">HGLC-100<\/td>\n<td style=\"text-align: center;\">DN100<\/td>\n<td style=\"text-align: center;\">67 ~ 100<\/td>\n<td style=\"text-align: center;\">50 ~ 100<\/td>\n<td style=\"text-align: center;\">34 ~ 100<\/td>\n<td style=\"text-align: center;\">13 ~ 100<\/td>\n<td style=\"text-align: center;\">20 ~ 100<\/td>\n<td style=\"text-align: center;\">10 ~ 100<\/td>\n<td style=\"text-align: center;\">14 ~ 70<\/td>\n<td style=\"text-align: center;\">6 ~ 70<\/td>\n<td style=\"text-align: center;\">5 ~ 50<\/td>\n<\/tr>\n<tr>\n<td style=\"vertical-align: middle;\">HGLC-150<\/td>\n<td style=\"text-align: center;\">DN150<\/td>\n<td style=\"text-align: center;\">127 ~ 190<\/td>\n<td style=\"text-align: center;\">95 ~ 190<\/td>\n<td style=\"text-align: center;\">64 ~ 190<\/td>\n<td style=\"text-align: center;\">24 ~ 190<\/td>\n<td style=\"text-align: center;\">38 ~ 190<\/td>\n<td style=\"text-align: center;\">19 ~ 190<\/td>\n<td style=\"text-align: center;\">26.6 ~ 133<\/td>\n<td style=\"text-align: center;\">13.3 ~ 133<\/td>\n<td style=\"text-align: center;\">9.5 ~ 95<\/td>\n<\/tr>\n<tr>\n<td style=\"vertical-align: middle;\">HGLC-200<\/td>\n<td style=\"text-align: center;\">DN200<\/td>\n<td style=\"text-align: center;\">227 ~ 340<\/td>\n<td style=\"text-align: center;\">170 ~ 340<\/td>\n<td style=\"text-align: center;\">114 ~ 340<\/td>\n<td style=\"text-align: center;\">43 ~ 340<\/td>\n<td style=\"text-align: center;\">56 ~ 340<\/td>\n<td style=\"text-align: center;\">34 ~ 340<\/td>\n<td style=\"text-align: center;\">47.6 ~ 238<\/td>\n<td style=\"text-align: center;\">23.8 ~ 238<\/td>\n<td style=\"text-align: center;\">17 ~ 170<\/td>\n<\/tr>\n<tr>\n<td style=\"text-align: center;\">Pr\u00e9cision<\/td>\n<td style=\"text-align: center;\"><\/td>\n<td style=\"text-align: center;\">0.5%<\/td>\n<td style=\"text-align: center;\">0.5%<\/td>\n<td style=\"text-align: center;\">0.2%<\/td>\n<td style=\"text-align: center;\">0.5%<\/td>\n<td style=\"text-align: center;\">0.2%<\/td>\n<td style=\"text-align: center;\">0.5%<\/td>\n<td style=\"text-align: center;\">0.2%<\/td>\n<td style=\"text-align: center;\">0.5%<\/td>\n<td style=\"text-align: center;\">0.5%<\/td>\n<\/tr>\n<tr>\n<td style=\"text-align: center; vertical-align: middle;\">Note<\/td>\n<td colspan=\"10\" width=\"898\">1. Flow unit &#8220;Gal\/h&#8221; ( US gallon\/hr ) could be used for special orders.<br \/>\n2. Flow range of type HGLC-A80.2 is 1760 ~ 13200 gal\/h<\/td>\n<\/tr>\n<\/tbody>\n<\/table>\n<p>&nbsp;<\/p>\n<p>&nbsp;<\/p>","protected":false},"excerpt":{"rendered":"<p><strong>Oval gear flow meter is used for the continuous and intermittent flow measurement, it is a kind of positive displacement flow meter, features as follow:<\/strong><br \/>\n\u25cf For fluids with high viscosity and without corrosion<br \/>\n\u25cf Easy installation, no requirement to Straight pipe length at upstream \/ downstream<br \/>\n\u25cf High accuracy<br \/>\n\u25cf Mechanical counter<br \/>\n\u25cf Can be integrated with Pulse-output transmitter or Analog current-output transmitter (on request)<br \/>\n\u25cf Communication option for electronic transmitter: RS485 or HART\u00a0 (on request)<\/p>","protected":false},"featured_media":1355,"comment_status":"closed","ping_status":"closed","template":"","meta":[],"product_cat":[339,75],"product_tag":[],"acf":[],"_links":{"self":[{"href":"https:\/\/www.hginstrument.com\/fr\/wp-json\/wp\/v2\/product\/720"}],"collection":[{"href":"https:\/\/www.hginstrument.com\/fr\/wp-json\/wp\/v2\/product"}],"about":[{"href":"https:\/\/www.hginstrument.com\/fr\/wp-json\/wp\/v2\/types\/product"}],"replies":[{"embeddable":true,"href":"https:\/\/www.hginstrument.com\/fr\/wp-json\/wp\/v2\/comments?post=720"}],"wp:featuredmedia":[{"embeddable":true,"href":"https:\/\/www.hginstrument.com\/fr\/wp-json\/wp\/v2\/media\/1355"}],"wp:attachment":[{"href":"https:\/\/www.hginstrument.com\/fr\/wp-json\/wp\/v2\/media?parent=720"}],"wp:term":[{"taxonomy":"product_cat","embeddable":true,"href":"https:\/\/www.hginstrument.com\/fr\/wp-json\/wp\/v2\/product_cat?post=720"},{"taxonomy":"product_tag","embeddable":true,"href":"https:\/\/www.hginstrument.com\/fr\/wp-json\/wp\/v2\/product_tag?post=720"}],"curies":[{"name":"wp","href":"https:\/\/api.w.org\/{rel}","templated":true}]}}