{"id":768,"date":"2021-04-26T09:29:58","date_gmt":"2021-04-26T01:29:58","guid":{"rendered":"http:\/\/201230ip92c2.adwebcloud.com\/?post_type=product&#038;p=768"},"modified":"2023-06-08T10:03:07","modified_gmt":"2023-06-08T02:03:07","slug":"integral-ultrasonic-level-transmitter-new-model-sycw","status":"publish","type":"product","link":"https:\/\/www.hginstrument.com\/fr\/level-instrument\/integral-ultrasonic-level-transmitter-new-model-sycw\/","title":{"rendered":"Transmetteur de niveau \u00e0 ultrasons int\u00e9gr\u00e9 (nouveau mod\u00e8le : SYCW)"},"content":{"rendered":"<p><strong>Champ d'application<\/strong><\/p>\n<p>Traitement de l'eau et des eaux us\u00e9es : salle des pompes, puits de collecte, r\u00e9servoir de r\u00e9action biochimique, r\u00e9servoir de s\u00e9dimentation, etc.<br \/>\n\u00c9nergie \u00e9lectrique, mines : bassin de mortier, bassin de boues de charbon, traitement de l'eau, etc.<\/p>\n<p>&nbsp;<\/p>\n<p><strong>Donn\u00e9es techniques\u00a0<\/strong><\/p>\n<table width=\"731\">\n<tbody>\n<tr>\n<td style=\"background-color: #d8d8d8; text-align: center;\" width=\"123\">Mod\u00e8le<\/td>\n<td style=\"text-align: center;\" width=\"133\">SYCW-100<\/td>\n<td style=\"text-align: center;\" width=\"135\">SYCW-700<\/td>\n<td style=\"text-align: center;\" width=\"127\">HGUL-T\/N\/R\/U<\/td>\n<td style=\"text-align: center;\" width=\"213\">HGUL -TI<\/td>\n<\/tr>\n<tr>\n<td style=\"background-color: #d8d8d8; text-align: center;\" width=\"123\">Gamme<\/td>\n<td style=\"text-align: center;\" width=\"133\">10m, 15m, 20m<\/td>\n<td style=\"text-align: center;\" width=\"135\">10m, 15m, 20m<\/td>\n<td style=\"text-align: center;\" width=\"127\">4m, 6m, 8m,12m,20m, 30m<\/td>\n<td style=\"text-align: center;\" width=\"213\">4m, 6m, 8m,12m,20m<\/td>\n<\/tr>\n<tr>\n<td style=\"background-color: #d8d8d8; text-align: center;\" width=\"123\">Pr\u00e9cision<\/td>\n<td style=\"text-align: center;\" width=\"133\">0.3%FS<\/td>\n<td style=\"text-align: center;\" width=\"135\">0.3%FS<\/td>\n<td style=\"text-align: center;\" width=\"127\">0,2%FS<\/td>\n<td style=\"text-align: center;\" width=\"213\">0,2%FS<\/td>\n<\/tr>\n<tr>\n<td style=\"background-color: #d8d8d8; text-align: center; vertical-align: middle;\" rowspan=\"2\" width=\"123\">Analog output<\/td>\n<td style=\"text-align: center;\" width=\"133\">4-20mA<\/td>\n<td style=\"text-align: center;\" width=\"135\">4-20mA<\/td>\n<td style=\"text-align: center;\" width=\"127\">4-20mA<\/td>\n<td style=\"text-align: center;\" width=\"213\">4-20mA<\/td>\n<\/tr>\n<tr>\n<td style=\"text-align: center;\" width=\"133\">(2-wire or 3-wire)<\/td>\n<td style=\"text-align: center;\" width=\"135\">(2-wire or 3-wire)<\/td>\n<td style=\"text-align: center;\" width=\"127\">(2-wire, 3-wire or 4-wire)<\/td>\n<td style=\"text-align: center;\" width=\"213\">(2-wire)<\/td>\n<\/tr>\n<tr>\n<td style=\"background-color: #d8d8d8; text-align: center; vertical-align: middle;\" width=\"123\">Communication<\/td>\n<td style=\"text-align: center;\" width=\"133\">NA<\/td>\n<td style=\"text-align: center;\" width=\"135\">NA<\/td>\n<td style=\"text-align: center;\" width=\"127\">Option: RS485, HART<\/td>\n<td style=\"text-align: center;\" width=\"213\">Option: HART<\/td>\n<\/tr>\n<tr>\n<td style=\"background-color: #d8d8d8; text-align: center;\" width=\"123\">Charge de sortie<\/td>\n<td style=\"text-align: center;\" width=\"133\">0-500\u03a9<\/td>\n<td style=\"text-align: center;\" width=\"135\">0-500\u03a9<\/td>\n<td style=\"text-align: center;\" width=\"127\">0-500\u03a9<\/td>\n<td style=\"text-align: center;\" width=\"213\">0-600\u03a9<\/td>\n<\/tr>\n<tr>\n<td style=\"background-color: #d8d8d8; text-align: center;\" width=\"123\">Affichage<\/td>\n<td style=\"text-align: center;\" width=\"133\">LCD 4 chiffres<\/td>\n<td style=\"text-align: center;\" width=\"135\">LCD 4 chiffres<\/td>\n<td style=\"text-align: center;\" width=\"127\">LCD 4 chiffres<\/td>\n<td style=\"text-align: center;\" width=\"213\">LCD 4 chiffres<\/td>\n<\/tr>\n<tr>\n<td style=\"background-color: #d8d8d8; text-align: center;\" width=\"123\">Alimentation \u00e9lectrique<\/td>\n<td style=\"text-align: center;\" width=\"133\">20-32V DC\u00a0 \u226530mA<\/td>\n<td style=\"text-align: center;\" width=\"135\">20-32V DC\u00a0 \u226530mA<\/td>\n<td style=\"text-align: center;\" width=\"127\">20-32V DC \u226530mA<\/td>\n<td style=\"text-align: center;\" width=\"213\">21-27V DC\u00a0 \u226535mA<\/td>\n<\/tr>\n<tr>\n<td style=\"background-color: #d8d8d8; text-align: center;\" width=\"123\">Temp. ambiante<\/td>\n<td style=\"text-align: center;\" width=\"133\">-20\u2103~70\u2103<\/td>\n<td style=\"text-align: center;\" width=\"135\">-20\u2103~70\u2103<\/td>\n<td style=\"text-align: center;\" width=\"127\">-20\u2103~70\u2103<\/td>\n<td style=\"text-align: center;\" width=\"213\">-20\u2103~70\u2103<\/td>\n<\/tr>\n<tr>\n<td style=\"background-color: #d8d8d8; text-align: center;\" width=\"123\">Gamme de pression<\/td>\n<td style=\"text-align: center;\" width=\"133\">\u00b10,1Mpa<\/td>\n<td style=\"text-align: center;\" width=\"135\">\u00b10,1Mpa<\/td>\n<td style=\"text-align: center;\" width=\"127\">\u00b10,1Mpa<\/td>\n<td style=\"text-align: center;\" width=\"213\">\u00b10,1Mpa<\/td>\n<\/tr>\n<tr>\n<td style=\"background-color: #d8d8d8; text-align: center;\" width=\"123\">Angle du faisceau<\/td>\n<td style=\"text-align: center;\" width=\"133\">6\u00b0, 8\u00b0, 10\u00b0<\/td>\n<td style=\"text-align: center;\" width=\"135\">6\u00b0, 8\u00b0, 10\u00b0<\/td>\n<td style=\"text-align: center;\" width=\"127\">8\u00b0, 5\u00b0<\/td>\n<td style=\"text-align: center;\" width=\"213\">8\u00b0, 5\u00b0<\/td>\n<\/tr>\n<tr>\n<td style=\"background-color: #d8d8d8; text-align: center;\" width=\"123\">Cycle de mesure<\/td>\n<td style=\"text-align: center;\" width=\"133\">1 seconde<\/td>\n<td style=\"text-align: center;\" width=\"135\">1 seconde<\/td>\n<td style=\"text-align: center;\" width=\"127\">1 seconde<\/td>\n<td style=\"text-align: center;\" width=\"213\">1\uff5e20 seconds<\/td>\n<\/tr>\n<tr>\n<td style=\"background-color: #d8d8d8; text-align: center;\" width=\"123\">Jeu de param\u00e8tres<\/td>\n<td style=\"text-align: center;\" width=\"133\">4 buttons<\/td>\n<td style=\"text-align: center;\" width=\"135\">4 buttons<\/td>\n<td style=\"text-align: center;\" width=\"127\">3 boutons<\/td>\n<td style=\"text-align: center;\" width=\"213\">3 boutons<\/td>\n<\/tr>\n<tr>\n<td style=\"background-color: #d8d8d8; text-align: center;\" width=\"123\">Cable Entry<\/td>\n<td style=\"text-align: center;\" width=\"133\">PG 13.5<\/td>\n<td style=\"text-align: center;\" width=\"135\">M20*1.5<\/td>\n<td style=\"text-align: center;\" width=\"127\">PG 13.5 sleeve<\/td>\n<td style=\"text-align: center;\" width=\"213\">PG 13.5 sleeve<\/td>\n<\/tr>\n<tr>\n<td style=\"background-color: #d8d8d8; text-align: center;\" width=\"123\">Mat\u00e9riau du bo\u00eetier<\/td>\n<td style=\"text-align: center;\" width=\"133\">ABS<\/td>\n<td style=\"text-align: center;\" width=\"135\">Cast Aluminum<\/td>\n<td style=\"text-align: center;\" width=\"127\">Cast Aluminum<\/td>\n<td style=\"text-align: center;\" width=\"213\">Cast Aluminum<\/td>\n<\/tr>\n<tr>\n<td style=\"background-color: #d8d8d8; text-align: center;\" width=\"123\">Sensor material<\/td>\n<td style=\"text-align: center;\" width=\"133\">PVC or PVDF<\/td>\n<td style=\"text-align: center;\" width=\"135\">PVC or PTFE<\/td>\n<td style=\"text-align: center;\" width=\"127\">PVC or PTFE<\/td>\n<td style=\"text-align: center;\" width=\"213\">PVC or PTFE with metal sleeve<\/td>\n<\/tr>\n<tr>\n<td style=\"background-color: #d8d8d8; text-align: center;\" width=\"123\">Protection grade<\/td>\n<td style=\"text-align: center;\" width=\"133\">IP65<\/td>\n<td style=\"text-align: center;\" width=\"135\">IP65<\/td>\n<td style=\"text-align: center;\" width=\"127\">IP67<\/td>\n<td style=\"text-align: center;\" width=\"213\">IP67<\/td>\n<\/tr>\n<tr>\n<td style=\"background-color: #d8d8d8; text-align: center;\" width=\"123\">Antid\u00e9flagrant<\/td>\n<td style=\"text-align: center;\" width=\"133\">NA<\/td>\n<td style=\"text-align: center;\" width=\"135\">Ex(ia) IIBT4<\/td>\n<td style=\"text-align: center;\" width=\"127\">NA<\/td>\n<td style=\"text-align: center;\" width=\"213\">Ex(ia) IICT6<\/td>\n<\/tr>\n<tr>\n<td style=\"background-color: #d8d8d8; text-align: center;\" width=\"123\">Montage<\/td>\n<td style=\"text-align: center;\" width=\"133\">Thread, Flanged<\/td>\n<td style=\"text-align: center;\" width=\"135\">Thread, Flanged<\/td>\n<td style=\"text-align: center;\" width=\"127\">Thread, Flanged<\/td>\n<td style=\"text-align: center;\" width=\"213\">Thread, Flanged<\/td>\n<\/tr>\n<\/tbody>\n<\/table>\n<p>&nbsp;<\/p>\n<p><strong>Site Installation :<\/strong><\/p>\n<p><img class=\"alignnone wp-image-1036 size-full\" src=\"http:\/\/www.hginstrument.com\/wp-content\/uploads\/2021\/06\/application.jpg\" alt=\"application\" width=\"679\" height=\"329\" srcset=\"https:\/\/www.hginstrument.com\/wp-content\/uploads\/2021\/06\/application.jpg 679w, https:\/\/www.hginstrument.com\/wp-content\/uploads\/2021\/06\/application-300x145.jpg 300w, https:\/\/www.hginstrument.com\/wp-content\/uploads\/2021\/06\/application-600x291.jpg 600w\" sizes=\"(max-width: 679px) 100vw, 679px\" \/><\/p>\n<p>&nbsp;<\/p>\n<p><strong>Atelier :<\/strong><\/p>\n<p><img class=\"alignnone wp-image-1046 size-full\" src=\"http:\/\/www.hginstrument.com\/wp-content\/uploads\/2021\/06\/workshop.jpg\" alt=\"workshop\" width=\"710\" height=\"454\" srcset=\"https:\/\/www.hginstrument.com\/wp-content\/uploads\/2021\/06\/workshop.jpg 710w, https:\/\/www.hginstrument.com\/wp-content\/uploads\/2021\/06\/workshop-300x192.jpg 300w, https:\/\/www.hginstrument.com\/wp-content\/uploads\/2021\/06\/workshop-600x384.jpg 600w\" sizes=\"(max-width: 710px) 100vw, 710px\" \/><\/p>\n<p>&nbsp;<\/p>\n<p>&nbsp;<\/p>","protected":false},"excerpt":{"rendered":"<p><strong>Caract\u00e9ristiques :<\/strong><br \/>\n\u25cf Applicable aux liquides<br \/>\n\u25cf Port\u00e9e : 4m, 6m, 8m, 10m, 12m, 15m, 20m, 30m,<br \/>\n\u25cf Pr\u00e9cision : 0,3% FS, 0,2%FS<br \/>\n\u25cf Mat\u00e9riau du capteur : PVC, PVDF, PTFE<br \/>\n\u25cf Transmitter housing material: ABS \/ Aluminum<\/p>","protected":false},"featured_media":1521,"comment_status":"closed","ping_status":"closed","template":"","meta":[],"product_cat":[705,76],"product_tag":[],"acf":[],"_links":{"self":[{"href":"https:\/\/www.hginstrument.com\/fr\/wp-json\/wp\/v2\/product\/768"}],"collection":[{"href":"https:\/\/www.hginstrument.com\/fr\/wp-json\/wp\/v2\/product"}],"about":[{"href":"https:\/\/www.hginstrument.com\/fr\/wp-json\/wp\/v2\/types\/product"}],"replies":[{"embeddable":true,"href":"https:\/\/www.hginstrument.com\/fr\/wp-json\/wp\/v2\/comments?post=768"}],"wp:featuredmedia":[{"embeddable":true,"href":"https:\/\/www.hginstrument.com\/fr\/wp-json\/wp\/v2\/media\/1521"}],"wp:attachment":[{"href":"https:\/\/www.hginstrument.com\/fr\/wp-json\/wp\/v2\/media?parent=768"}],"wp:term":[{"taxonomy":"product_cat","embeddable":true,"href":"https:\/\/www.hginstrument.com\/fr\/wp-json\/wp\/v2\/product_cat?post=768"},{"taxonomy":"product_tag","embeddable":true,"href":"https:\/\/www.hginstrument.com\/fr\/wp-json\/wp\/v2\/product_tag?post=768"}],"curies":[{"name":"wp","href":"https:\/\/api.w.org\/{rel}","templated":true}]}}