{"id":790,"date":"2021-04-26T14:18:49","date_gmt":"2021-04-26T06:18:49","guid":{"rendered":"http:\/\/201230ip92c2.adwebcloud.com\/?post_type=product&#038;p=790"},"modified":"2023-08-01T17:09:01","modified_gmt":"2023-08-01T09:09:01","slug":"26ghz-non-contact-radar-level-transmitter-new-model-syrd","status":"publish","type":"product","link":"https:\/\/www.hginstrument.com\/fr\/level-instrument\/26ghz-non-contact-radar-level-transmitter-new-model-syrd\/","title":{"rendered":"Transmetteur de niveau radar sans contact 26GHz (Mod\u00e8le : SYRD)"},"content":{"rendered":"<p><strong>Donn\u00e9es techniques :<\/strong><\/p>\n<table width=\"756\">\n<tbody>\n<tr style=\"background-color: #d8d8d8;\">\n<td style=\"text-align: center;\" width=\"99\">Type<\/td>\n<td style=\"text-align: center;\" width=\"251\">Photo<\/td>\n<td style=\"text-align: center;\" width=\"406\">Donn\u00e9es techniques<\/td>\n<\/tr>\n<tr>\n<td style=\"vertical-align: middle; text-align: center;\">SYRD805<\/td>\n<td style=\"vertical-align: middle;\"><img class=\"wp-image-1497 aligncenter\" title=\"\" src=\"http:\/\/www.hginstrument.com\/wp-content\/uploads\/2021\/07\/hgrd805-01-300x300.jpg\" alt=\"hgrd805 01\" width=\"198\" height=\"198\" srcset=\"https:\/\/www.hginstrument.com\/wp-content\/uploads\/2021\/07\/hgrd805-01-300x300.jpg 300w, https:\/\/www.hginstrument.com\/wp-content\/uploads\/2021\/07\/hgrd805-01-150x150.jpg 150w, https:\/\/www.hginstrument.com\/wp-content\/uploads\/2021\/07\/hgrd805-01-768x768.jpg 768w, https:\/\/www.hginstrument.com\/wp-content\/uploads\/2021\/07\/hgrd805-01-600x600.jpg 600w, https:\/\/www.hginstrument.com\/wp-content\/uploads\/2021\/07\/hgrd805-01-100x100.jpg 100w, https:\/\/www.hginstrument.com\/wp-content\/uploads\/2021\/07\/hgrd805-01.jpg 800w\" sizes=\"(max-width: 198px) 100vw, 198px\" \/><\/td>\n<td width=\"406\">Application : liquide corrosif<br \/>\nTemp. op. : -40 \u00e0 130\u2103, Pression op. : -0,1 \u00e0 0,3 Mpa<br \/>\nMat\u00e9riau de la sonde : PTFE, Fr\u00e9quence d'\u00e9mission : 26GHz<br \/>\nPlage de niveau maximale : 10m, Pr\u00e9cision : \u00b15mm<br \/>\nAffichage LCD, Alimentation : 24VDC \/ 220VAC (en option)<br \/>\nSortie : 4-20mA, Raccordement au processus : filetage \/ bride<br \/>\nEx-Protection : Exi(a)IICT6 \/ Exd IIBT4<br \/>\nProtection du bo\u00eetier : IP65<\/td>\n<\/tr>\n<tr>\n<td style=\"vertical-align: middle; text-align: center;\">SYRD806<\/td>\n<td style=\"vertical-align: middle;\"><img class=\"wp-image-1499 aligncenter\" title=\"\" src=\"http:\/\/www.hginstrument.com\/wp-content\/uploads\/2021\/07\/hgrd806-1-300x300.jpg\" alt=\"hgrd806 1\" width=\"223\" height=\"223\" srcset=\"https:\/\/www.hginstrument.com\/wp-content\/uploads\/2021\/07\/hgrd806-1-300x300.jpg 300w, https:\/\/www.hginstrument.com\/wp-content\/uploads\/2021\/07\/hgrd806-1-150x150.jpg 150w, https:\/\/www.hginstrument.com\/wp-content\/uploads\/2021\/07\/hgrd806-1-768x768.jpg 768w, https:\/\/www.hginstrument.com\/wp-content\/uploads\/2021\/07\/hgrd806-1-600x600.jpg 600w, https:\/\/www.hginstrument.com\/wp-content\/uploads\/2021\/07\/hgrd806-1-100x100.jpg 100w, https:\/\/www.hginstrument.com\/wp-content\/uploads\/2021\/07\/hgrd806-1.jpg 800w\" sizes=\"(max-width: 223px) 100vw, 223px\" \/><\/td>\n<td width=\"406\">Application : haute temp\u00e9rature \/ haute pression \/ liquide corrosif \/ haute pression \/ liquide corrosif<br \/>\nTemp\u00e9ratures d'utilisation : -40 \u00e0 130\u2103, -60 \u00e0 250\u2103, Pression d'utilisation : -0,1 \u00e0 4 Mpa<br \/>\nMat\u00e9riau de la sonde.. : SS316L \/ SS304 avec rev\u00eatement PTFE (en option)<br \/>\nSonde Mtl : SS316L (en option), Fr\u00e9quence d'\u00e9mission : 26GHz<br \/>\nPlage de niveau maximale : 30m, Pr\u00e9cision : \u00b13mm<br \/>\nAffichage LCD, Alimentation : 24VDC \/ 220VAC (en option)<br \/>\nSortie : 4-20mA, Raccordement au processus : filetage \/ bride<br \/>\nEx-Protection : Exi(a)IICT6 \/ Exd IIBT4<br \/>\nProtection du bo\u00eetier : IP65<\/td>\n<\/tr>\n<tr>\n<td style=\"vertical-align: middle; text-align: center;\">SYRD808<\/td>\n<td style=\"vertical-align: middle;\"><img class=\"wp-image-1006 aligncenter\" title=\"\" src=\"http:\/\/www.hginstrument.com\/wp-content\/uploads\/2021\/04\/hgrd808-150x300.jpg\" alt=\"hgrd808\" width=\"120\" height=\"240\" srcset=\"https:\/\/www.hginstrument.com\/wp-content\/uploads\/2021\/04\/hgrd808-150x300.jpg 150w, https:\/\/www.hginstrument.com\/wp-content\/uploads\/2021\/04\/hgrd808-512x1024.jpg 512w, https:\/\/www.hginstrument.com\/wp-content\/uploads\/2021\/04\/hgrd808.jpg 531w\" sizes=\"(max-width: 120px) 100vw, 120px\" \/><\/td>\n<td width=\"406\">Application : Poudre solide, particules cristallines<br \/>\nTemp\u00e9ratures d'utilisation : -40 \u00e0 130\u2103, -60 \u00e0 250\u2103, Pression d'utilisation : -0,1 \u00e0 4 Mpa<br \/>\nMat\u00e9riau de la sonde.. : SS316L (en option), Fr\u00e9quence d'\u00e9mission : 26GHz<br \/>\nPlage de niveau maximale : 70m, Pr\u00e9cision : \u00b115mm<br \/>\nAffichage LCD, Alimentation : 24VDC \/ 220VAC (en option)<br \/>\nSortie : 4-20mA, Raccordement au processus : filetage \/ bride<br \/>\nEx-Protection : Exi(a)IICT6 \/ Exd IIBT4<br \/>\nProtection du bo\u00eetier : IP65<\/td>\n<\/tr>\n<tr>\n<td style=\"vertical-align: middle; text-align: center;\">SYRD809<\/td>\n<td style=\"vertical-align: middle;\"><img class=\"wp-image-1006 aligncenter\" title=\"\" src=\"http:\/\/www.hginstrument.com\/wp-content\/uploads\/2021\/04\/hgrd808-150x300.jpg\" alt=\"hgrd808\" width=\"119\" height=\"238\" srcset=\"https:\/\/www.hginstrument.com\/wp-content\/uploads\/2021\/04\/hgrd808-150x300.jpg 150w, https:\/\/www.hginstrument.com\/wp-content\/uploads\/2021\/04\/hgrd808-512x1024.jpg 512w, https:\/\/www.hginstrument.com\/wp-content\/uploads\/2021\/04\/hgrd808.jpg 531w\" sizes=\"(max-width: 119px) 100vw, 119px\" \/><\/td>\n<td width=\"406\">Application : Poudre solide, particules<br \/>\nTemp. op. : -40 \u00e0 130\u2103, Pression op. : -0,1 \u00e0 4 Mpa<br \/>\nSonde Mtl : SS316L (en option), Fr\u00e9quence d'\u00e9mission : 26GHz<br \/>\nPlage de niveau max : 30m, Pr\u00e9cision : \u00b13mm, Zone morte : 30cm<br \/>\nAffichage LCD, Alimentation : 24VDC \/ 220VAC (en option)<br \/>\nSortie : 4-20mA, Raccordement au processus : filetage \/ bride<br \/>\nEx-Protection : Exi(a)IICT6 \/ Exd IIBT4<br \/>\nProtection du bo\u00eetier : IP65<\/td>\n<\/tr>\n<tr>\n<td style=\"vertical-align: middle; text-align: center;\">SYRD810<\/td>\n<td style=\"vertical-align: middle;\"><img class=\"wp-image-1010 aligncenter\" title=\"\" src=\"http:\/\/www.hginstrument.com\/wp-content\/uploads\/2021\/04\/hgrd810-181x300.jpg\" alt=\"hgrd810\" width=\"124\" height=\"206\" srcset=\"https:\/\/www.hginstrument.com\/wp-content\/uploads\/2021\/04\/hgrd810-181x300.jpg 181w, https:\/\/www.hginstrument.com\/wp-content\/uploads\/2021\/04\/hgrd810.jpg 455w\" sizes=\"(max-width: 124px) 100vw, 124px\" \/><\/td>\n<td width=\"406\">Application : Poudre solide, particules<br \/>\nTemp. op. : -40 \u00e0 130\u2103, Pression op. : -0,1 \u00e0 4 Mpa<br \/>\nSonde Mtl : SS316L (en option), Fr\u00e9quence d'\u00e9mission : 26GHz<br \/>\nPlage de niveau max : 70m, Pr\u00e9cision : \u00b13mm, Zone morte : 70cm<br \/>\nAffichage LCD, Alimentation : 24VDC \/ 220VAC (en option)<br \/>\nSortie : 4-20mA, Raccordement au processus : filetage \/ bride<br \/>\nEx-Protection : Exi(a)IICT6 \/ Exd IIBT4<br \/>\nProtection du bo\u00eetier : IP65<\/td>\n<\/tr>\n<tr>\n<td style=\"vertical-align: middle; text-align: center;\">SYRD811<\/td>\n<td style=\"vertical-align: middle;\"><img class=\"wp-image-1012 aligncenter\" title=\"\" src=\"http:\/\/www.hginstrument.com\/wp-content\/uploads\/2021\/04\/hgrd811-2-225x300.jpg\" alt=\"hgrd811 2\" width=\"181\" height=\"242\" srcset=\"https:\/\/www.hginstrument.com\/wp-content\/uploads\/2021\/04\/hgrd811-2-225x300.jpg 225w, https:\/\/www.hginstrument.com\/wp-content\/uploads\/2021\/04\/hgrd811-2-768x1024.jpg 768w, https:\/\/www.hginstrument.com\/wp-content\/uploads\/2021\/04\/hgrd811-2-600x800.jpg 600w, https:\/\/www.hginstrument.com\/wp-content\/uploads\/2021\/04\/hgrd811-2.jpg 850w\" sizes=\"(max-width: 181px) 100vw, 181px\" \/><\/td>\n<td width=\"406\">Milieu applicable : Liquide, liquide plus \u00e9pais<br \/>\nGamme de l'instrument : 0 - 30 m, pr\u00e9cision : \u00b1 3 mm,<br \/>\nAngle du faisceau : 4\u00b0, Zone morte : 30cm<br \/>\nMat\u00e9riau de la sonde : SS304 + rev\u00eatementPTFE, Fr\u00e9quence d'\u00e9mission : 26GHz<br \/>\nTemp\u00e9rature de fonctionnement : - 40 ~ + 80\u2103<br \/>\nRaccordement au processus : Bride<br \/>\nIndicateur LCD, Alimentation : 24VDC<br \/>\n\u00c9metteur compact, bo\u00eetier en aluminium<br \/>\nSortie : 4-20mA (2 fils)<br \/>\nAntid\u00e9flagrant : Exd IIBT4<br \/>\nProtection du bo\u00eetier : IP65<\/td>\n<\/tr>\n<\/tbody>\n<\/table>\n<p>&nbsp;<\/p>\n<p><strong>Cas d'application :<\/strong><\/p>\n<p><img class=\"wp-image-793\" title=\"qq\u56fe\u724720180611142818\" src=\"http:\/\/www.hginstrument.com\/wp-content\/uploads\/2021\/04\/qq\u56fe\u724720180611142818.jpg\" alt=\"qq\u56fe\u724720180611142818\" width=\"501\" height=\"386\" srcset=\"https:\/\/www.hginstrument.com\/wp-content\/uploads\/2021\/04\/qq\u56fe\u724720180611142818.jpg 782w, https:\/\/www.hginstrument.com\/wp-content\/uploads\/2021\/04\/qq\u56fe\u724720180611142818-300x232.jpg 300w, https:\/\/www.hginstrument.com\/wp-content\/uploads\/2021\/04\/qq\u56fe\u724720180611142818-768x593.jpg 768w, https:\/\/www.hginstrument.com\/wp-content\/uploads\/2021\/04\/qq\u56fe\u724720180611142818-600x463.jpg 600w\" sizes=\"(max-width: 501px) 100vw, 501px\" \/><\/p>\n<p><img class=\"wp-image-792\" title=\"qq\u56fe\u724720180611142628\" src=\"http:\/\/www.hginstrument.com\/wp-content\/uploads\/2021\/04\/qq\u56fe\u724720180611142628-1024x768.jpg\" alt=\"qq\u56fe\u724720180611142628\" width=\"500\" height=\"375\" srcset=\"https:\/\/www.hginstrument.com\/wp-content\/uploads\/2021\/04\/qq\u56fe\u724720180611142628-1024x768.jpg 1024w, https:\/\/www.hginstrument.com\/wp-content\/uploads\/2021\/04\/qq\u56fe\u724720180611142628-300x225.jpg 300w, https:\/\/www.hginstrument.com\/wp-content\/uploads\/2021\/04\/qq\u56fe\u724720180611142628-768x576.jpg 768w, https:\/\/www.hginstrument.com\/wp-content\/uploads\/2021\/04\/qq\u56fe\u724720180611142628-600x450.jpg 600w\" sizes=\"(max-width: 500px) 100vw, 500px\" \/><\/p>\n<p><img class=\"wp-image-795\" title=\"\u73b0\u573a\u5b89\u88c5\u56fe\" src=\"http:\/\/www.hginstrument.com\/wp-content\/uploads\/2021\/04\/\u73b0\u573a\u5b89\u88c5\u56fe-768x1024.jpg\" alt=\"\u73b0\u573a\u5b89\u88c5\u56fe\" width=\"372\" height=\"496\" srcset=\"https:\/\/www.hginstrument.com\/wp-content\/uploads\/2021\/04\/\u73b0\u573a\u5b89\u88c5\u56fe-768x1024.jpg 768w, https:\/\/www.hginstrument.com\/wp-content\/uploads\/2021\/04\/\u73b0\u573a\u5b89\u88c5\u56fe-225x300.jpg 225w, https:\/\/www.hginstrument.com\/wp-content\/uploads\/2021\/04\/\u73b0\u573a\u5b89\u88c5\u56fe-600x800.jpg 600w, https:\/\/www.hginstrument.com\/wp-content\/uploads\/2021\/04\/\u73b0\u573a\u5b89\u88c5\u56fe.jpg 1080w\" sizes=\"(max-width: 372px) 100vw, 372px\" \/>\u00a0 \u00a0 \u00a0 <img class=\"wp-image-794\" title=\"qq\u56fe\u724720180611142814\" src=\"http:\/\/www.hginstrument.com\/wp-content\/uploads\/2021\/04\/qq\u56fe\u724720180611142814.jpg\" alt=\"qq\u56fe\u724720180611142814\" width=\"380\" height=\"500\" srcset=\"https:\/\/www.hginstrument.com\/wp-content\/uploads\/2021\/04\/qq\u56fe\u724720180611142814.jpg 537w, https:\/\/www.hginstrument.com\/wp-content\/uploads\/2021\/04\/qq\u56fe\u724720180611142814-228x300.jpg 228w\" sizes=\"(max-width: 380px) 100vw, 380px\" \/><\/p>\n<p>&nbsp;<\/p>\n<p>&nbsp;<\/p>","protected":false},"excerpt":{"rendered":"<p>Le transmetteur de niveau radar sans contact est relativement s\u00fbr et hygi\u00e9nique. Il est facile \u00e0 installer par rapport au transmetteur de niveau radar \u00e0 contact.<br \/>\nClassification : <a href=\"https:\/\/www.hginstrument.com\/fr\/water-flow-meter\/\"><span style=\"color: #ff0000;\">d\u00e9bitm\u00e8tre d'eau<\/span><\/a>, <a href=\"https:\/\/www.hginstrument.com\/fr\/thermal-mass-flow-meter\/\"><span style=\"color: #ff0000;\">d\u00e9bitm\u00e8tre massique thermique<\/span><\/a>, <a href=\"https:\/\/www.hginstrument.com\/fr\/level-transmitter-2\/\"><span style=\"color: #ff0000;\">Transmetteur de niveau<\/span><\/a>, <a href=\"https:\/\/www.hginstrument.com\/fr\/ultrasonic-level-transmitter\/\"><span style=\"color: #ff0000;\">transmetteur de niveau ultrasonique<\/span><\/a><\/p>\n<p>Tags : <a href=\"https:\/\/www.hginstrument.com\/fr\/\"><span style=\"color: #ff0000;\">\u00c0 propos du groupe Suyi<\/span><\/a>\uff0c<a href=\"https:\/\/www.hginstrument.com\/fr\/level-instrument\/\"><span style=\"color: #ff0000;\">Plus de produits Level Instrument<\/span><\/a><\/p>","protected":false},"featured_media":1496,"comment_status":"closed","ping_status":"closed","template":"","meta":[],"product_cat":[746,76],"product_tag":[],"acf":[],"_links":{"self":[{"href":"https:\/\/www.hginstrument.com\/fr\/wp-json\/wp\/v2\/product\/790"}],"collection":[{"href":"https:\/\/www.hginstrument.com\/fr\/wp-json\/wp\/v2\/product"}],"about":[{"href":"https:\/\/www.hginstrument.com\/fr\/wp-json\/wp\/v2\/types\/product"}],"replies":[{"embeddable":true,"href":"https:\/\/www.hginstrument.com\/fr\/wp-json\/wp\/v2\/comments?post=790"}],"wp:featuredmedia":[{"embeddable":true,"href":"https:\/\/www.hginstrument.com\/fr\/wp-json\/wp\/v2\/media\/1496"}],"wp:attachment":[{"href":"https:\/\/www.hginstrument.com\/fr\/wp-json\/wp\/v2\/media?parent=790"}],"wp:term":[{"taxonomy":"product_cat","embeddable":true,"href":"https:\/\/www.hginstrument.com\/fr\/wp-json\/wp\/v2\/product_cat?post=790"},{"taxonomy":"product_tag","embeddable":true,"href":"https:\/\/www.hginstrument.com\/fr\/wp-json\/wp\/v2\/product_tag?post=790"}],"curies":[{"name":"wp","href":"https:\/\/api.w.org\/{rel}","templated":true}]}}