{"id":811,"date":"2021-04-26T15:30:22","date_gmt":"2021-04-26T07:30:22","guid":{"rendered":"http:\/\/201230ip92c2.adwebcloud.com\/?post_type=product&#038;p=811"},"modified":"2021-10-14T14:17:42","modified_gmt":"2021-10-14T06:17:42","slug":"side-mounted-magnetic-level-gauge-level-indicator-new-model-sy-uf","status":"publish","type":"product","link":"https:\/\/www.hginstrument.com\/fr\/level-instrument\/side-mounted-magnetic-level-gauge-level-indicator-new-model-sy-uf\/","title":{"rendered":"Indicateur de niveau magn\u00e9tique \u00e0 montage lat\u00e9ral (Nouveau mod\u00e8le : SY-UF)"},"content":{"rendered":"<h3><strong>Caract\u00e9ristiques :<\/strong><\/h3>\n<p>&nbsp;<\/p>\n<ul>\n<li>Mesure du niveau de liquide, capteur : Flotteur magn\u00e9tique<\/li>\n<li>Temp\u00e9rature de traitement : -20 \u00e0 150\u2103, 150 \u00e0 520\u2103<\/li>\n<li>Type d'installation : lat\u00e9rale<\/li>\n<li>Mat\u00e9riau en contact avec le sol : SS304, SS316, SS316L, PTFE<\/li>\n<li>Accessoires en option : Transmetteur de niveau \u00e0 r\u00e9sistance magn\u00e9tique (sortie 4-20mA), transmetteur de niveau magn\u00e9tostrictif (sortie 4-20mA), d\u00e9tecteur de niveau.<\/li>\n<\/ul>\n<p>&nbsp;<\/p>\n<p><strong>Sch\u00e9ma d'installation :\u00a0<\/strong><\/p>\n<p><img class=\"alignnone wp-image-1076 size-full\" src=\"http:\/\/www.hginstrument.com\/wp-content\/uploads\/2021\/06\/installation-diagram-1.jpg\" alt=\"sch\u00e9ma d&#039;installation 1\" width=\"600\" height=\"440\" srcset=\"https:\/\/www.hginstrument.com\/wp-content\/uploads\/2021\/06\/installation-diagram-1.jpg 600w, https:\/\/www.hginstrument.com\/wp-content\/uploads\/2021\/06\/installation-diagram-1-300x220.jpg 300w\" sizes=\"(max-width: 600px) 100vw, 600px\" \/><\/p>\n<p>&nbsp;<\/p>\n<p><strong>Cas d'application :<\/strong><\/p>\n<p><img class=\"alignnone wp-image-1085 size-full\" src=\"http:\/\/www.hginstrument.com\/wp-content\/uploads\/2021\/04\/application-case.jpg\" alt=\"cas d&#039;application\" width=\"797\" height=\"601\" srcset=\"https:\/\/www.hginstrument.com\/wp-content\/uploads\/2021\/04\/application-case.jpg 797w, https:\/\/www.hginstrument.com\/wp-content\/uploads\/2021\/04\/application-case-300x226.jpg 300w, https:\/\/www.hginstrument.com\/wp-content\/uploads\/2021\/04\/application-case-768x579.jpg 768w, https:\/\/www.hginstrument.com\/wp-content\/uploads\/2021\/04\/application-case-600x452.jpg 600w\" sizes=\"(max-width: 797px) 100vw, 797px\" \/><\/p>\n<p>&nbsp;<\/p>\n<p>&nbsp;<\/p>","protected":false},"excerpt":{"rendered":"<p>La jauge de niveau magn\u00e9tique peut \u00eatre appliqu\u00e9e \u00e0 presque tous les types de mesure et de contr\u00f4le de niveau dans le contr\u00f4le des processus d'automatisation industrielle. Elle peut \u00eatre largement utilis\u00e9e pour mesurer, contr\u00f4ler et surveiller le niveau de liquide dans des domaines tels que le traitement du p\u00e9trole, les municipalit\u00e9s, l'industrie alimentaire, l'industrie chimique, le traitement de l'eau, l'industrie pharmaceutique, l'\u00e9nergie, la papeterie, la m\u00e9tallurgie, la construction navale et les chaudi\u00e8res.<\/p>","protected":false},"featured_media":1488,"comment_status":"closed","ping_status":"closed","template":"","meta":[],"product_cat":[76,749],"product_tag":[],"acf":[],"_links":{"self":[{"href":"https:\/\/www.hginstrument.com\/fr\/wp-json\/wp\/v2\/product\/811"}],"collection":[{"href":"https:\/\/www.hginstrument.com\/fr\/wp-json\/wp\/v2\/product"}],"about":[{"href":"https:\/\/www.hginstrument.com\/fr\/wp-json\/wp\/v2\/types\/product"}],"replies":[{"embeddable":true,"href":"https:\/\/www.hginstrument.com\/fr\/wp-json\/wp\/v2\/comments?post=811"}],"wp:featuredmedia":[{"embeddable":true,"href":"https:\/\/www.hginstrument.com\/fr\/wp-json\/wp\/v2\/media\/1488"}],"wp:attachment":[{"href":"https:\/\/www.hginstrument.com\/fr\/wp-json\/wp\/v2\/media?parent=811"}],"wp:term":[{"taxonomy":"product_cat","embeddable":true,"href":"https:\/\/www.hginstrument.com\/fr\/wp-json\/wp\/v2\/product_cat?post=811"},{"taxonomy":"product_tag","embeddable":true,"href":"https:\/\/www.hginstrument.com\/fr\/wp-json\/wp\/v2\/product_tag?post=811"}],"curies":[{"name":"wp","href":"https:\/\/api.w.org\/{rel}","templated":true}]}}