{"id":821,"date":"2021-04-26T16:04:18","date_gmt":"2021-04-26T08:04:18","guid":{"rendered":"http:\/\/201230ip92c2.adwebcloud.com\/?post_type=product&#038;p=821"},"modified":"2021-10-14T14:23:22","modified_gmt":"2021-10-14T06:23:22","slug":"rf-admittance-level-transmitter","status":"publish","type":"product","link":"https:\/\/www.hginstrument.com\/fr\/level-instrument\/rf-admittance-level-transmitter\/","title":{"rendered":"Transmetteur de niveau d'admittance RF"},"content":{"rendered":"<h3>Applications typiques<\/h3>\n<p>&nbsp;<\/p>\n<p><strong>\u25cf Centrales \u00e9lectriques :<\/strong> pile de charbon, soute \u00e0 charbon, r\u00e9servoirs de soute, r\u00e9servoir de purification des gaz d'\u00e9chappement, pompes de puisard, biblioth\u00e8que grise, r\u00e9servoirs, etc.<br \/>\n<strong>\u25cf Champ p\u00e9trolif\u00e8re :<\/strong> r\u00e9servoirs de stockage de p\u00e9trole brut ou raffin\u00e9, s\u00e9parateur triphas\u00e9, r\u00e9servoir de s\u00e9dimentation, r\u00e9servoir d'eaux us\u00e9es (piscine) et interface p\u00e9trole-eau, r\u00e9servoir de boue de forage, etc.<br \/>\n<strong>\u25cf P\u00e9trochimie :<\/strong> pipeline, colonne de distillation, r\u00e9servoir de concentr\u00e9, r\u00e9servoir de gaz, r\u00e9servoirs d'ammoniac, tambour \u00e0 vapeur, d\u00e9p\u00f4t de p\u00e9trole de raffinerie, interface de d\u00e9tachement \u00e9lectrique, r\u00e9servoir d'asphalte.<br \/>\n<strong>\u25cf L'industrie chimique :<\/strong> colonne de distillation du p\u00e9trole brut, silos de mati\u00e8res premi\u00e8res et de produits interm\u00e9diaires, r\u00e9servoir de r\u00e9action, r\u00e9servoirs d'ammoniac, r\u00e9servoir de liquides toxiques, silo de solides, s\u00e9parateurs, etc.<br \/>\n<strong>\u25cf M\u00e9tallurgie :<\/strong> silos \u00e0 minerai, broyeur de minerai, entrep\u00f4t de mati\u00e8res premi\u00e8res, entrep\u00f4t d'accessoires, haut fourneau, tr\u00e9mie d'alumine, cellule d'\u00e9lectrolyse, r\u00e9servoir tampon, etc.<br \/>\n<strong>\u25cf Ciment :<\/strong> entrep\u00f4t de pierres, silo \u00e0 mati\u00e8res premi\u00e8res, silo \u00e0 ciment, entrep\u00f4t de charbon, positions de stockage de scories.<br \/>\n<strong>\u25cf L'eau et le traitement de l'eau :<\/strong>\u00a0 r\u00e9servoirs, fosses septiques, r\u00e9servoirs de traitement des eaux, r\u00e9servoirs de s\u00e9dimentation, tours de digestion, gazoducs, puits profonds, eau potable, etc.<br \/>\n<strong>\u25cf Papier :<\/strong> entrep\u00f4t de mati\u00e8res premi\u00e8res, tour de stockage de mat\u00e9riaux, tambour de s\u00e9chage, silos de stockage de produits chimiques.<br \/>\n<strong>\u25cf Autre :<\/strong> les carri\u00e8res, l'alimentation, les produits pharmaceutiques, la protection de l'environnement, la construction navale et d'autres industries.<\/p>\n<p>&nbsp;<\/p>\n<h5><strong>Principe :<\/strong><\/h5>\n<p>La capacit\u00e9 entre la sonde et la paroi du r\u00e9servoir varie en fonction du niveau de mat\u00e9riau dans le r\u00e9servoir. La capacit\u00e9 entre la sonde et la paroi du r\u00e9servoir est proportionnelle au niveau du mat\u00e9riau.<\/p>\n<p>&nbsp;<\/p>\n<h5><strong>Donn\u00e9es techniques :\u00a0<\/strong><\/h5>\n<table width=\"811\">\n<tbody>\n<tr>\n<td style=\"background-color: #d8d8d8; text-align: left;\" width=\"136\">Mod\u00e8le<\/td>\n<td style=\"text-align: center;\" width=\"237\">HGSP-16<\/td>\n<td style=\"text-align: center;\" width=\"210\">HGSP-17<\/td>\n<td style=\"text-align: center;\" width=\"228\">HGSP-18<\/td>\n<\/tr>\n<tr>\n<td style=\"background-color: #d8d8d8; vertical-align: middle;\" rowspan=\"2\" width=\"136\">Application<\/td>\n<td style=\"vertical-align: middle;\" rowspan=\"2\" width=\"237\">Liquides corrosifs\/conducteurs, liquides visqueux<\/td>\n<td style=\"vertical-align: middle;\" rowspan=\"2\" width=\"210\">Liquides conducteurs\/poudre solide conductrice<\/td>\n<td width=\"228\">Solides isolants<\/td>\n<\/tr>\n<tr>\n<td width=\"228\">Liquides isolants<\/td>\n<\/tr>\n<tr>\n<td style=\"background-color: #d8d8d8;\" width=\"136\">Type de sonde<\/td>\n<td width=\"237\">Barre rigide isol\u00e9e<\/td>\n<td width=\"210\">C\u00e2ble souple isol\u00e9<\/td>\n<td width=\"228\">C\u00e2ble souple non isol\u00e9<\/td>\n<\/tr>\n<tr>\n<td style=\"background-color: #d8d8d8;\" width=\"136\">Raccordement au processus<\/td>\n<td width=\"237\">G 3\/4\"<\/td>\n<td width=\"210\">G 3\/4\"<\/td>\n<td width=\"228\">G 1\"<\/td>\n<\/tr>\n<tr>\n<td style=\"background-color: #d8d8d8;\" width=\"136\">Temp. du processus<\/td>\n<td width=\"237\">-100...260\u2103<\/td>\n<td width=\"210\">-40...140\u2103<\/td>\n<td width=\"228\">-100...150\u2103<\/td>\n<\/tr>\n<tr>\n<td style=\"background-color: #d8d8d8;\" width=\"136\">Pression de traitement<\/td>\n<td width=\"237\">-0,1...4,0MPa<\/td>\n<td width=\"210\">-0,1...4,0MPa<\/td>\n<td width=\"228\">-0,1...6,3MPa<\/td>\n<\/tr>\n<tr>\n<td width=\"136\"><\/td>\n<td><\/td>\n<td><\/td>\n<td><\/td>\n<\/tr>\n<tr>\n<td style=\"background-color: #d8d8d8;\" width=\"136\">Mod\u00e8le<\/td>\n<td width=\"237\">HGSP-19<\/td>\n<td width=\"210\">HGSP-20<\/td>\n<td width=\"228\">HGSP-21<\/td>\n<\/tr>\n<tr>\n<td style=\"background-color: #d8d8d8; vertical-align: middle;\" width=\"136\">Application<\/td>\n<td style=\"vertical-align: middle;\" width=\"237\">Liquides conducteurs, interface<\/td>\n<td style=\"vertical-align: middle;\" width=\"210\">Puits profond, grande port\u00e9e<\/td>\n<td style=\"vertical-align: middle;\" width=\"228\">Liquides \u00e0 faible constante di\u00e9lectrique<\/td>\n<\/tr>\n<tr>\n<td style=\"background-color: #d8d8d8;\" width=\"136\">Type de sonde<\/td>\n<td width=\"237\">C\u00e2ble souple isol\u00e9<\/td>\n<td width=\"210\">C\u00e2ble souple<\/td>\n<td width=\"228\">Barre dure de type cylindre<\/td>\n<\/tr>\n<tr>\n<td style=\"background-color: #d8d8d8;\" width=\"136\">Raccordement au processus<\/td>\n<td width=\"237\">G 3\/4\"<\/td>\n<td width=\"210\">G 3\/4\"<\/td>\n<td width=\"228\">G 1 1\/2\"<\/td>\n<\/tr>\n<tr>\n<td style=\"background-color: #d8d8d8;\" width=\"136\">Temp. du processus<\/td>\n<td width=\"237\">-100...150\u2103<\/td>\n<td width=\"210\">-100...150\u2103<\/td>\n<td width=\"228\">-100...150\u2103<\/td>\n<\/tr>\n<tr>\n<td style=\"background-color: #d8d8d8;\" width=\"136\">Pression de traitement<\/td>\n<td width=\"237\">-0,1...4,0MPa<\/td>\n<td width=\"210\">-0,1...1,6MPa<\/td>\n<td width=\"228\">-0,1...6,3MPa<\/td>\n<\/tr>\n<tr>\n<td width=\"136\"><\/td>\n<td width=\"237\"><\/td>\n<td width=\"210\"><\/td>\n<td width=\"228\"><\/td>\n<\/tr>\n<tr>\n<td style=\"background-color: #d8d8d8; text-align: left;\" width=\"136\">Mod\u00e8le<\/td>\n<td style=\"text-align: center;\" width=\"237\">HGSP-22<\/td>\n<td style=\"text-align: center;\" width=\"210\">HGSP-23<\/td>\n<td style=\"text-align: center;\" width=\"228\">HGSP-24<\/td>\n<\/tr>\n<tr>\n<td style=\"background-color: #d8d8d8; vertical-align: middle;\" width=\"136\">Application<\/td>\n<td style=\"vertical-align: middle;\" width=\"237\">Liquids with strong corrosion<\/td>\n<td style=\"vertical-align: middle;\" width=\"210\">Interface, electric detarring, strong stirring<\/td>\n<td style=\"vertical-align: middle;\" width=\"228\">Insulated solids with high temperature<\/td>\n<\/tr>\n<tr>\n<td style=\"background-color: #d8d8d8;\" width=\"136\">Type de sonde<\/td>\n<td width=\"237\">insulated hard bar<\/td>\n<td width=\"210\">Barre rigide isol\u00e9e<\/td>\n<td width=\"228\">C\u00e2ble souple<\/td>\n<\/tr>\n<tr>\n<td style=\"background-color: #d8d8d8;\" width=\"136\">Raccordement au processus<\/td>\n<td width=\"237\">Flange (DN80)<\/td>\n<td width=\"210\">G 1\"<\/td>\n<td width=\"228\">G 1\"<\/td>\n<\/tr>\n<tr>\n<td style=\"background-color: #d8d8d8;\" width=\"136\">Temp. du processus<\/td>\n<td width=\"237\">-100...150\u2103<\/td>\n<td width=\"210\">-100...150\u2103<\/td>\n<td width=\"228\">-50\u2026250\u2103<\/td>\n<\/tr>\n<tr>\n<td style=\"background-color: #d8d8d8;\" width=\"136\">Pression de traitement<\/td>\n<td width=\"237\">-0.1\u20262.5MPa<\/td>\n<td width=\"210\">-0,1...6,3MPa<\/td>\n<td width=\"228\">-0,1...1,6MPa<\/td>\n<\/tr>\n<\/tbody>\n<\/table>\n<p>&nbsp;<\/p>\n<p>&nbsp;<\/p>","protected":false},"excerpt":{"rendered":"<p>Le transmetteur de niveau \u00e0 admittance RF est applicable aux milieux \u00e0 haute viscosit\u00e9.<\/p>","protected":false},"featured_media":1471,"comment_status":"closed","ping_status":"closed","template":"","meta":[],"product_cat":[76,759],"product_tag":[],"acf":[],"_links":{"self":[{"href":"https:\/\/www.hginstrument.com\/fr\/wp-json\/wp\/v2\/product\/821"}],"collection":[{"href":"https:\/\/www.hginstrument.com\/fr\/wp-json\/wp\/v2\/product"}],"about":[{"href":"https:\/\/www.hginstrument.com\/fr\/wp-json\/wp\/v2\/types\/product"}],"replies":[{"embeddable":true,"href":"https:\/\/www.hginstrument.com\/fr\/wp-json\/wp\/v2\/comments?post=821"}],"wp:featuredmedia":[{"embeddable":true,"href":"https:\/\/www.hginstrument.com\/fr\/wp-json\/wp\/v2\/media\/1471"}],"wp:attachment":[{"href":"https:\/\/www.hginstrument.com\/fr\/wp-json\/wp\/v2\/media?parent=821"}],"wp:term":[{"taxonomy":"product_cat","embeddable":true,"href":"https:\/\/www.hginstrument.com\/fr\/wp-json\/wp\/v2\/product_cat?post=821"},{"taxonomy":"product_tag","embeddable":true,"href":"https:\/\/www.hginstrument.com\/fr\/wp-json\/wp\/v2\/product_tag?post=821"}],"curies":[{"name":"wp","href":"https:\/\/api.w.org\/{rel}","templated":true}]}}