{"id":847,"date":"2021-04-27T13:36:42","date_gmt":"2021-04-27T05:36:42","guid":{"rendered":"http:\/\/201230ip92c2.adwebcloud.com\/?post_type=product&#038;p=847"},"modified":"2021-10-11T13:14:21","modified_gmt":"2021-10-11T05:14:21","slug":"level-transmitter-with-double-remote-seal","status":"publish","type":"product","link":"https:\/\/www.hginstrument.com\/fr\/level-instrument\/level-transmitter-with-double-remote-seal\/","title":{"rendered":"Transmetteur de niveau avec double joint \u00e0 distance"},"content":{"rendered":"<p><strong>Caract\u00e9ristiques :\u00a0<\/strong><\/p>\n<ul>\n<li>Applicable aux liquides en r\u00e9servoirs ferm\u00e9s<\/li>\n<li>se compose d'un transmetteur de pression diff\u00e9rentielle et d'un joint d'\u00e9tanch\u00e9it\u00e9 \u00e0 distance<\/li>\n<li>Raccordement au processus : bride \/ filetage<\/li>\n<li>Plage de mesure : en fonction de la plage de mesure du transmetteur de pression diff\u00e9rentielle<\/li>\n<li>Mat\u00e9riau de la membrane : SS316L, Hastelloy C, Titane, Tantale, SS316L+PTFE<\/li>\n<li>Fluide de remplissage : huile de silicone<\/li>\n<li>Type de r\u00e9sistance \u00e0 la temp\u00e9rature de l'huile de silicone : -40 \u00e0 149\u2103, -30 \u00e0 200\u2103, -10 \u00e0 350\u2103, -10 \u00e0 400\u2103, 0 \u00e0 250\u2103, 15 \u00e0 315\u2103.<\/li>\n<li>Accessoires : Capillaire (option), tube d'extension (option), longueur sur mesure<\/li>\n<li>Alimentation \u00e9lectrique : 24V DC<\/li>\n<li>Sortie : 4-20mA, HART<\/li>\n<\/ul>\n<p>&nbsp;<\/p>\n<p><strong>Sch\u00e9ma d'installation :<\/strong><\/p>\n<p>&nbsp;<\/p>\n<p><img class=\"alignnone wp-image-1062 size-full\" src=\"http:\/\/www.hginstrument.com\/wp-content\/uploads\/2021\/04\/installation-diagram-2.jpg\" alt=\"sch\u00e9ma d&#039;installation 2\" width=\"698\" height=\"544\" srcset=\"https:\/\/www.hginstrument.com\/wp-content\/uploads\/2021\/04\/installation-diagram-2.jpg 698w, https:\/\/www.hginstrument.com\/wp-content\/uploads\/2021\/04\/installation-diagram-2-300x234.jpg 300w, https:\/\/www.hginstrument.com\/wp-content\/uploads\/2021\/04\/installation-diagram-2-600x468.jpg 600w\" sizes=\"(max-width: 698px) 100vw, 698px\" \/><\/p>\n<p>&nbsp;<\/p>\n<p>&nbsp;<\/p>","protected":false},"excerpt":{"rendered":"<p><strong>Les transmetteurs avec dispositif \u00e0 distance sont adapt\u00e9s aux conditions de traitement suivantes :<\/strong><br \/>\n\u25cf Les milieux \u00e0 temp\u00e9rature \u00e9lev\u00e9e doivent \u00eatre isol\u00e9s par un transmetteur.<br \/>\n\u25cf Les milieux mesur\u00e9s pr\u00e9sentent une corrosion des scripts sensibles des transmetteurs.<br \/>\n\u25cf Mise en suspension de liquides ou de milieux \u00e0 forte viscosit\u00e9.<br \/>\n\u25cf Les milieux mesur\u00e9s se solidifient ou cristallisent en raison d'un changement de temp\u00e9rature de l'environnement ou du processus technologique.<br \/>\n\u25cf Une purification stricte de la t\u00eate de mesure est n\u00e9cessaire pour remplacer les milieux mesur\u00e9s.<br \/>\n\u25cf La t\u00eate de mesure doit \u00eatre maintenue propre et hygi\u00e9nique.<br \/>\n\u25cf Mesure du niveau de liquide d'un r\u00e9cipient sous pression scell\u00e9.<\/p>","protected":false},"featured_media":1467,"comment_status":"closed","ping_status":"closed","template":"","meta":[],"product_cat":[76,847],"product_tag":[],"acf":[],"_links":{"self":[{"href":"https:\/\/www.hginstrument.com\/fr\/wp-json\/wp\/v2\/product\/847"}],"collection":[{"href":"https:\/\/www.hginstrument.com\/fr\/wp-json\/wp\/v2\/product"}],"about":[{"href":"https:\/\/www.hginstrument.com\/fr\/wp-json\/wp\/v2\/types\/product"}],"replies":[{"embeddable":true,"href":"https:\/\/www.hginstrument.com\/fr\/wp-json\/wp\/v2\/comments?post=847"}],"wp:featuredmedia":[{"embeddable":true,"href":"https:\/\/www.hginstrument.com\/fr\/wp-json\/wp\/v2\/media\/1467"}],"wp:attachment":[{"href":"https:\/\/www.hginstrument.com\/fr\/wp-json\/wp\/v2\/media?parent=847"}],"wp:term":[{"taxonomy":"product_cat","embeddable":true,"href":"https:\/\/www.hginstrument.com\/fr\/wp-json\/wp\/v2\/product_cat?post=847"},{"taxonomy":"product_tag","embeddable":true,"href":"https:\/\/www.hginstrument.com\/fr\/wp-json\/wp\/v2\/product_tag?post=847"}],"curies":[{"name":"wp","href":"https:\/\/api.w.org\/{rel}","templated":true}]}}