{"id":963,"date":"2021-06-08T15:31:14","date_gmt":"2021-06-08T07:31:14","guid":{"rendered":"http:\/\/201230ip92c2.adwebcloud.com\/?post_type=product&#038;p=963"},"modified":"2021-10-12T13:52:49","modified_gmt":"2021-10-12T05:52:49","slug":"wall-mounted-doppler-ultrasonic-flow-meter-insertion-type-flow-sensor","status":"publish","type":"product","link":"https:\/\/www.hginstrument.com\/fr\/flow-instrument\/wall-mounted-doppler-ultrasonic-flow-meter-insertion-type-flow-sensor\/","title":{"rendered":"Wall Mounted Doppler Ultrasonic Flow Meter ( Insertion type flow sensor )"},"content":{"rendered":"<p><strong>Features\uff1a<\/strong><br \/>\n\u25cf Suitable for pipe sizes ranging from 65 to 4000 mm<br \/>\n\u25cf Insertion type sensor, pipe must be fully filled with liquid<br \/>\n\u25cf The fluid must include a certain amount of air bubbles or suspended solid particles<br \/>\n\u25cf Excellent low flow rate measurement ability, low to 0.05 m\/s<br \/>\n\u25cf A wide range of flow measurement, high flow rate can reach 12 m\/s<br \/>\n\u25cf High-temperature transducer is suitable for liquids with temperature from -35\u2103 ~ 150\u2103<br \/>\n\u25cf The insertion type flow transducer can be installed when the process is at running status.<br \/>\n\u25cf User-friendly configuration<br \/>\n\u25cf 4-20mA, Relay and OCT outputs<br \/>\n\u25cf Accuracy: 2.0% F.S.<\/p>\n<p>&nbsp;<\/p>\n<p><strong>Applications\uff1a<\/strong><br \/>\n\u25cf Raw sewage<br \/>\n\u25cf Activated sludge<br \/>\n\u25cf Ground water<br \/>\n\u25cf Pulp and paper slurry<br \/>\n\u25cf Chemical slurry<br \/>\n\u25cf Drainage<br \/>\n\u25cf Mining re-circulation<\/p>\n<p>&nbsp;<\/p>\n<p><strong>Technical data of Transmitter:<\/strong><\/p>\n<table width=\"671\">\n<tbody>\n<tr>\n<td style=\"background-color: #d8d8d8; vertical-align: middle;\" width=\"188\">Measurement principle<\/td>\n<td width=\"483\">Doppler ultrasonic<\/td>\n<\/tr>\n<tr>\n<td style=\"background-color: #d8d8d8; vertical-align: middle;\" width=\"188\">Resolution<\/td>\n<td width=\"483\">0.25 mm\/s<\/td>\n<\/tr>\n<tr>\n<td style=\"background-color: #d8d8d8; vertical-align: middle;\" width=\"188\">R\u00e9p\u00e9tabilit\u00e9<\/td>\n<td width=\"483\">0.2% of reading<\/td>\n<\/tr>\n<tr>\n<td style=\"background-color: #d8d8d8; vertical-align: middle;\" width=\"188\">Pr\u00e9cision<\/td>\n<td width=\"483\">0.5% &#8212; 2.0% F.S.<\/td>\n<\/tr>\n<tr>\n<td style=\"background-color: #d8d8d8; vertical-align: middle;\" width=\"188\">Response time<\/td>\n<td width=\"483\">2-60s for optional<\/td>\n<\/tr>\n<tr>\n<td style=\"background-color: #d8d8d8; vertical-align: middle;\" width=\"188\">Flow Velocity Range<\/td>\n<td width=\"483\">0.05- 12 m\/s<\/td>\n<\/tr>\n<tr>\n<td style=\"background-color: #d8d8d8; vertical-align: middle;\" width=\"188\">Liquid Types Supported<\/td>\n<td width=\"483\">Liquids containing 100 ppm of reflectors and at least 20% of the reflectors are larger than 100 micron.<\/td>\n<\/tr>\n<tr>\n<td style=\"background-color: #d8d8d8; vertical-align: middle;\" width=\"188\">Power Supply<\/td>\n<td width=\"483\">85-265V AC,\u00a0 \u00a024V DC\/500 mA<\/td>\n<\/tr>\n<tr>\n<td style=\"background-color: #d8d8d8; vertical-align: middle;\" width=\"188\">Enclosure type<\/td>\n<td width=\"483\">Montage mural<\/td>\n<\/tr>\n<tr>\n<td style=\"background-color: #d8d8d8; vertical-align: middle;\" width=\"188\">Degree of protection<\/td>\n<td width=\"483\">IP66<\/td>\n<\/tr>\n<tr>\n<td style=\"background-color: #d8d8d8; vertical-align: middle;\" width=\"188\">Operating temperature<\/td>\n<td width=\"483\">\u00a0-20\u2103 to +60\u2103<\/td>\n<\/tr>\n<tr>\n<td style=\"background-color: #d8d8d8; vertical-align: middle;\" width=\"188\">Mat\u00e9riau du bo\u00eetier<\/td>\n<td width=\"483\">Fiberglass<\/td>\n<\/tr>\n<tr>\n<td style=\"background-color: #d8d8d8; vertical-align: middle;\" width=\"188\">Measurement Channels<\/td>\n<td width=\"483\">1<\/td>\n<\/tr>\n<tr>\n<td style=\"background-color: #d8d8d8; vertical-align: middle;\" width=\"188\">Affichage<\/td>\n<td width=\"483\">2 line \u00d7 8 characters LCD, 8-digit rate or 8-digit total (resettable)<\/td>\n<\/tr>\n<tr>\n<td style=\"background-color: #d8d8d8; vertical-align: middle;\" width=\"188\">Units<\/td>\n<td width=\"483\">User Configured (English and Metric)<\/td>\n<\/tr>\n<tr>\n<td style=\"background-color: #d8d8d8; vertical-align: middle;\" width=\"188\">Rate<\/td>\n<td width=\"483\">Rate and Velocity Display<\/td>\n<\/tr>\n<tr>\n<td style=\"background-color: #d8d8d8; vertical-align: middle;\" width=\"188\">Totalizer<\/td>\n<td width=\"483\">gallons, ft\u00b3, barrels, lbs, liters, m\u00b3,kg<\/td>\n<\/tr>\n<tr>\n<td style=\"background-color: #d8d8d8; vertical-align: middle;\" width=\"188\">Communication<\/td>\n<td width=\"483\">4-20mA, Relay and OCT output<\/td>\n<\/tr>\n<tr>\n<td style=\"background-color: #d8d8d8; vertical-align: middle;\" width=\"188\">keypad<\/td>\n<td width=\"483\">4\u00a0 buttons<\/td>\n<\/tr>\n<tr>\n<td style=\"background-color: #d8d8d8; vertical-align: middle;\" width=\"188\">Taille<\/td>\n<td width=\"483\">244(h)*196(w)*114(d)mm<\/td>\n<\/tr>\n<tr>\n<td style=\"background-color: #d8d8d8; vertical-align: middle;\" width=\"188\">Poids<\/td>\n<td width=\"483\">2.4 kg<\/td>\n<\/tr>\n<\/tbody>\n<\/table>\n<p>&nbsp;<\/p>\n<p><strong>Technical data of\u00a0 Transducer:<\/strong><\/p>\n<table width=\"671\">\n<tbody>\n<tr>\n<td style=\"background-color: #d8d8d8;\" width=\"188\">Transducers Type<\/td>\n<td width=\"483\">Insertion<\/td>\n<\/tr>\n<tr>\n<td style=\"background-color: #d8d8d8;\" width=\"188\">Degree of protection<\/td>\n<td width=\"483\">IP67 or IP68<\/td>\n<\/tr>\n<tr>\n<td style=\"background-color: #d8d8d8; vertical-align: middle;\" rowspan=\"2\" width=\"188\">Suited Liquid Temperature<\/td>\n<td width=\"483\">Standard. Temp.: -35\u2103~85\u2103<\/td>\n<\/tr>\n<tr>\n<td width=\"483\">High Temp.: -35\u2103~150\u2103<\/td>\n<\/tr>\n<tr>\n<td style=\"background-color: #d8d8d8;\" width=\"188\">Pipe diameter range<\/td>\n<td width=\"483\">65-4000 mm<\/td>\n<\/tr>\n<tr>\n<td style=\"background-color: #d8d8d8;\" width=\"188\">Transducer Size<\/td>\n<td width=\"483\">58(h)*58(w)*199(d)mm<\/td>\n<\/tr>\n<tr>\n<td style=\"background-color: #d8d8d8;\" width=\"188\">Material of transducer<\/td>\n<td width=\"483\">Stainless steel<\/td>\n<\/tr>\n<tr>\n<td style=\"background-color: #d8d8d8;\" width=\"188\">Cable Length<\/td>\n<td width=\"483\">Standard configure:\u00a0 2 * 5m<\/td>\n<\/tr>\n<\/tbody>\n<\/table>\n<p>&nbsp;<\/p>\n<p>&nbsp;<\/p>","protected":false},"excerpt":{"rendered":"<p><span class=\"transSent\" data-group=\"0-0\">Principle: use Doppler frequency shift to measure the flow velocity, it <\/span><span class=\"transSent\" data-group=\"0-1\">is suitable for measuring the fluid which contains solid particles or bubbles, not suitable for measuring pure water. <\/span><span class=\"transSent\" data-group=\"0-2\">The application scope includes: natural river course, artificial river course, farmland channel, city sewer, enterprise sewage outlet, sewage treatment plant and so on.<\/span><\/p>","protected":false},"featured_media":1267,"comment_status":"closed","ping_status":"closed","template":"","meta":[],"product_cat":[75,1066],"product_tag":[],"acf":[],"_links":{"self":[{"href":"https:\/\/www.hginstrument.com\/fr\/wp-json\/wp\/v2\/product\/963"}],"collection":[{"href":"https:\/\/www.hginstrument.com\/fr\/wp-json\/wp\/v2\/product"}],"about":[{"href":"https:\/\/www.hginstrument.com\/fr\/wp-json\/wp\/v2\/types\/product"}],"replies":[{"embeddable":true,"href":"https:\/\/www.hginstrument.com\/fr\/wp-json\/wp\/v2\/comments?post=963"}],"wp:featuredmedia":[{"embeddable":true,"href":"https:\/\/www.hginstrument.com\/fr\/wp-json\/wp\/v2\/media\/1267"}],"wp:attachment":[{"href":"https:\/\/www.hginstrument.com\/fr\/wp-json\/wp\/v2\/media?parent=963"}],"wp:term":[{"taxonomy":"product_cat","embeddable":true,"href":"https:\/\/www.hginstrument.com\/fr\/wp-json\/wp\/v2\/product_cat?post=963"},{"taxonomy":"product_tag","embeddable":true,"href":"https:\/\/www.hginstrument.com\/fr\/wp-json\/wp\/v2\/product_tag?post=963"}],"curies":[{"name":"wp","href":"https:\/\/api.w.org\/{rel}","templated":true}]}}