{"id":1073,"date":"2021-06-30T15:23:31","date_gmt":"2021-06-30T07:23:31","guid":{"rendered":"http:\/\/201230ip92c2.adwebcloud.com\/?post_type=product&#038;p=1073"},"modified":"2021-10-14T14:15:34","modified_gmt":"2021-10-14T06:15:34","slug":"magnetostrictive-level-transmitter-interface-meter","status":"publish","type":"product","link":"https:\/\/www.hginstrument.com\/it\/level-instrument\/magnetostrictive-level-transmitter-interface-meter\/","title":{"rendered":"Trasmettitore di livello\/misuratore di interfaccia magnetostrittivo"},"content":{"rendered":"<p><strong>Principio:<\/strong><\/p>\n<p><img class=\"alignnone wp-image-1072 size-full\" src=\"http:\/\/www.hginstrument.com\/wp-content\/uploads\/2021\/06\/principle-1.jpg\" alt=\"principio 1\" width=\"800\" height=\"491\" srcset=\"https:\/\/www.hginstrument.com\/wp-content\/uploads\/2021\/06\/principle-1.jpg 800w, https:\/\/www.hginstrument.com\/wp-content\/uploads\/2021\/06\/principle-1-300x184.jpg 300w, https:\/\/www.hginstrument.com\/wp-content\/uploads\/2021\/06\/principle-1-768x471.jpg 768w, https:\/\/www.hginstrument.com\/wp-content\/uploads\/2021\/06\/principle-1-600x368.jpg 600w\" sizes=\"(max-width: 800px) 100vw, 800px\" \/><\/p>\n<p>Il trasmettitore di livello per liquidi magnetostrittivo \u00e8 composto da tre parti: l'asta della sonda (che include il filo a onde guida all'interno dell'asta della sonda), l'unit\u00e0 di circuito e il galleggiante. Durante la misurazione, l'unit\u00e0 di circuito genera un impulso di corrente elettrica, che viene trasmesso verso il basso lungo il filo dell'onda guida e genera un campo magnetico di corrente. Quando il livello del liquido cambia, il galleggiante si muove su e gi\u00f9 lungo l'asta della sonda. All'interno del galleggiante \u00e8 presente un magnete permanente, per cui anche il galleggiante crea un campo magnetico. Quando il campo magnetico di corrente incontra il campo magnetico del galleggiante, viene generata un'onda torsionale che viene trasferita verso l'alto all'unit\u00e0 di circuito lungo il filo dell'onda guida. L'unit\u00e0 di circuito calcola la posizione effettiva del galleggiante per ottenere il valore del livello del liquido in base alla differenza di tempo tra la generazione dell'impulso di corrente elettrica e la ricezione dell'onda torsionale.<\/p>\n<p>&nbsp;<\/p>\n<p><strong>Dati tecnici:<\/strong><\/p>\n<table width=\"434\">\n<tbody>\n<tr>\n<td style=\"background-color: #d8d8d8;\" width=\"168\">Alimentazione<\/td>\n<td width=\"266\">24 V CC<\/td>\n<\/tr>\n<tr>\n<td style=\"background-color: #d8d8d8;\" width=\"168\">Precisione<\/td>\n<td width=\"266\">\u00b11 mm<\/td>\n<\/tr>\n<tr>\n<td style=\"background-color: #d8d8d8;\" width=\"168\">Tipo di sonda<\/td>\n<td width=\"266\">Tipo ad asta (lunghezza massima 3 m), corda flessibile (lunghezza massima 10 m)<\/td>\n<\/tr>\n<tr>\n<td style=\"background-color: #d8d8d8;\" width=\"168\">Temperatura di esercizio<\/td>\n<td width=\"266\">-20\u2103~+70\u2103 (con display LCD), -40\u2103~+85\u2103<\/td>\n<\/tr>\n<tr>\n<td style=\"background-color: #d8d8d8;\" width=\"168\">Ex protezione<\/td>\n<td width=\"266\">Exia II B T4\/T5\/T6 Ga<\/td>\n<\/tr>\n<tr>\n<td style=\"background-color: #d8d8d8;\" width=\"168\">Uscita<\/td>\n<td width=\"266\">4 - 20mA, HART (per indicatore LCD)<\/td>\n<\/tr>\n<tr>\n<td style=\"background-color: #d8d8d8;\" width=\"168\">Variabile di monitoraggio<\/td>\n<td width=\"266\">Livello del liquido, percentuale, corrente di uscita, temperatura<\/td>\n<\/tr>\n<tr>\n<td style=\"background-color: #d8d8d8;\" width=\"168\">Configurazione<\/td>\n<td width=\"266\">Unit\u00e0 ingegneristica, intervallo, smorzamento, offset, ampiezza del segnale<\/td>\n<\/tr>\n<\/tbody>\n<\/table>\n<p>&nbsp;<\/p>\n<p>&nbsp;<\/p>","protected":false},"excerpt":{"rendered":"<p><strong>Caratteristiche:<\/strong><br \/>\nAdatto a misurare il livello di un liquido pulito<br \/>\nSono stati ampiamente utilizzati nei serbatoi di misurazione delle stazioni di servizio.<br \/>\nPrecisione: \u00b11 mm, alta risoluzione<br \/>\nPu\u00f2 misurare il livello di interfaccia tra due tipi di liquidi.<br \/>\nNon \u00e8 adatto a servire siti con forti radiazioni elettromagnetiche, come le centrali elettriche.<\/p>","protected":false},"featured_media":1456,"comment_status":"closed","ping_status":"closed","template":"","meta":[],"product_cat":[76,1218],"product_tag":[],"acf":[],"_links":{"self":[{"href":"https:\/\/www.hginstrument.com\/it\/wp-json\/wp\/v2\/product\/1073"}],"collection":[{"href":"https:\/\/www.hginstrument.com\/it\/wp-json\/wp\/v2\/product"}],"about":[{"href":"https:\/\/www.hginstrument.com\/it\/wp-json\/wp\/v2\/types\/product"}],"replies":[{"embeddable":true,"href":"https:\/\/www.hginstrument.com\/it\/wp-json\/wp\/v2\/comments?post=1073"}],"wp:featuredmedia":[{"embeddable":true,"href":"https:\/\/www.hginstrument.com\/it\/wp-json\/wp\/v2\/media\/1456"}],"wp:attachment":[{"href":"https:\/\/www.hginstrument.com\/it\/wp-json\/wp\/v2\/media?parent=1073"}],"wp:term":[{"taxonomy":"product_cat","embeddable":true,"href":"https:\/\/www.hginstrument.com\/it\/wp-json\/wp\/v2\/product_cat?post=1073"},{"taxonomy":"product_tag","embeddable":true,"href":"https:\/\/www.hginstrument.com\/it\/wp-json\/wp\/v2\/product_tag?post=1073"}],"curies":[{"name":"wp","href":"https:\/\/api.w.org\/{rel}","templated":true}]}}