{"id":1226,"date":"2021-07-19T16:11:11","date_gmt":"2021-07-19T08:11:11","guid":{"rendered":"http:\/\/201230ip92c2.adwebcloud.com\/?post_type=product&#038;p=1226"},"modified":"2021-10-11T16:25:33","modified_gmt":"2021-10-11T08:25:33","slug":"rf-admittance-level-switch","status":"publish","type":"product","link":"https:\/\/www.hginstrument.com\/it\/level-controller\/rf-admittance-level-switch\/","title":{"rendered":"Interruttore di livello di ammettenza RF"},"content":{"rendered":"<p><strong>Dati tecnici:<\/strong><\/p>\n<p>Capacit\u00e0 interruttore: 8A, 115VAC\/5A,<br \/>\nRitardo: 0 - 30 S (regolabile)<br \/>\nAlimentazione: 220VAC \/24VDC<br \/>\nSensibilit\u00e0: 0,3 pF<br \/>\nTemperatura di funzionamento: da -184 a 500 \u2103<br \/>\nTemperatura ambiente: da -40 a 80 \u00b0C<br \/>\nMateriale dell'alloggiamento: IP65<br \/>\nIngresso cavi: M20*1.5<br \/>\nConnessione al processo: filettatura o flangia<\/p>\n<p>&nbsp;<\/p>\n<p><strong>Tipo di sonda:<\/strong><\/p>\n<table width=\"725\">\n<tbody>\n<tr>\n<td width=\"411\">\u3000<img class=\"alignnone wp-image-1244 size-full\" src=\"http:\/\/www.hginstrument.com\/wp-content\/uploads\/2021\/07\/probe1.jpg\" alt=\"sonda1\" width=\"437\" height=\"115\" srcset=\"https:\/\/www.hginstrument.com\/wp-content\/uploads\/2021\/07\/probe1.jpg 437w, https:\/\/www.hginstrument.com\/wp-content\/uploads\/2021\/07\/probe1-300x79.jpg 300w\" sizes=\"(max-width: 437px) 100vw, 437px\" \/><\/td>\n<td width=\"314\">Sonda standard<\/td>\n<\/tr>\n<tr>\n<td>\u3000<img class=\"alignnone wp-image-1245 size-full\" src=\"http:\/\/www.hginstrument.com\/wp-content\/uploads\/2021\/07\/probe2.jpg\" alt=\"sonda2\" width=\"258\" height=\"175\" \/><\/td>\n<td width=\"314\">Sonda a piastra piatta, in grado di resistere all'urto di particelle di grandi dimensioni<\/td>\n<\/tr>\n<tr>\n<td>\u3000<img class=\"alignnone wp-image-1246 size-full\" src=\"http:\/\/www.hginstrument.com\/wp-content\/uploads\/2021\/07\/probe3.jpg\" alt=\"sonda3\" width=\"444\" height=\"120\" srcset=\"https:\/\/www.hginstrument.com\/wp-content\/uploads\/2021\/07\/probe3.jpg 444w, https:\/\/www.hginstrument.com\/wp-content\/uploads\/2021\/07\/probe3-300x81.jpg 300w\" sizes=\"(max-width: 444px) 100vw, 444px\" \/><\/td>\n<td width=\"314\">Sonda flessibile, deve essere installata in verticale, pu\u00f2 essere utilizzata come interruttore per il carbone sospeso<\/td>\n<\/tr>\n<tr>\n<td>\u3000<img class=\"alignnone wp-image-1247 size-full\" src=\"http:\/\/www.hginstrument.com\/wp-content\/uploads\/2021\/07\/probe4.jpg\" alt=\"sonda4\" width=\"452\" height=\"147\" srcset=\"https:\/\/www.hginstrument.com\/wp-content\/uploads\/2021\/07\/probe4.jpg 452w, https:\/\/www.hginstrument.com\/wp-content\/uploads\/2021\/07\/probe4-300x98.jpg 300w\" sizes=\"(max-width: 452px) 100vw, 452px\" \/><\/td>\n<td width=\"314\">Sonda di tipo ad alta temperatura<\/td>\n<\/tr>\n<\/tbody>\n<\/table>\n<p>&nbsp;<\/p>\n<p><strong>Schema di installazione:<\/strong><\/p>\n<p>1- Montaggio superiore per allarme limite inferiore 2- Montaggio laterale per allarme limite superiore 3- Montaggio laterale per allarme limite inferiore<\/p>\n<p><img class=\"alignnone wp-image-1243 size-full\" src=\"http:\/\/www.hginstrument.com\/wp-content\/uploads\/2021\/07\/installation.jpg\" alt=\"installazione\" width=\"598\" height=\"467\" srcset=\"https:\/\/www.hginstrument.com\/wp-content\/uploads\/2021\/07\/installation.jpg 598w, https:\/\/www.hginstrument.com\/wp-content\/uploads\/2021\/07\/installation-300x234.jpg 300w\" sizes=\"(max-width: 598px) 100vw, 598px\" \/><\/p>\n<p>&nbsp;<\/p>\n<p>&nbsp;<\/p>","protected":false},"excerpt":{"rendered":"<p>L'ammettenza RF \u00e8 una nuova tecnologia di controllo del livello sviluppata a partire dal tipo capacitivo, che impedisce l'impiccagione del materiale, \u00e8 pi\u00f9 affidabile, pi\u00f9 precisa e pi\u00f9 applicabile. Si tratta di un aggiornamento della tecnologia di livello capacitiva. L'interruttore di livello ad ammissione RF \u00e8 applicabile a olio raffinato, benzina, fanghi conduttivi, polvere solida e particelle.<\/p>","protected":false},"featured_media":1239,"comment_status":"closed","ping_status":"closed","template":"","meta":[],"product_cat":[1259,1379],"product_tag":[],"acf":[],"_links":{"self":[{"href":"https:\/\/www.hginstrument.com\/it\/wp-json\/wp\/v2\/product\/1226"}],"collection":[{"href":"https:\/\/www.hginstrument.com\/it\/wp-json\/wp\/v2\/product"}],"about":[{"href":"https:\/\/www.hginstrument.com\/it\/wp-json\/wp\/v2\/types\/product"}],"replies":[{"embeddable":true,"href":"https:\/\/www.hginstrument.com\/it\/wp-json\/wp\/v2\/comments?post=1226"}],"wp:featuredmedia":[{"embeddable":true,"href":"https:\/\/www.hginstrument.com\/it\/wp-json\/wp\/v2\/media\/1239"}],"wp:attachment":[{"href":"https:\/\/www.hginstrument.com\/it\/wp-json\/wp\/v2\/media?parent=1226"}],"wp:term":[{"taxonomy":"product_cat","embeddable":true,"href":"https:\/\/www.hginstrument.com\/it\/wp-json\/wp\/v2\/product_cat?post=1226"},{"taxonomy":"product_tag","embeddable":true,"href":"https:\/\/www.hginstrument.com\/it\/wp-json\/wp\/v2\/product_tag?post=1226"}],"curies":[{"name":"wp","href":"https:\/\/api.w.org\/{rel}","templated":true}]}}