{"id":1622,"date":"2021-08-09T15:21:03","date_gmt":"2021-08-09T07:21:03","guid":{"rendered":"http:\/\/201230ip92c2.adwebcloud.com\/?post_type=product&#038;p=1622"},"modified":"2024-09-26T14:51:39","modified_gmt":"2024-09-26T06:51:39","slug":"diffusive-silicon-pressure-transmitter-model-sypm-10","status":"publish","type":"product","link":"https:\/\/www.hginstrument.com\/it\/pressure-differencial-pressure-transmitter\/diffusive-silicon-pressure-transmitter-model-sypm-10\/","title":{"rendered":"Trasmettitore di pressione diffuso al silicio (modello: SYPM-10)"},"content":{"rendered":"<p><strong>Dati tecnici:<\/strong><\/p>\n<table width=\"713\">\n<tbody>\n<tr>\n<td style=\"background-color: #d8d8d8\" width=\"201\">Gamma<\/td>\n<td width=\"512\">- 0,1...0 ~ 0,01 ... 100 Mpa<\/td>\n<\/tr>\n<tr>\n<td style=\"background-color: #d8d8d8\">Segnale di uscita<\/td>\n<td>4 - 20mA (2 fili); 4-20mA (2 fili)+ HART; RS485 (Modbus)<\/td>\n<\/tr>\n<tr>\n<td style=\"background-color: #d8d8d8\">Precisione<\/td>\n<td>\u00a0\u00b1 0,25%FS; \u00b1 0,5%FS<\/td>\n<\/tr>\n<tr>\n<td style=\"background-color: #d8d8d8\">Temperatura di esercizio<\/td>\n<td>-40 ~ 80\u2103; -10 ~ 60\u2103 (per il tipo Ex)<\/td>\n<\/tr>\n<tr>\n<td style=\"background-color: #d8d8d8\">Mezzo applicabile<\/td>\n<td>Liquido, gas, vapore<\/td>\n<\/tr>\n<tr>\n<td style=\"background-color: #d8d8d8\">Alimentazione<\/td>\n<td>12 ~ 36 VDC (standard: 24VDC)<\/td>\n<\/tr>\n<tr>\n<td style=\"background-color: #d8d8d8\">Materiale del diaframma<\/td>\n<td>SS316L; Hastelloy C<\/td>\n<\/tr>\n<tr>\n<td style=\"background-color: #d8d8d8\">Stabilit\u00e0<\/td>\n<td>\u00b1 0,2% URL \/ 5 anni<\/td>\n<\/tr>\n<tr>\n<td style=\"background-color: #d8d8d8\">Connessione al processo<\/td>\n<td>M20*1,5 (M), 1\/2-14 NPT (F), morsetto a tre vie<\/td>\n<\/tr>\n<tr>\n<td style=\"background-color: #d8d8d8\">Resistente alle intemperie<\/td>\n<td>IP65 (standard), IP67 (con cavo in uscita)<\/td>\n<\/tr>\n<\/tbody>\n<\/table>\n<p>&nbsp;<\/p>\n<p><strong>Opzione accessori:<\/strong><\/p>\n<p><img class=\"alignnone wp-image-1620 size-full\" src=\"http:\/\/www.hginstrument.com\/wp-content\/uploads\/2021\/08\/accessary-for-2088-1.jpg\" alt=\"accessorio per 2088 1\" width=\"696\" height=\"361\" srcset=\"https:\/\/www.hginstrument.com\/wp-content\/uploads\/2021\/08\/accessary-for-2088-1.jpg 696w, https:\/\/www.hginstrument.com\/wp-content\/uploads\/2021\/08\/accessary-for-2088-1-300x156.jpg 300w, https:\/\/www.hginstrument.com\/wp-content\/uploads\/2021\/08\/accessary-for-2088-1-600x311.jpg 600w\" sizes=\"(max-width: 696px) 100vw, 696px\" \/><\/p>\n<p>Sifone Dissipatore di calore Collettore con valvola a 2 vie<\/p>\n<p>&nbsp;<\/p>\n<p>&nbsp;<\/p>","protected":false},"excerpt":{"rendered":"<p>Il trasmettitore di pressione al silicio diffusivo di tipo piccolo viene utilizzato per misurare la pressione di liquidi, vapore o gas nel campo con uno spazio di installazione ristretto.<\/p>\n<p>Questo prodotto adotta una struttura interamente in acciaio inox ed \u00e8 ampiamente utilizzato nei settori aerospaziale, petrolifero, chimico, metallurgico, dell'energia elettrica, delle attrezzature meccaniche e in altre industrie.<\/p>\n<p>Il prodotto \u00e8 dotato di protezione dall'inversione di polarit\u00e0 e di protezione da overflow transitorio. Il segnale di uscita pu\u00f2 essere analogico in corrente\/tensione, RS485.<\/p>","protected":false},"featured_media":2109,"comment_status":"closed","ping_status":"closed","template":"","meta":[],"product_cat":[1406,1456],"product_tag":[],"acf":[],"_links":{"self":[{"href":"https:\/\/www.hginstrument.com\/it\/wp-json\/wp\/v2\/product\/1622"}],"collection":[{"href":"https:\/\/www.hginstrument.com\/it\/wp-json\/wp\/v2\/product"}],"about":[{"href":"https:\/\/www.hginstrument.com\/it\/wp-json\/wp\/v2\/types\/product"}],"replies":[{"embeddable":true,"href":"https:\/\/www.hginstrument.com\/it\/wp-json\/wp\/v2\/comments?post=1622"}],"wp:featuredmedia":[{"embeddable":true,"href":"https:\/\/www.hginstrument.com\/it\/wp-json\/wp\/v2\/media\/2109"}],"wp:attachment":[{"href":"https:\/\/www.hginstrument.com\/it\/wp-json\/wp\/v2\/media?parent=1622"}],"wp:term":[{"taxonomy":"product_cat","embeddable":true,"href":"https:\/\/www.hginstrument.com\/it\/wp-json\/wp\/v2\/product_cat?post=1622"},{"taxonomy":"product_tag","embeddable":true,"href":"https:\/\/www.hginstrument.com\/it\/wp-json\/wp\/v2\/product_tag?post=1622"}],"curies":[{"name":"wp","href":"https:\/\/api.w.org\/{rel}","templated":true}]}}