{"id":1751,"date":"2021-08-13T13:52:55","date_gmt":"2021-08-13T05:52:55","guid":{"rendered":"http:\/\/201230ip92c2.adwebcloud.com\/?post_type=product&#038;p=1751"},"modified":"2021-10-12T14:23:26","modified_gmt":"2021-10-12T06:23:26","slug":"pr6100-paperless-recorder","status":"publish","type":"product","link":"https:\/\/www.hginstrument.com\/it\/display-instrument\/pr6100-paperless-recorder\/","title":{"rendered":"Registratore senza carta PR6100"},"content":{"rendered":"<p><strong>Caratteristiche:<\/strong><\/p>\n<p>LCD a colori, 16 canali di ingresso al massimo<br \/>\nAccetta il segnale di ingresso di RTD, termocoppia B, S, K, E, J, R, N, T; 0-10mA, 0-20mA, 4-20mA, 0-100mV, 0-5V, 0-10V<br \/>\nSi prega di specificare prima dell'ordine l'inserimento della frequenza.<br \/>\nComunicazione: RS232, RS485, Ethernet<br \/>\nUscita a rel\u00e8 (opzione), quantit\u00e0 di rel\u00e8 al massimo 12 n.<br \/>\nQt\u00e0 del canale di ingresso + Qt\u00e0 del rel\u00e8 \u25cf24<br \/>\n\u25cf Uscita analogica 4-20mA (opzione), al massimo a 4 vie<br \/>\nFeedback di alimentazione a 24 V CC (opzione), al massimo 4 loop<br \/>\nAlimentazione: 220VAC, 24VDC (opzione), disco USB (opzione)<br \/>\nLCD monocromatico (PR5100), LCD a colori (PR6100)<br \/>\n\u25cf 5,6 pollici, risoluzione: 320 * 240 a matrice di punti<\/p>\n<p>&nbsp;<\/p>\n<p><strong>Dimensioni:<\/strong><\/p>\n<p><img class=\"alignnone wp-image-1748 size-full\" src=\"http:\/\/www.hginstrument.com\/wp-content\/uploads\/2021\/08\/pr5100-dimension.jpg\" alt=\"dimensione pr5100\" width=\"469\" height=\"398\" srcset=\"https:\/\/www.hginstrument.com\/wp-content\/uploads\/2021\/08\/pr5100-dimension.jpg 469w, https:\/\/www.hginstrument.com\/wp-content\/uploads\/2021\/08\/pr5100-dimension-300x255.jpg 300w\" sizes=\"(max-width: 469px) 100vw, 469px\" \/><\/p>\n<p>&nbsp;<\/p>\n<p>&nbsp;<\/p>\n<p>&nbsp;<\/p>","protected":false},"excerpt":{"rendered":"<p>Il registratore senza carta \u00e8 utilizzato per raccogliere i dati misurati dagli strumenti di misura del settore industriale, come temperatura, pressione, portata, livello dei liquidi, tensione, corrente, umidit\u00e0, frequenza, vibrazioni, velocit\u00e0, ecc. Il registratore senza carta ha le caratteristiche di registrazione senza carta, buone prestazioni in tempo reale, alta precisione, comunicazione, interrogazione e funzioni intelligenti. Le applicazioni principali sono: metallurgia, petrolio, chimica, materiali da costruzione, carta, alimenti, farmaceutica, universit\u00e0, ricerca biologica, trattamento termico, trattamento delle acque e altri siti industriali e una variet\u00e0 di scenari applicativi IOT intelligenti.<\/p>","protected":false},"featured_media":1737,"comment_status":"closed","ping_status":"closed","template":"","meta":[],"product_cat":[1571,1578],"product_tag":[],"acf":[],"_links":{"self":[{"href":"https:\/\/www.hginstrument.com\/it\/wp-json\/wp\/v2\/product\/1751"}],"collection":[{"href":"https:\/\/www.hginstrument.com\/it\/wp-json\/wp\/v2\/product"}],"about":[{"href":"https:\/\/www.hginstrument.com\/it\/wp-json\/wp\/v2\/types\/product"}],"replies":[{"embeddable":true,"href":"https:\/\/www.hginstrument.com\/it\/wp-json\/wp\/v2\/comments?post=1751"}],"wp:featuredmedia":[{"embeddable":true,"href":"https:\/\/www.hginstrument.com\/it\/wp-json\/wp\/v2\/media\/1737"}],"wp:attachment":[{"href":"https:\/\/www.hginstrument.com\/it\/wp-json\/wp\/v2\/media?parent=1751"}],"wp:term":[{"taxonomy":"product_cat","embeddable":true,"href":"https:\/\/www.hginstrument.com\/it\/wp-json\/wp\/v2\/product_cat?post=1751"},{"taxonomy":"product_tag","embeddable":true,"href":"https:\/\/www.hginstrument.com\/it\/wp-json\/wp\/v2\/product_tag?post=1751"}],"curies":[{"name":"wp","href":"https:\/\/api.w.org\/{rel}","templated":true}]}}