{"id":1844,"date":"2021-08-20T16:38:54","date_gmt":"2021-08-20T08:38:54","guid":{"rendered":"http:\/\/201230ip92c2.adwebcloud.com\/?post_type=product&#038;p=1844"},"modified":"2021-10-11T16:16:23","modified_gmt":"2021-10-11T08:16:23","slug":"hg123-a-conductivity-meter-wall-mounting","status":"publish","type":"product","link":"https:\/\/www.hginstrument.com\/it\/analysis-instrument\/hg123-a-conductivity-meter-wall-mounting\/","title":{"rendered":"HG123-A Conduttimetro (montaggio a parete)"},"content":{"rendered":"<p><strong>Dati tecnici:\u00a0<\/strong><\/p>\n<table width=\"756\">\n<tbody>\n<tr>\n<td style=\"background-color: #d8d8d8;\" width=\"282\">Intervallo di conducibilit\u00e0<\/td>\n<td width=\"474\">0,01\u03bcS\/cm ~ 200 mS\/cm (l'intervallo dettagliato dipende dall'elettrodo di conducibilit\u00e0)<\/td>\n<\/tr>\n<tr>\n<td style=\"background-color: #d8d8d8;\" width=\"282\">Errore di base dell'unit\u00e0 elettronica<\/td>\n<td>Conduttivit\u00e0 \u00b1 0,5%FS, Temperatura: \u00b10,3\u2103<\/td>\n<\/tr>\n<tr>\n<td style=\"background-color: #d8d8d8;\" width=\"282\">Campo di compensazione automatica della temperatura<\/td>\n<td>0 ~ 99,9 \u2103, sulla base di 25 \u2103<\/td>\n<\/tr>\n<tr>\n<td style=\"background-color: #d8d8d8;\" width=\"282\">Campioni d'acqua misurati<\/td>\n<td>0 ~ 99,9 \u2103, sulla base di 0,6 Mpa<\/td>\n<\/tr>\n<tr>\n<td style=\"background-color: #d8d8d8;\" width=\"282\">Errore di base dello strumento<\/td>\n<td>Conduttivit\u00e0: \u00b1 1,0%FS, Temperatura: \u00b10,5\u2103<\/td>\n<\/tr>\n<tr>\n<td style=\"background-color: #d8d8d8;\" width=\"282\">Errore di compensazione automatica della temperatura dell'unit\u00e0 elettronica<\/td>\n<td>\u00b1 0,5% FS<\/td>\n<\/tr>\n<tr>\n<td style=\"background-color: #d8d8d8;\" width=\"282\">Errore di ripetibilit\u00e0 dell'unit\u00e0 elettronica<\/td>\n<td>\u00b1 0,5% FS \u00b1 un carattere<\/td>\n<\/tr>\n<tr>\n<td style=\"background-color: #d8d8d8;\" width=\"282\">Stabilit\u00e0 dell'unit\u00e0 elettronica<\/td>\n<td>\u00b1 0,5% FS \u00b1 un carattere \/ 24h<\/td>\n<\/tr>\n<tr>\n<td style=\"background-color: #d8d8d8;\" width=\"282\">Errore di allarme dell'unit\u00e0 elettronica<\/td>\n<td>\u2264 \u00b1 1,0% FS<\/td>\n<\/tr>\n<tr>\n<td style=\"background-color: #d8d8d8;\" width=\"282\">Temperatura ambiente affezionata all'unit\u00e0 elettronica<\/td>\n<td>\u2264 \u00b1 0,5% FS<\/td>\n<\/tr>\n<tr>\n<td style=\"background-color: #d8d8d8;\" width=\"282\">Alimentazione affezionata all'unit\u00e0 elettronica<\/td>\n<td>\u2264 \u00b1 0,3% FS<\/td>\n<\/tr>\n<tr>\n<td style=\"background-color: #d8d8d8;\" width=\"282\">Uscita isolata in corrente<\/td>\n<td>4 ~ 20 mA \uff08Carico &lt; 750 \u03a9 \uff09<\/td>\n<\/tr>\n<tr>\n<td style=\"background-color: #d8d8d8;\" width=\"282\">Errore di uscita di corrente dell'unit\u00e0 elettronica<\/td>\n<td>\u2264 \u00b1 0,5% FS<\/td>\n<\/tr>\n<tr>\n<td style=\"background-color: #d8d8d8;\" width=\"282\">Capacit\u00e0 dei contatti del rel\u00e8 di allarme<\/td>\n<td>220V AC 3A<\/td>\n<\/tr>\n<tr>\n<td style=\"background-color: #d8d8d8;\">Comunicazione<\/td>\n<td width=\"474\">RS485 (opzionale)<\/td>\n<\/tr>\n<tr>\n<td style=\"background-color: #d8d8d8;\">Alimentazione<\/td>\n<td width=\"474\">220V AC \u00b122V, 50 \u00b11Hz ( Standard )<br \/>\n24 V CC \u00b12,4 V, (opzionale)<\/td>\n<\/tr>\n<tr>\n<td style=\"background-color: #d8d8d8;\">Resistente alle intemperie<\/td>\n<td>IP65 \/ IP54<\/td>\n<\/tr>\n<tr>\n<td style=\"background-color: #d8d8d8;\">Peso<\/td>\n<td>1 Kg<\/td>\n<\/tr>\n<tr>\n<td style=\"background-color: #d8d8d8;\">Condizioni ambientali<\/td>\n<td>Temperatura ambiente: 0 ~ 60\u2103; Umidit\u00e0 relativa: &lt; 85%RH<\/td>\n<\/tr>\n<\/tbody>\n<\/table>\n<p>&nbsp;<\/p>\n<p><strong>Dimensioni:<\/strong><\/p>\n<p><img class=\"alignnone wp-image-1837 size-full\" src=\"http:\/\/www.hginstrument.com\/wp-content\/uploads\/2021\/08\/hg123-a-dimension.jpg\" alt=\"hg123 una dimensione\" width=\"772\" height=\"407\" srcset=\"https:\/\/www.hginstrument.com\/wp-content\/uploads\/2021\/08\/hg123-a-dimension.jpg 772w, https:\/\/www.hginstrument.com\/wp-content\/uploads\/2021\/08\/hg123-a-dimension-300x158.jpg 300w, https:\/\/www.hginstrument.com\/wp-content\/uploads\/2021\/08\/hg123-a-dimension-768x405.jpg 768w, https:\/\/www.hginstrument.com\/wp-content\/uploads\/2021\/08\/hg123-a-dimension-600x316.jpg 600w\" sizes=\"(max-width: 772px) 100vw, 772px\" \/><\/p>\n<p>&nbsp;<\/p>\n<p><strong>Terminali di cablaggio:<\/strong><\/p>\n<p><img class=\"alignnone wp-image-1838 size-full\" src=\"http:\/\/www.hginstrument.com\/wp-content\/uploads\/2021\/08\/hg123-a-wire-terminal.jpg\" alt=\"hg123 un terminale a filo\" width=\"782\" height=\"190\" srcset=\"https:\/\/www.hginstrument.com\/wp-content\/uploads\/2021\/08\/hg123-a-wire-terminal.jpg 782w, https:\/\/www.hginstrument.com\/wp-content\/uploads\/2021\/08\/hg123-a-wire-terminal-300x73.jpg 300w, https:\/\/www.hginstrument.com\/wp-content\/uploads\/2021\/08\/hg123-a-wire-terminal-768x187.jpg 768w, https:\/\/www.hginstrument.com\/wp-content\/uploads\/2021\/08\/hg123-a-wire-terminal-600x146.jpg 600w\" sizes=\"(max-width: 782px) 100vw, 782px\" \/><\/p>\n<p>&nbsp;<\/p>\n<p>&nbsp;<\/p>\n<p>&nbsp;<\/p>","protected":false},"excerpt":{"rendered":"<p>Il conduttivimetro online HG123-A \u00e8 utilizzato per abbinare l'elettrodo di conducibilit\u00e0 alla misura continua della conducibilit\u00e0 del liquido, con display a LED.<\/p>","protected":false},"featured_media":1836,"comment_status":"closed","ping_status":"closed","template":"","meta":[],"product_cat":[1600,1714],"product_tag":[],"acf":[],"_links":{"self":[{"href":"https:\/\/www.hginstrument.com\/it\/wp-json\/wp\/v2\/product\/1844"}],"collection":[{"href":"https:\/\/www.hginstrument.com\/it\/wp-json\/wp\/v2\/product"}],"about":[{"href":"https:\/\/www.hginstrument.com\/it\/wp-json\/wp\/v2\/types\/product"}],"replies":[{"embeddable":true,"href":"https:\/\/www.hginstrument.com\/it\/wp-json\/wp\/v2\/comments?post=1844"}],"wp:featuredmedia":[{"embeddable":true,"href":"https:\/\/www.hginstrument.com\/it\/wp-json\/wp\/v2\/media\/1836"}],"wp:attachment":[{"href":"https:\/\/www.hginstrument.com\/it\/wp-json\/wp\/v2\/media?parent=1844"}],"wp:term":[{"taxonomy":"product_cat","embeddable":true,"href":"https:\/\/www.hginstrument.com\/it\/wp-json\/wp\/v2\/product_cat?post=1844"},{"taxonomy":"product_tag","embeddable":true,"href":"https:\/\/www.hginstrument.com\/it\/wp-json\/wp\/v2\/product_tag?post=1844"}],"curies":[{"name":"wp","href":"https:\/\/api.w.org\/{rel}","templated":true}]}}