{"id":1846,"date":"2021-08-20T17:01:07","date_gmt":"2021-08-20T09:01:07","guid":{"rendered":"http:\/\/201230ip92c2.adwebcloud.com\/?post_type=product&#038;p=1846"},"modified":"2021-10-11T16:17:29","modified_gmt":"2021-10-11T08:17:29","slug":"hg127-conductivity-meter-explosion-proof","status":"publish","type":"product","link":"https:\/\/www.hginstrument.com\/it\/analysis-instrument\/hg127-conductivity-meter-explosion-proof\/","title":{"rendered":"HG127 Conduttimetro (antideflagrante)"},"content":{"rendered":"<p><strong>Dati tecnici:\u00a0<\/strong><\/p>\n<table width=\"776\">\n<tbody>\n<tr>\n<td style=\"background-color: #d8d8d8;\" width=\"302\">Campo di misura<\/td>\n<td width=\"474\">0,01\u03bcS\/cm ~ 2 S\/cm<\/td>\n<\/tr>\n<tr>\n<td style=\"background-color: #d8d8d8;\" width=\"302\">Campo di compensazione automatica della temperatura<\/td>\n<td>0 ~ 100,0 \u2103, sulla base di 25 \u2103<\/td>\n<\/tr>\n<tr>\n<td style=\"background-color: #d8d8d8;\" width=\"302\">Precisione<\/td>\n<td>Conduttivit\u00e0 \u00b1 0,5%FS, Temperatura: \u00b10,3\u2103<\/td>\n<\/tr>\n<tr>\n<td style=\"background-color: #d8d8d8;\" width=\"302\">Errore di ripetibilit\u00e0<\/td>\n<td>\u00b1 0,2% FS \u00b1 un carattere<\/td>\n<\/tr>\n<tr>\n<td style=\"background-color: #d8d8d8;\" width=\"302\">Errore di compensazione automatica della temperatura<\/td>\n<td>\u00b1 0,5% FS<\/td>\n<\/tr>\n<tr>\n<td style=\"background-color: #d8d8d8;\" width=\"302\">Errore di base dello strumento<\/td>\n<td>Conduttivit\u00e0 \u00b1 1,0%FS, Temperatura: \u00b10,5\u2103<\/td>\n<\/tr>\n<tr>\n<td style=\"background-color: #d8d8d8;\" width=\"302\">Campioni d'acqua misurati<\/td>\n<td>0 ~ 100,0 \u2103, sulla base di 0,6 Mpa<\/td>\n<\/tr>\n<tr>\n<td style=\"background-color: #d8d8d8;\" width=\"302\">Errore di uscita della corrente<\/td>\n<td>\u2264 \u00b1 0,5% FS<\/td>\n<\/tr>\n<tr>\n<td style=\"background-color: #d8d8d8;\" width=\"302\">Uscita isolata in corrente<\/td>\n<td width=\"474\">4 ~ 20 mA; ingresso, uscita e alimentazione sono isolati (l'alimentazione deve essere collegata a una barriera di sicurezza).<\/td>\n<\/tr>\n<tr>\n<td style=\"background-color: #d8d8d8;\">Comunicazione<\/td>\n<td width=\"474\">RS485, HART (opzionale)<\/td>\n<\/tr>\n<tr>\n<td style=\"background-color: #d8d8d8;\">Alimentazione<\/td>\n<td width=\"474\">24 V CC \u00b12,4 V<\/td>\n<\/tr>\n<tr>\n<td style=\"background-color: #d8d8d8;\">Resistente alle intemperie<\/td>\n<td>IP67<\/td>\n<\/tr>\n<tr>\n<td style=\"background-color: #d8d8d8;\">Condizioni ambientali<\/td>\n<td>Temperatura ambiente: 0 ~ 60\u2103; Umidit\u00e0 relativa: &lt; 85%RH<\/td>\n<\/tr>\n<tr>\n<td style=\"background-color: #d8d8d8;\">A prova di esplosione<\/td>\n<td>Exia IICT6 Ga<\/td>\n<\/tr>\n<tr>\n<td style=\"background-color: #d8d8d8;\">Parametri di sicurezza intrinseca<\/td>\n<td>Ui = 28VDC, Ii = 93 mA, Pi = 0,65 W, Ci = 0,044 \u03bcF, Li = 0 mH<\/td>\n<\/tr>\n<\/tbody>\n<\/table>\n<p>&nbsp;<\/p>\n<p><strong style=\"font-size: 16px;\">Dimensioni:<\/strong><\/p>\n<p><img class=\"alignnone wp-image-1841 size-full\" src=\"http:\/\/www.hginstrument.com\/wp-content\/uploads\/2021\/08\/hg127-dimension.jpg\" alt=\"Dimensione hg127\" width=\"784\" height=\"473\" srcset=\"https:\/\/www.hginstrument.com\/wp-content\/uploads\/2021\/08\/hg127-dimension.jpg 784w, https:\/\/www.hginstrument.com\/wp-content\/uploads\/2021\/08\/hg127-dimension-300x181.jpg 300w, https:\/\/www.hginstrument.com\/wp-content\/uploads\/2021\/08\/hg127-dimension-768x463.jpg 768w, https:\/\/www.hginstrument.com\/wp-content\/uploads\/2021\/08\/hg127-dimension-600x362.jpg 600w\" sizes=\"(max-width: 784px) 100vw, 784px\" \/><\/p>\n<p>&nbsp;<\/p>\n<p><strong>Terminali di cablaggio:<\/strong><\/p>\n<p><img class=\"alignnone wp-image-1839 size-full\" src=\"http:\/\/www.hginstrument.com\/wp-content\/uploads\/2021\/08\/hg127-wire-terminal.jpg\" alt=\"terminale a filo hg127\" width=\"926\" height=\"196\" srcset=\"https:\/\/www.hginstrument.com\/wp-content\/uploads\/2021\/08\/hg127-wire-terminal.jpg 926w, https:\/\/www.hginstrument.com\/wp-content\/uploads\/2021\/08\/hg127-wire-terminal-300x63.jpg 300w, https:\/\/www.hginstrument.com\/wp-content\/uploads\/2021\/08\/hg127-wire-terminal-768x163.jpg 768w, https:\/\/www.hginstrument.com\/wp-content\/uploads\/2021\/08\/hg127-wire-terminal-600x127.jpg 600w\" sizes=\"(max-width: 926px) 100vw, 926px\" \/><\/p>\n<p>&nbsp;<\/p>\n<p>&nbsp;<\/p>\n<p>&nbsp;<\/p>","protected":false},"excerpt":{"rendered":"<p>Il conduttivimetro online HG127 \u00e8 utilizzato per abbinare l'elettrodo di conducibilit\u00e0 alla misura continua della conducibilit\u00e0 del liquido, con display LCD.<\/p>","protected":false},"featured_media":1840,"comment_status":"closed","ping_status":"closed","template":"","meta":[],"product_cat":[1600,1715],"product_tag":[],"acf":[],"_links":{"self":[{"href":"https:\/\/www.hginstrument.com\/it\/wp-json\/wp\/v2\/product\/1846"}],"collection":[{"href":"https:\/\/www.hginstrument.com\/it\/wp-json\/wp\/v2\/product"}],"about":[{"href":"https:\/\/www.hginstrument.com\/it\/wp-json\/wp\/v2\/types\/product"}],"replies":[{"embeddable":true,"href":"https:\/\/www.hginstrument.com\/it\/wp-json\/wp\/v2\/comments?post=1846"}],"wp:featuredmedia":[{"embeddable":true,"href":"https:\/\/www.hginstrument.com\/it\/wp-json\/wp\/v2\/media\/1840"}],"wp:attachment":[{"href":"https:\/\/www.hginstrument.com\/it\/wp-json\/wp\/v2\/media?parent=1846"}],"wp:term":[{"taxonomy":"product_cat","embeddable":true,"href":"https:\/\/www.hginstrument.com\/it\/wp-json\/wp\/v2\/product_cat?post=1846"},{"taxonomy":"product_tag","embeddable":true,"href":"https:\/\/www.hginstrument.com\/it\/wp-json\/wp\/v2\/product_tag?post=1846"}],"curies":[{"name":"wp","href":"https:\/\/api.w.org\/{rel}","templated":true}]}}