{"id":3224,"date":"2022-07-22T17:28:01","date_gmt":"2022-07-22T09:28:01","guid":{"rendered":"https:\/\/www.hginstrument.com\/?post_type=product&#038;p=3224"},"modified":"2022-08-19T16:02:57","modified_gmt":"2022-08-19T08:02:57","slug":"ultrasonic-non-invasive-level-switch-for-closed-container","status":"publish","type":"product","link":"https:\/\/www.hginstrument.com\/it\/level-controller\/ultrasonic-non-invasive-level-switch-for-closed-container\/","title":{"rendered":"Interruttore di livello non invasivo a ultrasuoni (per contenitore chiuso)"},"content":{"rendered":"<p><strong>Principio di funzionamento<\/strong><\/p>\n<p>Il sensore di livello del liquido accoppia impulsi ultrasonici ad alta frequenza alla parete del contenitore, gli impulsi penetrano la parete del contenitore per propagarsi nel liquido e vengono riflessi dalla superficie interna del contenitore, rilevano e calcolano le caratteristiche del segnale riflesso e trasmettono i dati misurati allo strumento secondario in loco in tempo reale attraverso l'interfaccia RS485; \u00e8 possibile giudicare se il livello del liquido ha raggiunto la posizione in cui \u00e8 installato il sensore di livello.<\/p>\n<p><strong>Caratteristiche del prodotto<\/strong><\/p>\n<table>\n<tbody>\n<tr style=\"background-color: #d8d8d8;\">\n<td style=\"text-align: center;\" width=\"225\"><strong>Tipo<\/strong><\/td>\n<td width=\"451\">\n<p style=\"text-align: center;\"><strong>Caratteristica<\/strong><\/p>\n<\/td>\n<\/tr>\n<tr>\n<td width=\"225\">\n<p style=\"text-align: center;\">SYCW102-LC1<\/p>\n<p><img class=\"wp-image-3227 size-full aligncenter\" src=\"http:\/\/www.hginstrument.com\/wp-content\/uploads\/2022\/07\/lc1-suo.jpg\" alt=\"lc1 suo\" width=\"151\" height=\"121\" \/><\/td>\n<td width=\"451\">Ampia gamma di applicazioni: pu\u00f2 essere utilizzato per la misurazione di liquidi tossici, altamente corrosivi, ad alta pressione, in varie condizioni di lavoro complesse e in ambienti con gas esplosivi.<br \/>\nQuando l'installazione non richiede l'interruzione della produzione, non \u00e8 necessario svuotare il serbatoio e non \u00e8 necessario incendiarlo; installazione facile e funzionamento semplice.<br \/>\n\u25cf Azionare il controller con la penna magnetica.<\/td>\n<\/tr>\n<tr>\n<td width=\"225\">\n<p style=\"text-align: center;\">SYCW102-LC2<\/p>\n<p><img class=\"size-full wp-image-3226 aligncenter\" title=\"\" src=\"http:\/\/www.hginstrument.com\/wp-content\/uploads\/2022\/07\/lc2-suo.jpg\" alt=\"lc2 suo\" width=\"130\" height=\"108\" \/><\/td>\n<td width=\"451\">Metodo avanzato di elaborazione del segnale, in grado di superare l'influenza della deriva termica, maggiore capacit\u00e0 anti-interferenza.<br \/>\nIl nuovo metodo di installazione, tipo adsorbimento + tipo adesivo, pu\u00f2 migliorare la stabilit\u00e0 del lavoro della sonda.<br \/>\nSensore di temperatura incorporato, monitoraggio delle variazioni di temperatura 24 ore su 24, possibilit\u00e0 di compensazione della temperatura.<br \/>\nAdotta la modalit\u00e0 a sonda singola, che \u00e8 pi\u00f9 comoda per l'installazione ed evita la calibrazione ripetuta.<br \/>\n\u25cf Azionare il controller con la penna magnetica.<\/td>\n<\/tr>\n<\/tbody>\n<\/table>\n<p>&nbsp;<\/p>\n<p><strong>Condizioni di applicazione<\/strong><\/p>\n<ul>\n<li><strong>Supporto applicabile:<\/strong> Liquido puro, liquido in emulsione, liquido in sospensione, ecc. L'elenco dei mezzi misurabili \u00e8 il seguente:<\/li>\n<\/ul>\n<p>C3, acetone, propilene, acido ossalico, diesel, nitrometilanilina, butadiene, xilene, acido solforico, cloruro di vinile, cherosene, dimetilidrazina asimmetrica, benzina, idrocarburi leggeri, petrolio leggero, soluzione di soda caustica, ammoniaca liquida, anidride carbonica liquefatta, gas liquefatto, cloro liquido, etanolo, etere, vinile, petrolio grezzo, ossido di etilene, metilammina, toluene, metanolo, terz-butil-etere metilico, dimetil-etere, acqua di fenolo, freon, acqua di banana, acido nitrico, bromo, salamoia salina, acido cloridrico, olio alimentare, tetracloroetilene, fluoruro di idrogeno anidro, olio vegetale.<\/p>\n<ul>\n<li><strong>Materiale del contenitore:<\/strong> acciaio al carbonio, acciaio inox, vari metalli duri, plastica rinforzata con fibre di vetro, resina epossidica, plastica dura, ceramica, vetro, gomma dura o altri materiali compositi.<\/li>\n<\/ul>\n<ul>\n<li><strong>Spessore della parete del serbatoio misurabile: <\/strong>2 ~ 70 mm.<\/li>\n<li><strong>Forma del serbatoio applicabile:<\/strong> Serbatoio orizzontale, serbatoio sferico, serbatoio a trogolo, serbatoio verticale, ecc.<\/li>\n<\/ul>\n<p><strong>Dimensioni del regolatore di livello SYCW102-LC1<\/strong><\/p>\n<p><img class=\"alignnone wp-image-3218 size-full\" src=\"http:\/\/www.hginstrument.com\/wp-content\/uploads\/2022\/07\/uni200-lc01-dimension.jpg\" alt=\"Dimensione uni200 lc01\" width=\"567\" height=\"567\" srcset=\"https:\/\/www.hginstrument.com\/wp-content\/uploads\/2022\/07\/uni200-lc01-dimension.jpg 567w, https:\/\/www.hginstrument.com\/wp-content\/uploads\/2022\/07\/uni200-lc01-dimension-300x300.jpg 300w, https:\/\/www.hginstrument.com\/wp-content\/uploads\/2022\/07\/uni200-lc01-dimension-150x150.jpg 150w, https:\/\/www.hginstrument.com\/wp-content\/uploads\/2022\/07\/uni200-lc01-dimension-100x100.jpg 100w\" sizes=\"(max-width: 567px) 100vw, 567px\" \/><\/p>\n<p>&nbsp;<\/p>\n<p><strong>Dimensioni del regolatore di livello SYCW102-LC2<\/strong><\/p>\n<p><img class=\"alignnone wp-image-3217 size-full\" src=\"http:\/\/www.hginstrument.com\/wp-content\/uploads\/2022\/07\/uni200-lc02-dimension.jpg\" alt=\"Dimensione uni200 lc02\" width=\"556\" height=\"498\" srcset=\"https:\/\/www.hginstrument.com\/wp-content\/uploads\/2022\/07\/uni200-lc02-dimension.jpg 556w, https:\/\/www.hginstrument.com\/wp-content\/uploads\/2022\/07\/uni200-lc02-dimension-300x269.jpg 300w\" sizes=\"(max-width: 556px) 100vw, 556px\" \/><\/p>\n<p>&nbsp;<\/p>\n<p><strong>Dimensioni della doppia sonda<\/strong><\/p>\n<p><img class=\"alignnone wp-image-3216 size-full\" src=\"http:\/\/www.hginstrument.com\/wp-content\/uploads\/2022\/07\/double-probe-dimension.jpg\" alt=\"dimensione della sonda doppia\" width=\"715\" height=\"325\" srcset=\"https:\/\/www.hginstrument.com\/wp-content\/uploads\/2022\/07\/double-probe-dimension.jpg 715w, https:\/\/www.hginstrument.com\/wp-content\/uploads\/2022\/07\/double-probe-dimension-300x136.jpg 300w, https:\/\/www.hginstrument.com\/wp-content\/uploads\/2022\/07\/double-probe-dimension-600x273.jpg 600w\" sizes=\"(max-width: 715px) 100vw, 715px\" \/><\/p>\n<p>&nbsp;<\/p>\n<p><strong>Dimensioni della sonda singola<\/strong><\/p>\n<p><img class=\"alignnone wp-image-3215 size-full\" src=\"http:\/\/www.hginstrument.com\/wp-content\/uploads\/2022\/07\/single-probe-dimension.jpg\" alt=\"dimensione della sonda singola\" width=\"839\" height=\"312\" srcset=\"https:\/\/www.hginstrument.com\/wp-content\/uploads\/2022\/07\/single-probe-dimension.jpg 839w, https:\/\/www.hginstrument.com\/wp-content\/uploads\/2022\/07\/single-probe-dimension-300x112.jpg 300w, https:\/\/www.hginstrument.com\/wp-content\/uploads\/2022\/07\/single-probe-dimension-768x286.jpg 768w, https:\/\/www.hginstrument.com\/wp-content\/uploads\/2022\/07\/single-probe-dimension-600x223.jpg 600w\" sizes=\"(max-width: 839px) 100vw, 839px\" \/><\/p>\n<p>&nbsp;<\/p>\n<p><strong>Specifiche tecniche<\/strong><\/p>\n<table>\n<tbody>\n<tr>\n<td width=\"158\">Modello<\/td>\n<td width=\"265\">SYCW102-LC1<\/td>\n<td colspan=\"2\" width=\"253\">SYCW102-LC2<\/td>\n<\/tr>\n<tr>\n<td style=\"vertical-align: middle;\">Tipo<\/td>\n<td colspan=\"3\" width=\"517\">\u25cfTipo ordinario antideflagrante<br \/>\n\u25cfTipo antideflagrante (due punti di monitoraggio)<br \/>\nA sicurezza intrinseca<br \/>\n\u25cfSicurezza intrinseca (due punti di monitoraggio)<\/td>\n<\/tr>\n<tr>\n<td width=\"158\">Precisione<\/td>\n<td colspan=\"3\" width=\"517\">\u00b12 mm<\/td>\n<\/tr>\n<tr>\n<td width=\"158\">Spessore della parete del serbatoio misurabile<\/td>\n<td colspan=\"3\" width=\"517\">\u2264 70 mm<\/td>\n<\/tr>\n<tr>\n<td style=\"vertical-align: middle;\" width=\"158\">Segnale di uscita<\/td>\n<td colspan=\"3\" width=\"517\">Allarme livello liquido, 4 ~ 20 mA (per sicurezza intrinseca)<\/td>\n<\/tr>\n<tr>\n<td width=\"158\">Capacit\u00e0 del rel\u00e8<\/td>\n<td colspan=\"3\" width=\"517\">DC30V 6A \/ AC250V 6A<\/td>\n<\/tr>\n<tr>\n<td width=\"158\">Alimentazione<\/td>\n<td colspan=\"3\" width=\"517\">DC24V<\/td>\n<\/tr>\n<tr>\n<td width=\"158\">Potenza<\/td>\n<td width=\"265\">1 W<\/td>\n<td colspan=\"2\" width=\"253\">2 W<\/td>\n<\/tr>\n<tr>\n<td width=\"158\">Collegamento elettrico<\/td>\n<td colspan=\"3\" width=\"517\">Configurare in base alla selezione del modello<\/td>\n<\/tr>\n<tr>\n<td width=\"158\">Diametro del foro di filettatura<\/td>\n<td width=\"265\">\u03c68 mm (\u03c66 ~ 8 mm)<br \/>\nDiametro del cavo adattatore<\/td>\n<td colspan=\"2\" width=\"253\"><\/td>\n<\/tr>\n<tr>\n<td width=\"158\">A prova di esplosione<\/td>\n<td width=\"265\">Exd IICT6 Gb<\/td>\n<td colspan=\"2\" width=\"253\">Ex ia IICT Ga<\/td>\n<\/tr>\n<tr>\n<td width=\"158\">Materiale della scocca<\/td>\n<td width=\"265\">lega di alluminio fuso<\/td>\n<td colspan=\"2\" width=\"253\"><\/td>\n<\/tr>\n<tr>\n<td width=\"158\">Grado IP<\/td>\n<td colspan=\"3\" width=\"517\">IP67<\/td>\n<\/tr>\n<tr>\n<td width=\"158\">Luogo applicabile<\/td>\n<td colspan=\"3\" width=\"517\">Altri ambienti con gas esplosivi, ad eccezione delle miniere di carbone<\/td>\n<\/tr>\n<tr>\n<td width=\"158\">Temperatura ambiente<\/td>\n<td colspan=\"3\" width=\"517\">-50 ~ +70\u2103<\/td>\n<\/tr>\n<tr>\n<td width=\"158\">Umidit\u00e0 ambientale<\/td>\n<td colspan=\"3\" width=\"517\">15% ~ 100%RH<\/td>\n<\/tr>\n<tr>\n<td width=\"158\">Temperatura di funzionamento del sensore di livello a ultrasuoni<\/td>\n<td colspan=\"3\" width=\"517\">Tipo ordinario: -50 ~ +80\u2103, Tipo ad alta temperatura: fino a 200\u2103<\/td>\n<\/tr>\n<tr>\n<td width=\"158\">Dimensione del convertitore<\/td>\n<td colspan=\"2\" width=\"265\">236 \/ 186 * 125 * 171,5 mm<\/td>\n<td width=\"252\">155 * 241 * 129,4 mm<\/td>\n<\/tr>\n<tr>\n<td width=\"158\">Peso del convertitore<\/td>\n<td colspan=\"2\" width=\"265\">2,5 Kg<\/td>\n<td width=\"252\">2,6 Kg<\/td>\n<\/tr>\n<tr>\n<td width=\"158\">Distanza di comunicazione del controller della maniglia<\/td>\n<td colspan=\"2\" width=\"265\">NA<\/td>\n<td width=\"252\">3 m<\/td>\n<\/tr>\n<tr>\n<td width=\"158\">Parametro a sicurezza intrinseca<\/td>\n<td colspan=\"3\" width=\"517\">Ui: 28VDC Li:93Ma Pi:0.65W Ci:44Nf Li: 11uH<\/td>\n<\/tr>\n<\/tbody>\n<\/table>\n<p>&nbsp;<\/p>\n<p><strong>Schema di installazione per SYCW102-LC1\u00a0 \u00a0<\/strong>( Serbatoio sferico, doppia sonda, un punto di allarme )<\/p>\n<p><img class=\"alignnone wp-image-3219 size-full\" src=\"http:\/\/www.hginstrument.com\/wp-content\/uploads\/2022\/07\/uni200-lc01-mtdr.jpg\" alt=\"uni200 lc01 mtdr\" width=\"640\" height=\"392\" srcset=\"https:\/\/www.hginstrument.com\/wp-content\/uploads\/2022\/07\/uni200-lc01-mtdr.jpg 640w, https:\/\/www.hginstrument.com\/wp-content\/uploads\/2022\/07\/uni200-lc01-mtdr-300x184.jpg 300w, https:\/\/www.hginstrument.com\/wp-content\/uploads\/2022\/07\/uni200-lc01-mtdr-600x368.jpg 600w\" sizes=\"(max-width: 640px) 100vw, 640px\" \/><\/p>\n<table>\n<tbody>\n<tr style=\"background-color: #d8d8d8;\">\n<td style=\"text-align: center;\" width=\"45\">Articolo<\/td>\n<td style=\"text-align: center;\" width=\"170\">Nome della parte<\/td>\n<td style=\"text-align: center;\" width=\"190\">Connessione<br \/>\nspecifiche<\/td>\n<td style=\"text-align: center;\" width=\"46\">QT\u00c0<\/td>\n<td style=\"text-align: center;\" width=\"224\">Osservazione<\/td>\n<\/tr>\n<tr>\n<td width=\"45\">\u25b2<\/td>\n<td width=\"170\">Ingresso cavi<\/td>\n<td width=\"190\">Configurare in base alla selezione del modello<\/td>\n<td width=\"46\">3<\/td>\n<td rowspan=\"2\" width=\"224\">Contiene la staffa di montaggio e il morsetto a \"U\".<\/td>\n<\/tr>\n<tr>\n<td width=\"45\">1<\/td>\n<td width=\"170\">Controllore locale<\/td>\n<td width=\"190\">Configurare in base alla selezione del modello<\/td>\n<td width=\"46\">1<\/td>\n<\/tr>\n<tr>\n<td width=\"45\">2<\/td>\n<td width=\"170\">Tubo zincato<\/td>\n<td width=\"190\">Configurazione dell'utente<\/td>\n<td width=\"46\"><\/td>\n<td width=\"224\">L'utente fornisce<\/td>\n<\/tr>\n<tr>\n<td width=\"45\">3<\/td>\n<td width=\"170\">Scatola di cablaggio antideflagrante<\/td>\n<td width=\"190\"><\/td>\n<td width=\"46\">1<\/td>\n<td rowspan=\"4\" width=\"224\">Gruppo sonda e cavo<\/td>\n<\/tr>\n<tr>\n<td width=\"45\">4<\/td>\n<td width=\"170\">Tubo flessibile antideflagrante<\/td>\n<td width=\"190\">G 1\/2<\/td>\n<td width=\"46\">3<\/td>\n<\/tr>\n<tr>\n<td width=\"45\">5<\/td>\n<td width=\"170\">Connettore ad angolo retto<\/td>\n<td width=\"190\"><\/td>\n<td width=\"46\">2<\/td>\n<\/tr>\n<tr>\n<td width=\"45\">6<\/td>\n<td width=\"170\">Sonda a ultrasuoni e disco di aspirazione<\/td>\n<td width=\"190\"><\/td>\n<td width=\"46\">2<\/td>\n<\/tr>\n<tr>\n<td width=\"45\">7<\/td>\n<td width=\"170\">Tubo flessibile antideflagrante<\/td>\n<td width=\"190\">Configurazione dell'utente<\/td>\n<td width=\"46\">3<\/td>\n<td width=\"224\">L'utente fornisce<\/td>\n<\/tr>\n<\/tbody>\n<\/table>\n<p><strong>Attenzione all'installazione per SYCW102-LC1:<\/strong><\/p>\n<p>1\uff09sul corpo del serbatoio, l'area di contatto della sonda deve essere levigata e priva di ruggine. Quando si installa la ventosa, la superficie di emissione delle onde della sonda deve essere rivestita di grasso al silicone.<br \/>\n2) La sonda a ultrasuoni e il gruppo di cavi (compresi gli articoli 3, 4, 5 e 6) sono stati assemblati prima di lasciare la fabbrica. Gli articoli 2 e 7 devono essere forniti dall'utente.<br \/>\n3) Nel serbatoio verticale, si consiglia di installare la sonda a ultrasuoni per l'allarme di alto livello vicino alla scala a chiocciola per facilitare l'installazione e la manutenzione. La linea di segnale della sonda a ultrasuoni viene inserita nel tubo zincato e quindi collegata al controllore lungo la scala a chiocciola.<br \/>\n4\uff09Dopo aver completato il cablaggio, la canalina di imballaggio antideflagrante all'ingresso dei cavi dello strumento deve essere sigillata con il cemento antideflagrante configurato.<br \/>\n5\uff09I tubi flessibili antideflagranti sono collegati rispettivamente all'ingresso cavi del controllore. Dopo l'installazione, il controllore deve trovarsi pi\u00f9 in alto rispetto ai tubi zincati orizzontali su entrambi i lati.<br \/>\n6\uff09Le specifiche di connessione del tubo flessibile antideflagrante e del tubo zincato devono essere coerenti con gli effettivi requisiti di selezione (l'ingresso del cavo \u00e8 riservato allo strumento), e le giunzioni tra il raccordo del tubo e lo strumento devono essere sottoposte a trattamento impermeabile e antideflagrante.<\/p>\n<p>&nbsp;<\/p>\n<p><strong>Schema di installazione per SYCW102-LC2 <\/strong>( Serbatoio orizzontale, sonda singola, un punto di allarme )<\/p>\n<p><img class=\"alignnone wp-image-3214 size-full\" src=\"http:\/\/www.hginstrument.com\/wp-content\/uploads\/2022\/07\/uni200-lc02-mtdr.jpg\" alt=\"uni200 lc02 mtdr\" width=\"603\" height=\"286\" srcset=\"https:\/\/www.hginstrument.com\/wp-content\/uploads\/2022\/07\/uni200-lc02-mtdr.jpg 603w, https:\/\/www.hginstrument.com\/wp-content\/uploads\/2022\/07\/uni200-lc02-mtdr-300x142.jpg 300w, https:\/\/www.hginstrument.com\/wp-content\/uploads\/2022\/07\/uni200-lc02-mtdr-600x285.jpg 600w\" sizes=\"(max-width: 603px) 100vw, 603px\" \/><\/p>\n<table>\n<tbody>\n<tr style=\"background-color: #d8d8d8;\">\n<td style=\"text-align: center;\" width=\"45\">Articolo<\/td>\n<td style=\"text-align: center;\" width=\"198\">Nome della parte<\/td>\n<td style=\"text-align: center;\" width=\"162\">Connessione<br \/>\nspecifiche<\/td>\n<td style=\"text-align: center;\" width=\"46\">QT\u00c0<\/td>\n<td style=\"text-align: center;\" width=\"215\">Osservazione<\/td>\n<\/tr>\n<tr>\n<td width=\"45\">1<\/td>\n<td width=\"198\">Controllore<\/td>\n<td rowspan=\"2\" width=\"162\"><\/td>\n<td width=\"46\">1<\/td>\n<td rowspan=\"2\" width=\"215\"><\/td>\n<\/tr>\n<tr>\n<td width=\"45\">\u25b2<\/td>\n<td width=\"198\">Ingresso cavi<\/td>\n<td width=\"46\">4<\/td>\n<\/tr>\n<tr>\n<td width=\"45\">2<\/td>\n<td width=\"198\">Tubo zincato<\/td>\n<td width=\"162\">Configurazione dell'utente<\/td>\n<td width=\"46\"><\/td>\n<td width=\"215\">Fornito dall'utente<\/td>\n<\/tr>\n<tr>\n<td width=\"45\">3<\/td>\n<td width=\"198\">Componenti della sonda digitale<\/td>\n<td width=\"162\">M20*1,5 (F)<\/td>\n<td width=\"46\">1<\/td>\n<td width=\"215\"><\/td>\n<\/tr>\n<tr>\n<td width=\"45\">4<\/td>\n<td width=\"198\">Tubo flessibile antideflagrante<\/td>\n<td width=\"162\">Configurazione dell'utente<\/td>\n<td width=\"46\"><\/td>\n<td width=\"215\">Fornito dall'utente<\/td>\n<\/tr>\n<tr>\n<td width=\"45\">5<\/td>\n<td width=\"198\">Cavo della sonda<\/td>\n<td width=\"162\">Configurazione dell'utente<\/td>\n<td width=\"46\"><\/td>\n<td width=\"215\">Fornito dall'utente<\/td>\n<\/tr>\n<\/tbody>\n<\/table>\n<p>&nbsp;<\/p>\n<p><strong>Attenzione all'installazione per SYCW102-LC2:<\/strong><\/p>\n<p>1) La sonda digitale a ultrasuoni fornisce le specifiche dell'adattatore; l'adattatore deve essere fornito dal cliente; quando si effettua il cablaggio, rimuovere prima l'adattatore, quindi reinstallarlo e serrarlo dopo la filettatura.<br \/>\n2) I punti 2, 4 e 5 devono essere forniti dall'utente.<br \/>\n3) Sul serbatoio, si consiglia di installare la sonda a ultrasuoni per l'allarme di alto livello vicino alla scala a chiocciola per facilitare l'installazione e la manutenzione. La linea di segnale della sonda a ultrasuoni viene inserita nel tubo zincato e quindi collegata al controllore lungo la scala a chiocciola.<br \/>\n4) I tubi flessibili antideflagranti sono collegati rispettivamente all'ingresso cavi del controllore. Dopo l'installazione, il controllore deve trovarsi pi\u00f9 in alto dei tubi zincati orizzontali su entrambi i lati.<br \/>\n5) Le specifiche di connessione del tubo flessibile antideflagrante e del tubo zincato devono essere coerenti con gli effettivi requisiti di selezione (l'ingresso del cavo \u00e8 riservato allo strumento), e le giunzioni tra il raccordo del tubo e lo strumento devono essere sottoposte a trattamento impermeabile e antideflagrante.<br \/>\n6) Il corpo dello strumento deve essere ben collegato a terra.<\/p>\n<p>&nbsp;<\/p>\n<p><strong>Schema di collegamento del controllore di livello (un punto di allarme, sistema a 4 fili)<\/strong><\/p>\n<p><img class=\"alignnone wp-image-3210 size-full\" src=\"http:\/\/www.hginstrument.com\/wp-content\/uploads\/2022\/07\/wiring-terminal-01.jpg\" alt=\"morsetto di cablaggio 01\" width=\"381\" height=\"292\" srcset=\"https:\/\/www.hginstrument.com\/wp-content\/uploads\/2022\/07\/wiring-terminal-01.jpg 381w, https:\/\/www.hginstrument.com\/wp-content\/uploads\/2022\/07\/wiring-terminal-01-300x230.jpg 300w\" sizes=\"(max-width: 381px) 100vw, 381px\" \/><\/p>\n<p>&nbsp;<\/p>\n<p><strong>Schema di collegamento del regolatore di livello (con convertitore)<\/strong><\/p>\n<p><img class=\"alignnone wp-image-3209 size-full\" src=\"http:\/\/www.hginstrument.com\/wp-content\/uploads\/2022\/07\/wiring-terminal-02.jpg\" alt=\"cablaggio morsetto 02\" width=\"629\" height=\"326\" srcset=\"https:\/\/www.hginstrument.com\/wp-content\/uploads\/2022\/07\/wiring-terminal-02.jpg 629w, https:\/\/www.hginstrument.com\/wp-content\/uploads\/2022\/07\/wiring-terminal-02-300x155.jpg 300w, https:\/\/www.hginstrument.com\/wp-content\/uploads\/2022\/07\/wiring-terminal-02-600x311.jpg 600w\" sizes=\"(max-width: 629px) 100vw, 629px\" \/><\/p>\n<p>&nbsp;<\/p>\n<p><strong>Schema di collegamento del controllore di livello (2 punti di allarme)<\/strong><\/p>\n<p><img class=\"alignnone wp-image-3208 size-full\" src=\"http:\/\/www.hginstrument.com\/wp-content\/uploads\/2022\/07\/wiring-terminal-03.jpg\" alt=\"cablaggio morsetto 03\" width=\"449\" height=\"298\" srcset=\"https:\/\/www.hginstrument.com\/wp-content\/uploads\/2022\/07\/wiring-terminal-03.jpg 449w, https:\/\/www.hginstrument.com\/wp-content\/uploads\/2022\/07\/wiring-terminal-03-300x199.jpg 300w\" sizes=\"(max-width: 449px) 100vw, 449px\" \/><\/p>\n<p>&nbsp;<\/p>\n<p><strong>Schema di cablaggio del regolatore di livello (per SYCW102-LC2)<\/strong><\/p>\n<p><img class=\"alignnone wp-image-3207 size-full\" src=\"http:\/\/www.hginstrument.com\/wp-content\/uploads\/2022\/07\/wiring-terminal-04.jpg\" alt=\"cablaggio morsetto 04\" width=\"448\" height=\"280\" srcset=\"https:\/\/www.hginstrument.com\/wp-content\/uploads\/2022\/07\/wiring-terminal-04.jpg 448w, https:\/\/www.hginstrument.com\/wp-content\/uploads\/2022\/07\/wiring-terminal-04-300x188.jpg 300w\" sizes=\"(max-width: 448px) 100vw, 448px\" \/><\/p>\n<p>&nbsp;<\/p>\n<p><strong>Caso di applicazione<\/strong><\/p>\n<p><img class=\"alignnone wp-image-3206 size-full\" src=\"http:\/\/www.hginstrument.com\/wp-content\/uploads\/2022\/07\/uni200-lc-mt.jpg\" alt=\"uni200 lc mt\" width=\"623\" height=\"416\" srcset=\"https:\/\/www.hginstrument.com\/wp-content\/uploads\/2022\/07\/uni200-lc-mt.jpg 623w, https:\/\/www.hginstrument.com\/wp-content\/uploads\/2022\/07\/uni200-lc-mt-300x200.jpg 300w, https:\/\/www.hginstrument.com\/wp-content\/uploads\/2022\/07\/uni200-lc-mt-600x401.jpg 600w\" sizes=\"(max-width: 623px) 100vw, 623px\" \/><\/p>\n<p><img class=\"alignnone wp-image-3213\" src=\"http:\/\/www.hginstrument.com\/wp-content\/uploads\/2022\/07\/uni200-lc01-mt.jpg\" alt=\"uni200 lc01 mt\" width=\"489\" height=\"367\" srcset=\"https:\/\/www.hginstrument.com\/wp-content\/uploads\/2022\/07\/uni200-lc01-mt.jpg 1440w, https:\/\/www.hginstrument.com\/wp-content\/uploads\/2022\/07\/uni200-lc01-mt-300x225.jpg 300w, https:\/\/www.hginstrument.com\/wp-content\/uploads\/2022\/07\/uni200-lc01-mt-1024x768.jpg 1024w, https:\/\/www.hginstrument.com\/wp-content\/uploads\/2022\/07\/uni200-lc01-mt-768x576.jpg 768w, https:\/\/www.hginstrument.com\/wp-content\/uploads\/2022\/07\/uni200-lc01-mt-600x450.jpg 600w\" sizes=\"(max-width: 489px) 100vw, 489px\" \/>\u00a0 \u00a0 \u00a0 \u00a0 <img class=\"alignnone wp-image-3223\" src=\"http:\/\/www.hginstrument.com\/wp-content\/uploads\/2022\/07\/uni200-lc02-mt.jpg\" alt=\"uni200 lc02 mt\" width=\"281\" height=\"374\" srcset=\"https:\/\/www.hginstrument.com\/wp-content\/uploads\/2022\/07\/uni200-lc02-mt.jpg 1080w, https:\/\/www.hginstrument.com\/wp-content\/uploads\/2022\/07\/uni200-lc02-mt-225x300.jpg 225w, https:\/\/www.hginstrument.com\/wp-content\/uploads\/2022\/07\/uni200-lc02-mt-768x1024.jpg 768w, https:\/\/www.hginstrument.com\/wp-content\/uploads\/2022\/07\/uni200-lc02-mt-600x800.jpg 600w\" sizes=\"(max-width: 281px) 100vw, 281px\" \/><\/p>\n<p>&nbsp;<\/p>\n<p>&nbsp;<\/p>\n<p>&nbsp;<\/p>\n<p>&nbsp;<\/p>","protected":false},"excerpt":{"rendered":"<p>L'interruttore di livello non invasivo a ultrasuoni \u00e8 un nuovo tipo di dispositivo di misurazione del livello dei liquidi e di allarme. Questa tecnologia non \u00e8 influenzata da fattori quali la densit\u00e0 del mezzo, la costante dielettrica, la conduttivit\u00e0, il coefficiente di riflessione, la pressione, la temperatura, la precipitazione, ecc. \u00c8 adatto per il controllo dei processi di livello dei liquidi nei settori della medicina, del petrolio, dell'industria chimica, dell'energia elettrica, dell'alimentazione e di altri settori, in particolare per le applicazioni con requisiti sanitari, alta pressione, radioattivit\u00e0, tossicit\u00e0, corrosione e altre occasioni speciali.<\/p>","protected":false},"featured_media":3221,"comment_status":"closed","ping_status":"closed","template":"","meta":[],"product_cat":[1259,2355],"product_tag":[],"acf":[],"_links":{"self":[{"href":"https:\/\/www.hginstrument.com\/it\/wp-json\/wp\/v2\/product\/3224"}],"collection":[{"href":"https:\/\/www.hginstrument.com\/it\/wp-json\/wp\/v2\/product"}],"about":[{"href":"https:\/\/www.hginstrument.com\/it\/wp-json\/wp\/v2\/types\/product"}],"replies":[{"embeddable":true,"href":"https:\/\/www.hginstrument.com\/it\/wp-json\/wp\/v2\/comments?post=3224"}],"wp:featuredmedia":[{"embeddable":true,"href":"https:\/\/www.hginstrument.com\/it\/wp-json\/wp\/v2\/media\/3221"}],"wp:attachment":[{"href":"https:\/\/www.hginstrument.com\/it\/wp-json\/wp\/v2\/media?parent=3224"}],"wp:term":[{"taxonomy":"product_cat","embeddable":true,"href":"https:\/\/www.hginstrument.com\/it\/wp-json\/wp\/v2\/product_cat?post=3224"},{"taxonomy":"product_tag","embeddable":true,"href":"https:\/\/www.hginstrument.com\/it\/wp-json\/wp\/v2\/product_tag?post=3224"}],"curies":[{"name":"wp","href":"https:\/\/api.w.org\/{rel}","templated":true}]}}