{"id":3289,"date":"2023-04-26T11:13:14","date_gmt":"2023-04-26T03:13:14","guid":{"rendered":"https:\/\/www.hginstrument.com\/?post_type=product&#038;p=3289"},"modified":"2023-04-26T11:18:02","modified_gmt":"2023-04-26T03:18:02","slug":"diaphragm-type-pressure-switch","status":"publish","type":"product","link":"https:\/\/www.hginstrument.com\/it\/pressure-switch\/diaphragm-type-pressure-switch\/","title":{"rendered":"Pressostato a membrana"},"content":{"rendered":"<p><strong>Caratteristiche del pressostato a membrana:<\/strong><\/p>\n<ul>\n<li>Il pressostato di tipo a membrana \u00e8 adatto a tutti i tipi di siti industriali, pu\u00f2 sostituire i prodotti simili stranieri<\/li>\n<li>Adotta un sensore a membrana\/pistone in acciaio inossidabile importato in gomma\/316L, con prestazioni stabili e affidabili.<\/li>\n<li>Uscita SPDT o DPDT; guscio in alluminio fuso, opzionale antideflagrante; diverse interfacce di pressione ed elettriche sono opzionali<\/li>\n<li>Struttura semplice, senza parti da smontare<\/li>\n<li>Precisione: 0,5 livelli; ripetibilit\u00e0: \u00b11%;<\/li>\n<li>Gamma: 30Pa-40 Mpa Opzionale<\/li>\n<\/ul>\n<p><strong>Parametri di base del pressostato a membrana:<\/strong><\/p>\n<table>\n<tbody>\n<tr>\n<td width=\"168\">Mezzo applicabile<\/td>\n<td width=\"454\">Gas o liquidi non corrosivi per la gomma nitrilica butadiene o per l'acciaio inox 316L<\/td>\n<\/tr>\n<tr>\n<td width=\"168\">Materiale dell'alloggiamento<\/td>\n<td width=\"454\">Alluminio pressofuso con rivestimento epossidico e rondella di tenuta<\/td>\n<\/tr>\n<tr>\n<td width=\"168\">Classe abitativa<\/td>\n<td width=\"454\">Soddisfa i requisiti della norma IEC60529, a prova di intemperie IP67<\/td>\n<\/tr>\n<tr>\n<td width=\"168\">Precisione delle impostazioni<\/td>\n<td width=\"454\">\u00b11%<\/td>\n<\/tr>\n<tr>\n<td width=\"168\">Zona morta<\/td>\n<td width=\"454\">Non regolabile (fare riferimento ai dati della tabella di selezione)<\/td>\n<\/tr>\n<tr>\n<td width=\"168\">Errore di ripetibilit\u00e0<\/td>\n<td width=\"454\">\u00a0&lt;1%<\/td>\n<\/tr>\n<tr>\n<td width=\"168\">Collegamento elettrico<\/td>\n<td width=\"454\">M20*1,5 femmina, su richiesta<\/td>\n<\/tr>\n<tr>\n<td width=\"168\">Temperatura ambiente<\/td>\n<td width=\"454\">-40\u2103 \uff5e +85\u2103<\/td>\n<\/tr>\n<tr>\n<td width=\"168\">Umidit\u00e0 ambientale<\/td>\n<td width=\"454\">5%\uff5e95%<\/td>\n<\/tr>\n<tr>\n<td width=\"168\">Vita utile<\/td>\n<td width=\"454\">10^5 circolazione<\/td>\n<\/tr>\n<tr>\n<td width=\"168\">Anti-detonazione<\/td>\n<td width=\"454\">&lt; Max . 2g<\/td>\n<\/tr>\n<tr>\n<td width=\"168\">Grado di protezione antideflagrante<\/td>\n<td width=\"454\">EsedIICT6<\/td>\n<\/tr>\n<tr>\n<td width=\"168\">Tariffa di contatto<\/td>\n<td width=\"454\">Vmax=380V\uff0cImax=15A<\/p>\n<p>Si prega di chiedere se si hanno esigenze particolari<\/td>\n<\/tr>\n<tr>\n<td width=\"168\">Uscita<\/td>\n<td width=\"454\">SPDT (NO, COM, NC)<\/td>\n<\/tr>\n<\/tbody>\n<\/table>\n<p><strong>Informazioni per l'ordine del pressostato a membrana<\/strong><\/p>\n<p><strong>Pressostato serie KGSP-K:<\/strong> Membrana in gomma nitrilica e O-ring, connessione al processo: G 1\/4F (\u00e8 possibile personalizzare altri tipi di connessione al processo)<\/p>\n<table>\n<tbody>\n<tr>\n<td width=\"102\">Modello<\/td>\n<td width=\"104\">Gamma<\/td>\n<td width=\"113\">Zona morta<\/td>\n<td width=\"161\">Frequenza di commutazione<\/td>\n<td width=\"142\">Materiale del sensore<\/td>\n<\/tr>\n<tr>\n<td width=\"102\">KGSP-K -K0010<\/td>\n<td width=\"104\">30\uff5e1000Pa<\/td>\n<td width=\"113\">\u226430Pa<\/td>\n<td width=\"161\">10 volte al minuto<\/td>\n<td width=\"142\">Gomma nitrilica<\/td>\n<\/tr>\n<tr>\n<td width=\"102\">KGSP-K -K0060<\/td>\n<td width=\"104\">0,5\uff5e6KPa<\/td>\n<td width=\"113\">\u22640,2KPa<\/td>\n<td width=\"161\">10 volte al minuto<\/td>\n<td width=\"142\">Gomma nitrilica<\/td>\n<\/tr>\n<tr>\n<td width=\"102\">KGSP-K -K0150<\/td>\n<td width=\"104\">1\uff5e50KPa<\/td>\n<td width=\"113\">\u22640,5KPa<\/td>\n<td width=\"161\">10 volte al minuto<\/td>\n<td width=\"142\">Gomma nitrilica<\/td>\n<\/tr>\n<\/tbody>\n<\/table>\n<p>&nbsp;<\/p>\n<p><strong>Pressostato serie KGSP-G:<\/strong> Membrana in acciaio inox 316L saldata, connessione al processo: G 1\/4F (\u00e8 possibile personalizzare altri tipi di connessione al processo)<\/p>\n<table>\n<tbody>\n<tr>\n<td width=\"114\">Modello<\/td>\n<td width=\"114\">Gamma<\/td>\n<td width=\"114\">Zona morta<\/td>\n<td width=\"139\">Frequenza di commutazione<\/td>\n<td width=\"142\">Materiale del sensore<\/td>\n<\/tr>\n<tr>\n<td width=\"114\">KGSP-G0010<\/td>\n<td width=\"114\">30\uff5e1000Pa<\/td>\n<td width=\"114\">\u226430Pa<\/td>\n<td width=\"139\">10 volte al minuto<\/td>\n<td width=\"142\">316L<\/td>\n<\/tr>\n<tr>\n<td width=\"114\">KGSP-G0060<\/td>\n<td width=\"114\">0,5\uff5e6KPa<\/td>\n<td width=\"114\">\u22640,2KPa<\/td>\n<td width=\"139\">10 volte al minuto<\/td>\n<td width=\"142\">316L<\/td>\n<\/tr>\n<tr>\n<td width=\"114\">KGSP-G0150<\/td>\n<td width=\"114\">1\uff5e50KPa<\/td>\n<td width=\"114\">\u22640,5KPa<\/td>\n<td width=\"139\">10 volte al minuto<\/td>\n<td width=\"142\">316L<\/td>\n<\/tr>\n<\/tbody>\n<\/table>\n<p>&nbsp;<\/p>\n<p><strong>Pressostato serie KGSP-KM:<\/strong> Membrana e O-ring in gomma nitrilica, connessione al processo: 1\/2 NPTF (\u00e8 possibile personalizzare altri tipi di connessione al processo)<\/p>\n<table>\n<tbody>\n<tr>\n<td width=\"114\">Modello<\/td>\n<td width=\"118\">Gamma<\/td>\n<td width=\"109\">Zona morta<\/td>\n<td width=\"139\">Frequenza di commutazione<\/td>\n<td width=\"142\">Materiale del sensore<\/td>\n<\/tr>\n<tr>\n<td width=\"114\">KGSP-KM 0160<\/td>\n<td width=\"118\">0,006\uff5e0,16MPa<\/td>\n<td width=\"109\">\u22640,004MPa<\/td>\n<td width=\"139\">20 volte al minuto<\/td>\n<td width=\"142\">Gomma nitrilica<\/td>\n<\/tr>\n<tr>\n<td width=\"114\">KGSP-KM 0400<\/td>\n<td width=\"118\">0,01\uff5e0,4MPa<\/td>\n<td width=\"109\">\u22640,02MPa<\/td>\n<td width=\"139\">20 volte al minuto<\/td>\n<td width=\"142\">Gomma nitrilica<\/td>\n<\/tr>\n<tr>\n<td width=\"114\">KGSP-KM 1000<\/td>\n<td width=\"118\">0,02\uff5e1,0MPa<\/td>\n<td width=\"109\">\u22640,025MPa<\/td>\n<td width=\"139\">20 volte al minuto<\/td>\n<td width=\"142\">Gomma nitrilica<\/td>\n<\/tr>\n<tr>\n<td width=\"114\">KGSP-KM1600<\/td>\n<td width=\"118\">0,05\uff5e1,6MPa<\/td>\n<td width=\"109\">\u22640,25MPa<\/td>\n<td width=\"139\">20 volte al minuto<\/td>\n<td width=\"142\">Gomma nitrilica<\/td>\n<\/tr>\n<tr>\n<td width=\"114\">KGSP-KM2500<\/td>\n<td width=\"118\">0,05\uff5e2,5MPa<\/td>\n<td width=\"109\">\u22640,25MPa<\/td>\n<td width=\"139\">20 volte al minuto<\/td>\n<td width=\"142\">Gomma nitrilica<\/td>\n<\/tr>\n<tr>\n<td width=\"114\">KGSP-KM6000<\/td>\n<td width=\"118\">0,3\uff5e6MPa<\/td>\n<td width=\"109\">\u22640,3MPa<\/td>\n<td width=\"139\">20 volte al minuto<\/td>\n<td width=\"142\">Gomma nitrilica<\/td>\n<\/tr>\n<tr>\n<td width=\"114\">KGSP-KMG100<\/td>\n<td width=\"118\">0,6\uff5e10MPa<\/td>\n<td width=\"109\">\u22640,4MPa<\/td>\n<td width=\"139\">20 volte al minuto<\/td>\n<td width=\"142\">Gomma nitrilica<\/td>\n<\/tr>\n<\/tbody>\n<\/table>\n<p>&nbsp;<\/p>\n<p><strong>Pressostato serie KGSP-GM:<\/strong> Membrana in acciaio inox 316L saldata, attacco al processo: 1\/2 NPTF (\u00e8 possibile personalizzare altri tipi di connessione al processo)<\/p>\n<table>\n<tbody>\n<tr>\n<td width=\"114\">Modello<\/td>\n<td width=\"118\">Gamma<\/td>\n<td width=\"109\">Zona morta<\/td>\n<td width=\"139\">Frequenza di commutazione<\/td>\n<td width=\"142\">Materiale del sensore<\/td>\n<\/tr>\n<tr>\n<td width=\"114\">KGSP -GM0160<\/td>\n<td width=\"118\">0,006\uff5e0,16MPa<\/td>\n<td width=\"109\">\u22640,004MPa<\/td>\n<td width=\"139\">20 volte al minuto<\/td>\n<td width=\"142\">316L<\/td>\n<\/tr>\n<tr>\n<td width=\"114\">KGSP -GM0400<\/td>\n<td width=\"118\">0,01\uff5e0,4MPa<\/td>\n<td width=\"109\">\u22640,02MPa<\/td>\n<td width=\"139\">20 volte al minuto<\/td>\n<td width=\"142\">316L<\/td>\n<\/tr>\n<tr>\n<td width=\"114\">KGSP -GM1000<\/td>\n<td width=\"118\">0,02\uff5e1,0MPa<\/td>\n<td width=\"109\">\u22640,025MPa<\/td>\n<td width=\"139\">20 volte al minuto<\/td>\n<td width=\"142\">316L<\/td>\n<\/tr>\n<tr>\n<td width=\"114\">KGSP -GM1600<\/td>\n<td width=\"118\">0,05\uff5e1,6MPa<\/td>\n<td width=\"109\">\u22640,25MPa<\/td>\n<td width=\"139\">20 volte al minuto<\/td>\n<td width=\"142\">316L<\/td>\n<\/tr>\n<tr>\n<td width=\"114\">KGSP -GM2500<\/td>\n<td width=\"118\">0,05\uff5e2,5MPa<\/td>\n<td width=\"109\">\u22640,25MPa<\/td>\n<td width=\"139\">20 volte al minuto<\/td>\n<td width=\"142\">316L<\/td>\n<\/tr>\n<tr>\n<td width=\"114\">KGSP -GM6000<\/td>\n<td width=\"118\">0,3\uff5e6MPa<\/td>\n<td width=\"109\">\u22640,3MPa<\/td>\n<td width=\"139\">20 volte al minuto<\/td>\n<td width=\"142\">316L<\/td>\n<\/tr>\n<tr>\n<td width=\"114\">KGSP -GMG100<\/td>\n<td width=\"118\">0,6\uff5e10MPa<\/td>\n<td width=\"109\">\u22640,4MPa<\/td>\n<td width=\"139\">20 volte al minuto<\/td>\n<td width=\"142\">316L<\/td>\n<\/tr>\n<\/tbody>\n<\/table>\n<p>&nbsp;<\/p>\n<p><strong>Pressostato serie KGSP-GH:<\/strong> Pistone in acciaio inox 304, attacco al processo: 1\/2 NPTF (\u00e8 possibile personalizzare altri tipi di attacco al processo)<\/p>\n<table>\n<tbody>\n<tr>\n<td width=\"122\">Modello<\/td>\n<td width=\"110\">Gamma<\/td>\n<td width=\"109\">Zona morta<\/td>\n<td width=\"139\">Frequenza di commutazione<\/td>\n<td width=\"142\">Materiale del sensore<\/td>\n<\/tr>\n<tr>\n<td width=\"122\">KGSP -GH100<\/td>\n<td width=\"110\">1\uff5e10MPa<\/td>\n<td width=\"109\">\u22640,4MPa<\/td>\n<td width=\"139\">20 volte al minuto<\/td>\n<td width=\"142\">304<\/td>\n<\/tr>\n<tr>\n<td width=\"122\">KGSP -GH160<\/td>\n<td width=\"110\">1\uff5e16MPa<\/td>\n<td width=\"109\">\u22640,5MPa<\/td>\n<td width=\"139\">20 volte al minuto<\/td>\n<td width=\"142\">304<\/td>\n<\/tr>\n<tr>\n<td width=\"122\">KGSP -GH250<\/td>\n<td width=\"110\">2\uff5e25MPa<\/td>\n<td width=\"109\">\u22640,6MPa<\/td>\n<td width=\"139\">20 volte al minuto<\/td>\n<td width=\"142\">304<\/td>\n<\/tr>\n<tr>\n<td width=\"122\">KGSP -GH400<\/td>\n<td width=\"110\">2\uff5e40MPa<\/td>\n<td width=\"109\">\u22640,8MPa<\/td>\n<td width=\"139\">20 volte al minuto<\/td>\n<td width=\"142\">304<\/td>\n<\/tr>\n<\/tbody>\n<\/table>\n<p>&nbsp;<\/p>\n<p><strong>Pressostato serie KGSP-KG:<\/strong> Membrana e O-ring in gomma nitrilica, connessione al processo: 1\/2 NPTF (\u00e8 possibile personalizzare altri tipi di connessione al processo)<\/p>\n<table>\n<tbody>\n<tr>\n<td width=\"122\">Modello<\/td>\n<td width=\"110\">Gamma<\/td>\n<td width=\"109\">Zona morta<\/td>\n<td width=\"139\">Frequenza di commutazione<\/td>\n<td width=\"142\">Materiale del sensore<\/td>\n<\/tr>\n<tr>\n<td width=\"122\">KGSP-KG100<\/td>\n<td width=\"110\">1\uff5e10MPa<\/td>\n<td width=\"109\">\u22640,4MPa<\/td>\n<td width=\"139\">20 volte al minuto<\/td>\n<td width=\"142\">Gomma nitrilica<\/td>\n<\/tr>\n<tr>\n<td width=\"122\">KGSP -KG160<\/td>\n<td width=\"110\">1\uff5e16MPa<\/td>\n<td width=\"109\">\u22640,5MPa<\/td>\n<td width=\"139\">20 volte al minuto<\/td>\n<td width=\"142\">Gomma nitrilica<\/td>\n<\/tr>\n<tr>\n<td width=\"122\">KGSP -KG250<\/td>\n<td width=\"110\">2\uff5e25MPa<\/td>\n<td width=\"109\">\u22640,6MPa<\/td>\n<td width=\"139\">20 volte al minuto<\/td>\n<td width=\"142\">Gomma nitrilica<\/td>\n<\/tr>\n<tr>\n<td width=\"122\">KGSP -KG400<\/td>\n<td width=\"110\">2\uff5e40MPa<\/td>\n<td width=\"109\">\u22640,8MPa<\/td>\n<td width=\"139\">20 volte al minuto<\/td>\n<td width=\"142\">Gomma nitrilica<\/td>\n<\/tr>\n<\/tbody>\n<\/table>\n<p>&nbsp;<\/p>\n<p><strong>Pressostato a diaframma di separazione<\/strong><\/p>\n<p><strong>Informazioni per l'ordine del pressostato di tipo a membrana di separazione<\/strong><\/p>\n<p><strong>Pressostato serie KGSP-GM:<\/strong> Saldare il diaframma in acciaio inox 316L, \u00e8 possibile personalizzare il collegamento al processo)<\/p>\n<table>\n<tbody>\n<tr>\n<td width=\"131\">Modello<\/td>\n<td width=\"115\">Gamma<\/td>\n<td width=\"110\">Zona morta<\/td>\n<td width=\"133\">Frequenza di commutazione<\/td>\n<td width=\"132\">Materiale del sensore<\/td>\n<\/tr>\n<tr>\n<td width=\"131\">KGSP-GM0160GL<\/td>\n<td width=\"115\">0,006\uff5e0,16MPa<\/td>\n<td width=\"110\">\u22640,004MPa<\/td>\n<td width=\"133\">20 volte al minuto<\/td>\n<td width=\"132\">316L<\/td>\n<\/tr>\n<tr>\n<td width=\"131\">KGSP -GM1000GL<\/td>\n<td width=\"115\">0,02\uff5e1,0MPa<\/td>\n<td width=\"110\">\u22640,02MPa<\/td>\n<td width=\"133\">20 volte al minuto<\/td>\n<td width=\"132\">316L<\/td>\n<\/tr>\n<tr>\n<td width=\"131\">KGSP -GM2500GL<\/td>\n<td width=\"115\">0,05\uff5e2,5MPa<\/td>\n<td width=\"110\">\u22640,03MPa<\/td>\n<td width=\"133\">20 volte al minuto<\/td>\n<td width=\"132\">316L<\/td>\n<\/tr>\n<tr>\n<td width=\"131\">KGSP -GM6000GL<\/td>\n<td width=\"115\">0,3\uff5e6MPa<\/td>\n<td width=\"110\">\u22640,035MPa<\/td>\n<td width=\"133\">20 volte al minuto<\/td>\n<td width=\"132\">316L<\/td>\n<\/tr>\n<tr>\n<td width=\"131\">KGSP -GMG100GL<\/td>\n<td width=\"115\">1\uff5e10MPa<\/td>\n<td width=\"110\">\u22640,35MPa<\/td>\n<td width=\"133\">20 volte al minuto<\/td>\n<td width=\"132\">316L<\/td>\n<\/tr>\n<tr>\n<td width=\"131\">KGSP -GMG160GL<\/td>\n<td width=\"115\">1\uff5e16MPa<\/td>\n<td width=\"110\">\u22640,35MPa<\/td>\n<td width=\"133\">20 volte al minuto<\/td>\n<td width=\"132\">316L<\/td>\n<\/tr>\n<tr>\n<td width=\"131\">KGSP -GMG250GL<\/td>\n<td width=\"115\">2\uff5e25MPa<\/td>\n<td width=\"110\">\u22640,6MPa<\/td>\n<td width=\"133\">20 volte al minuto<\/td>\n<td width=\"132\">316L<\/td>\n<\/tr>\n<\/tbody>\n<\/table>\n<p><strong>Nota:<\/strong> Se \u00e8 necessario un collegamento capillare, indicare la lunghezza del capillare; il materiale del sensore pu\u00f2 essere personalizzato; l'elemento di pressione pu\u00f2 essere selezionato con tenuta a diaframma.<\/p>\n<p>&nbsp;<\/p>\n<p><strong>Tipo a membrana Pressostato negativo<\/strong><\/p>\n<p><strong>Informazioni per l'ordine del pressostato negativo a membrana<\/strong><\/p>\n<p><strong>Pressostato serie KGSV-K:<\/strong> Membrana in gomma nitrilica e O-ring, connessione al processo: G 1\/4 F (\u00e8 possibile personalizzare altri tipi di connessione al processo)<\/p>\n<table>\n<tbody>\n<tr>\n<td width=\"114\">Modello<\/td>\n<td width=\"130\">Gamma<\/td>\n<td width=\"97\">Zona morta<\/td>\n<td width=\"139\">Frequenza di commutazione<\/td>\n<td width=\"132\">Materiale del sensore<\/td>\n<\/tr>\n<tr>\n<td width=\"114\">KGSV-KK0020<\/td>\n<td width=\"130\">2\uff5e0\uff5e2KPa<\/td>\n<td width=\"97\">\u226430Pa<\/td>\n<td width=\"139\">10 volte al minuto<\/td>\n<td width=\"132\">Gomma nitrilica<\/td>\n<\/tr>\n<tr>\n<td width=\"114\">KGSV-KK0100<\/td>\n<td width=\"130\">10\uff5e0\uff5e10KPa<\/td>\n<td width=\"97\">\u22640,2KPa<\/td>\n<td width=\"139\">10 volte al minuto<\/td>\n<td width=\"132\">Gomma nitrilica<\/td>\n<\/tr>\n<tr>\n<td width=\"114\">KGSV-KM0100<\/td>\n<td width=\"130\">-0,1\uff5e0\uff5e0,1MPa<\/td>\n<td width=\"97\">\u22640,004MPa<\/td>\n<td width=\"139\">20 volte al minuto<\/td>\n<td width=\"132\">Gomma nitrilica<\/td>\n<\/tr>\n<\/tbody>\n<\/table>\n<p>&nbsp;<\/p>\n<p><strong>Pressostato serie KGSV-GK:<\/strong> Membrana in acciaio inox 316L saldata, connessione al processo: G 1\/4F (\u00e8 possibile personalizzare altri tipi di connessione al processo)<\/p>\n<table>\n<tbody>\n<tr>\n<td width=\"114\">Modello<\/td>\n<td width=\"118\">Gamma<\/td>\n<td width=\"109\">Zona morta<\/td>\n<td width=\"139\">Frequenza di commutazione<\/td>\n<td width=\"132\">Materiale del sensore<\/td>\n<\/tr>\n<tr>\n<td width=\"114\">KGSV-GK0020<\/td>\n<td width=\"118\">2\uff5e0\uff5e2KPa<\/td>\n<td width=\"109\">\u226430Pa<\/td>\n<td width=\"139\">10 volte al minuto<\/td>\n<td width=\"132\">316L<\/td>\n<\/tr>\n<tr>\n<td width=\"114\">KGSV-GK0100<\/td>\n<td width=\"118\">10\uff5e0\uff5e10KPa<\/td>\n<td width=\"109\">\u22640,2KPa<\/td>\n<td width=\"139\">10 volte al minuto<\/td>\n<td width=\"132\">316L<\/td>\n<\/tr>\n<\/tbody>\n<\/table>\n<p>&nbsp;<\/p>\n<p><strong>Pressostato serie KGSV-GM:<\/strong> Membrana in acciaio inox 316L saldata, attacco al processo: 1\/2 NPTF (\u00e8 possibile personalizzare altri tipi di connessione al processo)<\/p>\n<table>\n<tbody>\n<tr>\n<td width=\"113\">Modello<\/td>\n<td width=\"119\">Gamma<\/td>\n<td width=\"109\">Zona morta<\/td>\n<td width=\"139\">Frequenza di commutazione<\/td>\n<td width=\"132\">Materiale del sensore<\/td>\n<\/tr>\n<tr>\n<td width=\"113\">KGSV-GM0100<\/td>\n<td width=\"119\">-0,1\uff5e0\uff5e0,1MPa<\/td>\n<td width=\"109\">\u22640,004MPa<\/td>\n<td width=\"139\">20 volte al minuto<\/td>\n<td width=\"132\">316L<\/td>\n<\/tr>\n<\/tbody>\n<\/table>\n<p>&nbsp;<\/p>\n<p><strong>A<\/strong><strong>Codice opzione aggiuntivo del pressostato<\/strong><\/p>\n<table>\n<tbody>\n<tr>\n<td width=\"87\">E<\/td>\n<td width=\"525\">A prova di esplosione: Exd IICT6, Temperatura = -40 ~71\u2103<\/td>\n<\/tr>\n<tr>\n<td width=\"87\">D1<\/td>\n<td width=\"525\">Opzione di sincronizzazione DPDT<\/td>\n<\/tr>\n<tr>\n<td width=\"87\">D2<\/td>\n<td width=\"525\">Opzione asincronismo DPDT<\/td>\n<\/tr>\n<tr>\n<td width=\"87\">A<\/td>\n<td width=\"525\">Elevata capacit\u00e0 di contatto<\/td>\n<\/tr>\n<tr>\n<td width=\"87\">B<\/td>\n<td width=\"525\">Tag number stainless steel plate<\/td>\n<\/tr>\n<tr>\n<td width=\"87\">N<\/td>\n<td width=\"525\">Special process connection interface (indicate the specification)<\/td>\n<\/tr>\n<tr>\n<td width=\"87\">M1<\/td>\n<td width=\"525\">Factory sets one alarm point for the switch<\/td>\n<\/tr>\n<tr>\n<td width=\"87\">M2<\/td>\n<td width=\"525\">Factory sets two alarm points for the switch<\/td>\n<\/tr>\n<tr>\n<td width=\"87\">Z1<\/td>\n<td width=\"525\">Bracket of flat mounting<\/td>\n<\/tr>\n<tr>\n<td width=\"87\">Z2<\/td>\n<td width=\"525\">Bracket of &#8220;U&#8221; tube mounting<\/td>\n<\/tr>\n<\/tbody>\n<\/table>","protected":false},"excerpt":{"rendered":"<p>Il pressostato a membrana \u00e8 un interruttore controllato dalla pressione, comunemente utilizzato nei sistemi di controllo automatico. Quando il valore della pressione raggiunge il punto stabilito, si apre o si chiude automaticamente. Il pressostato ripristina lo stato originale quando il valore della pressione \u00e8 inferiore al punto di regolazione.<\/p>","protected":false},"featured_media":3282,"comment_status":"closed","ping_status":"closed","template":"","meta":[],"product_cat":[2360],"product_tag":[],"acf":[],"_links":{"self":[{"href":"https:\/\/www.hginstrument.com\/it\/wp-json\/wp\/v2\/product\/3289"}],"collection":[{"href":"https:\/\/www.hginstrument.com\/it\/wp-json\/wp\/v2\/product"}],"about":[{"href":"https:\/\/www.hginstrument.com\/it\/wp-json\/wp\/v2\/types\/product"}],"replies":[{"embeddable":true,"href":"https:\/\/www.hginstrument.com\/it\/wp-json\/wp\/v2\/comments?post=3289"}],"wp:featuredmedia":[{"embeddable":true,"href":"https:\/\/www.hginstrument.com\/it\/wp-json\/wp\/v2\/media\/3282"}],"wp:attachment":[{"href":"https:\/\/www.hginstrument.com\/it\/wp-json\/wp\/v2\/media?parent=3289"}],"wp:term":[{"taxonomy":"product_cat","embeddable":true,"href":"https:\/\/www.hginstrument.com\/it\/wp-json\/wp\/v2\/product_cat?post=3289"},{"taxonomy":"product_tag","embeddable":true,"href":"https:\/\/www.hginstrument.com\/it\/wp-json\/wp\/v2\/product_tag?post=3289"}],"curies":[{"name":"wp","href":"https:\/\/api.w.org\/{rel}","templated":true}]}}