{"id":3291,"date":"2023-04-26T14:12:25","date_gmt":"2023-04-26T06:12:25","guid":{"rendered":"https:\/\/www.hginstrument.com\/?post_type=product&#038;p=3291"},"modified":"2023-04-26T14:12:25","modified_gmt":"2023-04-26T06:12:25","slug":"differential-pressure-switch","status":"publish","type":"product","link":"https:\/\/www.hginstrument.com\/it\/pressure-switch\/differential-pressure-switch\/","title":{"rendered":"Pressostato differenziale"},"content":{"rendered":"<p><strong>Pressostato differenziale (tipo a membrana)<\/strong><\/p>\n<p><strong>\u00a0Dati per l'ordine del pressostato differenziale<\/strong><\/p>\n<p><strong>Pressostato differenziale serie KGSC- GM: <\/strong>Membrana in acciaio inox 316L saldata, connessione al processo: G 1\/4F (\u00e8 possibile personalizzare altri tipi di connessione al processo), se si richiede la prova di esplosione, il numero di modello deve essere aggiunto \"<strong>-E<\/strong>\" come suffisso.<\/p>\n<table>\n<tbody>\n<tr>\n<td width=\"114\">Modello<\/td>\n<td width=\"118\">Gamma<\/td>\n<td width=\"109\">Zona morta<\/td>\n<td width=\"139\">Frequenza di commutazione<\/td>\n<td width=\"142\">Materiale del sensore<\/td>\n<\/tr>\n<tr>\n<td width=\"114\">KGSC-GM0400<\/td>\n<td width=\"118\">0,02\uff5e0,4MPa<\/td>\n<td width=\"109\">\u00a0\u22640,03MPa<\/td>\n<td width=\"139\">20 volte al minuto<\/td>\n<td width=\"142\">316L<\/td>\n<\/tr>\n<tr>\n<td width=\"114\">KGSC-GM1600<\/td>\n<td width=\"118\">0,05\uff5e1,6MPa<\/td>\n<td width=\"109\">\u22640,2MPa<\/td>\n<td width=\"139\">20 volte al minuto<\/td>\n<td width=\"142\">316L<\/td>\n<\/tr>\n<tr>\n<td width=\"114\">KGSC-GM2500<\/td>\n<td width=\"118\">0,05\uff5e2,5MPa<\/td>\n<td width=\"109\">\u00a0\u22640,25MPa<\/td>\n<td width=\"139\">20 volte al minuto<\/td>\n<td width=\"142\">316L<\/td>\n<\/tr>\n<\/tbody>\n<\/table>\n<p>&nbsp;<\/p>\n<p><strong>Serie KGSC-K<\/strong> <strong>pressostato differenziale:<\/strong> Membrana e O-ring in gomma nitrilica, connessione al processo: G 1\/4F (\u00e8 possibile personalizzare altri tipi di connessione al processo), se si richiede l'antideflagrante, il numero di modello deve essere aggiunto\".<strong>-E<\/strong>\" come suffisso. Le parti bagnate sono in lega di alluminio per la pressione differenziale Micro.<\/p>\n<table>\n<tbody>\n<tr>\n<td width=\"114\">Modello<\/td>\n<td width=\"118\">Gamma<\/td>\n<td width=\"109\">Zona morta<\/td>\n<td width=\"139\">Frequenza di commutazione<\/td>\n<td width=\"142\">Materiale del sensore<\/td>\n<\/tr>\n<tr>\n<td width=\"114\">KGSC-K0020<\/td>\n<td width=\"118\">0\uff5e2KPa<\/td>\n<td width=\"109\">\u226430Pa<\/td>\n<td width=\"139\">10 volte al minuto<\/td>\n<td width=\"142\">Gomma nitrilica<\/td>\n<\/tr>\n<tr>\n<td width=\"114\">KGSC -K0060<\/td>\n<td width=\"118\">0,5\uff5e6KPa<\/td>\n<td width=\"109\">\u22640,2KPa<\/td>\n<td width=\"139\">10 volte al minuto<\/td>\n<td width=\"142\">Gomma nitrilica<\/td>\n<\/tr>\n<tr>\n<td width=\"114\">KGSC -K0250<\/td>\n<td width=\"118\">1\uff5e25KPa<\/td>\n<td width=\"109\">\u22640,3KPa<\/td>\n<td width=\"139\">10 volte al minuto<\/td>\n<td width=\"142\">Gomma nitrilica<\/td>\n<\/tr>\n<\/tbody>\n<\/table>\n<p>&nbsp;<\/p>\n<p><strong>Pressostato differenziale serie KGSC-G: <\/strong>Membrana in acciaio inox 316L saldata, connessione al processo: G 1\/4F (\u00e8 possibile personalizzare altri tipi di connessione al processo), se si richiede la prova di esplosione, il numero di modello deve essere aggiunto \"<strong>-E<\/strong>\" come suffisso. Le parti bagnate sono in lega di alluminio per la pressione differenziale Micro.<\/p>\n<table>\n<tbody>\n<tr>\n<td width=\"114\">Modello<\/td>\n<td width=\"118\">Gamma<\/td>\n<td width=\"109\">Zona morta<\/td>\n<td width=\"139\">Frequenza di commutazione<\/td>\n<td width=\"142\">Materiale del sensore<\/td>\n<\/tr>\n<tr>\n<td width=\"114\">KGSC-G0020<\/td>\n<td width=\"118\">0\uff5e2KPa<\/td>\n<td width=\"109\">\u226430Pa<\/td>\n<td width=\"139\">10 volte al minuto<\/td>\n<td width=\"142\">316L<\/td>\n<\/tr>\n<tr>\n<td width=\"114\">KGSC-G0060<\/td>\n<td width=\"118\">0,5\uff5e6KPa<\/td>\n<td width=\"109\">\u22640,2KPa<\/td>\n<td width=\"139\">10 volte al minuto<\/td>\n<td width=\"142\">316L<\/td>\n<\/tr>\n<tr>\n<td width=\"114\">KGSC -G0250<\/td>\n<td width=\"118\">1\uff5e25KPa<\/td>\n<td width=\"109\">\u22640,3KPa<\/td>\n<td width=\"139\">10 volte al minuto<\/td>\n<td width=\"142\">316L<\/td>\n<\/tr>\n<\/tbody>\n<\/table>","protected":false},"excerpt":{"rendered":"<p>Il pressostato differenziale \u00e8 un interruttore meccanico; nella camera di pressione \u00e8 presente una membrana o un soffietto che divide la camera in due camere, una per il collegamento dell'estremit\u00e0 a bassa pressione e un'altra per il collegamento dell'estremit\u00e0 ad alta pressione. (non invertire il collegamento, altrimenti il diaframma o il soffietto si danneggia), l'alta e la bassa pressione si annullano a vicenda per formare il valore della pressione differenziale. Il valore della pressione differenziale provoca la variazione elastica dell'elemento meccanico del sensore di pressione; quando il valore della pressione differenziale raggiunge il punto di regolazione, il pressostato differenziale emette il segnale di commutazione. Quando i contatti NO e NC del pressostato differenziale sono collegati al rel\u00e8 o al PLC, significa che il pressostato differenziale \u00e8 entrato nel sistema di controllo.<\/p>","protected":false},"featured_media":3284,"comment_status":"closed","ping_status":"closed","template":"","meta":[],"product_cat":[2360],"product_tag":[],"acf":[],"_links":{"self":[{"href":"https:\/\/www.hginstrument.com\/it\/wp-json\/wp\/v2\/product\/3291"}],"collection":[{"href":"https:\/\/www.hginstrument.com\/it\/wp-json\/wp\/v2\/product"}],"about":[{"href":"https:\/\/www.hginstrument.com\/it\/wp-json\/wp\/v2\/types\/product"}],"replies":[{"embeddable":true,"href":"https:\/\/www.hginstrument.com\/it\/wp-json\/wp\/v2\/comments?post=3291"}],"wp:featuredmedia":[{"embeddable":true,"href":"https:\/\/www.hginstrument.com\/it\/wp-json\/wp\/v2\/media\/3284"}],"wp:attachment":[{"href":"https:\/\/www.hginstrument.com\/it\/wp-json\/wp\/v2\/media?parent=3291"}],"wp:term":[{"taxonomy":"product_cat","embeddable":true,"href":"https:\/\/www.hginstrument.com\/it\/wp-json\/wp\/v2\/product_cat?post=3291"},{"taxonomy":"product_tag","embeddable":true,"href":"https:\/\/www.hginstrument.com\/it\/wp-json\/wp\/v2\/product_tag?post=3291"}],"curies":[{"name":"wp","href":"https:\/\/api.w.org\/{rel}","templated":true}]}}