{"id":4280,"date":"2023-12-22T11:52:29","date_gmt":"2023-12-22T03:52:29","guid":{"rendered":"https:\/\/www.hginstrument.com\/?post_type=product&#038;p=4280"},"modified":"2024-01-09T17:09:19","modified_gmt":"2024-01-09T09:09:19","slug":"6-inch-flow-meter","status":"publish","type":"product","link":"https:\/\/www.hginstrument.com\/it\/magnetic-flow-meter\/6-inch-flow-meter\/","title":{"rendered":"Misuratore di portata da 6 pollici"},"content":{"rendered":"<p>Utilizzando una tecnologia avanzata e componenti di alta qualit\u00e0, il misuratore di portata da 6 pollici offre una precisione e un'affidabilit\u00e0 senza pari. Il suo design compatto consente una facile installazione, rendendolo adatto sia ai sistemi di tubazioni nuovi che a quelli esistenti. Con un'ampia variet\u00e0 di dimensioni e configurazioni disponibili, il misuratore di portata da 6 pollici \u00e8 in grado di soddisfare le diverse esigenze dei vari settori industriali.<\/p>\n<p>Il misuratore di portata da 6 pollici \u00e8 dotato di un'interfaccia intuitiva che ne facilita il funzionamento e il monitoraggio. Offre inoltre una variet\u00e0 di opzioni di installazione, tra cui in linea, a inserimento e a morsetto, che lo rendono adatto a un'ampia gamma di tubazioni e sistemi. Inoltre, \u00e8 compatibile con diversi protocolli di comunicazione e pu\u00f2 essere integrato senza problemi nei sistemi esistenti.<\/p>\n<p>Il nostro misuratore di portata da 6 pollici \u00e8 dotato di funzionalit\u00e0 avanzate di registrazione dei dati, che consentono di memorizzare e analizzare i dati di portata in tempo reale. \u00c8 inoltre in grado di generare rapporti e grafici dettagliati per una migliore visualizzazione e analisi dei dati. Grazie a queste funzioni, \u00e8 possibile monitorare e ottimizzare i processi di flusso per migliorare l'efficienza e l'efficacia dei costi.<\/p>\n<table class=\"table table-bordered\">\n<tbody>\n<tr>\n<td><span style=\"vertical-align: inherit;\"><span style=\"vertical-align: inherit;\">Tipo: il tipo<\/span><\/span><\/td>\n<td><span style=\"vertical-align: inherit;\">Misuratore di portata da 6 pollici<\/span><\/td>\n<td><span style=\"vertical-align: inherit;\"><span style=\"vertical-align: inherit;\">Segnale d'uscita: segnale d'uscita<\/span><\/span><\/td>\n<td><span style=\"vertical-align: inherit;\"><span style=\"vertical-align: inherit;\">4-20mA, impulso\/frequenza 2kHz (predefinito), 5KHz (massimo)<\/span><\/span><\/td>\n<\/tr>\n<tr>\n<td><span style=\"vertical-align: inherit;\"><span style=\"vertical-align: inherit;\">Luogo di origine: il luogo di origine<\/span><\/span><\/td>\n<td><span style=\"vertical-align: inherit;\"><span style=\"vertical-align: inherit;\">Jiangsu, Cina<\/span><\/span><\/td>\n<td><span style=\"vertical-align: inherit;\"><span style=\"vertical-align: inherit;\">Incorporare il tipo: il tipo<\/span><\/span><\/td>\n<td><span style=\"vertical-align: inherit;\"><span style=\"vertical-align: inherit;\">-10\u2103- +59\u2103<\/span><\/span><\/td>\n<\/tr>\n<tr>\n<td><span style=\"vertical-align: inherit;\"><span style=\"vertical-align: inherit;\">Garanzia: garanzia<\/span><\/span><\/td>\n<td><span style=\"vertical-align: inherit;\"><span style=\"vertical-align: inherit;\">11 mesi<\/span><\/span><\/td>\n<td><span style=\"vertical-align: inherit;\"><span style=\"vertical-align: inherit;\">Tensione di alimentazione: tensione di alimentazione<\/span><\/span><\/td>\n<td><span style=\"vertical-align: inherit;\"><span style=\"vertical-align: inherit;\">110\/220VAC (100-240VAC), 50Hz\/60Hz; 24VDC\u00b110%<\/span><\/span><\/td>\n<\/tr>\n<tr>\n<td><span style=\"vertical-align: inherit;\"><span style=\"vertical-align: inherit;\">Supporto personalizzato\uff1aSupporto personalizzato<\/span><\/span><\/td>\n<td><span style=\"vertical-align: inherit;\"><span style=\"vertical-align: inherit;\">OEM, ODM, OBM<\/span><\/span><\/td>\n<td><span style=\"vertical-align: inherit;\"><span style=\"vertical-align: inherit;\">Comunicazione digitale: comunicazione digitale<\/span><\/span><\/td>\n<td><span style=\"vertical-align: inherit;\"><span style=\"vertical-align: inherit;\">RS-485, supporto del protocollo standard Mudbugs-RTU; GPRS<\/span><\/span><\/td>\n<\/tr>\n<tr>\n<td><span style=\"vertical-align: inherit;\"><span style=\"vertical-align: inherit;\">Nome della marca: Nome della marca: Nome della marca: Nome della marca: Nome della marca: Nome della marca<\/span><\/span><\/td>\n<td><span style=\"vertical-align: inherit;\"><span style=\"vertical-align: inherit;\">GRUPPO SUYI<\/span><\/span><\/td>\n<td><span style=\"vertical-align: inherit;\"><span style=\"vertical-align: inherit;\">Pressione nominale: pressione nominale<\/span><\/span><\/td>\n<td><span style=\"vertical-align: inherit;\"><span style=\"vertical-align: inherit;\">1MPa (DN15-DN800), 1,6MPa (DN15-DN800), 2,5MPa (DN15-DN600)<\/span><\/span><\/td>\n<\/tr>\n<tr>\n<td><span style=\"vertical-align: inherit;\"><span style=\"vertical-align: inherit;\">Numero di modello: Numero di modello: Numero di modello: Numero di modello: Numero di modello: Numero di modello<\/span><\/span><\/td>\n<td><span style=\"vertical-align: inherit;\"><span style=\"vertical-align: inherit;\">altro<\/span><\/span><\/td>\n<td><span style=\"vertical-align: inherit;\"><span style=\"vertical-align: inherit;\">Sensore: sensore<\/span><\/span><\/td>\n<td><span style=\"vertical-align: inherit;\"><span style=\"vertical-align: inherit;\">0\u2103- +80\u2103 o -25\u2103- +120\u2103 o +70\u2103- +250\u2103<\/span><\/span><\/td>\n<\/tr>\n<tr>\n<td><span style=\"vertical-align: inherit;\"><span style=\"vertical-align: inherit;\">Nome del prodotto: Nome del prodotto: Nome del prodotto: Nome del prodotto: Nome del prodotto: Nome del prodotto<\/span><\/span><\/td>\n<td><span style=\"vertical-align: inherit;\"><span style=\"vertical-align: inherit;\">Misuratore di portata dell'acqua chimica digitale intelligente elettromagnetico<\/span><\/span><\/td>\n<td><span style=\"vertical-align: inherit;\"><span style=\"vertical-align: inherit;\">Dettagli dell'imballaggio:<\/span><\/span><\/td>\n<td><span style=\"vertical-align: inherit;\"><span style=\"vertical-align: inherit;\">1 set per confezione o come richiesto dal cliente<\/span><\/span><\/td>\n<\/tr>\n<tr>\n<td><span style=\"vertical-align: inherit;\"><span style=\"vertical-align: inherit;\">Diametro nominale: diametro nominale<\/span><\/span><\/td>\n<td><span style=\"vertical-align: inherit;\"><span style=\"vertical-align: inherit;\">3-2733 mm<\/span><\/span><\/td>\n<td><span style=\"vertical-align: inherit;\"><span style=\"vertical-align: inherit;\">Capacit\u00e0 di approvvigionamento<\/span><\/span><\/td>\n<td><span style=\"vertical-align: inherit;\"><span style=\"vertical-align: inherit;\">1901 Set\/Set al mese<\/span><\/span><\/td>\n<\/tr>\n<tr>\n<td><span style=\"vertical-align: inherit;\"><span style=\"vertical-align: inherit;\">gamma di velocit\u00e0: il campo di velocit\u00e0<\/span><\/span><\/td>\n<td><span style=\"vertical-align: inherit;\"><span style=\"vertical-align: inherit;\">0-12m\/s<\/span><\/span><\/td>\n<td><span style=\"vertical-align: inherit;\"><span style=\"vertical-align: inherit;\">Quantit\u00e0 (set)<\/span><\/span><\/td>\n<td><span style=\"vertical-align: inherit;\"><span style=\"vertical-align: inherit;\">&gt; 30<\/span><\/span><\/td>\n<\/tr>\n<tr>\n<td><span style=\"vertical-align: inherit;\"><span style=\"vertical-align: inherit;\">Grado di accuratezza: il grado di accuratezza<\/span><\/span><\/td>\n<td><span style=\"vertical-align: inherit;\"><span style=\"vertical-align: inherit;\">\u00b10,5%R, \u00b11%R ( &lt; DN20)<\/span><\/span><\/td>\n<td><span style=\"vertical-align: inherit;\"><span style=\"vertical-align: inherit;\">Tempi di consegna (giorni)<\/span><\/span><\/td>\n<td><span style=\"vertical-align: inherit;\"><span style=\"vertical-align: inherit;\">Da negoziare<\/span><\/span><\/td>\n<\/tr>\n<\/tbody>\n<\/table>\n<p>&nbsp;<\/p>\n<p>&nbsp;<\/p>\n<p style=\"text-align: center;\"><img title=\"Misuratore di portata da 6 pollici\" src=\"https:\/\/www.hginstrument.com\/wp-content\/uploads\/2021\/07\/in-line-pipeline-type-hgd-electromagnetic-flow-meter.jpg\" \/><\/p>\n<p>&nbsp;<\/p>\n<p>&nbsp;<\/p>\n<p style=\"text-align: center;\"><img title=\"Misuratore di portata da 6 pollici\" src=\"https:\/\/www.hginstrument.com\/wp-content\/uploads\/2021\/07\/insertion-01.jpg\" \/><\/p>\n<p>&nbsp;<\/p>\n<p>&nbsp;<\/p>\n<p style=\"text-align: center;\"><img title=\"Misuratore di portata da 6 pollici\" src=\"https:\/\/www.hginstrument.com\/wp-content\/uploads\/2021\/07\/sanitary-mag-1.jpg\" \/><\/p>\n<p><strong>Guida alle domande frequenti sui misuratori di portata da 6 pollici.<\/strong><\/p>\n<p>Il cuore della nostra serie di misuratori di portata da 6 pollici \u00e8 l'impegno per l'eccellenza, che unisce la tecnologia avanzata dei sensori a interfacce di facile utilizzo. Dai liquidi ai gas, i nostri misuratori offrono un'accuratezza senza pari, consentendovi di prendere decisioni informate e di ottimizzare le operazioni. Per inaugurare una nuova era della misurazione dei fluidi, vi invitiamo a esplorare le possibilit\u00e0 illimitate offerte dai nostri misuratori di portata da 6 pollici, dove la precisione incontra le prestazioni e l'innovazione fluisce senza soluzione di continuit\u00e0.<\/p>\n<div style=\"border: 3px solid #f89900; margin: 20px 0; padding: 20px;\"><a href=\"\/it\/6-inch-flow-meter\/#01\">1. Sistema di qualit\u00e0 del misuratore di portata da 6 pollici<\/a><br \/>\n<a href=\"\/it\/6-inch-flow-meter\/#02\">2. Qual \u00e8 il formato del segnale di uscita del misuratore di portata da 6 pollici?<\/a><br \/>\n<a href=\"\/it\/6-inch-flow-meter\/#03\">3.I risultati della misurazione del misuratore di portata da 6 pollici possono essere emessi e registrati in remoto?<\/a><br \/>\n<a href=\"\/it\/6-inch-flow-meter\/#04\">4.Quanto \u00e8 preciso il misuratore di portata da 6 pollici?<\/a><br \/>\n<a href=\"\/it\/6-inch-flow-meter\/#05\">5. Le prestazioni antideflagranti del misuratore di portata da 6 pollici soddisfano gli standard pertinenti?<\/a><br \/>\n<a href=\"\/it\/6-inch-flow-meter\/#06\">6.Quali sono i tipi pi\u00f9 comuni di misuratori di portata da 6 pollici?<\/a><br \/>\n<a href=\"\/it\/6-inch-flow-meter\/#07\">7.Circa il metodo di pagamento del misuratore di portata da 6 pollici<\/a><br \/>\n<a href=\"\/it\/6-inch-flow-meter\/#08\">8.Qual \u00e8 la funzione del misuratore di portata da 6 pollici?<\/a><br \/>\n<a href=\"\/it\/6-inch-flow-meter\/#09\">9.Circa il brevetto di flussometro da 6 pollici<\/a><br \/>\n<a href=\"\/it\/6-inch-flow-meter\/#010\">10.Qual \u00e8 la differenza tra il misuratore di portata da 6 pollici SUYI group e il misuratore di portata da 6 pollici Schneider Electric e il misuratore di portata da 6 pollici Badger Meter?<\/a><br \/>\n<a href=\"\/it\/6-inch-flow-meter\/#11\">11.Circa la data di consegna del misuratore di portata da 6 pollici<\/a><br \/>\n<a href=\"\/it\/6-inch-flow-meter\/#12\">12.Qual \u00e8 il principio principale del misuratore di portata da 6 pollici?<\/a><br \/>\n<a href=\"\/it\/6-inch-flow-meter\/#13\">13.Circa i servizi di personalizzazione dei misuratori di portata da 6 pollici<\/a><\/div>\n<div id=\"01\">\n<p><strong>1. Sistema di qualit\u00e0 del misuratore di portata da 6 pollici<\/strong><\/p>\n<p>Il sistema di qualit\u00e0 dei misuratori di portata \u00e8 un insieme di processi e procedure utilizzati per garantire che i misuratori di portata siano prodotti e testati per soddisfare i pi\u00f9 elevati standard di precisione e affidabilit\u00e0. Il sistema comprende misure di controllo della qualit\u00e0 come l'ispezione del materiale in entrata, l'ispezione in corso di lavorazione e il collaudo del prodotto finale. Include anche la documentazione e la tenuta dei registri per garantire che tutti i processi siano seguiti e che eventuali problemi siano affrontati in modo rapido ed efficace. Il sistema \u00e8 progettato per garantire che i misuratori di portata prodotti siano della massima qualit\u00e0 e soddisfino i requisiti del cliente.<\/p>\n<\/div>\n<div id=\"02\">\n<p><strong>2. Qual \u00e8 il formato del segnale di uscita del misuratore di portata da 6 pollici?<\/strong><\/p>\n<p>Aggiorniamo continuamente le nostre competenze e conoscenze per adattarci alle mutevoli esigenze del mercato dei misuratori di portata da 6 pollici.<br \/>\nIl formato del segnale di uscita del flussimetro dipende dal tipo di flussimetro utilizzato. I formati pi\u00f9 comuni dei segnali di uscita comprendono impulsi, frequenza, tensione e corrente.<\/p>\n<p><img style=\"max-width: 100%;\" title=\"Qual \u00e8 il formato del segnale di uscita del misuratore di portata da 6 pollici?\" src=\"https:\/\/www.hginstrument.com\/wp-content\/uploads\/2021\/07\/wall-mount-1f.jpg\" alt=\"Qual \u00e8 il formato del segnale di uscita del misuratore di portata da 6 pollici?\" \/><\/p>\n<\/div>\n<div id=\"03\">\n<p><strong>3.I risultati della misurazione del misuratore di portata da 6 pollici possono essere emessi e registrati in remoto?<\/strong><\/p>\n<p>S\u00ec, molti misuratori di portata sono dotati di funzionalit\u00e0 di uscita e registrazione a distanza. Ci\u00f2 consente agli utenti di monitorare e registrare i dati di flusso da una postazione remota.<\/p>\n<\/div>\n<div id=\"04\">\n<p><strong>4.Quanto \u00e8 preciso il misuratore di portata da 6 pollici?<\/strong><\/p>\n<p>Siamo un'azienda di misuratori di portata a 6 pollici professionale dedicata a fornire prodotti e servizi di alta qualit\u00e0.<br \/>\nLa precisione di un misuratore di portata dipende dal tipo di misuratore utilizzato. In genere, la maggior parte dei misuratori di portata ha una precisione di 1-2% rispetto alla portata effettiva. Tuttavia, alcuni misuratori di portata possono essere pi\u00f9 precisi, a seconda del tipo e della qualit\u00e0 del misuratore.<\/p>\n<p><img style=\"max-width: 100%;\" title=\"Quanto \u00e8 preciso il flussometro da 6 pollici?\" src=\"https:\/\/www.hginstrument.com\/wp-content\/uploads\/2021\/07\/ltb-1.jpg\" alt=\"Quanto \u00e8 preciso il flussometro da 6 pollici?\" \/><\/p>\n<\/div>\n<div id=\"05\">\n<p><strong>5. Le prestazioni antideflagranti del misuratore di portata da 6 pollici soddisfano gli standard pertinenti?<\/strong><\/p>\n<p>S\u00ec, le prestazioni antideflagranti del flussimetro soddisfano gli standard pertinenti. Il misuratore di portata deve essere certificato da un organismo di certificazione riconosciuto per garantire che soddisfi i requisiti degli standard pertinenti.<\/p>\n<\/div>\n<div id=\"06\">\n<p><strong>6.Quali sono i tipi pi\u00f9 comuni di misuratori di portata da 6 pollici?<\/strong><\/p>\n<p>La nostra missione \u00e8 fornire ai clienti le migliori soluzioni per il misuratore di portata da 6 pollici.<br \/>\n1. Misuratori di portata a pressione differenziale<br \/>\n2. Misuratori di portata a spostamento positivo<br \/>\n3. Misuratori di portata a turbina<br \/>\n4. Misuratori di portata magnetici<br \/>\n5. Misuratori di portata a ultrasuoni<br \/>\n6. Misuratori di portata Coriolis<br \/>\n7. Misuratori di portata a vortice<br \/>\n8. Misuratori di portata target<br \/>\n9. Misuratori di portata ad area variabile<br \/>\n10. Misuratori di portata massica<\/p>\n<p><img style=\"max-width: 100%;\" title=\"Quali sono i tipi pi\u00f9 comuni di misuratori di portata da 6 pollici?\" src=\"https:\/\/www.hginstrument.com\/wp-content\/uploads\/2021\/07\/hgrs-1.jpg\" alt=\"Quali sono i tipi pi\u00f9 comuni di misuratori di portata da 6 pollici?\" \/><\/p>\n<\/div>\n<div id=\"07\">\n<p><strong>7.Circa il metodo di pagamento del misuratore di portata da 6 pollici<\/strong><\/p>\n<p>Il pagamento tramite contatore di flusso \u00e8 un metodo di pagamento che utilizza un contatore di flusso per misurare la quantit\u00e0 di energia utilizzata da un cliente. Il cliente paga l'energia utilizzata in base alla quantit\u00e0 di energia misurata dal contatore. Questo metodo di pagamento \u00e8 spesso utilizzato in ambienti commerciali e industriali, dove il consumo di energia \u00e8 elevato e deve essere monitorato con precisione. Il pagamento tramite contatore di flusso \u00e8 utilizzato anche in alcuni contesti residenziali, dove i clienti possono pagare per il loro utilizzo di energia in base alla quantit\u00e0 di energia che utilizzano.<\/p>\n<\/div>\n<div id=\"08\">\n<p><strong>8.Qual \u00e8 la funzione del misuratore di portata da 6 pollici?<\/strong><\/p>\n<p>La nostra azienda ha molti anni di esperienza e competenza in materia di misuratori di portata da 6 pollici.<br \/>\nUn misuratore di portata \u00e8 un dispositivo utilizzato per misurare la portata o la quantit\u00e0 di un gas o di un liquido che si muove attraverso un tubo. Viene utilizzato per misurare la velocit\u00e0 di flusso di un liquido o di un gas in un condotto chiuso. I misuratori di portata sono utilizzati in diversi settori, tra cui il trattamento delle acque e delle acque reflue, il petrolio e il gas e il trattamento chimico.<\/p>\n<p><img style=\"max-width: 100%;\" title=\"Qual \u00e8 la funzione del misuratore di portata da 6 pollici?\" src=\"https:\/\/www.hginstrument.com\/wp-content\/uploads\/2021\/07\/insertion-01.jpg\" alt=\"Qual \u00e8 la funzione del misuratore di portata da 6 pollici?\" \/><\/p>\n<\/div>\n<div id=\"09\">\n<p><strong>9.Circa il brevetto di flussometro da 6 pollici<\/strong><\/p>\n<p>I brevetti sui misuratori di portata sono brevetti che coprono la progettazione e il funzionamento dei misuratori di portata. I misuratori di portata sono dispositivi utilizzati per misurare la velocit\u00e0 di flusso di un liquido o di un gas. I misuratori di portata sono utilizzati in diversi settori, tra cui il trattamento delle acque e delle acque reflue, il petrolio e il gas e il trattamento chimico. I misuratori di portata sono utilizzati per misurare la portata di un fluido, il volume totale di un fluido e la pressione di un fluido. I misuratori di portata possono essere meccanici, elettrici o ottici. I flussimetri possono essere utilizzati per misurare il flusso di liquidi, gas e vapore.<\/p>\n<\/div>\n<div id=\"010\">\n<p><strong>10.Qual \u00e8 la differenza tra il misuratore di portata da 6 pollici SUYI group e il misuratore di portata da 6 pollici Schneider Electric e il misuratore di portata da 6 pollici Badger Meter?<\/strong><\/p>\n<p>I misuratori di portata di SUYI Group sono tipicamente utilizzati per applicazioni industriali, come la misurazione del flusso di liquidi, gas e vapore. Sono progettati per essere affidabili e precisi e sono disponibili in una variet\u00e0 di dimensioni e materiali.<\/p>\n<p>I misuratori di portata di Schneider Electric sono progettati per applicazioni industriali e commerciali e sono disponibili in una variet\u00e0 di dimensioni e materiali. Sono progettati per essere affidabili e precisi e sono adatti a un'ampia gamma di applicazioni.<\/p>\n<p>I misuratori di portata di Badger Meter sono progettati per applicazioni industriali e commerciali e sono disponibili in una variet\u00e0 di dimensioni e materiali. Sono progettati per essere affidabili e precisi e sono adatti a un'ampia gamma di applicazioni. Offrono inoltre una serie di funzioni, come il monitoraggio remoto e la registrazione dei dati.<\/p>\n<p><img style=\"max-width: 100%;\" title=\"Qual \u00e8 la differenza tra il misuratore di portata da 6 pollici SUYI group e il misuratore di portata da 6 pollici Schneider Electric e il misuratore di portata da 6 pollici Badger Meter?\" src=\"https:\/\/www.hginstrument.com\/wp-content\/uploads\/2021\/07\/hls-2000p-z1.jpg\" alt=\"Qual \u00e8 la differenza tra il misuratore di portata da 6 pollici SUYI group e il misuratore di portata da 6 pollici Schneider Electric e il misuratore di portata da 6 pollici Badger Meter?\" \/><\/p>\n<\/div>\n<div id=\"11\">\n<p><strong>11.Circa la data di consegna del misuratore di portata da 6 pollici<\/strong><\/p>\n<p>La data di consegna di un misuratore di portata dipende dal tipo di misuratore, dal produttore e dalla disponibilit\u00e0 del prodotto. In genere, la maggior parte dei misuratori di portata pu\u00f2 essere consegnata entro pochi giorni o poche settimane. Tuttavia, alcuni misuratori di portata specializzati possono richiedere tempi di consegna pi\u00f9 lunghi. \u00c8 meglio contattare direttamente il produttore per ottenere una data di consegna precisa.<\/p>\n<\/div>\n<div id=\"12\">\n<p><strong>12.Qual \u00e8 il principio principale del misuratore di portata da 6 pollici?<\/strong><\/p>\n<p>I nostri prodotti misuratori di portata da 6 pollici sono sottoposti a un rigoroso controllo di qualit\u00e0 per garantire la soddisfazione del cliente.<br \/>\nIl principio principale di un misuratore di portata \u00e8 quello di misurare la velocit\u00e0 di flusso di un fluido o di un gas attraverso un tubo o un altro contenitore. Ci\u00f2 avviene tipicamente misurando la caduta di pressione attraverso una restrizione nota nel tubo, oppure misurando la velocit\u00e0 del fluido o del gas mentre passa attraverso il tubo.<\/p>\n<p><img style=\"max-width: 100%;\" title=\"Qual \u00e8 il principio principale del misuratore di portata da 6 pollici?\" src=\"https:\/\/www.hginstrument.com\/wp-content\/uploads\/2021\/07\/dsrt-1.jpg\" alt=\"Qual \u00e8 il principio principale del misuratore di portata da 6 pollici?\" \/><\/p>\n<\/div>\n<div id=\"13\">\n<p><strong>13.Circa i servizi di personalizzazione dei misuratori di portata da 6 pollici<\/strong><\/p>\n<p>I servizi di personalizzazione dei misuratori di portata sono progettati per fornire ai clienti una soluzione su misura per le loro specifiche esigenze di misurazione del flusso. Questi servizi possono includere la personalizzazione del misuratore di portata per adattarlo a una particolare applicazione, come una specifica dimensione del tubo o portata, o per soddisfare un determinato requisito di precisione. I servizi di personalizzazione possono anche comprendere la modifica del misuratore di portata per includere caratteristiche aggiuntive, come un display o funzionalit\u00e0 di registrazione dei dati. I servizi di personalizzazione dei misuratori di portata possono includere anche l'installazione del misuratore di portata, nonch\u00e9 la fornitura di assistenza tecnica e manutenzione.<\/p>\n<\/div>\n<p>&nbsp;<\/p>\n<p>Tag\uff1a<a href=\"\/it\/magnetic-flow-meter\/sierra-mass-flow-meter\/\">misuratore di portata massica sierra<\/a>,<a href=\"\/it\/magnetic-flow-meter\/gas-flow-meter\/\">misuratore di portata del gas<\/a>,<a href=\"\/it\/magnetic-flow-meter\/impeller-flow-meter\/\">misuratore di portata a girante<\/a><\/p>\n<p>&nbsp;<\/p>","protected":false},"excerpt":{"rendered":"<p><strong>Dati tecnici<\/strong><br \/>\nPu\u00f2 servire fluidi liquidi o gassosi; di solito viene utilizzato per misurare il flusso di vapore, aria e gas naturale.<br \/>\nDimensioni del contatore: Tipo in linea: DN25 - DN300<br \/>\nOpzione materiale bagnato: SS304, SS316<br \/>\nTemperatura di funzionamento: \u2264250\u2103<br \/>\nConnessione al processo: Wafer \/ Flangia \/ Tri-clamp per il tipo in linea<br \/>\nPrecisione di misura: 1,0 % - 1,5% del campo di calibrazione<br \/>\nIndicatore digitale: visualizzazione del flusso istantaneo, del flusso totale<br \/>\nAlimentazione: 24VDC, Uscita: 4-20mA<\/p>\n<p><strong>caratteristiche<\/strong><br \/>\n1.Punti di attivazione\/disattivazione regolabili<br \/>\n2. Modalit\u00e0 di allarme flusso Hi o Lo<br \/>\n3. Ritardo regolabile<br \/>\n4.LED di stato del rel\u00e8<\/p>","protected":false},"featured_media":3691,"comment_status":"closed","ping_status":"closed","template":"","meta":[],"product_cat":[2372],"product_tag":[],"acf":[],"_links":{"self":[{"href":"https:\/\/www.hginstrument.com\/it\/wp-json\/wp\/v2\/product\/4280"}],"collection":[{"href":"https:\/\/www.hginstrument.com\/it\/wp-json\/wp\/v2\/product"}],"about":[{"href":"https:\/\/www.hginstrument.com\/it\/wp-json\/wp\/v2\/types\/product"}],"replies":[{"embeddable":true,"href":"https:\/\/www.hginstrument.com\/it\/wp-json\/wp\/v2\/comments?post=4280"}],"wp:featuredmedia":[{"embeddable":true,"href":"https:\/\/www.hginstrument.com\/it\/wp-json\/wp\/v2\/media\/3691"}],"wp:attachment":[{"href":"https:\/\/www.hginstrument.com\/it\/wp-json\/wp\/v2\/media?parent=4280"}],"wp:term":[{"taxonomy":"product_cat","embeddable":true,"href":"https:\/\/www.hginstrument.com\/it\/wp-json\/wp\/v2\/product_cat?post=4280"},{"taxonomy":"product_tag","embeddable":true,"href":"https:\/\/www.hginstrument.com\/it\/wp-json\/wp\/v2\/product_tag?post=4280"}],"curies":[{"name":"wp","href":"https:\/\/api.w.org\/{rel}","templated":true}]}}