{"id":4913,"date":"2023-12-23T11:22:15","date_gmt":"2023-12-23T03:22:15","guid":{"rendered":"https:\/\/www.hginstrument.com\/?post_type=product&#038;p=4913"},"modified":"2024-01-09T15:20:57","modified_gmt":"2024-01-09T07:20:57","slug":"ac-flow-meter","status":"publish","type":"product","link":"https:\/\/www.hginstrument.com\/it\/magnetic-flow-meter\/ac-flow-meter\/","title":{"rendered":"misuratore di portata ac"},"content":{"rendered":"<p>Utilizing advanced technology and high-quality components, ac flow meter offers unparalleled accuracy and reliability. Its compact design allows for easy installation, making it suitable for both new and existing piping systems. With a wide variety of sizes and configurations available, ac flow meter can cater to the diverse needs of different industries.<\/p>\n<p>One of the key features of ac flow meter is its ability to accurately measure the flow rate of various fluids, including liquids, gases, and steam. This is made possible by its unique differential pressure flow measurement method, which ensures minimal pressure loss and high measurement accuracy. Moreover, the instrument is capable of measuring flow rates over a wide range, making it suitable for both low and high flow applications.<\/p>\n<p>Another advantage of using ac flow meter is its low maintenance requirements. The instrument is designed to be resistant to harsh environments and can operate continuously without the need for frequent cleaning and calibration. This not only reduces downtime but also helps in cost-saving for industries that require constant flow monitoring.<\/p>\n<table class=\"table table-bordered\">\n<tbody>\n<tr>\n<td><span style=\"vertical-align: inherit;\"><span style=\"vertical-align: inherit;\">Tipo: il tipo<\/span><\/span><\/td>\n<td><span style=\"vertical-align: inherit;\">misuratore di portata ac<\/span><\/td>\n<td><span style=\"vertical-align: inherit;\"><span style=\"vertical-align: inherit;\">Segnale d'uscita: segnale d'uscita<\/span><\/span><\/td>\n<td><span style=\"vertical-align: inherit;\"><span style=\"vertical-align: inherit;\">4-20 mA, impulsi\/frequenza 2kHz (default), 5KHz (max)<\/span><\/span><\/td>\n<\/tr>\n<tr>\n<td><span style=\"vertical-align: inherit;\"><span style=\"vertical-align: inherit;\">Luogo di origine: il luogo di origine<\/span><\/span><\/td>\n<td><span style=\"vertical-align: inherit;\"><span style=\"vertical-align: inherit;\">Jiangsu, Cina<\/span><\/span><\/td>\n<td><span style=\"vertical-align: inherit;\"><span style=\"vertical-align: inherit;\">Incorporare il tipo: il tipo<\/span><\/span><\/td>\n<td><span style=\"vertical-align: inherit;\"><span style=\"vertical-align: inherit;\">-10\u2103- +56\u2103<\/span><\/span><\/td>\n<\/tr>\n<tr>\n<td><span style=\"vertical-align: inherit;\"><span style=\"vertical-align: inherit;\">Garanzia: garanzia<\/span><\/span><\/td>\n<td><span style=\"vertical-align: inherit;\"><span style=\"vertical-align: inherit;\">16 mesi<\/span><\/span><\/td>\n<td><span style=\"vertical-align: inherit;\"><span style=\"vertical-align: inherit;\">Tensione di alimentazione: tensione di alimentazione<\/span><\/span><\/td>\n<td><span style=\"vertical-align: inherit;\"><span style=\"vertical-align: inherit;\">110\/220VAC (100-240VAC), 50Hz\/60Hz; 24VDC\u00b110%<\/span><\/span><\/td>\n<\/tr>\n<tr>\n<td><span style=\"vertical-align: inherit;\"><span style=\"vertical-align: inherit;\">Supporto personalizzato\uff1aSupporto personalizzato<\/span><\/span><\/td>\n<td><span style=\"vertical-align: inherit;\"><span style=\"vertical-align: inherit;\">OEM, ODM, OBM<\/span><\/span><\/td>\n<td><span style=\"vertical-align: inherit;\"><span style=\"vertical-align: inherit;\">Comunicazione digitale: comunicazione digitale<\/span><\/span><\/td>\n<td><span style=\"vertical-align: inherit;\"><span style=\"vertical-align: inherit;\">RS-485, supporto del protocollo standard Mudbugs-RTU; GPRS<\/span><\/span><\/td>\n<\/tr>\n<tr>\n<td><span style=\"vertical-align: inherit;\"><span style=\"vertical-align: inherit;\">Nome della marca: Nome della marca: Nome della marca: Nome della marca: Nome della marca: Nome della marca<\/span><\/span><\/td>\n<td><span style=\"vertical-align: inherit;\"><span style=\"vertical-align: inherit;\">GRUPPO SUYI<\/span><\/span><\/td>\n<td><span style=\"vertical-align: inherit;\"><span style=\"vertical-align: inherit;\">Pressione nominale: pressione nominale<\/span><\/span><\/td>\n<td><span style=\"vertical-align: inherit;\"><span style=\"vertical-align: inherit;\">1MPa (DN15-DN800), 1,6MPa (DN15-DN800), 2,5MPa (DN15-DN600)<\/span><\/span><\/td>\n<\/tr>\n<tr>\n<td><span style=\"vertical-align: inherit;\"><span style=\"vertical-align: inherit;\">Numero di modello: Numero di modello: Numero di modello: Numero di modello: Numero di modello: Numero di modello<\/span><\/span><\/td>\n<td><span style=\"vertical-align: inherit;\"><span style=\"vertical-align: inherit;\">altro<\/span><\/span><\/td>\n<td><span style=\"vertical-align: inherit;\"><span style=\"vertical-align: inherit;\">Sensore: sensore<\/span><\/span><\/td>\n<td><span style=\"vertical-align: inherit;\"><span style=\"vertical-align: inherit;\">0\u2103- +80\u2103 o -25\u2103- +120\u2103 o +70\u2103- +250\u2103<\/span><\/span><\/td>\n<\/tr>\n<tr>\n<td><span style=\"vertical-align: inherit;\"><span style=\"vertical-align: inherit;\">Nome del prodotto: Nome del prodotto: Nome del prodotto: Nome del prodotto: Nome del prodotto: Nome del prodotto<\/span><\/span><\/td>\n<td><span style=\"vertical-align: inherit;\"><span style=\"vertical-align: inherit;\">Misuratore di portata dell'acqua chimica digitale intelligente elettromagnetico<\/span><\/span><\/td>\n<td><span style=\"vertical-align: inherit;\"><span style=\"vertical-align: inherit;\">Dettagli dell'imballaggio:<\/span><\/span><\/td>\n<td><span style=\"vertical-align: inherit;\"><span style=\"vertical-align: inherit;\">1 set per confezione o come richiesto dal cliente<\/span><\/span><\/td>\n<\/tr>\n<tr>\n<td><span style=\"vertical-align: inherit;\"><span style=\"vertical-align: inherit;\">Diametro nominale: diametro nominale<\/span><\/span><\/td>\n<td><span style=\"vertical-align: inherit;\"><span style=\"vertical-align: inherit;\">3-3324mm<\/span><\/span><\/td>\n<td><span style=\"vertical-align: inherit;\"><span style=\"vertical-align: inherit;\">Capacit\u00e0 di approvvigionamento<\/span><\/span><\/td>\n<td><span style=\"vertical-align: inherit;\"><span style=\"vertical-align: inherit;\">2072 Set\/Sets per Month<\/span><\/span><\/td>\n<\/tr>\n<tr>\n<td><span style=\"vertical-align: inherit;\"><span style=\"vertical-align: inherit;\">gamma di velocit\u00e0: il campo di velocit\u00e0<\/span><\/span><\/td>\n<td><span style=\"vertical-align: inherit;\"><span style=\"vertical-align: inherit;\">0-9m\/s<\/span><\/span><\/td>\n<td><span style=\"vertical-align: inherit;\"><span style=\"vertical-align: inherit;\">Quantit\u00e0 (set)<\/span><\/span><\/td>\n<td><span style=\"vertical-align: inherit;\"><span style=\"vertical-align: inherit;\">&gt; 30<\/span><\/span><\/td>\n<\/tr>\n<tr>\n<td><span style=\"vertical-align: inherit;\"><span style=\"vertical-align: inherit;\">Grado di accuratezza: il grado di accuratezza<\/span><\/span><\/td>\n<td><span style=\"vertical-align: inherit;\"><span style=\"vertical-align: inherit;\">\u00b10,5%R, \u00b11%R ( &lt; DN20)<\/span><\/span><\/td>\n<td><span style=\"vertical-align: inherit;\"><span style=\"vertical-align: inherit;\">Tempi di consegna (giorni)<\/span><\/span><\/td>\n<td><span style=\"vertical-align: inherit;\"><span style=\"vertical-align: inherit;\">Da negoziare<\/span><\/span><\/td>\n<\/tr>\n<\/tbody>\n<\/table>\n<p>&nbsp;<\/p>\n<p>&nbsp;<\/p>\n<p style=\"text-align: center;\"><img title=\"misuratore di portata ac\" src=\"https:\/\/www.hginstrument.com\/wp-content\/uploads\/2021\/07\/in-line-pipeline-type-hgd-electromagnetic-flow-meter.jpg\" \/><\/p>\n<p>&nbsp;<\/p>\n<p>&nbsp;<\/p>\n<p style=\"text-align: center;\"><img title=\"misuratore di portata ac\" src=\"https:\/\/www.hginstrument.com\/wp-content\/uploads\/2021\/07\/insertion-01.jpg\" \/><\/p>\n<p>&nbsp;<\/p>\n<p>&nbsp;<\/p>\n<p style=\"text-align: center;\"><img title=\"misuratore di portata ac\" src=\"https:\/\/www.hginstrument.com\/wp-content\/uploads\/2021\/07\/sanitary-mag-1.jpg\" \/><\/p>\n<p><strong>ac flow meter FAQs Guide.<\/strong><\/p>\n<p>At the heart of our ac flow meter series lies a commitment to excellence, blending advanced sensor technology with user-friendly interfaces. From liquid to gas, our meters deliver unparalleled accuracy, empowering you to make informed decisions and streamline operations. As we usher in a new era of fluid measurement, we invite you to explore the limitless possibilities that our ac flow meters unlock \u2013 where precision meets performance, and innovation flows seamlessly.<\/p>\n<div style=\"border: 3px solid #f89900; margin: 20px 0; padding: 20px;\"><a href=\"\/it\/ac-flow-meter\/#01\">1.About ac flow meter warranty<\/a><br \/>\n<a href=\"\/it\/ac-flow-meter\/#02\">2.Does the ac flow meter require an external power source?<\/a><br \/>\n<a href=\"\/it\/ac-flow-meter\/#03\">3.About ac flow meter patent<\/a><br \/>\n<a href=\"\/it\/ac-flow-meter\/#04\">4.About ac flow meter R&amp;D capabilities<\/a><br \/>\n<a href=\"\/it\/ac-flow-meter\/#05\">5.About ac flow meter raw material procurement system<\/a><br \/>\n<a href=\"\/it\/ac-flow-meter\/#06\">6.What are the maintenance methods for ac flow meter?<\/a><br \/>\n<a href=\"\/it\/ac-flow-meter\/#07\">7.About the development history of ac flow meter factory<\/a><br \/>\n<a href=\"\/it\/ac-flow-meter\/#08\">8.About ac flow meter raw materials<\/a><br \/>\n<a href=\"\/it\/ac-flow-meter\/#09\">9.About ac flow meter payment method<\/a><br \/>\n<a href=\"\/it\/ac-flow-meter\/#010\">10.About ac flow meter delivery date<\/a><br \/>\n<a href=\"\/it\/ac-flow-meter\/#11\">11.Can the measurement results of the ac flow meter be output and recorded remotely?<\/a><br \/>\n<a href=\"\/it\/ac-flow-meter\/#12\">12.About ac flow meter technology<\/a><br \/>\n<a href=\"\/it\/ac-flow-meter\/#13\">13.About ac flow meter delivery date<\/a><br \/>\n<a href=\"\/it\/ac-flow-meter\/#14\">14.About ac flow meter R&amp;D capabilities<\/a><br \/>\n<a href=\"\/it\/ac-flow-meter\/#15\">15.About ac flow meter MOQ<\/a><br \/>\n<a href=\"\/it\/ac-flow-meter\/#16\">16.What is a ac flow meter?<\/a><\/div>\n<div id=\"01\">\n<p><strong>1.About ac flow meter warranty<\/strong><\/p>\n<p>Le garanzie dei misuratori di portata variano a seconda del produttore e del tipo di misuratore. In genere, le garanzie coprono i difetti dei materiali e della lavorazione e possono coprire anche alcuni tipi di danni causati dal normale utilizzo. Alcune garanzie possono coprire anche i danni causati da un'installazione o da un uso improprio. \u00c8 importante leggere le informazioni sulla garanzia fornite dal produttore per comprendere la copertura specifica e le limitazioni della garanzia.<\/p>\n<\/div>\n<div id=\"02\">\n<p><strong>2.Does the ac flow meter require an external power source?<\/strong><\/p>\n<p>Aderiamo al principio della qualit\u00e0 prima di tutto e disponiamo di un sistema completo di gestione della qualit\u00e0 della produzione e di un processo di ispezione della qualit\u00e0.<br \/>\nDipende dal tipo di misuratore di portata. Alcuni misuratori di portata sono alimentati da una fonte di energia esterna, mentre altri sono alimentati dal flusso del liquido o del gas da misurare.<\/p>\n<\/div>\n<div id=\"03\">\n<p><strong>3.About ac flow meter patent<\/strong><\/p>\n<p>I brevetti sui misuratori di portata sono brevetti che coprono la progettazione e il funzionamento dei misuratori di portata. I misuratori di portata sono dispositivi utilizzati per misurare la velocit\u00e0 di flusso di un liquido o di un gas. I misuratori di portata sono utilizzati in diversi settori, tra cui il trattamento delle acque e delle acque reflue, il petrolio e il gas e il trattamento chimico. I misuratori di portata sono utilizzati per misurare la portata di un fluido, il volume totale di un fluido e la pressione di un fluido. I misuratori di portata possono essere meccanici, elettrici o ottici. I flussimetri possono essere utilizzati per misurare il flusso di liquidi, gas e vapore.<\/p>\n<\/div>\n<div id=\"04\">\n<p><strong>4.About ac flow meter R&amp;D capabilities<\/strong><\/p>\n<p>Le capacit\u00e0 di R&amp;S dei misuratori di portata si riferiscono alla capacit\u00e0 di un'azienda o di un'organizzazione di ricercare, sviluppare e produrre misuratori di portata. Ci\u00f2 include la capacit\u00e0 di progettare, testare e produrre misuratori di portata che soddisfino i requisiti dei clienti e gli standard del settore. Include anche la capacit\u00e0 di sviluppare nuove tecnologie e prodotti per soddisfare le mutevoli esigenze del settore. Le aziende con una forte capacit\u00e0 di ricerca e sviluppo sono in grado di essere all'avanguardia rispetto alla concorrenza e di fornire ai clienti i misuratori di portata pi\u00f9 avanzati e affidabili.<\/p>\n<p><img style=\"max-width: 100%;\" title=\"About ac flow meter R&amp;D capabilities\" src=\"https:\/\/www.hginstrument.com\/wp-content\/uploads\/2021\/07\/hluc-1.jpg\" alt=\"About ac flow meter R&amp;D capabilities\" \/><\/p>\n<\/div>\n<div id=\"05\">\n<p><strong>5.About ac flow meter raw material procurement system<\/strong><\/p>\n<p>Un sistema di approvvigionamento di materie prime per misuratori di portata \u00e8 una soluzione software progettata per semplificare il processo di acquisto delle materie prime per la produzione di misuratori di portata. Il sistema consente agli utenti di ricercare e acquistare in modo rapido e semplice i componenti necessari per la produzione dei misuratori di portata. Fornisce inoltre informazioni dettagliate sui componenti, compresi prezzi, disponibilit\u00e0 e tempi di consegna. Il sistema consente inoltre di tenere traccia degli ordini e di gestire l'inventario. Ci\u00f2 contribuisce a garantire che i componenti giusti siano sempre disponibili quando servono.<\/p>\n<\/div>\n<div id=\"06\">\n<p><strong>6.What are the maintenance methods for ac flow meter?<\/strong><\/p>\n<p>Ci concentriamo sull'innovazione e sul miglioramento continuo per mantenere un vantaggio competitivo.<br \/>\n1. Controllare regolarmente che il flussometro non presenti segni di usura o danni.<\/p>\n<p>2. Pulire regolarmente il flussometro per garantire letture accurate.<\/p>\n<p>3. Controllare l'accuratezza del flussometro eseguendo i test di calibrazione.<\/p>\n<p>4. Sostituire al pi\u00f9 presto le parti usurate o danneggiate.<\/p>\n<p>5. Assicurarsi che il flussometro sia installato e collegato correttamente al sistema.<\/p>\n<p>6. Controllare che il flussometro non presenti segni di corrosione o ostruzioni.<\/p>\n<p>7. Assicurarsi che il flussometro sia correttamente sigillato per evitare perdite.<\/p>\n<p>8. Controllare regolarmente che il flussometro non presenti segni di vibrazioni o rumori.<\/p>\n<p>9. Assicurarsi che il flussometro sia calibrato e regolato correttamente.<\/p>\n<p>10. Controllare regolarmente che il flussometro non presenti segni di perdita o di intasamento.<\/p>\n<\/div>\n<div id=\"07\">\n<p><strong>7.About the development history of ac flow meter factory<\/strong><\/p>\n<p>La fabbrica di misuratori di portata \u00e8 stata fondata all'inizio degli anni Novanta. \u00c8 stata fondata da un gruppo di ingegneri e tecnici con una vasta esperienza nella progettazione e nella produzione di misuratori di portata. Inizialmente l'azienda si \u00e8 concentrata sulla produzione di misuratori di portata meccanici, ma ben presto ha ampliato la propria gamma di prodotti includendo anche misuratori di portata elettronici. Nel corso degli anni, l'azienda ha sviluppato un'ampia gamma di misuratori di portata per diverse applicazioni, tra cui quelle industriali, commerciali e residenziali. L'azienda ha inoltre sviluppato una serie di soluzioni software e hardware per la misurazione e il controllo del flusso. Oggi l'azienda \u00e8 uno dei principali produttori di misuratori di portata e prodotti correlati ed \u00e8 riconosciuta come leader del settore.<\/p>\n<\/div>\n<div id=\"08\">\n<p><strong>8.About ac flow meter raw materials<\/strong><\/p>\n<p>Le materie prime dei misuratori di portata sono in genere costituite da una variet\u00e0 di metalli, plastiche e materiali compositi. I materiali pi\u00f9 comuni utilizzati nei misuratori di portata sono l'acciaio inossidabile, l'ottone, l'alluminio, il cloruro di polivinile (PVC), il polipropilene (PP) e il politetrafluoroetilene (PTFE). Il materiale utilizzato in un misuratore di portata dipende dall'applicazione e dal tipo di fluido da misurare. Ad esempio, l'acciaio inossidabile \u00e8 spesso utilizzato per la misurazione di fluidi corrosivi, mentre il PVC \u00e8 spesso utilizzato per la misurazione dell'acqua.<\/p>\n<p><img style=\"max-width: 100%;\" title=\"About ac flow meter raw materials\" src=\"https:\/\/www.hginstrument.com\/wp-content\/uploads\/2021\/07\/hls-2000p-z1.jpg\" alt=\"About ac flow meter raw materials\" \/><\/p>\n<\/div>\n<div id=\"09\">\n<p><strong>9.About ac flow meter payment method<\/strong><\/p>\n<p>Il pagamento tramite contatore di flusso \u00e8 un metodo di pagamento che utilizza un contatore di flusso per misurare la quantit\u00e0 di energia utilizzata da un cliente. Il cliente paga l'energia utilizzata in base alla quantit\u00e0 di energia misurata dal contatore. Questo metodo di pagamento \u00e8 spesso utilizzato in ambienti commerciali e industriali, dove il consumo di energia \u00e8 elevato e deve essere monitorato con precisione. Il pagamento tramite contatore di flusso \u00e8 utilizzato anche in alcuni contesti residenziali, dove i clienti possono pagare per il loro utilizzo di energia in base alla quantit\u00e0 di energia che utilizzano.<\/p>\n<\/div>\n<div id=\"010\">\n<p><strong>10.About ac flow meter delivery date<\/strong><\/p>\n<p>La data di consegna di un misuratore di portata dipende dal tipo di misuratore, dal produttore e dalla disponibilit\u00e0 del prodotto. In genere, la maggior parte dei misuratori di portata pu\u00f2 essere consegnata entro pochi giorni o poche settimane. Tuttavia, alcuni misuratori di portata specializzati possono richiedere tempi di consegna pi\u00f9 lunghi. \u00c8 meglio contattare direttamente il produttore per ottenere una data di consegna precisa.<\/p>\n<\/div>\n<div id=\"11\">\n<p><strong>11.Can the measurement results of the ac flow meter be output and recorded remotely?<\/strong><\/p>\n<p>S\u00ec, molti misuratori di portata sono dotati di funzionalit\u00e0 di uscita e registrazione a distanza. Ci\u00f2 consente agli utenti di monitorare e registrare i dati di flusso da una postazione remota.<\/p>\n<\/div>\n<div id=\"12\">\n<p><strong>12.About ac flow meter technology<\/strong><\/p>\n<p>La tecnologia dei misuratori di portata \u00e8 un tipo di tecnologia di misura utilizzata per misurare la velocit\u00e0 di flusso di un fluido o di un gas. Viene utilizzata in diversi settori, tra cui quello petrolifero e del gas, dell'acqua e delle acque reflue e del trattamento chimico. I flussimetri misurano la portata di un fluido o di un gas misurando la pressione, la velocit\u00e0 o altre propriet\u00e0 fisiche del fluido o del gas. I flussimetri possono essere utilizzati per misurare la portata di liquidi, gas e vapore. Vengono utilizzati per misurare la portata di una variet\u00e0 di fluidi, tra cui acqua, olio e sostanze chimiche. I misuratori di portata sono utilizzati in diverse applicazioni, tra cui il controllo dei processi, la gestione dell'energia e il monitoraggio della sicurezza.<\/p>\n<p><img style=\"max-width: 100%;\" title=\"About ac flow meter technology\" src=\"https:\/\/www.hginstrument.com\/wp-content\/uploads\/2021\/07\/hguoc-1.jpg\" alt=\"About ac flow meter technology\" \/><\/p>\n<\/div>\n<div id=\"13\">\n<p><strong>13.About ac flow meter delivery date<\/strong><\/p>\n<p>La data di consegna di un misuratore di portata dipende dal tipo di misuratore, dal produttore e dalla disponibilit\u00e0 del prodotto. In genere, la maggior parte dei misuratori di portata pu\u00f2 essere consegnata entro pochi giorni o poche settimane. Tuttavia, alcuni misuratori di portata specializzati possono richiedere tempi di consegna pi\u00f9 lunghi. \u00c8 meglio contattare direttamente il produttore per ottenere una data di consegna precisa.<\/p>\n<\/div>\n<div id=\"14\">\n<p><strong>14.About ac flow meter R&amp;D capabilities<\/strong><\/p>\n<p>Le capacit\u00e0 di R&amp;S dei misuratori di portata si riferiscono alla capacit\u00e0 di un'azienda o di un'organizzazione di ricercare, sviluppare e produrre misuratori di portata. Ci\u00f2 include la capacit\u00e0 di progettare, testare e produrre misuratori di portata che soddisfino i requisiti dei clienti e gli standard del settore. Include anche la capacit\u00e0 di sviluppare nuove tecnologie e prodotti per soddisfare le mutevoli esigenze del settore. Le aziende con una forte capacit\u00e0 di ricerca e sviluppo sono in grado di essere all'avanguardia rispetto alla concorrenza e di fornire ai clienti i misuratori di portata pi\u00f9 avanzati e affidabili.<\/p>\n<\/div>\n<div id=\"15\">\n<p><strong>15.About ac flow meter MOQ<\/strong><\/p>\n<p>La quantit\u00e0 minima ordinabile (MOQ) per un misuratore di portata dipende dal tipo di misuratore e dal produttore. In genere, il MOQ per un misuratore di portata \u00e8 compreso tra 1 e 10 unit\u00e0, ma pu\u00f2 variare a seconda del produttore e del tipo di misuratore.<\/p>\n<\/div>\n<div id=\"16\">\n<p><strong>16.What is a ac flow meter?<\/strong><\/p>\n<p>Ci concentriamo sul lavoro di squadra e sulla comunicazione per raggiungere obiettivi comuni, attribuendo grande importanza a questo dettaglio.<br \/>\nUn misuratore di portata \u00e8 un dispositivo utilizzato per misurare la portata o la quantit\u00e0 di un gas o di un liquido che si muove attraverso un tubo. I flussimetri misurano la portata volumetrica o di massa di un liquido o di un gas. Sono utilizzati in diversi settori, tra cui il trattamento delle acque e delle acque reflue, il petrolio e il gas, la lavorazione chimica e la produzione di alimenti e bevande.<\/p>\n<p><img style=\"max-width: 100%;\" title=\"What is a ac flow meter?\" src=\"https:\/\/www.hginstrument.com\/wp-content\/uploads\/2021\/07\/oval-gear-4.jpg\" alt=\"What is a ac flow meter?\" \/><\/p>\n<\/div>\n<p>&nbsp;<\/p>\n<p>Tag\uff1a<a href=\"\/it\/magnetic-flow-meter\/omron-peak-flow-meter\/\">omron peak flow meter<\/a>,<a href=\"\/it\/magnetic-flow-meter\/waste-water-flow-meter\/\">misuratore di portata delle acque reflue<\/a>,<a href=\"\/it\/magnetic-flow-meter\/mccrometer-magnetic-flow-meter\/\">misuratore di portata magnetico mccrometro<\/a>,<a href=\"\/it\/magnetic-flow-meter\/water-flow-meter-for-sale\/\">misuratore di portata d'acqua in vendita<\/a><\/p>\n<p>&nbsp;<\/p>","protected":false},"excerpt":{"rendered":"<p><strong>Dati tecnici<\/strong><br \/>\nPu\u00f2 servire fluidi liquidi o gassosi; di solito viene utilizzato per misurare il flusso di vapore, aria e gas naturale.<br \/>\nDimensioni del contatore: Tipo in linea: DN25 - DN300<br \/>\nOpzione materiale bagnato: SS304, SS316<br \/>\nTemperatura di funzionamento: \u2264250\u2103<br \/>\nConnessione al processo: Wafer \/ Flangia \/ Tri-clamp per il tipo in linea<br \/>\nPrecisione di misura: 1,0 % - 1,5% del campo di calibrazione<br \/>\nIndicatore digitale: visualizzazione del flusso istantaneo, del flusso totale<br \/>\nAlimentazione: 24VDC, Uscita: 4-20mA<\/p>\n<p><strong>caratteristiche<\/strong><br \/>\n1.Punti di attivazione\/disattivazione regolabili<br \/>\n2. Modalit\u00e0 di allarme flusso Hi o Lo<br \/>\n3. Ritardo regolabile<br \/>\n4.LED di stato del rel\u00e8<\/p>","protected":false},"featured_media":3691,"comment_status":"closed","ping_status":"closed","template":"","meta":[],"product_cat":[2372],"product_tag":[],"acf":[],"_links":{"self":[{"href":"https:\/\/www.hginstrument.com\/it\/wp-json\/wp\/v2\/product\/4913"}],"collection":[{"href":"https:\/\/www.hginstrument.com\/it\/wp-json\/wp\/v2\/product"}],"about":[{"href":"https:\/\/www.hginstrument.com\/it\/wp-json\/wp\/v2\/types\/product"}],"replies":[{"embeddable":true,"href":"https:\/\/www.hginstrument.com\/it\/wp-json\/wp\/v2\/comments?post=4913"}],"wp:featuredmedia":[{"embeddable":true,"href":"https:\/\/www.hginstrument.com\/it\/wp-json\/wp\/v2\/media\/3691"}],"wp:attachment":[{"href":"https:\/\/www.hginstrument.com\/it\/wp-json\/wp\/v2\/media?parent=4913"}],"wp:term":[{"taxonomy":"product_cat","embeddable":true,"href":"https:\/\/www.hginstrument.com\/it\/wp-json\/wp\/v2\/product_cat?post=4913"},{"taxonomy":"product_tag","embeddable":true,"href":"https:\/\/www.hginstrument.com\/it\/wp-json\/wp\/v2\/product_tag?post=4913"}],"curies":[{"name":"wp","href":"https:\/\/api.w.org\/{rel}","templated":true}]}}