{"id":4940,"date":"2023-12-23T12:22:18","date_gmt":"2023-12-23T04:22:18","guid":{"rendered":"https:\/\/www.hginstrument.com\/?post_type=product&#038;p=4940"},"modified":"2024-01-09T10:09:25","modified_gmt":"2024-01-09T02:09:25","slug":"air-mass-flow-meter","status":"publish","type":"product","link":"https:\/\/www.hginstrument.com\/it\/magnetic-flow-meter\/air-mass-flow-meter\/","title":{"rendered":"misuratore di portata massica dell'aria"},"content":{"rendered":"<p>Il misuratore di portata massica dell'aria \u00e8 un dispositivo di misurazione del flusso altamente avanzato e personalizzabile, progettato per un'ampia gamma di applicazioni industriali e commerciali. Questo dispositivo utilizza una tecnologia all'avanguardia, che comprende sensori di precisione e algoritmi avanzati, per misurare e monitorare con precisione le portate di vari liquidi e gas.<\/p>\n<p>Il misuratore di portata massica dell'aria \u00e8 dotato di un'interfaccia intuitiva che ne facilita il funzionamento e il monitoraggio. Offre inoltre una variet\u00e0 di opzioni di installazione, tra cui in linea, a inserimento e a morsetto, che lo rendono adatto a un'ampia gamma di tubazioni e sistemi. Inoltre, \u00e8 compatibile con diversi protocolli di comunicazione e pu\u00f2 essere integrato senza problemi nei sistemi esistenti.<\/p>\n<p>Il nostro misuratore di portata massica dell'aria \u00e8 dotato di funzionalit\u00e0 avanzate di registrazione dei dati, che consentono di memorizzare e analizzare i dati di portata in tempo reale. \u00c8 inoltre in grado di generare rapporti e grafici dettagliati per una migliore visualizzazione e analisi dei dati. Grazie a queste funzioni, \u00e8 possibile monitorare e ottimizzare i processi di flusso per migliorare l'efficienza e l'efficacia dei costi.<\/p>\n<table class=\"table table-bordered\">\n<tbody>\n<tr>\n<td><span style=\"vertical-align: inherit;\"><span style=\"vertical-align: inherit;\">Tipo: il tipo<\/span><\/span><\/td>\n<td><span style=\"vertical-align: inherit;\">misuratore di portata massica dell'aria<\/span><\/td>\n<td><span style=\"vertical-align: inherit;\"><span style=\"vertical-align: inherit;\">Segnale d'uscita: segnale d'uscita<\/span><\/span><\/td>\n<td><span style=\"vertical-align: inherit;\"><span style=\"vertical-align: inherit;\">4-20 mA, impulsi\/frequenza 2kHz (default), 5KHz (max)<\/span><\/span><\/td>\n<\/tr>\n<tr>\n<td><span style=\"vertical-align: inherit;\"><span style=\"vertical-align: inherit;\">Luogo di origine: il luogo di origine<\/span><\/span><\/td>\n<td><span style=\"vertical-align: inherit;\"><span style=\"vertical-align: inherit;\">Jiangsu, Cina<\/span><\/span><\/td>\n<td><span style=\"vertical-align: inherit;\"><span style=\"vertical-align: inherit;\">Incorporare il tipo: il tipo<\/span><\/span><\/td>\n<td><span style=\"vertical-align: inherit;\"><span style=\"vertical-align: inherit;\">-10\u2103- +53\u2103<\/span><\/span><\/td>\n<\/tr>\n<tr>\n<td><span style=\"vertical-align: inherit;\"><span style=\"vertical-align: inherit;\">Garanzia: garanzia<\/span><\/span><\/td>\n<td><span style=\"vertical-align: inherit;\"><span style=\"vertical-align: inherit;\">17 mesi<\/span><\/span><\/td>\n<td><span style=\"vertical-align: inherit;\"><span style=\"vertical-align: inherit;\">Tensione di alimentazione: tensione di alimentazione<\/span><\/span><\/td>\n<td><span style=\"vertical-align: inherit;\"><span style=\"vertical-align: inherit;\">110\/220VAC (100-240VAC), 50Hz\/60Hz; 24VDC\u00b110%<\/span><\/span><\/td>\n<\/tr>\n<tr>\n<td><span style=\"vertical-align: inherit;\"><span style=\"vertical-align: inherit;\">Supporto personalizzato\uff1aSupporto personalizzato<\/span><\/span><\/td>\n<td><span style=\"vertical-align: inherit;\"><span style=\"vertical-align: inherit;\">OEM, ODM, OBM<\/span><\/span><\/td>\n<td><span style=\"vertical-align: inherit;\"><span style=\"vertical-align: inherit;\">Comunicazione digitale: comunicazione digitale<\/span><\/span><\/td>\n<td><span style=\"vertical-align: inherit;\"><span style=\"vertical-align: inherit;\">RS-485, supporto del protocollo standard Mudbugs-RTU; GPRS<\/span><\/span><\/td>\n<\/tr>\n<tr>\n<td><span style=\"vertical-align: inherit;\"><span style=\"vertical-align: inherit;\">Nome della marca: Nome della marca: Nome della marca: Nome della marca: Nome della marca: Nome della marca<\/span><\/span><\/td>\n<td><span style=\"vertical-align: inherit;\"><span style=\"vertical-align: inherit;\">GRUPPO SUYI<\/span><\/span><\/td>\n<td><span style=\"vertical-align: inherit;\"><span style=\"vertical-align: inherit;\">Pressione nominale: pressione nominale<\/span><\/span><\/td>\n<td><span style=\"vertical-align: inherit;\"><span style=\"vertical-align: inherit;\">1MPa (DN15-DN800), 1,6MPa (DN15-DN800), 2,5MPa (DN15-DN600)<\/span><\/span><\/td>\n<\/tr>\n<tr>\n<td><span style=\"vertical-align: inherit;\"><span style=\"vertical-align: inherit;\">Numero di modello: Numero di modello: Numero di modello: Numero di modello: Numero di modello: Numero di modello<\/span><\/span><\/td>\n<td><span style=\"vertical-align: inherit;\"><span style=\"vertical-align: inherit;\">altro<\/span><\/span><\/td>\n<td><span style=\"vertical-align: inherit;\"><span style=\"vertical-align: inherit;\">Sensore: sensore<\/span><\/span><\/td>\n<td><span style=\"vertical-align: inherit;\"><span style=\"vertical-align: inherit;\">0\u2103- +80\u2103 o -25\u2103- +120\u2103 o +70\u2103- +250\u2103<\/span><\/span><\/td>\n<\/tr>\n<tr>\n<td><span style=\"vertical-align: inherit;\"><span style=\"vertical-align: inherit;\">Nome del prodotto: Nome del prodotto: Nome del prodotto: Nome del prodotto: Nome del prodotto: Nome del prodotto<\/span><\/span><\/td>\n<td><span style=\"vertical-align: inherit;\"><span style=\"vertical-align: inherit;\">Misuratore di portata dell'acqua chimica digitale intelligente elettromagnetico<\/span><\/span><\/td>\n<td><span style=\"vertical-align: inherit;\"><span style=\"vertical-align: inherit;\">Dettagli dell'imballaggio:<\/span><\/span><\/td>\n<td><span style=\"vertical-align: inherit;\"><span style=\"vertical-align: inherit;\">1 set per confezione o come richiesto dal cliente<\/span><\/span><\/td>\n<\/tr>\n<tr>\n<td><span style=\"vertical-align: inherit;\"><span style=\"vertical-align: inherit;\">Diametro nominale: diametro nominale<\/span><\/span><\/td>\n<td><span style=\"vertical-align: inherit;\"><span style=\"vertical-align: inherit;\">3-2822 mm<\/span><\/span><\/td>\n<td><span style=\"vertical-align: inherit;\"><span style=\"vertical-align: inherit;\">Capacit\u00e0 di approvvigionamento<\/span><\/span><\/td>\n<td><span style=\"vertical-align: inherit;\"><span style=\"vertical-align: inherit;\">1780 Set\/Set al mese<\/span><\/span><\/td>\n<\/tr>\n<tr>\n<td><span style=\"vertical-align: inherit;\"><span style=\"vertical-align: inherit;\">gamma di velocit\u00e0: il campo di velocit\u00e0<\/span><\/span><\/td>\n<td><span style=\"vertical-align: inherit;\"><span style=\"vertical-align: inherit;\">0-11m\/s<\/span><\/span><\/td>\n<td><span style=\"vertical-align: inherit;\"><span style=\"vertical-align: inherit;\">Quantit\u00e0 (set)<\/span><\/span><\/td>\n<td><span style=\"vertical-align: inherit;\"><span style=\"vertical-align: inherit;\">&gt; 30<\/span><\/span><\/td>\n<\/tr>\n<tr>\n<td><span style=\"vertical-align: inherit;\"><span style=\"vertical-align: inherit;\">Grado di accuratezza: il grado di accuratezza<\/span><\/span><\/td>\n<td><span style=\"vertical-align: inherit;\"><span style=\"vertical-align: inherit;\">\u00b10,5%R, \u00b11%R ( &lt; DN20)<\/span><\/span><\/td>\n<td><span style=\"vertical-align: inherit;\"><span style=\"vertical-align: inherit;\">Tempi di consegna (giorni)<\/span><\/span><\/td>\n<td><span style=\"vertical-align: inherit;\"><span style=\"vertical-align: inherit;\">Da negoziare<\/span><\/span><\/td>\n<\/tr>\n<\/tbody>\n<\/table>\n<p>&nbsp;<\/p>\n<p>&nbsp;<\/p>\n<p style=\"text-align: center;\"><img title=\"misuratore di portata massica dell&#039;aria\" src=\"https:\/\/www.hginstrument.com\/wp-content\/uploads\/2021\/07\/in-line-pipeline-type-hgd-electromagnetic-flow-meter.jpg\" \/><\/p>\n<p>&nbsp;<\/p>\n<p>&nbsp;<\/p>\n<p style=\"text-align: center;\"><img title=\"misuratore di portata massica dell&#039;aria\" src=\"https:\/\/www.hginstrument.com\/wp-content\/uploads\/2021\/07\/insertion-01.jpg\" \/><\/p>\n<p>&nbsp;<\/p>\n<p>&nbsp;<\/p>\n<p style=\"text-align: center;\"><img title=\"misuratore di portata massica dell&#039;aria\" src=\"https:\/\/www.hginstrument.com\/wp-content\/uploads\/2021\/07\/sanitary-mag-1.jpg\" \/><\/p>\n<p><strong>Guida alle domande frequenti sul misuratore di portata massica dell'aria.<\/strong><\/p>\n<p>Al centro della nostra serie di misuratori di portata massica dell'aria c'\u00e8 un impegno all'eccellenza, che unisce la tecnologia avanzata dei sensori a interfacce di facile utilizzo. Dai liquidi ai gas, i nostri misuratori offrono un'accuratezza senza pari, consentendovi di prendere decisioni informate e di ottimizzare le operazioni. Mentre inauguriamo una nuova era della misurazione dei fluidi, vi invitiamo a esplorare le possibilit\u00e0 illimitate che i nostri misuratori di portata massica d'aria dischiudono, dove la precisione incontra le prestazioni e l'innovazione fluisce senza soluzione di continuit\u00e0.<\/p>\n<div style=\"border: 3px solid #f89900; margin: 20px 0; padding: 20px;\"><a href=\"\/it\/air-mass-flow-meter\/#01\">1.Informazioni sull'inventario del misuratore di portata massica dell'aria<\/a><br \/>\n<a href=\"\/it\/air-mass-flow-meter\/#02\">2.Informazioni sulla data di consegna del misuratore di portata massica dell'aria<\/a><br \/>\n<a href=\"\/it\/air-mass-flow-meter\/#03\">3.Il misuratore di portata massica dell'aria \u00e8 anticorrosione?<\/a><br \/>\n<a href=\"\/it\/air-mass-flow-meter\/#04\">4.Informazioni sulla garanzia del misuratore di portata massica dell'aria<\/a><br \/>\n<a href=\"\/it\/air-mass-flow-meter\/#05\">5.Circa l'attrezzatura di produzione del misuratore di portata massica dell'aria<\/a><br \/>\n<a href=\"\/it\/air-mass-flow-meter\/#06\">6.L'unit\u00e0 di misura del misuratore di portata massica dell'aria \u00e8 sostituibile?<\/a><br \/>\n<a href=\"\/it\/air-mass-flow-meter\/#07\">7.Informazioni sul brevetto del misuratore di portata massica dell'aria<\/a><br \/>\n<a href=\"\/it\/air-mass-flow-meter\/#08\">8.Quali sono i metodi di installazione del misuratore di portata massica dell'aria?<\/a><br \/>\n<a href=\"\/it\/air-mass-flow-meter\/#09\">9.Informazioni sulla scala della fabbrica del misuratore di portata massica dell'aria<\/a><br \/>\n<a href=\"\/it\/air-mass-flow-meter\/#010\">10.Quali sono i guasti e le soluzioni pi\u00f9 comuni dei misuratori di portata massica dell'aria?<\/a><br \/>\n<a href=\"\/it\/air-mass-flow-meter\/#11\">11.Qual \u00e8 la differenza tra il misuratore di portata massica dell'aria SUYI group e il misuratore di portata massica dell'aria Yokogawa e il misuratore di portata massica dell'aria ABB?<\/a><br \/>\n<a href=\"\/it\/air-mass-flow-meter\/#12\">12.Informazioni sulla storia dello sviluppo della fabbrica del misuratore di portata massica dell'aria<\/a><br \/>\n<a href=\"\/it\/air-mass-flow-meter\/#13\">13.Informazioni sulla garanzia del misuratore di portata massica dell'aria<\/a><br \/>\n<a href=\"\/it\/air-mass-flow-meter\/#14\">14.Come fa il misuratore di portata massica dell'aria a rilevare le propriet\u00e0 del fluido di destinazione?<\/a><br \/>\n<a href=\"\/it\/air-mass-flow-meter\/#15\">15.Qual \u00e8 la classificazione antideflagrante del misuratore di portata massica dell'aria?<\/a><\/div>\n<div id=\"01\">\n<p><strong>1.Informazioni sull'inventario del misuratore di portata massica dell'aria<\/strong><\/p>\n<p>L'inventario dei misuratori di portata \u00e8 un sistema utilizzato per tracciare e gestire i misuratori di portata utilizzati nelle applicazioni industriali e commerciali. Viene utilizzato per monitorare le prestazioni dei misuratori di portata e per garantire che siano mantenuti e calibrati correttamente. Il sistema di inventario pu\u00f2 anche essere utilizzato per tenere traccia del costo dei misuratori di portata e per identificare eventuali problemi o problemi potenziali con i misuratori di portata.<\/p>\n<\/div>\n<div id=\"02\">\n<p><strong>2.Informazioni sulla data di consegna del misuratore di portata massica dell'aria<\/strong><\/p>\n<p>La data di consegna di un misuratore di portata dipende dal tipo di misuratore, dal produttore e dalla disponibilit\u00e0 del prodotto. In genere, la maggior parte dei misuratori di portata pu\u00f2 essere consegnata entro pochi giorni o poche settimane. Tuttavia, alcuni misuratori di portata specializzati possono richiedere tempi di consegna pi\u00f9 lunghi. \u00c8 meglio contattare direttamente il produttore per ottenere una data di consegna precisa.<\/p>\n<p><img style=\"max-width: 100%;\" title=\"Informazioni sulla data di consegna del misuratore di portata massica dell&#039;aria\" src=\"https:\/\/www.hginstrument.com\/wp-content\/uploads\/2021\/07\/mdp310-fc3-3.jpg\" alt=\"Informazioni sulla data di consegna del misuratore di portata massica dell&#039;aria\" \/><\/p>\n<\/div>\n<div id=\"03\">\n<p><strong>3.Il misuratore di portata massica dell'aria \u00e8 anticorrosione?<\/strong><\/p>\n<p>Abbiamo stabilito una buona reputazione e partnership affidabili nel settore dei misuratori di portata massica dell'aria.<br \/>\nS\u00ec, la maggior parte dei misuratori di portata \u00e8 progettata per essere resistente alla corrosione. Tuttavia, il tipo specifico di misuratore di portata e l'ambiente in cui viene utilizzato determinano il grado di resistenza alla corrosione.<\/p>\n<\/div>\n<div id=\"04\">\n<p><strong>4.Informazioni sulla garanzia del misuratore di portata massica dell'aria<\/strong><\/p>\n<p>Le garanzie dei misuratori di portata variano a seconda del produttore e del tipo di misuratore. In genere, le garanzie coprono i difetti dei materiali e della lavorazione e possono coprire anche alcuni tipi di danni causati dal normale utilizzo. Alcune garanzie possono coprire anche i danni causati da un'installazione o da un uso improprio. \u00c8 importante leggere le informazioni sulla garanzia fornite dal produttore per comprendere la copertura specifica e le limitazioni della garanzia.<\/p>\n<p><img style=\"max-width: 100%;\" title=\"Sulla garanzia del misuratore di portata massica dell&#039;aria\" src=\"https:\/\/www.hginstrument.com\/wp-content\/uploads\/2021\/07\/dsrt-1.jpg\" alt=\"Sulla garanzia del misuratore di portata massica dell&#039;aria\" \/><\/p>\n<\/div>\n<div id=\"05\">\n<p><strong>5.Circa l'attrezzatura di produzione del misuratore di portata massica dell'aria<\/strong><\/p>\n<p>Le attrezzature per la produzione di misuratori di portata sono utilizzate per produrre misuratori di portata, che sono dispositivi utilizzati per misurare la velocit\u00e0 di flusso di un liquido o di un gas. Queste attrezzature comprendono in genere una serie di macchine e strumenti, come torni, fresatrici, trapani e macchine CNC. Comprende anche strumenti specializzati per l'assemblaggio e il collaudo dei misuratori di portata. Le attrezzature utilizzate per produrre i misuratori di portata sono altamente specializzate e devono essere in grado di produrre risultati accurati e affidabili.<\/p>\n<\/div>\n<div id=\"06\">\n<p><strong>6.L'unit\u00e0 di misura del misuratore di portata massica dell'aria \u00e8 sostituibile?<\/strong><\/p>\n<p>In qualit\u00e0 di uno dei principali produttori di misuratori di portata massica dell'aria in Cina, prendiamo molto sul serio questo aspetto.<br \/>\nS\u00ec, l'unit\u00e0 di misura di un misuratore di portata \u00e8 sostituibile.<\/p>\n<p><img style=\"max-width: 100%;\" title=\"L&#039;unit\u00e0 di misura del misuratore di portata massica dell&#039;aria \u00e8 sostituibile?\" src=\"https:\/\/www.hginstrument.com\/wp-content\/uploads\/2021\/07\/hgvf-1.jpg\" alt=\"L&#039;unit\u00e0 di misura del misuratore di portata massica dell&#039;aria \u00e8 sostituibile?\" \/><\/p>\n<\/div>\n<div id=\"07\">\n<p><strong>7.Informazioni sul brevetto del misuratore di portata massica dell'aria<\/strong><\/p>\n<p>I brevetti sui misuratori di portata sono brevetti che coprono la progettazione e il funzionamento dei misuratori di portata. I misuratori di portata sono dispositivi utilizzati per misurare la velocit\u00e0 di flusso di un liquido o di un gas. I misuratori di portata sono utilizzati in diversi settori, tra cui il trattamento delle acque e delle acque reflue, il petrolio e il gas e il trattamento chimico. I misuratori di portata sono utilizzati per misurare la portata di un fluido, il volume totale di un fluido e la pressione di un fluido. I misuratori di portata possono essere meccanici, elettrici o ottici. I flussimetri possono essere utilizzati per misurare il flusso di liquidi, gas e vapore.<\/p>\n<\/div>\n<div id=\"08\">\n<p><strong>8.Quali sono i metodi di installazione del misuratore di portata massica dell'aria?<\/strong><\/p>\n<p>La nostra missione \u00e8 fornire ai clienti le migliori soluzioni per il misuratore di portata massica dell'aria.<br \/>\n1. Installazione in linea: \u00c8 il tipo di installazione pi\u00f9 comune per i misuratori di portata. Consiste nel collocare il misuratore di portata direttamente nel tubo o nel condotto in cui scorre il fluido.<\/p>\n<p>2. Installazione a inserimento: Questo tipo di installazione prevede l'inserimento del misuratore di portata nel tubo o nel condotto. In genere si utilizza una flangia o un raccordo.<\/p>\n<p>3. Installazione a canale aperto: Questo tipo di installazione si utilizza quando il flusso si trova in un canale aperto, come un fiume o un torrente. Il misuratore di portata viene posizionato nel canale e misura la portata.<\/p>\n<p>4. Installazione sommersa: Questo tipo di installazione si utilizza quando il flusso si trova in un ambiente sommerso, come un pozzo o un serbatoio. Il misuratore di portata viene inserito nell'acqua e misura la portata.<\/p>\n<p><img style=\"max-width: 100%;\" title=\"Quali sono i metodi di installazione del misuratore di portata massica dell&#039;aria?\" src=\"https:\/\/www.hginstrument.com\/wp-content\/uploads\/2021\/07\/hgcmf-c1-1.jpg\" alt=\"Quali sono i metodi di installazione del misuratore di portata massica dell&#039;aria?\" \/><\/p>\n<\/div>\n<div id=\"09\">\n<p><strong>9.Informazioni sulla scala della fabbrica del misuratore di portata massica dell'aria<\/strong><\/p>\n<p>Le fabbriche di misuratori di portata variano per dimensioni e portata, a seconda del tipo di misuratori di portata che producono. Alcune fabbriche possono essere specializzate nella produzione di un singolo tipo di misuratore di portata, mentre altre possono produrne una variet\u00e0 di tipi diversi. Alcune fabbriche possono essere grandi, con centinaia di dipendenti, mentre altre possono essere piccole, con pochi dipendenti. Le dimensioni della fabbrica dipendono anche dal tipo di misuratori di portata che produce e dalla domanda di tali misuratori.<\/p>\n<\/div>\n<div id=\"010\">\n<p><strong>10.Quali sono i guasti e le soluzioni pi\u00f9 comuni dei misuratori di portata massica dell'aria?<\/strong><\/p>\n<p>Manteniamo una certa quantit\u00e0 di investimenti in R&amp;S ogni anno e miglioriamo continuamente l'efficienza operativa per fornire servizi migliori ai nostri clienti cooperativi.<br \/>\nI guasti e le soluzioni pi\u00f9 comuni dei misuratori di portata includono:<\/p>\n<p>1. Bassa precisione: Di solito \u00e8 causata da un'installazione o una calibrazione errata. Per risolvere questo problema, verificare l'installazione e la calibrazione del flussimetro e assicurarsi che siano corrette.<\/p>\n<p>2. Perdite: Di solito \u00e8 causata da una guarnizione usurata o danneggiata. Per risolvere il problema, sostituire la guarnizione con una nuova.<\/p>\n<p>3. Intasamento: Di solito \u00e8 causato da detriti o altre particelle che bloccano il flussometro. Per risolvere il problema, pulire il flussometro e rimuovere eventuali detriti o particelle.<\/p>\n<p>4. Corrosione: Di solito \u00e8 causata dall'esposizione a liquidi o gas corrosivi. Per risolvere il problema, sostituire le parti corrose e utilizzare un materiale resistente alla corrosione per il misuratore di portata.<\/p>\n<p><img style=\"max-width: 100%;\" title=\"Quali sono i guasti e le soluzioni pi\u00f9 comuni dei misuratori di portata massica dell&#039;aria?\" src=\"https:\/\/www.hginstrument.com\/wp-content\/uploads\/2021\/07\/hluc-1.jpg\" alt=\"Quali sono i guasti e le soluzioni pi\u00f9 comuni dei misuratori di portata massica dell&#039;aria?\" \/><\/p>\n<\/div>\n<div id=\"11\">\n<p><strong>11.Qual \u00e8 la differenza tra il misuratore di portata massica dell'aria SUYI group e il misuratore di portata massica dell'aria Yokogawa e il misuratore di portata massica dell'aria ABB?<\/strong><\/p>\n<p>I misuratori di portata di SUYI Group, Yokogawa e ABB misurano tutti la portata di un fluido, ma differiscono in termini di precisione, caratteristiche e costi. I misuratori di portata di SUYI Group sono in genere pi\u00f9 convenienti di quelli di Yokogawa e ABB, ma potrebbero non avere altrettante funzioni o una precisione altrettanto elevata. I misuratori di portata Yokogawa sono noti per la loro precisione e affidabilit\u00e0, ma tendono a essere pi\u00f9 costosi di quelli di SUYI Group e ABB. I misuratori di portata ABB sono noti per la loro robustezza e durata, ma sono anche pi\u00f9 costosi degli altri due marchi.<\/p>\n<\/div>\n<div id=\"12\">\n<p><strong>12.Informazioni sulla storia dello sviluppo della fabbrica del misuratore di portata massica dell'aria<\/strong><\/p>\n<p>La fabbrica di misuratori di portata \u00e8 stata fondata all'inizio degli anni Novanta. \u00c8 stata fondata da un gruppo di ingegneri e tecnici con una vasta esperienza nella progettazione e nella produzione di misuratori di portata. Inizialmente l'azienda si \u00e8 concentrata sulla produzione di misuratori di portata meccanici, ma ben presto ha ampliato la propria gamma di prodotti includendo anche misuratori di portata elettronici. Nel corso degli anni, l'azienda ha sviluppato un'ampia gamma di misuratori di portata per diverse applicazioni, tra cui quelle industriali, commerciali e residenziali. L'azienda ha inoltre sviluppato una serie di soluzioni software e hardware per la misurazione e il controllo del flusso. Oggi l'azienda \u00e8 uno dei principali produttori di misuratori di portata e prodotti correlati ed \u00e8 riconosciuta come leader del settore.<\/p>\n<p><img style=\"max-width: 100%;\" title=\"La storia dello sviluppo della fabbrica di misuratori di portata massica dell&#039;aria\" src=\"https:\/\/www.hginstrument.com\/wp-content\/uploads\/2021\/07\/hgrs-1.jpg\" alt=\"La storia dello sviluppo della fabbrica di misuratori di portata massica dell&#039;aria\" \/><\/p>\n<\/div>\n<div id=\"13\">\n<p><strong>13.Informazioni sulla garanzia del misuratore di portata massica dell'aria<\/strong><\/p>\n<p>Le garanzie dei misuratori di portata variano a seconda del produttore e del tipo di misuratore. In genere, le garanzie coprono i difetti dei materiali e della lavorazione e possono coprire anche alcuni tipi di danni causati dal normale utilizzo. Alcune garanzie possono coprire anche i danni causati da un'installazione o da un uso improprio. \u00c8 importante leggere le informazioni sulla garanzia fornite dal produttore per comprendere la copertura specifica e le limitazioni della garanzia.<\/p>\n<\/div>\n<div id=\"14\">\n<p><strong>14.Come fa il misuratore di portata massica dell'aria a rilevare le propriet\u00e0 del fluido di destinazione?<\/strong><\/p>\n<p>Come uno dei leader del mercato dei misuratori di portata massica dell'aria, siamo noti per l'innovazione e l'affidabilit\u00e0.<br \/>\nI flussimetri misurano la portata di un fluido rilevandone la velocit\u00e0. Ci\u00f2 avviene tipicamente misurando la caduta di pressione attraverso una restrizione nota nel percorso del flusso, oppure misurando la velocit\u00e0 del fluido utilizzando una serie di tecnologie come quella ultrasonica, magnetica o termica. La portata pu\u00f2 quindi essere utilizzata per calcolare le propriet\u00e0 del fluido, come la densit\u00e0, la viscosit\u00e0 e la portata volumetrica.<\/p>\n<p><img style=\"max-width: 100%;\" title=\"Come fa il misuratore di portata massica dell&#039;aria a rilevare le propriet\u00e0 del fluido di destinazione?\" src=\"https:\/\/www.hginstrument.com\/wp-content\/uploads\/2021\/07\/sanitary-mag-1.jpg\" alt=\"Come fa il misuratore di portata massica dell&#039;aria a rilevare le propriet\u00e0 del fluido di destinazione?\" \/><\/p>\n<\/div>\n<div id=\"15\">\n<p><strong>15.Qual \u00e8 la classificazione antideflagrante del misuratore di portata massica dell'aria?<\/strong><\/p>\n<p>I nostri prodotti di misurazione del flusso di massa dell'aria sono sottoposti a un rigoroso controllo di qualit\u00e0 per garantire la soddisfazione del cliente.<br \/>\nLe classificazioni antideflagranti dei misuratori di portata variano a seconda del tipo di misuratore e dell'applicazione. In genere, i misuratori di portata sono classificati per la Classe I, Divisione 1, Gruppi C e D, o per la Classe II, Divisione 1, Gruppi E, F e G.<\/p>\n<\/div>\n<p>&nbsp;<\/p>\n<p>Tag\uff1a<a href=\"\/it\/magnetic-flow-meter\/tig-gas-flow-meter\/\">misuratore di portata del gas tig<\/a>,<a href=\"\/it\/magnetic-flow-meter\/inline-gas-flow-meter\/\">misuratore di portata di gas in linea<\/a>,<a href=\"\/it\/magnetic-flow-meter\/flow-meter-for-irrigation-system\/\">misuratore di portata per impianti di irrigazione<\/a>,<a href=\"\/it\/magnetic-flow-meter\/flow-meter-water-hose\/\">misuratore di portata tubo dell'acqua<\/a>,<a href=\"\/it\/magnetic-flow-meter\/waste-water-flow-meter\/\">misuratore di portata delle acque reflue<\/a><\/p>\n<p>&nbsp;<\/p>","protected":false},"excerpt":{"rendered":"<p><strong>Dati tecnici<\/strong><br \/>\nPu\u00f2 servire fluidi liquidi o gassosi; di solito viene utilizzato per misurare il flusso di vapore, aria e gas naturale.<br \/>\nDimensioni del contatore: Tipo in linea: DN25 - DN300<br \/>\nOpzione materiale bagnato: SS304, SS316<br \/>\nTemperatura di funzionamento: \u2264250\u2103<br \/>\nConnessione al processo: Wafer \/ Flangia \/ Tri-clamp per il tipo in linea<br \/>\nPrecisione di misura: 1,0 % - 1,5% del campo di calibrazione<br \/>\nIndicatore digitale: visualizzazione del flusso istantaneo, del flusso totale<br \/>\nAlimentazione: 24VDC, Uscita: 4-20mA<\/p>\n<p><strong>caratteristiche<\/strong><br \/>\n1.Punti di attivazione\/disattivazione regolabili<br \/>\n2. Modalit\u00e0 di allarme flusso Hi o Lo<br \/>\n3. Ritardo regolabile<br \/>\n4.LED di stato del rel\u00e8<\/p>","protected":false},"featured_media":3691,"comment_status":"closed","ping_status":"closed","template":"","meta":[],"product_cat":[2372],"product_tag":[],"acf":[],"_links":{"self":[{"href":"https:\/\/www.hginstrument.com\/it\/wp-json\/wp\/v2\/product\/4940"}],"collection":[{"href":"https:\/\/www.hginstrument.com\/it\/wp-json\/wp\/v2\/product"}],"about":[{"href":"https:\/\/www.hginstrument.com\/it\/wp-json\/wp\/v2\/types\/product"}],"replies":[{"embeddable":true,"href":"https:\/\/www.hginstrument.com\/it\/wp-json\/wp\/v2\/comments?post=4940"}],"wp:featuredmedia":[{"embeddable":true,"href":"https:\/\/www.hginstrument.com\/it\/wp-json\/wp\/v2\/media\/3691"}],"wp:attachment":[{"href":"https:\/\/www.hginstrument.com\/it\/wp-json\/wp\/v2\/media?parent=4940"}],"wp:term":[{"taxonomy":"product_cat","embeddable":true,"href":"https:\/\/www.hginstrument.com\/it\/wp-json\/wp\/v2\/product_cat?post=4940"},{"taxonomy":"product_tag","embeddable":true,"href":"https:\/\/www.hginstrument.com\/it\/wp-json\/wp\/v2\/product_tag?post=4940"}],"curies":[{"name":"wp","href":"https:\/\/api.w.org\/{rel}","templated":true}]}}