{"id":4950,"date":"2023-12-23T12:43:46","date_gmt":"2023-12-23T04:43:46","guid":{"rendered":"https:\/\/www.hginstrument.com\/?post_type=product&#038;p=4950"},"modified":"2024-01-10T09:20:20","modified_gmt":"2024-01-10T01:20:20","slug":"apex-flow-meter","status":"publish","type":"product","link":"https:\/\/www.hginstrument.com\/it\/magnetic-flow-meter\/apex-flow-meter\/","title":{"rendered":"apex flow meter"},"content":{"rendered":"<p>This cutting-edge product combines accuracy, durability, and efficiency to provide the ultimate solution for all your apex flow metering needs. Designed with advanced features and state-of-the-art materials, apex flow meter guarantees precise and reliable flow measurements for a wide range of liquids. Its intuitive interface and compact design make it user-friendly and easy to install in any industrial or commercial setting.<\/p>\n<p>One of the key features of apex flow meter is its ability to accurately measure the flow rate of various fluids, including liquids, gases, and steam. This is made possible by its unique differential pressure flow measurement method, which ensures minimal pressure loss and high measurement accuracy. Moreover, the instrument is capable of measuring flow rates over a wide range, making it suitable for both low and high flow applications.<\/p>\n<p>Another advantage of using apex flow meter is its low maintenance requirements. The instrument is designed to be resistant to harsh environments and can operate continuously without the need for frequent cleaning and calibration. This not only reduces downtime but also helps in cost-saving for industries that require constant flow monitoring.<\/p>\n<table class=\"table table-bordered\">\n<tbody>\n<tr>\n<td><span style=\"vertical-align: inherit;\"><span style=\"vertical-align: inherit;\">Tipo: il tipo<\/span><\/span><\/td>\n<td><span style=\"vertical-align: inherit;\">apex flow meter<\/span><\/td>\n<td><span style=\"vertical-align: inherit;\"><span style=\"vertical-align: inherit;\">Segnale d'uscita: segnale d'uscita<\/span><\/span><\/td>\n<td><span style=\"vertical-align: inherit;\"><span style=\"vertical-align: inherit;\">4-20 mA, impulsi\/frequenza 2kHz (default), 5KHz (max)<\/span><\/span><\/td>\n<\/tr>\n<tr>\n<td><span style=\"vertical-align: inherit;\"><span style=\"vertical-align: inherit;\">Luogo di origine: il luogo di origine<\/span><\/span><\/td>\n<td><span style=\"vertical-align: inherit;\"><span style=\"vertical-align: inherit;\">Jiangsu, Cina<\/span><\/span><\/td>\n<td><span style=\"vertical-align: inherit;\"><span style=\"vertical-align: inherit;\">Incorporare il tipo: il tipo<\/span><\/span><\/td>\n<td><span style=\"vertical-align: inherit;\"><span style=\"vertical-align: inherit;\">-10\u2103- +57\u2103<\/span><\/span><\/td>\n<\/tr>\n<tr>\n<td><span style=\"vertical-align: inherit;\"><span style=\"vertical-align: inherit;\">Garanzia: garanzia<\/span><\/span><\/td>\n<td><span style=\"vertical-align: inherit;\"><span style=\"vertical-align: inherit;\">16 mesi<\/span><\/span><\/td>\n<td><span style=\"vertical-align: inherit;\"><span style=\"vertical-align: inherit;\">Tensione di alimentazione: tensione di alimentazione<\/span><\/span><\/td>\n<td><span style=\"vertical-align: inherit;\"><span style=\"vertical-align: inherit;\">110\/220VAC (100-240VAC), 50Hz\/60Hz; 24VDC\u00b110%<\/span><\/span><\/td>\n<\/tr>\n<tr>\n<td><span style=\"vertical-align: inherit;\"><span style=\"vertical-align: inherit;\">Supporto personalizzato\uff1aSupporto personalizzato<\/span><\/span><\/td>\n<td><span style=\"vertical-align: inherit;\"><span style=\"vertical-align: inherit;\">OEM, ODM, OBM<\/span><\/span><\/td>\n<td><span style=\"vertical-align: inherit;\"><span style=\"vertical-align: inherit;\">Comunicazione digitale: comunicazione digitale<\/span><\/span><\/td>\n<td><span style=\"vertical-align: inherit;\"><span style=\"vertical-align: inherit;\">RS-485, supporto del protocollo standard Mudbugs-RTU; GPRS<\/span><\/span><\/td>\n<\/tr>\n<tr>\n<td><span style=\"vertical-align: inherit;\"><span style=\"vertical-align: inherit;\">Nome della marca: Nome della marca: Nome della marca: Nome della marca: Nome della marca: Nome della marca<\/span><\/span><\/td>\n<td><span style=\"vertical-align: inherit;\"><span style=\"vertical-align: inherit;\">GRUPPO SUYI<\/span><\/span><\/td>\n<td><span style=\"vertical-align: inherit;\"><span style=\"vertical-align: inherit;\">Pressione nominale: pressione nominale<\/span><\/span><\/td>\n<td><span style=\"vertical-align: inherit;\"><span style=\"vertical-align: inherit;\">1MPa (DN15-DN800), 1,6MPa (DN15-DN800), 2,5MPa (DN15-DN600)<\/span><\/span><\/td>\n<\/tr>\n<tr>\n<td><span style=\"vertical-align: inherit;\"><span style=\"vertical-align: inherit;\">Numero di modello: Numero di modello: Numero di modello: Numero di modello: Numero di modello: Numero di modello<\/span><\/span><\/td>\n<td><span style=\"vertical-align: inherit;\"><span style=\"vertical-align: inherit;\">altro<\/span><\/span><\/td>\n<td><span style=\"vertical-align: inherit;\"><span style=\"vertical-align: inherit;\">Sensore: sensore<\/span><\/span><\/td>\n<td><span style=\"vertical-align: inherit;\"><span style=\"vertical-align: inherit;\">0\u2103- +80\u2103 o -25\u2103- +120\u2103 o +70\u2103- +250\u2103<\/span><\/span><\/td>\n<\/tr>\n<tr>\n<td><span style=\"vertical-align: inherit;\"><span style=\"vertical-align: inherit;\">Nome del prodotto: Nome del prodotto: Nome del prodotto: Nome del prodotto: Nome del prodotto: Nome del prodotto<\/span><\/span><\/td>\n<td><span style=\"vertical-align: inherit;\"><span style=\"vertical-align: inherit;\">Misuratore di portata dell'acqua chimica digitale intelligente elettromagnetico<\/span><\/span><\/td>\n<td><span style=\"vertical-align: inherit;\"><span style=\"vertical-align: inherit;\">Dettagli dell'imballaggio:<\/span><\/span><\/td>\n<td><span style=\"vertical-align: inherit;\"><span style=\"vertical-align: inherit;\">1 set per confezione o come richiesto dal cliente<\/span><\/span><\/td>\n<\/tr>\n<tr>\n<td><span style=\"vertical-align: inherit;\"><span style=\"vertical-align: inherit;\">Diametro nominale: diametro nominale<\/span><\/span><\/td>\n<td><span style=\"vertical-align: inherit;\"><span style=\"vertical-align: inherit;\">3-2787mm<\/span><\/span><\/td>\n<td><span style=\"vertical-align: inherit;\"><span style=\"vertical-align: inherit;\">Capacit\u00e0 di approvvigionamento<\/span><\/span><\/td>\n<td><span style=\"vertical-align: inherit;\"><span style=\"vertical-align: inherit;\">1561 Set\/Sets per Month<\/span><\/span><\/td>\n<\/tr>\n<tr>\n<td><span style=\"vertical-align: inherit;\"><span style=\"vertical-align: inherit;\">gamma di velocit\u00e0: il campo di velocit\u00e0<\/span><\/span><\/td>\n<td><span style=\"vertical-align: inherit;\"><span style=\"vertical-align: inherit;\">0-8m\/s<\/span><\/span><\/td>\n<td><span style=\"vertical-align: inherit;\"><span style=\"vertical-align: inherit;\">Quantit\u00e0 (set)<\/span><\/span><\/td>\n<td><span style=\"vertical-align: inherit;\"><span style=\"vertical-align: inherit;\">&gt; 30<\/span><\/span><\/td>\n<\/tr>\n<tr>\n<td><span style=\"vertical-align: inherit;\"><span style=\"vertical-align: inherit;\">Grado di accuratezza: il grado di accuratezza<\/span><\/span><\/td>\n<td><span style=\"vertical-align: inherit;\"><span style=\"vertical-align: inherit;\">\u00b10,5%R, \u00b11%R ( &lt; DN20)<\/span><\/span><\/td>\n<td><span style=\"vertical-align: inherit;\"><span style=\"vertical-align: inherit;\">Tempi di consegna (giorni)<\/span><\/span><\/td>\n<td><span style=\"vertical-align: inherit;\"><span style=\"vertical-align: inherit;\">Da negoziare<\/span><\/span><\/td>\n<\/tr>\n<\/tbody>\n<\/table>\n<p>&nbsp;<\/p>\n<p>&nbsp;<\/p>\n<p style=\"text-align: center;\"><img title=\"apex flow meter\" src=\"https:\/\/www.hginstrument.com\/wp-content\/uploads\/2021\/07\/in-line-pipeline-type-hgd-electromagnetic-flow-meter.jpg\" \/><\/p>\n<p>&nbsp;<\/p>\n<p>&nbsp;<\/p>\n<p style=\"text-align: center;\"><img title=\"apex flow meter\" src=\"https:\/\/www.hginstrument.com\/wp-content\/uploads\/2021\/07\/insertion-01.jpg\" \/><\/p>\n<p>&nbsp;<\/p>\n<p>&nbsp;<\/p>\n<p style=\"text-align: center;\"><img title=\"apex flow meter\" src=\"https:\/\/www.hginstrument.com\/wp-content\/uploads\/2021\/07\/sanitary-mag-1.jpg\" \/><\/p>\n<p><strong>apex flow meter FAQs Guide.<\/strong><\/p>\n<p>At the heart of our apex flow meter series lies a commitment to excellence, blending advanced sensor technology with user-friendly interfaces. From liquid to gas, our meters deliver unparalleled accuracy, empowering you to make informed decisions and streamline operations. As we usher in a new era of fluid measurement, we invite you to explore the limitless possibilities that our apex flow meters unlock \u2013 where precision meets performance, and innovation flows seamlessly.<\/p>\n<div style=\"border: 3px solid #f89900; margin: 20px 0; padding: 20px;\"><a href=\"\/it\/apex-flow-meter\/#01\">1.Does the apex flow meter have an automatic alarm function?<\/a><br \/>\n<a href=\"\/it\/apex-flow-meter\/#02\">2.Does the explosion-proof performance of apex flow meter meet relevant standards?<\/a><br \/>\n<a href=\"\/it\/apex-flow-meter\/#03\">3.Is the apex flow meter waterproof?<\/a><br \/>\n<a href=\"\/it\/apex-flow-meter\/#04\">4.How does the apex flow meter connect with other devices and transmit data?<\/a><br \/>\n<a href=\"\/it\/apex-flow-meter\/#05\">5.Does apex flow meter have real-time monitoring function?<\/a><br \/>\n<a href=\"\/it\/apex-flow-meter\/#06\">6.About the development history of apex flow meter factory<\/a><br \/>\n<a href=\"\/it\/apex-flow-meter\/#07\">7.About apex flow meter payment method<\/a><br \/>\n<a href=\"\/it\/apex-flow-meter\/#08\">8.About apex flow meter R&amp;D capabilities<\/a><br \/>\n<a href=\"\/it\/apex-flow-meter\/#09\">9.About apex flow meter production capacity<\/a><br \/>\n<a href=\"\/it\/apex-flow-meter\/#010\">10.What fluids are apex flow meters mainly used for measuring?<\/a><br \/>\n<a href=\"\/it\/apex-flow-meter\/#11\">11.What are the common types of apex flow meters?<\/a><br \/>\n<a href=\"\/it\/apex-flow-meter\/#12\">12.Does the apex flow meter have multi-language display capabilities?<\/a><br \/>\n<a href=\"\/it\/apex-flow-meter\/#13\">13.Does the apex flow meter have data storage capabilities?<\/a><br \/>\n<a href=\"\/it\/apex-flow-meter\/#14\">14.About apex flow meter technology<\/a><br \/>\n<a href=\"\/it\/apex-flow-meter\/#15\">15.What is the main principle of apex flow meter?<\/a><br \/>\n<a href=\"\/it\/apex-flow-meter\/#16\">16.What are the maintenance methods for apex flow meter?<\/a><\/div>\n<div id=\"01\">\n<p><strong>1.Does the apex flow meter have an automatic alarm function?<\/strong><\/p>\n<p>Aderiamo al principio della qualit\u00e0 prima di tutto e disponiamo di un sistema completo di gestione della qualit\u00e0 della produzione e di un processo di ispezione della qualit\u00e0.<br \/>\nMolti misuratori di portata dispongono di una funzione di allarme automatico, ma ci\u00f2 dipende dal modello specifico. \u00c8 meglio controllare le specifiche del prodotto per determinare se il misuratore di portata che si sta considerando \u00e8 dotato di questa funzione.<\/p>\n<\/div>\n<div id=\"02\">\n<p><strong>2.Does the explosion-proof performance of apex flow meter meet relevant standards?<\/strong><\/p>\n<p>S\u00ec, le prestazioni antideflagranti del flussimetro soddisfano gli standard pertinenti. Il misuratore di portata deve essere certificato da un organismo di certificazione riconosciuto per garantire che soddisfi i requisiti degli standard pertinenti.<\/p>\n<p><img style=\"max-width: 100%;\" title=\"Does the explosion-proof performance of apex flow meter meet relevant standards?\" src=\"https:\/\/www.hginstrument.com\/wp-content\/uploads\/2021\/07\/v-cone-5.jpg\" alt=\"Does the explosion-proof performance of apex flow meter meet relevant standards?\" \/><\/p>\n<\/div>\n<div id=\"03\">\n<p><strong>3.Is the apex flow meter waterproof?<\/strong><\/p>\n<p>Ci concentriamo sulle esigenze dei nostri clienti e ci sforziamo di soddisfare le loro aspettative, quindi prendiamo molto sul serio questo aspetto.<br \/>\nNo, la maggior parte dei misuratori di portata non \u00e8 impermeabile. Tuttavia, alcuni modelli possono essere progettati per essere resistenti all'acqua o impermeabili. \u00c8 importante verificare le specifiche del misuratore di portata per determinare se \u00e8 adatto all'uso in ambienti umidi o bagnati.<\/p>\n<\/div>\n<div id=\"04\">\n<p><strong>4.How does the apex flow meter connect with other devices and transmit data?<\/strong><\/p>\n<p>apex flow meter is not a product only, but also can help you comes to money-making.<br \/>\nI misuratori di portata possono collegarsi ad altri dispositivi e trasmettere dati attraverso una serie di metodi, tra cui connessioni cablate, connessioni wireless e protocolli di comunicazione seriale. Le connessioni cablate possono includere RS-232, RS-485 e USB. Le connessioni wireless possono includere Bluetooth, Wi-Fi e reti cellulari. I protocolli di comunicazione seriale possono includere Modbus, HART e Profibus.<\/p>\n<p><img style=\"max-width: 100%;\" title=\"How does the apex flow meter connect with other devices and transmit data?\" src=\"https:\/\/www.hginstrument.com\/wp-content\/uploads\/2021\/07\/dsrt-1.jpg\" alt=\"How does the apex flow meter connect with other devices and transmit data?\" \/><\/p>\n<\/div>\n<div id=\"05\">\n<p><strong>5.Does apex flow meter have real-time monitoring function?<\/strong><\/p>\n<p>S\u00ec, alcuni misuratori di portata hanno funzioni di monitoraggio in tempo reale. Questi misuratori sono in genere dotati di sensori che misurano la portata e trasmettono i dati a un sistema di monitoraggio. Ci\u00f2 consente di monitorare in tempo reale la portata e altri parametri.<\/p>\n<\/div>\n<div id=\"06\">\n<p><strong>6.About the development history of apex flow meter factory<\/strong><\/p>\n<p>La fabbrica di misuratori di portata \u00e8 stata fondata all'inizio degli anni Novanta. \u00c8 stata fondata da un gruppo di ingegneri e tecnici con una vasta esperienza nella progettazione e nella produzione di misuratori di portata. Inizialmente l'azienda si \u00e8 concentrata sulla produzione di misuratori di portata meccanici, ma ben presto ha ampliato la propria gamma di prodotti includendo anche misuratori di portata elettronici. Nel corso degli anni, l'azienda ha sviluppato un'ampia gamma di misuratori di portata per diverse applicazioni, tra cui quelle industriali, commerciali e residenziali. L'azienda ha inoltre sviluppato una serie di soluzioni software e hardware per la misurazione e il controllo del flusso. Oggi l'azienda \u00e8 uno dei principali produttori di misuratori di portata e prodotti correlati ed \u00e8 riconosciuta come leader del settore.<\/p>\n<p><img style=\"max-width: 100%;\" title=\"About the development history of apex flow meter factory\" src=\"https:\/\/www.hginstrument.com\/wp-content\/uploads\/2021\/07\/hgdu600-p-1.jpg\" alt=\"About the development history of apex flow meter factory\" \/><\/p>\n<\/div>\n<div id=\"07\">\n<p><strong>7.About apex flow meter payment method<\/strong><\/p>\n<p>Il pagamento tramite contatore di flusso \u00e8 un metodo di pagamento che utilizza un contatore di flusso per misurare la quantit\u00e0 di energia utilizzata da un cliente. Il cliente paga l'energia utilizzata in base alla quantit\u00e0 di energia misurata dal contatore. Questo metodo di pagamento \u00e8 spesso utilizzato in ambienti commerciali e industriali, dove il consumo di energia \u00e8 elevato e deve essere monitorato con precisione. Il pagamento tramite contatore di flusso \u00e8 utilizzato anche in alcuni contesti residenziali, dove i clienti possono pagare per il loro utilizzo di energia in base alla quantit\u00e0 di energia che utilizzano.<\/p>\n<\/div>\n<div id=\"08\">\n<p><strong>8.About apex flow meter R&amp;D capabilities<\/strong><\/p>\n<p>Le capacit\u00e0 di R&amp;S dei misuratori di portata si riferiscono alla capacit\u00e0 di un'azienda o di un'organizzazione di ricercare, sviluppare e produrre misuratori di portata. Ci\u00f2 include la capacit\u00e0 di progettare, testare e produrre misuratori di portata che soddisfino i requisiti dei clienti e gli standard del settore. Include anche la capacit\u00e0 di sviluppare nuove tecnologie e prodotti per soddisfare le mutevoli esigenze del settore. Le aziende con una forte capacit\u00e0 di ricerca e sviluppo sono in grado di essere all'avanguardia rispetto alla concorrenza e di fornire ai clienti i misuratori di portata pi\u00f9 avanzati e affidabili.<\/p>\n<p><img style=\"max-width: 100%;\" title=\"About apex flow meter R&amp;D capabilities\" src=\"https:\/\/www.hginstrument.com\/wp-content\/uploads\/2021\/10\/w803e-f3.jpg\" alt=\"About apex flow meter R&amp;D capabilities\" \/><\/p>\n<\/div>\n<div id=\"09\">\n<p><strong>9.About apex flow meter production capacity<\/strong><\/p>\n<p>La capacit\u00e0 produttiva dei misuratori di portata dipende dal tipo di misuratore prodotto. In genere, la capacit\u00e0 produttiva \u00e8 determinata dalle dimensioni dell'impianto di produzione, dal numero di macchine e di personale disponibili e dal tipo di misuratore di portata prodotto. Ad esempio, un impianto di produzione specializzato nella produzione di misuratori di portata a turbina pu\u00f2 avere una capacit\u00e0 produttiva superiore rispetto a un impianto che produce misuratori di portata a ultrasuoni. Inoltre, la capacit\u00e0 produttiva di un impianto pu\u00f2 essere influenzata dalla complessit\u00e0 del misuratore di portata prodotto e dalla disponibilit\u00e0 di materie prime e componenti.<\/p>\n<\/div>\n<div id=\"010\">\n<p><strong>10.What fluids are apex flow meters mainly used for measuring?<\/strong><\/p>\n<p>Ci concentriamo sul lavoro di squadra e sulla comunicazione per raggiungere obiettivi comuni, attribuendo grande importanza a questo dettaglio.<br \/>\nI misuratori di portata sono utilizzati principalmente per misurare il flusso di liquidi, gas e vapore.<\/p>\n<p><img style=\"max-width: 100%;\" title=\"What fluids are apex flow meters mainly used for measuring?\" src=\"https:\/\/www.hginstrument.com\/wp-content\/uploads\/2021\/07\/hgvf-1.jpg\" alt=\"What fluids are apex flow meters mainly used for measuring?\" \/><\/p>\n<\/div>\n<div id=\"11\">\n<p><strong>11.What are the common types of apex flow meters?<\/strong><\/p>\n<p>Our mission is to provide customers with the best solutions for apex flow meter.<br \/>\n1. Misuratori di portata a pressione differenziale<br \/>\n2. Misuratori di portata a spostamento positivo<br \/>\n3. Misuratori di portata a turbina<br \/>\n4. Misuratori di portata magnetici<br \/>\n5. Misuratori di portata a ultrasuoni<br \/>\n6. Misuratori di portata Coriolis<br \/>\n7. Misuratori di portata a vortice<br \/>\n8. Misuratori di portata target<br \/>\n9. Misuratori di portata ad area variabile<br \/>\n10. Misuratori di portata massica<\/p>\n<\/div>\n<div id=\"12\">\n<p><strong>12.Does the apex flow meter have multi-language display capabilities?<\/strong><\/p>\n<p>As one of the top apex flow meter manufacturers in China, we take this very seriously.<br \/>\nS\u00ec, alcuni misuratori di portata sono dotati di funzionalit\u00e0 di visualizzazione multilingue. Tuttavia, questa funzione non \u00e8 disponibile su tutti i modelli. \u00c8 meglio verificare con il produttore se il modello specifico a cui si \u00e8 interessati \u00e8 dotato di questa funzione.<\/p>\n<p><img style=\"max-width: 100%;\" title=\"Does the apex flow meter have multi-language display capabilities?\" src=\"https:\/\/www.hginstrument.com\/wp-content\/uploads\/2021\/07\/hls-2000h-m2.jpg\" alt=\"Does the apex flow meter have multi-language display capabilities?\" \/><\/p>\n<\/div>\n<div id=\"13\">\n<p><strong>13.Does the apex flow meter have data storage capabilities?<\/strong><\/p>\n<p>Ci concentriamo sull'innovazione e sul miglioramento continuo per mantenere un vantaggio competitivo.<br \/>\nDipende dal tipo di misuratore di portata. Alcuni misuratori di portata hanno capacit\u00e0 di memorizzazione dei dati, mentre altri non ne hanno.<\/p>\n<\/div>\n<div id=\"14\">\n<p><strong>14.About apex flow meter technology<\/strong><\/p>\n<p>La tecnologia dei misuratori di portata \u00e8 un tipo di tecnologia di misura utilizzata per misurare la velocit\u00e0 di flusso di un fluido o di un gas. Viene utilizzata in diversi settori, tra cui quello petrolifero e del gas, dell'acqua e delle acque reflue e del trattamento chimico. I flussimetri misurano la portata di un fluido o di un gas misurando la pressione, la velocit\u00e0 o altre propriet\u00e0 fisiche del fluido o del gas. I flussimetri possono essere utilizzati per misurare la portata di liquidi, gas e vapore. Vengono utilizzati per misurare la portata di una variet\u00e0 di fluidi, tra cui acqua, olio e sostanze chimiche. I misuratori di portata sono utilizzati in diverse applicazioni, tra cui il controllo dei processi, la gestione dell'energia e il monitoraggio della sicurezza.<\/p>\n<p><img style=\"max-width: 100%;\" title=\"About apex flow meter technology\" src=\"https:\/\/www.hginstrument.com\/wp-content\/uploads\/2021\/07\/hguoc-1.jpg\" alt=\"About apex flow meter technology\" \/><\/p>\n<\/div>\n<div id=\"15\">\n<p><strong>15.What is the main principle of apex flow meter?<\/strong><\/p>\n<p>Our apex flow meter products undergo strict quality control to ensure customer satisfaction.<br \/>\nIl principio principale di un misuratore di portata \u00e8 quello di misurare la velocit\u00e0 di flusso di un fluido o di un gas attraverso un tubo o un altro contenitore. Ci\u00f2 avviene tipicamente misurando la caduta di pressione attraverso una restrizione nota nel tubo, oppure misurando la velocit\u00e0 del fluido o del gas mentre passa attraverso il tubo.<\/p>\n<\/div>\n<div id=\"16\">\n<p><strong>16.What are the maintenance methods for apex flow meter?<\/strong><\/p>\n<p>Ci concentriamo sull'innovazione e sul miglioramento continuo per mantenere un vantaggio competitivo.<br \/>\n1. Controllare regolarmente che il flussometro non presenti segni di usura o danni.<\/p>\n<p>2. Pulire regolarmente il flussometro per garantire letture accurate.<\/p>\n<p>3. Controllare l'accuratezza del flussometro eseguendo i test di calibrazione.<\/p>\n<p>4. Sostituire al pi\u00f9 presto le parti usurate o danneggiate.<\/p>\n<p>5. Assicurarsi che il flussometro sia installato e collegato correttamente al sistema.<\/p>\n<p>6. Controllare che il flussometro non presenti segni di corrosione o ostruzioni.<\/p>\n<p>7. Assicurarsi che il flussometro sia correttamente sigillato per evitare perdite.<\/p>\n<p>8. Controllare regolarmente che il flussometro non presenti segni di vibrazioni o rumori.<\/p>\n<p>9. Assicurarsi che il flussometro sia calibrato e regolato correttamente.<\/p>\n<p>10. Controllare regolarmente che il flussometro non presenti segni di perdita o di intasamento.<\/p>\n<p><img style=\"max-width: 100%;\" title=\"What are the maintenance methods for apex flow meter?\" src=\"https:\/\/www.hginstrument.com\/wp-content\/uploads\/2021\/07\/sanitary-mag-1.jpg\" alt=\"What are the maintenance methods for apex flow meter?\" \/><\/p>\n<\/div>\n<p>&nbsp;<\/p>\n<p>Tag\uff1a<a href=\"\/it\/magnetic-flow-meter\/elster-flow-meter\/\">misuratore di portata elster<\/a>,<a href=\"\/it\/magnetic-flow-meter\/dura-mag-flow-meter\/\">dura mag flow meter<\/a>,<a href=\"\/it\/magnetic-flow-meter\/air-flow-meter-cfm\/\">misuratore di portata d'aria cfm<\/a>,<a href=\"\/it\/magnetic-flow-meter\/inline-flow-meter-for-water\/\">misuratore di portata in linea per acqua<\/a>,<a href=\"\/it\/magnetic-flow-meter\/glycol-flow-meter\/\">misuratore di portata del glicole<\/a><\/p>\n<p>&nbsp;<\/p>","protected":false},"excerpt":{"rendered":"<p><strong>Dati tecnici<\/strong><br \/>\nPu\u00f2 servire fluidi liquidi o gassosi; di solito viene utilizzato per misurare il flusso di vapore, aria e gas naturale.<br \/>\nDimensioni del contatore: Tipo in linea: DN25 - DN300<br \/>\nOpzione materiale bagnato: SS304, SS316<br \/>\nTemperatura di funzionamento: \u2264250\u2103<br \/>\nConnessione al processo: Wafer \/ Flangia \/ Tri-clamp per il tipo in linea<br \/>\nPrecisione di misura: 1,0 % - 1,5% del campo di calibrazione<br \/>\nIndicatore digitale: visualizzazione del flusso istantaneo, del flusso totale<br \/>\nAlimentazione: 24VDC, Uscita: 4-20mA<\/p>\n<p><strong>caratteristiche<\/strong><br \/>\n1.Punti di attivazione\/disattivazione regolabili<br \/>\n2. Modalit\u00e0 di allarme flusso Hi o Lo<br \/>\n3. Ritardo regolabile<br \/>\n4.LED di stato del rel\u00e8<\/p>","protected":false},"featured_media":3691,"comment_status":"closed","ping_status":"closed","template":"","meta":[],"product_cat":[2372],"product_tag":[],"acf":[],"_links":{"self":[{"href":"https:\/\/www.hginstrument.com\/it\/wp-json\/wp\/v2\/product\/4950"}],"collection":[{"href":"https:\/\/www.hginstrument.com\/it\/wp-json\/wp\/v2\/product"}],"about":[{"href":"https:\/\/www.hginstrument.com\/it\/wp-json\/wp\/v2\/types\/product"}],"replies":[{"embeddable":true,"href":"https:\/\/www.hginstrument.com\/it\/wp-json\/wp\/v2\/comments?post=4950"}],"wp:featuredmedia":[{"embeddable":true,"href":"https:\/\/www.hginstrument.com\/it\/wp-json\/wp\/v2\/media\/3691"}],"wp:attachment":[{"href":"https:\/\/www.hginstrument.com\/it\/wp-json\/wp\/v2\/media?parent=4950"}],"wp:term":[{"taxonomy":"product_cat","embeddable":true,"href":"https:\/\/www.hginstrument.com\/it\/wp-json\/wp\/v2\/product_cat?post=4950"},{"taxonomy":"product_tag","embeddable":true,"href":"https:\/\/www.hginstrument.com\/it\/wp-json\/wp\/v2\/product_tag?post=4950"}],"curies":[{"name":"wp","href":"https:\/\/api.w.org\/{rel}","templated":true}]}}