{"id":4954,"date":"2023-12-23T12:52:20","date_gmt":"2023-12-23T04:52:20","guid":{"rendered":"https:\/\/www.hginstrument.com\/?post_type=product&#038;p=4954"},"modified":"2023-12-23T12:54:28","modified_gmt":"2023-12-23T04:54:28","slug":"area-velocity-flow-meter","status":"publish","type":"product","link":"https:\/\/www.hginstrument.com\/it\/magnetic-flow-meter\/area-velocity-flow-meter\/","title":{"rendered":"area velocity flow meter"},"content":{"rendered":"<p>This cutting-edge product combines accuracy, durability, and efficiency to provide the ultimate solution for all your area velocity flow metering needs. Designed with advanced features and state-of-the-art materials, area velocity flow meter guarantees precise and reliable flow measurements for a wide range of liquids. Its intuitive interface and compact design make it user-friendly and easy to install in any industrial or commercial setting. <\/p>\n<p>area velocity flow meter is equipped with high-precision sensors capable of capturing the smallest fluctuations in traffic. Its high accuracy and repeatability make it ideal for use in industries such as oil and gas, chemicals, food and beverage, water treatment, Marine applications and more.<\/p>\n<p>The area velocity flow meter is highly versatile and can be configured to measure a wide range of fluid types and flow rates. It also offers various output options, including analog, digital, and pulse, making it compatible with a variety of control systems and devices.<\/p>\n<p>&nbsp;<\/p>\n<table class=\"table table-bordered\">\n<tbody>\n<tr>\n<td><span style=\"vertical-align: inherit;\"><span style=\"vertical-align: inherit;\">Tipo: il tipo<\/span><\/span><\/td>\n<td><span style=\"vertical-align: inherit;\">area velocity flow meter<\/span><\/td>\n<td><span style=\"vertical-align: inherit;\"><span style=\"vertical-align: inherit;\">Segnale d'uscita: segnale d'uscita<\/span><\/span><\/td>\n<td><span style=\"vertical-align: inherit;\"><span style=\"vertical-align: inherit;\">4-26mA, impulso\/frequenza 2kHz (default), 5KHz (max)<\/span><\/span><\/td>\n<\/tr>\n<tr>\n<td><span style=\"vertical-align: inherit;\"><span style=\"vertical-align: inherit;\">Luogo di origine: il luogo di origine<\/span><\/span><\/td>\n<td><span style=\"vertical-align: inherit;\"><span style=\"vertical-align: inherit;\">Jiangsu, Cina<\/span><\/span><\/td>\n<td><span style=\"vertical-align: inherit;\"><span style=\"vertical-align: inherit;\">Incorporare il tipo: il tipo<\/span><\/span><\/td>\n<td><span style=\"vertical-align: inherit;\"><span style=\"vertical-align: inherit;\">-10\u2103- +53\u2103<\/span><\/span><\/td>\n<\/tr>\n<tr>\n<td><span style=\"vertical-align: inherit;\"><span style=\"vertical-align: inherit;\">Garanzia: garanzia<\/span><\/span><\/td>\n<td><span style=\"vertical-align: inherit;\"><span style=\"vertical-align: inherit;\">25 mesi<\/span><\/span><\/td>\n<td><span style=\"vertical-align: inherit;\"><span style=\"vertical-align: inherit;\">Tensione di alimentazione: tensione di alimentazione<\/span><\/span><\/td>\n<td><span style=\"vertical-align: inherit;\"><span style=\"vertical-align: inherit;\">110\/220VAC (100-240VAC), 50Hz\/60Hz; 24VDC\u00b110%<\/span><\/span><\/td>\n<\/tr>\n<tr>\n<td><span style=\"vertical-align: inherit;\"><span style=\"vertical-align: inherit;\">Supporto personalizzato\uff1aSupporto personalizzato<\/span><\/span><\/td>\n<td><span style=\"vertical-align: inherit;\"><span style=\"vertical-align: inherit;\">OEM, ODM, OBM<\/span><\/span><\/td>\n<td><span style=\"vertical-align: inherit;\"><span style=\"vertical-align: inherit;\">Comunicazione digitale: comunicazione digitale<\/span><\/span><\/td>\n<td><span style=\"vertical-align: inherit;\"><span style=\"vertical-align: inherit;\">RS-485, supporto del protocollo standard Mudbugs-RTU; GPRS<\/span><\/span><\/td>\n<\/tr>\n<tr>\n<td><span style=\"vertical-align: inherit;\"><span style=\"vertical-align: inherit;\">Nome della marca: Nome della marca: Nome della marca: Nome della marca: Nome della marca: Nome della marca<\/span><\/span><\/td>\n<td><span style=\"vertical-align: inherit;\"><span style=\"vertical-align: inherit;\">GRUPPO SUYI<\/span><\/span><\/td>\n<td><span style=\"vertical-align: inherit;\"><span style=\"vertical-align: inherit;\">Pressione nominale: pressione nominale<\/span><\/span><\/td>\n<td><span style=\"vertical-align: inherit;\"><span style=\"vertical-align: inherit;\">1MPa (DN15-DN800), 1,6MPa (DN15-DN800), 2,5MPa (DN15-DN600)<\/span><\/span><\/td>\n<\/tr>\n<tr>\n<td><span style=\"vertical-align: inherit;\"><span style=\"vertical-align: inherit;\">Numero di modello: Numero di modello: Numero di modello: Numero di modello: Numero di modello: Numero di modello<\/span><\/span><\/td>\n<td><span style=\"vertical-align: inherit;\"><span style=\"vertical-align: inherit;\">altro<\/span><\/span><\/td>\n<td><span style=\"vertical-align: inherit;\"><span style=\"vertical-align: inherit;\">Sensore: sensore<\/span><\/span><\/td>\n<td><span style=\"vertical-align: inherit;\"><span style=\"vertical-align: inherit;\">0\u2103- +80\u2103 o -25\u2103- +120\u2103 o +70\u2103- +250\u2103<\/span><\/span><\/td>\n<\/tr>\n<tr>\n<td><span style=\"vertical-align: inherit;\"><span style=\"vertical-align: inherit;\">Nome del prodotto: Nome del prodotto: Nome del prodotto: Nome del prodotto: Nome del prodotto: Nome del prodotto<\/span><\/span><\/td>\n<td><span style=\"vertical-align: inherit;\"><span style=\"vertical-align: inherit;\">Misuratore di portata dell'acqua chimica digitale intelligente elettromagnetico<\/span><\/span><\/td>\n<td><span style=\"vertical-align: inherit;\"><span style=\"vertical-align: inherit;\">Dettagli dell'imballaggio:<\/span><\/span><\/td>\n<td><span style=\"vertical-align: inherit;\"><span style=\"vertical-align: inherit;\">1 set per confezione o come richiesto dal cliente<\/span><\/span><\/td>\n<\/tr>\n<tr>\n<td><span style=\"vertical-align: inherit;\"><span style=\"vertical-align: inherit;\">Diametro nominale: diametro nominale<\/span><\/span><\/td>\n<td><span style=\"vertical-align: inherit;\"><span style=\"vertical-align: inherit;\">3-3142mm<\/span><\/span><\/td>\n<td><span style=\"vertical-align: inherit;\"><span style=\"vertical-align: inherit;\">Capacit\u00e0 di approvvigionamento<\/span><\/span><\/td>\n<td><span style=\"vertical-align: inherit;\"><span style=\"vertical-align: inherit;\">1611 Set\/Sets per Month<\/span><\/span><\/td>\n<\/tr>\n<tr>\n<td><span style=\"vertical-align: inherit;\"><span style=\"vertical-align: inherit;\">gamma di velocit\u00e0: il campo di velocit\u00e0<\/span><\/span><\/td>\n<td><span style=\"vertical-align: inherit;\"><span style=\"vertical-align: inherit;\">0-11m\/s<\/span><\/span><\/td>\n<td><span style=\"vertical-align: inherit;\"><span style=\"vertical-align: inherit;\">Quantit\u00e0 (set)<\/span><\/span><\/td>\n<td><span style=\"vertical-align: inherit;\"><span style=\"vertical-align: inherit;\">&gt; 30<\/span><\/span><\/td>\n<\/tr>\n<tr>\n<td><span style=\"vertical-align: inherit;\"><span style=\"vertical-align: inherit;\">Grado di accuratezza: il grado di accuratezza<\/span><\/span><\/td>\n<td><span style=\"vertical-align: inherit;\"><span style=\"vertical-align: inherit;\">\u00b10,5%R, \u00b11%R ( &lt; DN20)<\/span><\/span><\/td>\n<td><span style=\"vertical-align: inherit;\"><span style=\"vertical-align: inherit;\">Tempi di consegna (giorni)<\/span><\/span><\/td>\n<td><span style=\"vertical-align: inherit;\"><span style=\"vertical-align: inherit;\">Da negoziare<\/span><\/span><\/td>\n<\/tr>\n<\/tbody>\n<\/table>\n<p>&nbsp;<\/p>\n<p><strong><\/strong><\/p>\n<p style=\"text-align:center;\"><img src=\"https:\/\/www.hginstrument.com\/wp-content\/uploads\/2021\/07\/in-line-pipeline-type-hgd-electromagnetic-flow-meter.jpg\" atl=\"area velocity flow meter\" title=\"area velocity flow meter\"><\/p>\n<p><strong><\/strong><\/p>\n<p style=\"text-align:center;\"><img src=\"https:\/\/www.hginstrument.com\/wp-content\/uploads\/2021\/07\/insertion-01.jpg\" atl=\"area velocity flow meter\" title=\"area velocity flow meter\"><\/p>\n<p><strong><\/strong><\/p>\n<p style=\"text-align:center;\"><img src=\"https:\/\/www.hginstrument.com\/wp-content\/uploads\/2021\/07\/sanitary-mag-1.jpg\" atl=\"area velocity flow meter\" title=\"area velocity flow meter\"><\/p>\n<p><strong>area velocity flow meter FAQs Guide.<\/p>\n<p>At the heart of our area velocity flow meter series lies a commitment to excellence, blending advanced sensor technology with user-friendly interfaces. From liquid to gas, our meters deliver unparalleled accuracy, empowering you to make informed decisions and streamline operations. As we usher in a new era of fluid measurement, we invite you to explore the limitless possibilities that our area velocity flow meters unlock \u2013 where precision meets performance, and innovation flows seamlessly.<\/strong><\/p>\n<div style=\"border:3px solid #f89900;margin:20px 0;padding:20px;\"><a href=\"\/it\/area-velocity-flow-meter\/#01\">1.Does the area velocity flow meter require an external power source?<\/a><br \/><a href=\"\/it\/area-velocity-flow-meter\/#02\">2.What is the difference between area velocity flow meter SUYI group vs area velocity flow meter Emerson vs area velocity flow meter Honeywell<\/a><br \/><a href=\"\/it\/area-velocity-flow-meter\/#03\">3.About area velocity flow meter inventory<\/a><br \/><a href=\"\/it\/area-velocity-flow-meter\/#04\">4.What is the function of area velocity flow meter?<\/a><br \/><a href=\"\/it\/area-velocity-flow-meter\/#05\">5.How does the area velocity flow meter connect with other devices and transmit data?<\/a><br \/><a href=\"\/it\/area-velocity-flow-meter\/#06\">6.About area velocity flow meter production skills training<\/a><br \/><a href=\"\/it\/area-velocity-flow-meter\/#07\">7.How does a area velocity flow meter measure flow?<\/a><br \/><a href=\"\/it\/area-velocity-flow-meter\/#08\">8.What is the measuring range of area velocity flow meter?<\/a><br \/><a href=\"\/it\/area-velocity-flow-meter\/#09\">9.What are the common faults and solutions of area velocity flow meters?<\/a><br \/><a href=\"\/it\/area-velocity-flow-meter\/#010\">10.What is the operating temperature range of the area velocity flow meter?<\/a><br \/><a href=\"\/it\/area-velocity-flow-meter\/#11\">11.How to calibrate a area velocity flow meter?<\/a><br \/><a href=\"\/it\/area-velocity-flow-meter\/#12\">12.Does the area velocity flow meter have an automatic cleaning function?<\/a><br \/><a href=\"\/it\/area-velocity-flow-meter\/#13\">13.About area velocity flow meter MOQ<\/a><br \/><a href=\"\/it\/area-velocity-flow-meter\/#14\">14.About area velocity flow meter overseas warehouse<\/a><br \/><a href=\"\/it\/area-velocity-flow-meter\/#15\">15.About the development history of area velocity flow meter factory<\/a><br \/><a href=\"\/it\/area-velocity-flow-meter\/#16\">16.About area velocity flow meter warranty<\/a><br \/><a href=\"\/it\/area-velocity-flow-meter\/#17\">17.Does area velocity flow meter have real-time monitoring function?<\/a><\/div>\n<div name=\"01\" id=\"01\">\n<p><strong>1.Does the area velocity flow meter require an external power source?<\/strong><\/p>\n<p>Aderiamo al principio della qualit\u00e0 prima di tutto e disponiamo di un sistema completo di gestione della qualit\u00e0 della produzione e di un processo di ispezione della qualit\u00e0.<br \/>\nDipende dal tipo di misuratore di portata. Alcuni misuratori di portata sono alimentati da una fonte di energia esterna, mentre altri sono alimentati dal flusso del liquido o del gas da misurare.<\/p>\n<\/div>\n<div name=\"02\" id=\"02\">\n<p><strong>2.What is the difference between area velocity flow meter SUYI group vs area velocity flow meter Emerson vs area velocity flow meter Honeywell<\/strong><\/p>\n<p>I misuratori di portata di SUYI Group, Emerson e Honeywell misurano tutti il flusso di liquidi e gas, ma differiscono in termini di precisione, caratteristiche e costo. I misuratori di portata di SUYI Group sono in genere i pi\u00f9 convenienti, ma potrebbero non avere la stessa precisione o le stesse funzioni dei modelli pi\u00f9 costosi di Emerson e Honeywell. I misuratori di portata Emerson sono noti per la loro precisione e affidabilit\u00e0, ma possono essere pi\u00f9 costosi di altri marchi. I misuratori di portata Honeywell sono noti per le loro funzioni avanzate e la loro precisione, ma possono essere i pi\u00f9 costosi dei tre.<\/p>\n<\/div>\n<div name=\"03\" id=\"03\">\n<p><strong>3.About area velocity flow meter inventory<\/strong><\/p>\n<p>L'inventario dei misuratori di portata \u00e8 un sistema utilizzato per tracciare e gestire i misuratori di portata utilizzati nelle applicazioni industriali e commerciali. Viene utilizzato per monitorare le prestazioni dei misuratori di portata e per garantire che siano mantenuti e calibrati correttamente. Il sistema di inventario pu\u00f2 anche essere utilizzato per tenere traccia del costo dei misuratori di portata e per identificare eventuali problemi o problemi potenziali con i misuratori di portata.<\/p>\n<\/div>\n<div name=\"04\" id=\"04\">\n<p><strong>4.What is the function of area velocity flow meter?<\/strong><\/p>\n<p>Our company has many years of area velocity flow meter experience and expertise.<br \/>\nUn misuratore di portata \u00e8 un dispositivo utilizzato per misurare la portata o la quantit\u00e0 di un gas o di un liquido che si muove attraverso un tubo. Viene utilizzato per misurare la velocit\u00e0 di flusso di un liquido o di un gas in un condotto chiuso. I misuratori di portata sono utilizzati in diversi settori, tra cui il trattamento delle acque e delle acque reflue, il petrolio e il gas e il trattamento chimico.<\/p>\n<p><img src=\"https:\/\/www.hginstrument.com\/wp-content\/uploads\/2021\/07\/hguoc-1.jpg\" alt=\"What is the function of area velocity flow meter?\" title=\"What is the function of area velocity flow meter?\" style=\"max-width: 100%;\"><\/div>\n<div name=\"05\" id=\"05\">\n<p><strong>5.How does the area velocity flow meter connect with other devices and transmit data?<\/strong><\/p>\n<p>area velocity flow meter is not a product only,  but also can help you comes to money-making.<br \/>\nI misuratori di portata possono collegarsi ad altri dispositivi e trasmettere dati attraverso una serie di metodi, tra cui connessioni cablate, connessioni wireless e protocolli di comunicazione seriale. Le connessioni cablate possono includere RS-232, RS-485 e USB. Le connessioni wireless possono includere Bluetooth, Wi-Fi e reti cellulari. I protocolli di comunicazione seriale possono includere Modbus, HART e Profibus.<\/p>\n<\/div>\n<div name=\"06\" id=\"06\">\n<p><strong>6.About area velocity flow meter production skills training<\/strong><\/p>\n<p>Il corso di formazione sulla produzione di misuratori di portata \u00e8 progettato per insegnare a tecnici e ingegneri le competenze necessarie per la produzione e la manutenzione dei misuratori di portata. La formazione copre argomenti quali i principi della misurazione del flusso, i tipi di misuratori di flusso disponibili, l'installazione e la manutenzione dei misuratori di flusso e le tecniche di risoluzione dei problemi. La formazione comprende anche l'uso del software per analizzare e interpretare i dati di flusso. La formazione si svolge in genere in un'aula e pu\u00f2 includere attivit\u00e0 pratiche.<\/p>\n<\/div>\n<div name=\"07\" id=\"07\">\n<p><strong>7.How does a area velocity flow meter measure flow?<\/strong><\/p>\n<p>We operate our area velocity flow meter business with integrity and honesty.<br \/>\nUn misuratore di portata misura il flusso misurando la velocit\u00e0 di un fluido mentre passa attraverso un tubo o un altro condotto. In genere, ci\u00f2 avviene misurando la caduta di pressione attraverso un'area nota, oppure misurando il tempo impiegato da un volume di fluido per passare attraverso un'area nota. Altri metodi includono l'uso di una turbina, di una ruota a pale o di un trasduttore a ultrasuoni per misurare la velocit\u00e0 del fluido.<\/p>\n<\/div>\n<div name=\"08\" id=\"08\">\n<p><strong>8.What is the measuring range of area velocity flow meter?<\/strong><\/p>\n<p>We continuously upgrade our skills and knowledge to adapt to changing area velocity flow meter market needs.<br \/>\nIl campo di misura di un misuratore di portata dipende dal tipo di misuratore utilizzato. In generale, il campo di misura di un misuratore di portata pu\u00f2 variare da 0,01 a 1000 litri al minuto.<\/p>\n<p><img src=\"https:\/\/www.hginstrument.com\/wp-content\/uploads\/2021\/07\/hls-2000uf-1.jpg\" alt=\"What is the measuring range of area velocity flow meter?\" title=\"What is the measuring range of area velocity flow meter?\" style=\"max-width: 100%;\"><\/div>\n<div name=\"09\" id=\"09\">\n<p><strong>9.What are the common faults and solutions of area velocity flow meters?<\/strong><\/p>\n<p>Manteniamo una certa quantit\u00e0 di investimenti in R&amp;S ogni anno e miglioriamo continuamente l'efficienza operativa per fornire servizi migliori ai nostri clienti cooperativi.<br \/>\nI guasti e le soluzioni pi\u00f9 comuni dei misuratori di portata includono:<\/p>\n<p>1. Bassa precisione: Di solito \u00e8 causata da un'installazione o una calibrazione errata. Per risolvere questo problema, verificare l'installazione e la calibrazione del flussimetro e assicurarsi che siano corrette.<\/p>\n<p>2. Perdite: Di solito \u00e8 causata da una guarnizione usurata o danneggiata. Per risolvere il problema, sostituire la guarnizione con una nuova.<\/p>\n<p>3. Intasamento: Di solito \u00e8 causato da detriti o altre particelle che bloccano il flussometro. Per risolvere il problema, pulire il flussometro e rimuovere eventuali detriti o particelle.<\/p>\n<p>4. Corrosione: Di solito \u00e8 causata dall'esposizione a liquidi o gas corrosivi. Per risolvere il problema, sostituire le parti corrose e utilizzare un materiale resistente alla corrosione per il misuratore di portata.<\/p>\n<\/div>\n<div name=\"010\" id=\"010\">\n<p><strong>10.What is the operating temperature range of the area velocity flow meter?<\/strong><\/p>\n<p>We have established a good reputation and reliable partnerships within the area velocity flow meter industry.<br \/>\nLa temperatura di esercizio del misuratore di portata \u00e8 compresa tra -40\u00b0F e 140\u00b0F (-40\u00b0C e 60\u00b0C).<\/p>\n<\/div>\n<div name=\"11\" id=\"11\">\n<p><strong>11.How to calibrate a area velocity flow meter?<\/strong><\/p>\n<p>Being one of the top area velocity flow meter manufacturers in China, We attach great importance to this detail.<br \/>\n1. Controllare le istruzioni del produttore per il misuratore di portata specifico che si sta utilizzando.<\/p>\n<p>2. Assicurarsi che il flussometro sia installato correttamente e che tutti i collegamenti siano saldi.<\/p>\n<p>3. Collegare il flussimetro a un dispositivo di calibrazione, come un impianto di calibrazione del flusso o un anello di calibrazione del flusso.<\/p>\n<p>4. Impostare il dispositivo di calibrazione sulla portata desiderata.<\/p>\n<p>5. Accendere il flussometro e lasciarlo funzionare per alcuni minuti per assicurarsi che sia stabile.<\/p>\n<p>6. Controllare la lettura del flussometro rispetto alla lettura del dispositivo di calibrazione.<\/p>\n<p>7. Regolare le impostazioni del flussometro come necessario per farle corrispondere alla lettura del dispositivo di calibrazione.<\/p>\n<p>8. Ripetere i punti 4-7 finch\u00e9 la lettura del flussometro non corrisponde a quella del dispositivo di calibrazione.<\/p>\n<p>9. Registrare le impostazioni del flussometro e la lettura del dispositivo di calibrazione per riferimenti futuri.<\/p>\n<\/div>\n<div name=\"12\" id=\"12\">\n<p><strong>12.Does the area velocity flow meter have an automatic cleaning function?<\/strong><\/p>\n<p>Being one of the top area velocity flow meter manufacturers in China, We attach great importance to this detail.<br \/>\nNo, la maggior parte dei misuratori di portata non dispone di una funzione di pulizia automatica. Tuttavia, alcuni modelli possono avere una funzione di autopulizia che pu\u00f2 essere attivata manualmente.<\/p>\n<p><img src=\"https:\/\/www.hginstrument.com\/wp-content\/uploads\/2021\/07\/v-cone-5.jpg\" alt=\"Does the area velocity flow meter have an automatic cleaning function?\" title=\"Does the area velocity flow meter have an automatic cleaning function?\" style=\"max-width: 100%;\"><\/div>\n<div name=\"13\" id=\"13\">\n<p><strong>13.About area velocity flow meter MOQ<\/strong><\/p>\n<p>La quantit\u00e0 minima ordinabile (MOQ) per un misuratore di portata dipende dal tipo di misuratore e dal produttore. In genere, il MOQ per un misuratore di portata \u00e8 compreso tra 1 e 10 unit\u00e0, ma pu\u00f2 variare a seconda del produttore e del tipo di misuratore.<\/p>\n<\/div>\n<div name=\"14\" id=\"14\">\n<p><strong>14.About area velocity flow meter overseas warehouse<\/strong><\/p>\n<p>I magazzini esteri di misuratori di portata sono magazzini situati in paesi stranieri che immagazzinano misuratori di portata e prodotti correlati. Questi magazzini sono utilizzati per immagazzinare e distribuire i misuratori di portata ai clienti in diversi Paesi. In genere sono situati in paesi che hanno una grande richiesta di misuratori di portata, come gli Stati Uniti, il Canada e l'Europa. I magazzini sono solitamente di propriet\u00e0 e gestiti dal produttore dei misuratori di portata o da un fornitore di logistica terzo. I magazzini sono in genere forniti di una variet\u00e0 di misuratori di portata, compresi quelli digitali, analogici e a ultrasuoni. Inoltre, in genere, conservano parti di ricambio e accessori per i misuratori di portata.<\/p>\n<\/div>\n<div name=\"15\" id=\"15\">\n<p><strong>15.About the development history of area velocity flow meter factory<\/strong><\/p>\n<p>La fabbrica di misuratori di portata \u00e8 stata fondata all'inizio degli anni Novanta. \u00c8 stata fondata da un gruppo di ingegneri e tecnici con una vasta esperienza nella progettazione e nella produzione di misuratori di portata. Inizialmente l'azienda si \u00e8 concentrata sulla produzione di misuratori di portata meccanici, ma ben presto ha ampliato la propria gamma di prodotti includendo anche misuratori di portata elettronici. Nel corso degli anni, l'azienda ha sviluppato un'ampia gamma di misuratori di portata per diverse applicazioni, tra cui quelle industriali, commerciali e residenziali. L'azienda ha inoltre sviluppato una serie di soluzioni software e hardware per la misurazione e il controllo del flusso. Oggi l'azienda \u00e8 uno dei principali produttori di misuratori di portata e prodotti correlati ed \u00e8 riconosciuta come leader del settore.<\/p>\n<\/div>\n<div name=\"16\" id=\"16\">\n<p><strong>16.About area velocity flow meter warranty<\/strong><\/p>\n<p>Le garanzie dei misuratori di portata variano a seconda del produttore e del tipo di misuratore. In genere, le garanzie coprono i difetti dei materiali e della lavorazione e possono coprire anche alcuni tipi di danni causati dal normale utilizzo. Alcune garanzie possono coprire anche i danni causati da un'installazione o da un uso improprio. \u00c8 importante leggere le informazioni sulla garanzia fornite dal produttore per comprendere la copertura specifica e le limitazioni della garanzia.<\/p>\n<p><img src=\"https:\/\/www.hginstrument.com\/wp-content\/uploads\/2021\/07\/hgcmf-c1-1.jpg\" alt=\"About area velocity flow meter warranty\" title=\"About area velocity flow meter warranty\" style=\"max-width: 100%;\"><\/div>\n<div name=\"17\" id=\"17\">\n<p><strong>17.Does area velocity flow meter have real-time monitoring function?<\/strong><\/p>\n<p>S\u00ec, alcuni misuratori di portata hanno funzioni di monitoraggio in tempo reale. Questi misuratori sono in genere dotati di sensori che misurano la portata e trasmettono i dati a un sistema di monitoraggio. Ci\u00f2 consente di monitorare in tempo reale la portata e altri parametri.<\/p>\n<\/div>\n<p>Tag\uff1a<a href=\"\/it\/magnetic-flow-meter\/biogas-flow-meter\/\">misuratore di portata del biogas<\/a>,<a href=\"\/it\/magnetic-flow-meter\/philips-respironics-peak-flow-meter\/\">misuratore di flusso di picco Philips Respironics<\/a>,<a href=\"\/it\/magnetic-flow-meter\/king-instrument-flow-meter\/\">misuratore di portata king instrument<\/a>,<a href=\"\/it\/magnetic-flow-meter\/fire-pump-flow-meter\/\">fire pump flow meter<\/a>,<a href=\"\/it\/magnetic-flow-meter\/portaflow-ultrasonic-flow-meter\/\">portaflow ultrasonic flow meter<\/a><\/p>\n<p><\/p>","protected":false},"excerpt":{"rendered":"<p><strong>Dati tecnici<\/strong><br \/>\nPu\u00f2 servire fluidi liquidi o gassosi; di solito viene utilizzato per misurare il flusso di vapore, aria e gas naturale.<br \/>\nDimensioni del contatore: Tipo in linea: DN25 - DN300<br \/>\nOpzione materiale bagnato: SS304, SS316<br \/>\nTemperatura di funzionamento: \u2264250\u2103<br \/>\nConnessione al processo: Wafer \/ Flangia \/ Tri-clamp per il tipo in linea<br \/>\nPrecisione di misura: 1,0 % - 1,5% del campo di calibrazione<br \/>\nIndicatore digitale: visualizzazione del flusso istantaneo, del flusso totale<br \/>\nAlimentazione: 24VDC, Uscita: 4-20mA<\/p>\n<p><strong>caratteristiche<\/strong><br \/>\n1.Punti di attivazione\/disattivazione regolabili<br \/>\n2. Modalit\u00e0 di allarme flusso Hi o Lo<br \/>\n3. Ritardo regolabile<br \/>\n4.LED di stato del rel\u00e8<\/p>","protected":false},"featured_media":3691,"comment_status":"closed","ping_status":"closed","template":"","meta":[],"product_cat":[2372],"product_tag":[],"acf":[],"_links":{"self":[{"href":"https:\/\/www.hginstrument.com\/it\/wp-json\/wp\/v2\/product\/4954"}],"collection":[{"href":"https:\/\/www.hginstrument.com\/it\/wp-json\/wp\/v2\/product"}],"about":[{"href":"https:\/\/www.hginstrument.com\/it\/wp-json\/wp\/v2\/types\/product"}],"replies":[{"embeddable":true,"href":"https:\/\/www.hginstrument.com\/it\/wp-json\/wp\/v2\/comments?post=4954"}],"wp:featuredmedia":[{"embeddable":true,"href":"https:\/\/www.hginstrument.com\/it\/wp-json\/wp\/v2\/media\/3691"}],"wp:attachment":[{"href":"https:\/\/www.hginstrument.com\/it\/wp-json\/wp\/v2\/media?parent=4954"}],"wp:term":[{"taxonomy":"product_cat","embeddable":true,"href":"https:\/\/www.hginstrument.com\/it\/wp-json\/wp\/v2\/product_cat?post=4954"},{"taxonomy":"product_tag","embeddable":true,"href":"https:\/\/www.hginstrument.com\/it\/wp-json\/wp\/v2\/product_tag?post=4954"}],"curies":[{"name":"wp","href":"https:\/\/api.w.org\/{rel}","templated":true}]}}