{"id":4970,"date":"2023-12-23T13:26:39","date_gmt":"2023-12-23T05:26:39","guid":{"rendered":"https:\/\/www.hginstrument.com\/?post_type=product&#038;p=4970"},"modified":"2023-12-23T13:28:45","modified_gmt":"2023-12-23T05:28:45","slug":"automotive-flow-meter","status":"publish","type":"product","link":"https:\/\/www.hginstrument.com\/it\/magnetic-flow-meter\/automotive-flow-meter\/","title":{"rendered":"misuratore di portata per autoveicoli"},"content":{"rendered":"<p>Questo dispositivo avanzato \u00e8 progettato per misurare la quantit\u00e0 e la velocit\u00e0 di liquidi, gas o vapore durante il passaggio attraverso un tubo o un condotto. Grazie alla tecnologia all'avanguardia e alle prestazioni superiori, il misuratore di portata per autoveicoli offre misure precise e affidabili che aiutano a ottimizzare i processi e a migliorare l'efficienza.<\/p>\n<p>Il misuratore di portata per autoveicoli \u00e8 dotato di un'interfaccia intuitiva che ne facilita il funzionamento e il monitoraggio. Offre inoltre una variet\u00e0 di opzioni di installazione, tra cui in linea, a inserimento e a morsetto, che lo rendono adatto a un'ampia gamma di tubazioni e sistemi. Inoltre, \u00e8 compatibile con diversi protocolli di comunicazione e pu\u00f2 essere integrato senza problemi nei sistemi esistenti.<\/p>\n<p>Il nostro misuratore di portata per autoveicoli \u00e8 dotato di funzionalit\u00e0 avanzate di registrazione dei dati, che consentono di memorizzare e analizzare i dati di portata in tempo reale. \u00c8 inoltre in grado di generare rapporti e grafici dettagliati per una migliore visualizzazione e analisi dei dati. Grazie a queste funzioni, \u00e8 possibile monitorare e ottimizzare i processi di flusso per migliorare l'efficienza e l'efficacia dei costi.<\/p>\n<p>&nbsp;<\/p>\n<table class=\"table table-bordered\">\n<tbody>\n<tr>\n<td><span style=\"vertical-align: inherit;\"><span style=\"vertical-align: inherit;\">Tipo: il tipo<\/span><\/span><\/td>\n<td><span style=\"vertical-align: inherit;\">misuratore di portata per autoveicoli<\/span><\/td>\n<td><span style=\"vertical-align: inherit;\"><span style=\"vertical-align: inherit;\">Segnale d'uscita: segnale d'uscita<\/span><\/span><\/td>\n<td><span style=\"vertical-align: inherit;\"><span style=\"vertical-align: inherit;\">4-26mA, impulso\/frequenza 2kHz (default), 5KHz (max)<\/span><\/span><\/td>\n<\/tr>\n<tr>\n<td><span style=\"vertical-align: inherit;\"><span style=\"vertical-align: inherit;\">Luogo di origine: il luogo di origine<\/span><\/span><\/td>\n<td><span style=\"vertical-align: inherit;\"><span style=\"vertical-align: inherit;\">Jiangsu, Cina<\/span><\/span><\/td>\n<td><span style=\"vertical-align: inherit;\"><span style=\"vertical-align: inherit;\">Incorporare il tipo: il tipo<\/span><\/span><\/td>\n<td><span style=\"vertical-align: inherit;\"><span style=\"vertical-align: inherit;\">-10\u2103- +54\u2103<\/span><\/span><\/td>\n<\/tr>\n<tr>\n<td><span style=\"vertical-align: inherit;\"><span style=\"vertical-align: inherit;\">Garanzia: garanzia<\/span><\/span><\/td>\n<td><span style=\"vertical-align: inherit;\"><span style=\"vertical-align: inherit;\">18 mesi<\/span><\/span><\/td>\n<td><span style=\"vertical-align: inherit;\"><span style=\"vertical-align: inherit;\">Tensione di alimentazione: tensione di alimentazione<\/span><\/span><\/td>\n<td><span style=\"vertical-align: inherit;\"><span style=\"vertical-align: inherit;\">110\/220VAC (100-240VAC), 50Hz\/60Hz; 24VDC\u00b110%<\/span><\/span><\/td>\n<\/tr>\n<tr>\n<td><span style=\"vertical-align: inherit;\"><span style=\"vertical-align: inherit;\">Supporto personalizzato\uff1aSupporto personalizzato<\/span><\/span><\/td>\n<td><span style=\"vertical-align: inherit;\"><span style=\"vertical-align: inherit;\">OEM, ODM, OBM<\/span><\/span><\/td>\n<td><span style=\"vertical-align: inherit;\"><span style=\"vertical-align: inherit;\">Comunicazione digitale: comunicazione digitale<\/span><\/span><\/td>\n<td><span style=\"vertical-align: inherit;\"><span style=\"vertical-align: inherit;\">RS-485, supporto del protocollo standard Mudbugs-RTU; GPRS<\/span><\/span><\/td>\n<\/tr>\n<tr>\n<td><span style=\"vertical-align: inherit;\"><span style=\"vertical-align: inherit;\">Nome della marca: Nome della marca: Nome della marca: Nome della marca: Nome della marca: Nome della marca<\/span><\/span><\/td>\n<td><span style=\"vertical-align: inherit;\"><span style=\"vertical-align: inherit;\">GRUPPO SUYI<\/span><\/span><\/td>\n<td><span style=\"vertical-align: inherit;\"><span style=\"vertical-align: inherit;\">Pressione nominale: pressione nominale<\/span><\/span><\/td>\n<td><span style=\"vertical-align: inherit;\"><span style=\"vertical-align: inherit;\">1MPa (DN15-DN800), 1,6MPa (DN15-DN800), 2,5MPa (DN15-DN600)<\/span><\/span><\/td>\n<\/tr>\n<tr>\n<td><span style=\"vertical-align: inherit;\"><span style=\"vertical-align: inherit;\">Numero di modello: Numero di modello: Numero di modello: Numero di modello: Numero di modello: Numero di modello<\/span><\/span><\/td>\n<td><span style=\"vertical-align: inherit;\"><span style=\"vertical-align: inherit;\">altro<\/span><\/span><\/td>\n<td><span style=\"vertical-align: inherit;\"><span style=\"vertical-align: inherit;\">Sensore: sensore<\/span><\/span><\/td>\n<td><span style=\"vertical-align: inherit;\"><span style=\"vertical-align: inherit;\">0\u2103- +80\u2103 o -25\u2103- +120\u2103 o +70\u2103- +250\u2103<\/span><\/span><\/td>\n<\/tr>\n<tr>\n<td><span style=\"vertical-align: inherit;\"><span style=\"vertical-align: inherit;\">Nome del prodotto: Nome del prodotto: Nome del prodotto: Nome del prodotto: Nome del prodotto: Nome del prodotto<\/span><\/span><\/td>\n<td><span style=\"vertical-align: inherit;\"><span style=\"vertical-align: inherit;\">Misuratore di portata dell'acqua chimica digitale intelligente elettromagnetico<\/span><\/span><\/td>\n<td><span style=\"vertical-align: inherit;\"><span style=\"vertical-align: inherit;\">Dettagli dell'imballaggio:<\/span><\/span><\/td>\n<td><span style=\"vertical-align: inherit;\"><span style=\"vertical-align: inherit;\">1 set per confezione o come richiesto dal cliente<\/span><\/span><\/td>\n<\/tr>\n<tr>\n<td><span style=\"vertical-align: inherit;\"><span style=\"vertical-align: inherit;\">Diametro nominale: diametro nominale<\/span><\/span><\/td>\n<td><span style=\"vertical-align: inherit;\"><span style=\"vertical-align: inherit;\">3-2886 mm<\/span><\/span><\/td>\n<td><span style=\"vertical-align: inherit;\"><span style=\"vertical-align: inherit;\">Capacit\u00e0 di approvvigionamento<\/span><\/span><\/td>\n<td><span style=\"vertical-align: inherit;\"><span style=\"vertical-align: inherit;\">1562 Set\/Set al mese<\/span><\/span><\/td>\n<\/tr>\n<tr>\n<td><span style=\"vertical-align: inherit;\"><span style=\"vertical-align: inherit;\">gamma di velocit\u00e0: il campo di velocit\u00e0<\/span><\/span><\/td>\n<td><span style=\"vertical-align: inherit;\"><span style=\"vertical-align: inherit;\">0-11m\/s<\/span><\/span><\/td>\n<td><span style=\"vertical-align: inherit;\"><span style=\"vertical-align: inherit;\">Quantit\u00e0 (set)<\/span><\/span><\/td>\n<td><span style=\"vertical-align: inherit;\"><span style=\"vertical-align: inherit;\">&gt; 30<\/span><\/span><\/td>\n<\/tr>\n<tr>\n<td><span style=\"vertical-align: inherit;\"><span style=\"vertical-align: inherit;\">Grado di accuratezza: il grado di accuratezza<\/span><\/span><\/td>\n<td><span style=\"vertical-align: inherit;\"><span style=\"vertical-align: inherit;\">\u00b10,5%R, \u00b11%R ( &lt; DN20)<\/span><\/span><\/td>\n<td><span style=\"vertical-align: inherit;\"><span style=\"vertical-align: inherit;\">Tempi di consegna (giorni)<\/span><\/span><\/td>\n<td><span style=\"vertical-align: inherit;\"><span style=\"vertical-align: inherit;\">Da negoziare<\/span><\/span><\/td>\n<\/tr>\n<\/tbody>\n<\/table>\n<p>&nbsp;<\/p>\n<p><strong><\/strong><\/p>\n<p style=\"text-align:center;\"><img src=\"https:\/\/www.hginstrument.com\/wp-content\/uploads\/2021\/07\/in-line-pipeline-type-hgd-electromagnetic-flow-meter.jpg\" atl=\"automotive flow meter\" title=\"misuratore di portata per autoveicoli\"><\/p>\n<p><strong><\/strong><\/p>\n<p style=\"text-align:center;\"><img src=\"https:\/\/www.hginstrument.com\/wp-content\/uploads\/2021\/07\/insertion-01.jpg\" atl=\"automotive flow meter\" title=\"misuratore di portata per autoveicoli\"><\/p>\n<p><strong><\/strong><\/p>\n<p style=\"text-align:center;\"><img src=\"https:\/\/www.hginstrument.com\/wp-content\/uploads\/2021\/07\/sanitary-mag-1.jpg\" atl=\"automotive flow meter\" title=\"misuratore di portata per autoveicoli\"><\/p>\n<p><strong>Guida alle domande frequenti sui misuratori di portata per autoveicoli.<\/p>\n<p>Il cuore della nostra serie di misuratori di portata per autoveicoli \u00e8 l'impegno per l'eccellenza, che unisce la tecnologia avanzata dei sensori a interfacce di facile utilizzo. Dai liquidi ai gas, i nostri misuratori offrono una precisione senza pari, consentendovi di prendere decisioni informate e di ottimizzare le operazioni. Mentre inauguriamo una nuova era della misurazione dei fluidi, vi invitiamo a esplorare le possibilit\u00e0 illimitate offerte dai nostri misuratori di portata per autoveicoli, dove la precisione incontra le prestazioni e l'innovazione fluisce senza soluzione di continuit\u00e0.<\/strong><\/p>\n<div style=\"border:3px solid #f89900;margin:20px 0;padding:20px;\"><a href=\"\/it\/automotive-flow-meter\/#01\">1.Informazioni sul sistema di qualit\u00e0 dei misuratori di portata per autoveicoli<\/a><br \/><a href=\"\/it\/automotive-flow-meter\/#02\">2.Il misuratore di portata per autoveicoli richiede una fonte di alimentazione esterna?<\/a><br \/><a href=\"\/it\/automotive-flow-meter\/#03\">3.I risultati di misurazione del misuratore di portata per autoveicoli possono essere emessi e registrati a distanza?<\/a><br \/><a href=\"\/it\/automotive-flow-meter\/#04\">4.Qual \u00e8 l'intervallo di pressione applicabile del misuratore di portata per autoveicoli?<\/a><br \/><a href=\"\/it\/automotive-flow-meter\/#05\">5.Come misura il flusso un misuratore di portata automobilistico?<\/a><br \/><a href=\"\/it\/automotive-flow-meter\/#06\">6.Quali sono il peso e le dimensioni del misuratore di portata per autoveicoli?<\/a><br \/><a href=\"\/it\/automotive-flow-meter\/#07\">7.Informazioni sul brevetto del misuratore di portata per autoveicoli<\/a><br \/><a href=\"\/it\/automotive-flow-meter\/#08\">8.Quali sono i metodi di manutenzione per i misuratori di portata per autoveicoli?<\/a><br \/><a href=\"\/it\/automotive-flow-meter\/#09\">9.Quali sono i requisiti per la specifica posizione di installazione del misuratore di portata per autoveicoli?<\/a><br \/><a href=\"\/it\/automotive-flow-meter\/#010\">10.Quali sono i fluidi che i misuratori di portata per autoveicoli sono principalmente utilizzati per misurare?<\/a><br \/><a href=\"\/it\/automotive-flow-meter\/#11\">11.Informazioni sulla capacit\u00e0 di produzione dei misuratori di portata per autoveicoli<\/a><br \/><a href=\"\/it\/automotive-flow-meter\/#12\">12.Informazioni sulla formazione alla produzione di misuratori di portata per autoveicoli<\/a><br \/><a href=\"\/it\/automotive-flow-meter\/#13\">13.Informazioni sulla tecnologia dei misuratori di portata per autoveicoli<\/a><\/div>\n<div name=\"01\" id=\"01\">\n<p><strong>1.Informazioni sul sistema di qualit\u00e0 dei misuratori di portata per autoveicoli<\/strong><\/p>\n<p>Il sistema di qualit\u00e0 dei misuratori di portata \u00e8 un insieme di processi e procedure utilizzati per garantire che i misuratori di portata siano prodotti e testati per soddisfare i pi\u00f9 elevati standard di precisione e affidabilit\u00e0. Il sistema comprende misure di controllo della qualit\u00e0 come l'ispezione del materiale in entrata, l'ispezione in corso di lavorazione e il collaudo del prodotto finale. Include anche la documentazione e la tenuta dei registri per garantire che tutti i processi siano seguiti e che eventuali problemi siano affrontati in modo rapido ed efficace. Il sistema \u00e8 progettato per garantire che i misuratori di portata prodotti siano della massima qualit\u00e0 e soddisfino i requisiti del cliente.<\/p>\n<\/div>\n<div name=\"02\" id=\"02\">\n<p><strong>2.Il misuratore di portata per autoveicoli richiede una fonte di alimentazione esterna?<\/strong><\/p>\n<p>Aderiamo al principio della qualit\u00e0 prima di tutto e disponiamo di un sistema completo di gestione della qualit\u00e0 della produzione e di un processo di ispezione della qualit\u00e0.<br \/>\nDipende dal tipo di misuratore di portata. Alcuni misuratori di portata sono alimentati da una fonte di energia esterna, mentre altri sono alimentati dal flusso del liquido o del gas da misurare.<\/p>\n<\/div>\n<div name=\"03\" id=\"03\">\n<p><strong>3.I risultati di misurazione del misuratore di portata per autoveicoli possono essere emessi e registrati a distanza?<\/strong><\/p>\n<p>S\u00ec, molti misuratori di portata sono dotati di funzionalit\u00e0 di uscita e registrazione a distanza. Ci\u00f2 consente agli utenti di monitorare e registrare i dati di flusso da una postazione remota.<\/p>\n<\/div>\n<div name=\"04\" id=\"04\">\n<p><strong>4.Qual \u00e8 l'intervallo di pressione applicabile del misuratore di portata per autoveicoli?<\/strong><\/p>\n<p>I nostri prodotti e servizi coprono una vasta gamma di aree e soddisfano le esigenze di diversi settori.<br \/>\nL'intervallo di pressione applicabile di un misuratore di portata dipende dal tipo di misuratore utilizzato. In generale, i misuratori di portata possono misurare pressioni comprese tra 0,1 bar e 1000 bar.<\/p>\n<\/div>\n<div name=\"05\" id=\"05\">\n<p><strong>5.Come misura il flusso un misuratore di portata automobilistico?<\/strong><\/p>\n<p>Gestiamo la nostra attivit\u00e0 di misuratori di portata per autoveicoli con integrit\u00e0 e onest\u00e0.<br \/>\nUn misuratore di portata misura il flusso misurando la velocit\u00e0 di un fluido mentre passa attraverso un tubo o un altro condotto. In genere, ci\u00f2 avviene misurando la caduta di pressione attraverso un'area nota, oppure misurando il tempo impiegato da un volume di fluido per passare attraverso un'area nota. Altri metodi includono l'uso di una turbina, di una ruota a pale o di un trasduttore a ultrasuoni per misurare la velocit\u00e0 del fluido.<\/p>\n<p><img src=\"https:\/\/www.hginstrument.com\/wp-content\/uploads\/2021\/07\/hgdu600-p-1.jpg\" alt=\"Come misura il flusso un misuratore di portata per autoveicoli?\" title=\"Come misura il flusso un misuratore di portata per autoveicoli?\" style=\"max-width: 100%;\"><\/div>\n<div name=\"06\" id=\"06\">\n<p><strong>6.Quali sono il peso e le dimensioni del misuratore di portata per autoveicoli?<\/strong><\/p>\n<p>I nostri prodotti e servizi coprono una vasta gamma di aree e soddisfano le esigenze di diversi settori.<br \/>\nIl peso e le dimensioni del misuratore di portata dipendono dal modello specifico e dal produttore. In genere, i misuratori di portata hanno dimensioni che vanno da piccoli dispositivi portatili a grandi unit\u00e0 industriali. Il peso di un flussimetro pu\u00f2 variare da pochi grammi a diverse centinaia di chili.<\/p>\n<\/div>\n<div name=\"07\" id=\"07\">\n<p><strong>7.Informazioni sul brevetto del misuratore di portata per autoveicoli<\/strong><\/p>\n<p>I brevetti sui misuratori di portata sono brevetti che coprono la progettazione e il funzionamento dei misuratori di portata. I misuratori di portata sono dispositivi utilizzati per misurare la velocit\u00e0 di flusso di un liquido o di un gas. I misuratori di portata sono utilizzati in diversi settori, tra cui il trattamento delle acque e delle acque reflue, il petrolio e il gas e il trattamento chimico. I misuratori di portata sono utilizzati per misurare la portata di un fluido, il volume totale di un fluido e la pressione di un fluido. I misuratori di portata possono essere meccanici, elettrici o ottici. I flussimetri possono essere utilizzati per misurare il flusso di liquidi, gas e vapore.<\/p>\n<\/div>\n<div name=\"08\" id=\"08\">\n<p><strong>8.Quali sono i metodi di manutenzione per i misuratori di portata per autoveicoli?<\/strong><\/p>\n<p>Ci concentriamo sull'innovazione e sul miglioramento continuo per mantenere un vantaggio competitivo.<br \/>\n1. Controllare regolarmente che il flussometro non presenti segni di usura o danni.<\/p>\n<p>2. Pulire regolarmente il flussometro per garantire letture accurate.<\/p>\n<p>3. Controllare l'accuratezza del flussometro eseguendo i test di calibrazione.<\/p>\n<p>4. Sostituire al pi\u00f9 presto le parti usurate o danneggiate.<\/p>\n<p>5. Assicurarsi che il flussometro sia installato e collegato correttamente al sistema.<\/p>\n<p>6. Controllare che il flussometro non presenti segni di corrosione o ostruzioni.<\/p>\n<p>7. Assicurarsi che il flussometro sia correttamente sigillato per evitare perdite.<\/p>\n<p>8. Controllare regolarmente che il flussometro non presenti segni di vibrazioni o rumori.<\/p>\n<p>9. Assicurarsi che il flussometro sia calibrato e regolato correttamente.<\/p>\n<p>10. Controllare regolarmente che il flussometro non presenti segni di perdita o di intasamento.<\/p>\n<\/div>\n<div name=\"09\" id=\"09\">\n<p><strong>9.Quali sono i requisiti per la specifica posizione di installazione del misuratore di portata per autoveicoli?<\/strong><\/p>\n<p>Gestiamo la nostra attivit\u00e0 di misuratori di portata per autoveicoli con integrit\u00e0 e onest\u00e0.<br \/>\n1. Il misuratore di portata deve essere installato in un luogo privo di vibrazioni, urti e altre forze esterne.<\/p>\n<p>2. Il misuratore di portata deve essere installato in un luogo privo di gas corrosivi, liquidi e altri agenti contaminanti.<\/p>\n<p>3. Il misuratore di portata deve essere installato in una posizione accessibile per la manutenzione e la calibrazione.<\/p>\n<p>4. Il misuratore di portata deve essere installato in un luogo privo di temperature e umidit\u00e0 estreme.<\/p>\n<p>5. Il misuratore di portata deve essere installato in un luogo privo di interferenze elettriche.<\/p>\n<\/div>\n<div name=\"010\" id=\"010\">\n<p><strong>10.Quali sono i fluidi che i misuratori di portata per autoveicoli sono principalmente utilizzati per misurare?<\/strong><\/p>\n<p>Ci concentriamo sul lavoro di squadra e sulla comunicazione per raggiungere obiettivi comuni, attribuendo grande importanza a questo dettaglio.<br \/>\nI misuratori di portata sono utilizzati principalmente per misurare il flusso di liquidi, gas e vapore.<\/p>\n<p><img src=\"https:\/\/www.hginstrument.com\/wp-content\/uploads\/2021\/07\/nozzle-1.jpg\" alt=\"Per quali fluidi sono principalmente utilizzati i misuratori di portata per autoveicoli?\" title=\"Per quali fluidi sono principalmente utilizzati i misuratori di portata per autoveicoli?\" style=\"max-width: 100%;\"><\/div>\n<div name=\"11\" id=\"11\">\n<p><strong>11.Informazioni sulla capacit\u00e0 di produzione dei misuratori di portata per autoveicoli<\/strong><\/p>\n<p>La capacit\u00e0 produttiva dei misuratori di portata dipende dal tipo di misuratore prodotto. In genere, la capacit\u00e0 produttiva \u00e8 determinata dalle dimensioni dell'impianto di produzione, dal numero di macchine e di personale disponibili e dal tipo di misuratore di portata prodotto. Ad esempio, un impianto di produzione specializzato nella produzione di misuratori di portata a turbina pu\u00f2 avere una capacit\u00e0 produttiva superiore rispetto a un impianto che produce misuratori di portata a ultrasuoni. Inoltre, la capacit\u00e0 produttiva di un impianto pu\u00f2 essere influenzata dalla complessit\u00e0 del misuratore di portata prodotto e dalla disponibilit\u00e0 di materie prime e componenti.<\/p>\n<\/div>\n<div name=\"12\" id=\"12\">\n<p><strong>12.Informazioni sulla formazione alla produzione di misuratori di portata per autoveicoli<\/strong><\/p>\n<p>Il corso di formazione sulla produzione di misuratori di portata \u00e8 progettato per insegnare a tecnici e ingegneri le competenze necessarie per la produzione e la manutenzione dei misuratori di portata. La formazione copre argomenti quali i principi della misurazione del flusso, i tipi di misuratori di flusso disponibili, l'installazione e la manutenzione dei misuratori di flusso e le tecniche di risoluzione dei problemi. La formazione comprende anche l'uso del software per analizzare e interpretare i dati di flusso. La formazione si svolge in genere in un'aula e pu\u00f2 includere attivit\u00e0 pratiche.<\/p>\n<\/div>\n<div name=\"13\" id=\"13\">\n<p><strong>13.Informazioni sulla tecnologia dei misuratori di portata per autoveicoli<\/strong><\/p>\n<p>La tecnologia dei misuratori di portata \u00e8 un tipo di tecnologia di misura utilizzata per misurare la velocit\u00e0 di flusso di un fluido o di un gas. Viene utilizzata in diversi settori, tra cui quello petrolifero e del gas, dell'acqua e delle acque reflue e del trattamento chimico. I flussimetri misurano la portata di un fluido o di un gas misurando la pressione, la velocit\u00e0 o altre propriet\u00e0 fisiche del fluido o del gas. I flussimetri possono essere utilizzati per misurare la portata di liquidi, gas e vapore. Vengono utilizzati per misurare la portata di una variet\u00e0 di fluidi, tra cui acqua, olio e sostanze chimiche. I misuratori di portata sono utilizzati in diverse applicazioni, tra cui il controllo dei processi, la gestione dell'energia e il monitoraggio della sicurezza.<\/p>\n<\/div>\n<p>Tag\uff1a<a href=\"\/it\/magnetic-flow-meter\/battery-powered-flow-meter\/\">misuratore di portata alimentato a batteria<\/a>,<a href=\"\/it\/magnetic-flow-meter\/insertion-flow-meter\/\">misuratore di portata a inserzione<\/a>,<a href=\"\/it\/magnetic-flow-meter\/laser-flow-meter\/\">misuratore di portata laser<\/a>,<a href=\"\/it\/magnetic-flow-meter\/handheld-flow-meter\/\">misuratore di portata portatile<\/a>,<a href=\"\/it\/magnetic-flow-meter\/nu-flow-flow-meter\/\">misuratore di portata nu<\/a><\/p>\n<p><\/p>","protected":false},"excerpt":{"rendered":"<p><strong>Dati tecnici<\/strong><br \/>\nPu\u00f2 servire fluidi liquidi o gassosi; di solito viene utilizzato per misurare il flusso di vapore, aria e gas naturale.<br \/>\nDimensioni del contatore: Tipo in linea: DN25 - DN300<br \/>\nOpzione materiale bagnato: SS304, SS316<br \/>\nTemperatura di funzionamento: \u2264250\u2103<br \/>\nConnessione al processo: Wafer \/ Flangia \/ Tri-clamp per il tipo in linea<br \/>\nPrecisione di misura: 1,0 % - 1,5% del campo di calibrazione<br \/>\nIndicatore digitale: visualizzazione del flusso istantaneo, del flusso totale<br \/>\nAlimentazione: 24VDC, Uscita: 4-20mA<\/p>\n<p><strong>caratteristiche<\/strong><br \/>\n1.Punti di attivazione\/disattivazione regolabili<br \/>\n2. Modalit\u00e0 di allarme flusso Hi o Lo<br \/>\n3. Ritardo regolabile<br \/>\n4.LED di stato del rel\u00e8<\/p>","protected":false},"featured_media":3691,"comment_status":"closed","ping_status":"closed","template":"","meta":[],"product_cat":[2372],"product_tag":[],"acf":[],"_links":{"self":[{"href":"https:\/\/www.hginstrument.com\/it\/wp-json\/wp\/v2\/product\/4970"}],"collection":[{"href":"https:\/\/www.hginstrument.com\/it\/wp-json\/wp\/v2\/product"}],"about":[{"href":"https:\/\/www.hginstrument.com\/it\/wp-json\/wp\/v2\/types\/product"}],"replies":[{"embeddable":true,"href":"https:\/\/www.hginstrument.com\/it\/wp-json\/wp\/v2\/comments?post=4970"}],"wp:featuredmedia":[{"embeddable":true,"href":"https:\/\/www.hginstrument.com\/it\/wp-json\/wp\/v2\/media\/3691"}],"wp:attachment":[{"href":"https:\/\/www.hginstrument.com\/it\/wp-json\/wp\/v2\/media?parent=4970"}],"wp:term":[{"taxonomy":"product_cat","embeddable":true,"href":"https:\/\/www.hginstrument.com\/it\/wp-json\/wp\/v2\/product_cat?post=4970"},{"taxonomy":"product_tag","embeddable":true,"href":"https:\/\/www.hginstrument.com\/it\/wp-json\/wp\/v2\/product_tag?post=4970"}],"curies":[{"name":"wp","href":"https:\/\/api.w.org\/{rel}","templated":true}]}}