{"id":4974,"date":"2023-12-23T13:35:10","date_gmt":"2023-12-23T05:35:10","guid":{"rendered":"https:\/\/www.hginstrument.com\/?post_type=product&#038;p=4974"},"modified":"2023-12-23T13:37:22","modified_gmt":"2023-12-23T05:37:22","slug":"badger-ultrasonic-flow-meter","status":"publish","type":"product","link":"https:\/\/www.hginstrument.com\/it\/magnetic-flow-meter\/badger-ultrasonic-flow-meter\/","title":{"rendered":"misuratore di portata a ultrasuoni badger"},"content":{"rendered":"<p>Grazie all'elevata portata e alla precisione di lettura, il misuratore di portata a ultrasuoni Badger \u00e8 la scelta ideale per settori quali petrolio e gas, trattamento delle acque e lavorazione chimica. Aggiornate il vostro processo di misurazione dei liquidi con il misuratore di portata a ultrasuoni badger e sperimentate prestazioni e valore senza pari. Affidatevi ai misuratori di portata a ultrasuoni badger per ottenere sempre le misure di portata pi\u00f9 accurate ed efficienti.<\/p>\n<p>Il cuore dei misuratori di portata a ultrasuoni Badger \u00e8 la tecnologia che misura e registra il flusso, fornendo letture accurate e affidabili. Esistono diversi tipi di misuratori di portata a ultrasuoni Badger, tra cui quelli magnetici, a ultrasuoni, a coriolis e a turbina, ciascuno progettato per applicazioni e tipi di fluidi specifici.<\/p>\n<p>Uno dei misuratori di portata a ultrasuoni Badger pi\u00f9 avanzati e diffusi \u00e8 il misuratore di portata a ultrasuoni Badger elettromagnetico. Funziona in base al principio della legge di Faraday sull'induzione elettromagnetica ed \u00e8 in grado di misurare la portata di fluidi conduttivi con incredibile precisione e ripetibilit\u00e0. \u00c8 adatto a una variet\u00e0 di fluidi, tra cui acqua, sostanze chimiche e fanghi.<\/p>\n<p>&nbsp;<\/p>\n<table class=\"table table-bordered\">\n<tbody>\n<tr>\n<td><span style=\"vertical-align: inherit;\"><span style=\"vertical-align: inherit;\">Tipo: il tipo<\/span><\/span><\/td>\n<td><span style=\"vertical-align: inherit;\">misuratore di portata a ultrasuoni badger<\/span><\/td>\n<td><span style=\"vertical-align: inherit;\"><span style=\"vertical-align: inherit;\">Segnale d'uscita: segnale d'uscita<\/span><\/span><\/td>\n<td><span style=\"vertical-align: inherit;\"><span style=\"vertical-align: inherit;\">4-21mA, impulso\/frequenza 2kHz (default), 5KHz (max)<\/span><\/span><\/td>\n<\/tr>\n<tr>\n<td><span style=\"vertical-align: inherit;\"><span style=\"vertical-align: inherit;\">Luogo di origine: il luogo di origine<\/span><\/span><\/td>\n<td><span style=\"vertical-align: inherit;\"><span style=\"vertical-align: inherit;\">Jiangsu, Cina<\/span><\/span><\/td>\n<td><span style=\"vertical-align: inherit;\"><span style=\"vertical-align: inherit;\">Incorporare il tipo: il tipo<\/span><\/span><\/td>\n<td><span style=\"vertical-align: inherit;\"><span style=\"vertical-align: inherit;\">-10\u2103- +53\u2103<\/span><\/span><\/td>\n<\/tr>\n<tr>\n<td><span style=\"vertical-align: inherit;\"><span style=\"vertical-align: inherit;\">Garanzia: garanzia<\/span><\/span><\/td>\n<td><span style=\"vertical-align: inherit;\"><span style=\"vertical-align: inherit;\">16 mesi<\/span><\/span><\/td>\n<td><span style=\"vertical-align: inherit;\"><span style=\"vertical-align: inherit;\">Tensione di alimentazione: tensione di alimentazione<\/span><\/span><\/td>\n<td><span style=\"vertical-align: inherit;\"><span style=\"vertical-align: inherit;\">110\/220VAC (100-240VAC), 50Hz\/60Hz; 24VDC\u00b110%<\/span><\/span><\/td>\n<\/tr>\n<tr>\n<td><span style=\"vertical-align: inherit;\"><span style=\"vertical-align: inherit;\">Supporto personalizzato\uff1aSupporto personalizzato<\/span><\/span><\/td>\n<td><span style=\"vertical-align: inherit;\"><span style=\"vertical-align: inherit;\">OEM, ODM, OBM<\/span><\/span><\/td>\n<td><span style=\"vertical-align: inherit;\"><span style=\"vertical-align: inherit;\">Comunicazione digitale: comunicazione digitale<\/span><\/span><\/td>\n<td><span style=\"vertical-align: inherit;\"><span style=\"vertical-align: inherit;\">RS-485, supporto del protocollo standard Mudbugs-RTU; GPRS<\/span><\/span><\/td>\n<\/tr>\n<tr>\n<td><span style=\"vertical-align: inherit;\"><span style=\"vertical-align: inherit;\">Nome della marca: Nome della marca: Nome della marca: Nome della marca: Nome della marca: Nome della marca<\/span><\/span><\/td>\n<td><span style=\"vertical-align: inherit;\"><span style=\"vertical-align: inherit;\">GRUPPO SUYI<\/span><\/span><\/td>\n<td><span style=\"vertical-align: inherit;\"><span style=\"vertical-align: inherit;\">Pressione nominale: pressione nominale<\/span><\/span><\/td>\n<td><span style=\"vertical-align: inherit;\"><span style=\"vertical-align: inherit;\">1MPa (DN15-DN800), 1,6MPa (DN15-DN800), 2,5MPa (DN15-DN600)<\/span><\/span><\/td>\n<\/tr>\n<tr>\n<td><span style=\"vertical-align: inherit;\"><span style=\"vertical-align: inherit;\">Numero di modello: Numero di modello: Numero di modello: Numero di modello: Numero di modello: Numero di modello<\/span><\/span><\/td>\n<td><span style=\"vertical-align: inherit;\"><span style=\"vertical-align: inherit;\">altro<\/span><\/span><\/td>\n<td><span style=\"vertical-align: inherit;\"><span style=\"vertical-align: inherit;\">Sensore: sensore<\/span><\/span><\/td>\n<td><span style=\"vertical-align: inherit;\"><span style=\"vertical-align: inherit;\">0\u2103- +80\u2103 o -25\u2103- +120\u2103 o +70\u2103- +250\u2103<\/span><\/span><\/td>\n<\/tr>\n<tr>\n<td><span style=\"vertical-align: inherit;\"><span style=\"vertical-align: inherit;\">Nome del prodotto: Nome del prodotto: Nome del prodotto: Nome del prodotto: Nome del prodotto: Nome del prodotto<\/span><\/span><\/td>\n<td><span style=\"vertical-align: inherit;\"><span style=\"vertical-align: inherit;\">Misuratore di portata dell'acqua chimica digitale intelligente elettromagnetico<\/span><\/span><\/td>\n<td><span style=\"vertical-align: inherit;\"><span style=\"vertical-align: inherit;\">Dettagli dell'imballaggio:<\/span><\/span><\/td>\n<td><span style=\"vertical-align: inherit;\"><span style=\"vertical-align: inherit;\">1 set per confezione o come richiesto dal cliente<\/span><\/span><\/td>\n<\/tr>\n<tr>\n<td><span style=\"vertical-align: inherit;\"><span style=\"vertical-align: inherit;\">Diametro nominale: diametro nominale<\/span><\/span><\/td>\n<td><span style=\"vertical-align: inherit;\"><span style=\"vertical-align: inherit;\">3-2945 mm<\/span><\/span><\/td>\n<td><span style=\"vertical-align: inherit;\"><span style=\"vertical-align: inherit;\">Capacit\u00e0 di approvvigionamento<\/span><\/span><\/td>\n<td><span style=\"vertical-align: inherit;\"><span style=\"vertical-align: inherit;\">1764 Set\/Set al mese<\/span><\/span><\/td>\n<\/tr>\n<tr>\n<td><span style=\"vertical-align: inherit;\"><span style=\"vertical-align: inherit;\">gamma di velocit\u00e0: il campo di velocit\u00e0<\/span><\/span><\/td>\n<td><span style=\"vertical-align: inherit;\"><span style=\"vertical-align: inherit;\">0-9m\/s<\/span><\/span><\/td>\n<td><span style=\"vertical-align: inherit;\"><span style=\"vertical-align: inherit;\">Quantit\u00e0 (set)<\/span><\/span><\/td>\n<td><span style=\"vertical-align: inherit;\"><span style=\"vertical-align: inherit;\">&gt; 30<\/span><\/span><\/td>\n<\/tr>\n<tr>\n<td><span style=\"vertical-align: inherit;\"><span style=\"vertical-align: inherit;\">Grado di accuratezza: il grado di accuratezza<\/span><\/span><\/td>\n<td><span style=\"vertical-align: inherit;\"><span style=\"vertical-align: inherit;\">\u00b10,5%R, \u00b11%R ( &lt; DN20)<\/span><\/span><\/td>\n<td><span style=\"vertical-align: inherit;\"><span style=\"vertical-align: inherit;\">Tempi di consegna (giorni)<\/span><\/span><\/td>\n<td><span style=\"vertical-align: inherit;\"><span style=\"vertical-align: inherit;\">Da negoziare<\/span><\/span><\/td>\n<\/tr>\n<\/tbody>\n<\/table>\n<p>&nbsp;<\/p>\n<p><strong><\/strong><\/p>\n<p style=\"text-align:center;\"><img src=\"https:\/\/www.hginstrument.com\/wp-content\/uploads\/2021\/07\/in-line-pipeline-type-hgd-electromagnetic-flow-meter.jpg\" atl=\"badger ultrasonic flow meter\" title=\"misuratore di portata a ultrasuoni badger\"><\/p>\n<p><strong><\/strong><\/p>\n<p style=\"text-align:center;\"><img src=\"https:\/\/www.hginstrument.com\/wp-content\/uploads\/2021\/07\/insertion-01.jpg\" atl=\"badger ultrasonic flow meter\" title=\"misuratore di portata a ultrasuoni badger\"><\/p>\n<p><strong><\/strong><\/p>\n<p style=\"text-align:center;\"><img src=\"https:\/\/www.hginstrument.com\/wp-content\/uploads\/2021\/07\/sanitary-mag-1.jpg\" atl=\"badger ultrasonic flow meter\" title=\"misuratore di portata a ultrasuoni badger\"><\/p>\n<p><strong>Guida alle domande frequenti sui misuratori di portata a ultrasuoni Badger.<\/p>\n<p>Il cuore della nostra serie di misuratori di portata a ultrasuoni Badger \u00e8 l'impegno per l'eccellenza, che unisce la tecnologia avanzata dei sensori a interfacce di facile utilizzo. Dai liquidi ai gas, i nostri misuratori offrono un'accuratezza senza pari, consentendovi di prendere decisioni informate e di ottimizzare le operazioni. Mentre inauguriamo una nuova era della misurazione dei fluidi, vi invitiamo a esplorare le possibilit\u00e0 illimitate offerte dai nostri misuratori di portata a ultrasuoni Badger, dove la precisione incontra le prestazioni e l'innovazione fluisce senza soluzione di continuit\u00e0.<\/strong><\/p>\n<div style=\"border:3px solid #f89900;margin:20px 0;padding:20px;\"><a href=\"\/it\/badger-ultrasonic-flow-meter\/#01\">1.Informazioni sul brevetto del misuratore di portata a ultrasuoni Badger<\/a><br \/><a href=\"\/it\/badger-ultrasonic-flow-meter\/#02\">2. Per quali fluidi vengono utilizzati principalmente i misuratori di portata a ultrasuoni Badger?<\/a><br \/><a href=\"\/it\/badger-ultrasonic-flow-meter\/#03\">3.Circa la capacit\u00e0 di produzione del misuratore di portata ad ultrasuoni Badger<\/a><br \/><a href=\"\/it\/badger-ultrasonic-flow-meter\/#04\">4.Il misuratore di portata a ultrasuoni Badger \u00e8 dotato di funzionalit\u00e0 di controllo remoto?<\/a><br \/><a href=\"\/it\/badger-ultrasonic-flow-meter\/#05\">5.Informazioni sulla garanzia del misuratore di portata a ultrasuoni Badger<\/a><br \/><a href=\"\/it\/badger-ultrasonic-flow-meter\/#06\">6. La storia dello sviluppo della fabbrica di misuratori di portata a ultrasuoni Badger<\/a><br \/><a href=\"\/it\/badger-ultrasonic-flow-meter\/#07\">7.Come calibrare un misuratore di portata a ultrasuoni Badger?<\/a><br \/><a href=\"\/it\/badger-ultrasonic-flow-meter\/#08\">8.Informazioni sulla formazione delle competenze di produzione dei misuratori di portata a ultrasuoni Badger<\/a><br \/><a href=\"\/it\/badger-ultrasonic-flow-meter\/#09\">9. Quali sono i metodi di manutenzione del misuratore di portata a ultrasuoni Badger?<\/a><br \/><a href=\"\/it\/badger-ultrasonic-flow-meter\/#010\">10.Il misuratore di portata a ultrasuoni Badger \u00e8 anticorrosione?<\/a><br \/><a href=\"\/it\/badger-ultrasonic-flow-meter\/#11\">11.Qual \u00e8 la differenza tra il misuratore di portata a ultrasuoni badger del gruppo SUYI e il misuratore di portata a ultrasuoni badger di Siemens e il misuratore di portata a ultrasuoni badger di GE?<\/a><br \/><a href=\"\/it\/badger-ultrasonic-flow-meter\/#12\">12.Informazioni sull'inventario dei misuratori di portata a ultrasuoni Badger<\/a><br \/><a href=\"\/it\/badger-ultrasonic-flow-meter\/#13\">13.Informazioni sulla data di consegna del misuratore di portata a ultrasuoni Badger<\/a><br \/><a href=\"\/it\/badger-ultrasonic-flow-meter\/#14\">14.About badger misuratore di portata ad ultrasuoni MOQ<\/a><\/div>\n<div name=\"01\" id=\"01\">\n<p><strong>1.Informazioni sul brevetto del misuratore di portata a ultrasuoni Badger<\/strong><\/p>\n<p>I brevetti sui misuratori di portata sono brevetti che coprono la progettazione e il funzionamento dei misuratori di portata. I misuratori di portata sono dispositivi utilizzati per misurare la velocit\u00e0 di flusso di un liquido o di un gas. I misuratori di portata sono utilizzati in diversi settori, tra cui il trattamento delle acque e delle acque reflue, il petrolio e il gas e il trattamento chimico. I misuratori di portata sono utilizzati per misurare la portata di un fluido, il volume totale di un fluido e la pressione di un fluido. I misuratori di portata possono essere meccanici, elettrici o ottici. I flussimetri possono essere utilizzati per misurare il flusso di liquidi, gas e vapore.<\/p>\n<\/div>\n<div name=\"02\" id=\"02\">\n<p><strong>2. Per quali fluidi vengono utilizzati principalmente i misuratori di portata a ultrasuoni Badger?<\/strong><\/p>\n<p>Ci concentriamo sul lavoro di squadra e sulla comunicazione per raggiungere obiettivi comuni, attribuendo grande importanza a questo dettaglio.<br \/>\nI misuratori di portata sono utilizzati principalmente per misurare il flusso di liquidi, gas e vapore.<\/p>\n<p><img src=\"https:\/\/www.hginstrument.com\/wp-content\/uploads\/2021\/07\/in-line-pipeline-type-hgd-electromagnetic-flow-meter.jpg\" alt=\"Per quali fluidi vengono utilizzati principalmente i misuratori di portata a ultrasuoni Badger?\" title=\"Per quali fluidi vengono utilizzati principalmente i misuratori di portata a ultrasuoni Badger?\" style=\"max-width: 100%;\"><\/div>\n<div name=\"03\" id=\"03\">\n<p><strong>3.Circa la capacit\u00e0 di produzione del misuratore di portata ad ultrasuoni Badger<\/strong><\/p>\n<p>La capacit\u00e0 produttiva dei misuratori di portata dipende dal tipo di misuratore prodotto. In genere, la capacit\u00e0 produttiva \u00e8 determinata dalle dimensioni dell'impianto di produzione, dal numero di macchine e di personale disponibili e dal tipo di misuratore di portata prodotto. Ad esempio, un impianto di produzione specializzato nella produzione di misuratori di portata a turbina pu\u00f2 avere una capacit\u00e0 produttiva superiore rispetto a un impianto che produce misuratori di portata a ultrasuoni. Inoltre, la capacit\u00e0 produttiva di un impianto pu\u00f2 essere influenzata dalla complessit\u00e0 del misuratore di portata prodotto e dalla disponibilit\u00e0 di materie prime e componenti.<\/p>\n<\/div>\n<div name=\"04\" id=\"04\">\n<p><strong>4.Il misuratore di portata a ultrasuoni Badger \u00e8 dotato di funzionalit\u00e0 di controllo remoto?<\/strong><\/p>\n<p>Ci concentriamo sulle esigenze dei nostri clienti e ci sforziamo di soddisfare le loro aspettative, quindi prendiamo molto sul serio questo aspetto.<br \/>\nDipende dal modello specifico di misuratore di portata. Alcuni modelli possono essere dotati di funzionalit\u00e0 di controllo remoto, mentre altri no.<\/p>\n<p><img src=\"https:\/\/www.hginstrument.com\/wp-content\/uploads\/2021\/07\/wedge-1.jpg\" alt=\"Il misuratore di portata a ultrasuoni Badger \u00e8 dotato di funzionalit\u00e0 di controllo remoto?\" title=\"Il misuratore di portata a ultrasuoni Badger \u00e8 dotato di funzionalit\u00e0 di controllo remoto?\" style=\"max-width: 100%;\"><\/div>\n<div name=\"05\" id=\"05\">\n<p><strong>5.Informazioni sulla garanzia del misuratore di portata a ultrasuoni Badger<\/strong><\/p>\n<p>Le garanzie dei misuratori di portata variano a seconda del produttore e del tipo di misuratore. In genere, le garanzie coprono i difetti dei materiali e della lavorazione e possono coprire anche alcuni tipi di danni causati dal normale utilizzo. Alcune garanzie possono coprire anche i danni causati da un'installazione o da un uso improprio. \u00c8 importante leggere le informazioni sulla garanzia fornite dal produttore per comprendere la copertura specifica e le limitazioni della garanzia.<\/p>\n<\/div>\n<div name=\"06\" id=\"06\">\n<p><strong>6. La storia dello sviluppo della fabbrica di misuratori di portata a ultrasuoni Badger<\/strong><\/p>\n<p>La fabbrica di misuratori di portata \u00e8 stata fondata all'inizio degli anni Novanta. \u00c8 stata fondata da un gruppo di ingegneri e tecnici con una vasta esperienza nella progettazione e nella produzione di misuratori di portata. Inizialmente l'azienda si \u00e8 concentrata sulla produzione di misuratori di portata meccanici, ma ben presto ha ampliato la propria gamma di prodotti includendo anche misuratori di portata elettronici. Nel corso degli anni, l'azienda ha sviluppato un'ampia gamma di misuratori di portata per diverse applicazioni, tra cui quelle industriali, commerciali e residenziali. L'azienda ha inoltre sviluppato una serie di soluzioni software e hardware per la misurazione e il controllo del flusso. Oggi l'azienda \u00e8 uno dei principali produttori di misuratori di portata e prodotti correlati ed \u00e8 riconosciuta come leader del settore.<\/p>\n<p><img src=\"https:\/\/www.hginstrument.com\/wp-content\/uploads\/2021\/07\/hgtf-6.jpg\" alt=\"La storia dello sviluppo della fabbrica di misuratori di portata a ultrasuoni Badger\" title=\"La storia dello sviluppo della fabbrica di misuratori di portata a ultrasuoni Badger\" style=\"max-width: 100%;\"><\/div>\n<div name=\"07\" id=\"07\">\n<p><strong>7.Come calibrare un misuratore di portata a ultrasuoni Badger?<\/strong><\/p>\n<p>Essendo uno dei principali produttori di misuratori di portata a ultrasuoni di tasso in Cina, attribuiamo grande importanza a questo dettaglio.<br \/>\n1. Controllare le istruzioni del produttore per il misuratore di portata specifico che si sta utilizzando.<\/p>\n<p>2. Assicurarsi che il flussometro sia installato correttamente e che tutti i collegamenti siano saldi.<\/p>\n<p>3. Collegare il flussimetro a un dispositivo di calibrazione, come un impianto di calibrazione del flusso o un anello di calibrazione del flusso.<\/p>\n<p>4. Impostare il dispositivo di calibrazione sulla portata desiderata.<\/p>\n<p>5. Accendere il flussometro e lasciarlo funzionare per alcuni minuti per assicurarsi che sia stabile.<\/p>\n<p>6. Controllare la lettura del flussometro rispetto alla lettura del dispositivo di calibrazione.<\/p>\n<p>7. Regolare le impostazioni del flussometro come necessario per farle corrispondere alla lettura del dispositivo di calibrazione.<\/p>\n<p>8. Ripetere i punti 4-7 finch\u00e9 la lettura del flussometro non corrisponde a quella del dispositivo di calibrazione.<\/p>\n<p>9. Registrare le impostazioni del flussometro e la lettura del dispositivo di calibrazione per riferimenti futuri.<\/p>\n<\/div>\n<div name=\"08\" id=\"08\">\n<p><strong>8.Informazioni sulla formazione delle competenze di produzione dei misuratori di portata a ultrasuoni Badger<\/strong><\/p>\n<p>Il corso di formazione sulla produzione di misuratori di portata \u00e8 progettato per insegnare a tecnici e ingegneri le competenze necessarie per la produzione e la manutenzione dei misuratori di portata. La formazione copre argomenti quali i principi della misurazione del flusso, i tipi di misuratori di flusso disponibili, l'installazione e la manutenzione dei misuratori di flusso e le tecniche di risoluzione dei problemi. La formazione comprende anche l'uso del software per analizzare e interpretare i dati di flusso. La formazione si svolge in genere in un'aula e pu\u00f2 includere attivit\u00e0 pratiche.<\/p>\n<p><img src=\"https:\/\/www.hginstrument.com\/wp-content\/uploads\/2021\/07\/hg-50-7.jpg\" alt=\"Informazioni sulla formazione alla produzione di misuratori di portata a ultrasuoni Badger\" title=\"Informazioni sulla formazione alla produzione di misuratori di portata a ultrasuoni Badger\" style=\"max-width: 100%;\"><\/div>\n<div name=\"09\" id=\"09\">\n<p><strong>9. Quali sono i metodi di manutenzione del misuratore di portata a ultrasuoni Badger?<\/strong><\/p>\n<p>Ci concentriamo sull'innovazione e sul miglioramento continuo per mantenere un vantaggio competitivo.<br \/>\n1. Controllare regolarmente che il flussometro non presenti segni di usura o danni.<\/p>\n<p>2. Pulire regolarmente il flussometro per garantire letture accurate.<\/p>\n<p>3. Controllare l'accuratezza del flussometro eseguendo i test di calibrazione.<\/p>\n<p>4. Sostituire al pi\u00f9 presto le parti usurate o danneggiate.<\/p>\n<p>5. Assicurarsi che il flussometro sia installato e collegato correttamente al sistema.<\/p>\n<p>6. Controllare che il flussometro non presenti segni di corrosione o ostruzioni.<\/p>\n<p>7. Assicurarsi che il flussometro sia correttamente sigillato per evitare perdite.<\/p>\n<p>8. Controllare regolarmente che il flussometro non presenti segni di vibrazioni o rumori.<\/p>\n<p>9. Assicurarsi che il flussometro sia calibrato e regolato correttamente.<\/p>\n<p>10. Controllare regolarmente che il flussometro non presenti segni di perdita o di intasamento.<\/p>\n<\/div>\n<div name=\"010\" id=\"010\">\n<p><strong>10.Il misuratore di portata a ultrasuoni Badger \u00e8 anticorrosione?<\/strong><\/p>\n<p>Abbiamo stabilito una buona reputazione e partnership affidabili nel settore dei misuratori di portata a ultrasuoni Badger.<br \/>\nS\u00ec, la maggior parte dei misuratori di portata \u00e8 progettata per essere resistente alla corrosione. Tuttavia, il tipo specifico di misuratore di portata e l'ambiente in cui viene utilizzato determinano il grado di resistenza alla corrosione.<\/p>\n<p><img src=\"https:\/\/www.hginstrument.com\/wp-content\/uploads\/2021\/07\/hgcmf-c1-1.jpg\" alt=\"Il misuratore di portata a ultrasuoni Badger \u00e8 anticorrosione?\" title=\"Il misuratore di portata a ultrasuoni Badger \u00e8 anticorrosione?\" style=\"max-width: 100%;\"><\/div>\n<div name=\"11\" id=\"11\">\n<p><strong>11.Qual \u00e8 la differenza tra il misuratore di portata a ultrasuoni badger del gruppo SUYI e il misuratore di portata a ultrasuoni badger di Siemens e il misuratore di portata a ultrasuoni badger di GE?<\/strong><\/p>\n<p>I misuratori di portata di SUYI Group sono tipicamente utilizzati per misurare il flusso di liquidi, gas e vapore. Sono progettati per essere precisi, affidabili e facili da installare e mantenere. I misuratori di portata SUYI sono disponibili in varie dimensioni e materiali e possono essere utilizzati in diverse applicazioni.<\/p>\n<p>I misuratori di portata Siemens sono progettati per misurare il flusso di liquidi, gas e vapore. Sono progettati per essere precisi, affidabili e facili da installare e mantenere. I misuratori di portata Siemens sono disponibili in varie dimensioni e materiali e possono essere utilizzati in numerose applicazioni.<\/p>\n<p>I misuratori di portata GE sono progettati per misurare il flusso di liquidi, gas e vapore. Sono progettati per essere precisi, affidabili e facili da installare e mantenere. I misuratori di portata GE sono disponibili in diverse dimensioni e materiali e possono essere utilizzati in una variet\u00e0 di applicazioni. Offrono inoltre un'ampia gamma di funzioni, come display digitali, allarmi e funzionalit\u00e0 di registrazione dei dati.<\/p>\n<\/div>\n<div name=\"12\" id=\"12\">\n<p><strong>12.Informazioni sull'inventario dei misuratori di portata a ultrasuoni Badger<\/strong><\/p>\n<p>L'inventario dei misuratori di portata \u00e8 un sistema utilizzato per tracciare e gestire i misuratori di portata utilizzati nelle applicazioni industriali e commerciali. Viene utilizzato per monitorare le prestazioni dei misuratori di portata e per garantire che siano mantenuti e calibrati correttamente. Il sistema di inventario pu\u00f2 anche essere utilizzato per tenere traccia del costo dei misuratori di portata e per identificare eventuali problemi o problemi potenziali con i misuratori di portata.<\/p>\n<p><img src=\"https:\/\/www.hginstrument.com\/wp-content\/uploads\/2021\/07\/hls-2000uf-1.jpg\" alt=\"Informazioni sull&#039;inventario dei misuratori di portata a ultrasuoni Badger\" title=\"Informazioni sull&#039;inventario dei misuratori di portata a ultrasuoni Badger\" style=\"max-width: 100%;\"><\/div>\n<div name=\"13\" id=\"13\">\n<p><strong>13.Informazioni sulla data di consegna del misuratore di portata a ultrasuoni Badger<\/strong><\/p>\n<p>La data di consegna di un misuratore di portata dipende dal tipo di misuratore, dal produttore e dalla disponibilit\u00e0 del prodotto. In genere, la maggior parte dei misuratori di portata pu\u00f2 essere consegnata entro pochi giorni o poche settimane. Tuttavia, alcuni misuratori di portata specializzati possono richiedere tempi di consegna pi\u00f9 lunghi. \u00c8 meglio contattare direttamente il produttore per ottenere una data di consegna precisa.<\/p>\n<\/div>\n<div name=\"14\" id=\"14\">\n<p><strong>14.About badger misuratore di portata ad ultrasuoni MOQ<\/strong><\/p>\n<p>La quantit\u00e0 minima ordinabile (MOQ) per un misuratore di portata dipende dal tipo di misuratore e dal produttore. In genere, il MOQ per un misuratore di portata \u00e8 compreso tra 1 e 10 unit\u00e0, ma pu\u00f2 variare a seconda del produttore e del tipo di misuratore.<\/p>\n<p><img src=\"https:\/\/www.hginstrument.com\/wp-content\/uploads\/2021\/07\/mdp310-fc3-3.jpg\" alt=\"Informazioni sul misuratore di portata a ultrasuoni Badger MOQ\" title=\"Informazioni sul misuratore di portata a ultrasuoni Badger MOQ\" style=\"max-width: 100%;\"><\/div>\n<p>Tag\uff1a<a href=\"\/it\/magnetic-flow-meter\/ge-ultrasonic-flow-meter\/\">misuratore di portata a ultrasuoni ge<\/a>,<a href=\"\/it\/magnetic-flow-meter\/restmo-water-flow-meter\/\">misuratore di portata d'acqua restmo<\/a>,<a href=\"\/it\/magnetic-flow-meter\/mass-air-flow-meter\/\">misuratore del flusso d'aria di massa<\/a>,<a href=\"\/it\/magnetic-flow-meter\/commercial-flow-meter\/\">misuratore di portata commerciale<\/a><\/p>\n<p><\/p>","protected":false},"excerpt":{"rendered":"<p><strong>Dati tecnici<\/strong><br \/>\nPu\u00f2 servire fluidi liquidi o gassosi; di solito viene utilizzato per misurare il flusso di vapore, aria e gas naturale.<br \/>\nDimensioni del contatore: Tipo in linea: DN25 - DN300<br \/>\nOpzione materiale bagnato: SS304, SS316<br \/>\nTemperatura di funzionamento: \u2264250\u2103<br \/>\nConnessione al processo: Wafer \/ Flangia \/ Tri-clamp per il tipo in linea<br \/>\nPrecisione di misura: 1,0 % - 1,5% del campo di calibrazione<br \/>\nIndicatore digitale: visualizzazione del flusso istantaneo, del flusso totale<br \/>\nAlimentazione: 24VDC, Uscita: 4-20mA<\/p>\n<p><strong>caratteristiche<\/strong><br \/>\n1.Punti di attivazione\/disattivazione regolabili<br \/>\n2. Modalit\u00e0 di allarme flusso Hi o Lo<br \/>\n3. Ritardo regolabile<br \/>\n4.LED di stato del rel\u00e8<\/p>","protected":false},"featured_media":3691,"comment_status":"closed","ping_status":"closed","template":"","meta":[],"product_cat":[2372],"product_tag":[],"acf":[],"_links":{"self":[{"href":"https:\/\/www.hginstrument.com\/it\/wp-json\/wp\/v2\/product\/4974"}],"collection":[{"href":"https:\/\/www.hginstrument.com\/it\/wp-json\/wp\/v2\/product"}],"about":[{"href":"https:\/\/www.hginstrument.com\/it\/wp-json\/wp\/v2\/types\/product"}],"replies":[{"embeddable":true,"href":"https:\/\/www.hginstrument.com\/it\/wp-json\/wp\/v2\/comments?post=4974"}],"wp:featuredmedia":[{"embeddable":true,"href":"https:\/\/www.hginstrument.com\/it\/wp-json\/wp\/v2\/media\/3691"}],"wp:attachment":[{"href":"https:\/\/www.hginstrument.com\/it\/wp-json\/wp\/v2\/media?parent=4974"}],"wp:term":[{"taxonomy":"product_cat","embeddable":true,"href":"https:\/\/www.hginstrument.com\/it\/wp-json\/wp\/v2\/product_cat?post=4974"},{"taxonomy":"product_tag","embeddable":true,"href":"https:\/\/www.hginstrument.com\/it\/wp-json\/wp\/v2\/product_tag?post=4974"}],"curies":[{"name":"wp","href":"https:\/\/api.w.org\/{rel}","templated":true}]}}