{"id":5006,"date":"2023-12-23T14:43:42","date_gmt":"2023-12-23T06:43:42","guid":{"rendered":"https:\/\/www.hginstrument.com\/?post_type=product&#038;p=5006"},"modified":"2024-01-10T08:50:47","modified_gmt":"2024-01-10T00:50:47","slug":"boat-fuel-flow-meter","status":"publish","type":"product","link":"https:\/\/www.hginstrument.com\/it\/magnetic-flow-meter\/boat-fuel-flow-meter\/","title":{"rendered":"boat fuel flow meter"},"content":{"rendered":"<p>This cutting-edge product combines accuracy, durability, and efficiency to provide the ultimate solution for all your boat fuel flow metering needs. Designed with advanced features and state-of-the-art materials, boat fuel flow meter guarantees precise and reliable flow measurements for a wide range of liquids. Its intuitive interface and compact design make it user-friendly and easy to install in any industrial or commercial setting.<\/p>\n<p>boat fuel flow meter is a precision instrument designed to measure the flow of liquid or gas in a pipe. It is an important tool in oil and gas, chemical, Cement and building material production, water treatment and many other industries.<\/p>\n<p>With its advanced technology and high accuracy, boat fuel flow meter offers users the ability to monitor and control the flow of their processes with precision and efficiency. With its durable construction, it can withstand harsh operating conditions and provide long-term reliability.<\/p>\n<table class=\"table table-bordered\">\n<tbody>\n<tr>\n<td><span style=\"vertical-align: inherit;\"><span style=\"vertical-align: inherit;\">Tipo: il tipo<\/span><\/span><\/td>\n<td><span style=\"vertical-align: inherit;\">boat fuel flow meter<\/span><\/td>\n<td><span style=\"vertical-align: inherit;\"><span style=\"vertical-align: inherit;\">Segnale d'uscita: segnale d'uscita<\/span><\/span><\/td>\n<td><span style=\"vertical-align: inherit;\"><span style=\"vertical-align: inherit;\">4-15mA, impulso\/frequenza 2kHz (default), 5KHz (max)<\/span><\/span><\/td>\n<\/tr>\n<tr>\n<td><span style=\"vertical-align: inherit;\"><span style=\"vertical-align: inherit;\">Luogo di origine: il luogo di origine<\/span><\/span><\/td>\n<td><span style=\"vertical-align: inherit;\"><span style=\"vertical-align: inherit;\">Jiangsu, Cina<\/span><\/span><\/td>\n<td><span style=\"vertical-align: inherit;\"><span style=\"vertical-align: inherit;\">Incorporare il tipo: il tipo<\/span><\/span><\/td>\n<td><span style=\"vertical-align: inherit;\"><span style=\"vertical-align: inherit;\">-10\u2103- +56\u2103<\/span><\/span><\/td>\n<\/tr>\n<tr>\n<td><span style=\"vertical-align: inherit;\"><span style=\"vertical-align: inherit;\">Garanzia: garanzia<\/span><\/span><\/td>\n<td><span style=\"vertical-align: inherit;\"><span style=\"vertical-align: inherit;\">14 mesi<\/span><\/span><\/td>\n<td><span style=\"vertical-align: inherit;\"><span style=\"vertical-align: inherit;\">Tensione di alimentazione: tensione di alimentazione<\/span><\/span><\/td>\n<td><span style=\"vertical-align: inherit;\"><span style=\"vertical-align: inherit;\">110\/220VAC (100-240VAC), 50Hz\/60Hz; 24VDC\u00b110%<\/span><\/span><\/td>\n<\/tr>\n<tr>\n<td><span style=\"vertical-align: inherit;\"><span style=\"vertical-align: inherit;\">Supporto personalizzato\uff1aSupporto personalizzato<\/span><\/span><\/td>\n<td><span style=\"vertical-align: inherit;\"><span style=\"vertical-align: inherit;\">OEM, ODM, OBM<\/span><\/span><\/td>\n<td><span style=\"vertical-align: inherit;\"><span style=\"vertical-align: inherit;\">Comunicazione digitale: comunicazione digitale<\/span><\/span><\/td>\n<td><span style=\"vertical-align: inherit;\"><span style=\"vertical-align: inherit;\">RS-485, supporto del protocollo standard Mudbugs-RTU; GPRS<\/span><\/span><\/td>\n<\/tr>\n<tr>\n<td><span style=\"vertical-align: inherit;\"><span style=\"vertical-align: inherit;\">Nome della marca: Nome della marca: Nome della marca: Nome della marca: Nome della marca: Nome della marca<\/span><\/span><\/td>\n<td><span style=\"vertical-align: inherit;\"><span style=\"vertical-align: inherit;\">GRUPPO SUYI<\/span><\/span><\/td>\n<td><span style=\"vertical-align: inherit;\"><span style=\"vertical-align: inherit;\">Pressione nominale: pressione nominale<\/span><\/span><\/td>\n<td><span style=\"vertical-align: inherit;\"><span style=\"vertical-align: inherit;\">1MPa (DN15-DN800), 1,6MPa (DN15-DN800), 2,5MPa (DN15-DN600)<\/span><\/span><\/td>\n<\/tr>\n<tr>\n<td><span style=\"vertical-align: inherit;\"><span style=\"vertical-align: inherit;\">Numero di modello: Numero di modello: Numero di modello: Numero di modello: Numero di modello: Numero di modello<\/span><\/span><\/td>\n<td><span style=\"vertical-align: inherit;\"><span style=\"vertical-align: inherit;\">altro<\/span><\/span><\/td>\n<td><span style=\"vertical-align: inherit;\"><span style=\"vertical-align: inherit;\">Sensore: sensore<\/span><\/span><\/td>\n<td><span style=\"vertical-align: inherit;\"><span style=\"vertical-align: inherit;\">0\u2103- +80\u2103 o -25\u2103- +120\u2103 o +70\u2103- +250\u2103<\/span><\/span><\/td>\n<\/tr>\n<tr>\n<td><span style=\"vertical-align: inherit;\"><span style=\"vertical-align: inherit;\">Nome del prodotto: Nome del prodotto: Nome del prodotto: Nome del prodotto: Nome del prodotto: Nome del prodotto<\/span><\/span><\/td>\n<td><span style=\"vertical-align: inherit;\"><span style=\"vertical-align: inherit;\">Misuratore di portata dell'acqua chimica digitale intelligente elettromagnetico<\/span><\/span><\/td>\n<td><span style=\"vertical-align: inherit;\"><span style=\"vertical-align: inherit;\">Dettagli dell'imballaggio:<\/span><\/span><\/td>\n<td><span style=\"vertical-align: inherit;\"><span style=\"vertical-align: inherit;\">1 set per confezione o come richiesto dal cliente<\/span><\/span><\/td>\n<\/tr>\n<tr>\n<td><span style=\"vertical-align: inherit;\"><span style=\"vertical-align: inherit;\">Diametro nominale: diametro nominale<\/span><\/span><\/td>\n<td><span style=\"vertical-align: inherit;\"><span style=\"vertical-align: inherit;\">3-2593mm<\/span><\/span><\/td>\n<td><span style=\"vertical-align: inherit;\"><span style=\"vertical-align: inherit;\">Capacit\u00e0 di approvvigionamento<\/span><\/span><\/td>\n<td><span style=\"vertical-align: inherit;\"><span style=\"vertical-align: inherit;\">1518 Set\/Sets per Month<\/span><\/span><\/td>\n<\/tr>\n<tr>\n<td><span style=\"vertical-align: inherit;\"><span style=\"vertical-align: inherit;\">gamma di velocit\u00e0: il campo di velocit\u00e0<\/span><\/span><\/td>\n<td><span style=\"vertical-align: inherit;\"><span style=\"vertical-align: inherit;\">0-6m\/s<\/span><\/span><\/td>\n<td><span style=\"vertical-align: inherit;\"><span style=\"vertical-align: inherit;\">Quantit\u00e0 (set)<\/span><\/span><\/td>\n<td><span style=\"vertical-align: inherit;\"><span style=\"vertical-align: inherit;\">&gt; 30<\/span><\/span><\/td>\n<\/tr>\n<tr>\n<td><span style=\"vertical-align: inherit;\"><span style=\"vertical-align: inherit;\">Grado di accuratezza: il grado di accuratezza<\/span><\/span><\/td>\n<td><span style=\"vertical-align: inherit;\"><span style=\"vertical-align: inherit;\">\u00b10,5%R, \u00b11%R ( &lt; DN20)<\/span><\/span><\/td>\n<td><span style=\"vertical-align: inherit;\"><span style=\"vertical-align: inherit;\">Tempi di consegna (giorni)<\/span><\/span><\/td>\n<td><span style=\"vertical-align: inherit;\"><span style=\"vertical-align: inherit;\">Da negoziare<\/span><\/span><\/td>\n<\/tr>\n<\/tbody>\n<\/table>\n<p>&nbsp;<\/p>\n<p>&nbsp;<\/p>\n<p style=\"text-align: center;\"><img title=\"boat fuel flow meter\" src=\"https:\/\/www.hginstrument.com\/wp-content\/uploads\/2021\/07\/in-line-pipeline-type-hgd-electromagnetic-flow-meter.jpg\" \/><\/p>\n<p>&nbsp;<\/p>\n<p>&nbsp;<\/p>\n<p style=\"text-align: center;\"><img title=\"boat fuel flow meter\" src=\"https:\/\/www.hginstrument.com\/wp-content\/uploads\/2021\/07\/insertion-01.jpg\" \/><\/p>\n<p>&nbsp;<\/p>\n<p>&nbsp;<\/p>\n<p style=\"text-align: center;\"><img title=\"boat fuel flow meter\" src=\"https:\/\/www.hginstrument.com\/wp-content\/uploads\/2021\/07\/sanitary-mag-1.jpg\" \/><\/p>\n<p><strong>boat fuel flow meter FAQs Guide.<\/strong><\/p>\n<p>At the heart of our boat fuel flow meter series lies a commitment to excellence, blending advanced sensor technology with user-friendly interfaces. From liquid to gas, our meters deliver unparalleled accuracy, empowering you to make informed decisions and streamline operations. As we usher in a new era of fluid measurement, we invite you to explore the limitless possibilities that our boat fuel flow meters unlock \u2013 where precision meets performance, and innovation flows seamlessly.<\/p>\n<div style=\"border: 3px solid #f89900; margin: 20px 0; padding: 20px;\"><a href=\"\/it\/boat-fuel-flow-meter\/#01\">1.About boat fuel flow meter delivery date<\/a><br \/>\n<a href=\"\/it\/boat-fuel-flow-meter\/#02\">2.How accurate is the boat fuel flow meter?<\/a><br \/>\n<a href=\"\/it\/boat-fuel-flow-meter\/#03\">3.About boat fuel flow meter origin<\/a><br \/>\n<a href=\"\/it\/boat-fuel-flow-meter\/#04\">4.About boat fuel flow meter payment method<\/a><br \/>\n<a href=\"\/it\/boat-fuel-flow-meter\/#05\">5.About boat fuel flow meter overseas warehouse<\/a><br \/>\n<a href=\"\/it\/boat-fuel-flow-meter\/#06\">6.Does the boat fuel flow meter have data storage capabilities?<\/a><br \/>\n<a href=\"\/it\/boat-fuel-flow-meter\/#07\">7.About boat fuel flow meter production capacity<\/a><br \/>\n<a href=\"\/it\/boat-fuel-flow-meter\/#08\">8.About boat fuel flow meter patent<\/a><br \/>\n<a href=\"\/it\/boat-fuel-flow-meter\/#09\">9.Does the boat fuel flow meter have multi-language display capabilities?<\/a><br \/>\n<a href=\"\/it\/boat-fuel-flow-meter\/#010\">10.About the development history of boat fuel flow meter factory<\/a><br \/>\n<a href=\"\/it\/boat-fuel-flow-meter\/#11\">11.What fluids are boat fuel flow meters mainly used for measuring?<\/a><br \/>\n<a href=\"\/it\/boat-fuel-flow-meter\/#12\">12.About boat fuel flow meter production management system<\/a><br \/>\n<a href=\"\/it\/boat-fuel-flow-meter\/#13\">13.About boat fuel flow meter customization services<\/a><br \/>\n<a href=\"\/it\/boat-fuel-flow-meter\/#14\">14.About the scale of boat fuel flow meter factory<\/a><br \/>\n<a href=\"\/it\/boat-fuel-flow-meter\/#15\">15.Does the boat fuel flow meter have a function to prevent misuse?<\/a><\/div>\n<div id=\"01\">\n<p><strong>1.About boat fuel flow meter delivery date<\/strong><\/p>\n<p>La data di consegna di un misuratore di portata dipende dal tipo di misuratore, dal produttore e dalla disponibilit\u00e0 del prodotto. In genere, la maggior parte dei misuratori di portata pu\u00f2 essere consegnata entro pochi giorni o poche settimane. Tuttavia, alcuni misuratori di portata specializzati possono richiedere tempi di consegna pi\u00f9 lunghi. \u00c8 meglio contattare direttamente il produttore per ottenere una data di consegna precisa.<\/p>\n<\/div>\n<div id=\"02\">\n<p><strong>2.How accurate is the boat fuel flow meter?<\/strong><\/p>\n<p>We are a professional boat fuel flow meter company dedicated to providing high quality products and services.<br \/>\nLa precisione di un misuratore di portata dipende dal tipo di misuratore utilizzato. In genere, la maggior parte dei misuratori di portata ha una precisione di 1-2% rispetto alla portata effettiva. Tuttavia, alcuni misuratori di portata possono essere pi\u00f9 precisi, a seconda del tipo e della qualit\u00e0 del misuratore.<\/p>\n<\/div>\n<div id=\"03\">\n<p><strong>3.About boat fuel flow meter origin<\/strong><\/p>\n<p>Il primo misuratore di portata fu inventato nel 1832 da un inglese di nome William Henry. Egli svilupp\u00f2 un dispositivo che utilizzava un galleggiante per misurare il flusso dell'acqua in un tubo. Questo dispositivo fu il primo del suo genere e fu il precursore dei moderni misuratori di portata. Da allora, i misuratori di portata sono stati utilizzati in diversi settori per misurare il flusso di liquidi, gas e altri materiali. Oggi i misuratori di portata sono utilizzati in una variet\u00e0 di applicazioni, dalla misurazione del flusso d'acqua in una tubatura alla misurazione del flusso di petrolio in una raffineria.<\/p>\n<\/div>\n<div id=\"04\">\n<p><strong>4.About boat fuel flow meter payment method<\/strong><\/p>\n<p>Il pagamento tramite contatore di flusso \u00e8 un metodo di pagamento che utilizza un contatore di flusso per misurare la quantit\u00e0 di energia utilizzata da un cliente. Il cliente paga l'energia utilizzata in base alla quantit\u00e0 di energia misurata dal contatore. Questo metodo di pagamento \u00e8 spesso utilizzato in ambienti commerciali e industriali, dove il consumo di energia \u00e8 elevato e deve essere monitorato con precisione. Il pagamento tramite contatore di flusso \u00e8 utilizzato anche in alcuni contesti residenziali, dove i clienti possono pagare per il loro utilizzo di energia in base alla quantit\u00e0 di energia che utilizzano.<\/p>\n<p><img style=\"max-width: 100%;\" title=\"About boat fuel flow meter payment method\" src=\"https:\/\/www.hginstrument.com\/wp-content\/uploads\/2021\/07\/oval-gear-4.jpg\" alt=\"About boat fuel flow meter payment method\" \/><\/p>\n<\/div>\n<div id=\"05\">\n<p><strong>5.About boat fuel flow meter overseas warehouse<\/strong><\/p>\n<p>I magazzini esteri di misuratori di portata sono magazzini situati in paesi stranieri che immagazzinano misuratori di portata e prodotti correlati. Questi magazzini sono utilizzati per immagazzinare e distribuire i misuratori di portata ai clienti in diversi Paesi. In genere sono situati in paesi che hanno una grande richiesta di misuratori di portata, come gli Stati Uniti, il Canada e l'Europa. I magazzini sono solitamente di propriet\u00e0 e gestiti dal produttore dei misuratori di portata o da un fornitore di logistica terzo. I magazzini sono in genere forniti di una variet\u00e0 di misuratori di portata, compresi quelli digitali, analogici e a ultrasuoni. Inoltre, in genere, conservano parti di ricambio e accessori per i misuratori di portata.<\/p>\n<\/div>\n<div id=\"06\">\n<p><strong>6.Does the boat fuel flow meter have data storage capabilities?<\/strong><\/p>\n<p>Ci concentriamo sull'innovazione e sul miglioramento continuo per mantenere un vantaggio competitivo.<br \/>\nDipende dal tipo di misuratore di portata. Alcuni misuratori di portata hanno capacit\u00e0 di memorizzazione dei dati, mentre altri non ne hanno.<\/p>\n<\/div>\n<div id=\"07\">\n<p><strong>7.About boat fuel flow meter production capacity<\/strong><\/p>\n<p>La capacit\u00e0 produttiva dei misuratori di portata dipende dal tipo di misuratore prodotto. In genere, la capacit\u00e0 produttiva \u00e8 determinata dalle dimensioni dell'impianto di produzione, dal numero di macchine e di personale disponibili e dal tipo di misuratore di portata prodotto. Ad esempio, un impianto di produzione specializzato nella produzione di misuratori di portata a turbina pu\u00f2 avere una capacit\u00e0 produttiva superiore rispetto a un impianto che produce misuratori di portata a ultrasuoni. Inoltre, la capacit\u00e0 produttiva di un impianto pu\u00f2 essere influenzata dalla complessit\u00e0 del misuratore di portata prodotto e dalla disponibilit\u00e0 di materie prime e componenti.<\/p>\n<\/div>\n<div id=\"08\">\n<p><strong>8.About boat fuel flow meter patent<\/strong><\/p>\n<p>I brevetti sui misuratori di portata sono brevetti che coprono la progettazione e il funzionamento dei misuratori di portata. I misuratori di portata sono dispositivi utilizzati per misurare la velocit\u00e0 di flusso di un liquido o di un gas. I misuratori di portata sono utilizzati in diversi settori, tra cui il trattamento delle acque e delle acque reflue, il petrolio e il gas e il trattamento chimico. I misuratori di portata sono utilizzati per misurare la portata di un fluido, il volume totale di un fluido e la pressione di un fluido. I misuratori di portata possono essere meccanici, elettrici o ottici. I flussimetri possono essere utilizzati per misurare il flusso di liquidi, gas e vapore.<\/p>\n<p><img style=\"max-width: 100%;\" title=\"About boat fuel flow meter patent\" src=\"https:\/\/www.hginstrument.com\/wp-content\/uploads\/2021\/07\/hgdu600-p-1.jpg\" alt=\"About boat fuel flow meter patent\" \/><\/p>\n<\/div>\n<div id=\"09\">\n<p><strong>9.Does the boat fuel flow meter have multi-language display capabilities?<\/strong><\/p>\n<p>As one of the top boat fuel flow meter manufacturers in China, we take this very seriously.<br \/>\nS\u00ec, alcuni misuratori di portata sono dotati di funzionalit\u00e0 di visualizzazione multilingue. Tuttavia, questa funzione non \u00e8 disponibile su tutti i modelli. \u00c8 meglio verificare con il produttore se il modello specifico a cui si \u00e8 interessati \u00e8 dotato di questa funzione.<\/p>\n<\/div>\n<div id=\"010\">\n<p><strong>10.About the development history of boat fuel flow meter factory<\/strong><\/p>\n<p>La fabbrica di misuratori di portata \u00e8 stata fondata all'inizio degli anni Novanta. \u00c8 stata fondata da un gruppo di ingegneri e tecnici con una vasta esperienza nella progettazione e nella produzione di misuratori di portata. Inizialmente l'azienda si \u00e8 concentrata sulla produzione di misuratori di portata meccanici, ma ben presto ha ampliato la propria gamma di prodotti includendo anche misuratori di portata elettronici. Nel corso degli anni, l'azienda ha sviluppato un'ampia gamma di misuratori di portata per diverse applicazioni, tra cui quelle industriali, commerciali e residenziali. L'azienda ha inoltre sviluppato una serie di soluzioni software e hardware per la misurazione e il controllo del flusso. Oggi l'azienda \u00e8 uno dei principali produttori di misuratori di portata e prodotti correlati ed \u00e8 riconosciuta come leader del settore.<\/p>\n<\/div>\n<div id=\"11\">\n<p><strong>11.What fluids are boat fuel flow meters mainly used for measuring?<\/strong><\/p>\n<p>Ci concentriamo sul lavoro di squadra e sulla comunicazione per raggiungere obiettivi comuni, attribuendo grande importanza a questo dettaglio.<br \/>\nI misuratori di portata sono utilizzati principalmente per misurare il flusso di liquidi, gas e vapore.<\/p>\n<\/div>\n<div id=\"12\">\n<p><strong>12.About boat fuel flow meter production management system<\/strong><\/p>\n<p>Un sistema di gestione della produzione di misuratori di portata \u00e8 una soluzione software progettata per aiutare i produttori a gestire la produzione di misuratori di portata. Il sistema pu\u00f2 essere utilizzato per seguire il processo di produzione dall'inizio alla fine, compreso l'ordine delle materie prime, l'assemblaggio dei componenti e il collaudo e la calibrazione del prodotto finito. Il sistema pu\u00f2 anche essere utilizzato per monitorare la qualit\u00e0 del processo di produzione, assicurando che i misuratori di portata soddisfino gli standard richiesti. Inoltre, il sistema pu\u00f2 essere utilizzato per generare rapporti e analizzare i dati per aiutare i produttori a migliorare i loro processi produttivi.<\/p>\n<p><img style=\"max-width: 100%;\" title=\"About boat fuel flow meter production management system\" src=\"https:\/\/www.hginstrument.com\/wp-content\/uploads\/2021\/07\/in-line-pipeline-type-hgd-electromagnetic-flow-meter.jpg\" alt=\"About boat fuel flow meter production management system\" \/><\/p>\n<\/div>\n<div id=\"13\">\n<p><strong>13.About boat fuel flow meter customization services<\/strong><\/p>\n<p>I servizi di personalizzazione dei misuratori di portata sono progettati per fornire ai clienti una soluzione su misura per le loro specifiche esigenze di misurazione del flusso. Questi servizi possono includere la personalizzazione del misuratore di portata per adattarlo a una particolare applicazione, come una specifica dimensione del tubo o portata, o per soddisfare un determinato requisito di precisione. I servizi di personalizzazione possono anche comprendere la modifica del misuratore di portata per includere caratteristiche aggiuntive, come un display o funzionalit\u00e0 di registrazione dei dati. I servizi di personalizzazione dei misuratori di portata possono includere anche l'installazione del misuratore di portata, nonch\u00e9 la fornitura di assistenza tecnica e manutenzione.<\/p>\n<\/div>\n<div id=\"14\">\n<p><strong>14.About the scale of boat fuel flow meter factory<\/strong><\/p>\n<p>Le fabbriche di misuratori di portata variano per dimensioni e portata, a seconda del tipo di misuratori di portata che producono. Alcune fabbriche possono essere specializzate nella produzione di un singolo tipo di misuratore di portata, mentre altre possono produrne una variet\u00e0 di tipi diversi. Alcune fabbriche possono essere grandi, con centinaia di dipendenti, mentre altre possono essere piccole, con pochi dipendenti. Le dimensioni della fabbrica dipendono anche dal tipo di misuratori di portata che produce e dalla domanda di tali misuratori.<\/p>\n<\/div>\n<div id=\"15\">\n<p><strong>15.Does the boat fuel flow meter have a function to prevent misuse?<\/strong><\/p>\n<p>As one of the boat fuel flow meter market leaders, we are known for innovation and reliability.<br \/>\nLa maggior parte dei misuratori di portata non ha una funzione di prevenzione dell'uso improprio, ma alcuni modelli possono avere caratteristiche che aiutano a ridurre il rischio di uso improprio. Ad esempio, alcuni misuratori di portata possono avere una funzione di blocco che impedisce agli utenti non autorizzati di modificare le impostazioni o di accedere ai dati. Inoltre, alcuni misuratori di portata possono avere una funzione di protezione con password che richiede all'utente di inserire una password prima di poter accedere ai dati o alle impostazioni.<\/p>\n<\/div>\n<p>&nbsp;<\/p>\n<p>Tag\uff1a<a href=\"\/it\/magnetic-flow-meter\/laser-doppler-flow-meter\/\">misuratore di portata laser doppler<\/a>,<a href=\"\/it\/magnetic-flow-meter\/stream-flow-meter\/\">misuratore di portata del torrente<\/a>,<a href=\"\/it\/magnetic-flow-meter\/fuel-flow-meter-boat\/\">fuel flow meter boat<\/a>,<a href=\"\/it\/magnetic-flow-meter\/inline-water-flow-meter\/\">misuratore di portata d'acqua in linea<\/a><\/p>\n<p>&nbsp;<\/p>","protected":false},"excerpt":{"rendered":"<p><strong>Dati tecnici<\/strong><br \/>\nPu\u00f2 servire fluidi liquidi o gassosi; di solito viene utilizzato per misurare il flusso di vapore, aria e gas naturale.<br \/>\nDimensioni del contatore: Tipo in linea: DN25 - DN300<br \/>\nOpzione materiale bagnato: SS304, SS316<br \/>\nTemperatura di funzionamento: \u2264250\u2103<br \/>\nConnessione al processo: Wafer \/ Flangia \/ Tri-clamp per il tipo in linea<br \/>\nPrecisione di misura: 1,0 % - 1,5% del campo di calibrazione<br \/>\nIndicatore digitale: visualizzazione del flusso istantaneo, del flusso totale<br \/>\nAlimentazione: 24VDC, Uscita: 4-20mA<\/p>\n<p><strong>caratteristiche<\/strong><br \/>\n1.Punti di attivazione\/disattivazione regolabili<br \/>\n2. Modalit\u00e0 di allarme flusso Hi o Lo<br \/>\n3. Ritardo regolabile<br \/>\n4.LED di stato del rel\u00e8<\/p>","protected":false},"featured_media":3691,"comment_status":"closed","ping_status":"closed","template":"","meta":[],"product_cat":[2372],"product_tag":[],"acf":[],"_links":{"self":[{"href":"https:\/\/www.hginstrument.com\/it\/wp-json\/wp\/v2\/product\/5006"}],"collection":[{"href":"https:\/\/www.hginstrument.com\/it\/wp-json\/wp\/v2\/product"}],"about":[{"href":"https:\/\/www.hginstrument.com\/it\/wp-json\/wp\/v2\/types\/product"}],"replies":[{"embeddable":true,"href":"https:\/\/www.hginstrument.com\/it\/wp-json\/wp\/v2\/comments?post=5006"}],"wp:featuredmedia":[{"embeddable":true,"href":"https:\/\/www.hginstrument.com\/it\/wp-json\/wp\/v2\/media\/3691"}],"wp:attachment":[{"href":"https:\/\/www.hginstrument.com\/it\/wp-json\/wp\/v2\/media?parent=5006"}],"wp:term":[{"taxonomy":"product_cat","embeddable":true,"href":"https:\/\/www.hginstrument.com\/it\/wp-json\/wp\/v2\/product_cat?post=5006"},{"taxonomy":"product_tag","embeddable":true,"href":"https:\/\/www.hginstrument.com\/it\/wp-json\/wp\/v2\/product_tag?post=5006"}],"curies":[{"name":"wp","href":"https:\/\/api.w.org\/{rel}","templated":true}]}}